{"id":252309,"date":"2026-03-15T00:55:16","date_gmt":"2026-03-14T23:55:16","guid":{"rendered":"https:\/\/schweizversand.ch\/produkt\/spielba-puzzle-schweiz-7-teilig-mit-griffli\/"},"modified":"2026-04-19T15:35:10","modified_gmt":"2026-04-19T13:35:10","slug":"spielba-puzzle-schweiz-7-teilig-mit-griffli","status":"publish","type":"product","link":"https:\/\/schweizversand.ch\/fr\/produkt\/spielba-puzzle-schweiz-7-teilig-mit-griffli\/","title":{"rendered":"Puzzle \u00ab Suisse \u00bb 7 pi\u00e8ces avec poign\u00e9es"},"content":{"rendered":"<h1><strong>Puzzle \u00e0 encastrer pour tout-petits \u2013 Puzzle en bois avec 7 figurines \u00e0 poign\u00e9es<\/strong><\/h1>\n<div>Ce puzzle \u00e0 encastrer de haute qualit\u00e9 est id\u00e9al pour initier les tout-petits au monde des puzzles et de l&rsquo;apprentissage. Il allie exploration ludique et soutien efficace au d\u00e9veloppement de la petite enfance et est sp\u00e9cialement con\u00e7u pour les petites mains.<\/p>\n<\/div>\n<div><strong>Apprendre les formes et la motricit\u00e9 fine par le jeu<\/strong><br \/>Ce puzzle se compose de 7 figurines diff\u00e9rentes qui encouragent les enfants \u00e0 reconna\u00eetre et \u00e0 associer les formes. Jouet de motricit\u00e9 polyvalent pour les enfants \u00e0 partir de 1 an, il favorise particuli\u00e8rement la motricit\u00e9 fine et le raisonnement spatial. Votre enfant apprend comment les pi\u00e8ces s&#8217;embo\u00eetent, ce qui est essentiel \u00e0 son d\u00e9veloppement cognitif.<\/p>\n<\/div>\n<div><strong>Conception ergonomique pour les petites mains<\/strong><br \/>Chaque figurine est un puzzle en bois pratique avec une poign\u00e9e. Ces poign\u00e9es permettent m\u00eame aux plus jeunes enfants de d\u00e9mouler et de remettre facilement les pi\u00e8ces. Ce jouet favorise l&rsquo;autonomie et am\u00e9liore la coordination \u0153il-main de fa\u00e7on ludique. Id\u00e9al d\u00e8s 18 mois, ce moule est parfait comme premier puzzle pour les enfants de 18 mois et plus. Il offre un jeu s\u00fbr et durable, garantissant des heures de plaisir. Les couleurs vives et les formes claires captivent l&rsquo;attention de votre enfant et rendent l&rsquo;apprentissage amusant.<\/p>\n<\/div>\n<div><strong>Caract\u00e9ristiques du produit<\/strong><br \/>&#8211; Nombre de pi\u00e8ces\u00a0: 7 formes diff\u00e9rentes<br \/>&#8211; Mat\u00e9riau\u00a0: Bois robuste de haute qualit\u00e9<br \/>&#8211; Bienfaits pour le d\u00e9veloppement\u00a0: Motricit\u00e9 fine, reconnaissance des formes, coordination \u0153il-main<strong>Jouet<\/strong><br \/>&#8211; \u00c2ge recommand\u00e9\u00a0: Id\u00e9al d\u00e8s 18 mois<br \/><\/strong><\/div>\n<div>Investissez dans ce jouet \u00e9ducatif qui pr\u00e9pare au mieux votre enfant aux prochaines \u00e9tapes de son apprentissage et lui offre des heures de divertissement en toute s\u00e9curit\u00e9.<\/p>\n<\/div>\n<div><\/div>\n","protected":false},"excerpt":{"rendered":"<p>Puzzle \u00e0 encastrer pour tout-petits \u2013 Puzzle en bois avec 7 figurines \u00e0 poign\u00e9es Ce puzzle \u00e0 encastrer de haute qualit\u00e9 est id\u00e9al pour initier les tout-petits au monde des puzzles et de l&rsquo;apprentissage. Il allie exploration ludique et soutien efficace au d\u00e9veloppement de la petite enfance et est sp\u00e9cialement con\u00e7u pour les petites mains. Apprendre les formes et la motricit\u00e9 fine par le jeuCe puzzle se compose de 7 figurines diff\u00e9rentes qui encouragent les&hellip;<\/p>\n","protected":false},"featured_media":160172,"comment_status":"open","ping_status":"closed","template":"","meta":[],"product_brand":[],"product_cat":[38734],"product_tag":[],"class_list":{"0":"post-252309","1":"product","2":"type-product","3":"status-publish","4":"has-post-thumbnail","6":"product_cat-puzzle","7":"product_shipping_class-global_methods","9":"first","10":"instock","11":"taxable","12":"shipping-taxable","13":"purchasable","14":"product-type-simple"},"yoast_head":"<!-- This site is optimized with the Yoast SEO plugin v27.4 - https:\/\/yoast.com\/product\/yoast-seo-wordpress\/ -->\n<title>Spielba Puzzle &quot;Schweiz&quot; 7-teilig mit Griffli | Jetzt kaufen | Schweizversand.ch<\/title>\n<meta name=\"description\" content=\"Spielba Puzzle &quot;Schweiz&quot; 7-teilig mit Griffli g\u00fcnstig kaufen bei Schweizversand.ch. Schnelle Lieferung in der Schweiz. Gratisversand ab CHF 50.\" \/>\n<meta name=\"robots\" content=\"index, follow, max-snippet:-1, max-image-preview:large, max-video-preview:-1\" \/>\n<link rel=\"canonical\" href=\"https:\/\/schweizversand.ch\/fr\/produkt\/spielba-puzzle-schweiz-7-teilig-mit-griffli\/\" \/>\n<meta property=\"og:locale\" content=\"fr_FR\" \/>\n<meta property=\"og:type\" content=\"article\" \/>\n<meta property=\"og:title\" content=\"Spielba Puzzle &quot;Schweiz&quot; 7-teilig mit Griffli | Jetzt kaufen | Schweizversand.ch\" \/>\n<meta property=\"og:description\" content=\"Spielba Puzzle &quot;Schweiz&quot; 7-teilig mit Griffli g\u00fcnstig kaufen bei Schweizversand.ch. Schnelle Lieferung in der Schweiz. Gratisversand ab CHF 50.\" \/>\n<meta property=\"og:url\" content=\"https:\/\/schweizversand.ch\/fr\/produkt\/spielba-puzzle-schweiz-7-teilig-mit-griffli\/\" \/>\n<meta property=\"og:site_name\" content=\"Schweizer Shop f\u00fcr Sport, Spiel und Freizeit\" \/>\n<meta property=\"article:publisher\" content=\"https:\/\/www.facebook.com\/Schweizversand\" \/>\n<meta property=\"article:modified_time\" content=\"2026-04-19T13:35:10+00:00\" \/>\n<meta property=\"og:image\" content=\"https:\/\/schweizversand.ch\/wp-content\/uploads\/2026\/02\/5471827989.jpg\" \/>\n\t<meta property=\"og:image:width\" content=\"1024\" \/>\n\t<meta property=\"og:image:height\" content=\"756\" \/>\n\t<meta property=\"og:image:type\" content=\"image\/jpeg\" \/>\n<meta name=\"twitter:card\" content=\"summary_large_image\" \/>\n<meta name=\"twitter:label1\" content=\"Dur\u00e9e de lecture estim\u00e9e\" \/>\n\t<meta name=\"twitter:data1\" content=\"1 minute\" \/>\n<script type=\"application\/ld+json\" class=\"yoast-schema-graph\">{\"@context\":\"https:\\\/\\\/schema.org\",\"@graph\":[{\"@type\":\"WebPage\",\"@id\":\"https:\\\/\\\/schweizversand.ch\\\/fr\\\/produkt\\\/spielba-puzzle-schweiz-7-teilig-mit-griffli\\\/\",\"url\":\"https:\\\/\\\/schweizversand.ch\\\/fr\\\/produkt\\\/spielba-puzzle-schweiz-7-teilig-mit-griffli\\\/\",\"name\":\"Spielba Puzzle \\\"Schweiz\\\" 7-teilig mit Griffli | Jetzt kaufen | Schweizversand.ch\",\"isPartOf\":{\"@id\":\"https:\\\/\\\/schweizversand.ch\\\/fr\\\/#website\"},\"primaryImageOfPage\":{\"@id\":\"https:\\\/\\\/schweizversand.ch\\\/fr\\\/produkt\\\/spielba-puzzle-schweiz-7-teilig-mit-griffli\\\/#primaryimage\"},\"image\":{\"@id\":\"https:\\\/\\\/schweizversand.ch\\\/fr\\\/produkt\\\/spielba-puzzle-schweiz-7-teilig-mit-griffli\\\/#primaryimage\"},\"thumbnailUrl\":\"https:\\\/\\\/schweizversand.ch\\\/wp-content\\\/uploads\\\/2026\\\/02\\\/5471827989.jpg\",\"datePublished\":\"2026-03-14T23:55:16+00:00\",\"dateModified\":\"2026-04-19T13:35:10+00:00\",\"description\":\"Spielba Puzzle \\\"Schweiz\\\" 7-teilig mit Griffli g\u00fcnstig kaufen bei Schweizversand.ch. Schnelle Lieferung in der Schweiz. Gratisversand ab CHF 50.\",\"breadcrumb\":{\"@id\":\"https:\\\/\\\/schweizversand.ch\\\/fr\\\/produkt\\\/spielba-puzzle-schweiz-7-teilig-mit-griffli\\\/#breadcrumb\"},\"inLanguage\":\"fr-FR\",\"potentialAction\":[{\"@type\":\"ReadAction\",\"target\":[\"https:\\\/\\\/schweizversand.ch\\\/fr\\\/produkt\\\/spielba-puzzle-schweiz-7-teilig-mit-griffli\\\/\"]}]},{\"@type\":\"ImageObject\",\"inLanguage\":\"fr-FR\",\"@id\":\"https:\\\/\\\/schweizversand.ch\\\/fr\\\/produkt\\\/spielba-puzzle-schweiz-7-teilig-mit-griffli\\\/#primaryimage\",\"url\":\"https:\\\/\\\/schweizversand.ch\\\/wp-content\\\/uploads\\\/2026\\\/02\\\/5471827989.jpg\",\"contentUrl\":\"https:\\\/\\\/schweizversand.ch\\\/wp-content\\\/uploads\\\/2026\\\/02\\\/5471827989.jpg\",\"width\":1024,\"height\":756},{\"@type\":\"BreadcrumbList\",\"@id\":\"https:\\\/\\\/schweizversand.ch\\\/fr\\\/produkt\\\/spielba-puzzle-schweiz-7-teilig-mit-griffli\\\/#breadcrumb\",\"itemListElement\":[{\"@type\":\"ListItem\",\"position\":1,\"name\":\"Startseite\",\"item\":\"https:\\\/\\\/schweizversand.ch\\\/fr\\\/home\\\/\"},{\"@type\":\"ListItem\",\"position\":2,\"name\":\"Boutique\",\"item\":\"https:\\\/\\\/schweizversand.ch\\\/fr\\\/boutique\\\/\"},{\"@type\":\"ListItem\",\"position\":3,\"name\":\"Jouets et jeux\",\"item\":\"https:\\\/\\\/schweizversand.ch\\\/fr\\\/produkt-kategorie\\\/jouets-et-jeux\\\/\"},{\"@type\":\"ListItem\",\"position\":4,\"name\":\"Jeux et puzzles\",\"item\":\"https:\\\/\\\/schweizversand.ch\\\/fr\\\/produkt-kategorie\\\/jouets-et-jeux\\\/jeux-et-puzzles\\\/\"},{\"@type\":\"ListItem\",\"position\":5,\"name\":\"Puzzles\",\"item\":\"https:\\\/\\\/schweizversand.ch\\\/fr\\\/produkt-kategorie\\\/puzzle\\\/\"},{\"@type\":\"ListItem\",\"position\":6,\"name\":\"Puzzle \u00ab Suisse \u00bb 7 pi\u00e8ces avec poign\u00e9es\"}]},{\"@type\":\"WebSite\",\"@id\":\"https:\\\/\\\/schweizversand.ch\\\/fr\\\/#website\",\"url\":\"https:\\\/\\\/schweizversand.ch\\\/fr\\\/\",\"name\":\"Schweizer Shop f\u00fcr Sport, Spiel und Freizeit\",\"description\":\"Gratisversand ab 50.- (netto), ab eigenem schweizer Lager, Lieferung innert 48h\",\"publisher\":{\"@id\":\"https:\\\/\\\/schweizversand.ch\\\/fr\\\/#organization\"},\"alternateName\":\"Schweizversand.ch\",\"potentialAction\":[{\"@type\":\"SearchAction\",\"target\":{\"@type\":\"EntryPoint\",\"urlTemplate\":\"https:\\\/\\\/schweizversand.ch\\\/fr\\\/?s={search_term_string}\"},\"query-input\":{\"@type\":\"PropertyValueSpecification\",\"valueRequired\":true,\"valueName\":\"search_term_string\"}}],\"inLanguage\":\"fr-FR\"},{\"@type\":\"Organization\",\"@id\":\"https:\\\/\\\/schweizversand.ch\\\/fr\\\/#organization\",\"name\":\"Schweizversand.ch\",\"url\":\"https:\\\/\\\/schweizversand.ch\\\/fr\\\/\",\"logo\":{\"@type\":\"ImageObject\",\"inLanguage\":\"fr-FR\",\"@id\":\"https:\\\/\\\/schweizversand.ch\\\/fr\\\/#\\\/schema\\\/logo\\\/image\\\/\",\"url\":\"https:\\\/\\\/schweizversand.ch\\\/wp-content\\\/uploads\\\/2026\\\/03\\\/Logo_Rund_Final-1.png\",\"contentUrl\":\"https:\\\/\\\/schweizversand.ch\\\/wp-content\\\/uploads\\\/2026\\\/03\\\/Logo_Rund_Final-1.png\",\"width\":404,\"height\":404,\"caption\":\"Schweizversand.ch\"},\"image\":{\"@id\":\"https:\\\/\\\/schweizversand.ch\\\/fr\\\/#\\\/schema\\\/logo\\\/image\\\/\"},\"sameAs\":[\"https:\\\/\\\/www.facebook.com\\\/Schweizversand\",\"https:\\\/\\\/www.instagram.com\\\/schweizversand.ch\\\/\"]}]}<\/script>\n<!-- \/ Yoast SEO plugin. -->","yoast_head_json":{"title":"Spielba Puzzle \"Schweiz\" 7-teilig mit Griffli | Jetzt kaufen | Schweizversand.ch","description":"Spielba Puzzle \"Schweiz\" 7-teilig mit Griffli g\u00fcnstig kaufen bei Schweizversand.ch. Schnelle Lieferung in der Schweiz. Gratisversand ab CHF 50.","robots":{"index":"index","follow":"follow","max-snippet":"max-snippet:-1","max-image-preview":"max-image-preview:large","max-video-preview":"max-video-preview:-1"},"canonical":"https:\/\/schweizversand.ch\/fr\/produkt\/spielba-puzzle-schweiz-7-teilig-mit-griffli\/","og_locale":"fr_FR","og_type":"article","og_title":"Spielba Puzzle \"Schweiz\" 7-teilig mit Griffli | Jetzt kaufen | Schweizversand.ch","og_description":"Spielba Puzzle \"Schweiz\" 7-teilig mit Griffli g\u00fcnstig kaufen bei Schweizversand.ch. Schnelle Lieferung in der Schweiz. Gratisversand ab CHF 50.","og_url":"https:\/\/schweizversand.ch\/fr\/produkt\/spielba-puzzle-schweiz-7-teilig-mit-griffli\/","og_site_name":"Schweizer Shop f\u00fcr Sport, Spiel und Freizeit","article_publisher":"https:\/\/www.facebook.com\/Schweizversand","article_modified_time":"2026-04-19T13:35:10+00:00","og_image":[{"width":1024,"height":756,"url":"https:\/\/schweizversand.ch\/wp-content\/uploads\/2026\/02\/5471827989.jpg","type":"image\/jpeg"}],"twitter_card":"summary_large_image","twitter_misc":{"Dur\u00e9e de lecture estim\u00e9e":"1 minute"},"schema":{"@context":"https:\/\/schema.org","@graph":[{"@type":"WebPage","@id":"https:\/\/schweizversand.ch\/fr\/produkt\/spielba-puzzle-schweiz-7-teilig-mit-griffli\/","url":"https:\/\/schweizversand.ch\/fr\/produkt\/spielba-puzzle-schweiz-7-teilig-mit-griffli\/","name":"Spielba Puzzle \"Schweiz\" 7-teilig mit Griffli | Jetzt kaufen | Schweizversand.ch","isPartOf":{"@id":"https:\/\/schweizversand.ch\/fr\/#website"},"primaryImageOfPage":{"@id":"https:\/\/schweizversand.ch\/fr\/produkt\/spielba-puzzle-schweiz-7-teilig-mit-griffli\/#primaryimage"},"image":{"@id":"https:\/\/schweizversand.ch\/fr\/produkt\/spielba-puzzle-schweiz-7-teilig-mit-griffli\/#primaryimage"},"thumbnailUrl":"https:\/\/schweizversand.ch\/wp-content\/uploads\/2026\/02\/5471827989.jpg","datePublished":"2026-03-14T23:55:16+00:00","dateModified":"2026-04-19T13:35:10+00:00","description":"Spielba Puzzle \"Schweiz\" 7-teilig mit Griffli g\u00fcnstig kaufen bei Schweizversand.ch. Schnelle Lieferung in der Schweiz. Gratisversand ab CHF 50.","breadcrumb":{"@id":"https:\/\/schweizversand.ch\/fr\/produkt\/spielba-puzzle-schweiz-7-teilig-mit-griffli\/#breadcrumb"},"inLanguage":"fr-FR","potentialAction":[{"@type":"ReadAction","target":["https:\/\/schweizversand.ch\/fr\/produkt\/spielba-puzzle-schweiz-7-teilig-mit-griffli\/"]}]},{"@type":"ImageObject","inLanguage":"fr-FR","@id":"https:\/\/schweizversand.ch\/fr\/produkt\/spielba-puzzle-schweiz-7-teilig-mit-griffli\/#primaryimage","url":"https:\/\/schweizversand.ch\/wp-content\/uploads\/2026\/02\/5471827989.jpg","contentUrl":"https:\/\/schweizversand.ch\/wp-content\/uploads\/2026\/02\/5471827989.jpg","width":1024,"height":756},{"@type":"BreadcrumbList","@id":"https:\/\/schweizversand.ch\/fr\/produkt\/spielba-puzzle-schweiz-7-teilig-mit-griffli\/#breadcrumb","itemListElement":[{"@type":"ListItem","position":1,"name":"Startseite","item":"https:\/\/schweizversand.ch\/fr\/home\/"},{"@type":"ListItem","position":2,"name":"Boutique","item":"https:\/\/schweizversand.ch\/fr\/boutique\/"},{"@type":"ListItem","position":3,"name":"Jouets et jeux","item":"https:\/\/schweizversand.ch\/fr\/produkt-kategorie\/jouets-et-jeux\/"},{"@type":"ListItem","position":4,"name":"Jeux et puzzles","item":"https:\/\/schweizversand.ch\/fr\/produkt-kategorie\/jouets-et-jeux\/jeux-et-puzzles\/"},{"@type":"ListItem","position":5,"name":"Puzzles","item":"https:\/\/schweizversand.ch\/fr\/produkt-kategorie\/puzzle\/"},{"@type":"ListItem","position":6,"name":"Puzzle \u00ab Suisse \u00bb 7 pi\u00e8ces avec poign\u00e9es"}]},{"@type":"WebSite","@id":"https:\/\/schweizversand.ch\/fr\/#website","url":"https:\/\/schweizversand.ch\/fr\/","name":"Schweizer Shop f\u00fcr Sport, Spiel und Freizeit","description":"Gratisversand ab 50.- (netto), ab eigenem schweizer Lager, Lieferung innert 48h","publisher":{"@id":"https:\/\/schweizversand.ch\/fr\/#organization"},"alternateName":"Schweizversand.ch","potentialAction":[{"@type":"SearchAction","target":{"@type":"EntryPoint","urlTemplate":"https:\/\/schweizversand.ch\/fr\/?s={search_term_string}"},"query-input":{"@type":"PropertyValueSpecification","valueRequired":true,"valueName":"search_term_string"}}],"inLanguage":"fr-FR"},{"@type":"Organization","@id":"https:\/\/schweizversand.ch\/fr\/#organization","name":"Schweizversand.ch","url":"https:\/\/schweizversand.ch\/fr\/","logo":{"@type":"ImageObject","inLanguage":"fr-FR","@id":"https:\/\/schweizversand.ch\/fr\/#\/schema\/logo\/image\/","url":"https:\/\/schweizversand.ch\/wp-content\/uploads\/2026\/03\/Logo_Rund_Final-1.png","contentUrl":"https:\/\/schweizversand.ch\/wp-content\/uploads\/2026\/03\/Logo_Rund_Final-1.png","width":404,"height":404,"caption":"Schweizversand.ch"},"image":{"@id":"https:\/\/schweizversand.ch\/fr\/#\/schema\/logo\/image\/"},"sameAs":["https:\/\/www.facebook.com\/Schweizversand","https:\/\/www.instagram.com\/schweizversand.ch\/"]}]}},"jetpack_sharing_enabled":true,"_links":{"self":[{"href":"https:\/\/schweizversand.ch\/fr\/wp-json\/wp\/v2\/product\/252309","targetHints":{"allow":["GET"]}}],"collection":[{"href":"https:\/\/schweizversand.ch\/fr\/wp-json\/wp\/v2\/product"}],"about":[{"href":"https:\/\/schweizversand.ch\/fr\/wp-json\/wp\/v2\/types\/product"}],"replies":[{"embeddable":true,"href":"https:\/\/schweizversand.ch\/fr\/wp-json\/wp\/v2\/comments?post=252309"}],"wp:featuredmedia":[{"embeddable":true,"href":"https:\/\/schweizversand.ch\/fr\/wp-json\/wp\/v2\/media\/160172"}],"wp:attachment":[{"href":"https:\/\/schweizversand.ch\/fr\/wp-json\/wp\/v2\/media?parent=252309"}],"wp:term":[{"taxonomy":"product_brand","embeddable":true,"href":"https:\/\/schweizversand.ch\/fr\/wp-json\/wp\/v2\/product_brand?post=252309"},{"taxonomy":"product_cat","embeddable":true,"href":"https:\/\/schweizversand.ch\/fr\/wp-json\/wp\/v2\/product_cat?post=252309"},{"taxonomy":"product_tag","embeddable":true,"href":"https:\/\/schweizversand.ch\/fr\/wp-json\/wp\/v2\/product_tag?post=252309"}],"curies":[{"name":"wp","href":"https:\/\/api.w.org\/{rel}","templated":true}]}}