{"id":252316,"date":"2026-03-15T00:55:17","date_gmt":"2026-03-14T23:55:17","guid":{"rendered":"https:\/\/schweizversand.ch\/produkt\/dufco-visitenkarten-sammeltaschen\/"},"modified":"2026-04-20T02:03:39","modified_gmt":"2026-04-20T00:03:39","slug":"dufco-visitenkarten-sammeltaschen","status":"publish","type":"product","link":"https:\/\/schweizversand.ch\/fr\/produkt\/dufco-visitenkarten-sammeltaschen\/","title":{"rendered":"d\u00e9tenteurs de cartes de visite Dufco"},"content":{"rendered":"<h1><strong>Porte-cartes de visite A4 \u2013 Lot de 10 pochettes transparentes en PVC<\/strong><\/h1>\n<div>Organisez votre r\u00e9seau de contacts de mani\u00e8re efficace et professionnelle. Ce porte-cartes de visite A4 ultra-r\u00e9sistant offre la solution id\u00e9ale pour un archivage s\u00e9curis\u00e9 et organis\u00e9 de vos cartes de visite.<\/strong><\/p>\n<\/div>\n<div><strong>Vue d&rsquo;ensemble et capacit\u00e9 maximales<\/strong><br \/>Gr\u00e2ce \u00e0 ces pochettes transparentes en PVC, vous gardez une trace de vos contacts. Chaque pochette est \u00e9quip\u00e9e de 16 compartiments et peut accueillir des cartes de visite jusqu&rsquo;\u00e0 109 x 70 mm. Ranger vos cartes dans des dossiers devient ainsi un jeu d&rsquo;enfant, car vous visualisez toutes les informations importantes en un coup d&rsquo;\u0153il. Robustes et pratiques\u00a0: fabriqu\u00e9s en PVC ultra-r\u00e9sistant, ces porte-cartes prot\u00e8gent efficacement vos cartes des plis, de la salet\u00e9 et de l&rsquo;humidit\u00e9. Gr\u00e2ce \u00e0 leur perforation standard, les pochettes pour cartes A4 sont pr\u00e9-perfor\u00e9es et se rangent facilement dans n&rsquo;importe quel classeur ou classeur \u00e0 anneaux standard \u2013 id\u00e9ales pour le bureau ou les d\u00e9placements professionnels. D\u00e9tails du produit et contenu de la livraison\u00a0: &#8211; Format\u00a0: A4 (perfor\u00e9) &#8211; Mati\u00e8re\u00a0: PVC transparent ultra-r\u00e9sistant &#8211; Nombre de pochettes par pochette\u00a0: 16 (pour cartes jusqu&rsquo;\u00e0 109\u00a0x\u00a070\u00a0mm) &#8211; Parfaites pour le porte-cartes de visite 16\u00a0pochettes &#8211; Contenu de la livraison\u00a0: 10\u00a0pochettes. Ce lot pratique de 10\u00a0pochettes vous permettra d&rsquo;organiser efficacement vos cartes de visite et de garder vos contacts \u00e0 port\u00e9e de main.<\/p>\n","protected":false},"excerpt":{"rendered":"<p>Porte-cartes de visite A4 \u2013 Lot de 10 pochettes transparentes en PVC Organisez votre r\u00e9seau de contacts de mani\u00e8re efficace et professionnelle. Ce porte-cartes de visite A4 ultra-r\u00e9sistant offre la solution id\u00e9ale pour un archivage s\u00e9curis\u00e9 et organis\u00e9 de vos cartes de visite. Vue d&rsquo;ensemble et capacit\u00e9 maximalesGr\u00e2ce \u00e0 ces pochettes transparentes en PVC, vous gardez une trace de vos contacts. Chaque pochette est \u00e9quip\u00e9e de 16 compartiments et peut accueillir des cartes de visite&hellip;<\/p>\n","protected":false},"featured_media":244025,"comment_status":"open","ping_status":"closed","template":"","meta":[],"product_brand":[],"product_cat":[38735],"product_tag":[],"class_list":{"0":"post-252316","1":"product","2":"type-product","3":"status-publish","4":"has-post-thumbnail","6":"product_cat-diverses","7":"product_shipping_class-global_methods","9":"first","10":"instock","11":"taxable","12":"shipping-taxable","13":"purchasable","14":"product-type-simple"},"yoast_head":"<!-- This site is optimized with the Yoast SEO plugin v27.4 - https:\/\/yoast.com\/product\/yoast-seo-wordpress\/ -->\n<title>Dufco Visitenkarten-Sammeltaschen | Jetzt kaufen | Schweizversand.ch<\/title>\n<meta name=\"description\" content=\"Dufco Visitenkarten-Sammeltaschen g\u00fcnstig kaufen bei Schweizversand.ch. Schnelle Lieferung in der Schweiz. Gratisversand ab CHF 50.\" \/>\n<meta name=\"robots\" content=\"index, follow, max-snippet:-1, max-image-preview:large, max-video-preview:-1\" \/>\n<link rel=\"canonical\" href=\"https:\/\/schweizversand.ch\/fr\/produkt\/dufco-visitenkarten-sammeltaschen\/\" \/>\n<meta property=\"og:locale\" content=\"fr_FR\" \/>\n<meta property=\"og:type\" content=\"article\" \/>\n<meta property=\"og:title\" content=\"Dufco Visitenkarten-Sammeltaschen | Jetzt kaufen | Schweizversand.ch\" \/>\n<meta property=\"og:description\" content=\"Dufco Visitenkarten-Sammeltaschen g\u00fcnstig kaufen bei Schweizversand.ch. Schnelle Lieferung in der Schweiz. Gratisversand ab CHF 50.\" \/>\n<meta property=\"og:url\" content=\"https:\/\/schweizversand.ch\/fr\/produkt\/dufco-visitenkarten-sammeltaschen\/\" \/>\n<meta property=\"og:site_name\" content=\"Schweizer Shop f\u00fcr Sport, Spiel und Freizeit\" \/>\n<meta property=\"article:publisher\" content=\"https:\/\/www.facebook.com\/Schweizversand\" \/>\n<meta property=\"article:modified_time\" content=\"2026-04-20T00:03:39+00:00\" \/>\n<meta property=\"og:image\" content=\"https:\/\/schweizversand.ch\/wp-content\/uploads\/2026\/03\/5643468056.png\" \/>\n\t<meta property=\"og:image:width\" content=\"768\" \/>\n\t<meta property=\"og:image:height\" content=\"1024\" \/>\n\t<meta property=\"og:image:type\" content=\"image\/png\" \/>\n<meta name=\"twitter:card\" content=\"summary_large_image\" \/>\n<meta name=\"twitter:label1\" content=\"Dur\u00e9e de lecture estim\u00e9e\" \/>\n\t<meta name=\"twitter:data1\" content=\"1 minute\" \/>\n<script type=\"application\/ld+json\" class=\"yoast-schema-graph\">{\"@context\":\"https:\\\/\\\/schema.org\",\"@graph\":[{\"@type\":\"WebPage\",\"@id\":\"https:\\\/\\\/schweizversand.ch\\\/fr\\\/produkt\\\/dufco-visitenkarten-sammeltaschen\\\/\",\"url\":\"https:\\\/\\\/schweizversand.ch\\\/fr\\\/produkt\\\/dufco-visitenkarten-sammeltaschen\\\/\",\"name\":\"Dufco Visitenkarten-Sammeltaschen | Jetzt kaufen | Schweizversand.ch\",\"isPartOf\":{\"@id\":\"https:\\\/\\\/schweizversand.ch\\\/fr\\\/#website\"},\"primaryImageOfPage\":{\"@id\":\"https:\\\/\\\/schweizversand.ch\\\/fr\\\/produkt\\\/dufco-visitenkarten-sammeltaschen\\\/#primaryimage\"},\"image\":{\"@id\":\"https:\\\/\\\/schweizversand.ch\\\/fr\\\/produkt\\\/dufco-visitenkarten-sammeltaschen\\\/#primaryimage\"},\"thumbnailUrl\":\"https:\\\/\\\/schweizversand.ch\\\/wp-content\\\/uploads\\\/2026\\\/03\\\/5643468056.png\",\"datePublished\":\"2026-03-14T23:55:17+00:00\",\"dateModified\":\"2026-04-20T00:03:39+00:00\",\"description\":\"Dufco Visitenkarten-Sammeltaschen g\u00fcnstig kaufen bei Schweizversand.ch. Schnelle Lieferung in der Schweiz. Gratisversand ab CHF 50.\",\"breadcrumb\":{\"@id\":\"https:\\\/\\\/schweizversand.ch\\\/fr\\\/produkt\\\/dufco-visitenkarten-sammeltaschen\\\/#breadcrumb\"},\"inLanguage\":\"fr-FR\",\"potentialAction\":[{\"@type\":\"ReadAction\",\"target\":[\"https:\\\/\\\/schweizversand.ch\\\/fr\\\/produkt\\\/dufco-visitenkarten-sammeltaschen\\\/\"]}]},{\"@type\":\"ImageObject\",\"inLanguage\":\"fr-FR\",\"@id\":\"https:\\\/\\\/schweizversand.ch\\\/fr\\\/produkt\\\/dufco-visitenkarten-sammeltaschen\\\/#primaryimage\",\"url\":\"https:\\\/\\\/schweizversand.ch\\\/wp-content\\\/uploads\\\/2026\\\/03\\\/5643468056.png\",\"contentUrl\":\"https:\\\/\\\/schweizversand.ch\\\/wp-content\\\/uploads\\\/2026\\\/03\\\/5643468056.png\",\"width\":768,\"height\":1024},{\"@type\":\"BreadcrumbList\",\"@id\":\"https:\\\/\\\/schweizversand.ch\\\/fr\\\/produkt\\\/dufco-visitenkarten-sammeltaschen\\\/#breadcrumb\",\"itemListElement\":[{\"@type\":\"ListItem\",\"position\":1,\"name\":\"Startseite\",\"item\":\"https:\\\/\\\/schweizversand.ch\\\/fr\\\/home\\\/\"},{\"@type\":\"ListItem\",\"position\":2,\"name\":\"Boutique\",\"item\":\"https:\\\/\\\/schweizversand.ch\\\/fr\\\/boutique\\\/\"},{\"@type\":\"ListItem\",\"position\":3,\"name\":\"Fournitures de bureau et papeterie\",\"item\":\"https:\\\/\\\/schweizversand.ch\\\/fr\\\/produkt-kategorie\\\/fournitures-de-bureau-et-papeterie\\\/\"},{\"@type\":\"ListItem\",\"position\":4,\"name\":\"Espace de travail\",\"item\":\"https:\\\/\\\/schweizversand.ch\\\/fr\\\/produkt-kategorie\\\/fournitures-de-bureau-et-papeterie\\\/espace-de-travail\\\/\"},{\"@type\":\"ListItem\",\"position\":5,\"name\":\"Divers\",\"item\":\"https:\\\/\\\/schweizversand.ch\\\/fr\\\/produkt-kategorie\\\/fournitures-de-bureau-et-papeterie\\\/espace-de-travail\\\/diverses\\\/\"},{\"@type\":\"ListItem\",\"position\":6,\"name\":\"d\u00e9tenteurs de cartes de visite Dufco\"}]},{\"@type\":\"WebSite\",\"@id\":\"https:\\\/\\\/schweizversand.ch\\\/fr\\\/#website\",\"url\":\"https:\\\/\\\/schweizversand.ch\\\/fr\\\/\",\"name\":\"Schweizer Shop f\u00fcr Sport, Spiel und Freizeit\",\"description\":\"Gratisversand ab 50.- (netto), ab eigenem schweizer Lager, Lieferung innert 48h\",\"publisher\":{\"@id\":\"https:\\\/\\\/schweizversand.ch\\\/fr\\\/#organization\"},\"alternateName\":\"Schweizversand.ch\",\"potentialAction\":[{\"@type\":\"SearchAction\",\"target\":{\"@type\":\"EntryPoint\",\"urlTemplate\":\"https:\\\/\\\/schweizversand.ch\\\/fr\\\/?s={search_term_string}\"},\"query-input\":{\"@type\":\"PropertyValueSpecification\",\"valueRequired\":true,\"valueName\":\"search_term_string\"}}],\"inLanguage\":\"fr-FR\"},{\"@type\":\"Organization\",\"@id\":\"https:\\\/\\\/schweizversand.ch\\\/fr\\\/#organization\",\"name\":\"Schweizversand.ch\",\"url\":\"https:\\\/\\\/schweizversand.ch\\\/fr\\\/\",\"logo\":{\"@type\":\"ImageObject\",\"inLanguage\":\"fr-FR\",\"@id\":\"https:\\\/\\\/schweizversand.ch\\\/fr\\\/#\\\/schema\\\/logo\\\/image\\\/\",\"url\":\"https:\\\/\\\/schweizversand.ch\\\/wp-content\\\/uploads\\\/2026\\\/03\\\/Logo_Rund_Final-1.png\",\"contentUrl\":\"https:\\\/\\\/schweizversand.ch\\\/wp-content\\\/uploads\\\/2026\\\/03\\\/Logo_Rund_Final-1.png\",\"width\":404,\"height\":404,\"caption\":\"Schweizversand.ch\"},\"image\":{\"@id\":\"https:\\\/\\\/schweizversand.ch\\\/fr\\\/#\\\/schema\\\/logo\\\/image\\\/\"},\"sameAs\":[\"https:\\\/\\\/www.facebook.com\\\/Schweizversand\",\"https:\\\/\\\/www.instagram.com\\\/schweizversand.ch\\\/\"]}]}<\/script>\n<!-- \/ Yoast SEO plugin. -->","yoast_head_json":{"title":"Dufco Visitenkarten-Sammeltaschen | Jetzt kaufen | Schweizversand.ch","description":"Dufco Visitenkarten-Sammeltaschen g\u00fcnstig kaufen bei Schweizversand.ch. Schnelle Lieferung in der Schweiz. Gratisversand ab CHF 50.","robots":{"index":"index","follow":"follow","max-snippet":"max-snippet:-1","max-image-preview":"max-image-preview:large","max-video-preview":"max-video-preview:-1"},"canonical":"https:\/\/schweizversand.ch\/fr\/produkt\/dufco-visitenkarten-sammeltaschen\/","og_locale":"fr_FR","og_type":"article","og_title":"Dufco Visitenkarten-Sammeltaschen | Jetzt kaufen | Schweizversand.ch","og_description":"Dufco Visitenkarten-Sammeltaschen g\u00fcnstig kaufen bei Schweizversand.ch. Schnelle Lieferung in der Schweiz. Gratisversand ab CHF 50.","og_url":"https:\/\/schweizversand.ch\/fr\/produkt\/dufco-visitenkarten-sammeltaschen\/","og_site_name":"Schweizer Shop f\u00fcr Sport, Spiel und Freizeit","article_publisher":"https:\/\/www.facebook.com\/Schweizversand","article_modified_time":"2026-04-20T00:03:39+00:00","og_image":[{"width":768,"height":1024,"url":"https:\/\/schweizversand.ch\/wp-content\/uploads\/2026\/03\/5643468056.png","type":"image\/png"}],"twitter_card":"summary_large_image","twitter_misc":{"Dur\u00e9e de lecture estim\u00e9e":"1 minute"},"schema":{"@context":"https:\/\/schema.org","@graph":[{"@type":"WebPage","@id":"https:\/\/schweizversand.ch\/fr\/produkt\/dufco-visitenkarten-sammeltaschen\/","url":"https:\/\/schweizversand.ch\/fr\/produkt\/dufco-visitenkarten-sammeltaschen\/","name":"Dufco Visitenkarten-Sammeltaschen | Jetzt kaufen | Schweizversand.ch","isPartOf":{"@id":"https:\/\/schweizversand.ch\/fr\/#website"},"primaryImageOfPage":{"@id":"https:\/\/schweizversand.ch\/fr\/produkt\/dufco-visitenkarten-sammeltaschen\/#primaryimage"},"image":{"@id":"https:\/\/schweizversand.ch\/fr\/produkt\/dufco-visitenkarten-sammeltaschen\/#primaryimage"},"thumbnailUrl":"https:\/\/schweizversand.ch\/wp-content\/uploads\/2026\/03\/5643468056.png","datePublished":"2026-03-14T23:55:17+00:00","dateModified":"2026-04-20T00:03:39+00:00","description":"Dufco Visitenkarten-Sammeltaschen g\u00fcnstig kaufen bei Schweizversand.ch. Schnelle Lieferung in der Schweiz. Gratisversand ab CHF 50.","breadcrumb":{"@id":"https:\/\/schweizversand.ch\/fr\/produkt\/dufco-visitenkarten-sammeltaschen\/#breadcrumb"},"inLanguage":"fr-FR","potentialAction":[{"@type":"ReadAction","target":["https:\/\/schweizversand.ch\/fr\/produkt\/dufco-visitenkarten-sammeltaschen\/"]}]},{"@type":"ImageObject","inLanguage":"fr-FR","@id":"https:\/\/schweizversand.ch\/fr\/produkt\/dufco-visitenkarten-sammeltaschen\/#primaryimage","url":"https:\/\/schweizversand.ch\/wp-content\/uploads\/2026\/03\/5643468056.png","contentUrl":"https:\/\/schweizversand.ch\/wp-content\/uploads\/2026\/03\/5643468056.png","width":768,"height":1024},{"@type":"BreadcrumbList","@id":"https:\/\/schweizversand.ch\/fr\/produkt\/dufco-visitenkarten-sammeltaschen\/#breadcrumb","itemListElement":[{"@type":"ListItem","position":1,"name":"Startseite","item":"https:\/\/schweizversand.ch\/fr\/home\/"},{"@type":"ListItem","position":2,"name":"Boutique","item":"https:\/\/schweizversand.ch\/fr\/boutique\/"},{"@type":"ListItem","position":3,"name":"Fournitures de bureau et papeterie","item":"https:\/\/schweizversand.ch\/fr\/produkt-kategorie\/fournitures-de-bureau-et-papeterie\/"},{"@type":"ListItem","position":4,"name":"Espace de travail","item":"https:\/\/schweizversand.ch\/fr\/produkt-kategorie\/fournitures-de-bureau-et-papeterie\/espace-de-travail\/"},{"@type":"ListItem","position":5,"name":"Divers","item":"https:\/\/schweizversand.ch\/fr\/produkt-kategorie\/fournitures-de-bureau-et-papeterie\/espace-de-travail\/diverses\/"},{"@type":"ListItem","position":6,"name":"d\u00e9tenteurs de cartes de visite Dufco"}]},{"@type":"WebSite","@id":"https:\/\/schweizversand.ch\/fr\/#website","url":"https:\/\/schweizversand.ch\/fr\/","name":"Schweizer Shop f\u00fcr Sport, Spiel und Freizeit","description":"Gratisversand ab 50.- (netto), ab eigenem schweizer Lager, Lieferung innert 48h","publisher":{"@id":"https:\/\/schweizversand.ch\/fr\/#organization"},"alternateName":"Schweizversand.ch","potentialAction":[{"@type":"SearchAction","target":{"@type":"EntryPoint","urlTemplate":"https:\/\/schweizversand.ch\/fr\/?s={search_term_string}"},"query-input":{"@type":"PropertyValueSpecification","valueRequired":true,"valueName":"search_term_string"}}],"inLanguage":"fr-FR"},{"@type":"Organization","@id":"https:\/\/schweizversand.ch\/fr\/#organization","name":"Schweizversand.ch","url":"https:\/\/schweizversand.ch\/fr\/","logo":{"@type":"ImageObject","inLanguage":"fr-FR","@id":"https:\/\/schweizversand.ch\/fr\/#\/schema\/logo\/image\/","url":"https:\/\/schweizversand.ch\/wp-content\/uploads\/2026\/03\/Logo_Rund_Final-1.png","contentUrl":"https:\/\/schweizversand.ch\/wp-content\/uploads\/2026\/03\/Logo_Rund_Final-1.png","width":404,"height":404,"caption":"Schweizversand.ch"},"image":{"@id":"https:\/\/schweizversand.ch\/fr\/#\/schema\/logo\/image\/"},"sameAs":["https:\/\/www.facebook.com\/Schweizversand","https:\/\/www.instagram.com\/schweizversand.ch\/"]}]}},"jetpack_sharing_enabled":true,"_links":{"self":[{"href":"https:\/\/schweizversand.ch\/fr\/wp-json\/wp\/v2\/product\/252316","targetHints":{"allow":["GET"]}}],"collection":[{"href":"https:\/\/schweizversand.ch\/fr\/wp-json\/wp\/v2\/product"}],"about":[{"href":"https:\/\/schweizversand.ch\/fr\/wp-json\/wp\/v2\/types\/product"}],"replies":[{"embeddable":true,"href":"https:\/\/schweizversand.ch\/fr\/wp-json\/wp\/v2\/comments?post=252316"}],"wp:featuredmedia":[{"embeddable":true,"href":"https:\/\/schweizversand.ch\/fr\/wp-json\/wp\/v2\/media\/244025"}],"wp:attachment":[{"href":"https:\/\/schweizversand.ch\/fr\/wp-json\/wp\/v2\/media?parent=252316"}],"wp:term":[{"taxonomy":"product_brand","embeddable":true,"href":"https:\/\/schweizversand.ch\/fr\/wp-json\/wp\/v2\/product_brand?post=252316"},{"taxonomy":"product_cat","embeddable":true,"href":"https:\/\/schweizversand.ch\/fr\/wp-json\/wp\/v2\/product_cat?post=252316"},{"taxonomy":"product_tag","embeddable":true,"href":"https:\/\/schweizversand.ch\/fr\/wp-json\/wp\/v2\/product_tag?post=252316"}],"curies":[{"name":"wp","href":"https:\/\/api.w.org\/{rel}","templated":true}]}}