{"id":252318,"date":"2026-03-15T00:55:18","date_gmt":"2026-03-14T23:55:18","guid":{"rendered":"https:\/\/schweizversand.ch\/produkt\/balthasar-windlicht-mit-35-teelichtern\/"},"modified":"2026-04-19T02:03:58","modified_gmt":"2026-04-19T00:03:58","slug":"balthasar-windlicht-mit-35-teelichtern","status":"publish","type":"product","link":"https:\/\/schweizversand.ch\/fr\/produkt\/balthasar-windlicht-mit-35-teelichtern\/","title":{"rendered":"Lanterne Balthasar avec 35 bougies chauffe-plat"},"content":{"rendered":"<h1><strong>Lanterne en verre transparent avec cordon et 35 bougies chauffe-plat<\/strong><\/h1>\n<div>Cr\u00e9ez une ambiance chaleureuse et \u00e9l\u00e9gante dans votre maison ou votre jardin gr\u00e2ce \u00e0 ce magnifique ensemble de lanterne. La lanterne en verre transparent, associ\u00e9e \u00e0 son cordon rustique, constitue un objet d\u00e9coratif intemporel qui s&rsquo;int\u00e8gre aussi bien \u00e0 l&rsquo;int\u00e9rieur qu&rsquo;\u00e0 l&rsquo;ext\u00e9rieur.<\/p>\n<\/div>\n<div><strong>Design et polyvalence<\/strong><br \/>Cette jolie lanterne s\u00e9duit par sa forme cylindrique transparente et son cordon d\u00e9coratif en jute, qui lui conf\u00e8re un charme marin ou champ\u00eatre.<br \/>Cette lanterne en verre cr\u00e9e une ambiance charmante.<\/p>\n<\/div>\n<div><strong>Ensemble de bougies chauffe-plat pr\u00eat \u00e0 l&#8217;emploi<\/strong><br \/>Inclus : 35 bougies chauffe-plat de haute qualit\u00e9 qui diffusent une lumi\u00e8re chaude et vacillante pendant environ 4 heures. Cet ensemble complet de bougies chauffe-plat fait de la lanterne une id\u00e9e cadeau id\u00e9ale ou un compl\u00e9ment parfait \u00e0 votre d\u00e9coration. Mat\u00e9riaux de haute qualit\u00e9 et stabilit\u00e9 : La lanterne est fabriqu\u00e9e en verre transparent robuste, qui prot\u00e8ge efficacement la flamme du vent tout en refl\u00e9tant brillamment la lumi\u00e8re. Sa structure stable assure une parfaite stabilit\u00e9, tandis que la lanterne d\u00e9corative avec son cordon peut servir de poign\u00e9e pratique. La hauteur de la lanterne temp\u00eate en verre (17 cm) offre un espace suffisant pour les bougies chauffe-plat standard ou les petites bougies piliers.<\/p>\n<\/div>\n<div><strong>Caract\u00e9ristiques du produit et contenu de la livraison<\/strong><br \/>&#8211; Mat\u00e9riaux : Verre transparent de haute qualit\u00e9 et cordon en jute<br \/>&#8211; Hauteur : Environ 17 cm<br \/>&#8211; Diam\u00e8tre : Environ 10 cm<br \/>&#8211; Style : Moderne, avec une touche rustique gr\u00e2ce au cordon<br \/>&#8211; Contenu de la livraison : 1 lanterne temp\u00eate en verre transparent, 35 bougies chauffe-plat<\/p>\n<\/div>\n<div><strong>Votre avantage<\/strong><br \/>Avec ce kit, vous b\u00e9n\u00e9ficiez d&rsquo;une solution compl\u00e8te pour un \u00e9clairage d&rsquo;ambiance. L&rsquo;alliance de la fonctionnalit\u00e9 et de l&rsquo;esth\u00e9tique fait de cette lanterne temp\u00eate en verre transparent un \u00e9l\u00e9ment indispensable de votre d\u00e9coration. Commandez d\u00e8s maintenant et d\u00e9couvrez comme il est facile de cr\u00e9er une ambiance chaleureuse.<\/p>\n","protected":false},"excerpt":{"rendered":"<p>Lanterne en verre transparent avec cordon et 35 bougies chauffe-plat Cr\u00e9ez une ambiance chaleureuse et \u00e9l\u00e9gante dans votre maison ou votre jardin gr\u00e2ce \u00e0 ce magnifique ensemble de lanterne. La lanterne en verre transparent, associ\u00e9e \u00e0 son cordon rustique, constitue un objet d\u00e9coratif intemporel qui s&rsquo;int\u00e8gre aussi bien \u00e0 l&rsquo;int\u00e9rieur qu&rsquo;\u00e0 l&rsquo;ext\u00e9rieur. Design et polyvalenceCette jolie lanterne s\u00e9duit par sa forme cylindrique transparente et son cordon d\u00e9coratif en jute, qui lui conf\u00e8re un charme marin&hellip;<\/p>\n","protected":false},"featured_media":160196,"comment_status":"open","ping_status":"closed","template":"","meta":[],"product_brand":[],"product_cat":[38163],"product_tag":[],"class_list":{"0":"post-252318","1":"product","2":"type-product","3":"status-publish","4":"has-post-thumbnail","6":"product_cat-kerzen-feuer","7":"product_shipping_class-global_methods","9":"first","10":"instock","11":"taxable","12":"shipping-taxable","13":"purchasable","14":"product-type-simple"},"yoast_head":"<!-- This site is optimized with the Yoast SEO plugin v27.4 - https:\/\/yoast.com\/product\/yoast-seo-wordpress\/ -->\n<title>Balthasar Windlicht mit 35 Teelichtern | Jetzt kaufen | Schweizversand.ch<\/title>\n<meta name=\"description\" content=\"Balthasar Windlicht mit 35 Teelichtern g\u00fcnstig kaufen bei Schweizversand.ch. Schnelle Lieferung in der Schweiz. Gratisversand ab CHF 50.\" \/>\n<meta name=\"robots\" content=\"index, follow, max-snippet:-1, max-image-preview:large, max-video-preview:-1\" \/>\n<link rel=\"canonical\" href=\"https:\/\/schweizversand.ch\/fr\/produkt\/balthasar-windlicht-mit-35-teelichtern\/\" \/>\n<meta property=\"og:locale\" content=\"fr_FR\" \/>\n<meta property=\"og:type\" content=\"article\" \/>\n<meta property=\"og:title\" content=\"Balthasar Windlicht mit 35 Teelichtern | Jetzt kaufen | Schweizversand.ch\" \/>\n<meta property=\"og:description\" content=\"Balthasar Windlicht mit 35 Teelichtern g\u00fcnstig kaufen bei Schweizversand.ch. Schnelle Lieferung in der Schweiz. Gratisversand ab CHF 50.\" \/>\n<meta property=\"og:url\" content=\"https:\/\/schweizversand.ch\/fr\/produkt\/balthasar-windlicht-mit-35-teelichtern\/\" \/>\n<meta property=\"og:site_name\" content=\"Schweizer Shop f\u00fcr Sport, Spiel und Freizeit\" \/>\n<meta property=\"article:publisher\" content=\"https:\/\/www.facebook.com\/Schweizversand\" \/>\n<meta property=\"article:modified_time\" content=\"2026-04-19T00:03:58+00:00\" \/>\n<meta property=\"og:image\" content=\"https:\/\/schweizversand.ch\/wp-content\/uploads\/2026\/02\/5472107365.png\" \/>\n\t<meta property=\"og:image:width\" content=\"1024\" \/>\n\t<meta property=\"og:image:height\" content=\"1024\" \/>\n\t<meta property=\"og:image:type\" content=\"image\/png\" \/>\n<meta name=\"twitter:card\" content=\"summary_large_image\" \/>\n<meta name=\"twitter:label1\" content=\"Dur\u00e9e de lecture estim\u00e9e\" \/>\n\t<meta name=\"twitter:data1\" content=\"2 minutes\" \/>\n<script type=\"application\/ld+json\" class=\"yoast-schema-graph\">{\"@context\":\"https:\\\/\\\/schema.org\",\"@graph\":[{\"@type\":\"WebPage\",\"@id\":\"https:\\\/\\\/schweizversand.ch\\\/fr\\\/produkt\\\/balthasar-windlicht-mit-35-teelichtern\\\/\",\"url\":\"https:\\\/\\\/schweizversand.ch\\\/fr\\\/produkt\\\/balthasar-windlicht-mit-35-teelichtern\\\/\",\"name\":\"Balthasar Windlicht mit 35 Teelichtern | Jetzt kaufen | Schweizversand.ch\",\"isPartOf\":{\"@id\":\"https:\\\/\\\/schweizversand.ch\\\/fr\\\/#website\"},\"primaryImageOfPage\":{\"@id\":\"https:\\\/\\\/schweizversand.ch\\\/fr\\\/produkt\\\/balthasar-windlicht-mit-35-teelichtern\\\/#primaryimage\"},\"image\":{\"@id\":\"https:\\\/\\\/schweizversand.ch\\\/fr\\\/produkt\\\/balthasar-windlicht-mit-35-teelichtern\\\/#primaryimage\"},\"thumbnailUrl\":\"https:\\\/\\\/schweizversand.ch\\\/wp-content\\\/uploads\\\/2026\\\/02\\\/5472107365.png\",\"datePublished\":\"2026-03-14T23:55:18+00:00\",\"dateModified\":\"2026-04-19T00:03:58+00:00\",\"description\":\"Balthasar Windlicht mit 35 Teelichtern g\u00fcnstig kaufen bei Schweizversand.ch. Schnelle Lieferung in der Schweiz. Gratisversand ab CHF 50.\",\"breadcrumb\":{\"@id\":\"https:\\\/\\\/schweizversand.ch\\\/fr\\\/produkt\\\/balthasar-windlicht-mit-35-teelichtern\\\/#breadcrumb\"},\"inLanguage\":\"fr-FR\",\"potentialAction\":[{\"@type\":\"ReadAction\",\"target\":[\"https:\\\/\\\/schweizversand.ch\\\/fr\\\/produkt\\\/balthasar-windlicht-mit-35-teelichtern\\\/\"]}]},{\"@type\":\"ImageObject\",\"inLanguage\":\"fr-FR\",\"@id\":\"https:\\\/\\\/schweizversand.ch\\\/fr\\\/produkt\\\/balthasar-windlicht-mit-35-teelichtern\\\/#primaryimage\",\"url\":\"https:\\\/\\\/schweizversand.ch\\\/wp-content\\\/uploads\\\/2026\\\/02\\\/5472107365.png\",\"contentUrl\":\"https:\\\/\\\/schweizversand.ch\\\/wp-content\\\/uploads\\\/2026\\\/02\\\/5472107365.png\",\"width\":1024,\"height\":1024},{\"@type\":\"BreadcrumbList\",\"@id\":\"https:\\\/\\\/schweizversand.ch\\\/fr\\\/produkt\\\/balthasar-windlicht-mit-35-teelichtern\\\/#breadcrumb\",\"itemListElement\":[{\"@type\":\"ListItem\",\"position\":1,\"name\":\"Startseite\",\"item\":\"https:\\\/\\\/schweizversand.ch\\\/fr\\\/home\\\/\"},{\"@type\":\"ListItem\",\"position\":2,\"name\":\"Boutique\",\"item\":\"https:\\\/\\\/schweizversand.ch\\\/fr\\\/boutique\\\/\"},{\"@type\":\"ListItem\",\"position\":3,\"name\":\"Accueil\",\"item\":\"https:\\\/\\\/schweizversand.ch\\\/fr\\\/produkt-kategorie\\\/accueil\\\/\"},{\"@type\":\"ListItem\",\"position\":4,\"name\":\"D\u00e9coration et accessoires\",\"item\":\"https:\\\/\\\/schweizversand.ch\\\/fr\\\/produkt-kategorie\\\/accueil\\\/decoration-et-accessoires\\\/\"},{\"@type\":\"ListItem\",\"position\":5,\"name\":\"Bougies et objets de chauffage\",\"item\":\"https:\\\/\\\/schweizversand.ch\\\/fr\\\/produkt-kategorie\\\/accueil\\\/decoration-et-accessoires\\\/kerzen-feuer\\\/\"},{\"@type\":\"ListItem\",\"position\":6,\"name\":\"Lanterne Balthasar avec 35 bougies chauffe-plat\"}]},{\"@type\":\"WebSite\",\"@id\":\"https:\\\/\\\/schweizversand.ch\\\/fr\\\/#website\",\"url\":\"https:\\\/\\\/schweizversand.ch\\\/fr\\\/\",\"name\":\"Schweizer Shop f\u00fcr Sport, Spiel und Freizeit\",\"description\":\"Gratisversand ab 50.- (netto), ab eigenem schweizer Lager, Lieferung innert 48h\",\"publisher\":{\"@id\":\"https:\\\/\\\/schweizversand.ch\\\/fr\\\/#organization\"},\"alternateName\":\"Schweizversand.ch\",\"potentialAction\":[{\"@type\":\"SearchAction\",\"target\":{\"@type\":\"EntryPoint\",\"urlTemplate\":\"https:\\\/\\\/schweizversand.ch\\\/fr\\\/?s={search_term_string}\"},\"query-input\":{\"@type\":\"PropertyValueSpecification\",\"valueRequired\":true,\"valueName\":\"search_term_string\"}}],\"inLanguage\":\"fr-FR\"},{\"@type\":\"Organization\",\"@id\":\"https:\\\/\\\/schweizversand.ch\\\/fr\\\/#organization\",\"name\":\"Schweizversand.ch\",\"url\":\"https:\\\/\\\/schweizversand.ch\\\/fr\\\/\",\"logo\":{\"@type\":\"ImageObject\",\"inLanguage\":\"fr-FR\",\"@id\":\"https:\\\/\\\/schweizversand.ch\\\/fr\\\/#\\\/schema\\\/logo\\\/image\\\/\",\"url\":\"https:\\\/\\\/schweizversand.ch\\\/wp-content\\\/uploads\\\/2026\\\/03\\\/Logo_Rund_Final-1.png\",\"contentUrl\":\"https:\\\/\\\/schweizversand.ch\\\/wp-content\\\/uploads\\\/2026\\\/03\\\/Logo_Rund_Final-1.png\",\"width\":404,\"height\":404,\"caption\":\"Schweizversand.ch\"},\"image\":{\"@id\":\"https:\\\/\\\/schweizversand.ch\\\/fr\\\/#\\\/schema\\\/logo\\\/image\\\/\"},\"sameAs\":[\"https:\\\/\\\/www.facebook.com\\\/Schweizversand\",\"https:\\\/\\\/www.instagram.com\\\/schweizversand.ch\\\/\"]}]}<\/script>\n<!-- \/ Yoast SEO plugin. -->","yoast_head_json":{"title":"Balthasar Windlicht mit 35 Teelichtern | Jetzt kaufen | Schweizversand.ch","description":"Balthasar Windlicht mit 35 Teelichtern g\u00fcnstig kaufen bei Schweizversand.ch. Schnelle Lieferung in der Schweiz. Gratisversand ab CHF 50.","robots":{"index":"index","follow":"follow","max-snippet":"max-snippet:-1","max-image-preview":"max-image-preview:large","max-video-preview":"max-video-preview:-1"},"canonical":"https:\/\/schweizversand.ch\/fr\/produkt\/balthasar-windlicht-mit-35-teelichtern\/","og_locale":"fr_FR","og_type":"article","og_title":"Balthasar Windlicht mit 35 Teelichtern | Jetzt kaufen | Schweizversand.ch","og_description":"Balthasar Windlicht mit 35 Teelichtern g\u00fcnstig kaufen bei Schweizversand.ch. Schnelle Lieferung in der Schweiz. Gratisversand ab CHF 50.","og_url":"https:\/\/schweizversand.ch\/fr\/produkt\/balthasar-windlicht-mit-35-teelichtern\/","og_site_name":"Schweizer Shop f\u00fcr Sport, Spiel und Freizeit","article_publisher":"https:\/\/www.facebook.com\/Schweizversand","article_modified_time":"2026-04-19T00:03:58+00:00","og_image":[{"width":1024,"height":1024,"url":"https:\/\/schweizversand.ch\/wp-content\/uploads\/2026\/02\/5472107365.png","type":"image\/png"}],"twitter_card":"summary_large_image","twitter_misc":{"Dur\u00e9e de lecture estim\u00e9e":"2 minutes"},"schema":{"@context":"https:\/\/schema.org","@graph":[{"@type":"WebPage","@id":"https:\/\/schweizversand.ch\/fr\/produkt\/balthasar-windlicht-mit-35-teelichtern\/","url":"https:\/\/schweizversand.ch\/fr\/produkt\/balthasar-windlicht-mit-35-teelichtern\/","name":"Balthasar Windlicht mit 35 Teelichtern | Jetzt kaufen | Schweizversand.ch","isPartOf":{"@id":"https:\/\/schweizversand.ch\/fr\/#website"},"primaryImageOfPage":{"@id":"https:\/\/schweizversand.ch\/fr\/produkt\/balthasar-windlicht-mit-35-teelichtern\/#primaryimage"},"image":{"@id":"https:\/\/schweizversand.ch\/fr\/produkt\/balthasar-windlicht-mit-35-teelichtern\/#primaryimage"},"thumbnailUrl":"https:\/\/schweizversand.ch\/wp-content\/uploads\/2026\/02\/5472107365.png","datePublished":"2026-03-14T23:55:18+00:00","dateModified":"2026-04-19T00:03:58+00:00","description":"Balthasar Windlicht mit 35 Teelichtern g\u00fcnstig kaufen bei Schweizversand.ch. Schnelle Lieferung in der Schweiz. Gratisversand ab CHF 50.","breadcrumb":{"@id":"https:\/\/schweizversand.ch\/fr\/produkt\/balthasar-windlicht-mit-35-teelichtern\/#breadcrumb"},"inLanguage":"fr-FR","potentialAction":[{"@type":"ReadAction","target":["https:\/\/schweizversand.ch\/fr\/produkt\/balthasar-windlicht-mit-35-teelichtern\/"]}]},{"@type":"ImageObject","inLanguage":"fr-FR","@id":"https:\/\/schweizversand.ch\/fr\/produkt\/balthasar-windlicht-mit-35-teelichtern\/#primaryimage","url":"https:\/\/schweizversand.ch\/wp-content\/uploads\/2026\/02\/5472107365.png","contentUrl":"https:\/\/schweizversand.ch\/wp-content\/uploads\/2026\/02\/5472107365.png","width":1024,"height":1024},{"@type":"BreadcrumbList","@id":"https:\/\/schweizversand.ch\/fr\/produkt\/balthasar-windlicht-mit-35-teelichtern\/#breadcrumb","itemListElement":[{"@type":"ListItem","position":1,"name":"Startseite","item":"https:\/\/schweizversand.ch\/fr\/home\/"},{"@type":"ListItem","position":2,"name":"Boutique","item":"https:\/\/schweizversand.ch\/fr\/boutique\/"},{"@type":"ListItem","position":3,"name":"Accueil","item":"https:\/\/schweizversand.ch\/fr\/produkt-kategorie\/accueil\/"},{"@type":"ListItem","position":4,"name":"D\u00e9coration et accessoires","item":"https:\/\/schweizversand.ch\/fr\/produkt-kategorie\/accueil\/decoration-et-accessoires\/"},{"@type":"ListItem","position":5,"name":"Bougies et objets de chauffage","item":"https:\/\/schweizversand.ch\/fr\/produkt-kategorie\/accueil\/decoration-et-accessoires\/kerzen-feuer\/"},{"@type":"ListItem","position":6,"name":"Lanterne Balthasar avec 35 bougies chauffe-plat"}]},{"@type":"WebSite","@id":"https:\/\/schweizversand.ch\/fr\/#website","url":"https:\/\/schweizversand.ch\/fr\/","name":"Schweizer Shop f\u00fcr Sport, Spiel und Freizeit","description":"Gratisversand ab 50.- (netto), ab eigenem schweizer Lager, Lieferung innert 48h","publisher":{"@id":"https:\/\/schweizversand.ch\/fr\/#organization"},"alternateName":"Schweizversand.ch","potentialAction":[{"@type":"SearchAction","target":{"@type":"EntryPoint","urlTemplate":"https:\/\/schweizversand.ch\/fr\/?s={search_term_string}"},"query-input":{"@type":"PropertyValueSpecification","valueRequired":true,"valueName":"search_term_string"}}],"inLanguage":"fr-FR"},{"@type":"Organization","@id":"https:\/\/schweizversand.ch\/fr\/#organization","name":"Schweizversand.ch","url":"https:\/\/schweizversand.ch\/fr\/","logo":{"@type":"ImageObject","inLanguage":"fr-FR","@id":"https:\/\/schweizversand.ch\/fr\/#\/schema\/logo\/image\/","url":"https:\/\/schweizversand.ch\/wp-content\/uploads\/2026\/03\/Logo_Rund_Final-1.png","contentUrl":"https:\/\/schweizversand.ch\/wp-content\/uploads\/2026\/03\/Logo_Rund_Final-1.png","width":404,"height":404,"caption":"Schweizversand.ch"},"image":{"@id":"https:\/\/schweizversand.ch\/fr\/#\/schema\/logo\/image\/"},"sameAs":["https:\/\/www.facebook.com\/Schweizversand","https:\/\/www.instagram.com\/schweizversand.ch\/"]}]}},"jetpack_sharing_enabled":true,"_links":{"self":[{"href":"https:\/\/schweizversand.ch\/fr\/wp-json\/wp\/v2\/product\/252318","targetHints":{"allow":["GET"]}}],"collection":[{"href":"https:\/\/schweizversand.ch\/fr\/wp-json\/wp\/v2\/product"}],"about":[{"href":"https:\/\/schweizversand.ch\/fr\/wp-json\/wp\/v2\/types\/product"}],"replies":[{"embeddable":true,"href":"https:\/\/schweizversand.ch\/fr\/wp-json\/wp\/v2\/comments?post=252318"}],"wp:featuredmedia":[{"embeddable":true,"href":"https:\/\/schweizversand.ch\/fr\/wp-json\/wp\/v2\/media\/160196"}],"wp:attachment":[{"href":"https:\/\/schweizversand.ch\/fr\/wp-json\/wp\/v2\/media?parent=252318"}],"wp:term":[{"taxonomy":"product_brand","embeddable":true,"href":"https:\/\/schweizversand.ch\/fr\/wp-json\/wp\/v2\/product_brand?post=252318"},{"taxonomy":"product_cat","embeddable":true,"href":"https:\/\/schweizversand.ch\/fr\/wp-json\/wp\/v2\/product_cat?post=252318"},{"taxonomy":"product_tag","embeddable":true,"href":"https:\/\/schweizversand.ch\/fr\/wp-json\/wp\/v2\/product_tag?post=252318"}],"curies":[{"name":"wp","href":"https:\/\/api.w.org\/{rel}","templated":true}]}}