{"id":252356,"date":"2026-03-15T00:55:22","date_gmt":"2026-03-14T23:55:22","guid":{"rendered":"https:\/\/schweizversand.ch\/produkt\/elite-torwarthandschuhe-black-real\/"},"modified":"2026-04-19T02:04:00","modified_gmt":"2026-04-19T00:04:00","slug":"elite-torwarthandschuhe-black-real","status":"publish","type":"product","link":"https:\/\/schweizversand.ch\/fr\/produkt\/elite-torwarthandschuhe-black-real\/","title":{"rendered":"Gants de gardien de but Elite noirs Real"},"content":{"rendered":"<p>Gants de gardien de but Elite BLACK REAL\u00a0:<\/p>\n<\/p>\n<p>Marque\u00a0: Elite<\/p>\n<\/p>\n<p>Les gants de gardien de but BLACK REAL sont con\u00e7us pour offrir une adh\u00e9rence et une durabilit\u00e9 sup\u00e9rieures par tous les temps. Voici leurs caract\u00e9ristiques principales\u00a0:<\/p>\n<\/p>\n<p>\u2022 Paume\u00a0: La paume en latex Ultra GTech Pro Black de 4\u00a0mm d\u2019\u00e9paisseur, avec un rembourrage dorsal de 4\u00a0mm, assure une adh\u00e9rence exceptionnelle dans toutes les situations de jeu.<\/p>\n<\/p>\n<p>\u2022 Coupe de la paume\u00a0: La coupe roul\u00e9e des doigts permet un meilleur contact avec le ballon gr\u00e2ce au latex, tandis que le pouce envelopp\u00e9 offre un contr\u00f4le accru.<\/p>\n<\/p>\n<p>\u2022 Dos de la main\u00a0: Le dos de la main est fabriqu\u00e9 en latex BGS durable de 4\u00a0mm d\u2019\u00e9paisseur, gaufr\u00e9 en 3D, avec un rembourrage dorsal renforc\u00e9 de 4\u00a0mm dans la zone d\u2019amorti Shock Zone et un tissu AVM (Air Ventilation Management). Cette conception contribue \u00e0 la durabilit\u00e9 des gants et assure une ventilation optimale.<\/p>\n<\/p>\n<p>\u2022 Maintien des doigts\u00a0: Ces gants sont dot\u00e9s de 5\u00a0attelles amovibles pour les doigts, offrant un maintien suppl\u00e9mentaire et une meilleure stabilit\u00e9 du poignet.<\/p>\n<\/p>\n<p>\u2022 Fermeture du poignet : Les gants BLACK REAL sont \u00e9quip\u00e9s d&rsquo;un bracelet \u00e9lastique et d&rsquo;une sangle en latex \u00e0 360\u00b0 pour une stabilit\u00e9 et une adh\u00e9rence optimales. Une languette en caoutchouc facilite l&rsquo;enfilage et le retrait.<\/p>\n<\/p>\n<p>Ces gants de gardien offrent une adh\u00e9rence et une durabilit\u00e9 exceptionnelles, quelles que soient les conditions de jeu. Attention, ils taillent l\u00e9g\u00e8rement petit. Si vous h\u00e9sitez entre deux tailles, nous vous recommandons de choisir la plus grande. Les gants BLACK REAL sont le choix id\u00e9al pour les gardiens exigeants en mati\u00e8re de performance et de protection.<\/p>\n<\/p>\n<p>Remarque importante : Ces gants taillent l\u00e9g\u00e8rement petit. Si vous h\u00e9sitez entre deux tailles, nous vous conseillons de choisir la plus grande.<\/p>\n<\/p>\n<p>Atteignez l&rsquo;excellence avec les gants de gardien BLACK REAL !<\/p>\n","protected":false},"excerpt":{"rendered":"<p>Gants de gardien de but Elite BLACK REAL\u00a0: Marque\u00a0: Elite Les gants de gardien de but BLACK REAL sont con\u00e7us pour offrir une adh\u00e9rence et une durabilit\u00e9 sup\u00e9rieures par tous les temps. Voici leurs caract\u00e9ristiques principales\u00a0: \u2022 Paume\u00a0: La paume en latex Ultra GTech Pro Black de 4\u00a0mm d\u2019\u00e9paisseur, avec un rembourrage dorsal de 4\u00a0mm, assure une adh\u00e9rence exceptionnelle dans toutes les situations de jeu. \u2022 Coupe de la paume\u00a0: La coupe roul\u00e9e des doigts&hellip;<\/p>\n","protected":false},"featured_media":160327,"comment_status":"open","ping_status":"closed","template":"","meta":[],"product_brand":[],"product_cat":[38527],"product_tag":[],"class_list":{"0":"post-252356","1":"product","2":"type-product","3":"status-publish","4":"has-post-thumbnail","6":"product_cat-fussball-2","7":"product_shipping_class-global_methods","9":"first","10":"instock","11":"taxable","12":"shipping-taxable","13":"purchasable","14":"product-type-simple"},"yoast_head":"<!-- This site is optimized with the Yoast SEO plugin v27.4 - https:\/\/yoast.com\/product\/yoast-seo-wordpress\/ -->\n<title>Elite Torwarthandschuhe Black Real | Jetzt kaufen | Schweizversand.ch<\/title>\n<meta name=\"description\" content=\"Elite Torwarthandschuhe Black Real g\u00fcnstig kaufen bei Schweizversand.ch. Schnelle Lieferung in der Schweiz. Gratisversand ab CHF 50.\" \/>\n<meta name=\"robots\" content=\"index, follow, max-snippet:-1, max-image-preview:large, max-video-preview:-1\" \/>\n<link rel=\"canonical\" href=\"https:\/\/schweizversand.ch\/fr\/produkt\/elite-torwarthandschuhe-black-real\/\" \/>\n<meta property=\"og:locale\" content=\"fr_FR\" \/>\n<meta property=\"og:type\" content=\"article\" \/>\n<meta property=\"og:title\" content=\"Elite Torwarthandschuhe Black Real | Jetzt kaufen | Schweizversand.ch\" \/>\n<meta property=\"og:description\" content=\"Elite Torwarthandschuhe Black Real g\u00fcnstig kaufen bei Schweizversand.ch. Schnelle Lieferung in der Schweiz. Gratisversand ab CHF 50.\" \/>\n<meta property=\"og:url\" content=\"https:\/\/schweizversand.ch\/fr\/produkt\/elite-torwarthandschuhe-black-real\/\" \/>\n<meta property=\"og:site_name\" content=\"Schweizer Shop f\u00fcr Sport, Spiel und Freizeit\" \/>\n<meta property=\"article:publisher\" content=\"https:\/\/www.facebook.com\/Schweizversand\" \/>\n<meta property=\"article:modified_time\" content=\"2026-04-19T00:04:00+00:00\" \/>\n<meta property=\"og:image\" content=\"https:\/\/schweizversand.ch\/wp-content\/uploads\/2026\/02\/5471693653.jpg\" \/>\n\t<meta property=\"og:image:width\" content=\"1024\" \/>\n\t<meta property=\"og:image:height\" content=\"1024\" \/>\n\t<meta property=\"og:image:type\" content=\"image\/jpeg\" \/>\n<meta name=\"twitter:card\" content=\"summary_large_image\" \/>\n<meta name=\"twitter:label1\" content=\"Dur\u00e9e de lecture estim\u00e9e\" \/>\n\t<meta name=\"twitter:data1\" content=\"2 minutes\" \/>\n<script type=\"application\/ld+json\" class=\"yoast-schema-graph\">{\"@context\":\"https:\\\/\\\/schema.org\",\"@graph\":[{\"@type\":\"WebPage\",\"@id\":\"https:\\\/\\\/schweizversand.ch\\\/fr\\\/produkt\\\/elite-torwarthandschuhe-black-real\\\/\",\"url\":\"https:\\\/\\\/schweizversand.ch\\\/fr\\\/produkt\\\/elite-torwarthandschuhe-black-real\\\/\",\"name\":\"Elite Torwarthandschuhe Black Real | Jetzt kaufen | Schweizversand.ch\",\"isPartOf\":{\"@id\":\"https:\\\/\\\/schweizversand.ch\\\/fr\\\/#website\"},\"primaryImageOfPage\":{\"@id\":\"https:\\\/\\\/schweizversand.ch\\\/fr\\\/produkt\\\/elite-torwarthandschuhe-black-real\\\/#primaryimage\"},\"image\":{\"@id\":\"https:\\\/\\\/schweizversand.ch\\\/fr\\\/produkt\\\/elite-torwarthandschuhe-black-real\\\/#primaryimage\"},\"thumbnailUrl\":\"https:\\\/\\\/schweizversand.ch\\\/wp-content\\\/uploads\\\/2026\\\/02\\\/5471693653.jpg\",\"datePublished\":\"2026-03-14T23:55:22+00:00\",\"dateModified\":\"2026-04-19T00:04:00+00:00\",\"description\":\"Elite Torwarthandschuhe Black Real g\u00fcnstig kaufen bei Schweizversand.ch. Schnelle Lieferung in der Schweiz. Gratisversand ab CHF 50.\",\"breadcrumb\":{\"@id\":\"https:\\\/\\\/schweizversand.ch\\\/fr\\\/produkt\\\/elite-torwarthandschuhe-black-real\\\/#breadcrumb\"},\"inLanguage\":\"fr-FR\",\"potentialAction\":[{\"@type\":\"ReadAction\",\"target\":[\"https:\\\/\\\/schweizversand.ch\\\/fr\\\/produkt\\\/elite-torwarthandschuhe-black-real\\\/\"]}]},{\"@type\":\"ImageObject\",\"inLanguage\":\"fr-FR\",\"@id\":\"https:\\\/\\\/schweizversand.ch\\\/fr\\\/produkt\\\/elite-torwarthandschuhe-black-real\\\/#primaryimage\",\"url\":\"https:\\\/\\\/schweizversand.ch\\\/wp-content\\\/uploads\\\/2026\\\/02\\\/5471693653.jpg\",\"contentUrl\":\"https:\\\/\\\/schweizversand.ch\\\/wp-content\\\/uploads\\\/2026\\\/02\\\/5471693653.jpg\",\"width\":1024,\"height\":1024},{\"@type\":\"BreadcrumbList\",\"@id\":\"https:\\\/\\\/schweizversand.ch\\\/fr\\\/produkt\\\/elite-torwarthandschuhe-black-real\\\/#breadcrumb\",\"itemListElement\":[{\"@type\":\"ListItem\",\"position\":1,\"name\":\"Startseite\",\"item\":\"https:\\\/\\\/schweizversand.ch\\\/fr\\\/home\\\/\"},{\"@type\":\"ListItem\",\"position\":2,\"name\":\"Boutique\",\"item\":\"https:\\\/\\\/schweizversand.ch\\\/fr\\\/boutique\\\/\"},{\"@type\":\"ListItem\",\"position\":3,\"name\":\"Sports\",\"item\":\"https:\\\/\\\/schweizversand.ch\\\/fr\\\/produkt-kategorie\\\/sports\\\/\"},{\"@type\":\"ListItem\",\"position\":4,\"name\":\"sports de balle et fl\u00e9chettes\",\"item\":\"https:\\\/\\\/schweizversand.ch\\\/fr\\\/produkt-kategorie\\\/sports\\\/sports-de-balle-et-flechettes\\\/\"},{\"@type\":\"ListItem\",\"position\":5,\"name\":\"football\",\"item\":\"https:\\\/\\\/schweizversand.ch\\\/fr\\\/produkt-kategorie\\\/fussball-2\\\/\"},{\"@type\":\"ListItem\",\"position\":6,\"name\":\"Gants de gardien de but Elite noirs Real\"}]},{\"@type\":\"WebSite\",\"@id\":\"https:\\\/\\\/schweizversand.ch\\\/fr\\\/#website\",\"url\":\"https:\\\/\\\/schweizversand.ch\\\/fr\\\/\",\"name\":\"Schweizer Shop f\u00fcr Sport, Spiel und Freizeit\",\"description\":\"Gratisversand ab 50.- (netto), ab eigenem schweizer Lager, Lieferung innert 48h\",\"publisher\":{\"@id\":\"https:\\\/\\\/schweizversand.ch\\\/fr\\\/#organization\"},\"alternateName\":\"Schweizversand.ch\",\"potentialAction\":[{\"@type\":\"SearchAction\",\"target\":{\"@type\":\"EntryPoint\",\"urlTemplate\":\"https:\\\/\\\/schweizversand.ch\\\/fr\\\/?s={search_term_string}\"},\"query-input\":{\"@type\":\"PropertyValueSpecification\",\"valueRequired\":true,\"valueName\":\"search_term_string\"}}],\"inLanguage\":\"fr-FR\"},{\"@type\":\"Organization\",\"@id\":\"https:\\\/\\\/schweizversand.ch\\\/fr\\\/#organization\",\"name\":\"Schweizversand.ch\",\"url\":\"https:\\\/\\\/schweizversand.ch\\\/fr\\\/\",\"logo\":{\"@type\":\"ImageObject\",\"inLanguage\":\"fr-FR\",\"@id\":\"https:\\\/\\\/schweizversand.ch\\\/fr\\\/#\\\/schema\\\/logo\\\/image\\\/\",\"url\":\"https:\\\/\\\/schweizversand.ch\\\/wp-content\\\/uploads\\\/2026\\\/03\\\/Logo_Rund_Final-1.png\",\"contentUrl\":\"https:\\\/\\\/schweizversand.ch\\\/wp-content\\\/uploads\\\/2026\\\/03\\\/Logo_Rund_Final-1.png\",\"width\":404,\"height\":404,\"caption\":\"Schweizversand.ch\"},\"image\":{\"@id\":\"https:\\\/\\\/schweizversand.ch\\\/fr\\\/#\\\/schema\\\/logo\\\/image\\\/\"},\"sameAs\":[\"https:\\\/\\\/www.facebook.com\\\/Schweizversand\",\"https:\\\/\\\/www.instagram.com\\\/schweizversand.ch\\\/\"]}]}<\/script>\n<!-- \/ Yoast SEO plugin. -->","yoast_head_json":{"title":"Elite Torwarthandschuhe Black Real | Jetzt kaufen | Schweizversand.ch","description":"Elite Torwarthandschuhe Black Real g\u00fcnstig kaufen bei Schweizversand.ch. Schnelle Lieferung in der Schweiz. Gratisversand ab CHF 50.","robots":{"index":"index","follow":"follow","max-snippet":"max-snippet:-1","max-image-preview":"max-image-preview:large","max-video-preview":"max-video-preview:-1"},"canonical":"https:\/\/schweizversand.ch\/fr\/produkt\/elite-torwarthandschuhe-black-real\/","og_locale":"fr_FR","og_type":"article","og_title":"Elite Torwarthandschuhe Black Real | Jetzt kaufen | Schweizversand.ch","og_description":"Elite Torwarthandschuhe Black Real g\u00fcnstig kaufen bei Schweizversand.ch. Schnelle Lieferung in der Schweiz. Gratisversand ab CHF 50.","og_url":"https:\/\/schweizversand.ch\/fr\/produkt\/elite-torwarthandschuhe-black-real\/","og_site_name":"Schweizer Shop f\u00fcr Sport, Spiel und Freizeit","article_publisher":"https:\/\/www.facebook.com\/Schweizversand","article_modified_time":"2026-04-19T00:04:00+00:00","og_image":[{"width":1024,"height":1024,"url":"https:\/\/schweizversand.ch\/wp-content\/uploads\/2026\/02\/5471693653.jpg","type":"image\/jpeg"}],"twitter_card":"summary_large_image","twitter_misc":{"Dur\u00e9e de lecture estim\u00e9e":"2 minutes"},"schema":{"@context":"https:\/\/schema.org","@graph":[{"@type":"WebPage","@id":"https:\/\/schweizversand.ch\/fr\/produkt\/elite-torwarthandschuhe-black-real\/","url":"https:\/\/schweizversand.ch\/fr\/produkt\/elite-torwarthandschuhe-black-real\/","name":"Elite Torwarthandschuhe Black Real | Jetzt kaufen | Schweizversand.ch","isPartOf":{"@id":"https:\/\/schweizversand.ch\/fr\/#website"},"primaryImageOfPage":{"@id":"https:\/\/schweizversand.ch\/fr\/produkt\/elite-torwarthandschuhe-black-real\/#primaryimage"},"image":{"@id":"https:\/\/schweizversand.ch\/fr\/produkt\/elite-torwarthandschuhe-black-real\/#primaryimage"},"thumbnailUrl":"https:\/\/schweizversand.ch\/wp-content\/uploads\/2026\/02\/5471693653.jpg","datePublished":"2026-03-14T23:55:22+00:00","dateModified":"2026-04-19T00:04:00+00:00","description":"Elite Torwarthandschuhe Black Real g\u00fcnstig kaufen bei Schweizversand.ch. Schnelle Lieferung in der Schweiz. Gratisversand ab CHF 50.","breadcrumb":{"@id":"https:\/\/schweizversand.ch\/fr\/produkt\/elite-torwarthandschuhe-black-real\/#breadcrumb"},"inLanguage":"fr-FR","potentialAction":[{"@type":"ReadAction","target":["https:\/\/schweizversand.ch\/fr\/produkt\/elite-torwarthandschuhe-black-real\/"]}]},{"@type":"ImageObject","inLanguage":"fr-FR","@id":"https:\/\/schweizversand.ch\/fr\/produkt\/elite-torwarthandschuhe-black-real\/#primaryimage","url":"https:\/\/schweizversand.ch\/wp-content\/uploads\/2026\/02\/5471693653.jpg","contentUrl":"https:\/\/schweizversand.ch\/wp-content\/uploads\/2026\/02\/5471693653.jpg","width":1024,"height":1024},{"@type":"BreadcrumbList","@id":"https:\/\/schweizversand.ch\/fr\/produkt\/elite-torwarthandschuhe-black-real\/#breadcrumb","itemListElement":[{"@type":"ListItem","position":1,"name":"Startseite","item":"https:\/\/schweizversand.ch\/fr\/home\/"},{"@type":"ListItem","position":2,"name":"Boutique","item":"https:\/\/schweizversand.ch\/fr\/boutique\/"},{"@type":"ListItem","position":3,"name":"Sports","item":"https:\/\/schweizversand.ch\/fr\/produkt-kategorie\/sports\/"},{"@type":"ListItem","position":4,"name":"sports de balle et fl\u00e9chettes","item":"https:\/\/schweizversand.ch\/fr\/produkt-kategorie\/sports\/sports-de-balle-et-flechettes\/"},{"@type":"ListItem","position":5,"name":"football","item":"https:\/\/schweizversand.ch\/fr\/produkt-kategorie\/fussball-2\/"},{"@type":"ListItem","position":6,"name":"Gants de gardien de but Elite noirs Real"}]},{"@type":"WebSite","@id":"https:\/\/schweizversand.ch\/fr\/#website","url":"https:\/\/schweizversand.ch\/fr\/","name":"Schweizer Shop f\u00fcr Sport, Spiel und Freizeit","description":"Gratisversand ab 50.- (netto), ab eigenem schweizer Lager, Lieferung innert 48h","publisher":{"@id":"https:\/\/schweizversand.ch\/fr\/#organization"},"alternateName":"Schweizversand.ch","potentialAction":[{"@type":"SearchAction","target":{"@type":"EntryPoint","urlTemplate":"https:\/\/schweizversand.ch\/fr\/?s={search_term_string}"},"query-input":{"@type":"PropertyValueSpecification","valueRequired":true,"valueName":"search_term_string"}}],"inLanguage":"fr-FR"},{"@type":"Organization","@id":"https:\/\/schweizversand.ch\/fr\/#organization","name":"Schweizversand.ch","url":"https:\/\/schweizversand.ch\/fr\/","logo":{"@type":"ImageObject","inLanguage":"fr-FR","@id":"https:\/\/schweizversand.ch\/fr\/#\/schema\/logo\/image\/","url":"https:\/\/schweizversand.ch\/wp-content\/uploads\/2026\/03\/Logo_Rund_Final-1.png","contentUrl":"https:\/\/schweizversand.ch\/wp-content\/uploads\/2026\/03\/Logo_Rund_Final-1.png","width":404,"height":404,"caption":"Schweizversand.ch"},"image":{"@id":"https:\/\/schweizversand.ch\/fr\/#\/schema\/logo\/image\/"},"sameAs":["https:\/\/www.facebook.com\/Schweizversand","https:\/\/www.instagram.com\/schweizversand.ch\/"]}]}},"jetpack_sharing_enabled":true,"_links":{"self":[{"href":"https:\/\/schweizversand.ch\/fr\/wp-json\/wp\/v2\/product\/252356","targetHints":{"allow":["GET"]}}],"collection":[{"href":"https:\/\/schweizversand.ch\/fr\/wp-json\/wp\/v2\/product"}],"about":[{"href":"https:\/\/schweizversand.ch\/fr\/wp-json\/wp\/v2\/types\/product"}],"replies":[{"embeddable":true,"href":"https:\/\/schweizversand.ch\/fr\/wp-json\/wp\/v2\/comments?post=252356"}],"wp:featuredmedia":[{"embeddable":true,"href":"https:\/\/schweizversand.ch\/fr\/wp-json\/wp\/v2\/media\/160327"}],"wp:attachment":[{"href":"https:\/\/schweizversand.ch\/fr\/wp-json\/wp\/v2\/media?parent=252356"}],"wp:term":[{"taxonomy":"product_brand","embeddable":true,"href":"https:\/\/schweizversand.ch\/fr\/wp-json\/wp\/v2\/product_brand?post=252356"},{"taxonomy":"product_cat","embeddable":true,"href":"https:\/\/schweizversand.ch\/fr\/wp-json\/wp\/v2\/product_cat?post=252356"},{"taxonomy":"product_tag","embeddable":true,"href":"https:\/\/schweizversand.ch\/fr\/wp-json\/wp\/v2\/product_tag?post=252356"}],"curies":[{"name":"wp","href":"https:\/\/api.w.org\/{rel}","templated":true}]}}