{"id":252358,"date":"2026-03-15T00:28:51","date_gmt":"2026-03-14T23:28:51","guid":{"rendered":"https:\/\/schweizversand.ch\/produkt\/brilite-gluehbirne-led-smd-b35-crystal-kerze\/"},"modified":"2026-04-19T15:35:48","modified_gmt":"2026-04-19T13:35:48","slug":"brilite-gluehbirne-led-smd-b35-crystal-kerze","status":"publish","type":"product","link":"https:\/\/schweizversand.ch\/fr\/produkt\/brilite-gluehbirne-led-smd-b35-crystal-kerze\/","title":{"rendered":"Ampoule LED B35 \u00e0 cristal Brilite SMD Crystal Candle"},"content":{"rendered":"<h1><strong>Ampoule LED Brilite E14 B35 Crystal Candle<\/strong><\/h1>\n<div>Apportez une lumi\u00e8re chaleureuse et agr\u00e9able \u00e0 votre int\u00e9rieur gr\u00e2ce \u00e0 cette <strong>ampoule LED E14 de haute qualit\u00e9<\/strong>. Alternative id\u00e9ale aux ampoules \u00e0 incandescence traditionnelles, cette source lumineuse offre une excellente qualit\u00e9 d&rsquo;\u00e9clairage et permet de r\u00e9aliser d&rsquo;importantes \u00e9conomies d&rsquo;\u00e9nergie, cr\u00e9ant ainsi une ambiance cosy et accueillante dans n&rsquo;importe quelle pi\u00e8ce.<\/p>\n<\/div>\n<div><strong>Un \u00e9clairage id\u00e9al pour votre maison<\/strong><br \/>L&rsquo;ampoule Brilite B35 Crystal Candle offre instantan\u00e9ment une luminosit\u00e9 de <strong>470 lumens<\/strong>, rempla\u00e7ant sans effort les ampoules \u00e0 incandescence classiques de 40 W. Gr\u00e2ce \u00e0 sa lumi\u00e8re <strong>blanc chaud<\/strong>, cette ampoule LED blanc chaud cr\u00e9e une atmosph\u00e8re confortable et relaxante, parfaite pour les salons, les chambres ou les luminaires d\u00e9coratifs. Le design \u00e9pur\u00e9 de la B35 Crystal Candle la rend particuli\u00e8rement adapt\u00e9e aux luminaires ouverts et aux lustres o\u00f9 son design est visible. Efficacit\u00e9 et long\u00e9vit\u00e9 maximales\u00a0: optez pour le d\u00e9veloppement durable et r\u00e9duisez vos factures d&rsquo;\u00e9lectricit\u00e9. Cette ampoule LED E14 moderne consomme une fraction de l&rsquo;\u00e9nergie d&rsquo;une ampoule \u00e0 incandescence standard et permet de r\u00e9aliser jusqu&rsquo;\u00e0 85 % d&rsquo;\u00e9conomies d&rsquo;\u00e9nergie. Avec une dur\u00e9e de vie exceptionnelle pouvant atteindre 25 ans et plus de 100\u00a0000 cycles d&rsquo;allumage, l&rsquo;ampoule LED Brilite est extr\u00eamement fiable et ne n\u00e9cessite que tr\u00e8s peu d&rsquo;entretien. Profitez d&rsquo;une luminosit\u00e9 maximale instantan\u00e9e, sans temps de pr\u00e9chauffage.<\/p>\n<\/div>\n<div><strong>Caract\u00e9ristiques principales du produit<\/strong><br \/>&#8211; <strong>Bougie LED E14<\/strong> au design \u00e9l\u00e9gant B35<br \/>&#8211; Remplace une LED standard de 40 W avec une tr\u00e8s faible consommation d&rsquo;\u00e9nergie<br \/>&#8211; Couleur de la lumi\u00e8re\u00a0: Blanc chaud pour une ambiance chaleureuse<br \/>&#8211; Luminosit\u00e9 maximale instantan\u00e9e apr\u00e8s l&rsquo;allumage<br \/>&#8211; Dur\u00e9e de vie extr\u00eamement longue et grande robustesse<br \/>&#8211; Non dimmable \u2013 pour un \u00e9clairage simple et fiable<\/p>\n<\/div>\n<div><strong>Sp\u00e9cifications techniques<\/strong><br \/>&#8211; Dimensions\u00a0: 35 \u00d7 100 mm<br \/>&#8211; Culot\u00a0: E14<br \/>&#8211; Puissance\u00a0: LED 5,5 W (\u00e9quivalent \u00e0 environ 40 W standard)<br \/>&#8211; Luminosit\u00e9\u00a0: 470 lumens<br \/>&#8211; Tension\u00a0: 220\u2013240 V \/ 50 Hz<br \/>&#8211; Consommation de courant\u00a0: 45 mA<br \/>&#8211; Dur\u00e9e de vie\u00a0: Environ 25 ans<br \/>&#8211; Cycles d&rsquo;allumage\u00a0: jusqu&rsquo;\u00e0 100\u00a0000<\/p>\n<\/div>\n<div>Investissez dans l&rsquo;ampoule LED Brilite E14 B35 Crystal Candle et profitez d&rsquo;une solution d&rsquo;\u00e9clairage durable et \u00e9co\u00e9nerg\u00e9tique qui baigne votre maison d&rsquo;une lumi\u00e8re chaleureuse et accueillante.<\/p>\n<\/div>\n<div>\n<\/div>\n","protected":false},"excerpt":{"rendered":"<p>Ampoule LED Brilite E14 B35 Crystal Candle Apportez une lumi\u00e8re chaleureuse et agr\u00e9able \u00e0 votre int\u00e9rieur gr\u00e2ce \u00e0 cette ampoule LED E14 de haute qualit\u00e9. Alternative id\u00e9ale aux ampoules \u00e0 incandescence traditionnelles, cette source lumineuse offre une excellente qualit\u00e9 d&rsquo;\u00e9clairage et permet de r\u00e9aliser d&rsquo;importantes \u00e9conomies d&rsquo;\u00e9nergie, cr\u00e9ant ainsi une ambiance cosy et accueillante dans n&rsquo;importe quelle pi\u00e8ce. Un \u00e9clairage id\u00e9al pour votre maisonL&rsquo;ampoule Brilite B35 Crystal Candle offre instantan\u00e9ment une luminosit\u00e9 de 470 lumens,&hellip;<\/p>\n","protected":false},"featured_media":163787,"comment_status":"open","ping_status":"closed","template":"","meta":[],"product_brand":[],"product_cat":[38351],"product_tag":[],"class_list":{"0":"post-252358","1":"product","2":"type-product","3":"status-publish","4":"has-post-thumbnail","6":"product_cat-leuchtmittel-leuchten","7":"product_shipping_class-global_methods","9":"first","10":"instock","11":"taxable","12":"shipping-taxable","13":"purchasable","14":"product-type-simple"},"yoast_head":"<!-- This site is optimized with the Yoast SEO plugin v27.4 - https:\/\/yoast.com\/product\/yoast-seo-wordpress\/ -->\n<title>Brilite Gl\u00fchbirne LED SMD B35 Crystal Kerze | Jetzt kaufen | Schweizversand.ch<\/title>\n<meta name=\"description\" content=\"Brilite Gl\u00fchbirne LED SMD B35 Crystal Kerze g\u00fcnstig kaufen bei Schweizversand.ch. Schnelle Lieferung in der Schweiz. Gratisversand ab CHF 50.\" \/>\n<meta name=\"robots\" content=\"index, follow, max-snippet:-1, max-image-preview:large, max-video-preview:-1\" \/>\n<link rel=\"canonical\" href=\"https:\/\/schweizversand.ch\/fr\/produkt\/brilite-gluehbirne-led-smd-b35-crystal-kerze\/\" \/>\n<meta property=\"og:locale\" content=\"fr_FR\" \/>\n<meta property=\"og:type\" content=\"article\" \/>\n<meta property=\"og:title\" content=\"Brilite Gl\u00fchbirne LED SMD B35 Crystal Kerze | Jetzt kaufen | Schweizversand.ch\" \/>\n<meta property=\"og:description\" content=\"Brilite Gl\u00fchbirne LED SMD B35 Crystal Kerze g\u00fcnstig kaufen bei Schweizversand.ch. Schnelle Lieferung in der Schweiz. Gratisversand ab CHF 50.\" \/>\n<meta property=\"og:url\" content=\"https:\/\/schweizversand.ch\/fr\/produkt\/brilite-gluehbirne-led-smd-b35-crystal-kerze\/\" \/>\n<meta property=\"og:site_name\" content=\"Schweizer Shop f\u00fcr Sport, Spiel und Freizeit\" \/>\n<meta property=\"article:publisher\" content=\"https:\/\/www.facebook.com\/Schweizversand\" \/>\n<meta property=\"article:modified_time\" content=\"2026-04-19T13:35:48+00:00\" \/>\n<meta property=\"og:image\" content=\"https:\/\/schweizversand.ch\/wp-content\/uploads\/2026\/02\/5471534104.jpg\" \/>\n\t<meta property=\"og:image:width\" content=\"1024\" \/>\n\t<meta property=\"og:image:height\" content=\"683\" \/>\n\t<meta property=\"og:image:type\" content=\"image\/jpeg\" \/>\n<meta name=\"twitter:card\" content=\"summary_large_image\" \/>\n<meta name=\"twitter:label1\" content=\"Dur\u00e9e de lecture estim\u00e9e\" \/>\n\t<meta name=\"twitter:data1\" content=\"2 minutes\" \/>\n<script type=\"application\/ld+json\" class=\"yoast-schema-graph\">{\"@context\":\"https:\\\/\\\/schema.org\",\"@graph\":[{\"@type\":\"WebPage\",\"@id\":\"https:\\\/\\\/schweizversand.ch\\\/fr\\\/produkt\\\/brilite-gluehbirne-led-smd-b35-crystal-kerze\\\/\",\"url\":\"https:\\\/\\\/schweizversand.ch\\\/fr\\\/produkt\\\/brilite-gluehbirne-led-smd-b35-crystal-kerze\\\/\",\"name\":\"Brilite Gl\u00fchbirne LED SMD B35 Crystal Kerze | Jetzt kaufen | Schweizversand.ch\",\"isPartOf\":{\"@id\":\"https:\\\/\\\/schweizversand.ch\\\/fr\\\/#website\"},\"primaryImageOfPage\":{\"@id\":\"https:\\\/\\\/schweizversand.ch\\\/fr\\\/produkt\\\/brilite-gluehbirne-led-smd-b35-crystal-kerze\\\/#primaryimage\"},\"image\":{\"@id\":\"https:\\\/\\\/schweizversand.ch\\\/fr\\\/produkt\\\/brilite-gluehbirne-led-smd-b35-crystal-kerze\\\/#primaryimage\"},\"thumbnailUrl\":\"https:\\\/\\\/schweizversand.ch\\\/wp-content\\\/uploads\\\/2026\\\/02\\\/5471534104.jpg\",\"datePublished\":\"2026-03-14T23:28:51+00:00\",\"dateModified\":\"2026-04-19T13:35:48+00:00\",\"description\":\"Brilite Gl\u00fchbirne LED SMD B35 Crystal Kerze g\u00fcnstig kaufen bei Schweizversand.ch. Schnelle Lieferung in der Schweiz. Gratisversand ab CHF 50.\",\"breadcrumb\":{\"@id\":\"https:\\\/\\\/schweizversand.ch\\\/fr\\\/produkt\\\/brilite-gluehbirne-led-smd-b35-crystal-kerze\\\/#breadcrumb\"},\"inLanguage\":\"fr-FR\",\"potentialAction\":[{\"@type\":\"ReadAction\",\"target\":[\"https:\\\/\\\/schweizversand.ch\\\/fr\\\/produkt\\\/brilite-gluehbirne-led-smd-b35-crystal-kerze\\\/\"]}]},{\"@type\":\"ImageObject\",\"inLanguage\":\"fr-FR\",\"@id\":\"https:\\\/\\\/schweizversand.ch\\\/fr\\\/produkt\\\/brilite-gluehbirne-led-smd-b35-crystal-kerze\\\/#primaryimage\",\"url\":\"https:\\\/\\\/schweizversand.ch\\\/wp-content\\\/uploads\\\/2026\\\/02\\\/5471534104.jpg\",\"contentUrl\":\"https:\\\/\\\/schweizversand.ch\\\/wp-content\\\/uploads\\\/2026\\\/02\\\/5471534104.jpg\",\"width\":1024,\"height\":683},{\"@type\":\"BreadcrumbList\",\"@id\":\"https:\\\/\\\/schweizversand.ch\\\/fr\\\/produkt\\\/brilite-gluehbirne-led-smd-b35-crystal-kerze\\\/#breadcrumb\",\"itemListElement\":[{\"@type\":\"ListItem\",\"position\":1,\"name\":\"Startseite\",\"item\":\"https:\\\/\\\/schweizversand.ch\\\/fr\\\/home\\\/\"},{\"@type\":\"ListItem\",\"position\":2,\"name\":\"Boutique\",\"item\":\"https:\\\/\\\/schweizversand.ch\\\/fr\\\/boutique\\\/\"},{\"@type\":\"ListItem\",\"position\":3,\"name\":\"Accueil\",\"item\":\"https:\\\/\\\/schweizversand.ch\\\/fr\\\/produkt-kategorie\\\/accueil\\\/\"},{\"@type\":\"ListItem\",\"position\":4,\"name\":\"Lampes et \u00e9clairage\",\"item\":\"https:\\\/\\\/schweizversand.ch\\\/fr\\\/produkt-kategorie\\\/accueil\\\/lampes-et-eclairage\\\/\"},{\"@type\":\"ListItem\",\"position\":5,\"name\":\"Ampoules et \u00e9clairage\",\"item\":\"https:\\\/\\\/schweizversand.ch\\\/fr\\\/produkt-kategorie\\\/accueil\\\/lampes-et-eclairage\\\/leuchtmittel-leuchten\\\/\"},{\"@type\":\"ListItem\",\"position\":6,\"name\":\"Ampoule LED B35 \u00e0 cristal Brilite SMD Crystal Candle\"}]},{\"@type\":\"WebSite\",\"@id\":\"https:\\\/\\\/schweizversand.ch\\\/fr\\\/#website\",\"url\":\"https:\\\/\\\/schweizversand.ch\\\/fr\\\/\",\"name\":\"Schweizer Shop f\u00fcr Sport, Spiel und Freizeit\",\"description\":\"Gratisversand ab 50.- (netto), ab eigenem schweizer Lager, Lieferung innert 48h\",\"publisher\":{\"@id\":\"https:\\\/\\\/schweizversand.ch\\\/fr\\\/#organization\"},\"alternateName\":\"Schweizversand.ch\",\"potentialAction\":[{\"@type\":\"SearchAction\",\"target\":{\"@type\":\"EntryPoint\",\"urlTemplate\":\"https:\\\/\\\/schweizversand.ch\\\/fr\\\/?s={search_term_string}\"},\"query-input\":{\"@type\":\"PropertyValueSpecification\",\"valueRequired\":true,\"valueName\":\"search_term_string\"}}],\"inLanguage\":\"fr-FR\"},{\"@type\":\"Organization\",\"@id\":\"https:\\\/\\\/schweizversand.ch\\\/fr\\\/#organization\",\"name\":\"Schweizversand.ch\",\"url\":\"https:\\\/\\\/schweizversand.ch\\\/fr\\\/\",\"logo\":{\"@type\":\"ImageObject\",\"inLanguage\":\"fr-FR\",\"@id\":\"https:\\\/\\\/schweizversand.ch\\\/fr\\\/#\\\/schema\\\/logo\\\/image\\\/\",\"url\":\"https:\\\/\\\/schweizversand.ch\\\/wp-content\\\/uploads\\\/2026\\\/03\\\/Logo_Rund_Final-1.png\",\"contentUrl\":\"https:\\\/\\\/schweizversand.ch\\\/wp-content\\\/uploads\\\/2026\\\/03\\\/Logo_Rund_Final-1.png\",\"width\":404,\"height\":404,\"caption\":\"Schweizversand.ch\"},\"image\":{\"@id\":\"https:\\\/\\\/schweizversand.ch\\\/fr\\\/#\\\/schema\\\/logo\\\/image\\\/\"},\"sameAs\":[\"https:\\\/\\\/www.facebook.com\\\/Schweizversand\",\"https:\\\/\\\/www.instagram.com\\\/schweizversand.ch\\\/\"]}]}<\/script>\n<!-- \/ Yoast SEO plugin. -->","yoast_head_json":{"title":"Brilite Gl\u00fchbirne LED SMD B35 Crystal Kerze | Jetzt kaufen | Schweizversand.ch","description":"Brilite Gl\u00fchbirne LED SMD B35 Crystal Kerze g\u00fcnstig kaufen bei Schweizversand.ch. Schnelle Lieferung in der Schweiz. Gratisversand ab CHF 50.","robots":{"index":"index","follow":"follow","max-snippet":"max-snippet:-1","max-image-preview":"max-image-preview:large","max-video-preview":"max-video-preview:-1"},"canonical":"https:\/\/schweizversand.ch\/fr\/produkt\/brilite-gluehbirne-led-smd-b35-crystal-kerze\/","og_locale":"fr_FR","og_type":"article","og_title":"Brilite Gl\u00fchbirne LED SMD B35 Crystal Kerze | Jetzt kaufen | Schweizversand.ch","og_description":"Brilite Gl\u00fchbirne LED SMD B35 Crystal Kerze g\u00fcnstig kaufen bei Schweizversand.ch. Schnelle Lieferung in der Schweiz. Gratisversand ab CHF 50.","og_url":"https:\/\/schweizversand.ch\/fr\/produkt\/brilite-gluehbirne-led-smd-b35-crystal-kerze\/","og_site_name":"Schweizer Shop f\u00fcr Sport, Spiel und Freizeit","article_publisher":"https:\/\/www.facebook.com\/Schweizversand","article_modified_time":"2026-04-19T13:35:48+00:00","og_image":[{"width":1024,"height":683,"url":"https:\/\/schweizversand.ch\/wp-content\/uploads\/2026\/02\/5471534104.jpg","type":"image\/jpeg"}],"twitter_card":"summary_large_image","twitter_misc":{"Dur\u00e9e de lecture estim\u00e9e":"2 minutes"},"schema":{"@context":"https:\/\/schema.org","@graph":[{"@type":"WebPage","@id":"https:\/\/schweizversand.ch\/fr\/produkt\/brilite-gluehbirne-led-smd-b35-crystal-kerze\/","url":"https:\/\/schweizversand.ch\/fr\/produkt\/brilite-gluehbirne-led-smd-b35-crystal-kerze\/","name":"Brilite Gl\u00fchbirne LED SMD B35 Crystal Kerze | Jetzt kaufen | Schweizversand.ch","isPartOf":{"@id":"https:\/\/schweizversand.ch\/fr\/#website"},"primaryImageOfPage":{"@id":"https:\/\/schweizversand.ch\/fr\/produkt\/brilite-gluehbirne-led-smd-b35-crystal-kerze\/#primaryimage"},"image":{"@id":"https:\/\/schweizversand.ch\/fr\/produkt\/brilite-gluehbirne-led-smd-b35-crystal-kerze\/#primaryimage"},"thumbnailUrl":"https:\/\/schweizversand.ch\/wp-content\/uploads\/2026\/02\/5471534104.jpg","datePublished":"2026-03-14T23:28:51+00:00","dateModified":"2026-04-19T13:35:48+00:00","description":"Brilite Gl\u00fchbirne LED SMD B35 Crystal Kerze g\u00fcnstig kaufen bei Schweizversand.ch. Schnelle Lieferung in der Schweiz. Gratisversand ab CHF 50.","breadcrumb":{"@id":"https:\/\/schweizversand.ch\/fr\/produkt\/brilite-gluehbirne-led-smd-b35-crystal-kerze\/#breadcrumb"},"inLanguage":"fr-FR","potentialAction":[{"@type":"ReadAction","target":["https:\/\/schweizversand.ch\/fr\/produkt\/brilite-gluehbirne-led-smd-b35-crystal-kerze\/"]}]},{"@type":"ImageObject","inLanguage":"fr-FR","@id":"https:\/\/schweizversand.ch\/fr\/produkt\/brilite-gluehbirne-led-smd-b35-crystal-kerze\/#primaryimage","url":"https:\/\/schweizversand.ch\/wp-content\/uploads\/2026\/02\/5471534104.jpg","contentUrl":"https:\/\/schweizversand.ch\/wp-content\/uploads\/2026\/02\/5471534104.jpg","width":1024,"height":683},{"@type":"BreadcrumbList","@id":"https:\/\/schweizversand.ch\/fr\/produkt\/brilite-gluehbirne-led-smd-b35-crystal-kerze\/#breadcrumb","itemListElement":[{"@type":"ListItem","position":1,"name":"Startseite","item":"https:\/\/schweizversand.ch\/fr\/home\/"},{"@type":"ListItem","position":2,"name":"Boutique","item":"https:\/\/schweizversand.ch\/fr\/boutique\/"},{"@type":"ListItem","position":3,"name":"Accueil","item":"https:\/\/schweizversand.ch\/fr\/produkt-kategorie\/accueil\/"},{"@type":"ListItem","position":4,"name":"Lampes et \u00e9clairage","item":"https:\/\/schweizversand.ch\/fr\/produkt-kategorie\/accueil\/lampes-et-eclairage\/"},{"@type":"ListItem","position":5,"name":"Ampoules et \u00e9clairage","item":"https:\/\/schweizversand.ch\/fr\/produkt-kategorie\/accueil\/lampes-et-eclairage\/leuchtmittel-leuchten\/"},{"@type":"ListItem","position":6,"name":"Ampoule LED B35 \u00e0 cristal Brilite SMD Crystal Candle"}]},{"@type":"WebSite","@id":"https:\/\/schweizversand.ch\/fr\/#website","url":"https:\/\/schweizversand.ch\/fr\/","name":"Schweizer Shop f\u00fcr Sport, Spiel und Freizeit","description":"Gratisversand ab 50.- (netto), ab eigenem schweizer Lager, Lieferung innert 48h","publisher":{"@id":"https:\/\/schweizversand.ch\/fr\/#organization"},"alternateName":"Schweizversand.ch","potentialAction":[{"@type":"SearchAction","target":{"@type":"EntryPoint","urlTemplate":"https:\/\/schweizversand.ch\/fr\/?s={search_term_string}"},"query-input":{"@type":"PropertyValueSpecification","valueRequired":true,"valueName":"search_term_string"}}],"inLanguage":"fr-FR"},{"@type":"Organization","@id":"https:\/\/schweizversand.ch\/fr\/#organization","name":"Schweizversand.ch","url":"https:\/\/schweizversand.ch\/fr\/","logo":{"@type":"ImageObject","inLanguage":"fr-FR","@id":"https:\/\/schweizversand.ch\/fr\/#\/schema\/logo\/image\/","url":"https:\/\/schweizversand.ch\/wp-content\/uploads\/2026\/03\/Logo_Rund_Final-1.png","contentUrl":"https:\/\/schweizversand.ch\/wp-content\/uploads\/2026\/03\/Logo_Rund_Final-1.png","width":404,"height":404,"caption":"Schweizversand.ch"},"image":{"@id":"https:\/\/schweizversand.ch\/fr\/#\/schema\/logo\/image\/"},"sameAs":["https:\/\/www.facebook.com\/Schweizversand","https:\/\/www.instagram.com\/schweizversand.ch\/"]}]}},"jetpack_sharing_enabled":true,"_links":{"self":[{"href":"https:\/\/schweizversand.ch\/fr\/wp-json\/wp\/v2\/product\/252358","targetHints":{"allow":["GET"]}}],"collection":[{"href":"https:\/\/schweizversand.ch\/fr\/wp-json\/wp\/v2\/product"}],"about":[{"href":"https:\/\/schweizversand.ch\/fr\/wp-json\/wp\/v2\/types\/product"}],"replies":[{"embeddable":true,"href":"https:\/\/schweizversand.ch\/fr\/wp-json\/wp\/v2\/comments?post=252358"}],"wp:featuredmedia":[{"embeddable":true,"href":"https:\/\/schweizversand.ch\/fr\/wp-json\/wp\/v2\/media\/163787"}],"wp:attachment":[{"href":"https:\/\/schweizversand.ch\/fr\/wp-json\/wp\/v2\/media?parent=252358"}],"wp:term":[{"taxonomy":"product_brand","embeddable":true,"href":"https:\/\/schweizversand.ch\/fr\/wp-json\/wp\/v2\/product_brand?post=252358"},{"taxonomy":"product_cat","embeddable":true,"href":"https:\/\/schweizversand.ch\/fr\/wp-json\/wp\/v2\/product_cat?post=252358"},{"taxonomy":"product_tag","embeddable":true,"href":"https:\/\/schweizversand.ch\/fr\/wp-json\/wp\/v2\/product_tag?post=252358"}],"curies":[{"name":"wp","href":"https:\/\/api.w.org\/{rel}","templated":true}]}}