{"id":252359,"date":"2026-03-15T00:28:51","date_gmt":"2026-03-14T23:28:51","guid":{"rendered":"https:\/\/schweizversand.ch\/produkt\/amewi-mini-fahrzeuge-im-massstab-136-polizei-edition\/"},"modified":"2026-04-19T02:05:12","modified_gmt":"2026-04-19T00:05:12","slug":"amewi-mini-fahrzeuge-im-massstab-136-polizei-edition","status":"publish","type":"product","link":"https:\/\/schweizversand.ch\/fr\/produkt\/amewi-mini-fahrzeuge-im-massstab-136-polizei-edition\/","title":{"rendered":"V\u00e9hicules miniatures Amewi \u00e0 l&rsquo;\u00e9chelle 1:36 \u2013 \u00c9dition Police"},"content":{"rendered":"<h1><strong>Mini-v\u00e9hicules AMEWI \u00e0 l&rsquo;\u00e9chelle 1:36 \u2013 \u00c9dition Police<\/strong><\/h1>\n<div><\/div>\n<div><strong>Conception et mat\u00e9riaux de haute qualit\u00e9<\/strong><br \/>Chaque mod\u00e8le est dot\u00e9 d&rsquo;une carrosserie robuste en m\u00e9tal moul\u00e9 sous pression, garantissant durabilit\u00e9 et authenticit\u00e9. Le design classique des voitures de police en fait de v\u00e9ritables objets de collection. Vous avez la garantie de recevoir une pi\u00e8ce unique.<\/div>\n<div><strong>Plaisir dynamique gr\u00e2ce au moteur \u00e0 r\u00e9trofriction<\/strong><br \/>\u00c9quip\u00e9s d&rsquo;un puissant moteur \u00e0 r\u00e9trofriction, ces mini-v\u00e9hicules offrent un plaisir de conduite imm\u00e9diat. Il suffit de tirer vers l&rsquo;arri\u00e8re et de rel\u00e2cher pour les voir filer \u00e0 toute allure sur le sol. Ce syst\u00e8me favorise la motricit\u00e9 fine et promet des courses palpitantes dans la chambre des enfants. Parfaits pour les collectionneurs et les amateurs de jouets. Le souci du d\u00e9tail et la qualit\u00e9 de fabrication en font une pi\u00e8ce pr\u00e9cieuse pour toute collection. Ils sont suffisamment robustes pour un usage quotidien, tout en \u00e9tant assez d\u00e9licats pour \u00eatre expos\u00e9s en vitrine.<\/p>\n<\/div>\n<div><strong>Caract\u00e9ristiques et sp\u00e9cifications du produit<\/strong><br \/>&#8211; \u00c9chelle\u00a0: 1:36<br \/>&#8211; Mat\u00e9riau de la carrosserie\u00a0: M\u00e9tal moul\u00e9 sous pression de haute qualit\u00e9<br \/>&#8211; Fonctionnement\u00a0: Moteur \u00e0 friction<br \/>&#8211; Mod\u00e8le\u00a0: Voiture de police<br \/>&#8211; Couleurs disponibles\u00a0: Trois couleurs diff\u00e9rentes (rouge, noir et blanc, s\u00e9lection al\u00e9atoire)<br \/>&#8211; Contenu de la livraison\u00a0: Prix par pi\u00e8ce<br \/>&#8211; \u00c2ge recommand\u00e9\u00a0: 3\u00a0ans et plus<\/p>\n<\/div>\n<div><strong>Vos \u200b\u200bavantages<\/strong><br \/>Ces mini-v\u00e9hicules AMEWI offrent un niveau de d\u00e9tail exceptionnel \u00e0 un prix attractif. Ils constituent le cadeau id\u00e9al pour tout collectionneur souhaitant agrandir sa collection. Procurez-vous le v\u00f4tre d\u00e8s maintenant et ajoutez une touche d&rsquo;originalit\u00e9 \u00e0 votre univers de jouets.<\/p>\n","protected":false},"excerpt":{"rendered":"<p>Mini-v\u00e9hicules AMEWI \u00e0 l&rsquo;\u00e9chelle 1:36 \u2013 \u00c9dition Police Conception et mat\u00e9riaux de haute qualit\u00e9Chaque mod\u00e8le est dot\u00e9 d&rsquo;une carrosserie robuste en m\u00e9tal moul\u00e9 sous pression, garantissant durabilit\u00e9 et authenticit\u00e9. Le design classique des voitures de police en fait de v\u00e9ritables objets de collection. Vous avez la garantie de recevoir une pi\u00e8ce unique. Plaisir dynamique gr\u00e2ce au moteur \u00e0 r\u00e9trofriction\u00c9quip\u00e9s d&rsquo;un puissant moteur \u00e0 r\u00e9trofriction, ces mini-v\u00e9hicules offrent un plaisir de conduite imm\u00e9diat. Il suffit de&hellip;<\/p>\n","protected":false},"featured_media":163788,"comment_status":"open","ping_status":"closed","template":"","meta":[],"product_brand":[],"product_cat":[38096],"product_tag":[],"class_list":{"0":"post-252359","1":"product","2":"type-product","3":"status-publish","4":"has-post-thumbnail","6":"product_cat-spielzeugauto","7":"product_shipping_class-global_methods","9":"first","10":"instock","11":"taxable","12":"shipping-taxable","13":"purchasable","14":"product-type-simple"},"yoast_head":"<!-- This site is optimized with the Yoast SEO plugin v27.4 - https:\/\/yoast.com\/product\/yoast-seo-wordpress\/ -->\n<title>Amewi Mini-Fahrzeuge im Massstab 1:36 \u2013 Polizei-Edition | Jetzt kaufen | Schweizversand.ch<\/title>\n<meta name=\"description\" content=\"Amewi Mini-Fahrzeuge im Massstab 1:36 \u2013 Polizei-Edition g\u00fcnstig kaufen bei Schweizversand.ch. Schnelle Lieferung in der Schweiz. Gratisversand ab CHF 50.\" \/>\n<meta name=\"robots\" content=\"index, follow, max-snippet:-1, max-image-preview:large, max-video-preview:-1\" \/>\n<link rel=\"canonical\" href=\"https:\/\/schweizversand.ch\/fr\/produkt\/amewi-mini-fahrzeuge-im-massstab-136-polizei-edition\/\" \/>\n<meta property=\"og:locale\" content=\"fr_FR\" \/>\n<meta property=\"og:type\" content=\"article\" \/>\n<meta property=\"og:title\" content=\"Amewi Mini-Fahrzeuge im Massstab 1:36 \u2013 Polizei-Edition | Jetzt kaufen | Schweizversand.ch\" \/>\n<meta property=\"og:description\" content=\"Amewi Mini-Fahrzeuge im Massstab 1:36 \u2013 Polizei-Edition g\u00fcnstig kaufen bei Schweizversand.ch. Schnelle Lieferung in der Schweiz. Gratisversand ab CHF 50.\" \/>\n<meta property=\"og:url\" content=\"https:\/\/schweizversand.ch\/fr\/produkt\/amewi-mini-fahrzeuge-im-massstab-136-polizei-edition\/\" \/>\n<meta property=\"og:site_name\" content=\"Schweizer Shop f\u00fcr Sport, Spiel und Freizeit\" \/>\n<meta property=\"article:publisher\" content=\"https:\/\/www.facebook.com\/Schweizversand\" \/>\n<meta property=\"article:modified_time\" content=\"2026-04-19T00:05:12+00:00\" \/>\n<meta property=\"og:image\" content=\"https:\/\/schweizversand.ch\/wp-content\/uploads\/2026\/02\/5472097216.jpg\" \/>\n\t<meta property=\"og:image:width\" content=\"1024\" \/>\n\t<meta property=\"og:image:height\" content=\"527\" \/>\n\t<meta property=\"og:image:type\" content=\"image\/jpeg\" \/>\n<meta name=\"twitter:card\" content=\"summary_large_image\" \/>\n<meta name=\"twitter:label1\" content=\"Dur\u00e9e de lecture estim\u00e9e\" \/>\n\t<meta name=\"twitter:data1\" content=\"1 minute\" \/>\n<script type=\"application\/ld+json\" class=\"yoast-schema-graph\">{\"@context\":\"https:\\\/\\\/schema.org\",\"@graph\":[{\"@type\":\"WebPage\",\"@id\":\"https:\\\/\\\/schweizversand.ch\\\/fr\\\/produkt\\\/amewi-mini-fahrzeuge-im-massstab-136-polizei-edition\\\/\",\"url\":\"https:\\\/\\\/schweizversand.ch\\\/fr\\\/produkt\\\/amewi-mini-fahrzeuge-im-massstab-136-polizei-edition\\\/\",\"name\":\"Amewi Mini-Fahrzeuge im Massstab 1:36 \u2013 Polizei-Edition | Jetzt kaufen | Schweizversand.ch\",\"isPartOf\":{\"@id\":\"https:\\\/\\\/schweizversand.ch\\\/fr\\\/#website\"},\"primaryImageOfPage\":{\"@id\":\"https:\\\/\\\/schweizversand.ch\\\/fr\\\/produkt\\\/amewi-mini-fahrzeuge-im-massstab-136-polizei-edition\\\/#primaryimage\"},\"image\":{\"@id\":\"https:\\\/\\\/schweizversand.ch\\\/fr\\\/produkt\\\/amewi-mini-fahrzeuge-im-massstab-136-polizei-edition\\\/#primaryimage\"},\"thumbnailUrl\":\"https:\\\/\\\/schweizversand.ch\\\/wp-content\\\/uploads\\\/2026\\\/02\\\/5472097216.jpg\",\"datePublished\":\"2026-03-14T23:28:51+00:00\",\"dateModified\":\"2026-04-19T00:05:12+00:00\",\"description\":\"Amewi Mini-Fahrzeuge im Massstab 1:36 \u2013 Polizei-Edition g\u00fcnstig kaufen bei Schweizversand.ch. Schnelle Lieferung in der Schweiz. Gratisversand ab CHF 50.\",\"breadcrumb\":{\"@id\":\"https:\\\/\\\/schweizversand.ch\\\/fr\\\/produkt\\\/amewi-mini-fahrzeuge-im-massstab-136-polizei-edition\\\/#breadcrumb\"},\"inLanguage\":\"fr-FR\",\"potentialAction\":[{\"@type\":\"ReadAction\",\"target\":[\"https:\\\/\\\/schweizversand.ch\\\/fr\\\/produkt\\\/amewi-mini-fahrzeuge-im-massstab-136-polizei-edition\\\/\"]}]},{\"@type\":\"ImageObject\",\"inLanguage\":\"fr-FR\",\"@id\":\"https:\\\/\\\/schweizversand.ch\\\/fr\\\/produkt\\\/amewi-mini-fahrzeuge-im-massstab-136-polizei-edition\\\/#primaryimage\",\"url\":\"https:\\\/\\\/schweizversand.ch\\\/wp-content\\\/uploads\\\/2026\\\/02\\\/5472097216.jpg\",\"contentUrl\":\"https:\\\/\\\/schweizversand.ch\\\/wp-content\\\/uploads\\\/2026\\\/02\\\/5472097216.jpg\",\"width\":1024,\"height\":527},{\"@type\":\"BreadcrumbList\",\"@id\":\"https:\\\/\\\/schweizversand.ch\\\/fr\\\/produkt\\\/amewi-mini-fahrzeuge-im-massstab-136-polizei-edition\\\/#breadcrumb\",\"itemListElement\":[{\"@type\":\"ListItem\",\"position\":1,\"name\":\"Startseite\",\"item\":\"https:\\\/\\\/schweizversand.ch\\\/fr\\\/home\\\/\"},{\"@type\":\"ListItem\",\"position\":2,\"name\":\"Boutique\",\"item\":\"https:\\\/\\\/schweizversand.ch\\\/fr\\\/boutique\\\/\"},{\"@type\":\"ListItem\",\"position\":3,\"name\":\"Jouets et jeux\",\"item\":\"https:\\\/\\\/schweizversand.ch\\\/fr\\\/produkt-kategorie\\\/jouets-et-jeux\\\/\"},{\"@type\":\"ListItem\",\"position\":4,\"name\":\"V\u00e9hicules miniatures\",\"item\":\"https:\\\/\\\/schweizversand.ch\\\/fr\\\/produkt-kategorie\\\/jouets-et-jeux\\\/vehicules-miniatures\\\/\"},{\"@type\":\"ListItem\",\"position\":5,\"name\":\"Voitures miniatures\",\"item\":\"https:\\\/\\\/schweizversand.ch\\\/fr\\\/produkt-kategorie\\\/jouets-et-jeux\\\/vehicules-miniatures\\\/spielzeugauto\\\/\"},{\"@type\":\"ListItem\",\"position\":6,\"name\":\"V\u00e9hicules miniatures Amewi \u00e0 l&#8217;\u00e9chelle 1:36 \u2013 \u00c9dition Police\"}]},{\"@type\":\"WebSite\",\"@id\":\"https:\\\/\\\/schweizversand.ch\\\/fr\\\/#website\",\"url\":\"https:\\\/\\\/schweizversand.ch\\\/fr\\\/\",\"name\":\"Schweizer Shop f\u00fcr Sport, Spiel und Freizeit\",\"description\":\"Gratisversand ab 50.- (netto), ab eigenem schweizer Lager, Lieferung innert 48h\",\"publisher\":{\"@id\":\"https:\\\/\\\/schweizversand.ch\\\/fr\\\/#organization\"},\"alternateName\":\"Schweizversand.ch\",\"potentialAction\":[{\"@type\":\"SearchAction\",\"target\":{\"@type\":\"EntryPoint\",\"urlTemplate\":\"https:\\\/\\\/schweizversand.ch\\\/fr\\\/?s={search_term_string}\"},\"query-input\":{\"@type\":\"PropertyValueSpecification\",\"valueRequired\":true,\"valueName\":\"search_term_string\"}}],\"inLanguage\":\"fr-FR\"},{\"@type\":\"Organization\",\"@id\":\"https:\\\/\\\/schweizversand.ch\\\/fr\\\/#organization\",\"name\":\"Schweizversand.ch\",\"url\":\"https:\\\/\\\/schweizversand.ch\\\/fr\\\/\",\"logo\":{\"@type\":\"ImageObject\",\"inLanguage\":\"fr-FR\",\"@id\":\"https:\\\/\\\/schweizversand.ch\\\/fr\\\/#\\\/schema\\\/logo\\\/image\\\/\",\"url\":\"https:\\\/\\\/schweizversand.ch\\\/wp-content\\\/uploads\\\/2026\\\/03\\\/Logo_Rund_Final-1.png\",\"contentUrl\":\"https:\\\/\\\/schweizversand.ch\\\/wp-content\\\/uploads\\\/2026\\\/03\\\/Logo_Rund_Final-1.png\",\"width\":404,\"height\":404,\"caption\":\"Schweizversand.ch\"},\"image\":{\"@id\":\"https:\\\/\\\/schweizversand.ch\\\/fr\\\/#\\\/schema\\\/logo\\\/image\\\/\"},\"sameAs\":[\"https:\\\/\\\/www.facebook.com\\\/Schweizversand\",\"https:\\\/\\\/www.instagram.com\\\/schweizversand.ch\\\/\"]}]}<\/script>\n<!-- \/ Yoast SEO plugin. -->","yoast_head_json":{"title":"Amewi Mini-Fahrzeuge im Massstab 1:36 \u2013 Polizei-Edition | Jetzt kaufen | Schweizversand.ch","description":"Amewi Mini-Fahrzeuge im Massstab 1:36 \u2013 Polizei-Edition g\u00fcnstig kaufen bei Schweizversand.ch. Schnelle Lieferung in der Schweiz. Gratisversand ab CHF 50.","robots":{"index":"index","follow":"follow","max-snippet":"max-snippet:-1","max-image-preview":"max-image-preview:large","max-video-preview":"max-video-preview:-1"},"canonical":"https:\/\/schweizversand.ch\/fr\/produkt\/amewi-mini-fahrzeuge-im-massstab-136-polizei-edition\/","og_locale":"fr_FR","og_type":"article","og_title":"Amewi Mini-Fahrzeuge im Massstab 1:36 \u2013 Polizei-Edition | Jetzt kaufen | Schweizversand.ch","og_description":"Amewi Mini-Fahrzeuge im Massstab 1:36 \u2013 Polizei-Edition g\u00fcnstig kaufen bei Schweizversand.ch. Schnelle Lieferung in der Schweiz. Gratisversand ab CHF 50.","og_url":"https:\/\/schweizversand.ch\/fr\/produkt\/amewi-mini-fahrzeuge-im-massstab-136-polizei-edition\/","og_site_name":"Schweizer Shop f\u00fcr Sport, Spiel und Freizeit","article_publisher":"https:\/\/www.facebook.com\/Schweizversand","article_modified_time":"2026-04-19T00:05:12+00:00","og_image":[{"width":1024,"height":527,"url":"https:\/\/schweizversand.ch\/wp-content\/uploads\/2026\/02\/5472097216.jpg","type":"image\/jpeg"}],"twitter_card":"summary_large_image","twitter_misc":{"Dur\u00e9e de lecture estim\u00e9e":"1 minute"},"schema":{"@context":"https:\/\/schema.org","@graph":[{"@type":"WebPage","@id":"https:\/\/schweizversand.ch\/fr\/produkt\/amewi-mini-fahrzeuge-im-massstab-136-polizei-edition\/","url":"https:\/\/schweizversand.ch\/fr\/produkt\/amewi-mini-fahrzeuge-im-massstab-136-polizei-edition\/","name":"Amewi Mini-Fahrzeuge im Massstab 1:36 \u2013 Polizei-Edition | Jetzt kaufen | Schweizversand.ch","isPartOf":{"@id":"https:\/\/schweizversand.ch\/fr\/#website"},"primaryImageOfPage":{"@id":"https:\/\/schweizversand.ch\/fr\/produkt\/amewi-mini-fahrzeuge-im-massstab-136-polizei-edition\/#primaryimage"},"image":{"@id":"https:\/\/schweizversand.ch\/fr\/produkt\/amewi-mini-fahrzeuge-im-massstab-136-polizei-edition\/#primaryimage"},"thumbnailUrl":"https:\/\/schweizversand.ch\/wp-content\/uploads\/2026\/02\/5472097216.jpg","datePublished":"2026-03-14T23:28:51+00:00","dateModified":"2026-04-19T00:05:12+00:00","description":"Amewi Mini-Fahrzeuge im Massstab 1:36 \u2013 Polizei-Edition g\u00fcnstig kaufen bei Schweizversand.ch. Schnelle Lieferung in der Schweiz. Gratisversand ab CHF 50.","breadcrumb":{"@id":"https:\/\/schweizversand.ch\/fr\/produkt\/amewi-mini-fahrzeuge-im-massstab-136-polizei-edition\/#breadcrumb"},"inLanguage":"fr-FR","potentialAction":[{"@type":"ReadAction","target":["https:\/\/schweizversand.ch\/fr\/produkt\/amewi-mini-fahrzeuge-im-massstab-136-polizei-edition\/"]}]},{"@type":"ImageObject","inLanguage":"fr-FR","@id":"https:\/\/schweizversand.ch\/fr\/produkt\/amewi-mini-fahrzeuge-im-massstab-136-polizei-edition\/#primaryimage","url":"https:\/\/schweizversand.ch\/wp-content\/uploads\/2026\/02\/5472097216.jpg","contentUrl":"https:\/\/schweizversand.ch\/wp-content\/uploads\/2026\/02\/5472097216.jpg","width":1024,"height":527},{"@type":"BreadcrumbList","@id":"https:\/\/schweizversand.ch\/fr\/produkt\/amewi-mini-fahrzeuge-im-massstab-136-polizei-edition\/#breadcrumb","itemListElement":[{"@type":"ListItem","position":1,"name":"Startseite","item":"https:\/\/schweizversand.ch\/fr\/home\/"},{"@type":"ListItem","position":2,"name":"Boutique","item":"https:\/\/schweizversand.ch\/fr\/boutique\/"},{"@type":"ListItem","position":3,"name":"Jouets et jeux","item":"https:\/\/schweizversand.ch\/fr\/produkt-kategorie\/jouets-et-jeux\/"},{"@type":"ListItem","position":4,"name":"V\u00e9hicules miniatures","item":"https:\/\/schweizversand.ch\/fr\/produkt-kategorie\/jouets-et-jeux\/vehicules-miniatures\/"},{"@type":"ListItem","position":5,"name":"Voitures miniatures","item":"https:\/\/schweizversand.ch\/fr\/produkt-kategorie\/jouets-et-jeux\/vehicules-miniatures\/spielzeugauto\/"},{"@type":"ListItem","position":6,"name":"V\u00e9hicules miniatures Amewi \u00e0 l&#8217;\u00e9chelle 1:36 \u2013 \u00c9dition Police"}]},{"@type":"WebSite","@id":"https:\/\/schweizversand.ch\/fr\/#website","url":"https:\/\/schweizversand.ch\/fr\/","name":"Schweizer Shop f\u00fcr Sport, Spiel und Freizeit","description":"Gratisversand ab 50.- (netto), ab eigenem schweizer Lager, Lieferung innert 48h","publisher":{"@id":"https:\/\/schweizversand.ch\/fr\/#organization"},"alternateName":"Schweizversand.ch","potentialAction":[{"@type":"SearchAction","target":{"@type":"EntryPoint","urlTemplate":"https:\/\/schweizversand.ch\/fr\/?s={search_term_string}"},"query-input":{"@type":"PropertyValueSpecification","valueRequired":true,"valueName":"search_term_string"}}],"inLanguage":"fr-FR"},{"@type":"Organization","@id":"https:\/\/schweizversand.ch\/fr\/#organization","name":"Schweizversand.ch","url":"https:\/\/schweizversand.ch\/fr\/","logo":{"@type":"ImageObject","inLanguage":"fr-FR","@id":"https:\/\/schweizversand.ch\/fr\/#\/schema\/logo\/image\/","url":"https:\/\/schweizversand.ch\/wp-content\/uploads\/2026\/03\/Logo_Rund_Final-1.png","contentUrl":"https:\/\/schweizversand.ch\/wp-content\/uploads\/2026\/03\/Logo_Rund_Final-1.png","width":404,"height":404,"caption":"Schweizversand.ch"},"image":{"@id":"https:\/\/schweizversand.ch\/fr\/#\/schema\/logo\/image\/"},"sameAs":["https:\/\/www.facebook.com\/Schweizversand","https:\/\/www.instagram.com\/schweizversand.ch\/"]}]}},"jetpack_sharing_enabled":true,"_links":{"self":[{"href":"https:\/\/schweizversand.ch\/fr\/wp-json\/wp\/v2\/product\/252359","targetHints":{"allow":["GET"]}}],"collection":[{"href":"https:\/\/schweizversand.ch\/fr\/wp-json\/wp\/v2\/product"}],"about":[{"href":"https:\/\/schweizversand.ch\/fr\/wp-json\/wp\/v2\/types\/product"}],"replies":[{"embeddable":true,"href":"https:\/\/schweizversand.ch\/fr\/wp-json\/wp\/v2\/comments?post=252359"}],"wp:featuredmedia":[{"embeddable":true,"href":"https:\/\/schweizversand.ch\/fr\/wp-json\/wp\/v2\/media\/163788"}],"wp:attachment":[{"href":"https:\/\/schweizversand.ch\/fr\/wp-json\/wp\/v2\/media?parent=252359"}],"wp:term":[{"taxonomy":"product_brand","embeddable":true,"href":"https:\/\/schweizversand.ch\/fr\/wp-json\/wp\/v2\/product_brand?post=252359"},{"taxonomy":"product_cat","embeddable":true,"href":"https:\/\/schweizversand.ch\/fr\/wp-json\/wp\/v2\/product_cat?post=252359"},{"taxonomy":"product_tag","embeddable":true,"href":"https:\/\/schweizversand.ch\/fr\/wp-json\/wp\/v2\/product_tag?post=252359"}],"curies":[{"name":"wp","href":"https:\/\/api.w.org\/{rel}","templated":true}]}}