{"id":252362,"date":"2026-03-15T00:28:52","date_gmt":"2026-03-14T23:28:52","guid":{"rendered":"https:\/\/schweizversand.ch\/produkt\/tec-take-damenkostuem-savoy-glamour\/"},"modified":"2026-04-20T02:04:13","modified_gmt":"2026-04-20T00:04:13","slug":"tec-take-damenkostuem-savoy-glamour","status":"publish","type":"product","link":"https:\/\/schweizversand.ch\/fr\/produkt\/tec-take-damenkostuem-savoy-glamour\/","title":{"rendered":"Costume f\u00e9minin Tec Take Savoy \u2013 glamour"},"content":{"rendered":"<h1><strong>Costume Savoy pour femme \u2013 Le glamour des ann\u00e9es 20<\/strong><\/h1>\n<div>Plongez dans l&rsquo;univers fascinant des Ann\u00e9es folles avec notre costume exclusif Savoy pour femme. Cette magnifique robe de flapper vous transportera directement dans le monde \u00e9tincelant du charleston, du jazz et des f\u00eates somptueuses, o\u00f9 vous ferez sensation \u00e0 coup s\u00fbr.<\/p>\n<\/div>\n<div><strong>Pr\u00e9sentation et conception<\/strong><br \/>Avec ce somptueux costume des ann\u00e9es 20, vous serez parfaitement par\u00e9e pour des soir\u00e9es inoubliables. La robe Charleston rouge vif, moulante et flatteuse, mettra votre silhouette en valeur et vous promet une entr\u00e9e glamour. La coupe est typique de l&rsquo;\u00e9poque et capture parfaitement l&rsquo;\u00e9l\u00e9gance et l&rsquo;esprit libre de cette p\u00e9riode.<\/p>\n<\/div>\n<div><strong>Points forts de votre tenue<\/strong><br \/>&#8211; <strong>Tenue moulante<\/strong> qui met habilement en valeur vos atouts<br \/>&#8211; <strong>Robe extravagante<\/strong> d&rsquo;un rouge vibrant qui rayonne de passion<br \/>&#8211; Id\u00e9ale pour le <strong>Carnaval et les soir\u00e9es \u00e0 th\u00e8me<\/strong> pour vivre l&rsquo;esprit des ann\u00e9es 1920<br \/>&#8211; Comprend un <strong>charmant bandeau<\/strong> orn\u00e9 de fleurs artificielles qui compl\u00e8te parfaitement votre look<br \/>&#8211; Avec ce <strong>costume de carnaval pour femme<\/strong>, une apparition remarquable et inoubliable est garantie.<\/p>\n<p><\/div>\n<div><strong>Composition et entretien<\/strong><br \/>Le costume Savoy pour femme est compos\u00e9 \u00e0 100 % de polyester, ce qui le rend particuli\u00e8rement facile d&rsquo;entretien et confortable \u00e0 porter. Profitez d&rsquo;une libert\u00e9 de mouvement totale pour danser endiabl\u00e9ement et c\u00e9l\u00e9brer avec exub\u00e9rance, sans sacrifier votre confort.<\/p>\n<\/div>\n<div><strong>Inclus dans le paquet<\/strong><br \/>&#8211; Bandeau orn\u00e9 de fleurs artificielles<br \/>&#8211; Robe courte<\/p>\n<\/div>\n<div><strong>Remarque<\/strong><br \/>Veuillez noter que les collants, les chaussures et le collier ne sont pas inclus. Ces accessoires peuvent \u00eatre achet\u00e9s s\u00e9par\u00e9ment pour personnaliser votre robe de soir\u00e9e ann\u00e9es 1920 et parfaire votre look.<\/p>\n<\/div>\n<div>Pr\u00e9parez-vous \u00e0 un voyage dans le temps et \u00e0 vivre des moments inoubliables gr\u00e2ce au costume f\u00e9minin Savoy \u2013 votre s\u00e9same pour l&rsquo;\u00e2ge d&rsquo;or du glamour.<\/p>\n<\/div>\n<div><\/div>\n","protected":false},"excerpt":{"rendered":"<p>Costume Savoy pour femme \u2013 Le glamour des ann\u00e9es 20 Plongez dans l&rsquo;univers fascinant des Ann\u00e9es folles avec notre costume exclusif Savoy pour femme. Cette magnifique robe de flapper vous transportera directement dans le monde \u00e9tincelant du charleston, du jazz et des f\u00eates somptueuses, o\u00f9 vous ferez sensation \u00e0 coup s\u00fbr. Pr\u00e9sentation et conceptionAvec ce somptueux costume des ann\u00e9es 20, vous serez parfaitement par\u00e9e pour des soir\u00e9es inoubliables. La robe Charleston rouge vif, moulante et&hellip;<\/p>\n","protected":false},"featured_media":163809,"comment_status":"open","ping_status":"closed","template":"","meta":[],"product_brand":[],"product_cat":[38123,38957],"product_tag":[],"class_list":{"0":"post-252362","1":"product","2":"type-product","3":"status-publish","4":"has-post-thumbnail","6":"product_cat-costumes","7":"product_cat-kostueme","8":"product_shipping_class-global_methods","10":"first","11":"instock","12":"taxable","13":"shipping-taxable","14":"purchasable","15":"product-type-simple"},"yoast_head":"<!-- This site is optimized with the Yoast SEO plugin v27.4 - https:\/\/yoast.com\/product\/yoast-seo-wordpress\/ -->\n<title>Tec Take Damenkost\u00fcm Savoy \u2013 Glamour | Jetzt kaufen | Schweizversand.ch<\/title>\n<meta name=\"description\" content=\"Tec Take Damenkost\u00fcm Savoy \u2013 Glamour g\u00fcnstig kaufen bei Schweizversand.ch. Schnelle Lieferung in der Schweiz. Gratisversand ab CHF 50.\" \/>\n<meta name=\"robots\" content=\"index, follow, max-snippet:-1, max-image-preview:large, max-video-preview:-1\" \/>\n<link rel=\"canonical\" href=\"https:\/\/schweizversand.ch\/fr\/produkt\/tec-take-damenkostuem-savoy-glamour\/\" \/>\n<meta property=\"og:locale\" content=\"fr_FR\" \/>\n<meta property=\"og:type\" content=\"article\" \/>\n<meta property=\"og:title\" content=\"Tec Take Damenkost\u00fcm Savoy \u2013 Glamour | Jetzt kaufen | Schweizversand.ch\" \/>\n<meta property=\"og:description\" content=\"Tec Take Damenkost\u00fcm Savoy \u2013 Glamour g\u00fcnstig kaufen bei Schweizversand.ch. Schnelle Lieferung in der Schweiz. Gratisversand ab CHF 50.\" \/>\n<meta property=\"og:url\" content=\"https:\/\/schweizversand.ch\/fr\/produkt\/tec-take-damenkostuem-savoy-glamour\/\" \/>\n<meta property=\"og:site_name\" content=\"Schweizer Shop f\u00fcr Sport, Spiel und Freizeit\" \/>\n<meta property=\"article:publisher\" content=\"https:\/\/www.facebook.com\/Schweizversand\" \/>\n<meta property=\"article:modified_time\" content=\"2026-04-20T00:04:13+00:00\" \/>\n<meta property=\"og:image\" content=\"https:\/\/schweizversand.ch\/wp-content\/uploads\/2026\/02\/5520098658.png\" \/>\n\t<meta property=\"og:image:width\" content=\"418\" \/>\n\t<meta property=\"og:image:height\" content=\"1024\" \/>\n\t<meta property=\"og:image:type\" content=\"image\/png\" \/>\n<meta name=\"twitter:card\" content=\"summary_large_image\" \/>\n<meta name=\"twitter:label1\" content=\"Dur\u00e9e de lecture estim\u00e9e\" \/>\n\t<meta name=\"twitter:data1\" content=\"1 minute\" \/>\n<script type=\"application\/ld+json\" class=\"yoast-schema-graph\">{\"@context\":\"https:\\\/\\\/schema.org\",\"@graph\":[{\"@type\":\"WebPage\",\"@id\":\"https:\\\/\\\/schweizversand.ch\\\/fr\\\/produkt\\\/tec-take-damenkostuem-savoy-glamour\\\/\",\"url\":\"https:\\\/\\\/schweizversand.ch\\\/fr\\\/produkt\\\/tec-take-damenkostuem-savoy-glamour\\\/\",\"name\":\"Tec Take Damenkost\u00fcm Savoy \u2013 Glamour | Jetzt kaufen | Schweizversand.ch\",\"isPartOf\":{\"@id\":\"https:\\\/\\\/schweizversand.ch\\\/fr\\\/#website\"},\"primaryImageOfPage\":{\"@id\":\"https:\\\/\\\/schweizversand.ch\\\/fr\\\/produkt\\\/tec-take-damenkostuem-savoy-glamour\\\/#primaryimage\"},\"image\":{\"@id\":\"https:\\\/\\\/schweizversand.ch\\\/fr\\\/produkt\\\/tec-take-damenkostuem-savoy-glamour\\\/#primaryimage\"},\"thumbnailUrl\":\"https:\\\/\\\/schweizversand.ch\\\/wp-content\\\/uploads\\\/2026\\\/02\\\/5520098658.png\",\"datePublished\":\"2026-03-14T23:28:52+00:00\",\"dateModified\":\"2026-04-20T00:04:13+00:00\",\"description\":\"Tec Take Damenkost\u00fcm Savoy \u2013 Glamour g\u00fcnstig kaufen bei Schweizversand.ch. Schnelle Lieferung in der Schweiz. Gratisversand ab CHF 50.\",\"breadcrumb\":{\"@id\":\"https:\\\/\\\/schweizversand.ch\\\/fr\\\/produkt\\\/tec-take-damenkostuem-savoy-glamour\\\/#breadcrumb\"},\"inLanguage\":\"fr-FR\",\"potentialAction\":[{\"@type\":\"ReadAction\",\"target\":[\"https:\\\/\\\/schweizversand.ch\\\/fr\\\/produkt\\\/tec-take-damenkostuem-savoy-glamour\\\/\"]}]},{\"@type\":\"ImageObject\",\"inLanguage\":\"fr-FR\",\"@id\":\"https:\\\/\\\/schweizversand.ch\\\/fr\\\/produkt\\\/tec-take-damenkostuem-savoy-glamour\\\/#primaryimage\",\"url\":\"https:\\\/\\\/schweizversand.ch\\\/wp-content\\\/uploads\\\/2026\\\/02\\\/5520098658.png\",\"contentUrl\":\"https:\\\/\\\/schweizversand.ch\\\/wp-content\\\/uploads\\\/2026\\\/02\\\/5520098658.png\",\"width\":418,\"height\":1024},{\"@type\":\"BreadcrumbList\",\"@id\":\"https:\\\/\\\/schweizversand.ch\\\/fr\\\/produkt\\\/tec-take-damenkostuem-savoy-glamour\\\/#breadcrumb\",\"itemListElement\":[{\"@type\":\"ListItem\",\"position\":1,\"name\":\"Startseite\",\"item\":\"https:\\\/\\\/schweizversand.ch\\\/fr\\\/home\\\/\"},{\"@type\":\"ListItem\",\"position\":2,\"name\":\"Boutique\",\"item\":\"https:\\\/\\\/schweizversand.ch\\\/fr\\\/boutique\\\/\"},{\"@type\":\"ListItem\",\"position\":3,\"name\":\"Mode\",\"item\":\"https:\\\/\\\/schweizversand.ch\\\/fr\\\/produkt-kategorie\\\/mode-fr\\\/\"},{\"@type\":\"ListItem\",\"position\":4,\"name\":\"Mode unisexe\",\"item\":\"https:\\\/\\\/schweizversand.ch\\\/fr\\\/produkt-kategorie\\\/mode\\\/mode-unisexe\\\/\"},{\"@type\":\"ListItem\",\"position\":5,\"name\":\"Costumes\",\"item\":\"https:\\\/\\\/schweizversand.ch\\\/fr\\\/produkt-kategorie\\\/mode\\\/mode-unisexe\\\/costumes\\\/\"},{\"@type\":\"ListItem\",\"position\":6,\"name\":\"Costume f\u00e9minin Tec Take Savoy \u2013 glamour\"}]},{\"@type\":\"WebSite\",\"@id\":\"https:\\\/\\\/schweizversand.ch\\\/fr\\\/#website\",\"url\":\"https:\\\/\\\/schweizversand.ch\\\/fr\\\/\",\"name\":\"Schweizer Shop f\u00fcr Sport, Spiel und Freizeit\",\"description\":\"Gratisversand ab 50.- (netto), ab eigenem schweizer Lager, Lieferung innert 48h\",\"publisher\":{\"@id\":\"https:\\\/\\\/schweizversand.ch\\\/fr\\\/#organization\"},\"alternateName\":\"Schweizversand.ch\",\"potentialAction\":[{\"@type\":\"SearchAction\",\"target\":{\"@type\":\"EntryPoint\",\"urlTemplate\":\"https:\\\/\\\/schweizversand.ch\\\/fr\\\/?s={search_term_string}\"},\"query-input\":{\"@type\":\"PropertyValueSpecification\",\"valueRequired\":true,\"valueName\":\"search_term_string\"}}],\"inLanguage\":\"fr-FR\"},{\"@type\":\"Organization\",\"@id\":\"https:\\\/\\\/schweizversand.ch\\\/fr\\\/#organization\",\"name\":\"Schweizversand.ch\",\"url\":\"https:\\\/\\\/schweizversand.ch\\\/fr\\\/\",\"logo\":{\"@type\":\"ImageObject\",\"inLanguage\":\"fr-FR\",\"@id\":\"https:\\\/\\\/schweizversand.ch\\\/fr\\\/#\\\/schema\\\/logo\\\/image\\\/\",\"url\":\"https:\\\/\\\/schweizversand.ch\\\/wp-content\\\/uploads\\\/2026\\\/03\\\/Logo_Rund_Final-1.png\",\"contentUrl\":\"https:\\\/\\\/schweizversand.ch\\\/wp-content\\\/uploads\\\/2026\\\/03\\\/Logo_Rund_Final-1.png\",\"width\":404,\"height\":404,\"caption\":\"Schweizversand.ch\"},\"image\":{\"@id\":\"https:\\\/\\\/schweizversand.ch\\\/fr\\\/#\\\/schema\\\/logo\\\/image\\\/\"},\"sameAs\":[\"https:\\\/\\\/www.facebook.com\\\/Schweizversand\",\"https:\\\/\\\/www.instagram.com\\\/schweizversand.ch\\\/\"]}]}<\/script>\n<!-- \/ Yoast SEO plugin. -->","yoast_head_json":{"title":"Tec Take Damenkost\u00fcm Savoy \u2013 Glamour | Jetzt kaufen | Schweizversand.ch","description":"Tec Take Damenkost\u00fcm Savoy \u2013 Glamour g\u00fcnstig kaufen bei Schweizversand.ch. Schnelle Lieferung in der Schweiz. Gratisversand ab CHF 50.","robots":{"index":"index","follow":"follow","max-snippet":"max-snippet:-1","max-image-preview":"max-image-preview:large","max-video-preview":"max-video-preview:-1"},"canonical":"https:\/\/schweizversand.ch\/fr\/produkt\/tec-take-damenkostuem-savoy-glamour\/","og_locale":"fr_FR","og_type":"article","og_title":"Tec Take Damenkost\u00fcm Savoy \u2013 Glamour | Jetzt kaufen | Schweizversand.ch","og_description":"Tec Take Damenkost\u00fcm Savoy \u2013 Glamour g\u00fcnstig kaufen bei Schweizversand.ch. Schnelle Lieferung in der Schweiz. Gratisversand ab CHF 50.","og_url":"https:\/\/schweizversand.ch\/fr\/produkt\/tec-take-damenkostuem-savoy-glamour\/","og_site_name":"Schweizer Shop f\u00fcr Sport, Spiel und Freizeit","article_publisher":"https:\/\/www.facebook.com\/Schweizversand","article_modified_time":"2026-04-20T00:04:13+00:00","og_image":[{"width":418,"height":1024,"url":"https:\/\/schweizversand.ch\/wp-content\/uploads\/2026\/02\/5520098658.png","type":"image\/png"}],"twitter_card":"summary_large_image","twitter_misc":{"Dur\u00e9e de lecture estim\u00e9e":"1 minute"},"schema":{"@context":"https:\/\/schema.org","@graph":[{"@type":"WebPage","@id":"https:\/\/schweizversand.ch\/fr\/produkt\/tec-take-damenkostuem-savoy-glamour\/","url":"https:\/\/schweizversand.ch\/fr\/produkt\/tec-take-damenkostuem-savoy-glamour\/","name":"Tec Take Damenkost\u00fcm Savoy \u2013 Glamour | Jetzt kaufen | Schweizversand.ch","isPartOf":{"@id":"https:\/\/schweizversand.ch\/fr\/#website"},"primaryImageOfPage":{"@id":"https:\/\/schweizversand.ch\/fr\/produkt\/tec-take-damenkostuem-savoy-glamour\/#primaryimage"},"image":{"@id":"https:\/\/schweizversand.ch\/fr\/produkt\/tec-take-damenkostuem-savoy-glamour\/#primaryimage"},"thumbnailUrl":"https:\/\/schweizversand.ch\/wp-content\/uploads\/2026\/02\/5520098658.png","datePublished":"2026-03-14T23:28:52+00:00","dateModified":"2026-04-20T00:04:13+00:00","description":"Tec Take Damenkost\u00fcm Savoy \u2013 Glamour g\u00fcnstig kaufen bei Schweizversand.ch. Schnelle Lieferung in der Schweiz. Gratisversand ab CHF 50.","breadcrumb":{"@id":"https:\/\/schweizversand.ch\/fr\/produkt\/tec-take-damenkostuem-savoy-glamour\/#breadcrumb"},"inLanguage":"fr-FR","potentialAction":[{"@type":"ReadAction","target":["https:\/\/schweizversand.ch\/fr\/produkt\/tec-take-damenkostuem-savoy-glamour\/"]}]},{"@type":"ImageObject","inLanguage":"fr-FR","@id":"https:\/\/schweizversand.ch\/fr\/produkt\/tec-take-damenkostuem-savoy-glamour\/#primaryimage","url":"https:\/\/schweizversand.ch\/wp-content\/uploads\/2026\/02\/5520098658.png","contentUrl":"https:\/\/schweizversand.ch\/wp-content\/uploads\/2026\/02\/5520098658.png","width":418,"height":1024},{"@type":"BreadcrumbList","@id":"https:\/\/schweizversand.ch\/fr\/produkt\/tec-take-damenkostuem-savoy-glamour\/#breadcrumb","itemListElement":[{"@type":"ListItem","position":1,"name":"Startseite","item":"https:\/\/schweizversand.ch\/fr\/home\/"},{"@type":"ListItem","position":2,"name":"Boutique","item":"https:\/\/schweizversand.ch\/fr\/boutique\/"},{"@type":"ListItem","position":3,"name":"Mode","item":"https:\/\/schweizversand.ch\/fr\/produkt-kategorie\/mode-fr\/"},{"@type":"ListItem","position":4,"name":"Mode unisexe","item":"https:\/\/schweizversand.ch\/fr\/produkt-kategorie\/mode\/mode-unisexe\/"},{"@type":"ListItem","position":5,"name":"Costumes","item":"https:\/\/schweizversand.ch\/fr\/produkt-kategorie\/mode\/mode-unisexe\/costumes\/"},{"@type":"ListItem","position":6,"name":"Costume f\u00e9minin Tec Take Savoy \u2013 glamour"}]},{"@type":"WebSite","@id":"https:\/\/schweizversand.ch\/fr\/#website","url":"https:\/\/schweizversand.ch\/fr\/","name":"Schweizer Shop f\u00fcr Sport, Spiel und Freizeit","description":"Gratisversand ab 50.- (netto), ab eigenem schweizer Lager, Lieferung innert 48h","publisher":{"@id":"https:\/\/schweizversand.ch\/fr\/#organization"},"alternateName":"Schweizversand.ch","potentialAction":[{"@type":"SearchAction","target":{"@type":"EntryPoint","urlTemplate":"https:\/\/schweizversand.ch\/fr\/?s={search_term_string}"},"query-input":{"@type":"PropertyValueSpecification","valueRequired":true,"valueName":"search_term_string"}}],"inLanguage":"fr-FR"},{"@type":"Organization","@id":"https:\/\/schweizversand.ch\/fr\/#organization","name":"Schweizversand.ch","url":"https:\/\/schweizversand.ch\/fr\/","logo":{"@type":"ImageObject","inLanguage":"fr-FR","@id":"https:\/\/schweizversand.ch\/fr\/#\/schema\/logo\/image\/","url":"https:\/\/schweizversand.ch\/wp-content\/uploads\/2026\/03\/Logo_Rund_Final-1.png","contentUrl":"https:\/\/schweizversand.ch\/wp-content\/uploads\/2026\/03\/Logo_Rund_Final-1.png","width":404,"height":404,"caption":"Schweizversand.ch"},"image":{"@id":"https:\/\/schweizversand.ch\/fr\/#\/schema\/logo\/image\/"},"sameAs":["https:\/\/www.facebook.com\/Schweizversand","https:\/\/www.instagram.com\/schweizversand.ch\/"]}]}},"jetpack_sharing_enabled":true,"_links":{"self":[{"href":"https:\/\/schweizversand.ch\/fr\/wp-json\/wp\/v2\/product\/252362","targetHints":{"allow":["GET"]}}],"collection":[{"href":"https:\/\/schweizversand.ch\/fr\/wp-json\/wp\/v2\/product"}],"about":[{"href":"https:\/\/schweizversand.ch\/fr\/wp-json\/wp\/v2\/types\/product"}],"replies":[{"embeddable":true,"href":"https:\/\/schweizversand.ch\/fr\/wp-json\/wp\/v2\/comments?post=252362"}],"wp:featuredmedia":[{"embeddable":true,"href":"https:\/\/schweizversand.ch\/fr\/wp-json\/wp\/v2\/media\/163809"}],"wp:attachment":[{"href":"https:\/\/schweizversand.ch\/fr\/wp-json\/wp\/v2\/media?parent=252362"}],"wp:term":[{"taxonomy":"product_brand","embeddable":true,"href":"https:\/\/schweizversand.ch\/fr\/wp-json\/wp\/v2\/product_brand?post=252362"},{"taxonomy":"product_cat","embeddable":true,"href":"https:\/\/schweizversand.ch\/fr\/wp-json\/wp\/v2\/product_cat?post=252362"},{"taxonomy":"product_tag","embeddable":true,"href":"https:\/\/schweizversand.ch\/fr\/wp-json\/wp\/v2\/product_tag?post=252362"}],"curies":[{"name":"wp","href":"https:\/\/api.w.org\/{rel}","templated":true}]}}