{"id":252364,"date":"2026-03-15T00:28:52","date_gmt":"2026-03-14T23:28:52","guid":{"rendered":"https:\/\/schweizversand.ch\/produkt\/dress-for-fun-charleston-fransenkleid-kostuem\/"},"modified":"2026-04-19T02:05:13","modified_gmt":"2026-04-19T00:05:13","slug":"dress-for-fun-charleston-fransenkleid-kostuem","status":"publish","type":"product","link":"https:\/\/schweizversand.ch\/fr\/produkt\/dress-for-fun-charleston-fransenkleid-kostuem\/","title":{"rendered":"Robe \u00e0 franges Charleston pour s&rsquo;amuser &#8211; d\u00e9guisement"},"content":{"rendered":"<h1><strong>Robe \u00e0 franges Charleston \u2013 Le glamour des ann\u00e9es 20<\/strong><\/h1>\n<div>Plongez dans l&rsquo;univers \u00e9tincelant des Ann\u00e9es folles avec cette magnifique robe \u00e0 franges Charleston. Cette exquise robe de soir\u00e9e \u00e0 franges allie une \u00e9l\u00e9gance intemporelle \u00e0 l&rsquo;esprit vibrant de l&rsquo;\u00e9poque, vous garantissant une allure inoubliable.<\/p>\n<\/div>\n<div><strong>Design fascinant et confort<\/strong><br \/>Cette robe courte \u00e0 franges flatte votre silhouette et vous assure une allure assur\u00e9e. Son tissu l\u00e9ger et fluide offre un confort optimal et une libert\u00e9 de mouvement totale, id\u00e9ale pour les longues soir\u00e9es et les danses endiabl\u00e9es dans le style des ann\u00e9es 20. Franges dynamiques pour une allure parfaite\u00a0: les franges qui ornent toute la longueur de cette robe vintage sont un atout majeur. Ce costume des ann\u00e9es 20, au mouvement fluide et \u00e9l\u00e9gant, vous offre le dynamisme typique de cette \u00e9poque. Que vous dansiez, tournoyiez ou d\u00e9ambuliez, il dynamise votre allure et cr\u00e9e un effet glamour. Un bandeau orn\u00e9 d&rsquo;une plume \u00e9l\u00e9gante compl\u00e8te la tenue et souligne le style embl\u00e9matique de l&rsquo;\u00e8re du swing. Avec cet accessoire, vous vous sentirez comme une v\u00e9ritable danseuse de charleston et incarnerez l&rsquo;esprit de cette d\u00e9cennie. Polyvalent et id\u00e9al pour des occasions inoubliables, ce costume est parfait pour Mardi Gras, le Carnaval, les soir\u00e9es \u00e0 th\u00e8me ou les \u00e9v\u00e9nements vintage. Pour un look encore plus glamour, associez-le \u00e0 de longs gants, un collier de perles ou un boa en plumes. M\u00eame avec des talons hauts et une pochette \u00e9l\u00e9gante, votre robe de bal fera sensation.<\/p>\n<\/div>\n<div><strong>D\u00e9tails du produit<\/strong><br \/>&#8211; Mati\u00e8re\u00a0: 100\u00a0% polyester<\/p>\n<\/div>\n<div><strong>Points forts<\/strong><br \/>&#8211; Robe courte et s\u00e9duisante<br \/>&#8211; Franges \u00e9l\u00e9gantes<br \/>&#8211; Accessoire\u00a0: Bandeau \u00e0 plumes<br \/>&#8211; Plongez dans l\u2019ambiance des Ann\u00e9es folles avec style<br \/>&#8211; Ce costume est une v\u00e9ritable pi\u00e8ce ma\u00eetresse<\/p>\n<\/div>\n<div><strong>Contenu de la livraison<\/strong><br \/>&#8211; Bandeau<br \/>&#8211; Robe<\/p>\n<\/div>\n<div>Avec cette robe Charleston, faites revivre les Ann\u00e9es folles et captivez tous les regards, que vous incarniez une danseuse \u00e9l\u00e9gante, une myst\u00e9rieuse dame de Gatsby ou une ic\u00f4ne styl\u00e9e des ann\u00e9es\u00a020.<\/div>\n<div><\/div>\n","protected":false},"excerpt":{"rendered":"<p>Robe \u00e0 franges Charleston \u2013 Le glamour des ann\u00e9es 20 Plongez dans l&rsquo;univers \u00e9tincelant des Ann\u00e9es folles avec cette magnifique robe \u00e0 franges Charleston. Cette exquise robe de soir\u00e9e \u00e0 franges allie une \u00e9l\u00e9gance intemporelle \u00e0 l&rsquo;esprit vibrant de l&rsquo;\u00e9poque, vous garantissant une allure inoubliable. Design fascinant et confortCette robe courte \u00e0 franges flatte votre silhouette et vous assure une allure assur\u00e9e. Son tissu l\u00e9ger et fluide offre un confort optimal et une libert\u00e9 de&hellip;<\/p>\n","protected":false},"featured_media":163819,"comment_status":"open","ping_status":"closed","template":"","meta":[],"product_brand":[],"product_cat":[38123,38957],"product_tag":[],"class_list":{"0":"post-252364","1":"product","2":"type-product","3":"status-publish","4":"has-post-thumbnail","6":"product_cat-costumes","7":"product_cat-kostueme","8":"product_shipping_class-global_methods","10":"first","11":"instock","12":"taxable","13":"shipping-taxable","14":"purchasable","15":"product-type-simple"},"yoast_head":"<!-- This site is optimized with the Yoast SEO plugin v27.4 - https:\/\/yoast.com\/product\/yoast-seo-wordpress\/ -->\n<title>Dress for fun Charleston Fransenkleid - Kost\u00fcm | Jetzt kaufen | Schweizversand.ch<\/title>\n<meta name=\"description\" content=\"Dress for fun Charleston Fransenkleid - Kost\u00fcm g\u00fcnstig kaufen bei Schweizversand.ch. Schnelle Lieferung in der Schweiz. Gratisversand ab CHF 50.\" \/>\n<meta name=\"robots\" content=\"index, follow, max-snippet:-1, max-image-preview:large, max-video-preview:-1\" \/>\n<link rel=\"canonical\" href=\"https:\/\/schweizversand.ch\/fr\/produkt\/dress-for-fun-charleston-fransenkleid-kostuem\/\" \/>\n<meta property=\"og:locale\" content=\"fr_FR\" \/>\n<meta property=\"og:type\" content=\"article\" \/>\n<meta property=\"og:title\" content=\"Dress for fun Charleston Fransenkleid - Kost\u00fcm | Jetzt kaufen | Schweizversand.ch\" \/>\n<meta property=\"og:description\" content=\"Dress for fun Charleston Fransenkleid - Kost\u00fcm g\u00fcnstig kaufen bei Schweizversand.ch. Schnelle Lieferung in der Schweiz. Gratisversand ab CHF 50.\" \/>\n<meta property=\"og:url\" content=\"https:\/\/schweizversand.ch\/fr\/produkt\/dress-for-fun-charleston-fransenkleid-kostuem\/\" \/>\n<meta property=\"og:site_name\" content=\"Schweizer Shop f\u00fcr Sport, Spiel und Freizeit\" \/>\n<meta property=\"article:publisher\" content=\"https:\/\/www.facebook.com\/Schweizversand\" \/>\n<meta property=\"article:modified_time\" content=\"2026-04-19T00:05:13+00:00\" \/>\n<meta property=\"og:image\" content=\"https:\/\/schweizversand.ch\/wp-content\/uploads\/2026\/02\/5502078191.jpg\" \/>\n\t<meta property=\"og:image:width\" content=\"560\" \/>\n\t<meta property=\"og:image:height\" content=\"1024\" \/>\n\t<meta property=\"og:image:type\" content=\"image\/jpeg\" \/>\n<meta name=\"twitter:card\" content=\"summary_large_image\" \/>\n<meta name=\"twitter:label1\" content=\"Dur\u00e9e de lecture estim\u00e9e\" \/>\n\t<meta name=\"twitter:data1\" content=\"2 minutes\" \/>\n<script type=\"application\/ld+json\" class=\"yoast-schema-graph\">{\"@context\":\"https:\\\/\\\/schema.org\",\"@graph\":[{\"@type\":\"WebPage\",\"@id\":\"https:\\\/\\\/schweizversand.ch\\\/fr\\\/produkt\\\/dress-for-fun-charleston-fransenkleid-kostuem\\\/\",\"url\":\"https:\\\/\\\/schweizversand.ch\\\/fr\\\/produkt\\\/dress-for-fun-charleston-fransenkleid-kostuem\\\/\",\"name\":\"Dress for fun Charleston Fransenkleid - Kost\u00fcm | Jetzt kaufen | Schweizversand.ch\",\"isPartOf\":{\"@id\":\"https:\\\/\\\/schweizversand.ch\\\/fr\\\/#website\"},\"primaryImageOfPage\":{\"@id\":\"https:\\\/\\\/schweizversand.ch\\\/fr\\\/produkt\\\/dress-for-fun-charleston-fransenkleid-kostuem\\\/#primaryimage\"},\"image\":{\"@id\":\"https:\\\/\\\/schweizversand.ch\\\/fr\\\/produkt\\\/dress-for-fun-charleston-fransenkleid-kostuem\\\/#primaryimage\"},\"thumbnailUrl\":\"https:\\\/\\\/schweizversand.ch\\\/wp-content\\\/uploads\\\/2026\\\/02\\\/5502078191.jpg\",\"datePublished\":\"2026-03-14T23:28:52+00:00\",\"dateModified\":\"2026-04-19T00:05:13+00:00\",\"description\":\"Dress for fun Charleston Fransenkleid - Kost\u00fcm g\u00fcnstig kaufen bei Schweizversand.ch. Schnelle Lieferung in der Schweiz. Gratisversand ab CHF 50.\",\"breadcrumb\":{\"@id\":\"https:\\\/\\\/schweizversand.ch\\\/fr\\\/produkt\\\/dress-for-fun-charleston-fransenkleid-kostuem\\\/#breadcrumb\"},\"inLanguage\":\"fr-FR\",\"potentialAction\":[{\"@type\":\"ReadAction\",\"target\":[\"https:\\\/\\\/schweizversand.ch\\\/fr\\\/produkt\\\/dress-for-fun-charleston-fransenkleid-kostuem\\\/\"]}]},{\"@type\":\"ImageObject\",\"inLanguage\":\"fr-FR\",\"@id\":\"https:\\\/\\\/schweizversand.ch\\\/fr\\\/produkt\\\/dress-for-fun-charleston-fransenkleid-kostuem\\\/#primaryimage\",\"url\":\"https:\\\/\\\/schweizversand.ch\\\/wp-content\\\/uploads\\\/2026\\\/02\\\/5502078191.jpg\",\"contentUrl\":\"https:\\\/\\\/schweizversand.ch\\\/wp-content\\\/uploads\\\/2026\\\/02\\\/5502078191.jpg\",\"width\":560,\"height\":1024},{\"@type\":\"BreadcrumbList\",\"@id\":\"https:\\\/\\\/schweizversand.ch\\\/fr\\\/produkt\\\/dress-for-fun-charleston-fransenkleid-kostuem\\\/#breadcrumb\",\"itemListElement\":[{\"@type\":\"ListItem\",\"position\":1,\"name\":\"Startseite\",\"item\":\"https:\\\/\\\/schweizversand.ch\\\/fr\\\/home\\\/\"},{\"@type\":\"ListItem\",\"position\":2,\"name\":\"Boutique\",\"item\":\"https:\\\/\\\/schweizversand.ch\\\/fr\\\/boutique\\\/\"},{\"@type\":\"ListItem\",\"position\":3,\"name\":\"Mode\",\"item\":\"https:\\\/\\\/schweizversand.ch\\\/fr\\\/produkt-kategorie\\\/mode-fr\\\/\"},{\"@type\":\"ListItem\",\"position\":4,\"name\":\"Mode unisexe\",\"item\":\"https:\\\/\\\/schweizversand.ch\\\/fr\\\/produkt-kategorie\\\/mode\\\/mode-unisexe\\\/\"},{\"@type\":\"ListItem\",\"position\":5,\"name\":\"Costumes\",\"item\":\"https:\\\/\\\/schweizversand.ch\\\/fr\\\/produkt-kategorie\\\/mode\\\/mode-unisexe\\\/costumes\\\/\"},{\"@type\":\"ListItem\",\"position\":6,\"name\":\"Robe \u00e0 franges Charleston pour s&#8217;amuser &#8211; d\u00e9guisement\"}]},{\"@type\":\"WebSite\",\"@id\":\"https:\\\/\\\/schweizversand.ch\\\/fr\\\/#website\",\"url\":\"https:\\\/\\\/schweizversand.ch\\\/fr\\\/\",\"name\":\"Schweizer Shop f\u00fcr Sport, Spiel und Freizeit\",\"description\":\"Gratisversand ab 50.- (netto), ab eigenem schweizer Lager, Lieferung innert 48h\",\"publisher\":{\"@id\":\"https:\\\/\\\/schweizversand.ch\\\/fr\\\/#organization\"},\"alternateName\":\"Schweizversand.ch\",\"potentialAction\":[{\"@type\":\"SearchAction\",\"target\":{\"@type\":\"EntryPoint\",\"urlTemplate\":\"https:\\\/\\\/schweizversand.ch\\\/fr\\\/?s={search_term_string}\"},\"query-input\":{\"@type\":\"PropertyValueSpecification\",\"valueRequired\":true,\"valueName\":\"search_term_string\"}}],\"inLanguage\":\"fr-FR\"},{\"@type\":\"Organization\",\"@id\":\"https:\\\/\\\/schweizversand.ch\\\/fr\\\/#organization\",\"name\":\"Schweizversand.ch\",\"url\":\"https:\\\/\\\/schweizversand.ch\\\/fr\\\/\",\"logo\":{\"@type\":\"ImageObject\",\"inLanguage\":\"fr-FR\",\"@id\":\"https:\\\/\\\/schweizversand.ch\\\/fr\\\/#\\\/schema\\\/logo\\\/image\\\/\",\"url\":\"https:\\\/\\\/schweizversand.ch\\\/wp-content\\\/uploads\\\/2026\\\/03\\\/Logo_Rund_Final-1.png\",\"contentUrl\":\"https:\\\/\\\/schweizversand.ch\\\/wp-content\\\/uploads\\\/2026\\\/03\\\/Logo_Rund_Final-1.png\",\"width\":404,\"height\":404,\"caption\":\"Schweizversand.ch\"},\"image\":{\"@id\":\"https:\\\/\\\/schweizversand.ch\\\/fr\\\/#\\\/schema\\\/logo\\\/image\\\/\"},\"sameAs\":[\"https:\\\/\\\/www.facebook.com\\\/Schweizversand\",\"https:\\\/\\\/www.instagram.com\\\/schweizversand.ch\\\/\"]}]}<\/script>\n<!-- \/ Yoast SEO plugin. -->","yoast_head_json":{"title":"Dress for fun Charleston Fransenkleid - Kost\u00fcm | Jetzt kaufen | Schweizversand.ch","description":"Dress for fun Charleston Fransenkleid - Kost\u00fcm g\u00fcnstig kaufen bei Schweizversand.ch. Schnelle Lieferung in der Schweiz. Gratisversand ab CHF 50.","robots":{"index":"index","follow":"follow","max-snippet":"max-snippet:-1","max-image-preview":"max-image-preview:large","max-video-preview":"max-video-preview:-1"},"canonical":"https:\/\/schweizversand.ch\/fr\/produkt\/dress-for-fun-charleston-fransenkleid-kostuem\/","og_locale":"fr_FR","og_type":"article","og_title":"Dress for fun Charleston Fransenkleid - Kost\u00fcm | Jetzt kaufen | Schweizversand.ch","og_description":"Dress for fun Charleston Fransenkleid - Kost\u00fcm g\u00fcnstig kaufen bei Schweizversand.ch. Schnelle Lieferung in der Schweiz. Gratisversand ab CHF 50.","og_url":"https:\/\/schweizversand.ch\/fr\/produkt\/dress-for-fun-charleston-fransenkleid-kostuem\/","og_site_name":"Schweizer Shop f\u00fcr Sport, Spiel und Freizeit","article_publisher":"https:\/\/www.facebook.com\/Schweizversand","article_modified_time":"2026-04-19T00:05:13+00:00","og_image":[{"width":560,"height":1024,"url":"https:\/\/schweizversand.ch\/wp-content\/uploads\/2026\/02\/5502078191.jpg","type":"image\/jpeg"}],"twitter_card":"summary_large_image","twitter_misc":{"Dur\u00e9e de lecture estim\u00e9e":"2 minutes"},"schema":{"@context":"https:\/\/schema.org","@graph":[{"@type":"WebPage","@id":"https:\/\/schweizversand.ch\/fr\/produkt\/dress-for-fun-charleston-fransenkleid-kostuem\/","url":"https:\/\/schweizversand.ch\/fr\/produkt\/dress-for-fun-charleston-fransenkleid-kostuem\/","name":"Dress for fun Charleston Fransenkleid - Kost\u00fcm | Jetzt kaufen | Schweizversand.ch","isPartOf":{"@id":"https:\/\/schweizversand.ch\/fr\/#website"},"primaryImageOfPage":{"@id":"https:\/\/schweizversand.ch\/fr\/produkt\/dress-for-fun-charleston-fransenkleid-kostuem\/#primaryimage"},"image":{"@id":"https:\/\/schweizversand.ch\/fr\/produkt\/dress-for-fun-charleston-fransenkleid-kostuem\/#primaryimage"},"thumbnailUrl":"https:\/\/schweizversand.ch\/wp-content\/uploads\/2026\/02\/5502078191.jpg","datePublished":"2026-03-14T23:28:52+00:00","dateModified":"2026-04-19T00:05:13+00:00","description":"Dress for fun Charleston Fransenkleid - Kost\u00fcm g\u00fcnstig kaufen bei Schweizversand.ch. Schnelle Lieferung in der Schweiz. Gratisversand ab CHF 50.","breadcrumb":{"@id":"https:\/\/schweizversand.ch\/fr\/produkt\/dress-for-fun-charleston-fransenkleid-kostuem\/#breadcrumb"},"inLanguage":"fr-FR","potentialAction":[{"@type":"ReadAction","target":["https:\/\/schweizversand.ch\/fr\/produkt\/dress-for-fun-charleston-fransenkleid-kostuem\/"]}]},{"@type":"ImageObject","inLanguage":"fr-FR","@id":"https:\/\/schweizversand.ch\/fr\/produkt\/dress-for-fun-charleston-fransenkleid-kostuem\/#primaryimage","url":"https:\/\/schweizversand.ch\/wp-content\/uploads\/2026\/02\/5502078191.jpg","contentUrl":"https:\/\/schweizversand.ch\/wp-content\/uploads\/2026\/02\/5502078191.jpg","width":560,"height":1024},{"@type":"BreadcrumbList","@id":"https:\/\/schweizversand.ch\/fr\/produkt\/dress-for-fun-charleston-fransenkleid-kostuem\/#breadcrumb","itemListElement":[{"@type":"ListItem","position":1,"name":"Startseite","item":"https:\/\/schweizversand.ch\/fr\/home\/"},{"@type":"ListItem","position":2,"name":"Boutique","item":"https:\/\/schweizversand.ch\/fr\/boutique\/"},{"@type":"ListItem","position":3,"name":"Mode","item":"https:\/\/schweizversand.ch\/fr\/produkt-kategorie\/mode-fr\/"},{"@type":"ListItem","position":4,"name":"Mode unisexe","item":"https:\/\/schweizversand.ch\/fr\/produkt-kategorie\/mode\/mode-unisexe\/"},{"@type":"ListItem","position":5,"name":"Costumes","item":"https:\/\/schweizversand.ch\/fr\/produkt-kategorie\/mode\/mode-unisexe\/costumes\/"},{"@type":"ListItem","position":6,"name":"Robe \u00e0 franges Charleston pour s&#8217;amuser &#8211; d\u00e9guisement"}]},{"@type":"WebSite","@id":"https:\/\/schweizversand.ch\/fr\/#website","url":"https:\/\/schweizversand.ch\/fr\/","name":"Schweizer Shop f\u00fcr Sport, Spiel und Freizeit","description":"Gratisversand ab 50.- (netto), ab eigenem schweizer Lager, Lieferung innert 48h","publisher":{"@id":"https:\/\/schweizversand.ch\/fr\/#organization"},"alternateName":"Schweizversand.ch","potentialAction":[{"@type":"SearchAction","target":{"@type":"EntryPoint","urlTemplate":"https:\/\/schweizversand.ch\/fr\/?s={search_term_string}"},"query-input":{"@type":"PropertyValueSpecification","valueRequired":true,"valueName":"search_term_string"}}],"inLanguage":"fr-FR"},{"@type":"Organization","@id":"https:\/\/schweizversand.ch\/fr\/#organization","name":"Schweizversand.ch","url":"https:\/\/schweizversand.ch\/fr\/","logo":{"@type":"ImageObject","inLanguage":"fr-FR","@id":"https:\/\/schweizversand.ch\/fr\/#\/schema\/logo\/image\/","url":"https:\/\/schweizversand.ch\/wp-content\/uploads\/2026\/03\/Logo_Rund_Final-1.png","contentUrl":"https:\/\/schweizversand.ch\/wp-content\/uploads\/2026\/03\/Logo_Rund_Final-1.png","width":404,"height":404,"caption":"Schweizversand.ch"},"image":{"@id":"https:\/\/schweizversand.ch\/fr\/#\/schema\/logo\/image\/"},"sameAs":["https:\/\/www.facebook.com\/Schweizversand","https:\/\/www.instagram.com\/schweizversand.ch\/"]}]}},"jetpack_sharing_enabled":true,"_links":{"self":[{"href":"https:\/\/schweizversand.ch\/fr\/wp-json\/wp\/v2\/product\/252364","targetHints":{"allow":["GET"]}}],"collection":[{"href":"https:\/\/schweizversand.ch\/fr\/wp-json\/wp\/v2\/product"}],"about":[{"href":"https:\/\/schweizversand.ch\/fr\/wp-json\/wp\/v2\/types\/product"}],"replies":[{"embeddable":true,"href":"https:\/\/schweizversand.ch\/fr\/wp-json\/wp\/v2\/comments?post=252364"}],"wp:featuredmedia":[{"embeddable":true,"href":"https:\/\/schweizversand.ch\/fr\/wp-json\/wp\/v2\/media\/163819"}],"wp:attachment":[{"href":"https:\/\/schweizversand.ch\/fr\/wp-json\/wp\/v2\/media?parent=252364"}],"wp:term":[{"taxonomy":"product_brand","embeddable":true,"href":"https:\/\/schweizversand.ch\/fr\/wp-json\/wp\/v2\/product_brand?post=252364"},{"taxonomy":"product_cat","embeddable":true,"href":"https:\/\/schweizversand.ch\/fr\/wp-json\/wp\/v2\/product_cat?post=252364"},{"taxonomy":"product_tag","embeddable":true,"href":"https:\/\/schweizversand.ch\/fr\/wp-json\/wp\/v2\/product_tag?post=252364"}],"curies":[{"name":"wp","href":"https:\/\/api.w.org\/{rel}","templated":true}]}}