{"id":252378,"date":"2026-03-15T00:28:54","date_gmt":"2026-03-14T23:28:54","guid":{"rendered":"https:\/\/schweizversand.ch\/produkt\/denkriesen-trinkspiel-stadt-land-vollpfosten-do-it-yourself\/"},"modified":"2026-04-20T15:35:03","modified_gmt":"2026-04-20T13:35:03","slug":"denkriesen-trinkspiel-stadt-land-vollpfosten-do-it-yourself","status":"publish","type":"product","link":"https:\/\/schweizversand.ch\/fr\/produkt\/denkriesen-trinkspiel-stadt-land-vollpfosten-do-it-yourself\/","title":{"rendered":"Imaginez le jeu \u00e0 boire g\u00e9ant City Country Idiot &#8211; FAITES-LE VOUS-M\u00caME"},"content":{"rendered":"<p>L&rsquo;\u00e9dition officielle \u00ab\u00a0Faites-le vous-m\u00eame\u00a0\u00bb du jeu cr\u00e9atif CITY COUNTRY IDIOT\u00ae (variante Ville, Campagne, Rivi\u00e8re) offre un divertissement sans fin gr\u00e2ce \u00e0 sa personnalisation. Cette \u00e9dition combine un gameplay classique avec cr\u00e9ativit\u00e9 et r\u00e9flexion strat\u00e9gique. Id\u00e9ale pour tous ceux qui souhaitent exprimer leur cr\u00e9ativit\u00e9 en jouant et s&rsquo;amuser \u00e0 coup s\u00fbr.<\/p>\n<p>Manette de jeu\u00a0: Format A4, pratique et facile \u00e0 transporter.<\/p>\n<p>Contenu\u00a0: 182 suggestions de cat\u00e9gories pour une vari\u00e9t\u00e9 et une cr\u00e9ativit\u00e9 maximales.<\/p>\n<p>Niveau de difficult\u00e9\u00a0: Choisissez vous-m\u00eame le niveau de difficult\u00e9 en s\u00e9lectionnant les cat\u00e9gories.<\/p>\n<p>Caisses \u00ab\u00a0Idiot\u00a0\u00bb\u00a0: Chaque joueur peut cocher une case \u00ab\u00a0Idiot\u00a0\u00bb pour doubler ses points. Cela ajoute du piquant et de la strat\u00e9gie au jeu.<\/p>\n<p>Parfait pour les anniversaires\u00a0: Id\u00e9al pour animer vos f\u00eates et c\u00e9l\u00e9brations.<\/p>\n<p>Id\u00e9al pour les voyages\u00a0: Gr\u00e2ce \u00e0 son format A4 pratique, il est facile \u00e0 emporter partout.<\/p>\n<p>D\u00e9roulement du jeu\u00a0:<\/p>\n<p>Pr\u00e9paration\u00a0: Chaque joueur re\u00e7oit une feuille A4 et la place devant lui. Avant de commencer, s\u00e9lectionnez les cat\u00e9gories parmi les 182 suggestions et cochez les cases \u00ab\u00a0idiot\u00a0\u00bb.<\/p>\n<p>Temps limite\u00a0: Chaque manche a un temps limite (2 minutes sont recommand\u00e9es).<\/p>\n<p>S\u00e9lection des lettres\u00a0: La bande de lettres innovante vous aide \u00e0 identifier la lettre.<\/p>\n<p>Manches\u00a0: \u00c0 chaque manche, 8\u00a0mots doivent \u00eatre saisis dans les cat\u00e9gories s\u00e9lectionn\u00e9es.<\/p>\n<p>Score\u00a0:<\/p>\n<p>Aucun mot trouv\u00e9\u00a0: 0\u00a0point<\/p>\n<p>Au moins un autre joueur a le m\u00eame mot\u00a0: 5\u00a0points<\/p>\n<p>Aucun autre joueur n\u2019a le m\u00eame mot\u00a0: 10\u00a0points<\/p>\n<p>Un seul joueur trouve un mot\u00a0: 20\u00a0points<\/p>\n<p>\u00c0 partir de 9\u00a0ans<\/p>\n","protected":false},"excerpt":{"rendered":"<p>L&rsquo;\u00e9dition officielle \u00ab\u00a0Faites-le vous-m\u00eame\u00a0\u00bb du jeu cr\u00e9atif CITY COUNTRY IDIOT\u00ae (variante Ville, Campagne, Rivi\u00e8re) offre un divertissement sans fin gr\u00e2ce \u00e0 sa personnalisation. Cette \u00e9dition combine un gameplay classique avec cr\u00e9ativit\u00e9 et r\u00e9flexion strat\u00e9gique. Id\u00e9ale pour tous ceux qui souhaitent exprimer leur cr\u00e9ativit\u00e9 en jouant et s&rsquo;amuser \u00e0 coup s\u00fbr. Manette de jeu\u00a0: Format A4, pratique et facile \u00e0 transporter. Contenu\u00a0: 182 suggestions de cat\u00e9gories pour une vari\u00e9t\u00e9 et une cr\u00e9ativit\u00e9 maximales. Niveau de difficult\u00e9\u00a0:&hellip;<\/p>\n","protected":false},"featured_media":163900,"comment_status":"open","ping_status":"closed","template":"","meta":[],"product_brand":[],"product_cat":[38737],"product_tag":[],"class_list":{"0":"post-252378","1":"product","2":"type-product","3":"status-publish","4":"has-post-thumbnail","6":"product_cat-trinkspiel","7":"product_shipping_class-global_methods","9":"first","10":"instock","11":"taxable","12":"shipping-taxable","13":"purchasable","14":"product-type-simple"},"yoast_head":"<!-- This site is optimized with the Yoast SEO plugin v27.4 - https:\/\/yoast.com\/product\/yoast-seo-wordpress\/ -->\n<title>Denkriesen Trinkspiel Stadt Land Vollpfosten - DO IT YOURSELF | Jetzt kaufen | Schweizversand.ch<\/title>\n<meta name=\"description\" content=\"Denkriesen Trinkspiel Stadt Land Vollpfosten - DO IT YOURSELF g\u00fcnstig kaufen bei Schweizversand.ch. Schnelle Lieferung in der Schweiz. Gratisversand ab CHF 50.\" \/>\n<meta name=\"robots\" content=\"index, follow, max-snippet:-1, max-image-preview:large, max-video-preview:-1\" \/>\n<link rel=\"canonical\" href=\"https:\/\/schweizversand.ch\/fr\/produkt\/denkriesen-trinkspiel-stadt-land-vollpfosten-do-it-yourself\/\" \/>\n<meta property=\"og:locale\" content=\"fr_FR\" \/>\n<meta property=\"og:type\" content=\"article\" \/>\n<meta property=\"og:title\" content=\"Denkriesen Trinkspiel Stadt Land Vollpfosten - DO IT YOURSELF | Jetzt kaufen | Schweizversand.ch\" \/>\n<meta property=\"og:description\" content=\"Denkriesen Trinkspiel Stadt Land Vollpfosten - DO IT YOURSELF g\u00fcnstig kaufen bei Schweizversand.ch. Schnelle Lieferung in der Schweiz. Gratisversand ab CHF 50.\" \/>\n<meta property=\"og:url\" content=\"https:\/\/schweizversand.ch\/fr\/produkt\/denkriesen-trinkspiel-stadt-land-vollpfosten-do-it-yourself\/\" \/>\n<meta property=\"og:site_name\" content=\"Schweizer Shop f\u00fcr Sport, Spiel und Freizeit\" \/>\n<meta property=\"article:publisher\" content=\"https:\/\/www.facebook.com\/Schweizversand\" \/>\n<meta property=\"article:modified_time\" content=\"2026-04-20T13:35:03+00:00\" \/>\n<meta property=\"og:image\" content=\"https:\/\/schweizversand.ch\/wp-content\/uploads\/2026\/02\/5471752533.jpg\" \/>\n\t<meta property=\"og:image:width\" content=\"1024\" \/>\n\t<meta property=\"og:image:height\" content=\"868\" \/>\n\t<meta property=\"og:image:type\" content=\"image\/jpeg\" \/>\n<meta name=\"twitter:card\" content=\"summary_large_image\" \/>\n<meta name=\"twitter:label1\" content=\"Dur\u00e9e de lecture estim\u00e9e\" \/>\n\t<meta name=\"twitter:data1\" content=\"1 minute\" \/>\n<script type=\"application\/ld+json\" class=\"yoast-schema-graph\">{\"@context\":\"https:\\\/\\\/schema.org\",\"@graph\":[{\"@type\":\"WebPage\",\"@id\":\"https:\\\/\\\/schweizversand.ch\\\/fr\\\/produkt\\\/denkriesen-trinkspiel-stadt-land-vollpfosten-do-it-yourself\\\/\",\"url\":\"https:\\\/\\\/schweizversand.ch\\\/fr\\\/produkt\\\/denkriesen-trinkspiel-stadt-land-vollpfosten-do-it-yourself\\\/\",\"name\":\"Denkriesen Trinkspiel Stadt Land Vollpfosten - DO IT YOURSELF | Jetzt kaufen | Schweizversand.ch\",\"isPartOf\":{\"@id\":\"https:\\\/\\\/schweizversand.ch\\\/fr\\\/#website\"},\"primaryImageOfPage\":{\"@id\":\"https:\\\/\\\/schweizversand.ch\\\/fr\\\/produkt\\\/denkriesen-trinkspiel-stadt-land-vollpfosten-do-it-yourself\\\/#primaryimage\"},\"image\":{\"@id\":\"https:\\\/\\\/schweizversand.ch\\\/fr\\\/produkt\\\/denkriesen-trinkspiel-stadt-land-vollpfosten-do-it-yourself\\\/#primaryimage\"},\"thumbnailUrl\":\"https:\\\/\\\/schweizversand.ch\\\/wp-content\\\/uploads\\\/2026\\\/02\\\/5471752533.jpg\",\"datePublished\":\"2026-03-14T23:28:54+00:00\",\"dateModified\":\"2026-04-20T13:35:03+00:00\",\"description\":\"Denkriesen Trinkspiel Stadt Land Vollpfosten - DO IT YOURSELF g\u00fcnstig kaufen bei Schweizversand.ch. Schnelle Lieferung in der Schweiz. Gratisversand ab CHF 50.\",\"breadcrumb\":{\"@id\":\"https:\\\/\\\/schweizversand.ch\\\/fr\\\/produkt\\\/denkriesen-trinkspiel-stadt-land-vollpfosten-do-it-yourself\\\/#breadcrumb\"},\"inLanguage\":\"fr-FR\",\"potentialAction\":[{\"@type\":\"ReadAction\",\"target\":[\"https:\\\/\\\/schweizversand.ch\\\/fr\\\/produkt\\\/denkriesen-trinkspiel-stadt-land-vollpfosten-do-it-yourself\\\/\"]}]},{\"@type\":\"ImageObject\",\"inLanguage\":\"fr-FR\",\"@id\":\"https:\\\/\\\/schweizversand.ch\\\/fr\\\/produkt\\\/denkriesen-trinkspiel-stadt-land-vollpfosten-do-it-yourself\\\/#primaryimage\",\"url\":\"https:\\\/\\\/schweizversand.ch\\\/wp-content\\\/uploads\\\/2026\\\/02\\\/5471752533.jpg\",\"contentUrl\":\"https:\\\/\\\/schweizversand.ch\\\/wp-content\\\/uploads\\\/2026\\\/02\\\/5471752533.jpg\",\"width\":1024,\"height\":868},{\"@type\":\"BreadcrumbList\",\"@id\":\"https:\\\/\\\/schweizversand.ch\\\/fr\\\/produkt\\\/denkriesen-trinkspiel-stadt-land-vollpfosten-do-it-yourself\\\/#breadcrumb\",\"itemListElement\":[{\"@type\":\"ListItem\",\"position\":1,\"name\":\"Startseite\",\"item\":\"https:\\\/\\\/schweizversand.ch\\\/fr\\\/home\\\/\"},{\"@type\":\"ListItem\",\"position\":2,\"name\":\"Boutique\",\"item\":\"https:\\\/\\\/schweizversand.ch\\\/fr\\\/boutique\\\/\"},{\"@type\":\"ListItem\",\"position\":3,\"name\":\"Jouets et jeux\",\"item\":\"https:\\\/\\\/schweizversand.ch\\\/fr\\\/produkt-kategorie\\\/jouets-et-jeux\\\/\"},{\"@type\":\"ListItem\",\"position\":4,\"name\":\"F\u00eates et divertissements\",\"item\":\"https:\\\/\\\/schweizversand.ch\\\/fr\\\/produkt-kategorie\\\/jouets-et-jeux\\\/fetes-et-divertissements\\\/\"},{\"@type\":\"ListItem\",\"position\":5,\"name\":\"Jeu \u00e0 boire\",\"item\":\"https:\\\/\\\/schweizversand.ch\\\/fr\\\/produkt-kategorie\\\/trinkspiel\\\/\"},{\"@type\":\"ListItem\",\"position\":6,\"name\":\"Imaginez le jeu \u00e0 boire g\u00e9ant City Country Idiot &#8211; FAITES-LE VOUS-M\u00caME\"}]},{\"@type\":\"WebSite\",\"@id\":\"https:\\\/\\\/schweizversand.ch\\\/fr\\\/#website\",\"url\":\"https:\\\/\\\/schweizversand.ch\\\/fr\\\/\",\"name\":\"Schweizer Shop f\u00fcr Sport, Spiel und Freizeit\",\"description\":\"Gratisversand ab 50.- (netto), ab eigenem schweizer Lager, Lieferung innert 48h\",\"publisher\":{\"@id\":\"https:\\\/\\\/schweizversand.ch\\\/fr\\\/#organization\"},\"alternateName\":\"Schweizversand.ch\",\"potentialAction\":[{\"@type\":\"SearchAction\",\"target\":{\"@type\":\"EntryPoint\",\"urlTemplate\":\"https:\\\/\\\/schweizversand.ch\\\/fr\\\/?s={search_term_string}\"},\"query-input\":{\"@type\":\"PropertyValueSpecification\",\"valueRequired\":true,\"valueName\":\"search_term_string\"}}],\"inLanguage\":\"fr-FR\"},{\"@type\":\"Organization\",\"@id\":\"https:\\\/\\\/schweizversand.ch\\\/fr\\\/#organization\",\"name\":\"Schweizversand.ch\",\"url\":\"https:\\\/\\\/schweizversand.ch\\\/fr\\\/\",\"logo\":{\"@type\":\"ImageObject\",\"inLanguage\":\"fr-FR\",\"@id\":\"https:\\\/\\\/schweizversand.ch\\\/fr\\\/#\\\/schema\\\/logo\\\/image\\\/\",\"url\":\"https:\\\/\\\/schweizversand.ch\\\/wp-content\\\/uploads\\\/2026\\\/03\\\/Logo_Rund_Final-1.png\",\"contentUrl\":\"https:\\\/\\\/schweizversand.ch\\\/wp-content\\\/uploads\\\/2026\\\/03\\\/Logo_Rund_Final-1.png\",\"width\":404,\"height\":404,\"caption\":\"Schweizversand.ch\"},\"image\":{\"@id\":\"https:\\\/\\\/schweizversand.ch\\\/fr\\\/#\\\/schema\\\/logo\\\/image\\\/\"},\"sameAs\":[\"https:\\\/\\\/www.facebook.com\\\/Schweizversand\",\"https:\\\/\\\/www.instagram.com\\\/schweizversand.ch\\\/\"]}]}<\/script>\n<!-- \/ Yoast SEO plugin. -->","yoast_head_json":{"title":"Denkriesen Trinkspiel Stadt Land Vollpfosten - DO IT YOURSELF | Jetzt kaufen | Schweizversand.ch","description":"Denkriesen Trinkspiel Stadt Land Vollpfosten - DO IT YOURSELF g\u00fcnstig kaufen bei Schweizversand.ch. Schnelle Lieferung in der Schweiz. Gratisversand ab CHF 50.","robots":{"index":"index","follow":"follow","max-snippet":"max-snippet:-1","max-image-preview":"max-image-preview:large","max-video-preview":"max-video-preview:-1"},"canonical":"https:\/\/schweizversand.ch\/fr\/produkt\/denkriesen-trinkspiel-stadt-land-vollpfosten-do-it-yourself\/","og_locale":"fr_FR","og_type":"article","og_title":"Denkriesen Trinkspiel Stadt Land Vollpfosten - DO IT YOURSELF | Jetzt kaufen | Schweizversand.ch","og_description":"Denkriesen Trinkspiel Stadt Land Vollpfosten - DO IT YOURSELF g\u00fcnstig kaufen bei Schweizversand.ch. Schnelle Lieferung in der Schweiz. Gratisversand ab CHF 50.","og_url":"https:\/\/schweizversand.ch\/fr\/produkt\/denkriesen-trinkspiel-stadt-land-vollpfosten-do-it-yourself\/","og_site_name":"Schweizer Shop f\u00fcr Sport, Spiel und Freizeit","article_publisher":"https:\/\/www.facebook.com\/Schweizversand","article_modified_time":"2026-04-20T13:35:03+00:00","og_image":[{"width":1024,"height":868,"url":"https:\/\/schweizversand.ch\/wp-content\/uploads\/2026\/02\/5471752533.jpg","type":"image\/jpeg"}],"twitter_card":"summary_large_image","twitter_misc":{"Dur\u00e9e de lecture estim\u00e9e":"1 minute"},"schema":{"@context":"https:\/\/schema.org","@graph":[{"@type":"WebPage","@id":"https:\/\/schweizversand.ch\/fr\/produkt\/denkriesen-trinkspiel-stadt-land-vollpfosten-do-it-yourself\/","url":"https:\/\/schweizversand.ch\/fr\/produkt\/denkriesen-trinkspiel-stadt-land-vollpfosten-do-it-yourself\/","name":"Denkriesen Trinkspiel Stadt Land Vollpfosten - DO IT YOURSELF | Jetzt kaufen | Schweizversand.ch","isPartOf":{"@id":"https:\/\/schweizversand.ch\/fr\/#website"},"primaryImageOfPage":{"@id":"https:\/\/schweizversand.ch\/fr\/produkt\/denkriesen-trinkspiel-stadt-land-vollpfosten-do-it-yourself\/#primaryimage"},"image":{"@id":"https:\/\/schweizversand.ch\/fr\/produkt\/denkriesen-trinkspiel-stadt-land-vollpfosten-do-it-yourself\/#primaryimage"},"thumbnailUrl":"https:\/\/schweizversand.ch\/wp-content\/uploads\/2026\/02\/5471752533.jpg","datePublished":"2026-03-14T23:28:54+00:00","dateModified":"2026-04-20T13:35:03+00:00","description":"Denkriesen Trinkspiel Stadt Land Vollpfosten - DO IT YOURSELF g\u00fcnstig kaufen bei Schweizversand.ch. Schnelle Lieferung in der Schweiz. Gratisversand ab CHF 50.","breadcrumb":{"@id":"https:\/\/schweizversand.ch\/fr\/produkt\/denkriesen-trinkspiel-stadt-land-vollpfosten-do-it-yourself\/#breadcrumb"},"inLanguage":"fr-FR","potentialAction":[{"@type":"ReadAction","target":["https:\/\/schweizversand.ch\/fr\/produkt\/denkriesen-trinkspiel-stadt-land-vollpfosten-do-it-yourself\/"]}]},{"@type":"ImageObject","inLanguage":"fr-FR","@id":"https:\/\/schweizversand.ch\/fr\/produkt\/denkriesen-trinkspiel-stadt-land-vollpfosten-do-it-yourself\/#primaryimage","url":"https:\/\/schweizversand.ch\/wp-content\/uploads\/2026\/02\/5471752533.jpg","contentUrl":"https:\/\/schweizversand.ch\/wp-content\/uploads\/2026\/02\/5471752533.jpg","width":1024,"height":868},{"@type":"BreadcrumbList","@id":"https:\/\/schweizversand.ch\/fr\/produkt\/denkriesen-trinkspiel-stadt-land-vollpfosten-do-it-yourself\/#breadcrumb","itemListElement":[{"@type":"ListItem","position":1,"name":"Startseite","item":"https:\/\/schweizversand.ch\/fr\/home\/"},{"@type":"ListItem","position":2,"name":"Boutique","item":"https:\/\/schweizversand.ch\/fr\/boutique\/"},{"@type":"ListItem","position":3,"name":"Jouets et jeux","item":"https:\/\/schweizversand.ch\/fr\/produkt-kategorie\/jouets-et-jeux\/"},{"@type":"ListItem","position":4,"name":"F\u00eates et divertissements","item":"https:\/\/schweizversand.ch\/fr\/produkt-kategorie\/jouets-et-jeux\/fetes-et-divertissements\/"},{"@type":"ListItem","position":5,"name":"Jeu \u00e0 boire","item":"https:\/\/schweizversand.ch\/fr\/produkt-kategorie\/trinkspiel\/"},{"@type":"ListItem","position":6,"name":"Imaginez le jeu \u00e0 boire g\u00e9ant City Country Idiot &#8211; FAITES-LE VOUS-M\u00caME"}]},{"@type":"WebSite","@id":"https:\/\/schweizversand.ch\/fr\/#website","url":"https:\/\/schweizversand.ch\/fr\/","name":"Schweizer Shop f\u00fcr Sport, Spiel und Freizeit","description":"Gratisversand ab 50.- (netto), ab eigenem schweizer Lager, Lieferung innert 48h","publisher":{"@id":"https:\/\/schweizversand.ch\/fr\/#organization"},"alternateName":"Schweizversand.ch","potentialAction":[{"@type":"SearchAction","target":{"@type":"EntryPoint","urlTemplate":"https:\/\/schweizversand.ch\/fr\/?s={search_term_string}"},"query-input":{"@type":"PropertyValueSpecification","valueRequired":true,"valueName":"search_term_string"}}],"inLanguage":"fr-FR"},{"@type":"Organization","@id":"https:\/\/schweizversand.ch\/fr\/#organization","name":"Schweizversand.ch","url":"https:\/\/schweizversand.ch\/fr\/","logo":{"@type":"ImageObject","inLanguage":"fr-FR","@id":"https:\/\/schweizversand.ch\/fr\/#\/schema\/logo\/image\/","url":"https:\/\/schweizversand.ch\/wp-content\/uploads\/2026\/03\/Logo_Rund_Final-1.png","contentUrl":"https:\/\/schweizversand.ch\/wp-content\/uploads\/2026\/03\/Logo_Rund_Final-1.png","width":404,"height":404,"caption":"Schweizversand.ch"},"image":{"@id":"https:\/\/schweizversand.ch\/fr\/#\/schema\/logo\/image\/"},"sameAs":["https:\/\/www.facebook.com\/Schweizversand","https:\/\/www.instagram.com\/schweizversand.ch\/"]}]}},"jetpack_sharing_enabled":true,"_links":{"self":[{"href":"https:\/\/schweizversand.ch\/fr\/wp-json\/wp\/v2\/product\/252378","targetHints":{"allow":["GET"]}}],"collection":[{"href":"https:\/\/schweizversand.ch\/fr\/wp-json\/wp\/v2\/product"}],"about":[{"href":"https:\/\/schweizversand.ch\/fr\/wp-json\/wp\/v2\/types\/product"}],"replies":[{"embeddable":true,"href":"https:\/\/schweizversand.ch\/fr\/wp-json\/wp\/v2\/comments?post=252378"}],"wp:featuredmedia":[{"embeddable":true,"href":"https:\/\/schweizversand.ch\/fr\/wp-json\/wp\/v2\/media\/163900"}],"wp:attachment":[{"href":"https:\/\/schweizversand.ch\/fr\/wp-json\/wp\/v2\/media?parent=252378"}],"wp:term":[{"taxonomy":"product_brand","embeddable":true,"href":"https:\/\/schweizversand.ch\/fr\/wp-json\/wp\/v2\/product_brand?post=252378"},{"taxonomy":"product_cat","embeddable":true,"href":"https:\/\/schweizversand.ch\/fr\/wp-json\/wp\/v2\/product_cat?post=252378"},{"taxonomy":"product_tag","embeddable":true,"href":"https:\/\/schweizversand.ch\/fr\/wp-json\/wp\/v2\/product_tag?post=252378"}],"curies":[{"name":"wp","href":"https:\/\/api.w.org\/{rel}","templated":true}]}}