{"id":252387,"date":"2026-03-15T00:28:56","date_gmt":"2026-03-14T23:28:56","guid":{"rendered":"https:\/\/schweizversand.ch\/produkt\/dress-for-fun-herrenkostuem-hippie-jimmy\/"},"modified":"2026-04-19T15:35:49","modified_gmt":"2026-04-19T13:35:49","slug":"dress-for-fun-herrenkostuem-hippie-jimmy","status":"publish","type":"product","link":"https:\/\/schweizversand.ch\/fr\/produkt\/dress-for-fun-herrenkostuem-hippie-jimmy\/","title":{"rendered":"D\u00e9guisement amusant pour homme \u00ab Hippie Jimmy \u00bb"},"content":{"rendered":"<p>D\u00e9guisement Hippie Jimmy pour homme \u2013 Flower Power pour une ambiance 70&rsquo;s authentique<\/p>\n<p>Flower Power, Peace &#038; Love ! Avec le d\u00e9guisement \u00ab Hippie Jimmy \u00bb pour homme, plongez directement dans l&rsquo;univers color\u00e9 des ann\u00e9es 70. Que ce soit pour le Carnaval, Mardi Gras, un festival ou une soir\u00e9e \u00e0 th\u00e8me, cette tenue rayonnera de joie de vivre et r\u00e9pandra la bonne humeur \u00e0 coup s\u00fbr.<\/p>\n<p>Pi\u00e8ce ma\u00eetresse du d\u00e9guisement : une \u00e9l\u00e9gante chemise \u00e0 manches longues en jersey stretch. Elle offre un confort exceptionnel et une libert\u00e9 de mouvement maximale, id\u00e9ale pour les soir\u00e9es anim\u00e9es et les pas de danse endiabl\u00e9s. Son design original orn\u00e9 du symbole de la paix vous assurera d&rsquo;\u00eatre au centre de l&rsquo;attention sur la piste de danse.<\/p>\n<p>Le pantalon \u00e9vas\u00e9 d\u00e9contract\u00e9, avec sa taille \u00e9lastique confortable, garantit un look 70&rsquo;s authentique et une coupe parfaite. La ceinture \u00e0 nouer compl\u00e8te harmonieusement le look et apporte \u00e0 la tenue ce charme hippie typique.<\/p>\n<p>Pi\u00e8ce ma\u00eetresse du d\u00e9guisement : une \u00e9l\u00e9gante chemise \u00e0 manches longues en jersey stretch. <br \/>Compl\u00e9tez le costume avec des lunettes de soleil rondes, des bracelets color\u00e9s ou un collier avec le symbole de la paix, et vous voil\u00e0 pr\u00eat \u00e0 revivre l&rsquo;\u00e9poque du Flower Power\u00a0!<\/p>\n<p>Seul ou entre amis, au sein d&rsquo;une joyeuse bande hippie, le costume \u00ab\u00a0Hippie Jimmy\u00a0\u00bb pour homme fera de vous la star de toutes les soir\u00e9es ann\u00e9es 70\u00a0!<\/p>\n<p>Points forts<\/p>\n<p>T-shirt \u00e0 manches longues styl\u00e9 en jersey extensible avec un symbole de la paix<\/p>\n<p>Pantalon \u00e9vas\u00e9 confortable avec taille \u00e9lastiqu\u00e9e pour un ajustement parfait<\/p>\n<p>Ceinture tendance pour un look r\u00e9tro authentique<\/p>\n<p>Parfait pour Mardi Gras, le Carnaval, les soir\u00e9es \u00e0 th\u00e8me et les f\u00eates Flower Power<\/p>\n<p>Composition\u00a0: 100\u00a0% polyester<\/p>\n<p>Contenu<\/p>\n<p>1\u00a0t-shirt \u00e0 manches longues<\/p>\n<p>1\u00a0pantalon \u00e9vas\u00e9<\/p>\n<p>1\u00a0ceinture<\/p>\n<p>(Chaussures, bandeau et guitare non inclus)<\/p>\n","protected":false},"excerpt":{"rendered":"<p>D\u00e9guisement Hippie Jimmy pour homme \u2013 Flower Power pour une ambiance 70&rsquo;s authentique Flower Power, Peace &#038; Love ! Avec le d\u00e9guisement \u00ab Hippie Jimmy \u00bb pour homme, plongez directement dans l&rsquo;univers color\u00e9 des ann\u00e9es 70. Que ce soit pour le Carnaval, Mardi Gras, un festival ou une soir\u00e9e \u00e0 th\u00e8me, cette tenue rayonnera de joie de vivre et r\u00e9pandra la bonne humeur \u00e0 coup s\u00fbr. Pi\u00e8ce ma\u00eetresse du d\u00e9guisement : une \u00e9l\u00e9gante chemise \u00e0&hellip;<\/p>\n","protected":false},"featured_media":262253,"comment_status":"open","ping_status":"closed","template":"","meta":[],"product_brand":[],"product_cat":[38123,38957],"product_tag":[],"class_list":{"0":"post-252387","1":"product","2":"type-product","3":"status-publish","4":"has-post-thumbnail","6":"product_cat-costumes","7":"product_cat-kostueme","8":"product_shipping_class-global_methods","10":"first","11":"instock","12":"taxable","13":"shipping-taxable","14":"purchasable","15":"product-type-simple"},"yoast_head":"<!-- This site is optimized with the Yoast SEO plugin v27.4 - https:\/\/yoast.com\/product\/yoast-seo-wordpress\/ -->\n<title>Dress for fun Herrenkost\u00fcm \u201eHippie Jimmy\u201c<\/title>\n<meta name=\"description\" content=\"Herrenkost\u00fcm \u201eHippie Jimmy\u201c \u2013 Flower Power f\u00fcr echte 70er-Vibes Flower Power, Peace &amp; Love! Mit dem Herrenkost\u00fcm \u201eHippie Jimmy\u201c reist Du direkt in die bunte We\" \/>\n<meta name=\"robots\" content=\"index, follow, max-snippet:-1, max-image-preview:large, max-video-preview:-1\" \/>\n<link rel=\"canonical\" href=\"https:\/\/schweizversand.ch\/fr\/produkt\/dress-for-fun-herrenkostuem-hippie-jimmy\/\" \/>\n<meta property=\"og:locale\" content=\"fr_FR\" \/>\n<meta property=\"og:type\" content=\"article\" \/>\n<meta property=\"og:title\" content=\"Dress for fun Herrenkost\u00fcm \u201eHippie Jimmy\u201c\" \/>\n<meta property=\"og:description\" content=\"Herrenkost\u00fcm \u201eHippie Jimmy\u201c \u2013 Flower Power f\u00fcr echte 70er-Vibes Flower Power, Peace &amp; Love! Mit dem Herrenkost\u00fcm \u201eHippie Jimmy\u201c reist Du direkt in die bunte We\" \/>\n<meta property=\"og:url\" content=\"https:\/\/schweizversand.ch\/fr\/produkt\/dress-for-fun-herrenkostuem-hippie-jimmy\/\" \/>\n<meta property=\"og:site_name\" content=\"Schweizer Shop f\u00fcr Sport, Spiel und Freizeit\" \/>\n<meta property=\"article:publisher\" content=\"https:\/\/www.facebook.com\/Schweizversand\" \/>\n<meta property=\"article:modified_time\" content=\"2026-04-19T13:35:49+00:00\" \/>\n<meta property=\"og:image\" content=\"https:\/\/schweizversand.ch\/wp-content\/uploads\/2026\/02\/5472029864.png\" \/>\n\t<meta property=\"og:image:width\" content=\"669\" \/>\n\t<meta property=\"og:image:height\" content=\"1024\" \/>\n\t<meta property=\"og:image:type\" content=\"image\/png\" \/>\n<meta name=\"twitter:card\" content=\"summary_large_image\" \/>\n<meta name=\"twitter:label1\" content=\"Dur\u00e9e de lecture estim\u00e9e\" \/>\n\t<meta name=\"twitter:data1\" content=\"2 minutes\" \/>\n<script type=\"application\/ld+json\" class=\"yoast-schema-graph\">{\"@context\":\"https:\\\/\\\/schema.org\",\"@graph\":[{\"@type\":\"WebPage\",\"@id\":\"https:\\\/\\\/schweizversand.ch\\\/fr\\\/produkt\\\/dress-for-fun-herrenkostuem-hippie-jimmy\\\/\",\"url\":\"https:\\\/\\\/schweizversand.ch\\\/fr\\\/produkt\\\/dress-for-fun-herrenkostuem-hippie-jimmy\\\/\",\"name\":\"Dress for fun Herrenkost\u00fcm \u201eHippie Jimmy\u201c\",\"isPartOf\":{\"@id\":\"https:\\\/\\\/schweizversand.ch\\\/fr\\\/#website\"},\"primaryImageOfPage\":{\"@id\":\"https:\\\/\\\/schweizversand.ch\\\/fr\\\/produkt\\\/dress-for-fun-herrenkostuem-hippie-jimmy\\\/#primaryimage\"},\"image\":{\"@id\":\"https:\\\/\\\/schweizversand.ch\\\/fr\\\/produkt\\\/dress-for-fun-herrenkostuem-hippie-jimmy\\\/#primaryimage\"},\"thumbnailUrl\":\"https:\\\/\\\/schweizversand.ch\\\/wp-content\\\/uploads\\\/2026\\\/02\\\/5472029864.png\",\"datePublished\":\"2026-03-14T23:28:56+00:00\",\"dateModified\":\"2026-04-19T13:35:49+00:00\",\"description\":\"Herrenkost\u00fcm \u201eHippie Jimmy\u201c \u2013 Flower Power f\u00fcr echte 70er-Vibes Flower Power, Peace & Love! Mit dem Herrenkost\u00fcm \u201eHippie Jimmy\u201c reist Du direkt in die bunte We\",\"breadcrumb\":{\"@id\":\"https:\\\/\\\/schweizversand.ch\\\/fr\\\/produkt\\\/dress-for-fun-herrenkostuem-hippie-jimmy\\\/#breadcrumb\"},\"inLanguage\":\"fr-FR\",\"potentialAction\":[{\"@type\":\"ReadAction\",\"target\":[\"https:\\\/\\\/schweizversand.ch\\\/fr\\\/produkt\\\/dress-for-fun-herrenkostuem-hippie-jimmy\\\/\"]}]},{\"@type\":\"ImageObject\",\"inLanguage\":\"fr-FR\",\"@id\":\"https:\\\/\\\/schweizversand.ch\\\/fr\\\/produkt\\\/dress-for-fun-herrenkostuem-hippie-jimmy\\\/#primaryimage\",\"url\":\"https:\\\/\\\/schweizversand.ch\\\/wp-content\\\/uploads\\\/2026\\\/02\\\/5472029864.png\",\"contentUrl\":\"https:\\\/\\\/schweizversand.ch\\\/wp-content\\\/uploads\\\/2026\\\/02\\\/5472029864.png\",\"width\":669,\"height\":1024},{\"@type\":\"BreadcrumbList\",\"@id\":\"https:\\\/\\\/schweizversand.ch\\\/fr\\\/produkt\\\/dress-for-fun-herrenkostuem-hippie-jimmy\\\/#breadcrumb\",\"itemListElement\":[{\"@type\":\"ListItem\",\"position\":1,\"name\":\"Startseite\",\"item\":\"https:\\\/\\\/schweizversand.ch\\\/fr\\\/home\\\/\"},{\"@type\":\"ListItem\",\"position\":2,\"name\":\"Boutique\",\"item\":\"https:\\\/\\\/schweizversand.ch\\\/fr\\\/boutique\\\/\"},{\"@type\":\"ListItem\",\"position\":3,\"name\":\"Mode\",\"item\":\"https:\\\/\\\/schweizversand.ch\\\/fr\\\/produkt-kategorie\\\/mode-fr\\\/\"},{\"@type\":\"ListItem\",\"position\":4,\"name\":\"Mode unisexe\",\"item\":\"https:\\\/\\\/schweizversand.ch\\\/fr\\\/produkt-kategorie\\\/mode\\\/mode-unisexe\\\/\"},{\"@type\":\"ListItem\",\"position\":5,\"name\":\"Costumes\",\"item\":\"https:\\\/\\\/schweizversand.ch\\\/fr\\\/produkt-kategorie\\\/mode\\\/mode-unisexe\\\/costumes\\\/\"},{\"@type\":\"ListItem\",\"position\":6,\"name\":\"D\u00e9guisement amusant pour homme \u00ab Hippie Jimmy \u00bb\"}]},{\"@type\":\"WebSite\",\"@id\":\"https:\\\/\\\/schweizversand.ch\\\/fr\\\/#website\",\"url\":\"https:\\\/\\\/schweizversand.ch\\\/fr\\\/\",\"name\":\"Schweizer Shop f\u00fcr Sport, Spiel und Freizeit\",\"description\":\"Gratisversand ab 50.- (netto), ab eigenem schweizer Lager, Lieferung innert 48h\",\"publisher\":{\"@id\":\"https:\\\/\\\/schweizversand.ch\\\/fr\\\/#organization\"},\"alternateName\":\"Schweizversand.ch\",\"potentialAction\":[{\"@type\":\"SearchAction\",\"target\":{\"@type\":\"EntryPoint\",\"urlTemplate\":\"https:\\\/\\\/schweizversand.ch\\\/fr\\\/?s={search_term_string}\"},\"query-input\":{\"@type\":\"PropertyValueSpecification\",\"valueRequired\":true,\"valueName\":\"search_term_string\"}}],\"inLanguage\":\"fr-FR\"},{\"@type\":\"Organization\",\"@id\":\"https:\\\/\\\/schweizversand.ch\\\/fr\\\/#organization\",\"name\":\"Schweizversand.ch\",\"url\":\"https:\\\/\\\/schweizversand.ch\\\/fr\\\/\",\"logo\":{\"@type\":\"ImageObject\",\"inLanguage\":\"fr-FR\",\"@id\":\"https:\\\/\\\/schweizversand.ch\\\/fr\\\/#\\\/schema\\\/logo\\\/image\\\/\",\"url\":\"https:\\\/\\\/schweizversand.ch\\\/wp-content\\\/uploads\\\/2026\\\/03\\\/Logo_Rund_Final-1.png\",\"contentUrl\":\"https:\\\/\\\/schweizversand.ch\\\/wp-content\\\/uploads\\\/2026\\\/03\\\/Logo_Rund_Final-1.png\",\"width\":404,\"height\":404,\"caption\":\"Schweizversand.ch\"},\"image\":{\"@id\":\"https:\\\/\\\/schweizversand.ch\\\/fr\\\/#\\\/schema\\\/logo\\\/image\\\/\"},\"sameAs\":[\"https:\\\/\\\/www.facebook.com\\\/Schweizversand\",\"https:\\\/\\\/www.instagram.com\\\/schweizversand.ch\\\/\"]}]}<\/script>\n<!-- \/ Yoast SEO plugin. -->","yoast_head_json":{"title":"Dress for fun Herrenkost\u00fcm \u201eHippie Jimmy\u201c","description":"Herrenkost\u00fcm \u201eHippie Jimmy\u201c \u2013 Flower Power f\u00fcr echte 70er-Vibes Flower Power, Peace & Love! Mit dem Herrenkost\u00fcm \u201eHippie Jimmy\u201c reist Du direkt in die bunte We","robots":{"index":"index","follow":"follow","max-snippet":"max-snippet:-1","max-image-preview":"max-image-preview:large","max-video-preview":"max-video-preview:-1"},"canonical":"https:\/\/schweizversand.ch\/fr\/produkt\/dress-for-fun-herrenkostuem-hippie-jimmy\/","og_locale":"fr_FR","og_type":"article","og_title":"Dress for fun Herrenkost\u00fcm \u201eHippie Jimmy\u201c","og_description":"Herrenkost\u00fcm \u201eHippie Jimmy\u201c \u2013 Flower Power f\u00fcr echte 70er-Vibes Flower Power, Peace & Love! Mit dem Herrenkost\u00fcm \u201eHippie Jimmy\u201c reist Du direkt in die bunte We","og_url":"https:\/\/schweizversand.ch\/fr\/produkt\/dress-for-fun-herrenkostuem-hippie-jimmy\/","og_site_name":"Schweizer Shop f\u00fcr Sport, Spiel und Freizeit","article_publisher":"https:\/\/www.facebook.com\/Schweizversand","article_modified_time":"2026-04-19T13:35:49+00:00","og_image":[{"width":669,"height":1024,"url":"https:\/\/schweizversand.ch\/wp-content\/uploads\/2026\/02\/5472029864.png","type":"image\/png"}],"twitter_card":"summary_large_image","twitter_misc":{"Dur\u00e9e de lecture estim\u00e9e":"2 minutes"},"schema":{"@context":"https:\/\/schema.org","@graph":[{"@type":"WebPage","@id":"https:\/\/schweizversand.ch\/fr\/produkt\/dress-for-fun-herrenkostuem-hippie-jimmy\/","url":"https:\/\/schweizversand.ch\/fr\/produkt\/dress-for-fun-herrenkostuem-hippie-jimmy\/","name":"Dress for fun Herrenkost\u00fcm \u201eHippie Jimmy\u201c","isPartOf":{"@id":"https:\/\/schweizversand.ch\/fr\/#website"},"primaryImageOfPage":{"@id":"https:\/\/schweizversand.ch\/fr\/produkt\/dress-for-fun-herrenkostuem-hippie-jimmy\/#primaryimage"},"image":{"@id":"https:\/\/schweizversand.ch\/fr\/produkt\/dress-for-fun-herrenkostuem-hippie-jimmy\/#primaryimage"},"thumbnailUrl":"https:\/\/schweizversand.ch\/wp-content\/uploads\/2026\/02\/5472029864.png","datePublished":"2026-03-14T23:28:56+00:00","dateModified":"2026-04-19T13:35:49+00:00","description":"Herrenkost\u00fcm \u201eHippie Jimmy\u201c \u2013 Flower Power f\u00fcr echte 70er-Vibes Flower Power, Peace & Love! Mit dem Herrenkost\u00fcm \u201eHippie Jimmy\u201c reist Du direkt in die bunte We","breadcrumb":{"@id":"https:\/\/schweizversand.ch\/fr\/produkt\/dress-for-fun-herrenkostuem-hippie-jimmy\/#breadcrumb"},"inLanguage":"fr-FR","potentialAction":[{"@type":"ReadAction","target":["https:\/\/schweizversand.ch\/fr\/produkt\/dress-for-fun-herrenkostuem-hippie-jimmy\/"]}]},{"@type":"ImageObject","inLanguage":"fr-FR","@id":"https:\/\/schweizversand.ch\/fr\/produkt\/dress-for-fun-herrenkostuem-hippie-jimmy\/#primaryimage","url":"https:\/\/schweizversand.ch\/wp-content\/uploads\/2026\/02\/5472029864.png","contentUrl":"https:\/\/schweizversand.ch\/wp-content\/uploads\/2026\/02\/5472029864.png","width":669,"height":1024},{"@type":"BreadcrumbList","@id":"https:\/\/schweizversand.ch\/fr\/produkt\/dress-for-fun-herrenkostuem-hippie-jimmy\/#breadcrumb","itemListElement":[{"@type":"ListItem","position":1,"name":"Startseite","item":"https:\/\/schweizversand.ch\/fr\/home\/"},{"@type":"ListItem","position":2,"name":"Boutique","item":"https:\/\/schweizversand.ch\/fr\/boutique\/"},{"@type":"ListItem","position":3,"name":"Mode","item":"https:\/\/schweizversand.ch\/fr\/produkt-kategorie\/mode-fr\/"},{"@type":"ListItem","position":4,"name":"Mode unisexe","item":"https:\/\/schweizversand.ch\/fr\/produkt-kategorie\/mode\/mode-unisexe\/"},{"@type":"ListItem","position":5,"name":"Costumes","item":"https:\/\/schweizversand.ch\/fr\/produkt-kategorie\/mode\/mode-unisexe\/costumes\/"},{"@type":"ListItem","position":6,"name":"D\u00e9guisement amusant pour homme \u00ab Hippie Jimmy \u00bb"}]},{"@type":"WebSite","@id":"https:\/\/schweizversand.ch\/fr\/#website","url":"https:\/\/schweizversand.ch\/fr\/","name":"Schweizer Shop f\u00fcr Sport, Spiel und Freizeit","description":"Gratisversand ab 50.- (netto), ab eigenem schweizer Lager, Lieferung innert 48h","publisher":{"@id":"https:\/\/schweizversand.ch\/fr\/#organization"},"alternateName":"Schweizversand.ch","potentialAction":[{"@type":"SearchAction","target":{"@type":"EntryPoint","urlTemplate":"https:\/\/schweizversand.ch\/fr\/?s={search_term_string}"},"query-input":{"@type":"PropertyValueSpecification","valueRequired":true,"valueName":"search_term_string"}}],"inLanguage":"fr-FR"},{"@type":"Organization","@id":"https:\/\/schweizversand.ch\/fr\/#organization","name":"Schweizversand.ch","url":"https:\/\/schweizversand.ch\/fr\/","logo":{"@type":"ImageObject","inLanguage":"fr-FR","@id":"https:\/\/schweizversand.ch\/fr\/#\/schema\/logo\/image\/","url":"https:\/\/schweizversand.ch\/wp-content\/uploads\/2026\/03\/Logo_Rund_Final-1.png","contentUrl":"https:\/\/schweizversand.ch\/wp-content\/uploads\/2026\/03\/Logo_Rund_Final-1.png","width":404,"height":404,"caption":"Schweizversand.ch"},"image":{"@id":"https:\/\/schweizversand.ch\/fr\/#\/schema\/logo\/image\/"},"sameAs":["https:\/\/www.facebook.com\/Schweizversand","https:\/\/www.instagram.com\/schweizversand.ch\/"]}]}},"jetpack_sharing_enabled":true,"_links":{"self":[{"href":"https:\/\/schweizversand.ch\/fr\/wp-json\/wp\/v2\/product\/252387","targetHints":{"allow":["GET"]}}],"collection":[{"href":"https:\/\/schweizversand.ch\/fr\/wp-json\/wp\/v2\/product"}],"about":[{"href":"https:\/\/schweizversand.ch\/fr\/wp-json\/wp\/v2\/types\/product"}],"replies":[{"embeddable":true,"href":"https:\/\/schweizversand.ch\/fr\/wp-json\/wp\/v2\/comments?post=252387"}],"wp:featuredmedia":[{"embeddable":true,"href":"https:\/\/schweizversand.ch\/fr\/wp-json\/wp\/v2\/media\/262253"}],"wp:attachment":[{"href":"https:\/\/schweizversand.ch\/fr\/wp-json\/wp\/v2\/media?parent=252387"}],"wp:term":[{"taxonomy":"product_brand","embeddable":true,"href":"https:\/\/schweizversand.ch\/fr\/wp-json\/wp\/v2\/product_brand?post=252387"},{"taxonomy":"product_cat","embeddable":true,"href":"https:\/\/schweizversand.ch\/fr\/wp-json\/wp\/v2\/product_cat?post=252387"},{"taxonomy":"product_tag","embeddable":true,"href":"https:\/\/schweizversand.ch\/fr\/wp-json\/wp\/v2\/product_tag?post=252387"}],"curies":[{"name":"wp","href":"https:\/\/api.w.org\/{rel}","templated":true}]}}