{"id":252390,"date":"2026-03-15T00:28:56","date_gmt":"2026-03-14T23:28:56","guid":{"rendered":"https:\/\/schweizversand.ch\/produkt\/tec-take-clown-peruecke-afro\/"},"modified":"2026-04-19T02:05:13","modified_gmt":"2026-04-19T00:05:13","slug":"tec-take-clown-peruecke-afro","status":"publish","type":"product","link":"https:\/\/schweizversand.ch\/fr\/produkt\/tec-take-clown-peruecke-afro\/","title":{"rendered":"Perruque afro de clown Tec Take"},"content":{"rendered":"<p>Perruque Afro Clown \u2013 La Perruque de Carnaval Parfaite. Donnez une touche d&rsquo;\u00e9clat incomparable \u00e0 votre performance avec notre perruque Afro Clown. Cette perruque boucl\u00e9e cr\u00e9e un magnifique volume et est l&rsquo;accessoire id\u00e9al pour attirer tous les regards lors de vos f\u00eates et \u00e9v\u00e9nements. Design et Effet Uniques. Cette perruque afro tendance et audacieuse est la cl\u00e9 d&rsquo;un look inoubliable. Ses belles boucles se dressent avec assurance et pr\u00e9cision dans toutes les directions, vous offrant une pr\u00e9sence extraordinaire. Avec cette perruque de carnaval \u00e9clatante, vous pouvez sublimer carnaval, Halloween, soir\u00e9es \u00e0 th\u00e8me et autres \u00e9v\u00e9nements fantastiques avec professionnalisme et cr\u00e9er une transformation saisissante, c&rsquo;est garanti. <\/p>\n<\/div>\n<div><strong>Utilisations Polyvalentes<\/strong><br \/>Cette perruque festive et joyeuse compl\u00e8te parfaitement de nombreux costumes. Que vous souhaitiez danser au carnaval en clown rigolo, en hippie excentrique ou en pop star d\u00e9jant\u00e9e, cette perruque de carnaval est un excellent choix. Les boucles luxuriantes de cette perruque vous garantissent une bonne humeur et des moments de f\u00eate inoubliables, laissant briller votre personnalit\u00e9.<\/p>\n<\/div>\n<div><strong>Points forts du produit<\/strong><br \/>&#8211; Superbe perruque afro pour un look saisissant<br \/>&#8211; Effet volumineux et magnifique pour un volume maximal<br \/>&#8211; Boucles amusantes et fris\u00e9es qui attirent instantan\u00e9ment le regard<br \/>&#8211; Look espi\u00e8gle qui souligne votre c\u00f4t\u00e9 ludique<br \/>&#8211; Boucles bien d\u00e9finies et denses pour une forme parfaite<br \/><\/strong><\/div>\n<div><strong>D\u00e9tails du produit<\/strong><br \/>&#8211; Longueur des cheveux\u00a0: environ 4\u00a0cm<br \/>&#8211; Mati\u00e8re\u00a0: 100\u00a0% fibre synth\u00e9tique<\/p>\n<\/div>\n<div>D\u00e9couvrez la joie et le plaisir que vous apportera notre perruque afro clown, pr\u00e9parez-vous pour une performance m\u00e9morable\u00a0!<\/div>\n<div><\/div>\n","protected":false},"excerpt":{"rendered":"<p>Perruque Afro Clown \u2013 La Perruque de Carnaval Parfaite. Donnez une touche d&rsquo;\u00e9clat incomparable \u00e0 votre performance avec notre perruque Afro Clown. Cette perruque boucl\u00e9e cr\u00e9e un magnifique volume et est l&rsquo;accessoire id\u00e9al pour attirer tous les regards lors de vos f\u00eates et \u00e9v\u00e9nements. Design et Effet Uniques. Cette perruque afro tendance et audacieuse est la cl\u00e9 d&rsquo;un look inoubliable. Ses belles boucles se dressent avec assurance et pr\u00e9cision dans toutes les directions, vous offrant&hellip;<\/p>\n","protected":false},"featured_media":163970,"comment_status":"open","ping_status":"closed","template":"","meta":[],"product_brand":[],"product_cat":[38123,38957],"product_tag":[],"class_list":{"0":"post-252390","1":"product","2":"type-product","3":"status-publish","4":"has-post-thumbnail","6":"product_cat-costumes","7":"product_cat-kostueme","8":"product_shipping_class-global_methods","10":"first","11":"instock","12":"taxable","13":"shipping-taxable","14":"purchasable","15":"product-type-simple"},"yoast_head":"<!-- This site is optimized with the Yoast SEO plugin v27.4 - https:\/\/yoast.com\/product\/yoast-seo-wordpress\/ -->\n<title>Tec Take Clown Per\u00fccke Afro | Jetzt kaufen | Schweizversand.ch<\/title>\n<meta name=\"description\" content=\"Tec Take Clown Per\u00fccke Afro g\u00fcnstig kaufen bei Schweizversand.ch. Schnelle Lieferung in der Schweiz. Gratisversand ab CHF 50.\" \/>\n<meta name=\"robots\" content=\"index, follow, max-snippet:-1, max-image-preview:large, max-video-preview:-1\" \/>\n<link rel=\"canonical\" href=\"https:\/\/schweizversand.ch\/fr\/produkt\/tec-take-clown-peruecke-afro\/\" \/>\n<meta property=\"og:locale\" content=\"fr_FR\" \/>\n<meta property=\"og:type\" content=\"article\" \/>\n<meta property=\"og:title\" content=\"Tec Take Clown Per\u00fccke Afro | Jetzt kaufen | Schweizversand.ch\" \/>\n<meta property=\"og:description\" content=\"Tec Take Clown Per\u00fccke Afro g\u00fcnstig kaufen bei Schweizversand.ch. Schnelle Lieferung in der Schweiz. Gratisversand ab CHF 50.\" \/>\n<meta property=\"og:url\" content=\"https:\/\/schweizversand.ch\/fr\/produkt\/tec-take-clown-peruecke-afro\/\" \/>\n<meta property=\"og:site_name\" content=\"Schweizer Shop f\u00fcr Sport, Spiel und Freizeit\" \/>\n<meta property=\"article:publisher\" content=\"https:\/\/www.facebook.com\/Schweizversand\" \/>\n<meta property=\"article:modified_time\" content=\"2026-04-19T00:05:13+00:00\" \/>\n<meta name=\"twitter:card\" content=\"summary_large_image\" \/>\n<meta name=\"twitter:label1\" content=\"Dur\u00e9e de lecture estim\u00e9e\" \/>\n\t<meta name=\"twitter:data1\" content=\"1 minute\" \/>\n<script type=\"application\/ld+json\" class=\"yoast-schema-graph\">{\"@context\":\"https:\\\/\\\/schema.org\",\"@graph\":[{\"@type\":\"WebPage\",\"@id\":\"https:\\\/\\\/schweizversand.ch\\\/fr\\\/produkt\\\/tec-take-clown-peruecke-afro\\\/\",\"url\":\"https:\\\/\\\/schweizversand.ch\\\/fr\\\/produkt\\\/tec-take-clown-peruecke-afro\\\/\",\"name\":\"Tec Take Clown Per\u00fccke Afro | Jetzt kaufen | Schweizversand.ch\",\"isPartOf\":{\"@id\":\"https:\\\/\\\/schweizversand.ch\\\/fr\\\/#website\"},\"primaryImageOfPage\":{\"@id\":\"https:\\\/\\\/schweizversand.ch\\\/fr\\\/produkt\\\/tec-take-clown-peruecke-afro\\\/#primaryimage\"},\"image\":{\"@id\":\"https:\\\/\\\/schweizversand.ch\\\/fr\\\/produkt\\\/tec-take-clown-peruecke-afro\\\/#primaryimage\"},\"thumbnailUrl\":\"https:\\\/\\\/schweizversand.ch\\\/wp-content\\\/uploads\\\/2026\\\/02\\\/5504768043.jpg\",\"datePublished\":\"2026-03-14T23:28:56+00:00\",\"dateModified\":\"2026-04-19T00:05:13+00:00\",\"description\":\"Tec Take Clown Per\u00fccke Afro g\u00fcnstig kaufen bei Schweizversand.ch. Schnelle Lieferung in der Schweiz. Gratisversand ab CHF 50.\",\"breadcrumb\":{\"@id\":\"https:\\\/\\\/schweizversand.ch\\\/fr\\\/produkt\\\/tec-take-clown-peruecke-afro\\\/#breadcrumb\"},\"inLanguage\":\"fr-FR\",\"potentialAction\":[{\"@type\":\"ReadAction\",\"target\":[\"https:\\\/\\\/schweizversand.ch\\\/fr\\\/produkt\\\/tec-take-clown-peruecke-afro\\\/\"]}]},{\"@type\":\"ImageObject\",\"inLanguage\":\"fr-FR\",\"@id\":\"https:\\\/\\\/schweizversand.ch\\\/fr\\\/produkt\\\/tec-take-clown-peruecke-afro\\\/#primaryimage\",\"url\":\"https:\\\/\\\/schweizversand.ch\\\/wp-content\\\/uploads\\\/2026\\\/02\\\/5504768043.jpg\",\"contentUrl\":\"https:\\\/\\\/schweizversand.ch\\\/wp-content\\\/uploads\\\/2026\\\/02\\\/5504768043.jpg\",\"width\":856,\"height\":1024},{\"@type\":\"BreadcrumbList\",\"@id\":\"https:\\\/\\\/schweizversand.ch\\\/fr\\\/produkt\\\/tec-take-clown-peruecke-afro\\\/#breadcrumb\",\"itemListElement\":[{\"@type\":\"ListItem\",\"position\":1,\"name\":\"Startseite\",\"item\":\"https:\\\/\\\/schweizversand.ch\\\/fr\\\/home\\\/\"},{\"@type\":\"ListItem\",\"position\":2,\"name\":\"Boutique\",\"item\":\"https:\\\/\\\/schweizversand.ch\\\/fr\\\/boutique\\\/\"},{\"@type\":\"ListItem\",\"position\":3,\"name\":\"Mode\",\"item\":\"https:\\\/\\\/schweizversand.ch\\\/fr\\\/produkt-kategorie\\\/mode-fr\\\/\"},{\"@type\":\"ListItem\",\"position\":4,\"name\":\"Mode unisexe\",\"item\":\"https:\\\/\\\/schweizversand.ch\\\/fr\\\/produkt-kategorie\\\/mode\\\/mode-unisexe\\\/\"},{\"@type\":\"ListItem\",\"position\":5,\"name\":\"Costumes\",\"item\":\"https:\\\/\\\/schweizversand.ch\\\/fr\\\/produkt-kategorie\\\/mode\\\/mode-unisexe\\\/costumes\\\/\"},{\"@type\":\"ListItem\",\"position\":6,\"name\":\"Perruque afro de clown Tec Take\"}]},{\"@type\":\"WebSite\",\"@id\":\"https:\\\/\\\/schweizversand.ch\\\/fr\\\/#website\",\"url\":\"https:\\\/\\\/schweizversand.ch\\\/fr\\\/\",\"name\":\"Schweizer Shop f\u00fcr Sport, Spiel und Freizeit\",\"description\":\"Gratisversand ab 50.- (netto), ab eigenem schweizer Lager, Lieferung innert 48h\",\"publisher\":{\"@id\":\"https:\\\/\\\/schweizversand.ch\\\/fr\\\/#organization\"},\"alternateName\":\"Schweizversand.ch\",\"potentialAction\":[{\"@type\":\"SearchAction\",\"target\":{\"@type\":\"EntryPoint\",\"urlTemplate\":\"https:\\\/\\\/schweizversand.ch\\\/fr\\\/?s={search_term_string}\"},\"query-input\":{\"@type\":\"PropertyValueSpecification\",\"valueRequired\":true,\"valueName\":\"search_term_string\"}}],\"inLanguage\":\"fr-FR\"},{\"@type\":\"Organization\",\"@id\":\"https:\\\/\\\/schweizversand.ch\\\/fr\\\/#organization\",\"name\":\"Schweizversand.ch\",\"url\":\"https:\\\/\\\/schweizversand.ch\\\/fr\\\/\",\"logo\":{\"@type\":\"ImageObject\",\"inLanguage\":\"fr-FR\",\"@id\":\"https:\\\/\\\/schweizversand.ch\\\/fr\\\/#\\\/schema\\\/logo\\\/image\\\/\",\"url\":\"https:\\\/\\\/schweizversand.ch\\\/wp-content\\\/uploads\\\/2026\\\/03\\\/Logo_Rund_Final-1.png\",\"contentUrl\":\"https:\\\/\\\/schweizversand.ch\\\/wp-content\\\/uploads\\\/2026\\\/03\\\/Logo_Rund_Final-1.png\",\"width\":404,\"height\":404,\"caption\":\"Schweizversand.ch\"},\"image\":{\"@id\":\"https:\\\/\\\/schweizversand.ch\\\/fr\\\/#\\\/schema\\\/logo\\\/image\\\/\"},\"sameAs\":[\"https:\\\/\\\/www.facebook.com\\\/Schweizversand\",\"https:\\\/\\\/www.instagram.com\\\/schweizversand.ch\\\/\"]}]}<\/script>\n<!-- \/ Yoast SEO plugin. -->","yoast_head_json":{"title":"Tec Take Clown Per\u00fccke Afro | Jetzt kaufen | Schweizversand.ch","description":"Tec Take Clown Per\u00fccke Afro g\u00fcnstig kaufen bei Schweizversand.ch. Schnelle Lieferung in der Schweiz. Gratisversand ab CHF 50.","robots":{"index":"index","follow":"follow","max-snippet":"max-snippet:-1","max-image-preview":"max-image-preview:large","max-video-preview":"max-video-preview:-1"},"canonical":"https:\/\/schweizversand.ch\/fr\/produkt\/tec-take-clown-peruecke-afro\/","og_locale":"fr_FR","og_type":"article","og_title":"Tec Take Clown Per\u00fccke Afro | Jetzt kaufen | Schweizversand.ch","og_description":"Tec Take Clown Per\u00fccke Afro g\u00fcnstig kaufen bei Schweizversand.ch. Schnelle Lieferung in der Schweiz. Gratisversand ab CHF 50.","og_url":"https:\/\/schweizversand.ch\/fr\/produkt\/tec-take-clown-peruecke-afro\/","og_site_name":"Schweizer Shop f\u00fcr Sport, Spiel und Freizeit","article_publisher":"https:\/\/www.facebook.com\/Schweizversand","article_modified_time":"2026-04-19T00:05:13+00:00","twitter_card":"summary_large_image","twitter_misc":{"Dur\u00e9e de lecture estim\u00e9e":"1 minute"},"schema":{"@context":"https:\/\/schema.org","@graph":[{"@type":"WebPage","@id":"https:\/\/schweizversand.ch\/fr\/produkt\/tec-take-clown-peruecke-afro\/","url":"https:\/\/schweizversand.ch\/fr\/produkt\/tec-take-clown-peruecke-afro\/","name":"Tec Take Clown Per\u00fccke Afro | Jetzt kaufen | Schweizversand.ch","isPartOf":{"@id":"https:\/\/schweizversand.ch\/fr\/#website"},"primaryImageOfPage":{"@id":"https:\/\/schweizversand.ch\/fr\/produkt\/tec-take-clown-peruecke-afro\/#primaryimage"},"image":{"@id":"https:\/\/schweizversand.ch\/fr\/produkt\/tec-take-clown-peruecke-afro\/#primaryimage"},"thumbnailUrl":"https:\/\/schweizversand.ch\/wp-content\/uploads\/2026\/02\/5504768043.jpg","datePublished":"2026-03-14T23:28:56+00:00","dateModified":"2026-04-19T00:05:13+00:00","description":"Tec Take Clown Per\u00fccke Afro g\u00fcnstig kaufen bei Schweizversand.ch. Schnelle Lieferung in der Schweiz. Gratisversand ab CHF 50.","breadcrumb":{"@id":"https:\/\/schweizversand.ch\/fr\/produkt\/tec-take-clown-peruecke-afro\/#breadcrumb"},"inLanguage":"fr-FR","potentialAction":[{"@type":"ReadAction","target":["https:\/\/schweizversand.ch\/fr\/produkt\/tec-take-clown-peruecke-afro\/"]}]},{"@type":"ImageObject","inLanguage":"fr-FR","@id":"https:\/\/schweizversand.ch\/fr\/produkt\/tec-take-clown-peruecke-afro\/#primaryimage","url":"https:\/\/schweizversand.ch\/wp-content\/uploads\/2026\/02\/5504768043.jpg","contentUrl":"https:\/\/schweizversand.ch\/wp-content\/uploads\/2026\/02\/5504768043.jpg","width":856,"height":1024},{"@type":"BreadcrumbList","@id":"https:\/\/schweizversand.ch\/fr\/produkt\/tec-take-clown-peruecke-afro\/#breadcrumb","itemListElement":[{"@type":"ListItem","position":1,"name":"Startseite","item":"https:\/\/schweizversand.ch\/fr\/home\/"},{"@type":"ListItem","position":2,"name":"Boutique","item":"https:\/\/schweizversand.ch\/fr\/boutique\/"},{"@type":"ListItem","position":3,"name":"Mode","item":"https:\/\/schweizversand.ch\/fr\/produkt-kategorie\/mode-fr\/"},{"@type":"ListItem","position":4,"name":"Mode unisexe","item":"https:\/\/schweizversand.ch\/fr\/produkt-kategorie\/mode\/mode-unisexe\/"},{"@type":"ListItem","position":5,"name":"Costumes","item":"https:\/\/schweizversand.ch\/fr\/produkt-kategorie\/mode\/mode-unisexe\/costumes\/"},{"@type":"ListItem","position":6,"name":"Perruque afro de clown Tec Take"}]},{"@type":"WebSite","@id":"https:\/\/schweizversand.ch\/fr\/#website","url":"https:\/\/schweizversand.ch\/fr\/","name":"Schweizer Shop f\u00fcr Sport, Spiel und Freizeit","description":"Gratisversand ab 50.- (netto), ab eigenem schweizer Lager, Lieferung innert 48h","publisher":{"@id":"https:\/\/schweizversand.ch\/fr\/#organization"},"alternateName":"Schweizversand.ch","potentialAction":[{"@type":"SearchAction","target":{"@type":"EntryPoint","urlTemplate":"https:\/\/schweizversand.ch\/fr\/?s={search_term_string}"},"query-input":{"@type":"PropertyValueSpecification","valueRequired":true,"valueName":"search_term_string"}}],"inLanguage":"fr-FR"},{"@type":"Organization","@id":"https:\/\/schweizversand.ch\/fr\/#organization","name":"Schweizversand.ch","url":"https:\/\/schweizversand.ch\/fr\/","logo":{"@type":"ImageObject","inLanguage":"fr-FR","@id":"https:\/\/schweizversand.ch\/fr\/#\/schema\/logo\/image\/","url":"https:\/\/schweizversand.ch\/wp-content\/uploads\/2026\/03\/Logo_Rund_Final-1.png","contentUrl":"https:\/\/schweizversand.ch\/wp-content\/uploads\/2026\/03\/Logo_Rund_Final-1.png","width":404,"height":404,"caption":"Schweizversand.ch"},"image":{"@id":"https:\/\/schweizversand.ch\/fr\/#\/schema\/logo\/image\/"},"sameAs":["https:\/\/www.facebook.com\/Schweizversand","https:\/\/www.instagram.com\/schweizversand.ch\/"]}]}},"jetpack_sharing_enabled":true,"_links":{"self":[{"href":"https:\/\/schweizversand.ch\/fr\/wp-json\/wp\/v2\/product\/252390","targetHints":{"allow":["GET"]}}],"collection":[{"href":"https:\/\/schweizversand.ch\/fr\/wp-json\/wp\/v2\/product"}],"about":[{"href":"https:\/\/schweizversand.ch\/fr\/wp-json\/wp\/v2\/types\/product"}],"replies":[{"embeddable":true,"href":"https:\/\/schweizversand.ch\/fr\/wp-json\/wp\/v2\/comments?post=252390"}],"wp:featuredmedia":[{"embeddable":true,"href":"https:\/\/schweizversand.ch\/fr\/wp-json\/wp\/v2\/media\/163970"}],"wp:attachment":[{"href":"https:\/\/schweizversand.ch\/fr\/wp-json\/wp\/v2\/media?parent=252390"}],"wp:term":[{"taxonomy":"product_brand","embeddable":true,"href":"https:\/\/schweizversand.ch\/fr\/wp-json\/wp\/v2\/product_brand?post=252390"},{"taxonomy":"product_cat","embeddable":true,"href":"https:\/\/schweizversand.ch\/fr\/wp-json\/wp\/v2\/product_cat?post=252390"},{"taxonomy":"product_tag","embeddable":true,"href":"https:\/\/schweizversand.ch\/fr\/wp-json\/wp\/v2\/product_tag?post=252390"}],"curies":[{"name":"wp","href":"https:\/\/api.w.org\/{rel}","templated":true}]}}