{"id":252394,"date":"2026-03-15T00:28:57","date_gmt":"2026-03-14T23:28:57","guid":{"rendered":"https:\/\/schweizversand.ch\/produkt\/dress-for-fun-frauenkostuem-cowgirl\/"},"modified":"2026-04-19T15:35:50","modified_gmt":"2026-04-19T13:35:50","slug":"dress-for-fun-frauenkostuem-cowgirl","status":"publish","type":"product","link":"https:\/\/schweizversand.ch\/fr\/produkt\/dress-for-fun-frauenkostuem-cowgirl\/","title":{"rendered":"D\u00e9guisement amusant pour femme \u00ab Cowboy \u00bb"},"content":{"rendered":"<h1><strong>Costume de cowgirl pour femme<\/strong><\/h1>\n<div>Pr\u00e9parez-vous \u00e0 enflammer la piste de danse\u00a0! Avec le <strong>Costume de cowgirl pour femme<\/strong>, vous vous transformerez en une h\u00e9ro\u00efne intr\u00e9pide du Far West. Cet ensemble de haute qualit\u00e9 et richement d\u00e9taill\u00e9 est le choix id\u00e9al pour faire sensation lors de toute soir\u00e9e costum\u00e9e ou carnaval.<\/p>\n<\/div>\n<div><strong>La tenue de cowgirl par excellence pour le carnaval<\/strong><br \/>En selle\u00a0! Foncez au carnaval\u00a0! Le costume de cowgirl est le d\u00e9guisement id\u00e9al pour r\u00e9v\u00e9ler votre c\u00f4t\u00e9 sauvage et lancer les festivit\u00e9s. Ce costume western vous garantit d&rsquo;\u00eatre au centre de l&rsquo;attention. Points forts du design et des mat\u00e9riaux\u00a0: Ce costume de cowgirl impressionne par son authenticit\u00e9 et l&rsquo;association de diff\u00e9rents mat\u00e9riaux. Les \u00e9l\u00e9ments principaux sont confectionn\u00e9s en similicuir de haute qualit\u00e9, conf\u00e9rant \u00e0 la tenue une allure \u00e0 la fois robuste et \u00e9l\u00e9gante. Le tissu 100\u00a0% polyester offre un confort optimal. Pi\u00e8ces ma\u00eetresses du costume\u00a0: L&rsquo;ensemble se compose de plusieurs pi\u00e8ces coordonn\u00e9es qui, ensemble, forment le costume de cowgirl parfait pour femme. Le gilet et le surpantalon sont les pi\u00e8ces ma\u00eetresses de cette tenue et garantissent un look western classique. Le surpantalon, aussi appel\u00e9 chaps de cowboy, se porte g\u00e9n\u00e9ralement par-dessus un jean pour un style authentique de cow-boy. D\u00e9tails de la tenue\u00a0: &#8211; Gilet en similicuir \u00e9l\u00e9gant pour un style western authentique &#8211; Chaps de cowboy (surpantalon) \u00e9galement en similicuir, id\u00e9al \u00e0 porter par-dessus votre pantalon &#8211; Haut blanc stretch en jersey doux pour un confort optimal &#8211; Foulard tendance &#8211; Couleur\u00a0: Noir\/Blanc Avantages\u00a0: Une base parfaite pour exprimer votre style. Cet ensemble offre un excellent point de d\u00e9part pour cr\u00e9er votre propre style. Pour un look cowboy affirm\u00e9, nous vous recommandons d&rsquo;ajouter un chapeau de cowboy et un lasso. Votre apparition en cowgirl sera inoubliable\u00a0! L&rsquo;ensemble comprend\u00a0: &#8211; Haut stretch (en jersey) &#8211; Chaps &#8211; Foulard &#8211; Gilet en similicuir Remarque\u00a0: Chapeau de cowboy, jean, chaussures et lasso non inclus. Procurez-vous cet impressionnant ensemble de cowgirl d\u00e8s maintenant et pr\u00e9parez-vous pour une soir\u00e9e western ou costum\u00e9e inoubliable\u00a0!<\/p>\n","protected":false},"excerpt":{"rendered":"<p>Costume de cowgirl pour femme Pr\u00e9parez-vous \u00e0 enflammer la piste de danse\u00a0! Avec le Costume de cowgirl pour femme, vous vous transformerez en une h\u00e9ro\u00efne intr\u00e9pide du Far West. Cet ensemble de haute qualit\u00e9 et richement d\u00e9taill\u00e9 est le choix id\u00e9al pour faire sensation lors de toute soir\u00e9e costum\u00e9e ou carnaval. La tenue de cowgirl par excellence pour le carnavalEn selle\u00a0! Foncez au carnaval\u00a0! Le costume de cowgirl est le d\u00e9guisement id\u00e9al pour r\u00e9v\u00e9ler votre&hellip;<\/p>\n","protected":false},"featured_media":163987,"comment_status":"open","ping_status":"closed","template":"","meta":[],"product_brand":[],"product_cat":[38123,38957],"product_tag":[],"class_list":{"0":"post-252394","1":"product","2":"type-product","3":"status-publish","4":"has-post-thumbnail","6":"product_cat-costumes","7":"product_cat-kostueme","8":"product_shipping_class-global_methods","10":"first","11":"instock","12":"taxable","13":"shipping-taxable","14":"purchasable","15":"product-type-simple"},"yoast_head":"<!-- This site is optimized with the Yoast SEO plugin v27.4 - https:\/\/yoast.com\/product\/yoast-seo-wordpress\/ -->\n<title>Dress for fun Frauenkost\u00fcm &quot;Cowgirl&quot; | Jetzt kaufen | Schweizversand.ch<\/title>\n<meta name=\"description\" content=\"Dress for fun Frauenkost\u00fcm &quot;Cowgirl&quot; g\u00fcnstig kaufen bei Schweizversand.ch. Schnelle Lieferung in der Schweiz. Gratisversand ab CHF 50.\" \/>\n<meta name=\"robots\" content=\"index, follow, max-snippet:-1, max-image-preview:large, max-video-preview:-1\" \/>\n<link rel=\"canonical\" href=\"https:\/\/schweizversand.ch\/fr\/produkt\/dress-for-fun-frauenkostuem-cowgirl\/\" \/>\n<meta property=\"og:locale\" content=\"fr_FR\" \/>\n<meta property=\"og:type\" content=\"article\" \/>\n<meta property=\"og:title\" content=\"Dress for fun Frauenkost\u00fcm &quot;Cowgirl&quot; | Jetzt kaufen | Schweizversand.ch\" \/>\n<meta property=\"og:description\" content=\"Dress for fun Frauenkost\u00fcm &quot;Cowgirl&quot; g\u00fcnstig kaufen bei Schweizversand.ch. Schnelle Lieferung in der Schweiz. Gratisversand ab CHF 50.\" \/>\n<meta property=\"og:url\" content=\"https:\/\/schweizversand.ch\/fr\/produkt\/dress-for-fun-frauenkostuem-cowgirl\/\" \/>\n<meta property=\"og:site_name\" content=\"Schweizer Shop f\u00fcr Sport, Spiel und Freizeit\" \/>\n<meta property=\"article:publisher\" content=\"https:\/\/www.facebook.com\/Schweizversand\" \/>\n<meta property=\"article:modified_time\" content=\"2026-04-19T13:35:50+00:00\" \/>\n<meta property=\"og:image\" content=\"https:\/\/schweizversand.ch\/wp-content\/uploads\/2026\/02\/5472011179.png\" \/>\n\t<meta property=\"og:image:width\" content=\"504\" \/>\n\t<meta property=\"og:image:height\" content=\"1024\" \/>\n\t<meta property=\"og:image:type\" content=\"image\/png\" \/>\n<meta name=\"twitter:card\" content=\"summary_large_image\" \/>\n<meta name=\"twitter:label1\" content=\"Dur\u00e9e de lecture estim\u00e9e\" \/>\n\t<meta name=\"twitter:data1\" content=\"2 minutes\" \/>\n<script type=\"application\/ld+json\" class=\"yoast-schema-graph\">{\"@context\":\"https:\\\/\\\/schema.org\",\"@graph\":[{\"@type\":\"WebPage\",\"@id\":\"https:\\\/\\\/schweizversand.ch\\\/fr\\\/produkt\\\/dress-for-fun-frauenkostuem-cowgirl\\\/\",\"url\":\"https:\\\/\\\/schweizversand.ch\\\/fr\\\/produkt\\\/dress-for-fun-frauenkostuem-cowgirl\\\/\",\"name\":\"Dress for fun Frauenkost\u00fcm \\\"Cowgirl\\\" | Jetzt kaufen | Schweizversand.ch\",\"isPartOf\":{\"@id\":\"https:\\\/\\\/schweizversand.ch\\\/fr\\\/#website\"},\"primaryImageOfPage\":{\"@id\":\"https:\\\/\\\/schweizversand.ch\\\/fr\\\/produkt\\\/dress-for-fun-frauenkostuem-cowgirl\\\/#primaryimage\"},\"image\":{\"@id\":\"https:\\\/\\\/schweizversand.ch\\\/fr\\\/produkt\\\/dress-for-fun-frauenkostuem-cowgirl\\\/#primaryimage\"},\"thumbnailUrl\":\"https:\\\/\\\/schweizversand.ch\\\/wp-content\\\/uploads\\\/2026\\\/02\\\/5472011179.png\",\"datePublished\":\"2026-03-14T23:28:57+00:00\",\"dateModified\":\"2026-04-19T13:35:50+00:00\",\"description\":\"Dress for fun Frauenkost\u00fcm \\\"Cowgirl\\\" g\u00fcnstig kaufen bei Schweizversand.ch. Schnelle Lieferung in der Schweiz. Gratisversand ab CHF 50.\",\"breadcrumb\":{\"@id\":\"https:\\\/\\\/schweizversand.ch\\\/fr\\\/produkt\\\/dress-for-fun-frauenkostuem-cowgirl\\\/#breadcrumb\"},\"inLanguage\":\"fr-FR\",\"potentialAction\":[{\"@type\":\"ReadAction\",\"target\":[\"https:\\\/\\\/schweizversand.ch\\\/fr\\\/produkt\\\/dress-for-fun-frauenkostuem-cowgirl\\\/\"]}]},{\"@type\":\"ImageObject\",\"inLanguage\":\"fr-FR\",\"@id\":\"https:\\\/\\\/schweizversand.ch\\\/fr\\\/produkt\\\/dress-for-fun-frauenkostuem-cowgirl\\\/#primaryimage\",\"url\":\"https:\\\/\\\/schweizversand.ch\\\/wp-content\\\/uploads\\\/2026\\\/02\\\/5472011179.png\",\"contentUrl\":\"https:\\\/\\\/schweizversand.ch\\\/wp-content\\\/uploads\\\/2026\\\/02\\\/5472011179.png\",\"width\":504,\"height\":1024},{\"@type\":\"BreadcrumbList\",\"@id\":\"https:\\\/\\\/schweizversand.ch\\\/fr\\\/produkt\\\/dress-for-fun-frauenkostuem-cowgirl\\\/#breadcrumb\",\"itemListElement\":[{\"@type\":\"ListItem\",\"position\":1,\"name\":\"Startseite\",\"item\":\"https:\\\/\\\/schweizversand.ch\\\/fr\\\/home\\\/\"},{\"@type\":\"ListItem\",\"position\":2,\"name\":\"Boutique\",\"item\":\"https:\\\/\\\/schweizversand.ch\\\/fr\\\/boutique\\\/\"},{\"@type\":\"ListItem\",\"position\":3,\"name\":\"Mode\",\"item\":\"https:\\\/\\\/schweizversand.ch\\\/fr\\\/produkt-kategorie\\\/mode-fr\\\/\"},{\"@type\":\"ListItem\",\"position\":4,\"name\":\"Mode unisexe\",\"item\":\"https:\\\/\\\/schweizversand.ch\\\/fr\\\/produkt-kategorie\\\/mode\\\/mode-unisexe\\\/\"},{\"@type\":\"ListItem\",\"position\":5,\"name\":\"Costumes\",\"item\":\"https:\\\/\\\/schweizversand.ch\\\/fr\\\/produkt-kategorie\\\/mode\\\/mode-unisexe\\\/costumes\\\/\"},{\"@type\":\"ListItem\",\"position\":6,\"name\":\"D\u00e9guisement amusant pour femme \u00ab Cowboy \u00bb\"}]},{\"@type\":\"WebSite\",\"@id\":\"https:\\\/\\\/schweizversand.ch\\\/fr\\\/#website\",\"url\":\"https:\\\/\\\/schweizversand.ch\\\/fr\\\/\",\"name\":\"Schweizer Shop f\u00fcr Sport, Spiel und Freizeit\",\"description\":\"Gratisversand ab 50.- (netto), ab eigenem schweizer Lager, Lieferung innert 48h\",\"publisher\":{\"@id\":\"https:\\\/\\\/schweizversand.ch\\\/fr\\\/#organization\"},\"alternateName\":\"Schweizversand.ch\",\"potentialAction\":[{\"@type\":\"SearchAction\",\"target\":{\"@type\":\"EntryPoint\",\"urlTemplate\":\"https:\\\/\\\/schweizversand.ch\\\/fr\\\/?s={search_term_string}\"},\"query-input\":{\"@type\":\"PropertyValueSpecification\",\"valueRequired\":true,\"valueName\":\"search_term_string\"}}],\"inLanguage\":\"fr-FR\"},{\"@type\":\"Organization\",\"@id\":\"https:\\\/\\\/schweizversand.ch\\\/fr\\\/#organization\",\"name\":\"Schweizversand.ch\",\"url\":\"https:\\\/\\\/schweizversand.ch\\\/fr\\\/\",\"logo\":{\"@type\":\"ImageObject\",\"inLanguage\":\"fr-FR\",\"@id\":\"https:\\\/\\\/schweizversand.ch\\\/fr\\\/#\\\/schema\\\/logo\\\/image\\\/\",\"url\":\"https:\\\/\\\/schweizversand.ch\\\/wp-content\\\/uploads\\\/2026\\\/03\\\/Logo_Rund_Final-1.png\",\"contentUrl\":\"https:\\\/\\\/schweizversand.ch\\\/wp-content\\\/uploads\\\/2026\\\/03\\\/Logo_Rund_Final-1.png\",\"width\":404,\"height\":404,\"caption\":\"Schweizversand.ch\"},\"image\":{\"@id\":\"https:\\\/\\\/schweizversand.ch\\\/fr\\\/#\\\/schema\\\/logo\\\/image\\\/\"},\"sameAs\":[\"https:\\\/\\\/www.facebook.com\\\/Schweizversand\",\"https:\\\/\\\/www.instagram.com\\\/schweizversand.ch\\\/\"]}]}<\/script>\n<!-- \/ Yoast SEO plugin. -->","yoast_head_json":{"title":"Dress for fun Frauenkost\u00fcm \"Cowgirl\" | Jetzt kaufen | Schweizversand.ch","description":"Dress for fun Frauenkost\u00fcm \"Cowgirl\" g\u00fcnstig kaufen bei Schweizversand.ch. Schnelle Lieferung in der Schweiz. Gratisversand ab CHF 50.","robots":{"index":"index","follow":"follow","max-snippet":"max-snippet:-1","max-image-preview":"max-image-preview:large","max-video-preview":"max-video-preview:-1"},"canonical":"https:\/\/schweizversand.ch\/fr\/produkt\/dress-for-fun-frauenkostuem-cowgirl\/","og_locale":"fr_FR","og_type":"article","og_title":"Dress for fun Frauenkost\u00fcm \"Cowgirl\" | Jetzt kaufen | Schweizversand.ch","og_description":"Dress for fun Frauenkost\u00fcm \"Cowgirl\" g\u00fcnstig kaufen bei Schweizversand.ch. Schnelle Lieferung in der Schweiz. Gratisversand ab CHF 50.","og_url":"https:\/\/schweizversand.ch\/fr\/produkt\/dress-for-fun-frauenkostuem-cowgirl\/","og_site_name":"Schweizer Shop f\u00fcr Sport, Spiel und Freizeit","article_publisher":"https:\/\/www.facebook.com\/Schweizversand","article_modified_time":"2026-04-19T13:35:50+00:00","og_image":[{"width":504,"height":1024,"url":"https:\/\/schweizversand.ch\/wp-content\/uploads\/2026\/02\/5472011179.png","type":"image\/png"}],"twitter_card":"summary_large_image","twitter_misc":{"Dur\u00e9e de lecture estim\u00e9e":"2 minutes"},"schema":{"@context":"https:\/\/schema.org","@graph":[{"@type":"WebPage","@id":"https:\/\/schweizversand.ch\/fr\/produkt\/dress-for-fun-frauenkostuem-cowgirl\/","url":"https:\/\/schweizversand.ch\/fr\/produkt\/dress-for-fun-frauenkostuem-cowgirl\/","name":"Dress for fun Frauenkost\u00fcm \"Cowgirl\" | Jetzt kaufen | Schweizversand.ch","isPartOf":{"@id":"https:\/\/schweizversand.ch\/fr\/#website"},"primaryImageOfPage":{"@id":"https:\/\/schweizversand.ch\/fr\/produkt\/dress-for-fun-frauenkostuem-cowgirl\/#primaryimage"},"image":{"@id":"https:\/\/schweizversand.ch\/fr\/produkt\/dress-for-fun-frauenkostuem-cowgirl\/#primaryimage"},"thumbnailUrl":"https:\/\/schweizversand.ch\/wp-content\/uploads\/2026\/02\/5472011179.png","datePublished":"2026-03-14T23:28:57+00:00","dateModified":"2026-04-19T13:35:50+00:00","description":"Dress for fun Frauenkost\u00fcm \"Cowgirl\" g\u00fcnstig kaufen bei Schweizversand.ch. Schnelle Lieferung in der Schweiz. Gratisversand ab CHF 50.","breadcrumb":{"@id":"https:\/\/schweizversand.ch\/fr\/produkt\/dress-for-fun-frauenkostuem-cowgirl\/#breadcrumb"},"inLanguage":"fr-FR","potentialAction":[{"@type":"ReadAction","target":["https:\/\/schweizversand.ch\/fr\/produkt\/dress-for-fun-frauenkostuem-cowgirl\/"]}]},{"@type":"ImageObject","inLanguage":"fr-FR","@id":"https:\/\/schweizversand.ch\/fr\/produkt\/dress-for-fun-frauenkostuem-cowgirl\/#primaryimage","url":"https:\/\/schweizversand.ch\/wp-content\/uploads\/2026\/02\/5472011179.png","contentUrl":"https:\/\/schweizversand.ch\/wp-content\/uploads\/2026\/02\/5472011179.png","width":504,"height":1024},{"@type":"BreadcrumbList","@id":"https:\/\/schweizversand.ch\/fr\/produkt\/dress-for-fun-frauenkostuem-cowgirl\/#breadcrumb","itemListElement":[{"@type":"ListItem","position":1,"name":"Startseite","item":"https:\/\/schweizversand.ch\/fr\/home\/"},{"@type":"ListItem","position":2,"name":"Boutique","item":"https:\/\/schweizversand.ch\/fr\/boutique\/"},{"@type":"ListItem","position":3,"name":"Mode","item":"https:\/\/schweizversand.ch\/fr\/produkt-kategorie\/mode-fr\/"},{"@type":"ListItem","position":4,"name":"Mode unisexe","item":"https:\/\/schweizversand.ch\/fr\/produkt-kategorie\/mode\/mode-unisexe\/"},{"@type":"ListItem","position":5,"name":"Costumes","item":"https:\/\/schweizversand.ch\/fr\/produkt-kategorie\/mode\/mode-unisexe\/costumes\/"},{"@type":"ListItem","position":6,"name":"D\u00e9guisement amusant pour femme \u00ab Cowboy \u00bb"}]},{"@type":"WebSite","@id":"https:\/\/schweizversand.ch\/fr\/#website","url":"https:\/\/schweizversand.ch\/fr\/","name":"Schweizer Shop f\u00fcr Sport, Spiel und Freizeit","description":"Gratisversand ab 50.- (netto), ab eigenem schweizer Lager, Lieferung innert 48h","publisher":{"@id":"https:\/\/schweizversand.ch\/fr\/#organization"},"alternateName":"Schweizversand.ch","potentialAction":[{"@type":"SearchAction","target":{"@type":"EntryPoint","urlTemplate":"https:\/\/schweizversand.ch\/fr\/?s={search_term_string}"},"query-input":{"@type":"PropertyValueSpecification","valueRequired":true,"valueName":"search_term_string"}}],"inLanguage":"fr-FR"},{"@type":"Organization","@id":"https:\/\/schweizversand.ch\/fr\/#organization","name":"Schweizversand.ch","url":"https:\/\/schweizversand.ch\/fr\/","logo":{"@type":"ImageObject","inLanguage":"fr-FR","@id":"https:\/\/schweizversand.ch\/fr\/#\/schema\/logo\/image\/","url":"https:\/\/schweizversand.ch\/wp-content\/uploads\/2026\/03\/Logo_Rund_Final-1.png","contentUrl":"https:\/\/schweizversand.ch\/wp-content\/uploads\/2026\/03\/Logo_Rund_Final-1.png","width":404,"height":404,"caption":"Schweizversand.ch"},"image":{"@id":"https:\/\/schweizversand.ch\/fr\/#\/schema\/logo\/image\/"},"sameAs":["https:\/\/www.facebook.com\/Schweizversand","https:\/\/www.instagram.com\/schweizversand.ch\/"]}]}},"jetpack_sharing_enabled":true,"_links":{"self":[{"href":"https:\/\/schweizversand.ch\/fr\/wp-json\/wp\/v2\/product\/252394","targetHints":{"allow":["GET"]}}],"collection":[{"href":"https:\/\/schweizversand.ch\/fr\/wp-json\/wp\/v2\/product"}],"about":[{"href":"https:\/\/schweizversand.ch\/fr\/wp-json\/wp\/v2\/types\/product"}],"replies":[{"embeddable":true,"href":"https:\/\/schweizversand.ch\/fr\/wp-json\/wp\/v2\/comments?post=252394"}],"wp:featuredmedia":[{"embeddable":true,"href":"https:\/\/schweizversand.ch\/fr\/wp-json\/wp\/v2\/media\/163987"}],"wp:attachment":[{"href":"https:\/\/schweizversand.ch\/fr\/wp-json\/wp\/v2\/media?parent=252394"}],"wp:term":[{"taxonomy":"product_brand","embeddable":true,"href":"https:\/\/schweizversand.ch\/fr\/wp-json\/wp\/v2\/product_brand?post=252394"},{"taxonomy":"product_cat","embeddable":true,"href":"https:\/\/schweizversand.ch\/fr\/wp-json\/wp\/v2\/product_cat?post=252394"},{"taxonomy":"product_tag","embeddable":true,"href":"https:\/\/schweizversand.ch\/fr\/wp-json\/wp\/v2\/product_tag?post=252394"}],"curies":[{"name":"wp","href":"https:\/\/api.w.org\/{rel}","templated":true}]}}