{"id":252395,"date":"2026-03-15T00:28:57","date_gmt":"2026-03-14T23:28:57","guid":{"rendered":"https:\/\/schweizversand.ch\/produkt\/dress-for-fun-kostuem-indianermaedchen-cheyenne\/"},"modified":"2026-04-19T15:35:50","modified_gmt":"2026-04-19T13:35:50","slug":"dress-for-fun-kostuem-indianermaedchen-cheyenne","status":"publish","type":"product","link":"https:\/\/schweizversand.ch\/fr\/produkt\/dress-for-fun-kostuem-indianermaedchen-cheyenne\/","title":{"rendered":"D\u00e9guisement amusant \u00ab fille indienne Cheyenne \u00bb"},"content":{"rendered":"<p>D\u00e9guisement de jeune fille cheyenne \u2013 Sexy et aventuri\u00e8re<\/p>\n<p>Transformez-vous en une charmante aventuri\u00e8re du Far West avec ce d\u00e9guisement de jeune fille cheyenne\u00a0! La robe asym\u00e9trique, en velours su\u00e9d\u00e9, est orn\u00e9e de franges d\u00e9coratives et de finitions d\u00e9licates, mettant \u00e9l\u00e9gamment votre silhouette en valeur. Elle comprend un bandeau assorti et des mitaines pour un look am\u00e9rindien authentique.<\/p>\n<p>Ce d\u00e9guisement am\u00e9rindien est parfait pour le Carnaval, Mardi Gras, les soir\u00e9es \u00e0 th\u00e8me ou les \u00e9v\u00e9nements sur le th\u00e8me du Far West. En y ajoutant quelques accessoires, comme tresser le bandeau, vous pouvez cr\u00e9er une tenue encore plus authentique. Son design sexy en fait la pi\u00e8ce ma\u00eetresse id\u00e9ale pour attirer tous les regards lors de vos soir\u00e9es\u00a0: confiance, gr\u00e2ce et esprit d\u2019aventure garantis\u00a0!<\/p>\n<p>Ce d\u00e9guisement am\u00e9rindien est parfait pour le Carnaval, Mardi Gras, les soir\u00e9es \u00e0 th\u00e8me ou les \u00e9v\u00e9nements sur le th\u00e8me du Far West. Points forts<\/p>\n<p>Robe asym\u00e9trique en polyester effet daim<\/p>\n<p>Ceinture asym\u00e9trique, franges et galons d\u00e9coratifs<\/p>\n<p>Bandeau et mitaines assortis<\/p>\n<p>D\u00e9guisement id\u00e9al pour le Carnaval, Mardi Gras et les soir\u00e9es \u00e0 th\u00e8me<\/p>\n<p>Composition\u00a0: 100\u00a0% polyester<\/p>\n<p>Inclus\u00a0: Robe<br \/>\nBandeau<br \/>\nMitaines<\/p>\n<p>Remarque\u00a0: Chaussures, arc et fl\u00e8ches factices non inclus.<\/p>\n","protected":false},"excerpt":{"rendered":"<p>D\u00e9guisement de jeune fille cheyenne \u2013 Sexy et aventuri\u00e8re Transformez-vous en une charmante aventuri\u00e8re du Far West avec ce d\u00e9guisement de jeune fille cheyenne\u00a0! La robe asym\u00e9trique, en velours su\u00e9d\u00e9, est orn\u00e9e de franges d\u00e9coratives et de finitions d\u00e9licates, mettant \u00e9l\u00e9gamment votre silhouette en valeur. Elle comprend un bandeau assorti et des mitaines pour un look am\u00e9rindien authentique. Ce d\u00e9guisement am\u00e9rindien est parfait pour le Carnaval, Mardi Gras, les soir\u00e9es \u00e0 th\u00e8me ou les \u00e9v\u00e9nements&hellip;<\/p>\n","protected":false},"featured_media":257375,"comment_status":"open","ping_status":"closed","template":"","meta":[],"product_brand":[],"product_cat":[38120,38123],"product_tag":[],"class_list":{"0":"post-252395","1":"product","2":"type-product","3":"status-publish","4":"has-post-thumbnail","6":"product_cat-kostueme","7":"product_cat-costumes","8":"product_shipping_class-global_methods","10":"first","11":"instock","12":"taxable","13":"shipping-taxable","14":"purchasable","15":"product-type-simple"},"yoast_head":"<!-- This site is optimized with the Yoast SEO plugin v27.4 - https:\/\/yoast.com\/product\/yoast-seo-wordpress\/ -->\n<title>Dress for fun Kost\u00fcm \u201eIndianerm\u00e4dchen Cheyenne\u201c | Jetzt kaufen | Schweizversand.ch<\/title>\n<meta name=\"description\" content=\"Dress for fun Kost\u00fcm \u201eIndianerm\u00e4dchen Cheyenne\u201c g\u00fcnstig kaufen bei Schweizversand.ch. Schnelle Lieferung in der Schweiz. Gratisversand ab CHF 50.\" \/>\n<meta name=\"robots\" content=\"index, follow, max-snippet:-1, max-image-preview:large, max-video-preview:-1\" \/>\n<link rel=\"canonical\" href=\"https:\/\/schweizversand.ch\/fr\/produkt\/dress-for-fun-kostuem-indianermaedchen-cheyenne\/\" \/>\n<meta property=\"og:locale\" content=\"fr_FR\" \/>\n<meta property=\"og:type\" content=\"article\" \/>\n<meta property=\"og:title\" content=\"Dress for fun Kost\u00fcm \u201eIndianerm\u00e4dchen Cheyenne\u201c | Jetzt kaufen | Schweizversand.ch\" \/>\n<meta property=\"og:description\" content=\"Dress for fun Kost\u00fcm \u201eIndianerm\u00e4dchen Cheyenne\u201c g\u00fcnstig kaufen bei Schweizversand.ch. Schnelle Lieferung in der Schweiz. Gratisversand ab CHF 50.\" \/>\n<meta property=\"og:url\" content=\"https:\/\/schweizversand.ch\/fr\/produkt\/dress-for-fun-kostuem-indianermaedchen-cheyenne\/\" \/>\n<meta property=\"og:site_name\" content=\"Schweizer Shop f\u00fcr Sport, Spiel und Freizeit\" \/>\n<meta property=\"article:publisher\" content=\"https:\/\/www.facebook.com\/Schweizversand\" \/>\n<meta property=\"article:modified_time\" content=\"2026-04-19T13:35:50+00:00\" \/>\n<meta property=\"og:image\" content=\"https:\/\/schweizversand.ch\/wp-content\/uploads\/2026\/02\/5471969074.jpg\" \/>\n\t<meta property=\"og:image:width\" content=\"282\" \/>\n\t<meta property=\"og:image:height\" content=\"1024\" \/>\n\t<meta property=\"og:image:type\" content=\"image\/jpeg\" \/>\n<meta name=\"twitter:card\" content=\"summary_large_image\" \/>\n<meta name=\"twitter:label1\" content=\"Dur\u00e9e de lecture estim\u00e9e\" \/>\n\t<meta name=\"twitter:data1\" content=\"1 minute\" \/>\n<script type=\"application\/ld+json\" class=\"yoast-schema-graph\">{\"@context\":\"https:\\\/\\\/schema.org\",\"@graph\":[{\"@type\":\"WebPage\",\"@id\":\"https:\\\/\\\/schweizversand.ch\\\/fr\\\/produkt\\\/dress-for-fun-kostuem-indianermaedchen-cheyenne\\\/\",\"url\":\"https:\\\/\\\/schweizversand.ch\\\/fr\\\/produkt\\\/dress-for-fun-kostuem-indianermaedchen-cheyenne\\\/\",\"name\":\"Dress for fun Kost\u00fcm \u201eIndianerm\u00e4dchen Cheyenne\u201c | Jetzt kaufen | Schweizversand.ch\",\"isPartOf\":{\"@id\":\"https:\\\/\\\/schweizversand.ch\\\/fr\\\/#website\"},\"primaryImageOfPage\":{\"@id\":\"https:\\\/\\\/schweizversand.ch\\\/fr\\\/produkt\\\/dress-for-fun-kostuem-indianermaedchen-cheyenne\\\/#primaryimage\"},\"image\":{\"@id\":\"https:\\\/\\\/schweizversand.ch\\\/fr\\\/produkt\\\/dress-for-fun-kostuem-indianermaedchen-cheyenne\\\/#primaryimage\"},\"thumbnailUrl\":\"https:\\\/\\\/schweizversand.ch\\\/wp-content\\\/uploads\\\/2026\\\/02\\\/5471969074.jpg\",\"datePublished\":\"2026-03-14T23:28:57+00:00\",\"dateModified\":\"2026-04-19T13:35:50+00:00\",\"description\":\"Dress for fun Kost\u00fcm \u201eIndianerm\u00e4dchen Cheyenne\u201c g\u00fcnstig kaufen bei Schweizversand.ch. Schnelle Lieferung in der Schweiz. Gratisversand ab CHF 50.\",\"breadcrumb\":{\"@id\":\"https:\\\/\\\/schweizversand.ch\\\/fr\\\/produkt\\\/dress-for-fun-kostuem-indianermaedchen-cheyenne\\\/#breadcrumb\"},\"inLanguage\":\"fr-FR\",\"potentialAction\":[{\"@type\":\"ReadAction\",\"target\":[\"https:\\\/\\\/schweizversand.ch\\\/fr\\\/produkt\\\/dress-for-fun-kostuem-indianermaedchen-cheyenne\\\/\"]}]},{\"@type\":\"ImageObject\",\"inLanguage\":\"fr-FR\",\"@id\":\"https:\\\/\\\/schweizversand.ch\\\/fr\\\/produkt\\\/dress-for-fun-kostuem-indianermaedchen-cheyenne\\\/#primaryimage\",\"url\":\"https:\\\/\\\/schweizversand.ch\\\/wp-content\\\/uploads\\\/2026\\\/02\\\/5471969074.jpg\",\"contentUrl\":\"https:\\\/\\\/schweizversand.ch\\\/wp-content\\\/uploads\\\/2026\\\/02\\\/5471969074.jpg\",\"width\":282,\"height\":1024},{\"@type\":\"BreadcrumbList\",\"@id\":\"https:\\\/\\\/schweizversand.ch\\\/fr\\\/produkt\\\/dress-for-fun-kostuem-indianermaedchen-cheyenne\\\/#breadcrumb\",\"itemListElement\":[{\"@type\":\"ListItem\",\"position\":1,\"name\":\"Startseite\",\"item\":\"https:\\\/\\\/schweizversand.ch\\\/fr\\\/home\\\/\"},{\"@type\":\"ListItem\",\"position\":2,\"name\":\"Boutique\",\"item\":\"https:\\\/\\\/schweizversand.ch\\\/fr\\\/boutique\\\/\"},{\"@type\":\"ListItem\",\"position\":3,\"name\":\"Mode\",\"item\":\"https:\\\/\\\/schweizversand.ch\\\/fr\\\/produkt-kategorie\\\/mode-fr\\\/\"},{\"@type\":\"ListItem\",\"position\":4,\"name\":\"Mode unisexe\",\"item\":\"https:\\\/\\\/schweizversand.ch\\\/fr\\\/produkt-kategorie\\\/mode-fr\\\/mode-unisexe\\\/\"},{\"@type\":\"ListItem\",\"position\":5,\"name\":\"Costumes\",\"item\":\"https:\\\/\\\/schweizversand.ch\\\/fr\\\/produkt-kategorie\\\/mode-fr\\\/mode-unisexe\\\/kostueme\\\/\"},{\"@type\":\"ListItem\",\"position\":6,\"name\":\"D\u00e9guisement amusant \u00ab fille indienne Cheyenne \u00bb\"}]},{\"@type\":\"WebSite\",\"@id\":\"https:\\\/\\\/schweizversand.ch\\\/fr\\\/#website\",\"url\":\"https:\\\/\\\/schweizversand.ch\\\/fr\\\/\",\"name\":\"Schweizer Shop f\u00fcr Sport, Spiel und Freizeit\",\"description\":\"Gratisversand ab 50.- (netto), ab eigenem schweizer Lager, Lieferung innert 48h\",\"publisher\":{\"@id\":\"https:\\\/\\\/schweizversand.ch\\\/fr\\\/#organization\"},\"alternateName\":\"Schweizversand.ch\",\"potentialAction\":[{\"@type\":\"SearchAction\",\"target\":{\"@type\":\"EntryPoint\",\"urlTemplate\":\"https:\\\/\\\/schweizversand.ch\\\/fr\\\/?s={search_term_string}\"},\"query-input\":{\"@type\":\"PropertyValueSpecification\",\"valueRequired\":true,\"valueName\":\"search_term_string\"}}],\"inLanguage\":\"fr-FR\"},{\"@type\":\"Organization\",\"@id\":\"https:\\\/\\\/schweizversand.ch\\\/fr\\\/#organization\",\"name\":\"Schweizversand.ch\",\"url\":\"https:\\\/\\\/schweizversand.ch\\\/fr\\\/\",\"logo\":{\"@type\":\"ImageObject\",\"inLanguage\":\"fr-FR\",\"@id\":\"https:\\\/\\\/schweizversand.ch\\\/fr\\\/#\\\/schema\\\/logo\\\/image\\\/\",\"url\":\"https:\\\/\\\/schweizversand.ch\\\/wp-content\\\/uploads\\\/2026\\\/03\\\/Logo_Rund_Final-1.png\",\"contentUrl\":\"https:\\\/\\\/schweizversand.ch\\\/wp-content\\\/uploads\\\/2026\\\/03\\\/Logo_Rund_Final-1.png\",\"width\":404,\"height\":404,\"caption\":\"Schweizversand.ch\"},\"image\":{\"@id\":\"https:\\\/\\\/schweizversand.ch\\\/fr\\\/#\\\/schema\\\/logo\\\/image\\\/\"},\"sameAs\":[\"https:\\\/\\\/www.facebook.com\\\/Schweizversand\",\"https:\\\/\\\/www.instagram.com\\\/schweizversand.ch\\\/\"]}]}<\/script>\n<!-- \/ Yoast SEO plugin. -->","yoast_head_json":{"title":"Dress for fun Kost\u00fcm \u201eIndianerm\u00e4dchen Cheyenne\u201c | Jetzt kaufen | Schweizversand.ch","description":"Dress for fun Kost\u00fcm \u201eIndianerm\u00e4dchen Cheyenne\u201c g\u00fcnstig kaufen bei Schweizversand.ch. Schnelle Lieferung in der Schweiz. Gratisversand ab CHF 50.","robots":{"index":"index","follow":"follow","max-snippet":"max-snippet:-1","max-image-preview":"max-image-preview:large","max-video-preview":"max-video-preview:-1"},"canonical":"https:\/\/schweizversand.ch\/fr\/produkt\/dress-for-fun-kostuem-indianermaedchen-cheyenne\/","og_locale":"fr_FR","og_type":"article","og_title":"Dress for fun Kost\u00fcm \u201eIndianerm\u00e4dchen Cheyenne\u201c | Jetzt kaufen | Schweizversand.ch","og_description":"Dress for fun Kost\u00fcm \u201eIndianerm\u00e4dchen Cheyenne\u201c g\u00fcnstig kaufen bei Schweizversand.ch. Schnelle Lieferung in der Schweiz. Gratisversand ab CHF 50.","og_url":"https:\/\/schweizversand.ch\/fr\/produkt\/dress-for-fun-kostuem-indianermaedchen-cheyenne\/","og_site_name":"Schweizer Shop f\u00fcr Sport, Spiel und Freizeit","article_publisher":"https:\/\/www.facebook.com\/Schweizversand","article_modified_time":"2026-04-19T13:35:50+00:00","og_image":[{"width":282,"height":1024,"url":"https:\/\/schweizversand.ch\/wp-content\/uploads\/2026\/02\/5471969074.jpg","type":"image\/jpeg"}],"twitter_card":"summary_large_image","twitter_misc":{"Dur\u00e9e de lecture estim\u00e9e":"1 minute"},"schema":{"@context":"https:\/\/schema.org","@graph":[{"@type":"WebPage","@id":"https:\/\/schweizversand.ch\/fr\/produkt\/dress-for-fun-kostuem-indianermaedchen-cheyenne\/","url":"https:\/\/schweizversand.ch\/fr\/produkt\/dress-for-fun-kostuem-indianermaedchen-cheyenne\/","name":"Dress for fun Kost\u00fcm \u201eIndianerm\u00e4dchen Cheyenne\u201c | Jetzt kaufen | Schweizversand.ch","isPartOf":{"@id":"https:\/\/schweizversand.ch\/fr\/#website"},"primaryImageOfPage":{"@id":"https:\/\/schweizversand.ch\/fr\/produkt\/dress-for-fun-kostuem-indianermaedchen-cheyenne\/#primaryimage"},"image":{"@id":"https:\/\/schweizversand.ch\/fr\/produkt\/dress-for-fun-kostuem-indianermaedchen-cheyenne\/#primaryimage"},"thumbnailUrl":"https:\/\/schweizversand.ch\/wp-content\/uploads\/2026\/02\/5471969074.jpg","datePublished":"2026-03-14T23:28:57+00:00","dateModified":"2026-04-19T13:35:50+00:00","description":"Dress for fun Kost\u00fcm \u201eIndianerm\u00e4dchen Cheyenne\u201c g\u00fcnstig kaufen bei Schweizversand.ch. Schnelle Lieferung in der Schweiz. Gratisversand ab CHF 50.","breadcrumb":{"@id":"https:\/\/schweizversand.ch\/fr\/produkt\/dress-for-fun-kostuem-indianermaedchen-cheyenne\/#breadcrumb"},"inLanguage":"fr-FR","potentialAction":[{"@type":"ReadAction","target":["https:\/\/schweizversand.ch\/fr\/produkt\/dress-for-fun-kostuem-indianermaedchen-cheyenne\/"]}]},{"@type":"ImageObject","inLanguage":"fr-FR","@id":"https:\/\/schweizversand.ch\/fr\/produkt\/dress-for-fun-kostuem-indianermaedchen-cheyenne\/#primaryimage","url":"https:\/\/schweizversand.ch\/wp-content\/uploads\/2026\/02\/5471969074.jpg","contentUrl":"https:\/\/schweizversand.ch\/wp-content\/uploads\/2026\/02\/5471969074.jpg","width":282,"height":1024},{"@type":"BreadcrumbList","@id":"https:\/\/schweizversand.ch\/fr\/produkt\/dress-for-fun-kostuem-indianermaedchen-cheyenne\/#breadcrumb","itemListElement":[{"@type":"ListItem","position":1,"name":"Startseite","item":"https:\/\/schweizversand.ch\/fr\/home\/"},{"@type":"ListItem","position":2,"name":"Boutique","item":"https:\/\/schweizversand.ch\/fr\/boutique\/"},{"@type":"ListItem","position":3,"name":"Mode","item":"https:\/\/schweizversand.ch\/fr\/produkt-kategorie\/mode-fr\/"},{"@type":"ListItem","position":4,"name":"Mode unisexe","item":"https:\/\/schweizversand.ch\/fr\/produkt-kategorie\/mode-fr\/mode-unisexe\/"},{"@type":"ListItem","position":5,"name":"Costumes","item":"https:\/\/schweizversand.ch\/fr\/produkt-kategorie\/mode-fr\/mode-unisexe\/kostueme\/"},{"@type":"ListItem","position":6,"name":"D\u00e9guisement amusant \u00ab fille indienne Cheyenne \u00bb"}]},{"@type":"WebSite","@id":"https:\/\/schweizversand.ch\/fr\/#website","url":"https:\/\/schweizversand.ch\/fr\/","name":"Schweizer Shop f\u00fcr Sport, Spiel und Freizeit","description":"Gratisversand ab 50.- (netto), ab eigenem schweizer Lager, Lieferung innert 48h","publisher":{"@id":"https:\/\/schweizversand.ch\/fr\/#organization"},"alternateName":"Schweizversand.ch","potentialAction":[{"@type":"SearchAction","target":{"@type":"EntryPoint","urlTemplate":"https:\/\/schweizversand.ch\/fr\/?s={search_term_string}"},"query-input":{"@type":"PropertyValueSpecification","valueRequired":true,"valueName":"search_term_string"}}],"inLanguage":"fr-FR"},{"@type":"Organization","@id":"https:\/\/schweizversand.ch\/fr\/#organization","name":"Schweizversand.ch","url":"https:\/\/schweizversand.ch\/fr\/","logo":{"@type":"ImageObject","inLanguage":"fr-FR","@id":"https:\/\/schweizversand.ch\/fr\/#\/schema\/logo\/image\/","url":"https:\/\/schweizversand.ch\/wp-content\/uploads\/2026\/03\/Logo_Rund_Final-1.png","contentUrl":"https:\/\/schweizversand.ch\/wp-content\/uploads\/2026\/03\/Logo_Rund_Final-1.png","width":404,"height":404,"caption":"Schweizversand.ch"},"image":{"@id":"https:\/\/schweizversand.ch\/fr\/#\/schema\/logo\/image\/"},"sameAs":["https:\/\/www.facebook.com\/Schweizversand","https:\/\/www.instagram.com\/schweizversand.ch\/"]}]}},"jetpack_sharing_enabled":true,"_links":{"self":[{"href":"https:\/\/schweizversand.ch\/fr\/wp-json\/wp\/v2\/product\/252395","targetHints":{"allow":["GET"]}}],"collection":[{"href":"https:\/\/schweizversand.ch\/fr\/wp-json\/wp\/v2\/product"}],"about":[{"href":"https:\/\/schweizversand.ch\/fr\/wp-json\/wp\/v2\/types\/product"}],"replies":[{"embeddable":true,"href":"https:\/\/schweizversand.ch\/fr\/wp-json\/wp\/v2\/comments?post=252395"}],"wp:featuredmedia":[{"embeddable":true,"href":"https:\/\/schweizversand.ch\/fr\/wp-json\/wp\/v2\/media\/257375"}],"wp:attachment":[{"href":"https:\/\/schweizversand.ch\/fr\/wp-json\/wp\/v2\/media?parent=252395"}],"wp:term":[{"taxonomy":"product_brand","embeddable":true,"href":"https:\/\/schweizversand.ch\/fr\/wp-json\/wp\/v2\/product_brand?post=252395"},{"taxonomy":"product_cat","embeddable":true,"href":"https:\/\/schweizversand.ch\/fr\/wp-json\/wp\/v2\/product_cat?post=252395"},{"taxonomy":"product_tag","embeddable":true,"href":"https:\/\/schweizversand.ch\/fr\/wp-json\/wp\/v2\/product_tag?post=252395"}],"curies":[{"name":"wp","href":"https:\/\/api.w.org\/{rel}","templated":true}]}}