{"id":252424,"date":"2026-03-15T00:29:03","date_gmt":"2026-03-14T23:29:03","guid":{"rendered":"https:\/\/schweizversand.ch\/produkt\/adidas-predator-league-l-mg-unisex-fussballschuhe-2\/"},"modified":"2026-04-19T02:05:15","modified_gmt":"2026-04-19T00:05:15","slug":"adidas-predator-league-l-mg-unisex-fussballschuhe-2","status":"publish","type":"product","link":"https:\/\/schweizversand.ch\/fr\/produkt\/adidas-predator-league-l-mg-unisex-fussballschuhe-2\/","title":{"rendered":"Chaussures de football unisexes Adidas Predator League L MG"},"content":{"rendered":"<h1><strong>Chaussure de football polyvalente haute technologie \u2013 Performances maximales sur toutes les surfaces<\/strong><\/h1>\n<div>Cette chaussure de football innovante a \u00e9t\u00e9 con\u00e7ue pour vous offrir un avantage d\u00e9cisif sur les terrains synth\u00e9tiques et naturels. B\u00e9n\u00e9ficiez de performances maximales et d&rsquo;un contr\u00f4le de balle sup\u00e9rieur, que vous jouiez sur gazon synth\u00e9tique ou naturel.<\/p>\n<\/div>\n<div><strong>Adh\u00e9rence sup\u00e9rieure gr\u00e2ce \u00e0 la semelle multi-crampons<\/strong><br \/>La conception r\u00e9volutionnaire de la semelle, avec sa disposition optimis\u00e9e de multi-crampons, garantit des pivots pr\u00e9cis et une stabilit\u00e9 optimale. Cette chaussure de football pour gazon synth\u00e9tique offre une excellente traction sur toutes les g\u00e9n\u00e9rations de gazon synth\u00e9tique et les surfaces dures, mais se comporte \u00e9galement de mani\u00e8re fiable sur gazon naturel. Contr\u00f4le de balle et puissance de frappe parfaits\u00a0: les STRIKEFINS int\u00e9gr\u00e9s dans la zone de frappe assurent des tirs puissants et une trajectoire de balle am\u00e9lior\u00e9e. De plus, la texture 3D innovante de la tige am\u00e9liore l&rsquo;adh\u00e9rence, permettant un contr\u00f4le de balle tactile et pr\u00e9cis \u2013 une v\u00e9ritable alternative aux crampons traditionnels pour une utilisation polyvalente. Confort et design : Cette chaussure associe textile respirant et mati\u00e8re synth\u00e9tique r\u00e9sistante pour un confort et une stabilit\u00e9 optimaux tout au long du match. Avec son design sportif et ses 3 bandes distinctives, cette chaussure de football polyvalente est le choix id\u00e9al pour les femmes, les hommes et tous les types de joueurs. D\u00e9tails du produit et mat\u00e9riaux : &#8211; Couleur : Noir &#8211; Tige : Textile\/Synth\u00e9tique &#8211; Doublure : Textile &#8211; Genre : Unisexe &#8211; Type de talon : Plat &#8211; Hauteur du talon : Jusqu&rsquo;\u00e0 3,5 cm &#8211; Largeur : Standard (G) &#8211; Semelle ext\u00e9rieure : Synth\u00e9tique. Procurez-vous cette chaussure de football polyvalente et dominez le jeu sur toutes les surfaces avec une pr\u00e9cision et une stabilit\u00e9 in\u00e9gal\u00e9es.<\/p>\n","protected":false},"excerpt":{"rendered":"<p>Chaussure de football polyvalente haute technologie \u2013 Performances maximales sur toutes les surfaces Cette chaussure de football innovante a \u00e9t\u00e9 con\u00e7ue pour vous offrir un avantage d\u00e9cisif sur les terrains synth\u00e9tiques et naturels. B\u00e9n\u00e9ficiez de performances maximales et d&rsquo;un contr\u00f4le de balle sup\u00e9rieur, que vous jouiez sur gazon synth\u00e9tique ou naturel. Adh\u00e9rence sup\u00e9rieure gr\u00e2ce \u00e0 la semelle multi-cramponsLa conception r\u00e9volutionnaire de la semelle, avec sa disposition optimis\u00e9e de multi-crampons, garantit des pivots pr\u00e9cis et une&hellip;<\/p>\n","protected":false},"featured_media":164152,"comment_status":"open","ping_status":"closed","template":"","meta":[],"product_brand":[],"product_cat":[38527],"product_tag":[],"class_list":{"0":"post-252424","1":"product","2":"type-product","3":"status-publish","4":"has-post-thumbnail","6":"product_cat-fussball-2","7":"product_shipping_class-global_methods","9":"first","10":"instock","11":"taxable","12":"shipping-taxable","13":"purchasable","14":"product-type-simple"},"yoast_head":"<!-- This site is optimized with the Yoast SEO plugin v27.4 - https:\/\/yoast.com\/product\/yoast-seo-wordpress\/ -->\n<title>Adidas Predator League L MG Unisex Fussballschuhe | Jetzt kaufen | Schweizversand.ch<\/title>\n<meta name=\"description\" content=\"Adidas Predator League L MG Unisex Fussballschuhe g\u00fcnstig kaufen bei Schweizversand.ch. Schnelle Lieferung in der Schweiz. Gratisversand ab CHF 50.\" \/>\n<meta name=\"robots\" content=\"index, follow, max-snippet:-1, max-image-preview:large, max-video-preview:-1\" \/>\n<link rel=\"canonical\" href=\"https:\/\/schweizversand.ch\/fr\/produkt\/adidas-predator-league-l-mg-unisex-fussballschuhe-2\/\" \/>\n<meta property=\"og:locale\" content=\"fr_FR\" \/>\n<meta property=\"og:type\" content=\"article\" \/>\n<meta property=\"og:title\" content=\"Adidas Predator League L MG Unisex Fussballschuhe | Jetzt kaufen | Schweizversand.ch\" \/>\n<meta property=\"og:description\" content=\"Adidas Predator League L MG Unisex Fussballschuhe g\u00fcnstig kaufen bei Schweizversand.ch. Schnelle Lieferung in der Schweiz. Gratisversand ab CHF 50.\" \/>\n<meta property=\"og:url\" content=\"https:\/\/schweizversand.ch\/fr\/produkt\/adidas-predator-league-l-mg-unisex-fussballschuhe-2\/\" \/>\n<meta property=\"og:site_name\" content=\"Schweizer Shop f\u00fcr Sport, Spiel und Freizeit\" \/>\n<meta property=\"article:publisher\" content=\"https:\/\/www.facebook.com\/Schweizversand\" \/>\n<meta property=\"article:modified_time\" content=\"2026-04-19T00:05:15+00:00\" \/>\n<meta property=\"og:image\" content=\"https:\/\/schweizversand.ch\/wp-content\/uploads\/2026\/02\/5471891798.jpg\" \/>\n\t<meta property=\"og:image:width\" content=\"1024\" \/>\n\t<meta property=\"og:image:height\" content=\"1024\" \/>\n\t<meta property=\"og:image:type\" content=\"image\/jpeg\" \/>\n<meta name=\"twitter:card\" content=\"summary_large_image\" \/>\n<meta name=\"twitter:label1\" content=\"Dur\u00e9e de lecture estim\u00e9e\" \/>\n\t<meta name=\"twitter:data1\" content=\"2 minutes\" \/>\n<script type=\"application\/ld+json\" class=\"yoast-schema-graph\">{\"@context\":\"https:\\\/\\\/schema.org\",\"@graph\":[{\"@type\":\"WebPage\",\"@id\":\"https:\\\/\\\/schweizversand.ch\\\/fr\\\/produkt\\\/adidas-predator-league-l-mg-unisex-fussballschuhe-2\\\/\",\"url\":\"https:\\\/\\\/schweizversand.ch\\\/fr\\\/produkt\\\/adidas-predator-league-l-mg-unisex-fussballschuhe-2\\\/\",\"name\":\"Adidas Predator League L MG Unisex Fussballschuhe | Jetzt kaufen | Schweizversand.ch\",\"isPartOf\":{\"@id\":\"https:\\\/\\\/schweizversand.ch\\\/fr\\\/#website\"},\"primaryImageOfPage\":{\"@id\":\"https:\\\/\\\/schweizversand.ch\\\/fr\\\/produkt\\\/adidas-predator-league-l-mg-unisex-fussballschuhe-2\\\/#primaryimage\"},\"image\":{\"@id\":\"https:\\\/\\\/schweizversand.ch\\\/fr\\\/produkt\\\/adidas-predator-league-l-mg-unisex-fussballschuhe-2\\\/#primaryimage\"},\"thumbnailUrl\":\"https:\\\/\\\/schweizversand.ch\\\/wp-content\\\/uploads\\\/2026\\\/02\\\/5471891798.jpg\",\"datePublished\":\"2026-03-14T23:29:03+00:00\",\"dateModified\":\"2026-04-19T00:05:15+00:00\",\"description\":\"Adidas Predator League L MG Unisex Fussballschuhe g\u00fcnstig kaufen bei Schweizversand.ch. Schnelle Lieferung in der Schweiz. Gratisversand ab CHF 50.\",\"breadcrumb\":{\"@id\":\"https:\\\/\\\/schweizversand.ch\\\/fr\\\/produkt\\\/adidas-predator-league-l-mg-unisex-fussballschuhe-2\\\/#breadcrumb\"},\"inLanguage\":\"fr-FR\",\"potentialAction\":[{\"@type\":\"ReadAction\",\"target\":[\"https:\\\/\\\/schweizversand.ch\\\/fr\\\/produkt\\\/adidas-predator-league-l-mg-unisex-fussballschuhe-2\\\/\"]}]},{\"@type\":\"ImageObject\",\"inLanguage\":\"fr-FR\",\"@id\":\"https:\\\/\\\/schweizversand.ch\\\/fr\\\/produkt\\\/adidas-predator-league-l-mg-unisex-fussballschuhe-2\\\/#primaryimage\",\"url\":\"https:\\\/\\\/schweizversand.ch\\\/wp-content\\\/uploads\\\/2026\\\/02\\\/5471891798.jpg\",\"contentUrl\":\"https:\\\/\\\/schweizversand.ch\\\/wp-content\\\/uploads\\\/2026\\\/02\\\/5471891798.jpg\",\"width\":1024,\"height\":1024},{\"@type\":\"BreadcrumbList\",\"@id\":\"https:\\\/\\\/schweizversand.ch\\\/fr\\\/produkt\\\/adidas-predator-league-l-mg-unisex-fussballschuhe-2\\\/#breadcrumb\",\"itemListElement\":[{\"@type\":\"ListItem\",\"position\":1,\"name\":\"Startseite\",\"item\":\"https:\\\/\\\/schweizversand.ch\\\/fr\\\/home\\\/\"},{\"@type\":\"ListItem\",\"position\":2,\"name\":\"Boutique\",\"item\":\"https:\\\/\\\/schweizversand.ch\\\/fr\\\/boutique\\\/\"},{\"@type\":\"ListItem\",\"position\":3,\"name\":\"Sports\",\"item\":\"https:\\\/\\\/schweizversand.ch\\\/fr\\\/produkt-kategorie\\\/sports\\\/\"},{\"@type\":\"ListItem\",\"position\":4,\"name\":\"sports de balle et fl\u00e9chettes\",\"item\":\"https:\\\/\\\/schweizversand.ch\\\/fr\\\/produkt-kategorie\\\/sports\\\/sports-de-balle-et-flechettes\\\/\"},{\"@type\":\"ListItem\",\"position\":5,\"name\":\"football\",\"item\":\"https:\\\/\\\/schweizversand.ch\\\/fr\\\/produkt-kategorie\\\/fussball-2\\\/\"},{\"@type\":\"ListItem\",\"position\":6,\"name\":\"Chaussures de football unisexes Adidas Predator League L MG\"}]},{\"@type\":\"WebSite\",\"@id\":\"https:\\\/\\\/schweizversand.ch\\\/fr\\\/#website\",\"url\":\"https:\\\/\\\/schweizversand.ch\\\/fr\\\/\",\"name\":\"Schweizer Shop f\u00fcr Sport, Spiel und Freizeit\",\"description\":\"Gratisversand ab 50.- (netto), ab eigenem schweizer Lager, Lieferung innert 48h\",\"publisher\":{\"@id\":\"https:\\\/\\\/schweizversand.ch\\\/fr\\\/#organization\"},\"alternateName\":\"Schweizversand.ch\",\"potentialAction\":[{\"@type\":\"SearchAction\",\"target\":{\"@type\":\"EntryPoint\",\"urlTemplate\":\"https:\\\/\\\/schweizversand.ch\\\/fr\\\/?s={search_term_string}\"},\"query-input\":{\"@type\":\"PropertyValueSpecification\",\"valueRequired\":true,\"valueName\":\"search_term_string\"}}],\"inLanguage\":\"fr-FR\"},{\"@type\":\"Organization\",\"@id\":\"https:\\\/\\\/schweizversand.ch\\\/fr\\\/#organization\",\"name\":\"Schweizversand.ch\",\"url\":\"https:\\\/\\\/schweizversand.ch\\\/fr\\\/\",\"logo\":{\"@type\":\"ImageObject\",\"inLanguage\":\"fr-FR\",\"@id\":\"https:\\\/\\\/schweizversand.ch\\\/fr\\\/#\\\/schema\\\/logo\\\/image\\\/\",\"url\":\"https:\\\/\\\/schweizversand.ch\\\/wp-content\\\/uploads\\\/2026\\\/03\\\/Logo_Rund_Final-1.png\",\"contentUrl\":\"https:\\\/\\\/schweizversand.ch\\\/wp-content\\\/uploads\\\/2026\\\/03\\\/Logo_Rund_Final-1.png\",\"width\":404,\"height\":404,\"caption\":\"Schweizversand.ch\"},\"image\":{\"@id\":\"https:\\\/\\\/schweizversand.ch\\\/fr\\\/#\\\/schema\\\/logo\\\/image\\\/\"},\"sameAs\":[\"https:\\\/\\\/www.facebook.com\\\/Schweizversand\",\"https:\\\/\\\/www.instagram.com\\\/schweizversand.ch\\\/\"]}]}<\/script>\n<!-- \/ Yoast SEO plugin. -->","yoast_head_json":{"title":"Adidas Predator League L MG Unisex Fussballschuhe | Jetzt kaufen | Schweizversand.ch","description":"Adidas Predator League L MG Unisex Fussballschuhe g\u00fcnstig kaufen bei Schweizversand.ch. Schnelle Lieferung in der Schweiz. Gratisversand ab CHF 50.","robots":{"index":"index","follow":"follow","max-snippet":"max-snippet:-1","max-image-preview":"max-image-preview:large","max-video-preview":"max-video-preview:-1"},"canonical":"https:\/\/schweizversand.ch\/fr\/produkt\/adidas-predator-league-l-mg-unisex-fussballschuhe-2\/","og_locale":"fr_FR","og_type":"article","og_title":"Adidas Predator League L MG Unisex Fussballschuhe | Jetzt kaufen | Schweizversand.ch","og_description":"Adidas Predator League L MG Unisex Fussballschuhe g\u00fcnstig kaufen bei Schweizversand.ch. Schnelle Lieferung in der Schweiz. Gratisversand ab CHF 50.","og_url":"https:\/\/schweizversand.ch\/fr\/produkt\/adidas-predator-league-l-mg-unisex-fussballschuhe-2\/","og_site_name":"Schweizer Shop f\u00fcr Sport, Spiel und Freizeit","article_publisher":"https:\/\/www.facebook.com\/Schweizversand","article_modified_time":"2026-04-19T00:05:15+00:00","og_image":[{"width":1024,"height":1024,"url":"https:\/\/schweizversand.ch\/wp-content\/uploads\/2026\/02\/5471891798.jpg","type":"image\/jpeg"}],"twitter_card":"summary_large_image","twitter_misc":{"Dur\u00e9e de lecture estim\u00e9e":"2 minutes"},"schema":{"@context":"https:\/\/schema.org","@graph":[{"@type":"WebPage","@id":"https:\/\/schweizversand.ch\/fr\/produkt\/adidas-predator-league-l-mg-unisex-fussballschuhe-2\/","url":"https:\/\/schweizversand.ch\/fr\/produkt\/adidas-predator-league-l-mg-unisex-fussballschuhe-2\/","name":"Adidas Predator League L MG Unisex Fussballschuhe | Jetzt kaufen | Schweizversand.ch","isPartOf":{"@id":"https:\/\/schweizversand.ch\/fr\/#website"},"primaryImageOfPage":{"@id":"https:\/\/schweizversand.ch\/fr\/produkt\/adidas-predator-league-l-mg-unisex-fussballschuhe-2\/#primaryimage"},"image":{"@id":"https:\/\/schweizversand.ch\/fr\/produkt\/adidas-predator-league-l-mg-unisex-fussballschuhe-2\/#primaryimage"},"thumbnailUrl":"https:\/\/schweizversand.ch\/wp-content\/uploads\/2026\/02\/5471891798.jpg","datePublished":"2026-03-14T23:29:03+00:00","dateModified":"2026-04-19T00:05:15+00:00","description":"Adidas Predator League L MG Unisex Fussballschuhe g\u00fcnstig kaufen bei Schweizversand.ch. Schnelle Lieferung in der Schweiz. Gratisversand ab CHF 50.","breadcrumb":{"@id":"https:\/\/schweizversand.ch\/fr\/produkt\/adidas-predator-league-l-mg-unisex-fussballschuhe-2\/#breadcrumb"},"inLanguage":"fr-FR","potentialAction":[{"@type":"ReadAction","target":["https:\/\/schweizversand.ch\/fr\/produkt\/adidas-predator-league-l-mg-unisex-fussballschuhe-2\/"]}]},{"@type":"ImageObject","inLanguage":"fr-FR","@id":"https:\/\/schweizversand.ch\/fr\/produkt\/adidas-predator-league-l-mg-unisex-fussballschuhe-2\/#primaryimage","url":"https:\/\/schweizversand.ch\/wp-content\/uploads\/2026\/02\/5471891798.jpg","contentUrl":"https:\/\/schweizversand.ch\/wp-content\/uploads\/2026\/02\/5471891798.jpg","width":1024,"height":1024},{"@type":"BreadcrumbList","@id":"https:\/\/schweizversand.ch\/fr\/produkt\/adidas-predator-league-l-mg-unisex-fussballschuhe-2\/#breadcrumb","itemListElement":[{"@type":"ListItem","position":1,"name":"Startseite","item":"https:\/\/schweizversand.ch\/fr\/home\/"},{"@type":"ListItem","position":2,"name":"Boutique","item":"https:\/\/schweizversand.ch\/fr\/boutique\/"},{"@type":"ListItem","position":3,"name":"Sports","item":"https:\/\/schweizversand.ch\/fr\/produkt-kategorie\/sports\/"},{"@type":"ListItem","position":4,"name":"sports de balle et fl\u00e9chettes","item":"https:\/\/schweizversand.ch\/fr\/produkt-kategorie\/sports\/sports-de-balle-et-flechettes\/"},{"@type":"ListItem","position":5,"name":"football","item":"https:\/\/schweizversand.ch\/fr\/produkt-kategorie\/fussball-2\/"},{"@type":"ListItem","position":6,"name":"Chaussures de football unisexes Adidas Predator League L MG"}]},{"@type":"WebSite","@id":"https:\/\/schweizversand.ch\/fr\/#website","url":"https:\/\/schweizversand.ch\/fr\/","name":"Schweizer Shop f\u00fcr Sport, Spiel und Freizeit","description":"Gratisversand ab 50.- (netto), ab eigenem schweizer Lager, Lieferung innert 48h","publisher":{"@id":"https:\/\/schweizversand.ch\/fr\/#organization"},"alternateName":"Schweizversand.ch","potentialAction":[{"@type":"SearchAction","target":{"@type":"EntryPoint","urlTemplate":"https:\/\/schweizversand.ch\/fr\/?s={search_term_string}"},"query-input":{"@type":"PropertyValueSpecification","valueRequired":true,"valueName":"search_term_string"}}],"inLanguage":"fr-FR"},{"@type":"Organization","@id":"https:\/\/schweizversand.ch\/fr\/#organization","name":"Schweizversand.ch","url":"https:\/\/schweizversand.ch\/fr\/","logo":{"@type":"ImageObject","inLanguage":"fr-FR","@id":"https:\/\/schweizversand.ch\/fr\/#\/schema\/logo\/image\/","url":"https:\/\/schweizversand.ch\/wp-content\/uploads\/2026\/03\/Logo_Rund_Final-1.png","contentUrl":"https:\/\/schweizversand.ch\/wp-content\/uploads\/2026\/03\/Logo_Rund_Final-1.png","width":404,"height":404,"caption":"Schweizversand.ch"},"image":{"@id":"https:\/\/schweizversand.ch\/fr\/#\/schema\/logo\/image\/"},"sameAs":["https:\/\/www.facebook.com\/Schweizversand","https:\/\/www.instagram.com\/schweizversand.ch\/"]}]}},"jetpack_sharing_enabled":true,"_links":{"self":[{"href":"https:\/\/schweizversand.ch\/fr\/wp-json\/wp\/v2\/product\/252424","targetHints":{"allow":["GET"]}}],"collection":[{"href":"https:\/\/schweizversand.ch\/fr\/wp-json\/wp\/v2\/product"}],"about":[{"href":"https:\/\/schweizversand.ch\/fr\/wp-json\/wp\/v2\/types\/product"}],"replies":[{"embeddable":true,"href":"https:\/\/schweizversand.ch\/fr\/wp-json\/wp\/v2\/comments?post=252424"}],"wp:featuredmedia":[{"embeddable":true,"href":"https:\/\/schweizversand.ch\/fr\/wp-json\/wp\/v2\/media\/164152"}],"wp:attachment":[{"href":"https:\/\/schweizversand.ch\/fr\/wp-json\/wp\/v2\/media?parent=252424"}],"wp:term":[{"taxonomy":"product_brand","embeddable":true,"href":"https:\/\/schweizversand.ch\/fr\/wp-json\/wp\/v2\/product_brand?post=252424"},{"taxonomy":"product_cat","embeddable":true,"href":"https:\/\/schweizversand.ch\/fr\/wp-json\/wp\/v2\/product_cat?post=252424"},{"taxonomy":"product_tag","embeddable":true,"href":"https:\/\/schweizversand.ch\/fr\/wp-json\/wp\/v2\/product_tag?post=252424"}],"curies":[{"name":"wp","href":"https:\/\/api.w.org\/{rel}","templated":true}]}}