{"id":253448,"date":"2026-03-14T23:20:42","date_gmt":"2026-03-14T22:20:42","guid":{"rendered":"https:\/\/schweizversand.ch\/produkt\/plan-toys-gummi-strassen-schienenset\/"},"modified":"2026-04-19T15:34:23","modified_gmt":"2026-04-19T13:34:23","slug":"plan-toys-gummi-strassen-schienenset","status":"publish","type":"product","link":"https:\/\/schweizversand.ch\/fr\/produkt\/plan-toys-gummi-strassen-schienenset\/","title":{"rendered":"Ensemble de route et de rails en caoutchouc Plan Toys"},"content":{"rendered":"<h1><strong>Plantoys | Circuit de routes en caoutchouc &#8211; Petit mod\u00e8le<\/strong><\/h1>\n<div>D\u00e9couvrez le <strong>Circuit de routes en caoutchouc<\/strong>, la version miniature du c\u00e9l\u00e8bre syst\u00e8me de routes et de rails en caoutchouc. Ce jouet innovant offre aux enfants la possibilit\u00e9 de construire leurs propres r\u00e9seaux urbains flexibles, stimulant ainsi leur cr\u00e9ativit\u00e9 et leur perception spatiale.<\/p>\n<\/div>\n<div><strong>Durabilit\u00e9 et mat\u00e9riaux<\/strong><br \/>Ce jouet pour enfants <strong>durable<\/strong> est fabriqu\u00e9 en Tha\u00eflande \u00e0 partir de bois d&rsquo;h\u00e9v\u00e9a sans produits chimiques. Plantoys s&rsquo;engage pour le respect de l&rsquo;environnement et utilise des adh\u00e9sifs sans formald\u00e9hyde, des pigments organiques et des colorants \u00e0 base d&rsquo;eau. Avec ce jouet <strong>\u00e9cologique<\/strong>, vous faites un choix responsable pour l&rsquo;environnement.<\/p>\n<\/div>\n<div><strong>Une exp\u00e9rience de jeu flexible<\/strong><br \/>La flexibilit\u00e9 du caoutchouc permet \u00e0 votre enfant de cr\u00e9er des circuits et des infrastructures uniques. Le Circuit de routes en caoutchouc est id\u00e9al pour agrandir l&rsquo;exp\u00e9rience de jeu des circuits de voitures miniatures. Il est \u00e9galement compatible avec d&rsquo;autres syst\u00e8mes de transport de la s\u00e9rie PlanWorld, offrant ainsi des possibilit\u00e9s de jeu infinies. Contenu du coffret\u00a0: Ce circuit de route en caoutchouc compact &amp; Ce coffret de train comprend tout ce dont les petits constructeurs ont besoin\u00a0:<\/p>\n<\/div>\n<div><strong>Contenu de la livraison<\/strong><br \/>&#8211; 6 rails en caoutchouc double face<br \/>&#8211; 1 wagon<br \/>&#8211; 2 b\u00e2timents (compos\u00e9s de 4 pi\u00e8ces)<br \/>&#8211; 2 buissons<br \/>&#8211; Total\u00a0: 13 pi\u00e8ces<\/p>\n<\/div>\n<div><strong>D\u00e9tails du produit<\/strong><br \/>Voici les principales caract\u00e9ristiques de cet accessoire de train en bois\u00a0:<\/p>\n<\/div>\n<div><strong>Sp\u00e9cifications techniques<\/strong><br \/>&#8211; Mat\u00e9riau\u00a0: Bois d&rsquo;h\u00e9v\u00e9a<br \/>&#8211; Nombre de pi\u00e8ces\u00a0: 6 (rails)<br \/>&#8211; Dimensions (totales)\u00a0: 0,66\u00a0cm (H) x 51,4\u00a0cm (L) x 51,4\u00a0cm (P)<br \/>&#8211; Poids\u00a0: 30\u00a0grammes<br \/>&#8211; \u00c2ge recommand\u00e9\u00a0: 3\u00a0ans et plus<\/p>\n<\/div>\n<div>Offrez \u00e0 votre enfant ce jouet de haute qualit\u00e9 et durable, pour des heures de jeu et d&rsquo;amusement. tandis qu&rsquo;ils construisent leur propre monde.<\/p>\n","protected":false},"excerpt":{"rendered":"<p>Plantoys | Circuit de routes en caoutchouc &#8211; Petit mod\u00e8le D\u00e9couvrez le Circuit de routes en caoutchouc, la version miniature du c\u00e9l\u00e8bre syst\u00e8me de routes et de rails en caoutchouc. Ce jouet innovant offre aux enfants la possibilit\u00e9 de construire leurs propres r\u00e9seaux urbains flexibles, stimulant ainsi leur cr\u00e9ativit\u00e9 et leur perception spatiale. Durabilit\u00e9 et mat\u00e9riauxCe jouet pour enfants durable est fabriqu\u00e9 en Tha\u00eflande \u00e0 partir de bois d&rsquo;h\u00e9v\u00e9a sans produits chimiques. Plantoys s&rsquo;engage pour&hellip;<\/p>\n","protected":false},"featured_media":257212,"comment_status":"open","ping_status":"closed","template":"","meta":[],"product_brand":[],"product_cat":[38119],"product_tag":[],"class_list":{"0":"post-253448","1":"product","2":"type-product","3":"status-publish","4":"has-post-thumbnail","6":"product_cat-spielsets","7":"product_shipping_class-global_methods","9":"first","10":"instock","11":"taxable","12":"shipping-taxable","13":"purchasable","14":"product-type-simple"},"yoast_head":"<!-- This site is optimized with the Yoast SEO plugin v27.4 - https:\/\/yoast.com\/product\/yoast-seo-wordpress\/ -->\n<title>Plan Toys Gummi-Stra\u00dfen- &amp; Schienenset | Jetzt kaufen | Schweizversand.ch<\/title>\n<meta name=\"description\" content=\"Plan Toys Gummi-Stra\u00dfen- &amp; Schienenset g\u00fcnstig kaufen bei Schweizversand.ch. Schnelle Lieferung in der Schweiz. Gratisversand ab CHF 50.\" \/>\n<meta name=\"robots\" content=\"index, follow, max-snippet:-1, max-image-preview:large, max-video-preview:-1\" \/>\n<link rel=\"canonical\" href=\"https:\/\/schweizversand.ch\/fr\/produkt\/plan-toys-gummi-strassen-schienenset\/\" \/>\n<meta property=\"og:locale\" content=\"fr_FR\" \/>\n<meta property=\"og:type\" content=\"article\" \/>\n<meta property=\"og:title\" content=\"Plan Toys Gummi-Stra\u00dfen- &amp; Schienenset | Jetzt kaufen | Schweizversand.ch\" \/>\n<meta property=\"og:description\" content=\"Plan Toys Gummi-Stra\u00dfen- &amp; Schienenset g\u00fcnstig kaufen bei Schweizversand.ch. Schnelle Lieferung in der Schweiz. Gratisversand ab CHF 50.\" \/>\n<meta property=\"og:url\" content=\"https:\/\/schweizversand.ch\/fr\/produkt\/plan-toys-gummi-strassen-schienenset\/\" \/>\n<meta property=\"og:site_name\" content=\"Schweizer Shop f\u00fcr Sport, Spiel und Freizeit\" \/>\n<meta property=\"article:publisher\" content=\"https:\/\/www.facebook.com\/Schweizversand\" \/>\n<meta property=\"article:modified_time\" content=\"2026-04-19T13:34:23+00:00\" \/>\n<meta name=\"twitter:card\" content=\"summary_large_image\" \/>\n<meta name=\"twitter:label1\" content=\"Dur\u00e9e de lecture estim\u00e9e\" \/>\n\t<meta name=\"twitter:data1\" content=\"1 minute\" \/>\n<script type=\"application\/ld+json\" class=\"yoast-schema-graph\">{\"@context\":\"https:\\\/\\\/schema.org\",\"@graph\":[{\"@type\":\"WebPage\",\"@id\":\"https:\\\/\\\/schweizversand.ch\\\/fr\\\/produkt\\\/plan-toys-gummi-strassen-schienenset\\\/\",\"url\":\"https:\\\/\\\/schweizversand.ch\\\/fr\\\/produkt\\\/plan-toys-gummi-strassen-schienenset\\\/\",\"name\":\"Plan Toys Gummi-Stra\u00dfen- & Schienenset | Jetzt kaufen | Schweizversand.ch\",\"isPartOf\":{\"@id\":\"https:\\\/\\\/schweizversand.ch\\\/fr\\\/#website\"},\"primaryImageOfPage\":{\"@id\":\"https:\\\/\\\/schweizversand.ch\\\/fr\\\/produkt\\\/plan-toys-gummi-strassen-schienenset\\\/#primaryimage\"},\"image\":{\"@id\":\"https:\\\/\\\/schweizversand.ch\\\/fr\\\/produkt\\\/plan-toys-gummi-strassen-schienenset\\\/#primaryimage\"},\"thumbnailUrl\":\"https:\\\/\\\/schweizversand.ch\\\/wp-content\\\/uploads\\\/2026\\\/02\\\/5472082988.jpg\",\"datePublished\":\"2026-03-14T22:20:42+00:00\",\"dateModified\":\"2026-04-19T13:34:23+00:00\",\"description\":\"Plan Toys Gummi-Stra\u00dfen- & Schienenset g\u00fcnstig kaufen bei Schweizversand.ch. Schnelle Lieferung in der Schweiz. Gratisversand ab CHF 50.\",\"breadcrumb\":{\"@id\":\"https:\\\/\\\/schweizversand.ch\\\/fr\\\/produkt\\\/plan-toys-gummi-strassen-schienenset\\\/#breadcrumb\"},\"inLanguage\":\"fr-FR\",\"potentialAction\":[{\"@type\":\"ReadAction\",\"target\":[\"https:\\\/\\\/schweizversand.ch\\\/fr\\\/produkt\\\/plan-toys-gummi-strassen-schienenset\\\/\"]}]},{\"@type\":\"ImageObject\",\"inLanguage\":\"fr-FR\",\"@id\":\"https:\\\/\\\/schweizversand.ch\\\/fr\\\/produkt\\\/plan-toys-gummi-strassen-schienenset\\\/#primaryimage\",\"url\":\"https:\\\/\\\/schweizversand.ch\\\/wp-content\\\/uploads\\\/2026\\\/02\\\/5472082988.jpg\",\"contentUrl\":\"https:\\\/\\\/schweizversand.ch\\\/wp-content\\\/uploads\\\/2026\\\/02\\\/5472082988.jpg\",\"width\":1024,\"height\":658},{\"@type\":\"BreadcrumbList\",\"@id\":\"https:\\\/\\\/schweizversand.ch\\\/fr\\\/produkt\\\/plan-toys-gummi-strassen-schienenset\\\/#breadcrumb\",\"itemListElement\":[{\"@type\":\"ListItem\",\"position\":1,\"name\":\"Startseite\",\"item\":\"https:\\\/\\\/schweizversand.ch\\\/fr\\\/home\\\/\"},{\"@type\":\"ListItem\",\"position\":2,\"name\":\"Boutique\",\"item\":\"https:\\\/\\\/schweizversand.ch\\\/fr\\\/boutique\\\/\"},{\"@type\":\"ListItem\",\"position\":3,\"name\":\"B\u00e9b\u00e9 et parents\",\"item\":\"https:\\\/\\\/schweizversand.ch\\\/fr\\\/produkt-kategorie\\\/bebe-et-parents\\\/\"},{\"@type\":\"ListItem\",\"position\":4,\"name\":\"Jouets pour b\u00e9b\u00e9s\",\"item\":\"https:\\\/\\\/schweizversand.ch\\\/fr\\\/produkt-kategorie\\\/bebe-et-parents\\\/jouets-pour-bebes\\\/\"},{\"@type\":\"ListItem\",\"position\":5,\"name\":\"Coffrets de jeu\",\"item\":\"https:\\\/\\\/schweizversand.ch\\\/fr\\\/produkt-kategorie\\\/bebe-et-parents\\\/jouets-pour-bebes\\\/spielsets\\\/\"},{\"@type\":\"ListItem\",\"position\":6,\"name\":\"Ensemble de route et de rails en caoutchouc Plan Toys\"}]},{\"@type\":\"WebSite\",\"@id\":\"https:\\\/\\\/schweizversand.ch\\\/fr\\\/#website\",\"url\":\"https:\\\/\\\/schweizversand.ch\\\/fr\\\/\",\"name\":\"Schweizer Shop f\u00fcr Sport, Spiel und Freizeit\",\"description\":\"Gratisversand ab 50.- (netto), ab eigenem schweizer Lager, Lieferung innert 48h\",\"publisher\":{\"@id\":\"https:\\\/\\\/schweizversand.ch\\\/fr\\\/#organization\"},\"alternateName\":\"Schweizversand.ch\",\"potentialAction\":[{\"@type\":\"SearchAction\",\"target\":{\"@type\":\"EntryPoint\",\"urlTemplate\":\"https:\\\/\\\/schweizversand.ch\\\/fr\\\/?s={search_term_string}\"},\"query-input\":{\"@type\":\"PropertyValueSpecification\",\"valueRequired\":true,\"valueName\":\"search_term_string\"}}],\"inLanguage\":\"fr-FR\"},{\"@type\":\"Organization\",\"@id\":\"https:\\\/\\\/schweizversand.ch\\\/fr\\\/#organization\",\"name\":\"Schweizversand.ch\",\"url\":\"https:\\\/\\\/schweizversand.ch\\\/fr\\\/\",\"logo\":{\"@type\":\"ImageObject\",\"inLanguage\":\"fr-FR\",\"@id\":\"https:\\\/\\\/schweizversand.ch\\\/fr\\\/#\\\/schema\\\/logo\\\/image\\\/\",\"url\":\"https:\\\/\\\/schweizversand.ch\\\/wp-content\\\/uploads\\\/2026\\\/03\\\/Logo_Rund_Final-1.png\",\"contentUrl\":\"https:\\\/\\\/schweizversand.ch\\\/wp-content\\\/uploads\\\/2026\\\/03\\\/Logo_Rund_Final-1.png\",\"width\":404,\"height\":404,\"caption\":\"Schweizversand.ch\"},\"image\":{\"@id\":\"https:\\\/\\\/schweizversand.ch\\\/fr\\\/#\\\/schema\\\/logo\\\/image\\\/\"},\"sameAs\":[\"https:\\\/\\\/www.facebook.com\\\/Schweizversand\",\"https:\\\/\\\/www.instagram.com\\\/schweizversand.ch\\\/\"]}]}<\/script>\n<!-- \/ Yoast SEO plugin. -->","yoast_head_json":{"title":"Plan Toys Gummi-Stra\u00dfen- & Schienenset | Jetzt kaufen | Schweizversand.ch","description":"Plan Toys Gummi-Stra\u00dfen- & Schienenset g\u00fcnstig kaufen bei Schweizversand.ch. Schnelle Lieferung in der Schweiz. Gratisversand ab CHF 50.","robots":{"index":"index","follow":"follow","max-snippet":"max-snippet:-1","max-image-preview":"max-image-preview:large","max-video-preview":"max-video-preview:-1"},"canonical":"https:\/\/schweizversand.ch\/fr\/produkt\/plan-toys-gummi-strassen-schienenset\/","og_locale":"fr_FR","og_type":"article","og_title":"Plan Toys Gummi-Stra\u00dfen- & Schienenset | Jetzt kaufen | Schweizversand.ch","og_description":"Plan Toys Gummi-Stra\u00dfen- & Schienenset g\u00fcnstig kaufen bei Schweizversand.ch. Schnelle Lieferung in der Schweiz. Gratisversand ab CHF 50.","og_url":"https:\/\/schweizversand.ch\/fr\/produkt\/plan-toys-gummi-strassen-schienenset\/","og_site_name":"Schweizer Shop f\u00fcr Sport, Spiel und Freizeit","article_publisher":"https:\/\/www.facebook.com\/Schweizversand","article_modified_time":"2026-04-19T13:34:23+00:00","twitter_card":"summary_large_image","twitter_misc":{"Dur\u00e9e de lecture estim\u00e9e":"1 minute"},"schema":{"@context":"https:\/\/schema.org","@graph":[{"@type":"WebPage","@id":"https:\/\/schweizversand.ch\/fr\/produkt\/plan-toys-gummi-strassen-schienenset\/","url":"https:\/\/schweizversand.ch\/fr\/produkt\/plan-toys-gummi-strassen-schienenset\/","name":"Plan Toys Gummi-Stra\u00dfen- & Schienenset | Jetzt kaufen | Schweizversand.ch","isPartOf":{"@id":"https:\/\/schweizversand.ch\/fr\/#website"},"primaryImageOfPage":{"@id":"https:\/\/schweizversand.ch\/fr\/produkt\/plan-toys-gummi-strassen-schienenset\/#primaryimage"},"image":{"@id":"https:\/\/schweizversand.ch\/fr\/produkt\/plan-toys-gummi-strassen-schienenset\/#primaryimage"},"thumbnailUrl":"https:\/\/schweizversand.ch\/wp-content\/uploads\/2026\/02\/5472082988.jpg","datePublished":"2026-03-14T22:20:42+00:00","dateModified":"2026-04-19T13:34:23+00:00","description":"Plan Toys Gummi-Stra\u00dfen- & Schienenset g\u00fcnstig kaufen bei Schweizversand.ch. Schnelle Lieferung in der Schweiz. Gratisversand ab CHF 50.","breadcrumb":{"@id":"https:\/\/schweizversand.ch\/fr\/produkt\/plan-toys-gummi-strassen-schienenset\/#breadcrumb"},"inLanguage":"fr-FR","potentialAction":[{"@type":"ReadAction","target":["https:\/\/schweizversand.ch\/fr\/produkt\/plan-toys-gummi-strassen-schienenset\/"]}]},{"@type":"ImageObject","inLanguage":"fr-FR","@id":"https:\/\/schweizversand.ch\/fr\/produkt\/plan-toys-gummi-strassen-schienenset\/#primaryimage","url":"https:\/\/schweizversand.ch\/wp-content\/uploads\/2026\/02\/5472082988.jpg","contentUrl":"https:\/\/schweizversand.ch\/wp-content\/uploads\/2026\/02\/5472082988.jpg","width":1024,"height":658},{"@type":"BreadcrumbList","@id":"https:\/\/schweizversand.ch\/fr\/produkt\/plan-toys-gummi-strassen-schienenset\/#breadcrumb","itemListElement":[{"@type":"ListItem","position":1,"name":"Startseite","item":"https:\/\/schweizversand.ch\/fr\/home\/"},{"@type":"ListItem","position":2,"name":"Boutique","item":"https:\/\/schweizversand.ch\/fr\/boutique\/"},{"@type":"ListItem","position":3,"name":"B\u00e9b\u00e9 et parents","item":"https:\/\/schweizversand.ch\/fr\/produkt-kategorie\/bebe-et-parents\/"},{"@type":"ListItem","position":4,"name":"Jouets pour b\u00e9b\u00e9s","item":"https:\/\/schweizversand.ch\/fr\/produkt-kategorie\/bebe-et-parents\/jouets-pour-bebes\/"},{"@type":"ListItem","position":5,"name":"Coffrets de jeu","item":"https:\/\/schweizversand.ch\/fr\/produkt-kategorie\/bebe-et-parents\/jouets-pour-bebes\/spielsets\/"},{"@type":"ListItem","position":6,"name":"Ensemble de route et de rails en caoutchouc Plan Toys"}]},{"@type":"WebSite","@id":"https:\/\/schweizversand.ch\/fr\/#website","url":"https:\/\/schweizversand.ch\/fr\/","name":"Schweizer Shop f\u00fcr Sport, Spiel und Freizeit","description":"Gratisversand ab 50.- (netto), ab eigenem schweizer Lager, Lieferung innert 48h","publisher":{"@id":"https:\/\/schweizversand.ch\/fr\/#organization"},"alternateName":"Schweizversand.ch","potentialAction":[{"@type":"SearchAction","target":{"@type":"EntryPoint","urlTemplate":"https:\/\/schweizversand.ch\/fr\/?s={search_term_string}"},"query-input":{"@type":"PropertyValueSpecification","valueRequired":true,"valueName":"search_term_string"}}],"inLanguage":"fr-FR"},{"@type":"Organization","@id":"https:\/\/schweizversand.ch\/fr\/#organization","name":"Schweizversand.ch","url":"https:\/\/schweizversand.ch\/fr\/","logo":{"@type":"ImageObject","inLanguage":"fr-FR","@id":"https:\/\/schweizversand.ch\/fr\/#\/schema\/logo\/image\/","url":"https:\/\/schweizversand.ch\/wp-content\/uploads\/2026\/03\/Logo_Rund_Final-1.png","contentUrl":"https:\/\/schweizversand.ch\/wp-content\/uploads\/2026\/03\/Logo_Rund_Final-1.png","width":404,"height":404,"caption":"Schweizversand.ch"},"image":{"@id":"https:\/\/schweizversand.ch\/fr\/#\/schema\/logo\/image\/"},"sameAs":["https:\/\/www.facebook.com\/Schweizversand","https:\/\/www.instagram.com\/schweizversand.ch\/"]}]}},"jetpack_sharing_enabled":true,"_links":{"self":[{"href":"https:\/\/schweizversand.ch\/fr\/wp-json\/wp\/v2\/product\/253448","targetHints":{"allow":["GET"]}}],"collection":[{"href":"https:\/\/schweizversand.ch\/fr\/wp-json\/wp\/v2\/product"}],"about":[{"href":"https:\/\/schweizversand.ch\/fr\/wp-json\/wp\/v2\/types\/product"}],"replies":[{"embeddable":true,"href":"https:\/\/schweizversand.ch\/fr\/wp-json\/wp\/v2\/comments?post=253448"}],"wp:featuredmedia":[{"embeddable":true,"href":"https:\/\/schweizversand.ch\/fr\/wp-json\/wp\/v2\/media\/257212"}],"wp:attachment":[{"href":"https:\/\/schweizversand.ch\/fr\/wp-json\/wp\/v2\/media?parent=253448"}],"wp:term":[{"taxonomy":"product_brand","embeddable":true,"href":"https:\/\/schweizversand.ch\/fr\/wp-json\/wp\/v2\/product_brand?post=253448"},{"taxonomy":"product_cat","embeddable":true,"href":"https:\/\/schweizversand.ch\/fr\/wp-json\/wp\/v2\/product_cat?post=253448"},{"taxonomy":"product_tag","embeddable":true,"href":"https:\/\/schweizversand.ch\/fr\/wp-json\/wp\/v2\/product_tag?post=253448"}],"curies":[{"name":"wp","href":"https:\/\/api.w.org\/{rel}","templated":true}]}}