{"id":253454,"date":"2026-03-14T23:20:50","date_gmt":"2026-03-14T22:20:50","guid":{"rendered":"https:\/\/schweizversand.ch\/produkt\/jumbo-kartenspiel-stratego-card-clash\/"},"modified":"2026-04-19T02:02:56","modified_gmt":"2026-04-19T00:02:56","slug":"jumbo-kartenspiel-stratego-card-clash","status":"publish","type":"product","link":"https:\/\/schweizversand.ch\/fr\/produkt\/jumbo-kartenspiel-stratego-card-clash\/","title":{"rendered":"Jeu de cartes g\u00e9ant Stratego Card Clash"},"content":{"rendered":"<h1><strong>Stratego Card Clash<\/strong><\/h1>\n<div>\u00cates-vous pr\u00eat \u00e0 mettre vos comp\u00e9tences tactiques \u00e0 l&rsquo;\u00e9preuve\u00a0? <strong>Stratego Card Clash<\/strong> est la version compacte, rapide et palpitante du jeu de strat\u00e9gie classique, que vous pouvez emporter partout. D\u00e9fiez vos adversaires et d\u00e9couvrez un jeu de cartes dynamique o\u00f9 chaque coup compte.<\/p>\n<\/div>\n<div><strong>Une nouvelle dimension pour les jeux de strat\u00e9gie<\/strong><br \/>Stratego Card Clash transpose les \u00e9l\u00e9ments \u00e9prouv\u00e9s du jeu original dans un format dynamique. V\u00e9ritable jeu de strat\u00e9gie, il vous faudra jouer vos cartes astucieusement, anticiper les intentions de vos adversaires et trouver le moment id\u00e9al pour utiliser vos cartes sp\u00e9ciales. Ce jeu est parfait pour tous ceux qui recherchent un d\u00e9fi \u00e0 la fois rapide et exigeant.<\/p>\n<\/div>\n<div><strong>Objectif et tactiques<\/strong><br \/>L&rsquo;objectif est clair\u00a0: \u00eatre le premier \u00e0 former une grille 2&#215;2 de quatre cartes de votre couleur pour remporter la victoire. Cela exige non seulement de la chance, mais surtout des d\u00e9cisions tactiques pr\u00e9cises. Quand d\u00e9ployer votre Mar\u00e9chal\u00a0? Quand bloquer votre adversaire avec une bombe\u00a0? La variante Stratego Card Clash vous tient en haleine et encourage la r\u00e9flexion strat\u00e9gique.<\/p>\n<\/div>\n<div><strong>Caract\u00e9ristiques principales<\/strong><br \/>&#8211; Des parties rapides et intenses, id\u00e9ales pour des sessions courtes<br \/>&#8211; Conserve les m\u00e9canismes de base de Stratego, notamment les classements et les cartes sp\u00e9ciales<br \/>&#8211; Grande rejouabilit\u00e9 gr\u00e2ce \u00e0 d&rsquo;innombrables combinaisons tactiques<br \/>&#8211; Format compact, parfait pour les voyages et les d\u00e9placements<br \/>&#8211; Un jeu familial id\u00e9al qui rassemble les g\u00e9n\u00e9rations<\/p>\n<\/div>\n<div><strong>\u00c0 qui s&rsquo;adresse Stratego Card Clash\u00a0?<\/strong><br \/>Ce jeu de cartes est id\u00e9al pour tous les fans de Stratego classique \u00e0 la recherche d&rsquo;une alternative plus rapide, ainsi que pour les amateurs de duels strat\u00e9giques. Facile \u00e0 apprendre, difficile \u00e0 ma\u00eetriser\u00a0: un excellent jeu familial pour les joueurs de 8\u00a0ans et plus. Prouvez que vous \u00eates le strat\u00e8ge le plus astucieux\u00a0!<\/p>\n<\/div>\n<div><strong>D\u00e9tails du produit<\/strong><br \/>&#8211; Nombre de joueurs\u00a0: 2 \u00e0 4\u00a0joueurs<br \/>&#8211; \u00c2ge recommand\u00e9\u00a0: 8\u00a0ans et plus<br \/>&#8211; Dur\u00e9e d\u2019une partie\u00a0: Environ 15\u00a0minutes<br \/>&#8211; Contenu\u00a0: 52\u00a0cartes \u00e0 jouer et les r\u00e8gles du jeu<\/p>\n<\/div>\n<div>Procurez-vous d\u00e8s maintenant votre exemplaire de Stratego Card Clash et d\u00e9couvrez un jeu de strat\u00e9gie aussi passionnant que compact. Ma\u00eetrisez cette variante de Stratego et menez votre arm\u00e9e \u00e0 la victoire\u00a0!<\/p>\n<\/div>\n<div><\/div>\n","protected":false},"excerpt":{"rendered":"<p>Stratego Card Clash \u00cates-vous pr\u00eat \u00e0 mettre vos comp\u00e9tences tactiques \u00e0 l&rsquo;\u00e9preuve\u00a0? Stratego Card Clash est la version compacte, rapide et palpitante du jeu de strat\u00e9gie classique, que vous pouvez emporter partout. D\u00e9fiez vos adversaires et d\u00e9couvrez un jeu de cartes dynamique o\u00f9 chaque coup compte. Une nouvelle dimension pour les jeux de strat\u00e9gieStratego Card Clash transpose les \u00e9l\u00e9ments \u00e9prouv\u00e9s du jeu original dans un format dynamique. V\u00e9ritable jeu de strat\u00e9gie, il vous faudra jouer&hellip;<\/p>\n","protected":false},"featured_media":156823,"comment_status":"open","ping_status":"closed","template":"","meta":[],"product_brand":[],"product_cat":[38118],"product_tag":[],"class_list":{"0":"post-253454","1":"product","2":"type-product","3":"status-publish","4":"has-post-thumbnail","6":"product_cat-lernspiel","7":"product_shipping_class-global_methods","9":"first","10":"instock","11":"taxable","12":"shipping-taxable","13":"purchasable","14":"product-type-simple"},"yoast_head":"<!-- This site is optimized with the Yoast SEO plugin v27.4 - https:\/\/yoast.com\/product\/yoast-seo-wordpress\/ -->\n<title>Jumbo Kartenspiel Stratego Card Clash | Jetzt kaufen | Schweizversand.ch<\/title>\n<meta name=\"description\" content=\"Jumbo Kartenspiel Stratego Card Clash g\u00fcnstig kaufen bei Schweizversand.ch. Schnelle Lieferung in der Schweiz. Gratisversand ab CHF 50.\" \/>\n<meta name=\"robots\" content=\"index, follow, max-snippet:-1, max-image-preview:large, max-video-preview:-1\" \/>\n<link rel=\"canonical\" href=\"https:\/\/schweizversand.ch\/fr\/produkt\/jumbo-kartenspiel-stratego-card-clash\/\" \/>\n<meta property=\"og:locale\" content=\"fr_FR\" \/>\n<meta property=\"og:type\" content=\"article\" \/>\n<meta property=\"og:title\" content=\"Jumbo Kartenspiel Stratego Card Clash | Jetzt kaufen | Schweizversand.ch\" \/>\n<meta property=\"og:description\" content=\"Jumbo Kartenspiel Stratego Card Clash g\u00fcnstig kaufen bei Schweizversand.ch. Schnelle Lieferung in der Schweiz. Gratisversand ab CHF 50.\" \/>\n<meta property=\"og:url\" content=\"https:\/\/schweizversand.ch\/fr\/produkt\/jumbo-kartenspiel-stratego-card-clash\/\" \/>\n<meta property=\"og:site_name\" content=\"Schweizer Shop f\u00fcr Sport, Spiel und Freizeit\" \/>\n<meta property=\"article:publisher\" content=\"https:\/\/www.facebook.com\/Schweizversand\" \/>\n<meta property=\"article:modified_time\" content=\"2026-04-19T00:02:56+00:00\" \/>\n<meta property=\"og:image\" content=\"https:\/\/schweizversand.ch\/wp-content\/uploads\/2026\/02\/5472127747.png\" \/>\n\t<meta property=\"og:image:width\" content=\"710\" \/>\n\t<meta property=\"og:image:height\" content=\"1024\" \/>\n\t<meta property=\"og:image:type\" content=\"image\/png\" \/>\n<meta name=\"twitter:card\" content=\"summary_large_image\" \/>\n<meta name=\"twitter:label1\" content=\"Dur\u00e9e de lecture estim\u00e9e\" \/>\n\t<meta name=\"twitter:data1\" content=\"2 minutes\" \/>\n<script type=\"application\/ld+json\" class=\"yoast-schema-graph\">{\"@context\":\"https:\\\/\\\/schema.org\",\"@graph\":[{\"@type\":\"WebPage\",\"@id\":\"https:\\\/\\\/schweizversand.ch\\\/fr\\\/produkt\\\/jumbo-kartenspiel-stratego-card-clash\\\/\",\"url\":\"https:\\\/\\\/schweizversand.ch\\\/fr\\\/produkt\\\/jumbo-kartenspiel-stratego-card-clash\\\/\",\"name\":\"Jumbo Kartenspiel Stratego Card Clash | Jetzt kaufen | Schweizversand.ch\",\"isPartOf\":{\"@id\":\"https:\\\/\\\/schweizversand.ch\\\/fr\\\/#website\"},\"primaryImageOfPage\":{\"@id\":\"https:\\\/\\\/schweizversand.ch\\\/fr\\\/produkt\\\/jumbo-kartenspiel-stratego-card-clash\\\/#primaryimage\"},\"image\":{\"@id\":\"https:\\\/\\\/schweizversand.ch\\\/fr\\\/produkt\\\/jumbo-kartenspiel-stratego-card-clash\\\/#primaryimage\"},\"thumbnailUrl\":\"https:\\\/\\\/schweizversand.ch\\\/wp-content\\\/uploads\\\/2026\\\/02\\\/5472127747.png\",\"datePublished\":\"2026-03-14T22:20:50+00:00\",\"dateModified\":\"2026-04-19T00:02:56+00:00\",\"description\":\"Jumbo Kartenspiel Stratego Card Clash g\u00fcnstig kaufen bei Schweizversand.ch. Schnelle Lieferung in der Schweiz. Gratisversand ab CHF 50.\",\"breadcrumb\":{\"@id\":\"https:\\\/\\\/schweizversand.ch\\\/fr\\\/produkt\\\/jumbo-kartenspiel-stratego-card-clash\\\/#breadcrumb\"},\"inLanguage\":\"fr-FR\",\"potentialAction\":[{\"@type\":\"ReadAction\",\"target\":[\"https:\\\/\\\/schweizversand.ch\\\/fr\\\/produkt\\\/jumbo-kartenspiel-stratego-card-clash\\\/\"]}]},{\"@type\":\"ImageObject\",\"inLanguage\":\"fr-FR\",\"@id\":\"https:\\\/\\\/schweizversand.ch\\\/fr\\\/produkt\\\/jumbo-kartenspiel-stratego-card-clash\\\/#primaryimage\",\"url\":\"https:\\\/\\\/schweizversand.ch\\\/wp-content\\\/uploads\\\/2026\\\/02\\\/5472127747.png\",\"contentUrl\":\"https:\\\/\\\/schweizversand.ch\\\/wp-content\\\/uploads\\\/2026\\\/02\\\/5472127747.png\",\"width\":710,\"height\":1024},{\"@type\":\"BreadcrumbList\",\"@id\":\"https:\\\/\\\/schweizversand.ch\\\/fr\\\/produkt\\\/jumbo-kartenspiel-stratego-card-clash\\\/#breadcrumb\",\"itemListElement\":[{\"@type\":\"ListItem\",\"position\":1,\"name\":\"Startseite\",\"item\":\"https:\\\/\\\/schweizversand.ch\\\/fr\\\/home\\\/\"},{\"@type\":\"ListItem\",\"position\":2,\"name\":\"Boutique\",\"item\":\"https:\\\/\\\/schweizversand.ch\\\/fr\\\/boutique\\\/\"},{\"@type\":\"ListItem\",\"position\":3,\"name\":\"Jouets et jeux\",\"item\":\"https:\\\/\\\/schweizversand.ch\\\/fr\\\/produkt-kategorie\\\/jouets-et-jeux\\\/\"},{\"@type\":\"ListItem\",\"position\":4,\"name\":\"Jeux et puzzles\",\"item\":\"https:\\\/\\\/schweizversand.ch\\\/fr\\\/produkt-kategorie\\\/jouets-et-jeux\\\/jeux-et-puzzles\\\/\"},{\"@type\":\"ListItem\",\"position\":5,\"name\":\"Jeux \u00e9ducatifs\",\"item\":\"https:\\\/\\\/schweizversand.ch\\\/fr\\\/produkt-kategorie\\\/lernspiel\\\/\"},{\"@type\":\"ListItem\",\"position\":6,\"name\":\"Jeu de cartes g\u00e9ant Stratego Card Clash\"}]},{\"@type\":\"WebSite\",\"@id\":\"https:\\\/\\\/schweizversand.ch\\\/fr\\\/#website\",\"url\":\"https:\\\/\\\/schweizversand.ch\\\/fr\\\/\",\"name\":\"Schweizer Shop f\u00fcr Sport, Spiel und Freizeit\",\"description\":\"Gratisversand ab 50.- (netto), ab eigenem schweizer Lager, Lieferung innert 48h\",\"publisher\":{\"@id\":\"https:\\\/\\\/schweizversand.ch\\\/fr\\\/#organization\"},\"alternateName\":\"Schweizversand.ch\",\"potentialAction\":[{\"@type\":\"SearchAction\",\"target\":{\"@type\":\"EntryPoint\",\"urlTemplate\":\"https:\\\/\\\/schweizversand.ch\\\/fr\\\/?s={search_term_string}\"},\"query-input\":{\"@type\":\"PropertyValueSpecification\",\"valueRequired\":true,\"valueName\":\"search_term_string\"}}],\"inLanguage\":\"fr-FR\"},{\"@type\":\"Organization\",\"@id\":\"https:\\\/\\\/schweizversand.ch\\\/fr\\\/#organization\",\"name\":\"Schweizversand.ch\",\"url\":\"https:\\\/\\\/schweizversand.ch\\\/fr\\\/\",\"logo\":{\"@type\":\"ImageObject\",\"inLanguage\":\"fr-FR\",\"@id\":\"https:\\\/\\\/schweizversand.ch\\\/fr\\\/#\\\/schema\\\/logo\\\/image\\\/\",\"url\":\"https:\\\/\\\/schweizversand.ch\\\/wp-content\\\/uploads\\\/2026\\\/03\\\/Logo_Rund_Final-1.png\",\"contentUrl\":\"https:\\\/\\\/schweizversand.ch\\\/wp-content\\\/uploads\\\/2026\\\/03\\\/Logo_Rund_Final-1.png\",\"width\":404,\"height\":404,\"caption\":\"Schweizversand.ch\"},\"image\":{\"@id\":\"https:\\\/\\\/schweizversand.ch\\\/fr\\\/#\\\/schema\\\/logo\\\/image\\\/\"},\"sameAs\":[\"https:\\\/\\\/www.facebook.com\\\/Schweizversand\",\"https:\\\/\\\/www.instagram.com\\\/schweizversand.ch\\\/\"]}]}<\/script>\n<!-- \/ Yoast SEO plugin. -->","yoast_head_json":{"title":"Jumbo Kartenspiel Stratego Card Clash | Jetzt kaufen | Schweizversand.ch","description":"Jumbo Kartenspiel Stratego Card Clash g\u00fcnstig kaufen bei Schweizversand.ch. Schnelle Lieferung in der Schweiz. Gratisversand ab CHF 50.","robots":{"index":"index","follow":"follow","max-snippet":"max-snippet:-1","max-image-preview":"max-image-preview:large","max-video-preview":"max-video-preview:-1"},"canonical":"https:\/\/schweizversand.ch\/fr\/produkt\/jumbo-kartenspiel-stratego-card-clash\/","og_locale":"fr_FR","og_type":"article","og_title":"Jumbo Kartenspiel Stratego Card Clash | Jetzt kaufen | Schweizversand.ch","og_description":"Jumbo Kartenspiel Stratego Card Clash g\u00fcnstig kaufen bei Schweizversand.ch. Schnelle Lieferung in der Schweiz. Gratisversand ab CHF 50.","og_url":"https:\/\/schweizversand.ch\/fr\/produkt\/jumbo-kartenspiel-stratego-card-clash\/","og_site_name":"Schweizer Shop f\u00fcr Sport, Spiel und Freizeit","article_publisher":"https:\/\/www.facebook.com\/Schweizversand","article_modified_time":"2026-04-19T00:02:56+00:00","og_image":[{"width":710,"height":1024,"url":"https:\/\/schweizversand.ch\/wp-content\/uploads\/2026\/02\/5472127747.png","type":"image\/png"}],"twitter_card":"summary_large_image","twitter_misc":{"Dur\u00e9e de lecture estim\u00e9e":"2 minutes"},"schema":{"@context":"https:\/\/schema.org","@graph":[{"@type":"WebPage","@id":"https:\/\/schweizversand.ch\/fr\/produkt\/jumbo-kartenspiel-stratego-card-clash\/","url":"https:\/\/schweizversand.ch\/fr\/produkt\/jumbo-kartenspiel-stratego-card-clash\/","name":"Jumbo Kartenspiel Stratego Card Clash | Jetzt kaufen | Schweizversand.ch","isPartOf":{"@id":"https:\/\/schweizversand.ch\/fr\/#website"},"primaryImageOfPage":{"@id":"https:\/\/schweizversand.ch\/fr\/produkt\/jumbo-kartenspiel-stratego-card-clash\/#primaryimage"},"image":{"@id":"https:\/\/schweizversand.ch\/fr\/produkt\/jumbo-kartenspiel-stratego-card-clash\/#primaryimage"},"thumbnailUrl":"https:\/\/schweizversand.ch\/wp-content\/uploads\/2026\/02\/5472127747.png","datePublished":"2026-03-14T22:20:50+00:00","dateModified":"2026-04-19T00:02:56+00:00","description":"Jumbo Kartenspiel Stratego Card Clash g\u00fcnstig kaufen bei Schweizversand.ch. Schnelle Lieferung in der Schweiz. Gratisversand ab CHF 50.","breadcrumb":{"@id":"https:\/\/schweizversand.ch\/fr\/produkt\/jumbo-kartenspiel-stratego-card-clash\/#breadcrumb"},"inLanguage":"fr-FR","potentialAction":[{"@type":"ReadAction","target":["https:\/\/schweizversand.ch\/fr\/produkt\/jumbo-kartenspiel-stratego-card-clash\/"]}]},{"@type":"ImageObject","inLanguage":"fr-FR","@id":"https:\/\/schweizversand.ch\/fr\/produkt\/jumbo-kartenspiel-stratego-card-clash\/#primaryimage","url":"https:\/\/schweizversand.ch\/wp-content\/uploads\/2026\/02\/5472127747.png","contentUrl":"https:\/\/schweizversand.ch\/wp-content\/uploads\/2026\/02\/5472127747.png","width":710,"height":1024},{"@type":"BreadcrumbList","@id":"https:\/\/schweizversand.ch\/fr\/produkt\/jumbo-kartenspiel-stratego-card-clash\/#breadcrumb","itemListElement":[{"@type":"ListItem","position":1,"name":"Startseite","item":"https:\/\/schweizversand.ch\/fr\/home\/"},{"@type":"ListItem","position":2,"name":"Boutique","item":"https:\/\/schweizversand.ch\/fr\/boutique\/"},{"@type":"ListItem","position":3,"name":"Jouets et jeux","item":"https:\/\/schweizversand.ch\/fr\/produkt-kategorie\/jouets-et-jeux\/"},{"@type":"ListItem","position":4,"name":"Jeux et puzzles","item":"https:\/\/schweizversand.ch\/fr\/produkt-kategorie\/jouets-et-jeux\/jeux-et-puzzles\/"},{"@type":"ListItem","position":5,"name":"Jeux \u00e9ducatifs","item":"https:\/\/schweizversand.ch\/fr\/produkt-kategorie\/lernspiel\/"},{"@type":"ListItem","position":6,"name":"Jeu de cartes g\u00e9ant Stratego Card Clash"}]},{"@type":"WebSite","@id":"https:\/\/schweizversand.ch\/fr\/#website","url":"https:\/\/schweizversand.ch\/fr\/","name":"Schweizer Shop f\u00fcr Sport, Spiel und Freizeit","description":"Gratisversand ab 50.- (netto), ab eigenem schweizer Lager, Lieferung innert 48h","publisher":{"@id":"https:\/\/schweizversand.ch\/fr\/#organization"},"alternateName":"Schweizversand.ch","potentialAction":[{"@type":"SearchAction","target":{"@type":"EntryPoint","urlTemplate":"https:\/\/schweizversand.ch\/fr\/?s={search_term_string}"},"query-input":{"@type":"PropertyValueSpecification","valueRequired":true,"valueName":"search_term_string"}}],"inLanguage":"fr-FR"},{"@type":"Organization","@id":"https:\/\/schweizversand.ch\/fr\/#organization","name":"Schweizversand.ch","url":"https:\/\/schweizversand.ch\/fr\/","logo":{"@type":"ImageObject","inLanguage":"fr-FR","@id":"https:\/\/schweizversand.ch\/fr\/#\/schema\/logo\/image\/","url":"https:\/\/schweizversand.ch\/wp-content\/uploads\/2026\/03\/Logo_Rund_Final-1.png","contentUrl":"https:\/\/schweizversand.ch\/wp-content\/uploads\/2026\/03\/Logo_Rund_Final-1.png","width":404,"height":404,"caption":"Schweizversand.ch"},"image":{"@id":"https:\/\/schweizversand.ch\/fr\/#\/schema\/logo\/image\/"},"sameAs":["https:\/\/www.facebook.com\/Schweizversand","https:\/\/www.instagram.com\/schweizversand.ch\/"]}]}},"jetpack_sharing_enabled":true,"_links":{"self":[{"href":"https:\/\/schweizversand.ch\/fr\/wp-json\/wp\/v2\/product\/253454","targetHints":{"allow":["GET"]}}],"collection":[{"href":"https:\/\/schweizversand.ch\/fr\/wp-json\/wp\/v2\/product"}],"about":[{"href":"https:\/\/schweizversand.ch\/fr\/wp-json\/wp\/v2\/types\/product"}],"replies":[{"embeddable":true,"href":"https:\/\/schweizversand.ch\/fr\/wp-json\/wp\/v2\/comments?post=253454"}],"wp:featuredmedia":[{"embeddable":true,"href":"https:\/\/schweizversand.ch\/fr\/wp-json\/wp\/v2\/media\/156823"}],"wp:attachment":[{"href":"https:\/\/schweizversand.ch\/fr\/wp-json\/wp\/v2\/media?parent=253454"}],"wp:term":[{"taxonomy":"product_brand","embeddable":true,"href":"https:\/\/schweizversand.ch\/fr\/wp-json\/wp\/v2\/product_brand?post=253454"},{"taxonomy":"product_cat","embeddable":true,"href":"https:\/\/schweizversand.ch\/fr\/wp-json\/wp\/v2\/product_cat?post=253454"},{"taxonomy":"product_tag","embeddable":true,"href":"https:\/\/schweizversand.ch\/fr\/wp-json\/wp\/v2\/product_tag?post=253454"}],"curies":[{"name":"wp","href":"https:\/\/api.w.org\/{rel}","templated":true}]}}