{"id":253494,"date":"2026-03-15T00:05:58","date_gmt":"2026-03-14T23:05:58","guid":{"rendered":"https:\/\/schweizversand.ch\/produkt\/dunlop-kuehltasche-fuer-fahrradgepaecktraeger\/"},"modified":"2026-04-19T15:34:37","modified_gmt":"2026-04-19T13:34:37","slug":"dunlop-kuehltasche-fuer-fahrradgepaecktraeger","status":"publish","type":"product","link":"https:\/\/schweizversand.ch\/fr\/produkt\/dunlop-kuehltasche-fuer-fahrradgepaecktraeger\/","title":{"rendered":"Sac isotherme Dunlop pour porte-v\u00e9los"},"content":{"rendered":"<p>La sacoche Dunlop est le compagnon id\u00e9al de vos randonn\u00e9es \u00e0 v\u00e9lo. Gr\u00e2ce \u00e0 ses fonctionnalit\u00e9s pratiques et \u00e0 sa conception spacieuse, elle offre de nombreuses options pour conserver vos aliments et boissons \u00e0 la temp\u00e9rature souhait\u00e9e lors de vos d\u00e9placements.<\/p>\n<p>Voici les principales caract\u00e9ristiques de cette glaci\u00e8re\u00a0:<\/p>\n<p>Couche int\u00e9rieure isolante\u00a0:<\/p>\n<p>\u2022 La sacoche est dot\u00e9e d&rsquo;une couche int\u00e9rieure isolante qui maintient vos aliments et boissons au frais ou au chaud. Vous pouvez ainsi les d\u00e9guster frais, quelle que soit la temp\u00e9rature ext\u00e9rieure.<\/p>\n<p>Fixation facile sur le porte-bagages\u00a0:<\/p>\n<p>\u2022 Gr\u00e2ce aux deux sangles Velcro situ\u00e9es sous la sacoche, la glaci\u00e8re se fixe facilement et solidement au porte-bagages de votre v\u00e9lo. Elle reste bien en place pendant que vous roulez.<\/p>\n<p>Compartiment de rangement suppl\u00e9mentaire\u00a0:<\/p>\n<p>\u2022 Un compartiment suppl\u00e9mentaire sur le dessus de la glaci\u00e8re vous permet de ranger de petits objets ou des accessoires. Ainsi, vous avez tout ce dont vous avez besoin \u00e0 port\u00e9e de main.<\/p>\n<p>Cordons \u00e9lastiques r\u00e9glables :<\/p>\n<p>\u2022 Le sac est \u00e9quip\u00e9 de cordons \u00e9lastiques permettant de fixer solidement son contenu et de le resserrer selon vos besoins.<\/p>\n<p>Bandouli\u00e8re pour un transport pratique :<\/p>\n<p>\u2022 Le sac isotherme est muni d&rsquo;une bandouli\u00e8re pour un transport confortable \u00e0 l&rsquo;\u00e9paule. Id\u00e9al pour un pique-nique ou toute autre sortie.<\/p>\n<p>Grand volume :<\/p>\n<p>Avec une capacit\u00e9 de 7 litres, ce sac offre un espace g\u00e9n\u00e9reux pour vos aliments et boissons, vous assurant d&rsquo;\u00eatre parfaitement \u00e9quip\u00e9 lors de vos d\u00e9placements.<\/p>\n<p>Dimensions et poids :<\/p>\n<p>Le sac mesure 380 x 160 x 150 mm et ne p\u00e8se que 400 grammes environ. L\u00e9ger et spacieux \u00e0 la fois.<\/p>\n<p>La sacoche Dunlop est la solution id\u00e9ale pour conserver vos aliments et boissons \u00e0 la temp\u00e9rature souhait\u00e9e lors de vos sorties. Que ce soit pour une randonn\u00e9e \u00e0 v\u00e9lo ou un pique-nique, ce sac vous offre la flexibilit\u00e9 et la praticit\u00e9 dont vous avez besoin.<\/p>\n<p>Commandez-le d\u00e8s aujourd&rsquo;hui et profitez pleinement de vos balades \u00e0 v\u00e9lo !<\/p>\n","protected":false},"excerpt":{"rendered":"<p>La sacoche Dunlop est le compagnon id\u00e9al de vos randonn\u00e9es \u00e0 v\u00e9lo. Gr\u00e2ce \u00e0 ses fonctionnalit\u00e9s pratiques et \u00e0 sa conception spacieuse, elle offre de nombreuses options pour conserver vos aliments et boissons \u00e0 la temp\u00e9rature souhait\u00e9e lors de vos d\u00e9placements. Voici les principales caract\u00e9ristiques de cette glaci\u00e8re\u00a0: Couche int\u00e9rieure isolante\u00a0: \u2022 La sacoche est dot\u00e9e d&rsquo;une couche int\u00e9rieure isolante qui maintient vos aliments et boissons au frais ou au chaud. Vous pouvez ainsi les&hellip;<\/p>\n","protected":false},"featured_media":157924,"comment_status":"open","ping_status":"closed","template":"","meta":[],"product_brand":[],"product_cat":[38634],"product_tag":[],"class_list":{"0":"post-253494","1":"product","2":"type-product","3":"status-publish","4":"has-post-thumbnail","6":"product_cat-veloausruestung","7":"product_shipping_class-global_methods","9":"first","10":"instock","11":"taxable","12":"shipping-taxable","13":"purchasable","14":"product-type-simple"},"yoast_head":"<!-- This site is optimized with the Yoast SEO plugin v27.4 - https:\/\/yoast.com\/product\/yoast-seo-wordpress\/ -->\n<title>Dunlop K\u00fchltasche f\u00fcr Fahrradgep\u00e4cktr\u00e4ger | Jetzt kaufen | Schweizversand.ch<\/title>\n<meta name=\"description\" content=\"Dunlop K\u00fchltasche f\u00fcr Fahrradgep\u00e4cktr\u00e4ger g\u00fcnstig kaufen bei Schweizversand.ch. Schnelle Lieferung in der Schweiz. Gratisversand ab CHF 50.\" \/>\n<meta name=\"robots\" content=\"index, follow, max-snippet:-1, max-image-preview:large, max-video-preview:-1\" \/>\n<link rel=\"canonical\" href=\"https:\/\/schweizversand.ch\/fr\/produkt\/dunlop-kuehltasche-fuer-fahrradgepaecktraeger\/\" \/>\n<meta property=\"og:locale\" content=\"fr_FR\" \/>\n<meta property=\"og:type\" content=\"article\" \/>\n<meta property=\"og:title\" content=\"Dunlop K\u00fchltasche f\u00fcr Fahrradgep\u00e4cktr\u00e4ger | Jetzt kaufen | Schweizversand.ch\" \/>\n<meta property=\"og:description\" content=\"Dunlop K\u00fchltasche f\u00fcr Fahrradgep\u00e4cktr\u00e4ger g\u00fcnstig kaufen bei Schweizversand.ch. Schnelle Lieferung in der Schweiz. Gratisversand ab CHF 50.\" \/>\n<meta property=\"og:url\" content=\"https:\/\/schweizversand.ch\/fr\/produkt\/dunlop-kuehltasche-fuer-fahrradgepaecktraeger\/\" \/>\n<meta property=\"og:site_name\" content=\"Schweizer Shop f\u00fcr Sport, Spiel und Freizeit\" \/>\n<meta property=\"article:publisher\" content=\"https:\/\/www.facebook.com\/Schweizversand\" \/>\n<meta property=\"article:modified_time\" content=\"2026-04-19T13:34:37+00:00\" \/>\n<meta property=\"og:image\" content=\"https:\/\/schweizversand.ch\/wp-content\/uploads\/2026\/02\/5471703719.jpg\" \/>\n\t<meta property=\"og:image:width\" content=\"1024\" \/>\n\t<meta property=\"og:image:height\" content=\"1024\" \/>\n\t<meta property=\"og:image:type\" content=\"image\/jpeg\" \/>\n<meta name=\"twitter:card\" content=\"summary_large_image\" \/>\n<meta name=\"twitter:label1\" content=\"Dur\u00e9e de lecture estim\u00e9e\" \/>\n\t<meta name=\"twitter:data1\" content=\"2 minutes\" \/>\n<script type=\"application\/ld+json\" class=\"yoast-schema-graph\">{\"@context\":\"https:\\\/\\\/schema.org\",\"@graph\":[{\"@type\":\"WebPage\",\"@id\":\"https:\\\/\\\/schweizversand.ch\\\/fr\\\/produkt\\\/dunlop-kuehltasche-fuer-fahrradgepaecktraeger\\\/\",\"url\":\"https:\\\/\\\/schweizversand.ch\\\/fr\\\/produkt\\\/dunlop-kuehltasche-fuer-fahrradgepaecktraeger\\\/\",\"name\":\"Dunlop K\u00fchltasche f\u00fcr Fahrradgep\u00e4cktr\u00e4ger | Jetzt kaufen | Schweizversand.ch\",\"isPartOf\":{\"@id\":\"https:\\\/\\\/schweizversand.ch\\\/fr\\\/#website\"},\"primaryImageOfPage\":{\"@id\":\"https:\\\/\\\/schweizversand.ch\\\/fr\\\/produkt\\\/dunlop-kuehltasche-fuer-fahrradgepaecktraeger\\\/#primaryimage\"},\"image\":{\"@id\":\"https:\\\/\\\/schweizversand.ch\\\/fr\\\/produkt\\\/dunlop-kuehltasche-fuer-fahrradgepaecktraeger\\\/#primaryimage\"},\"thumbnailUrl\":\"https:\\\/\\\/schweizversand.ch\\\/wp-content\\\/uploads\\\/2026\\\/02\\\/5471703719.jpg\",\"datePublished\":\"2026-03-14T23:05:58+00:00\",\"dateModified\":\"2026-04-19T13:34:37+00:00\",\"description\":\"Dunlop K\u00fchltasche f\u00fcr Fahrradgep\u00e4cktr\u00e4ger g\u00fcnstig kaufen bei Schweizversand.ch. Schnelle Lieferung in der Schweiz. Gratisversand ab CHF 50.\",\"breadcrumb\":{\"@id\":\"https:\\\/\\\/schweizversand.ch\\\/fr\\\/produkt\\\/dunlop-kuehltasche-fuer-fahrradgepaecktraeger\\\/#breadcrumb\"},\"inLanguage\":\"fr-FR\",\"potentialAction\":[{\"@type\":\"ReadAction\",\"target\":[\"https:\\\/\\\/schweizversand.ch\\\/fr\\\/produkt\\\/dunlop-kuehltasche-fuer-fahrradgepaecktraeger\\\/\"]}]},{\"@type\":\"ImageObject\",\"inLanguage\":\"fr-FR\",\"@id\":\"https:\\\/\\\/schweizversand.ch\\\/fr\\\/produkt\\\/dunlop-kuehltasche-fuer-fahrradgepaecktraeger\\\/#primaryimage\",\"url\":\"https:\\\/\\\/schweizversand.ch\\\/wp-content\\\/uploads\\\/2026\\\/02\\\/5471703719.jpg\",\"contentUrl\":\"https:\\\/\\\/schweizversand.ch\\\/wp-content\\\/uploads\\\/2026\\\/02\\\/5471703719.jpg\",\"width\":1024,\"height\":1024},{\"@type\":\"BreadcrumbList\",\"@id\":\"https:\\\/\\\/schweizversand.ch\\\/fr\\\/produkt\\\/dunlop-kuehltasche-fuer-fahrradgepaecktraeger\\\/#breadcrumb\",\"itemListElement\":[{\"@type\":\"ListItem\",\"position\":1,\"name\":\"Startseite\",\"item\":\"https:\\\/\\\/schweizversand.ch\\\/fr\\\/home\\\/\"},{\"@type\":\"ListItem\",\"position\":2,\"name\":\"Boutique\",\"item\":\"https:\\\/\\\/schweizversand.ch\\\/fr\\\/boutique\\\/\"},{\"@type\":\"ListItem\",\"position\":3,\"name\":\"Sports\",\"item\":\"https:\\\/\\\/schweizversand.ch\\\/fr\\\/produkt-kategorie\\\/sports\\\/\"},{\"@type\":\"ListItem\",\"position\":4,\"name\":\"V\u00e9lo\",\"item\":\"https:\\\/\\\/schweizversand.ch\\\/fr\\\/produkt-kategorie\\\/sports\\\/velo\\\/\"},{\"@type\":\"ListItem\",\"position\":5,\"name\":\"\u00c9quipement de cyclisme\",\"item\":\"https:\\\/\\\/schweizversand.ch\\\/fr\\\/produkt-kategorie\\\/sports\\\/velo\\\/veloausruestung\\\/\"},{\"@type\":\"ListItem\",\"position\":6,\"name\":\"Sac isotherme Dunlop pour porte-v\u00e9los\"}]},{\"@type\":\"WebSite\",\"@id\":\"https:\\\/\\\/schweizversand.ch\\\/fr\\\/#website\",\"url\":\"https:\\\/\\\/schweizversand.ch\\\/fr\\\/\",\"name\":\"Schweizer Shop f\u00fcr Sport, Spiel und Freizeit\",\"description\":\"Gratisversand ab 50.- (netto), ab eigenem schweizer Lager, Lieferung innert 48h\",\"publisher\":{\"@id\":\"https:\\\/\\\/schweizversand.ch\\\/fr\\\/#organization\"},\"alternateName\":\"Schweizversand.ch\",\"potentialAction\":[{\"@type\":\"SearchAction\",\"target\":{\"@type\":\"EntryPoint\",\"urlTemplate\":\"https:\\\/\\\/schweizversand.ch\\\/fr\\\/?s={search_term_string}\"},\"query-input\":{\"@type\":\"PropertyValueSpecification\",\"valueRequired\":true,\"valueName\":\"search_term_string\"}}],\"inLanguage\":\"fr-FR\"},{\"@type\":\"Organization\",\"@id\":\"https:\\\/\\\/schweizversand.ch\\\/fr\\\/#organization\",\"name\":\"Schweizversand.ch\",\"url\":\"https:\\\/\\\/schweizversand.ch\\\/fr\\\/\",\"logo\":{\"@type\":\"ImageObject\",\"inLanguage\":\"fr-FR\",\"@id\":\"https:\\\/\\\/schweizversand.ch\\\/fr\\\/#\\\/schema\\\/logo\\\/image\\\/\",\"url\":\"https:\\\/\\\/schweizversand.ch\\\/wp-content\\\/uploads\\\/2026\\\/03\\\/Logo_Rund_Final-1.png\",\"contentUrl\":\"https:\\\/\\\/schweizversand.ch\\\/wp-content\\\/uploads\\\/2026\\\/03\\\/Logo_Rund_Final-1.png\",\"width\":404,\"height\":404,\"caption\":\"Schweizversand.ch\"},\"image\":{\"@id\":\"https:\\\/\\\/schweizversand.ch\\\/fr\\\/#\\\/schema\\\/logo\\\/image\\\/\"},\"sameAs\":[\"https:\\\/\\\/www.facebook.com\\\/Schweizversand\",\"https:\\\/\\\/www.instagram.com\\\/schweizversand.ch\\\/\"]}]}<\/script>\n<!-- \/ Yoast SEO plugin. -->","yoast_head_json":{"title":"Dunlop K\u00fchltasche f\u00fcr Fahrradgep\u00e4cktr\u00e4ger | Jetzt kaufen | Schweizversand.ch","description":"Dunlop K\u00fchltasche f\u00fcr Fahrradgep\u00e4cktr\u00e4ger g\u00fcnstig kaufen bei Schweizversand.ch. Schnelle Lieferung in der Schweiz. Gratisversand ab CHF 50.","robots":{"index":"index","follow":"follow","max-snippet":"max-snippet:-1","max-image-preview":"max-image-preview:large","max-video-preview":"max-video-preview:-1"},"canonical":"https:\/\/schweizversand.ch\/fr\/produkt\/dunlop-kuehltasche-fuer-fahrradgepaecktraeger\/","og_locale":"fr_FR","og_type":"article","og_title":"Dunlop K\u00fchltasche f\u00fcr Fahrradgep\u00e4cktr\u00e4ger | Jetzt kaufen | Schweizversand.ch","og_description":"Dunlop K\u00fchltasche f\u00fcr Fahrradgep\u00e4cktr\u00e4ger g\u00fcnstig kaufen bei Schweizversand.ch. Schnelle Lieferung in der Schweiz. Gratisversand ab CHF 50.","og_url":"https:\/\/schweizversand.ch\/fr\/produkt\/dunlop-kuehltasche-fuer-fahrradgepaecktraeger\/","og_site_name":"Schweizer Shop f\u00fcr Sport, Spiel und Freizeit","article_publisher":"https:\/\/www.facebook.com\/Schweizversand","article_modified_time":"2026-04-19T13:34:37+00:00","og_image":[{"width":1024,"height":1024,"url":"https:\/\/schweizversand.ch\/wp-content\/uploads\/2026\/02\/5471703719.jpg","type":"image\/jpeg"}],"twitter_card":"summary_large_image","twitter_misc":{"Dur\u00e9e de lecture estim\u00e9e":"2 minutes"},"schema":{"@context":"https:\/\/schema.org","@graph":[{"@type":"WebPage","@id":"https:\/\/schweizversand.ch\/fr\/produkt\/dunlop-kuehltasche-fuer-fahrradgepaecktraeger\/","url":"https:\/\/schweizversand.ch\/fr\/produkt\/dunlop-kuehltasche-fuer-fahrradgepaecktraeger\/","name":"Dunlop K\u00fchltasche f\u00fcr Fahrradgep\u00e4cktr\u00e4ger | Jetzt kaufen | Schweizversand.ch","isPartOf":{"@id":"https:\/\/schweizversand.ch\/fr\/#website"},"primaryImageOfPage":{"@id":"https:\/\/schweizversand.ch\/fr\/produkt\/dunlop-kuehltasche-fuer-fahrradgepaecktraeger\/#primaryimage"},"image":{"@id":"https:\/\/schweizversand.ch\/fr\/produkt\/dunlop-kuehltasche-fuer-fahrradgepaecktraeger\/#primaryimage"},"thumbnailUrl":"https:\/\/schweizversand.ch\/wp-content\/uploads\/2026\/02\/5471703719.jpg","datePublished":"2026-03-14T23:05:58+00:00","dateModified":"2026-04-19T13:34:37+00:00","description":"Dunlop K\u00fchltasche f\u00fcr Fahrradgep\u00e4cktr\u00e4ger g\u00fcnstig kaufen bei Schweizversand.ch. Schnelle Lieferung in der Schweiz. Gratisversand ab CHF 50.","breadcrumb":{"@id":"https:\/\/schweizversand.ch\/fr\/produkt\/dunlop-kuehltasche-fuer-fahrradgepaecktraeger\/#breadcrumb"},"inLanguage":"fr-FR","potentialAction":[{"@type":"ReadAction","target":["https:\/\/schweizversand.ch\/fr\/produkt\/dunlop-kuehltasche-fuer-fahrradgepaecktraeger\/"]}]},{"@type":"ImageObject","inLanguage":"fr-FR","@id":"https:\/\/schweizversand.ch\/fr\/produkt\/dunlop-kuehltasche-fuer-fahrradgepaecktraeger\/#primaryimage","url":"https:\/\/schweizversand.ch\/wp-content\/uploads\/2026\/02\/5471703719.jpg","contentUrl":"https:\/\/schweizversand.ch\/wp-content\/uploads\/2026\/02\/5471703719.jpg","width":1024,"height":1024},{"@type":"BreadcrumbList","@id":"https:\/\/schweizversand.ch\/fr\/produkt\/dunlop-kuehltasche-fuer-fahrradgepaecktraeger\/#breadcrumb","itemListElement":[{"@type":"ListItem","position":1,"name":"Startseite","item":"https:\/\/schweizversand.ch\/fr\/home\/"},{"@type":"ListItem","position":2,"name":"Boutique","item":"https:\/\/schweizversand.ch\/fr\/boutique\/"},{"@type":"ListItem","position":3,"name":"Sports","item":"https:\/\/schweizversand.ch\/fr\/produkt-kategorie\/sports\/"},{"@type":"ListItem","position":4,"name":"V\u00e9lo","item":"https:\/\/schweizversand.ch\/fr\/produkt-kategorie\/sports\/velo\/"},{"@type":"ListItem","position":5,"name":"\u00c9quipement de cyclisme","item":"https:\/\/schweizversand.ch\/fr\/produkt-kategorie\/sports\/velo\/veloausruestung\/"},{"@type":"ListItem","position":6,"name":"Sac isotherme Dunlop pour porte-v\u00e9los"}]},{"@type":"WebSite","@id":"https:\/\/schweizversand.ch\/fr\/#website","url":"https:\/\/schweizversand.ch\/fr\/","name":"Schweizer Shop f\u00fcr Sport, Spiel und Freizeit","description":"Gratisversand ab 50.- (netto), ab eigenem schweizer Lager, Lieferung innert 48h","publisher":{"@id":"https:\/\/schweizversand.ch\/fr\/#organization"},"alternateName":"Schweizversand.ch","potentialAction":[{"@type":"SearchAction","target":{"@type":"EntryPoint","urlTemplate":"https:\/\/schweizversand.ch\/fr\/?s={search_term_string}"},"query-input":{"@type":"PropertyValueSpecification","valueRequired":true,"valueName":"search_term_string"}}],"inLanguage":"fr-FR"},{"@type":"Organization","@id":"https:\/\/schweizversand.ch\/fr\/#organization","name":"Schweizversand.ch","url":"https:\/\/schweizversand.ch\/fr\/","logo":{"@type":"ImageObject","inLanguage":"fr-FR","@id":"https:\/\/schweizversand.ch\/fr\/#\/schema\/logo\/image\/","url":"https:\/\/schweizversand.ch\/wp-content\/uploads\/2026\/03\/Logo_Rund_Final-1.png","contentUrl":"https:\/\/schweizversand.ch\/wp-content\/uploads\/2026\/03\/Logo_Rund_Final-1.png","width":404,"height":404,"caption":"Schweizversand.ch"},"image":{"@id":"https:\/\/schweizversand.ch\/fr\/#\/schema\/logo\/image\/"},"sameAs":["https:\/\/www.facebook.com\/Schweizversand","https:\/\/www.instagram.com\/schweizversand.ch\/"]}]}},"jetpack_sharing_enabled":true,"_links":{"self":[{"href":"https:\/\/schweizversand.ch\/fr\/wp-json\/wp\/v2\/product\/253494","targetHints":{"allow":["GET"]}}],"collection":[{"href":"https:\/\/schweizversand.ch\/fr\/wp-json\/wp\/v2\/product"}],"about":[{"href":"https:\/\/schweizversand.ch\/fr\/wp-json\/wp\/v2\/types\/product"}],"replies":[{"embeddable":true,"href":"https:\/\/schweizversand.ch\/fr\/wp-json\/wp\/v2\/comments?post=253494"}],"wp:featuredmedia":[{"embeddable":true,"href":"https:\/\/schweizversand.ch\/fr\/wp-json\/wp\/v2\/media\/157924"}],"wp:attachment":[{"href":"https:\/\/schweizversand.ch\/fr\/wp-json\/wp\/v2\/media?parent=253494"}],"wp:term":[{"taxonomy":"product_brand","embeddable":true,"href":"https:\/\/schweizversand.ch\/fr\/wp-json\/wp\/v2\/product_brand?post=253494"},{"taxonomy":"product_cat","embeddable":true,"href":"https:\/\/schweizversand.ch\/fr\/wp-json\/wp\/v2\/product_cat?post=253494"},{"taxonomy":"product_tag","embeddable":true,"href":"https:\/\/schweizversand.ch\/fr\/wp-json\/wp\/v2\/product_tag?post=253494"}],"curies":[{"name":"wp","href":"https:\/\/api.w.org\/{rel}","templated":true}]}}