{"id":253495,"date":"2026-03-15T00:05:58","date_gmt":"2026-03-14T23:05:58","guid":{"rendered":"https:\/\/schweizversand.ch\/produkt\/dunlop-fahrradschloss\/"},"modified":"2026-04-19T15:34:37","modified_gmt":"2026-04-19T13:34:37","slug":"dunlop-fahrradschloss","status":"publish","type":"product","link":"https:\/\/schweizversand.ch\/fr\/produkt\/dunlop-fahrradschloss\/","title":{"rendered":"Antivol de v\u00e9lo Dunlop"},"content":{"rendered":"<p>Prot\u00e9gez votre v\u00e9lo contre le vol et s\u00e9curisez-le efficacement avec ce double antivol Dunlop. Il combine un antivol en U et un c\u00e2ble. Une seule cl\u00e9 suffit pour s\u00e9curiser votre v\u00e9lo de deux mani\u00e8res.<\/p>\n<p>Utilisation<\/p>\n<p>Le c\u00e2ble est compos\u00e9 d&rsquo;un c\u00e2ble en acier muni de boucles. D&rsquo;une longueur de 120 cm et d&rsquo;un diam\u00e8tre d&rsquo;environ 10 mm, il vous permet d&rsquo;attacher votre v\u00e9lo \u00e0 un lampadaire, une cl\u00f4ture ou un autre v\u00e9lo. Passez ensuite le c\u00e2ble dans l&rsquo;une des boucles et fixez l&rsquo;autre boucle \u00e0 l&rsquo;antivol en U. Placez ce dernier autour du cadre de votre v\u00e9lo, par exemple entre les rayons ou autour d&rsquo;un poteau. Sur un VTT, vous pouvez utiliser le double antivol pour s\u00e9curiser les roues avant et arri\u00e8re.<\/p>\n<p>Support de fixation inclus<\/p>\n<p>Un support de fixation est fourni. Fixez-le au cadre de votre v\u00e9lo \u00e0 l&rsquo;aide des vis et accessoires de montage inclus. Vous pourrez ainsi emporter l&rsquo;antivol avec vous lors de vos sorties. Il vous suffit d&rsquo;enrouler le c\u00e2ble et de le fixer au support. Il est fourni avec deux cl\u00e9s, vous en avez donc d\u00e9j\u00e0 une de rechange.<\/p>\n<p>D\u00e9tails de l&rsquo;antivol v\u00e9lo Dunlop<\/p>\n<p>\u2022 Combinaison d&rsquo;un antivol en U et d&rsquo;un c\u00e2ble<\/p>\n<p>\u2022 Longueur du c\u00e2ble en acier\u00a0: 120\u00a0cm<\/p>\n<p>\u2022 Diam\u00e8tre du c\u00e2ble\u00a0: env. 10\u00a0mm<\/p>\n<p>\u2022 Support et visserie de fixation inclus<\/p>\n<p>\u2022 2\u00a0cl\u00e9s incluses<\/p>\n<p>Vous cherchez un antivol v\u00e9lo robuste et efficace\u00a0? Prot\u00e9gez votre v\u00e9lo contre le vol avec l&rsquo;antivol en U DUNLOP et son c\u00e2ble de 10\u00a0x\u00a01200\u00a0mm\u00a0!<\/p>\n<p>\u2022 Antivol en U pour s\u00e9curiser votre v\u00e9lo contre le vol<\/p>\n<p>\u2022 Rev\u00eatement plastique du c\u00e2ble pour prot\u00e9ger le v\u00e9lo des rayures<\/p>\n<p>\u2022 \u00c9quip\u00e9 d&rsquo;un support sp\u00e9cial pour une fixation facile sur le cadre<\/p>\n<p>\u2022 Convient \u00e0 tous types de v\u00e9los<\/p>\n<p>\u2022 Cache-serrure rotatif automatique pour prot\u00e9ger le cadre de la salet\u00e9 et de la corrosion<\/p>\n<p>\u2022 Livr\u00e9 avec deux cl\u00e9s plates<\/p>\n<p>La rampe pour v\u00e9lo DUNLOP U-LOOK + LINE 10 x 1200 mm est fabriqu\u00e9e en acier robuste et durable, recouvert d&rsquo;un mat\u00e9riau r\u00e9sistant \u00e0 l&rsquo;abrasion pour prot\u00e9ger le cadre des rayures et des dommages.<\/p>\n<p>Compar\u00e9 aux antivols souples, l&rsquo;antivol en U est une excellente alternative aux c\u00e2bles fins ou aux cha\u00eenes pour votre v\u00e9lo. Il s&rsquo;agit d&rsquo;un antivol en forme de U, fabriqu\u00e9 en m\u00e9tal haute r\u00e9sistance. Ses mat\u00e9riaux de haute qualit\u00e9 le rendent inviolable, impossible \u00e0 couper, \u00e0 \u00e9craser ou \u00e0 percer.<\/p>\n<p>Caract\u00e9ristiques :<\/p>\n<p>\u2022 Dimensions de la cha\u00eene d\u00e9pli\u00e9e : 25,5 x 11 x 17,5 cm (L x l x H)<\/p>\n<p>\u2022 \u00c9paisseur du cadre de verrouillage : 20 mm<\/p>\n<p>\u2022 Diam\u00e8tre du m\u00e9canisme de verrouillage sur le cadre (env.) : 2,5 &#8211; 3 mm<\/p>\n<p>\u2022 Longueur du c\u00e2ble en acier : 120 cm<\/p>\n<p>\u2022 \u00c9paisseur du c\u00e2ble en acier : 10 mm<\/p>\n<p>\u2022 Mat\u00e9riaux : Acier, plastique<\/p>\n<p>\u2022 Poids net (env.) : 1,85 kg<\/p>\n<p>\u2022 Poids brut (env.) : 1,90 kg<\/p>\n<p>\u2022 Type de verrouillage : Antivol en U<\/p>\n<p>\u2022 Cl\u00e9 de rechange : Oui<\/p>\n<p>\u2022 Support de fixation au cadre : Oui<\/p>\n<p>\u2022 Marque : Dunlop<\/p>\n<p>\u2022 Dimensions de l&#8217;emballage (film plastique) : 18 x 9 x 32 cm (l x \u00e9p. x H)<\/p>\n<p>Antivol en U avec c\u00e2ble et support.<\/p>\n<p>L&rsquo;accessoire id\u00e9al pour tous les v\u00e9los ! L&rsquo;antivol en U DUNLOP prot\u00e8ge tout v\u00e9lo contre le vol. Son c\u00e2ble en acier robuste et durable est recouvert d&rsquo;un plastique r\u00e9sistant \u00e0 l&rsquo;abrasion, ce qui le prot\u00e8ge des rayures et des dommages. L&rsquo;antivol est \u00e9galement dot\u00e9 d&rsquo;un cache-serrure rotatif qui le prot\u00e8ge de la salet\u00e9 et de la corrosion.<\/p>\n","protected":false},"excerpt":{"rendered":"<p>Prot\u00e9gez votre v\u00e9lo contre le vol et s\u00e9curisez-le efficacement avec ce double antivol Dunlop. Il combine un antivol en U et un c\u00e2ble. Une seule cl\u00e9 suffit pour s\u00e9curiser votre v\u00e9lo de deux mani\u00e8res. Utilisation Le c\u00e2ble est compos\u00e9 d&rsquo;un c\u00e2ble en acier muni de boucles. D&rsquo;une longueur de 120 cm et d&rsquo;un diam\u00e8tre d&rsquo;environ 10 mm, il vous permet d&rsquo;attacher votre v\u00e9lo \u00e0 un lampadaire, une cl\u00f4ture ou un autre v\u00e9lo. Passez ensuite le&hellip;<\/p>\n","protected":false},"featured_media":157930,"comment_status":"open","ping_status":"closed","template":"","meta":[],"product_brand":[],"product_cat":[38634],"product_tag":[],"class_list":{"0":"post-253495","1":"product","2":"type-product","3":"status-publish","4":"has-post-thumbnail","6":"product_cat-veloausruestung","7":"product_shipping_class-global_methods","9":"first","10":"instock","11":"taxable","12":"shipping-taxable","13":"purchasable","14":"product-type-simple"},"yoast_head":"<!-- This site is optimized with the Yoast SEO plugin v27.4 - https:\/\/yoast.com\/product\/yoast-seo-wordpress\/ -->\n<title>Dunlop Fahrradschloss | Jetzt kaufen | Schweizversand.ch<\/title>\n<meta name=\"description\" content=\"Dunlop Fahrradschloss g\u00fcnstig kaufen bei Schweizversand.ch. Schnelle Lieferung in der Schweiz. Gratisversand ab CHF 50.\" \/>\n<meta name=\"robots\" content=\"index, follow, max-snippet:-1, max-image-preview:large, max-video-preview:-1\" \/>\n<link rel=\"canonical\" href=\"https:\/\/schweizversand.ch\/fr\/produkt\/dunlop-fahrradschloss\/\" \/>\n<meta property=\"og:locale\" content=\"fr_FR\" \/>\n<meta property=\"og:type\" content=\"article\" \/>\n<meta property=\"og:title\" content=\"Dunlop Fahrradschloss | Jetzt kaufen | Schweizversand.ch\" \/>\n<meta property=\"og:description\" content=\"Dunlop Fahrradschloss g\u00fcnstig kaufen bei Schweizversand.ch. Schnelle Lieferung in der Schweiz. Gratisversand ab CHF 50.\" \/>\n<meta property=\"og:url\" content=\"https:\/\/schweizversand.ch\/fr\/produkt\/dunlop-fahrradschloss\/\" \/>\n<meta property=\"og:site_name\" content=\"Schweizer Shop f\u00fcr Sport, Spiel und Freizeit\" \/>\n<meta property=\"article:publisher\" content=\"https:\/\/www.facebook.com\/Schweizversand\" \/>\n<meta property=\"article:modified_time\" content=\"2026-04-19T13:34:37+00:00\" \/>\n<meta property=\"og:image\" content=\"https:\/\/schweizversand.ch\/wp-content\/uploads\/2026\/02\/5471797076.png\" \/>\n\t<meta property=\"og:image:width\" content=\"1024\" \/>\n\t<meta property=\"og:image:height\" content=\"808\" \/>\n\t<meta property=\"og:image:type\" content=\"image\/png\" \/>\n<meta name=\"twitter:card\" content=\"summary_large_image\" \/>\n<meta name=\"twitter:label1\" content=\"Dur\u00e9e de lecture estim\u00e9e\" \/>\n\t<meta name=\"twitter:data1\" content=\"3 minutes\" \/>\n<script type=\"application\/ld+json\" class=\"yoast-schema-graph\">{\"@context\":\"https:\\\/\\\/schema.org\",\"@graph\":[{\"@type\":\"WebPage\",\"@id\":\"https:\\\/\\\/schweizversand.ch\\\/fr\\\/produkt\\\/dunlop-fahrradschloss\\\/\",\"url\":\"https:\\\/\\\/schweizversand.ch\\\/fr\\\/produkt\\\/dunlop-fahrradschloss\\\/\",\"name\":\"Dunlop Fahrradschloss | Jetzt kaufen | Schweizversand.ch\",\"isPartOf\":{\"@id\":\"https:\\\/\\\/schweizversand.ch\\\/fr\\\/#website\"},\"primaryImageOfPage\":{\"@id\":\"https:\\\/\\\/schweizversand.ch\\\/fr\\\/produkt\\\/dunlop-fahrradschloss\\\/#primaryimage\"},\"image\":{\"@id\":\"https:\\\/\\\/schweizversand.ch\\\/fr\\\/produkt\\\/dunlop-fahrradschloss\\\/#primaryimage\"},\"thumbnailUrl\":\"https:\\\/\\\/schweizversand.ch\\\/wp-content\\\/uploads\\\/2026\\\/02\\\/5471797076.png\",\"datePublished\":\"2026-03-14T23:05:58+00:00\",\"dateModified\":\"2026-04-19T13:34:37+00:00\",\"description\":\"Dunlop Fahrradschloss g\u00fcnstig kaufen bei Schweizversand.ch. Schnelle Lieferung in der Schweiz. Gratisversand ab CHF 50.\",\"breadcrumb\":{\"@id\":\"https:\\\/\\\/schweizversand.ch\\\/fr\\\/produkt\\\/dunlop-fahrradschloss\\\/#breadcrumb\"},\"inLanguage\":\"fr-FR\",\"potentialAction\":[{\"@type\":\"ReadAction\",\"target\":[\"https:\\\/\\\/schweizversand.ch\\\/fr\\\/produkt\\\/dunlop-fahrradschloss\\\/\"]}]},{\"@type\":\"ImageObject\",\"inLanguage\":\"fr-FR\",\"@id\":\"https:\\\/\\\/schweizversand.ch\\\/fr\\\/produkt\\\/dunlop-fahrradschloss\\\/#primaryimage\",\"url\":\"https:\\\/\\\/schweizversand.ch\\\/wp-content\\\/uploads\\\/2026\\\/02\\\/5471797076.png\",\"contentUrl\":\"https:\\\/\\\/schweizversand.ch\\\/wp-content\\\/uploads\\\/2026\\\/02\\\/5471797076.png\",\"width\":1024,\"height\":808},{\"@type\":\"BreadcrumbList\",\"@id\":\"https:\\\/\\\/schweizversand.ch\\\/fr\\\/produkt\\\/dunlop-fahrradschloss\\\/#breadcrumb\",\"itemListElement\":[{\"@type\":\"ListItem\",\"position\":1,\"name\":\"Startseite\",\"item\":\"https:\\\/\\\/schweizversand.ch\\\/fr\\\/home\\\/\"},{\"@type\":\"ListItem\",\"position\":2,\"name\":\"Boutique\",\"item\":\"https:\\\/\\\/schweizversand.ch\\\/fr\\\/boutique\\\/\"},{\"@type\":\"ListItem\",\"position\":3,\"name\":\"Sports\",\"item\":\"https:\\\/\\\/schweizversand.ch\\\/fr\\\/produkt-kategorie\\\/sports\\\/\"},{\"@type\":\"ListItem\",\"position\":4,\"name\":\"V\u00e9lo\",\"item\":\"https:\\\/\\\/schweizversand.ch\\\/fr\\\/produkt-kategorie\\\/sports\\\/velo\\\/\"},{\"@type\":\"ListItem\",\"position\":5,\"name\":\"\u00c9quipement de cyclisme\",\"item\":\"https:\\\/\\\/schweizversand.ch\\\/fr\\\/produkt-kategorie\\\/sports\\\/velo\\\/veloausruestung\\\/\"},{\"@type\":\"ListItem\",\"position\":6,\"name\":\"Antivol de v\u00e9lo Dunlop\"}]},{\"@type\":\"WebSite\",\"@id\":\"https:\\\/\\\/schweizversand.ch\\\/fr\\\/#website\",\"url\":\"https:\\\/\\\/schweizversand.ch\\\/fr\\\/\",\"name\":\"Schweizer Shop f\u00fcr Sport, Spiel und Freizeit\",\"description\":\"Gratisversand ab 50.- (netto), ab eigenem schweizer Lager, Lieferung innert 48h\",\"publisher\":{\"@id\":\"https:\\\/\\\/schweizversand.ch\\\/fr\\\/#organization\"},\"alternateName\":\"Schweizversand.ch\",\"potentialAction\":[{\"@type\":\"SearchAction\",\"target\":{\"@type\":\"EntryPoint\",\"urlTemplate\":\"https:\\\/\\\/schweizversand.ch\\\/fr\\\/?s={search_term_string}\"},\"query-input\":{\"@type\":\"PropertyValueSpecification\",\"valueRequired\":true,\"valueName\":\"search_term_string\"}}],\"inLanguage\":\"fr-FR\"},{\"@type\":\"Organization\",\"@id\":\"https:\\\/\\\/schweizversand.ch\\\/fr\\\/#organization\",\"name\":\"Schweizversand.ch\",\"url\":\"https:\\\/\\\/schweizversand.ch\\\/fr\\\/\",\"logo\":{\"@type\":\"ImageObject\",\"inLanguage\":\"fr-FR\",\"@id\":\"https:\\\/\\\/schweizversand.ch\\\/fr\\\/#\\\/schema\\\/logo\\\/image\\\/\",\"url\":\"https:\\\/\\\/schweizversand.ch\\\/wp-content\\\/uploads\\\/2026\\\/03\\\/Logo_Rund_Final-1.png\",\"contentUrl\":\"https:\\\/\\\/schweizversand.ch\\\/wp-content\\\/uploads\\\/2026\\\/03\\\/Logo_Rund_Final-1.png\",\"width\":404,\"height\":404,\"caption\":\"Schweizversand.ch\"},\"image\":{\"@id\":\"https:\\\/\\\/schweizversand.ch\\\/fr\\\/#\\\/schema\\\/logo\\\/image\\\/\"},\"sameAs\":[\"https:\\\/\\\/www.facebook.com\\\/Schweizversand\",\"https:\\\/\\\/www.instagram.com\\\/schweizversand.ch\\\/\"]}]}<\/script>\n<!-- \/ Yoast SEO plugin. -->","yoast_head_json":{"title":"Dunlop Fahrradschloss | Jetzt kaufen | Schweizversand.ch","description":"Dunlop Fahrradschloss g\u00fcnstig kaufen bei Schweizversand.ch. Schnelle Lieferung in der Schweiz. Gratisversand ab CHF 50.","robots":{"index":"index","follow":"follow","max-snippet":"max-snippet:-1","max-image-preview":"max-image-preview:large","max-video-preview":"max-video-preview:-1"},"canonical":"https:\/\/schweizversand.ch\/fr\/produkt\/dunlop-fahrradschloss\/","og_locale":"fr_FR","og_type":"article","og_title":"Dunlop Fahrradschloss | Jetzt kaufen | Schweizversand.ch","og_description":"Dunlop Fahrradschloss g\u00fcnstig kaufen bei Schweizversand.ch. Schnelle Lieferung in der Schweiz. Gratisversand ab CHF 50.","og_url":"https:\/\/schweizversand.ch\/fr\/produkt\/dunlop-fahrradschloss\/","og_site_name":"Schweizer Shop f\u00fcr Sport, Spiel und Freizeit","article_publisher":"https:\/\/www.facebook.com\/Schweizversand","article_modified_time":"2026-04-19T13:34:37+00:00","og_image":[{"width":1024,"height":808,"url":"https:\/\/schweizversand.ch\/wp-content\/uploads\/2026\/02\/5471797076.png","type":"image\/png"}],"twitter_card":"summary_large_image","twitter_misc":{"Dur\u00e9e de lecture estim\u00e9e":"3 minutes"},"schema":{"@context":"https:\/\/schema.org","@graph":[{"@type":"WebPage","@id":"https:\/\/schweizversand.ch\/fr\/produkt\/dunlop-fahrradschloss\/","url":"https:\/\/schweizversand.ch\/fr\/produkt\/dunlop-fahrradschloss\/","name":"Dunlop Fahrradschloss | Jetzt kaufen | Schweizversand.ch","isPartOf":{"@id":"https:\/\/schweizversand.ch\/fr\/#website"},"primaryImageOfPage":{"@id":"https:\/\/schweizversand.ch\/fr\/produkt\/dunlop-fahrradschloss\/#primaryimage"},"image":{"@id":"https:\/\/schweizversand.ch\/fr\/produkt\/dunlop-fahrradschloss\/#primaryimage"},"thumbnailUrl":"https:\/\/schweizversand.ch\/wp-content\/uploads\/2026\/02\/5471797076.png","datePublished":"2026-03-14T23:05:58+00:00","dateModified":"2026-04-19T13:34:37+00:00","description":"Dunlop Fahrradschloss g\u00fcnstig kaufen bei Schweizversand.ch. Schnelle Lieferung in der Schweiz. Gratisversand ab CHF 50.","breadcrumb":{"@id":"https:\/\/schweizversand.ch\/fr\/produkt\/dunlop-fahrradschloss\/#breadcrumb"},"inLanguage":"fr-FR","potentialAction":[{"@type":"ReadAction","target":["https:\/\/schweizversand.ch\/fr\/produkt\/dunlop-fahrradschloss\/"]}]},{"@type":"ImageObject","inLanguage":"fr-FR","@id":"https:\/\/schweizversand.ch\/fr\/produkt\/dunlop-fahrradschloss\/#primaryimage","url":"https:\/\/schweizversand.ch\/wp-content\/uploads\/2026\/02\/5471797076.png","contentUrl":"https:\/\/schweizversand.ch\/wp-content\/uploads\/2026\/02\/5471797076.png","width":1024,"height":808},{"@type":"BreadcrumbList","@id":"https:\/\/schweizversand.ch\/fr\/produkt\/dunlop-fahrradschloss\/#breadcrumb","itemListElement":[{"@type":"ListItem","position":1,"name":"Startseite","item":"https:\/\/schweizversand.ch\/fr\/home\/"},{"@type":"ListItem","position":2,"name":"Boutique","item":"https:\/\/schweizversand.ch\/fr\/boutique\/"},{"@type":"ListItem","position":3,"name":"Sports","item":"https:\/\/schweizversand.ch\/fr\/produkt-kategorie\/sports\/"},{"@type":"ListItem","position":4,"name":"V\u00e9lo","item":"https:\/\/schweizversand.ch\/fr\/produkt-kategorie\/sports\/velo\/"},{"@type":"ListItem","position":5,"name":"\u00c9quipement de cyclisme","item":"https:\/\/schweizversand.ch\/fr\/produkt-kategorie\/sports\/velo\/veloausruestung\/"},{"@type":"ListItem","position":6,"name":"Antivol de v\u00e9lo Dunlop"}]},{"@type":"WebSite","@id":"https:\/\/schweizversand.ch\/fr\/#website","url":"https:\/\/schweizversand.ch\/fr\/","name":"Schweizer Shop f\u00fcr Sport, Spiel und Freizeit","description":"Gratisversand ab 50.- (netto), ab eigenem schweizer Lager, Lieferung innert 48h","publisher":{"@id":"https:\/\/schweizversand.ch\/fr\/#organization"},"alternateName":"Schweizversand.ch","potentialAction":[{"@type":"SearchAction","target":{"@type":"EntryPoint","urlTemplate":"https:\/\/schweizversand.ch\/fr\/?s={search_term_string}"},"query-input":{"@type":"PropertyValueSpecification","valueRequired":true,"valueName":"search_term_string"}}],"inLanguage":"fr-FR"},{"@type":"Organization","@id":"https:\/\/schweizversand.ch\/fr\/#organization","name":"Schweizversand.ch","url":"https:\/\/schweizversand.ch\/fr\/","logo":{"@type":"ImageObject","inLanguage":"fr-FR","@id":"https:\/\/schweizversand.ch\/fr\/#\/schema\/logo\/image\/","url":"https:\/\/schweizversand.ch\/wp-content\/uploads\/2026\/03\/Logo_Rund_Final-1.png","contentUrl":"https:\/\/schweizversand.ch\/wp-content\/uploads\/2026\/03\/Logo_Rund_Final-1.png","width":404,"height":404,"caption":"Schweizversand.ch"},"image":{"@id":"https:\/\/schweizversand.ch\/fr\/#\/schema\/logo\/image\/"},"sameAs":["https:\/\/www.facebook.com\/Schweizversand","https:\/\/www.instagram.com\/schweizversand.ch\/"]}]}},"jetpack_sharing_enabled":true,"_links":{"self":[{"href":"https:\/\/schweizversand.ch\/fr\/wp-json\/wp\/v2\/product\/253495","targetHints":{"allow":["GET"]}}],"collection":[{"href":"https:\/\/schweizversand.ch\/fr\/wp-json\/wp\/v2\/product"}],"about":[{"href":"https:\/\/schweizversand.ch\/fr\/wp-json\/wp\/v2\/types\/product"}],"replies":[{"embeddable":true,"href":"https:\/\/schweizversand.ch\/fr\/wp-json\/wp\/v2\/comments?post=253495"}],"wp:featuredmedia":[{"embeddable":true,"href":"https:\/\/schweizversand.ch\/fr\/wp-json\/wp\/v2\/media\/157930"}],"wp:attachment":[{"href":"https:\/\/schweizversand.ch\/fr\/wp-json\/wp\/v2\/media?parent=253495"}],"wp:term":[{"taxonomy":"product_brand","embeddable":true,"href":"https:\/\/schweizversand.ch\/fr\/wp-json\/wp\/v2\/product_brand?post=253495"},{"taxonomy":"product_cat","embeddable":true,"href":"https:\/\/schweizversand.ch\/fr\/wp-json\/wp\/v2\/product_cat?post=253495"},{"taxonomy":"product_tag","embeddable":true,"href":"https:\/\/schweizversand.ch\/fr\/wp-json\/wp\/v2\/product_tag?post=253495"}],"curies":[{"name":"wp","href":"https:\/\/api.w.org\/{rel}","templated":true}]}}