{"id":253506,"date":"2026-03-15T00:06:01","date_gmt":"2026-03-14T23:06:01","guid":{"rendered":"https:\/\/schweizversand.ch\/produkt\/marionette-wooden-toys-tic-tac-toe-aus-holz\/"},"modified":"2026-04-21T15:33:28","modified_gmt":"2026-04-21T13:33:28","slug":"marionette-wooden-toys-tic-tac-toe-aus-holz","status":"publish","type":"product","link":"https:\/\/schweizversand.ch\/fr\/produkt\/marionette-wooden-toys-tic-tac-toe-aus-holz\/","title":{"rendered":"Marionnette en bois, jeu de morpion en bois"},"content":{"rendered":"<h1><strong>MARIONETTE Jouets en bois \u2013 Morpion en bois<\/strong><\/h1>\n<div>D\u00e9couvrez le jeu de Morpion en bois, un classique ind\u00e9modable, sign\u00e9 MARIONETTE. Ce jeu, \u00e9galement connu sous le nom de Jeu du Cercle et de la Croix ou Puissance 3, allie un design de haute qualit\u00e9 \u00e0 un divertissement strat\u00e9gique pour toute la famille.<\/p>\n<\/div>\n<div><strong>Design unique et mat\u00e9riaux de haute qualit\u00e9<\/strong><br \/>Ce jeu en bois ravit petits et grands par son artisanat raffin\u00e9. Fabriqu\u00e9 en bois robuste et pr\u00e9sent\u00e9 dans d&rsquo;\u00e9l\u00e9gantes couleurs bleu et blanc, il constitue non seulement un passe-temps divertissant, mais aussi un bel objet de d\u00e9coration. Son format compact le rend id\u00e9al pour jouer \u00e0 la maison ou en voyage.<\/p>\n<\/div>\n<div><strong>Valeur \u00e9ducative et strat\u00e9gique<\/strong><br \/>Ce jeu de strat\u00e9gie en bois est bien plus qu&rsquo;un simple divertissement. Ce jeu stimule activement la pens\u00e9e strat\u00e9gique, la concentration et l&rsquo;aptitude \u00e0 r\u00e9soudre des probl\u00e8mes chez vos enfants. En apprenant des mouvements simples mais efficaces, le Puissance 3 offre une excellente fa\u00e7on de comprendre les liens logiques et d&rsquo;anticiper les actions de mani\u00e8re ludique. Un divertissement durable pour tous les \u00e2ges\u00a0: gr\u00e2ce \u00e0 la robustesse des jouets en bois Marionette Wooden Toys, ce jeu de morpion est particuli\u00e8rement r\u00e9sistant et supporte m\u00eame les parties les plus intenses. Que ce soit pour une comp\u00e9tition rapide ou pour une soir\u00e9e jeux en famille r\u00e9guli\u00e8re, ce jeu garantit des heures d&rsquo;amusement pour tous. C&rsquo;est le cadeau id\u00e9al pour tous les amateurs de jeux de soci\u00e9t\u00e9 classiques.<\/p>\n<\/div>\n<div><strong>D\u00e9tails du produit et contenu de la livraison<\/strong><br \/>&#8211; Nom du produit\u00a0: MARIONETTE Wooden Toys \u2013 Tic Tac Toe<br \/>&#8211; Mat\u00e9riau\u00a0: Bois robuste de haute qualit\u00e9<br \/>&#8211; Couleurs\u00a0: Bleu et blanc<br \/>&#8211; Dimensions\u00a0: 14,5 x 14,5 x 0,5 cm (format compact)<br \/>&#8211; Public cible\u00a0: Convient aux enfants \u00e0 partir de 3\u00a0ans et aux adultes<br \/>&#8211; Type de jeu\u00a0: <strong>Jeu de cercle et de croix<\/strong> \/ Match-3<\/p>\n<\/div>\n<div>Offrez-vous d\u00e8s maintenant ce jeu en bois intemporel pour enfants et d\u00e9couvrez comment le jeu classique de Tic Tac Toe de MARIONETTE Wooden Toys apporte joie et d\u00e9fis strat\u00e9giques \u00e0 la maison.<\/p>\n<\/div>\n<div>\n<\/div>\n","protected":false},"excerpt":{"rendered":"<p>MARIONETTE Jouets en bois \u2013 Morpion en bois D\u00e9couvrez le jeu de Morpion en bois, un classique ind\u00e9modable, sign\u00e9 MARIONETTE. Ce jeu, \u00e9galement connu sous le nom de Jeu du Cercle et de la Croix ou Puissance 3, allie un design de haute qualit\u00e9 \u00e0 un divertissement strat\u00e9gique pour toute la famille. Design unique et mat\u00e9riaux de haute qualit\u00e9Ce jeu en bois ravit petits et grands par son artisanat raffin\u00e9. Fabriqu\u00e9 en bois robuste et&hellip;<\/p>\n","protected":false},"featured_media":158009,"comment_status":"open","ping_status":"closed","template":"","meta":[],"product_brand":[],"product_cat":[],"product_tag":[],"class_list":{"0":"post-253506","1":"product","2":"type-product","3":"status-publish","4":"has-post-thumbnail","6":"product_shipping_class-global_methods","8":"first","9":"instock","10":"taxable","11":"shipping-taxable","12":"purchasable","13":"product-type-simple"},"yoast_head":"<!-- This site is optimized with the Yoast SEO plugin v27.4 - https:\/\/yoast.com\/product\/yoast-seo-wordpress\/ -->\n<title>Marionette Wooden Toys Tic Tac Toe aus Holz | Jetzt kaufen | Schweizversand.ch<\/title>\n<meta name=\"description\" content=\"Marionette Wooden Toys Tic Tac Toe aus Holz g\u00fcnstig kaufen bei Schweizversand.ch. Schnelle Lieferung in der Schweiz. Gratisversand ab CHF 50.\" \/>\n<meta name=\"robots\" content=\"index, follow, max-snippet:-1, max-image-preview:large, max-video-preview:-1\" \/>\n<link rel=\"canonical\" href=\"https:\/\/schweizversand.ch\/fr\/produkt\/marionette-wooden-toys-tic-tac-toe-aus-holz\/\" \/>\n<meta property=\"og:locale\" content=\"fr_FR\" \/>\n<meta property=\"og:type\" content=\"article\" \/>\n<meta property=\"og:title\" content=\"Marionette Wooden Toys Tic Tac Toe aus Holz | Jetzt kaufen | Schweizversand.ch\" \/>\n<meta property=\"og:description\" content=\"Marionette Wooden Toys Tic Tac Toe aus Holz g\u00fcnstig kaufen bei Schweizversand.ch. Schnelle Lieferung in der Schweiz. Gratisversand ab CHF 50.\" \/>\n<meta property=\"og:url\" content=\"https:\/\/schweizversand.ch\/fr\/produkt\/marionette-wooden-toys-tic-tac-toe-aus-holz\/\" \/>\n<meta property=\"og:site_name\" content=\"Schweizer Shop f\u00fcr Sport, Spiel und Freizeit\" \/>\n<meta property=\"article:publisher\" content=\"https:\/\/www.facebook.com\/Schweizversand\" \/>\n<meta property=\"article:modified_time\" content=\"2026-04-21T13:33:28+00:00\" \/>\n<meta property=\"og:image\" content=\"https:\/\/schweizversand.ch\/wp-content\/uploads\/2026\/02\/5472009533.jpg\" \/>\n\t<meta property=\"og:image:width\" content=\"1024\" \/>\n\t<meta property=\"og:image:height\" content=\"1009\" \/>\n\t<meta property=\"og:image:type\" content=\"image\/jpeg\" \/>\n<meta name=\"twitter:card\" content=\"summary_large_image\" \/>\n<meta name=\"twitter:label1\" content=\"Dur\u00e9e de lecture estim\u00e9e\" \/>\n\t<meta name=\"twitter:data1\" content=\"2 minutes\" \/>\n<script type=\"application\/ld+json\" class=\"yoast-schema-graph\">{\"@context\":\"https:\\\/\\\/schema.org\",\"@graph\":[{\"@type\":\"WebPage\",\"@id\":\"https:\\\/\\\/schweizversand.ch\\\/fr\\\/produkt\\\/marionette-wooden-toys-tic-tac-toe-aus-holz\\\/\",\"url\":\"https:\\\/\\\/schweizversand.ch\\\/fr\\\/produkt\\\/marionette-wooden-toys-tic-tac-toe-aus-holz\\\/\",\"name\":\"Marionette Wooden Toys Tic Tac Toe aus Holz | Jetzt kaufen | Schweizversand.ch\",\"isPartOf\":{\"@id\":\"https:\\\/\\\/schweizversand.ch\\\/fr\\\/#website\"},\"primaryImageOfPage\":{\"@id\":\"https:\\\/\\\/schweizversand.ch\\\/fr\\\/produkt\\\/marionette-wooden-toys-tic-tac-toe-aus-holz\\\/#primaryimage\"},\"image\":{\"@id\":\"https:\\\/\\\/schweizversand.ch\\\/fr\\\/produkt\\\/marionette-wooden-toys-tic-tac-toe-aus-holz\\\/#primaryimage\"},\"thumbnailUrl\":\"https:\\\/\\\/schweizversand.ch\\\/wp-content\\\/uploads\\\/2026\\\/02\\\/5472009533.jpg\",\"datePublished\":\"2026-03-14T23:06:01+00:00\",\"dateModified\":\"2026-04-21T13:33:28+00:00\",\"description\":\"Marionette Wooden Toys Tic Tac Toe aus Holz g\u00fcnstig kaufen bei Schweizversand.ch. Schnelle Lieferung in der Schweiz. Gratisversand ab CHF 50.\",\"breadcrumb\":{\"@id\":\"https:\\\/\\\/schweizversand.ch\\\/fr\\\/produkt\\\/marionette-wooden-toys-tic-tac-toe-aus-holz\\\/#breadcrumb\"},\"inLanguage\":\"fr-FR\",\"potentialAction\":[{\"@type\":\"ReadAction\",\"target\":[\"https:\\\/\\\/schweizversand.ch\\\/fr\\\/produkt\\\/marionette-wooden-toys-tic-tac-toe-aus-holz\\\/\"]}]},{\"@type\":\"ImageObject\",\"inLanguage\":\"fr-FR\",\"@id\":\"https:\\\/\\\/schweizversand.ch\\\/fr\\\/produkt\\\/marionette-wooden-toys-tic-tac-toe-aus-holz\\\/#primaryimage\",\"url\":\"https:\\\/\\\/schweizversand.ch\\\/wp-content\\\/uploads\\\/2026\\\/02\\\/5472009533.jpg\",\"contentUrl\":\"https:\\\/\\\/schweizversand.ch\\\/wp-content\\\/uploads\\\/2026\\\/02\\\/5472009533.jpg\",\"width\":1024,\"height\":1009},{\"@type\":\"BreadcrumbList\",\"@id\":\"https:\\\/\\\/schweizversand.ch\\\/fr\\\/produkt\\\/marionette-wooden-toys-tic-tac-toe-aus-holz\\\/#breadcrumb\",\"itemListElement\":[{\"@type\":\"ListItem\",\"position\":1,\"name\":\"Startseite\",\"item\":\"https:\\\/\\\/schweizversand.ch\\\/fr\\\/home\\\/\"},{\"@type\":\"ListItem\",\"position\":2,\"name\":\"Boutique\",\"item\":\"https:\\\/\\\/schweizversand.ch\\\/fr\\\/boutique\\\/\"},{\"@type\":\"ListItem\",\"position\":3,\"name\":\"Jouets et jeux\",\"item\":\"https:\\\/\\\/schweizversand.ch\\\/fr\\\/produkt-kategorie\\\/jouets-et-jeux\\\/\"},{\"@type\":\"ListItem\",\"position\":4,\"name\":\"Jeux et puzzles\",\"item\":\"https:\\\/\\\/schweizversand.ch\\\/fr\\\/produkt-kategorie\\\/jouets-et-jeux\\\/jeux-et-puzzles\\\/\"},{\"@type\":\"ListItem\",\"position\":5,\"name\":\"Jeux de soci\u00e9t\u00e9\",\"item\":\"https:\\\/\\\/schweizversand.ch\\\/fr\\\/produkt-kategorie\\\/gesellschaftsspiel\\\/\"},{\"@type\":\"ListItem\",\"position\":6,\"name\":\"Marionnette en bois, jeu de morpion en bois\"}]},{\"@type\":\"WebSite\",\"@id\":\"https:\\\/\\\/schweizversand.ch\\\/fr\\\/#website\",\"url\":\"https:\\\/\\\/schweizversand.ch\\\/fr\\\/\",\"name\":\"Schweizer Shop f\u00fcr Sport, Spiel und Freizeit\",\"description\":\"Gratisversand ab 50.- (netto), ab eigenem schweizer Lager, Lieferung innert 48h\",\"publisher\":{\"@id\":\"https:\\\/\\\/schweizversand.ch\\\/fr\\\/#organization\"},\"alternateName\":\"Schweizversand.ch\",\"potentialAction\":[{\"@type\":\"SearchAction\",\"target\":{\"@type\":\"EntryPoint\",\"urlTemplate\":\"https:\\\/\\\/schweizversand.ch\\\/fr\\\/?s={search_term_string}\"},\"query-input\":{\"@type\":\"PropertyValueSpecification\",\"valueRequired\":true,\"valueName\":\"search_term_string\"}}],\"inLanguage\":\"fr-FR\"},{\"@type\":\"Organization\",\"@id\":\"https:\\\/\\\/schweizversand.ch\\\/fr\\\/#organization\",\"name\":\"Schweizversand.ch\",\"url\":\"https:\\\/\\\/schweizversand.ch\\\/fr\\\/\",\"logo\":{\"@type\":\"ImageObject\",\"inLanguage\":\"fr-FR\",\"@id\":\"https:\\\/\\\/schweizversand.ch\\\/fr\\\/#\\\/schema\\\/logo\\\/image\\\/\",\"url\":\"https:\\\/\\\/schweizversand.ch\\\/wp-content\\\/uploads\\\/2026\\\/03\\\/Logo_Rund_Final-1.png\",\"contentUrl\":\"https:\\\/\\\/schweizversand.ch\\\/wp-content\\\/uploads\\\/2026\\\/03\\\/Logo_Rund_Final-1.png\",\"width\":404,\"height\":404,\"caption\":\"Schweizversand.ch\"},\"image\":{\"@id\":\"https:\\\/\\\/schweizversand.ch\\\/fr\\\/#\\\/schema\\\/logo\\\/image\\\/\"},\"sameAs\":[\"https:\\\/\\\/www.facebook.com\\\/Schweizversand\",\"https:\\\/\\\/www.instagram.com\\\/schweizversand.ch\\\/\"]}]}<\/script>\n<!-- \/ Yoast SEO plugin. -->","yoast_head_json":{"title":"Marionette Wooden Toys Tic Tac Toe aus Holz | Jetzt kaufen | Schweizversand.ch","description":"Marionette Wooden Toys Tic Tac Toe aus Holz g\u00fcnstig kaufen bei Schweizversand.ch. Schnelle Lieferung in der Schweiz. Gratisversand ab CHF 50.","robots":{"index":"index","follow":"follow","max-snippet":"max-snippet:-1","max-image-preview":"max-image-preview:large","max-video-preview":"max-video-preview:-1"},"canonical":"https:\/\/schweizversand.ch\/fr\/produkt\/marionette-wooden-toys-tic-tac-toe-aus-holz\/","og_locale":"fr_FR","og_type":"article","og_title":"Marionette Wooden Toys Tic Tac Toe aus Holz | Jetzt kaufen | Schweizversand.ch","og_description":"Marionette Wooden Toys Tic Tac Toe aus Holz g\u00fcnstig kaufen bei Schweizversand.ch. Schnelle Lieferung in der Schweiz. Gratisversand ab CHF 50.","og_url":"https:\/\/schweizversand.ch\/fr\/produkt\/marionette-wooden-toys-tic-tac-toe-aus-holz\/","og_site_name":"Schweizer Shop f\u00fcr Sport, Spiel und Freizeit","article_publisher":"https:\/\/www.facebook.com\/Schweizversand","article_modified_time":"2026-04-21T13:33:28+00:00","og_image":[{"width":1024,"height":1009,"url":"https:\/\/schweizversand.ch\/wp-content\/uploads\/2026\/02\/5472009533.jpg","type":"image\/jpeg"}],"twitter_card":"summary_large_image","twitter_misc":{"Dur\u00e9e de lecture estim\u00e9e":"2 minutes"},"schema":{"@context":"https:\/\/schema.org","@graph":[{"@type":"WebPage","@id":"https:\/\/schweizversand.ch\/fr\/produkt\/marionette-wooden-toys-tic-tac-toe-aus-holz\/","url":"https:\/\/schweizversand.ch\/fr\/produkt\/marionette-wooden-toys-tic-tac-toe-aus-holz\/","name":"Marionette Wooden Toys Tic Tac Toe aus Holz | Jetzt kaufen | Schweizversand.ch","isPartOf":{"@id":"https:\/\/schweizversand.ch\/fr\/#website"},"primaryImageOfPage":{"@id":"https:\/\/schweizversand.ch\/fr\/produkt\/marionette-wooden-toys-tic-tac-toe-aus-holz\/#primaryimage"},"image":{"@id":"https:\/\/schweizversand.ch\/fr\/produkt\/marionette-wooden-toys-tic-tac-toe-aus-holz\/#primaryimage"},"thumbnailUrl":"https:\/\/schweizversand.ch\/wp-content\/uploads\/2026\/02\/5472009533.jpg","datePublished":"2026-03-14T23:06:01+00:00","dateModified":"2026-04-21T13:33:28+00:00","description":"Marionette Wooden Toys Tic Tac Toe aus Holz g\u00fcnstig kaufen bei Schweizversand.ch. Schnelle Lieferung in der Schweiz. Gratisversand ab CHF 50.","breadcrumb":{"@id":"https:\/\/schweizversand.ch\/fr\/produkt\/marionette-wooden-toys-tic-tac-toe-aus-holz\/#breadcrumb"},"inLanguage":"fr-FR","potentialAction":[{"@type":"ReadAction","target":["https:\/\/schweizversand.ch\/fr\/produkt\/marionette-wooden-toys-tic-tac-toe-aus-holz\/"]}]},{"@type":"ImageObject","inLanguage":"fr-FR","@id":"https:\/\/schweizversand.ch\/fr\/produkt\/marionette-wooden-toys-tic-tac-toe-aus-holz\/#primaryimage","url":"https:\/\/schweizversand.ch\/wp-content\/uploads\/2026\/02\/5472009533.jpg","contentUrl":"https:\/\/schweizversand.ch\/wp-content\/uploads\/2026\/02\/5472009533.jpg","width":1024,"height":1009},{"@type":"BreadcrumbList","@id":"https:\/\/schweizversand.ch\/fr\/produkt\/marionette-wooden-toys-tic-tac-toe-aus-holz\/#breadcrumb","itemListElement":[{"@type":"ListItem","position":1,"name":"Startseite","item":"https:\/\/schweizversand.ch\/fr\/home\/"},{"@type":"ListItem","position":2,"name":"Boutique","item":"https:\/\/schweizversand.ch\/fr\/boutique\/"},{"@type":"ListItem","position":3,"name":"Jouets et jeux","item":"https:\/\/schweizversand.ch\/fr\/produkt-kategorie\/jouets-et-jeux\/"},{"@type":"ListItem","position":4,"name":"Jeux et puzzles","item":"https:\/\/schweizversand.ch\/fr\/produkt-kategorie\/jouets-et-jeux\/jeux-et-puzzles\/"},{"@type":"ListItem","position":5,"name":"Jeux de soci\u00e9t\u00e9","item":"https:\/\/schweizversand.ch\/fr\/produkt-kategorie\/gesellschaftsspiel\/"},{"@type":"ListItem","position":6,"name":"Marionnette en bois, jeu de morpion en bois"}]},{"@type":"WebSite","@id":"https:\/\/schweizversand.ch\/fr\/#website","url":"https:\/\/schweizversand.ch\/fr\/","name":"Schweizer Shop f\u00fcr Sport, Spiel und Freizeit","description":"Gratisversand ab 50.- (netto), ab eigenem schweizer Lager, Lieferung innert 48h","publisher":{"@id":"https:\/\/schweizversand.ch\/fr\/#organization"},"alternateName":"Schweizversand.ch","potentialAction":[{"@type":"SearchAction","target":{"@type":"EntryPoint","urlTemplate":"https:\/\/schweizversand.ch\/fr\/?s={search_term_string}"},"query-input":{"@type":"PropertyValueSpecification","valueRequired":true,"valueName":"search_term_string"}}],"inLanguage":"fr-FR"},{"@type":"Organization","@id":"https:\/\/schweizversand.ch\/fr\/#organization","name":"Schweizversand.ch","url":"https:\/\/schweizversand.ch\/fr\/","logo":{"@type":"ImageObject","inLanguage":"fr-FR","@id":"https:\/\/schweizversand.ch\/fr\/#\/schema\/logo\/image\/","url":"https:\/\/schweizversand.ch\/wp-content\/uploads\/2026\/03\/Logo_Rund_Final-1.png","contentUrl":"https:\/\/schweizversand.ch\/wp-content\/uploads\/2026\/03\/Logo_Rund_Final-1.png","width":404,"height":404,"caption":"Schweizversand.ch"},"image":{"@id":"https:\/\/schweizversand.ch\/fr\/#\/schema\/logo\/image\/"},"sameAs":["https:\/\/www.facebook.com\/Schweizversand","https:\/\/www.instagram.com\/schweizversand.ch\/"]}]}},"jetpack_sharing_enabled":true,"_links":{"self":[{"href":"https:\/\/schweizversand.ch\/fr\/wp-json\/wp\/v2\/product\/253506","targetHints":{"allow":["GET"]}}],"collection":[{"href":"https:\/\/schweizversand.ch\/fr\/wp-json\/wp\/v2\/product"}],"about":[{"href":"https:\/\/schweizversand.ch\/fr\/wp-json\/wp\/v2\/types\/product"}],"replies":[{"embeddable":true,"href":"https:\/\/schweizversand.ch\/fr\/wp-json\/wp\/v2\/comments?post=253506"}],"wp:featuredmedia":[{"embeddable":true,"href":"https:\/\/schweizversand.ch\/fr\/wp-json\/wp\/v2\/media\/158009"}],"wp:attachment":[{"href":"https:\/\/schweizversand.ch\/fr\/wp-json\/wp\/v2\/media?parent=253506"}],"wp:term":[{"taxonomy":"product_brand","embeddable":true,"href":"https:\/\/schweizversand.ch\/fr\/wp-json\/wp\/v2\/product_brand?post=253506"},{"taxonomy":"product_cat","embeddable":true,"href":"https:\/\/schweizversand.ch\/fr\/wp-json\/wp\/v2\/product_cat?post=253506"},{"taxonomy":"product_tag","embeddable":true,"href":"https:\/\/schweizversand.ch\/fr\/wp-json\/wp\/v2\/product_tag?post=253506"}],"curies":[{"name":"wp","href":"https:\/\/api.w.org\/{rel}","templated":true}]}}