{"id":253524,"date":"2026-03-15T00:06:05","date_gmt":"2026-03-14T23:06:05","guid":{"rendered":"https:\/\/schweizversand.ch\/produkt\/lifetime-shuffle-bowling-golf-tischspiel\/"},"modified":"2026-04-21T15:33:29","modified_gmt":"2026-04-21T13:33:29","slug":"lifetime-shuffle-bowling-golf-tischspiel","status":"publish","type":"product","link":"https:\/\/schweizversand.ch\/fr\/produkt\/lifetime-shuffle-bowling-golf-tischspiel\/","title":{"rendered":"Jeu de table de bowling Lifetime Shuffle \u00ab Golf \u00bb"},"content":{"rendered":"<p>Passez des heures de divertissement lors de vos soir\u00e9es ou les jours de pluie avec le jeu de bowling Shuffle de Lifetime Games, sur le th\u00e8me du golf. Ce set comprend un tapis de jeu pratique et enroulable de 90 cm et 5 palets. Lancez les palets un \u00e0 un sur le tapis et essayez de les faire entrer dans chaque trou. C&rsquo;est simple et amusant ! Gr\u00e2ce \u00e0 ses dimensions de 90 x 20 x 3 cm, le tapis de jeu s&rsquo;adapte facilement \u00e0 presque toutes les tables. Apr\u00e8s utilisation, enroulez-le et emportez-le avec vous \u00e0 la prochaine soir\u00e9e ou m\u00eame en vacances. Profitez d&rsquo;un divertissement nomade avec ce jeu de table captivant sur le th\u00e8me du golf !<\/p>\n<p>Sp\u00e9cifications du jeu de bowling Shuffle de Lifetime Games<\/p>\n<p>Mat\u00e9riau : Plastique<\/p>\n<p>Contenu : 1 tapis de jeu, 5 palets<\/p>\n<p>Tapis de jeu enroulable<\/p>\n<p>Dimensions : 90 x 20 x 3 cm<\/p>\n","protected":false},"excerpt":{"rendered":"<p>Passez des heures de divertissement lors de vos soir\u00e9es ou les jours de pluie avec le jeu de bowling Shuffle de Lifetime Games, sur le th\u00e8me du golf. Ce set comprend un tapis de jeu pratique et enroulable de 90 cm et 5 palets. Lancez les palets un \u00e0 un sur le tapis et essayez de les faire entrer dans chaque trou. C&rsquo;est simple et amusant ! Gr\u00e2ce \u00e0 ses dimensions de 90 x 20&hellip;<\/p>\n","protected":false},"featured_media":158084,"comment_status":"open","ping_status":"closed","template":"","meta":[],"product_brand":[],"product_cat":[38099],"product_tag":[],"class_list":{"0":"post-253524","1":"product","2":"type-product","3":"status-publish","4":"has-post-thumbnail","6":"product_cat-gesellschaftsspiel","7":"product_shipping_class-global_methods","9":"first","10":"instock","11":"taxable","12":"shipping-taxable","13":"purchasable","14":"product-type-simple"},"yoast_head":"<!-- This site is optimized with the Yoast SEO plugin v27.4 - https:\/\/yoast.com\/product\/yoast-seo-wordpress\/ -->\n<title>Lifetime Shuffle Bowling &quot;Golf&quot; Tischspiel | Jetzt kaufen | Schweizversand.ch<\/title>\n<meta name=\"description\" content=\"Lifetime Shuffle Bowling &quot;Golf&quot; Tischspiel g\u00fcnstig kaufen bei Schweizversand.ch. Schnelle Lieferung in der Schweiz. Gratisversand ab CHF 50.\" \/>\n<meta name=\"robots\" content=\"index, follow, max-snippet:-1, max-image-preview:large, max-video-preview:-1\" \/>\n<link rel=\"canonical\" href=\"https:\/\/schweizversand.ch\/fr\/produkt\/lifetime-shuffle-bowling-golf-tischspiel\/\" \/>\n<meta property=\"og:locale\" content=\"fr_FR\" \/>\n<meta property=\"og:type\" content=\"article\" \/>\n<meta property=\"og:title\" content=\"Lifetime Shuffle Bowling &quot;Golf&quot; Tischspiel | Jetzt kaufen | Schweizversand.ch\" \/>\n<meta property=\"og:description\" content=\"Lifetime Shuffle Bowling &quot;Golf&quot; Tischspiel g\u00fcnstig kaufen bei Schweizversand.ch. Schnelle Lieferung in der Schweiz. Gratisversand ab CHF 50.\" \/>\n<meta property=\"og:url\" content=\"https:\/\/schweizversand.ch\/fr\/produkt\/lifetime-shuffle-bowling-golf-tischspiel\/\" \/>\n<meta property=\"og:site_name\" content=\"Schweizer Shop f\u00fcr Sport, Spiel und Freizeit\" \/>\n<meta property=\"article:publisher\" content=\"https:\/\/www.facebook.com\/Schweizversand\" \/>\n<meta property=\"article:modified_time\" content=\"2026-04-21T13:33:29+00:00\" \/>\n<meta property=\"og:image\" content=\"https:\/\/schweizversand.ch\/wp-content\/uploads\/2026\/02\/5471772195.jpg\" \/>\n\t<meta property=\"og:image:width\" content=\"1024\" \/>\n\t<meta property=\"og:image:height\" content=\"957\" \/>\n\t<meta property=\"og:image:type\" content=\"image\/jpeg\" \/>\n<meta name=\"twitter:card\" content=\"summary_large_image\" \/>\n<meta name=\"twitter:label1\" content=\"Dur\u00e9e de lecture estim\u00e9e\" \/>\n\t<meta name=\"twitter:data1\" content=\"1 minute\" \/>\n<script type=\"application\/ld+json\" class=\"yoast-schema-graph\">{\"@context\":\"https:\\\/\\\/schema.org\",\"@graph\":[{\"@type\":\"WebPage\",\"@id\":\"https:\\\/\\\/schweizversand.ch\\\/fr\\\/produkt\\\/lifetime-shuffle-bowling-golf-tischspiel\\\/\",\"url\":\"https:\\\/\\\/schweizversand.ch\\\/fr\\\/produkt\\\/lifetime-shuffle-bowling-golf-tischspiel\\\/\",\"name\":\"Lifetime Shuffle Bowling \\\"Golf\\\" Tischspiel | Jetzt kaufen | Schweizversand.ch\",\"isPartOf\":{\"@id\":\"https:\\\/\\\/schweizversand.ch\\\/fr\\\/#website\"},\"primaryImageOfPage\":{\"@id\":\"https:\\\/\\\/schweizversand.ch\\\/fr\\\/produkt\\\/lifetime-shuffle-bowling-golf-tischspiel\\\/#primaryimage\"},\"image\":{\"@id\":\"https:\\\/\\\/schweizversand.ch\\\/fr\\\/produkt\\\/lifetime-shuffle-bowling-golf-tischspiel\\\/#primaryimage\"},\"thumbnailUrl\":\"https:\\\/\\\/schweizversand.ch\\\/wp-content\\\/uploads\\\/2026\\\/02\\\/5471772195.jpg\",\"datePublished\":\"2026-03-14T23:06:05+00:00\",\"dateModified\":\"2026-04-21T13:33:29+00:00\",\"description\":\"Lifetime Shuffle Bowling \\\"Golf\\\" Tischspiel g\u00fcnstig kaufen bei Schweizversand.ch. Schnelle Lieferung in der Schweiz. Gratisversand ab CHF 50.\",\"breadcrumb\":{\"@id\":\"https:\\\/\\\/schweizversand.ch\\\/fr\\\/produkt\\\/lifetime-shuffle-bowling-golf-tischspiel\\\/#breadcrumb\"},\"inLanguage\":\"fr-FR\",\"potentialAction\":[{\"@type\":\"ReadAction\",\"target\":[\"https:\\\/\\\/schweizversand.ch\\\/fr\\\/produkt\\\/lifetime-shuffle-bowling-golf-tischspiel\\\/\"]}]},{\"@type\":\"ImageObject\",\"inLanguage\":\"fr-FR\",\"@id\":\"https:\\\/\\\/schweizversand.ch\\\/fr\\\/produkt\\\/lifetime-shuffle-bowling-golf-tischspiel\\\/#primaryimage\",\"url\":\"https:\\\/\\\/schweizversand.ch\\\/wp-content\\\/uploads\\\/2026\\\/02\\\/5471772195.jpg\",\"contentUrl\":\"https:\\\/\\\/schweizversand.ch\\\/wp-content\\\/uploads\\\/2026\\\/02\\\/5471772195.jpg\",\"width\":1024,\"height\":957},{\"@type\":\"BreadcrumbList\",\"@id\":\"https:\\\/\\\/schweizversand.ch\\\/fr\\\/produkt\\\/lifetime-shuffle-bowling-golf-tischspiel\\\/#breadcrumb\",\"itemListElement\":[{\"@type\":\"ListItem\",\"position\":1,\"name\":\"Startseite\",\"item\":\"https:\\\/\\\/schweizversand.ch\\\/fr\\\/home\\\/\"},{\"@type\":\"ListItem\",\"position\":2,\"name\":\"Boutique\",\"item\":\"https:\\\/\\\/schweizversand.ch\\\/fr\\\/boutique\\\/\"},{\"@type\":\"ListItem\",\"position\":3,\"name\":\"Jouets et jeux\",\"item\":\"https:\\\/\\\/schweizversand.ch\\\/fr\\\/produkt-kategorie\\\/jouets-et-jeux\\\/\"},{\"@type\":\"ListItem\",\"position\":4,\"name\":\"Jeux et puzzles\",\"item\":\"https:\\\/\\\/schweizversand.ch\\\/fr\\\/produkt-kategorie\\\/jouets-et-jeux\\\/jeux-et-puzzles\\\/\"},{\"@type\":\"ListItem\",\"position\":5,\"name\":\"Jeux de soci\u00e9t\u00e9\",\"item\":\"https:\\\/\\\/schweizversand.ch\\\/fr\\\/produkt-kategorie\\\/gesellschaftsspiel\\\/\"},{\"@type\":\"ListItem\",\"position\":6,\"name\":\"Jeu de table de bowling Lifetime Shuffle \u00ab Golf \u00bb\"}]},{\"@type\":\"WebSite\",\"@id\":\"https:\\\/\\\/schweizversand.ch\\\/fr\\\/#website\",\"url\":\"https:\\\/\\\/schweizversand.ch\\\/fr\\\/\",\"name\":\"Schweizer Shop f\u00fcr Sport, Spiel und Freizeit\",\"description\":\"Gratisversand ab 50.- (netto), ab eigenem schweizer Lager, Lieferung innert 48h\",\"publisher\":{\"@id\":\"https:\\\/\\\/schweizversand.ch\\\/fr\\\/#organization\"},\"alternateName\":\"Schweizversand.ch\",\"potentialAction\":[{\"@type\":\"SearchAction\",\"target\":{\"@type\":\"EntryPoint\",\"urlTemplate\":\"https:\\\/\\\/schweizversand.ch\\\/fr\\\/?s={search_term_string}\"},\"query-input\":{\"@type\":\"PropertyValueSpecification\",\"valueRequired\":true,\"valueName\":\"search_term_string\"}}],\"inLanguage\":\"fr-FR\"},{\"@type\":\"Organization\",\"@id\":\"https:\\\/\\\/schweizversand.ch\\\/fr\\\/#organization\",\"name\":\"Schweizversand.ch\",\"url\":\"https:\\\/\\\/schweizversand.ch\\\/fr\\\/\",\"logo\":{\"@type\":\"ImageObject\",\"inLanguage\":\"fr-FR\",\"@id\":\"https:\\\/\\\/schweizversand.ch\\\/fr\\\/#\\\/schema\\\/logo\\\/image\\\/\",\"url\":\"https:\\\/\\\/schweizversand.ch\\\/wp-content\\\/uploads\\\/2026\\\/03\\\/Logo_Rund_Final-1.png\",\"contentUrl\":\"https:\\\/\\\/schweizversand.ch\\\/wp-content\\\/uploads\\\/2026\\\/03\\\/Logo_Rund_Final-1.png\",\"width\":404,\"height\":404,\"caption\":\"Schweizversand.ch\"},\"image\":{\"@id\":\"https:\\\/\\\/schweizversand.ch\\\/fr\\\/#\\\/schema\\\/logo\\\/image\\\/\"},\"sameAs\":[\"https:\\\/\\\/www.facebook.com\\\/Schweizversand\",\"https:\\\/\\\/www.instagram.com\\\/schweizversand.ch\\\/\"]}]}<\/script>\n<!-- \/ Yoast SEO plugin. -->","yoast_head_json":{"title":"Lifetime Shuffle Bowling \"Golf\" Tischspiel | Jetzt kaufen | Schweizversand.ch","description":"Lifetime Shuffle Bowling \"Golf\" Tischspiel g\u00fcnstig kaufen bei Schweizversand.ch. Schnelle Lieferung in der Schweiz. Gratisversand ab CHF 50.","robots":{"index":"index","follow":"follow","max-snippet":"max-snippet:-1","max-image-preview":"max-image-preview:large","max-video-preview":"max-video-preview:-1"},"canonical":"https:\/\/schweizversand.ch\/fr\/produkt\/lifetime-shuffle-bowling-golf-tischspiel\/","og_locale":"fr_FR","og_type":"article","og_title":"Lifetime Shuffle Bowling \"Golf\" Tischspiel | Jetzt kaufen | Schweizversand.ch","og_description":"Lifetime Shuffle Bowling \"Golf\" Tischspiel g\u00fcnstig kaufen bei Schweizversand.ch. Schnelle Lieferung in der Schweiz. Gratisversand ab CHF 50.","og_url":"https:\/\/schweizversand.ch\/fr\/produkt\/lifetime-shuffle-bowling-golf-tischspiel\/","og_site_name":"Schweizer Shop f\u00fcr Sport, Spiel und Freizeit","article_publisher":"https:\/\/www.facebook.com\/Schweizversand","article_modified_time":"2026-04-21T13:33:29+00:00","og_image":[{"width":1024,"height":957,"url":"https:\/\/schweizversand.ch\/wp-content\/uploads\/2026\/02\/5471772195.jpg","type":"image\/jpeg"}],"twitter_card":"summary_large_image","twitter_misc":{"Dur\u00e9e de lecture estim\u00e9e":"1 minute"},"schema":{"@context":"https:\/\/schema.org","@graph":[{"@type":"WebPage","@id":"https:\/\/schweizversand.ch\/fr\/produkt\/lifetime-shuffle-bowling-golf-tischspiel\/","url":"https:\/\/schweizversand.ch\/fr\/produkt\/lifetime-shuffle-bowling-golf-tischspiel\/","name":"Lifetime Shuffle Bowling \"Golf\" Tischspiel | Jetzt kaufen | Schweizversand.ch","isPartOf":{"@id":"https:\/\/schweizversand.ch\/fr\/#website"},"primaryImageOfPage":{"@id":"https:\/\/schweizversand.ch\/fr\/produkt\/lifetime-shuffle-bowling-golf-tischspiel\/#primaryimage"},"image":{"@id":"https:\/\/schweizversand.ch\/fr\/produkt\/lifetime-shuffle-bowling-golf-tischspiel\/#primaryimage"},"thumbnailUrl":"https:\/\/schweizversand.ch\/wp-content\/uploads\/2026\/02\/5471772195.jpg","datePublished":"2026-03-14T23:06:05+00:00","dateModified":"2026-04-21T13:33:29+00:00","description":"Lifetime Shuffle Bowling \"Golf\" Tischspiel g\u00fcnstig kaufen bei Schweizversand.ch. Schnelle Lieferung in der Schweiz. Gratisversand ab CHF 50.","breadcrumb":{"@id":"https:\/\/schweizversand.ch\/fr\/produkt\/lifetime-shuffle-bowling-golf-tischspiel\/#breadcrumb"},"inLanguage":"fr-FR","potentialAction":[{"@type":"ReadAction","target":["https:\/\/schweizversand.ch\/fr\/produkt\/lifetime-shuffle-bowling-golf-tischspiel\/"]}]},{"@type":"ImageObject","inLanguage":"fr-FR","@id":"https:\/\/schweizversand.ch\/fr\/produkt\/lifetime-shuffle-bowling-golf-tischspiel\/#primaryimage","url":"https:\/\/schweizversand.ch\/wp-content\/uploads\/2026\/02\/5471772195.jpg","contentUrl":"https:\/\/schweizversand.ch\/wp-content\/uploads\/2026\/02\/5471772195.jpg","width":1024,"height":957},{"@type":"BreadcrumbList","@id":"https:\/\/schweizversand.ch\/fr\/produkt\/lifetime-shuffle-bowling-golf-tischspiel\/#breadcrumb","itemListElement":[{"@type":"ListItem","position":1,"name":"Startseite","item":"https:\/\/schweizversand.ch\/fr\/home\/"},{"@type":"ListItem","position":2,"name":"Boutique","item":"https:\/\/schweizversand.ch\/fr\/boutique\/"},{"@type":"ListItem","position":3,"name":"Jouets et jeux","item":"https:\/\/schweizversand.ch\/fr\/produkt-kategorie\/jouets-et-jeux\/"},{"@type":"ListItem","position":4,"name":"Jeux et puzzles","item":"https:\/\/schweizversand.ch\/fr\/produkt-kategorie\/jouets-et-jeux\/jeux-et-puzzles\/"},{"@type":"ListItem","position":5,"name":"Jeux de soci\u00e9t\u00e9","item":"https:\/\/schweizversand.ch\/fr\/produkt-kategorie\/gesellschaftsspiel\/"},{"@type":"ListItem","position":6,"name":"Jeu de table de bowling Lifetime Shuffle \u00ab Golf \u00bb"}]},{"@type":"WebSite","@id":"https:\/\/schweizversand.ch\/fr\/#website","url":"https:\/\/schweizversand.ch\/fr\/","name":"Schweizer Shop f\u00fcr Sport, Spiel und Freizeit","description":"Gratisversand ab 50.- (netto), ab eigenem schweizer Lager, Lieferung innert 48h","publisher":{"@id":"https:\/\/schweizversand.ch\/fr\/#organization"},"alternateName":"Schweizversand.ch","potentialAction":[{"@type":"SearchAction","target":{"@type":"EntryPoint","urlTemplate":"https:\/\/schweizversand.ch\/fr\/?s={search_term_string}"},"query-input":{"@type":"PropertyValueSpecification","valueRequired":true,"valueName":"search_term_string"}}],"inLanguage":"fr-FR"},{"@type":"Organization","@id":"https:\/\/schweizversand.ch\/fr\/#organization","name":"Schweizversand.ch","url":"https:\/\/schweizversand.ch\/fr\/","logo":{"@type":"ImageObject","inLanguage":"fr-FR","@id":"https:\/\/schweizversand.ch\/fr\/#\/schema\/logo\/image\/","url":"https:\/\/schweizversand.ch\/wp-content\/uploads\/2026\/03\/Logo_Rund_Final-1.png","contentUrl":"https:\/\/schweizversand.ch\/wp-content\/uploads\/2026\/03\/Logo_Rund_Final-1.png","width":404,"height":404,"caption":"Schweizversand.ch"},"image":{"@id":"https:\/\/schweizversand.ch\/fr\/#\/schema\/logo\/image\/"},"sameAs":["https:\/\/www.facebook.com\/Schweizversand","https:\/\/www.instagram.com\/schweizversand.ch\/"]}]}},"jetpack_sharing_enabled":true,"_links":{"self":[{"href":"https:\/\/schweizversand.ch\/fr\/wp-json\/wp\/v2\/product\/253524","targetHints":{"allow":["GET"]}}],"collection":[{"href":"https:\/\/schweizversand.ch\/fr\/wp-json\/wp\/v2\/product"}],"about":[{"href":"https:\/\/schweizversand.ch\/fr\/wp-json\/wp\/v2\/types\/product"}],"replies":[{"embeddable":true,"href":"https:\/\/schweizversand.ch\/fr\/wp-json\/wp\/v2\/comments?post=253524"}],"wp:featuredmedia":[{"embeddable":true,"href":"https:\/\/schweizversand.ch\/fr\/wp-json\/wp\/v2\/media\/158084"}],"wp:attachment":[{"href":"https:\/\/schweizversand.ch\/fr\/wp-json\/wp\/v2\/media?parent=253524"}],"wp:term":[{"taxonomy":"product_brand","embeddable":true,"href":"https:\/\/schweizversand.ch\/fr\/wp-json\/wp\/v2\/product_brand?post=253524"},{"taxonomy":"product_cat","embeddable":true,"href":"https:\/\/schweizversand.ch\/fr\/wp-json\/wp\/v2\/product_cat?post=253524"},{"taxonomy":"product_tag","embeddable":true,"href":"https:\/\/schweizversand.ch\/fr\/wp-json\/wp\/v2\/product_tag?post=253524"}],"curies":[{"name":"wp","href":"https:\/\/api.w.org\/{rel}","templated":true}]}}