{"id":253529,"date":"2026-03-15T00:06:06","date_gmt":"2026-03-14T23:06:06","guid":{"rendered":"https:\/\/schweizversand.ch\/produkt\/grundig-solar-led-hausnummernschild-set\/"},"modified":"2026-04-21T15:33:29","modified_gmt":"2026-04-21T13:33:29","slug":"grundig-solar-led-hausnummernschild-set","status":"publish","type":"product","link":"https:\/\/schweizversand.ch\/fr\/produkt\/grundig-solar-led-hausnummernschild-set\/","title":{"rendered":"Ensemble de panneaux de num\u00e9ro de maison \u00e0 LED solaires Grundig"},"content":{"rendered":"<p>Cette \u00e9l\u00e9gante applique solaire pour num\u00e9ro de maison embellit votre entr\u00e9e et, gr\u00e2ce \u00e0 son excellente lisibilit\u00e9, guide parfaitement vos visiteurs. Sa batterie int\u00e9gr\u00e9e se recharge \u00e0 l&rsquo;\u00e9nergie solaire pendant la journ\u00e9e. D\u00e8s la tomb\u00e9e de la nuit, les deux LED lumineuses s&rsquo;allument automatiquement gr\u00e2ce au capteur cr\u00e9pusculaire.<\/p>\n<\/p>\n<p>Points forts de la lampe num\u00e9ro de maison\u00a0:<\/p>\n<\/p>\n<p>&#8211; Acier inoxydable r\u00e9sistant aux intemp\u00e9ries<\/p>\n<\/p>\n<p>&#8211; Capteur cr\u00e9pusculaire\u00a0: s&rsquo;allume automatiquement \u00e0 la tomb\u00e9e de la nuit<\/p>\n<\/p>\n<p>&#8211; Alimentation solaire\u00a0: sans piles ni branchement secteur<\/p>\n<\/p>\n<p>&#8211; Batterie int\u00e9gr\u00e9e de 600\u00a0mAh<\/p>\n<\/p>\n<p>&#8211; Comprend trois jeux de chiffres (0 \u00e0 9) et un jeu de lettres (a \u00e0 d)<\/p>\n<\/p>\n<p>Caract\u00e9ristiques techniques de la lampe num\u00e9ro de maison\u00a0:<\/p>\n<\/p>\n<p>&#8211; Couleur de la lumi\u00e8re\u00a0: blanc froid<\/p>\n<\/p>\n<p>&#8211; Autonomie\u00a0: jusqu&rsquo;\u00e0 8\u00a0heures<\/p>\n<\/p>\n<p>&#8211; 2\u00a0LED<\/p>\n<\/p>\n<p>&#8211; Dimensions (L x H x P)\u00a0: 26 x 25 x 6,5\u00a0cm<\/p>\n<\/p>\n<p>&#8211; Kit de fixation inclus<\/p>\n","protected":false},"excerpt":{"rendered":"<p>Cette \u00e9l\u00e9gante applique solaire pour num\u00e9ro de maison embellit votre entr\u00e9e et, gr\u00e2ce \u00e0 son excellente lisibilit\u00e9, guide parfaitement vos visiteurs. Sa batterie int\u00e9gr\u00e9e se recharge \u00e0 l&rsquo;\u00e9nergie solaire pendant la journ\u00e9e. D\u00e8s la tomb\u00e9e de la nuit, les deux LED lumineuses s&rsquo;allument automatiquement gr\u00e2ce au capteur cr\u00e9pusculaire. Points forts de la lampe num\u00e9ro de maison\u00a0: &#8211; Acier inoxydable r\u00e9sistant aux intemp\u00e9ries &#8211; Capteur cr\u00e9pusculaire\u00a0: s&rsquo;allume automatiquement \u00e0 la tomb\u00e9e de la nuit &#8211; Alimentation&hellip;<\/p>\n","protected":false},"featured_media":158104,"comment_status":"open","ping_status":"closed","template":"","meta":[],"product_brand":[],"product_cat":[38159],"product_tag":[],"class_list":{"0":"post-253529","1":"product","2":"type-product","3":"status-publish","4":"has-post-thumbnail","6":"product_cat-gartenbeleuchtung","7":"product_shipping_class-global_methods","9":"first","10":"instock","11":"taxable","12":"shipping-taxable","13":"purchasable","14":"product-type-simple"},"yoast_head":"<!-- This site is optimized with the Yoast SEO plugin v27.4 - https:\/\/yoast.com\/product\/yoast-seo-wordpress\/ -->\n<title>Grundig Solar-LED-Hausnummernschild-Set | Jetzt kaufen | Schweizversand.ch<\/title>\n<meta name=\"description\" content=\"Grundig Solar-LED-Hausnummernschild-Set g\u00fcnstig kaufen bei Schweizversand.ch. Schnelle Lieferung in der Schweiz. Gratisversand ab CHF 50.\" \/>\n<meta name=\"robots\" content=\"index, follow, max-snippet:-1, max-image-preview:large, max-video-preview:-1\" \/>\n<link rel=\"canonical\" href=\"https:\/\/schweizversand.ch\/fr\/produkt\/grundig-solar-led-hausnummernschild-set\/\" \/>\n<meta property=\"og:locale\" content=\"fr_FR\" \/>\n<meta property=\"og:type\" content=\"article\" \/>\n<meta property=\"og:title\" content=\"Grundig Solar-LED-Hausnummernschild-Set | Jetzt kaufen | Schweizversand.ch\" \/>\n<meta property=\"og:description\" content=\"Grundig Solar-LED-Hausnummernschild-Set g\u00fcnstig kaufen bei Schweizversand.ch. Schnelle Lieferung in der Schweiz. Gratisversand ab CHF 50.\" \/>\n<meta property=\"og:url\" content=\"https:\/\/schweizversand.ch\/fr\/produkt\/grundig-solar-led-hausnummernschild-set\/\" \/>\n<meta property=\"og:site_name\" content=\"Schweizer Shop f\u00fcr Sport, Spiel und Freizeit\" \/>\n<meta property=\"article:publisher\" content=\"https:\/\/www.facebook.com\/Schweizversand\" \/>\n<meta property=\"article:modified_time\" content=\"2026-04-21T13:33:29+00:00\" \/>\n<meta property=\"og:image\" content=\"https:\/\/schweizversand.ch\/wp-content\/uploads\/2026\/02\/5472108246.jpg\" \/>\n\t<meta property=\"og:image:width\" content=\"1024\" \/>\n\t<meta property=\"og:image:height\" content=\"1024\" \/>\n\t<meta property=\"og:image:type\" content=\"image\/jpeg\" \/>\n<meta name=\"twitter:card\" content=\"summary_large_image\" \/>\n<meta name=\"twitter:label1\" content=\"Dur\u00e9e de lecture estim\u00e9e\" \/>\n\t<meta name=\"twitter:data1\" content=\"1 minute\" \/>\n<script type=\"application\/ld+json\" class=\"yoast-schema-graph\">{\"@context\":\"https:\\\/\\\/schema.org\",\"@graph\":[{\"@type\":\"WebPage\",\"@id\":\"https:\\\/\\\/schweizversand.ch\\\/fr\\\/produkt\\\/grundig-solar-led-hausnummernschild-set\\\/\",\"url\":\"https:\\\/\\\/schweizversand.ch\\\/fr\\\/produkt\\\/grundig-solar-led-hausnummernschild-set\\\/\",\"name\":\"Grundig Solar-LED-Hausnummernschild-Set | Jetzt kaufen | Schweizversand.ch\",\"isPartOf\":{\"@id\":\"https:\\\/\\\/schweizversand.ch\\\/fr\\\/#website\"},\"primaryImageOfPage\":{\"@id\":\"https:\\\/\\\/schweizversand.ch\\\/fr\\\/produkt\\\/grundig-solar-led-hausnummernschild-set\\\/#primaryimage\"},\"image\":{\"@id\":\"https:\\\/\\\/schweizversand.ch\\\/fr\\\/produkt\\\/grundig-solar-led-hausnummernschild-set\\\/#primaryimage\"},\"thumbnailUrl\":\"https:\\\/\\\/schweizversand.ch\\\/wp-content\\\/uploads\\\/2026\\\/02\\\/5472108246.jpg\",\"datePublished\":\"2026-03-14T23:06:06+00:00\",\"dateModified\":\"2026-04-21T13:33:29+00:00\",\"description\":\"Grundig Solar-LED-Hausnummernschild-Set g\u00fcnstig kaufen bei Schweizversand.ch. Schnelle Lieferung in der Schweiz. Gratisversand ab CHF 50.\",\"breadcrumb\":{\"@id\":\"https:\\\/\\\/schweizversand.ch\\\/fr\\\/produkt\\\/grundig-solar-led-hausnummernschild-set\\\/#breadcrumb\"},\"inLanguage\":\"fr-FR\",\"potentialAction\":[{\"@type\":\"ReadAction\",\"target\":[\"https:\\\/\\\/schweizversand.ch\\\/fr\\\/produkt\\\/grundig-solar-led-hausnummernschild-set\\\/\"]}]},{\"@type\":\"ImageObject\",\"inLanguage\":\"fr-FR\",\"@id\":\"https:\\\/\\\/schweizversand.ch\\\/fr\\\/produkt\\\/grundig-solar-led-hausnummernschild-set\\\/#primaryimage\",\"url\":\"https:\\\/\\\/schweizversand.ch\\\/wp-content\\\/uploads\\\/2026\\\/02\\\/5472108246.jpg\",\"contentUrl\":\"https:\\\/\\\/schweizversand.ch\\\/wp-content\\\/uploads\\\/2026\\\/02\\\/5472108246.jpg\",\"width\":1024,\"height\":1024},{\"@type\":\"BreadcrumbList\",\"@id\":\"https:\\\/\\\/schweizversand.ch\\\/fr\\\/produkt\\\/grundig-solar-led-hausnummernschild-set\\\/#breadcrumb\",\"itemListElement\":[{\"@type\":\"ListItem\",\"position\":1,\"name\":\"Startseite\",\"item\":\"https:\\\/\\\/schweizversand.ch\\\/fr\\\/home\\\/\"},{\"@type\":\"ListItem\",\"position\":2,\"name\":\"Boutique\",\"item\":\"https:\\\/\\\/schweizversand.ch\\\/fr\\\/boutique\\\/\"},{\"@type\":\"ListItem\",\"position\":3,\"name\":\"Maison et jardin\",\"item\":\"https:\\\/\\\/schweizversand.ch\\\/fr\\\/produkt-kategorie\\\/maison-et-jardin\\\/\"},{\"@type\":\"ListItem\",\"position\":4,\"name\":\"Mobilier de jardin\",\"item\":\"https:\\\/\\\/schweizversand.ch\\\/fr\\\/produkt-kategorie\\\/maison-et-jardin\\\/mobilier-de-jardin\\\/\"},{\"@type\":\"ListItem\",\"position\":5,\"name\":\"\u00c9clairage de jardin\",\"item\":\"https:\\\/\\\/schweizversand.ch\\\/fr\\\/produkt-kategorie\\\/maison-et-jardin\\\/mobilier-de-jardin\\\/gartenbeleuchtung\\\/\"},{\"@type\":\"ListItem\",\"position\":6,\"name\":\"Ensemble de panneaux de num\u00e9ro de maison \u00e0 LED solaires Grundig\"}]},{\"@type\":\"WebSite\",\"@id\":\"https:\\\/\\\/schweizversand.ch\\\/fr\\\/#website\",\"url\":\"https:\\\/\\\/schweizversand.ch\\\/fr\\\/\",\"name\":\"Schweizer Shop f\u00fcr Sport, Spiel und Freizeit\",\"description\":\"Gratisversand ab 50.- (netto), ab eigenem schweizer Lager, Lieferung innert 48h\",\"publisher\":{\"@id\":\"https:\\\/\\\/schweizversand.ch\\\/fr\\\/#organization\"},\"alternateName\":\"Schweizversand.ch\",\"potentialAction\":[{\"@type\":\"SearchAction\",\"target\":{\"@type\":\"EntryPoint\",\"urlTemplate\":\"https:\\\/\\\/schweizversand.ch\\\/fr\\\/?s={search_term_string}\"},\"query-input\":{\"@type\":\"PropertyValueSpecification\",\"valueRequired\":true,\"valueName\":\"search_term_string\"}}],\"inLanguage\":\"fr-FR\"},{\"@type\":\"Organization\",\"@id\":\"https:\\\/\\\/schweizversand.ch\\\/fr\\\/#organization\",\"name\":\"Schweizversand.ch\",\"url\":\"https:\\\/\\\/schweizversand.ch\\\/fr\\\/\",\"logo\":{\"@type\":\"ImageObject\",\"inLanguage\":\"fr-FR\",\"@id\":\"https:\\\/\\\/schweizversand.ch\\\/fr\\\/#\\\/schema\\\/logo\\\/image\\\/\",\"url\":\"https:\\\/\\\/schweizversand.ch\\\/wp-content\\\/uploads\\\/2026\\\/03\\\/Logo_Rund_Final-1.png\",\"contentUrl\":\"https:\\\/\\\/schweizversand.ch\\\/wp-content\\\/uploads\\\/2026\\\/03\\\/Logo_Rund_Final-1.png\",\"width\":404,\"height\":404,\"caption\":\"Schweizversand.ch\"},\"image\":{\"@id\":\"https:\\\/\\\/schweizversand.ch\\\/fr\\\/#\\\/schema\\\/logo\\\/image\\\/\"},\"sameAs\":[\"https:\\\/\\\/www.facebook.com\\\/Schweizversand\",\"https:\\\/\\\/www.instagram.com\\\/schweizversand.ch\\\/\"]}]}<\/script>\n<!-- \/ Yoast SEO plugin. -->","yoast_head_json":{"title":"Grundig Solar-LED-Hausnummernschild-Set | Jetzt kaufen | Schweizversand.ch","description":"Grundig Solar-LED-Hausnummernschild-Set g\u00fcnstig kaufen bei Schweizversand.ch. Schnelle Lieferung in der Schweiz. Gratisversand ab CHF 50.","robots":{"index":"index","follow":"follow","max-snippet":"max-snippet:-1","max-image-preview":"max-image-preview:large","max-video-preview":"max-video-preview:-1"},"canonical":"https:\/\/schweizversand.ch\/fr\/produkt\/grundig-solar-led-hausnummernschild-set\/","og_locale":"fr_FR","og_type":"article","og_title":"Grundig Solar-LED-Hausnummernschild-Set | Jetzt kaufen | Schweizversand.ch","og_description":"Grundig Solar-LED-Hausnummernschild-Set g\u00fcnstig kaufen bei Schweizversand.ch. Schnelle Lieferung in der Schweiz. Gratisversand ab CHF 50.","og_url":"https:\/\/schweizversand.ch\/fr\/produkt\/grundig-solar-led-hausnummernschild-set\/","og_site_name":"Schweizer Shop f\u00fcr Sport, Spiel und Freizeit","article_publisher":"https:\/\/www.facebook.com\/Schweizversand","article_modified_time":"2026-04-21T13:33:29+00:00","og_image":[{"width":1024,"height":1024,"url":"https:\/\/schweizversand.ch\/wp-content\/uploads\/2026\/02\/5472108246.jpg","type":"image\/jpeg"}],"twitter_card":"summary_large_image","twitter_misc":{"Dur\u00e9e de lecture estim\u00e9e":"1 minute"},"schema":{"@context":"https:\/\/schema.org","@graph":[{"@type":"WebPage","@id":"https:\/\/schweizversand.ch\/fr\/produkt\/grundig-solar-led-hausnummernschild-set\/","url":"https:\/\/schweizversand.ch\/fr\/produkt\/grundig-solar-led-hausnummernschild-set\/","name":"Grundig Solar-LED-Hausnummernschild-Set | Jetzt kaufen | Schweizversand.ch","isPartOf":{"@id":"https:\/\/schweizversand.ch\/fr\/#website"},"primaryImageOfPage":{"@id":"https:\/\/schweizversand.ch\/fr\/produkt\/grundig-solar-led-hausnummernschild-set\/#primaryimage"},"image":{"@id":"https:\/\/schweizversand.ch\/fr\/produkt\/grundig-solar-led-hausnummernschild-set\/#primaryimage"},"thumbnailUrl":"https:\/\/schweizversand.ch\/wp-content\/uploads\/2026\/02\/5472108246.jpg","datePublished":"2026-03-14T23:06:06+00:00","dateModified":"2026-04-21T13:33:29+00:00","description":"Grundig Solar-LED-Hausnummernschild-Set g\u00fcnstig kaufen bei Schweizversand.ch. Schnelle Lieferung in der Schweiz. Gratisversand ab CHF 50.","breadcrumb":{"@id":"https:\/\/schweizversand.ch\/fr\/produkt\/grundig-solar-led-hausnummernschild-set\/#breadcrumb"},"inLanguage":"fr-FR","potentialAction":[{"@type":"ReadAction","target":["https:\/\/schweizversand.ch\/fr\/produkt\/grundig-solar-led-hausnummernschild-set\/"]}]},{"@type":"ImageObject","inLanguage":"fr-FR","@id":"https:\/\/schweizversand.ch\/fr\/produkt\/grundig-solar-led-hausnummernschild-set\/#primaryimage","url":"https:\/\/schweizversand.ch\/wp-content\/uploads\/2026\/02\/5472108246.jpg","contentUrl":"https:\/\/schweizversand.ch\/wp-content\/uploads\/2026\/02\/5472108246.jpg","width":1024,"height":1024},{"@type":"BreadcrumbList","@id":"https:\/\/schweizversand.ch\/fr\/produkt\/grundig-solar-led-hausnummernschild-set\/#breadcrumb","itemListElement":[{"@type":"ListItem","position":1,"name":"Startseite","item":"https:\/\/schweizversand.ch\/fr\/home\/"},{"@type":"ListItem","position":2,"name":"Boutique","item":"https:\/\/schweizversand.ch\/fr\/boutique\/"},{"@type":"ListItem","position":3,"name":"Maison et jardin","item":"https:\/\/schweizversand.ch\/fr\/produkt-kategorie\/maison-et-jardin\/"},{"@type":"ListItem","position":4,"name":"Mobilier de jardin","item":"https:\/\/schweizversand.ch\/fr\/produkt-kategorie\/maison-et-jardin\/mobilier-de-jardin\/"},{"@type":"ListItem","position":5,"name":"\u00c9clairage de jardin","item":"https:\/\/schweizversand.ch\/fr\/produkt-kategorie\/maison-et-jardin\/mobilier-de-jardin\/gartenbeleuchtung\/"},{"@type":"ListItem","position":6,"name":"Ensemble de panneaux de num\u00e9ro de maison \u00e0 LED solaires Grundig"}]},{"@type":"WebSite","@id":"https:\/\/schweizversand.ch\/fr\/#website","url":"https:\/\/schweizversand.ch\/fr\/","name":"Schweizer Shop f\u00fcr Sport, Spiel und Freizeit","description":"Gratisversand ab 50.- (netto), ab eigenem schweizer Lager, Lieferung innert 48h","publisher":{"@id":"https:\/\/schweizversand.ch\/fr\/#organization"},"alternateName":"Schweizversand.ch","potentialAction":[{"@type":"SearchAction","target":{"@type":"EntryPoint","urlTemplate":"https:\/\/schweizversand.ch\/fr\/?s={search_term_string}"},"query-input":{"@type":"PropertyValueSpecification","valueRequired":true,"valueName":"search_term_string"}}],"inLanguage":"fr-FR"},{"@type":"Organization","@id":"https:\/\/schweizversand.ch\/fr\/#organization","name":"Schweizversand.ch","url":"https:\/\/schweizversand.ch\/fr\/","logo":{"@type":"ImageObject","inLanguage":"fr-FR","@id":"https:\/\/schweizversand.ch\/fr\/#\/schema\/logo\/image\/","url":"https:\/\/schweizversand.ch\/wp-content\/uploads\/2026\/03\/Logo_Rund_Final-1.png","contentUrl":"https:\/\/schweizversand.ch\/wp-content\/uploads\/2026\/03\/Logo_Rund_Final-1.png","width":404,"height":404,"caption":"Schweizversand.ch"},"image":{"@id":"https:\/\/schweizversand.ch\/fr\/#\/schema\/logo\/image\/"},"sameAs":["https:\/\/www.facebook.com\/Schweizversand","https:\/\/www.instagram.com\/schweizversand.ch\/"]}]}},"jetpack_sharing_enabled":true,"_links":{"self":[{"href":"https:\/\/schweizversand.ch\/fr\/wp-json\/wp\/v2\/product\/253529","targetHints":{"allow":["GET"]}}],"collection":[{"href":"https:\/\/schweizversand.ch\/fr\/wp-json\/wp\/v2\/product"}],"about":[{"href":"https:\/\/schweizversand.ch\/fr\/wp-json\/wp\/v2\/types\/product"}],"replies":[{"embeddable":true,"href":"https:\/\/schweizversand.ch\/fr\/wp-json\/wp\/v2\/comments?post=253529"}],"wp:featuredmedia":[{"embeddable":true,"href":"https:\/\/schweizversand.ch\/fr\/wp-json\/wp\/v2\/media\/158104"}],"wp:attachment":[{"href":"https:\/\/schweizversand.ch\/fr\/wp-json\/wp\/v2\/media?parent=253529"}],"wp:term":[{"taxonomy":"product_brand","embeddable":true,"href":"https:\/\/schweizversand.ch\/fr\/wp-json\/wp\/v2\/product_brand?post=253529"},{"taxonomy":"product_cat","embeddable":true,"href":"https:\/\/schweizversand.ch\/fr\/wp-json\/wp\/v2\/product_cat?post=253529"},{"taxonomy":"product_tag","embeddable":true,"href":"https:\/\/schweizversand.ch\/fr\/wp-json\/wp\/v2\/product_tag?post=253529"}],"curies":[{"name":"wp","href":"https:\/\/api.w.org\/{rel}","templated":true}]}}