{"id":253537,"date":"2026-03-15T00:06:07","date_gmt":"2026-03-14T23:06:07","guid":{"rendered":"https:\/\/schweizversand.ch\/produkt\/champ-aschenbecher\/"},"modified":"2026-04-21T15:33:29","modified_gmt":"2026-04-21T13:33:29","slug":"champ-aschenbecher","status":"publish","type":"product","link":"https:\/\/schweizversand.ch\/fr\/produkt\/champ-aschenbecher\/","title":{"rendered":"Cendrier CHAMP"},"content":{"rendered":"<p>Gardez votre espace propre et rang\u00e9 gr\u00e2ce \u00e0 ce cendrier en plastique polyvalent aux couleurs vives. Il peut contenir jusqu&rsquo;\u00e0 quatre cigarettes, ce qui le rend id\u00e9al pour les r\u00e9unions entre amis, en int\u00e9rieur comme en ext\u00e9rieur.<\/p>\n<p>Caract\u00e9ristiques\u00a0:<\/p>\n<p>\u2022 Mati\u00e8re\u00a0: PVC rigide<\/p>\n<p>\u2022 Dimensions\u00a0: Longueur 11\u00a0cm, Diam\u00e8tre 8\u00a0cm<\/p>\n<p>Avec sa taille compacte et son design attrayant, ce cendrier en plastique est une solution pratique et \u00e9l\u00e9gante pour les fumeurs. Gardez votre espace propre tout en profitant de votre cigarette gr\u00e2ce \u00e0 ce cendrier fonctionnel.<\/p>\n<p>Ce cendrier est disponible dans une vari\u00e9t\u00e9 de couleurs attrayantes\u00a0:<\/p>\n<p>\u2022 Orange<\/p>\n<p>\u2022 Vert<\/p>\n<p>\u2022 Rose<\/p>\n<p>\u2022 Bleu<\/p>\n<p>La couleur ne peut pas \u00eatre s\u00e9lectionn\u00e9e. L&rsquo;envoi est al\u00e9atoire dans la mesure du possible, selon les stocks disponibles.<\/p>\n<p>Prix unitaire.<\/p>\n","protected":false},"excerpt":{"rendered":"<p>Gardez votre espace propre et rang\u00e9 gr\u00e2ce \u00e0 ce cendrier en plastique polyvalent aux couleurs vives. Il peut contenir jusqu&rsquo;\u00e0 quatre cigarettes, ce qui le rend id\u00e9al pour les r\u00e9unions entre amis, en int\u00e9rieur comme en ext\u00e9rieur. Caract\u00e9ristiques\u00a0: \u2022 Mati\u00e8re\u00a0: PVC rigide \u2022 Dimensions\u00a0: Longueur 11\u00a0cm, Diam\u00e8tre 8\u00a0cm Avec sa taille compacte et son design attrayant, ce cendrier en plastique est une solution pratique et \u00e9l\u00e9gante pour les fumeurs. Gardez votre espace propre tout en&hellip;<\/p>\n","protected":false},"featured_media":158144,"comment_status":"open","ping_status":"closed","template":"","meta":[],"product_brand":[],"product_cat":[38840,38843,38841],"product_tag":[],"class_list":{"0":"post-253537","1":"product","2":"type-product","3":"status-publish","4":"has-post-thumbnail","6":"product_cat-aschenbecher","7":"product_cat-cendriers","8":"product_cat-nourriture","9":"product_shipping_class-global_methods","11":"first","12":"instock","13":"taxable","14":"shipping-taxable","15":"purchasable","16":"product-type-simple"},"yoast_head":"<!-- This site is optimized with the Yoast SEO plugin v27.4 - https:\/\/yoast.com\/product\/yoast-seo-wordpress\/ -->\n<title>CHAMP Aschenbecher | Jetzt kaufen | Schweizversand.ch<\/title>\n<meta name=\"description\" content=\"CHAMP Aschenbecher g\u00fcnstig kaufen bei Schweizversand.ch. Schnelle Lieferung in der Schweiz. Gratisversand ab CHF 50.\" \/>\n<meta name=\"robots\" content=\"index, follow, max-snippet:-1, max-image-preview:large, max-video-preview:-1\" \/>\n<link rel=\"canonical\" href=\"https:\/\/schweizversand.ch\/fr\/produkt\/champ-aschenbecher\/\" \/>\n<meta property=\"og:locale\" content=\"fr_FR\" \/>\n<meta property=\"og:type\" content=\"article\" \/>\n<meta property=\"og:title\" content=\"CHAMP Aschenbecher | Jetzt kaufen | Schweizversand.ch\" \/>\n<meta property=\"og:description\" content=\"CHAMP Aschenbecher g\u00fcnstig kaufen bei Schweizversand.ch. Schnelle Lieferung in der Schweiz. Gratisversand ab CHF 50.\" \/>\n<meta property=\"og:url\" content=\"https:\/\/schweizversand.ch\/fr\/produkt\/champ-aschenbecher\/\" \/>\n<meta property=\"og:site_name\" content=\"Schweizer Shop f\u00fcr Sport, Spiel und Freizeit\" \/>\n<meta property=\"article:publisher\" content=\"https:\/\/www.facebook.com\/Schweizversand\" \/>\n<meta property=\"article:modified_time\" content=\"2026-04-21T13:33:29+00:00\" \/>\n<meta property=\"og:image\" content=\"https:\/\/schweizversand.ch\/wp-content\/uploads\/2026\/02\/5471679068.jpg\" \/>\n\t<meta property=\"og:image:width\" content=\"1024\" \/>\n\t<meta property=\"og:image:height\" content=\"949\" \/>\n\t<meta property=\"og:image:type\" content=\"image\/jpeg\" \/>\n<meta name=\"twitter:card\" content=\"summary_large_image\" \/>\n<meta name=\"twitter:label1\" content=\"Dur\u00e9e de lecture estim\u00e9e\" \/>\n\t<meta name=\"twitter:data1\" content=\"1 minute\" \/>\n<script type=\"application\/ld+json\" class=\"yoast-schema-graph\">{\"@context\":\"https:\\\/\\\/schema.org\",\"@graph\":[{\"@type\":\"WebPage\",\"@id\":\"https:\\\/\\\/schweizversand.ch\\\/fr\\\/produkt\\\/champ-aschenbecher\\\/\",\"url\":\"https:\\\/\\\/schweizversand.ch\\\/fr\\\/produkt\\\/champ-aschenbecher\\\/\",\"name\":\"CHAMP Aschenbecher | Jetzt kaufen | Schweizversand.ch\",\"isPartOf\":{\"@id\":\"https:\\\/\\\/schweizversand.ch\\\/fr\\\/#website\"},\"primaryImageOfPage\":{\"@id\":\"https:\\\/\\\/schweizversand.ch\\\/fr\\\/produkt\\\/champ-aschenbecher\\\/#primaryimage\"},\"image\":{\"@id\":\"https:\\\/\\\/schweizversand.ch\\\/fr\\\/produkt\\\/champ-aschenbecher\\\/#primaryimage\"},\"thumbnailUrl\":\"https:\\\/\\\/schweizversand.ch\\\/wp-content\\\/uploads\\\/2026\\\/02\\\/5471679068.jpg\",\"datePublished\":\"2026-03-14T23:06:07+00:00\",\"dateModified\":\"2026-04-21T13:33:29+00:00\",\"description\":\"CHAMP Aschenbecher g\u00fcnstig kaufen bei Schweizversand.ch. Schnelle Lieferung in der Schweiz. Gratisversand ab CHF 50.\",\"breadcrumb\":{\"@id\":\"https:\\\/\\\/schweizversand.ch\\\/fr\\\/produkt\\\/champ-aschenbecher\\\/#breadcrumb\"},\"inLanguage\":\"fr-FR\",\"potentialAction\":[{\"@type\":\"ReadAction\",\"target\":[\"https:\\\/\\\/schweizversand.ch\\\/fr\\\/produkt\\\/champ-aschenbecher\\\/\"]}]},{\"@type\":\"ImageObject\",\"inLanguage\":\"fr-FR\",\"@id\":\"https:\\\/\\\/schweizversand.ch\\\/fr\\\/produkt\\\/champ-aschenbecher\\\/#primaryimage\",\"url\":\"https:\\\/\\\/schweizversand.ch\\\/wp-content\\\/uploads\\\/2026\\\/02\\\/5471679068.jpg\",\"contentUrl\":\"https:\\\/\\\/schweizversand.ch\\\/wp-content\\\/uploads\\\/2026\\\/02\\\/5471679068.jpg\",\"width\":1024,\"height\":949},{\"@type\":\"BreadcrumbList\",\"@id\":\"https:\\\/\\\/schweizversand.ch\\\/fr\\\/produkt\\\/champ-aschenbecher\\\/#breadcrumb\",\"itemListElement\":[{\"@type\":\"ListItem\",\"position\":1,\"name\":\"Startseite\",\"item\":\"https:\\\/\\\/schweizversand.ch\\\/fr\\\/home\\\/\"},{\"@type\":\"ListItem\",\"position\":2,\"name\":\"Boutique\",\"item\":\"https:\\\/\\\/schweizversand.ch\\\/fr\\\/boutique\\\/\"},{\"@type\":\"ListItem\",\"position\":3,\"name\":\"Accueil\",\"item\":\"https:\\\/\\\/schweizversand.ch\\\/fr\\\/produkt-kategorie\\\/accueil\\\/\"},{\"@type\":\"ListItem\",\"position\":4,\"name\":\"Nourriture\",\"item\":\"https:\\\/\\\/schweizversand.ch\\\/fr\\\/produkt-kategorie\\\/accueil\\\/nourriture\\\/\"},{\"@type\":\"ListItem\",\"position\":5,\"name\":\"Cendrier CHAMP\"}]},{\"@type\":\"WebSite\",\"@id\":\"https:\\\/\\\/schweizversand.ch\\\/fr\\\/#website\",\"url\":\"https:\\\/\\\/schweizversand.ch\\\/fr\\\/\",\"name\":\"Schweizer Shop f\u00fcr Sport, Spiel und Freizeit\",\"description\":\"Gratisversand ab 50.- (netto), ab eigenem schweizer Lager, Lieferung innert 48h\",\"publisher\":{\"@id\":\"https:\\\/\\\/schweizversand.ch\\\/fr\\\/#organization\"},\"alternateName\":\"Schweizversand.ch\",\"potentialAction\":[{\"@type\":\"SearchAction\",\"target\":{\"@type\":\"EntryPoint\",\"urlTemplate\":\"https:\\\/\\\/schweizversand.ch\\\/fr\\\/?s={search_term_string}\"},\"query-input\":{\"@type\":\"PropertyValueSpecification\",\"valueRequired\":true,\"valueName\":\"search_term_string\"}}],\"inLanguage\":\"fr-FR\"},{\"@type\":\"Organization\",\"@id\":\"https:\\\/\\\/schweizversand.ch\\\/fr\\\/#organization\",\"name\":\"Schweizversand.ch\",\"url\":\"https:\\\/\\\/schweizversand.ch\\\/fr\\\/\",\"logo\":{\"@type\":\"ImageObject\",\"inLanguage\":\"fr-FR\",\"@id\":\"https:\\\/\\\/schweizversand.ch\\\/fr\\\/#\\\/schema\\\/logo\\\/image\\\/\",\"url\":\"https:\\\/\\\/schweizversand.ch\\\/wp-content\\\/uploads\\\/2026\\\/03\\\/Logo_Rund_Final-1.png\",\"contentUrl\":\"https:\\\/\\\/schweizversand.ch\\\/wp-content\\\/uploads\\\/2026\\\/03\\\/Logo_Rund_Final-1.png\",\"width\":404,\"height\":404,\"caption\":\"Schweizversand.ch\"},\"image\":{\"@id\":\"https:\\\/\\\/schweizversand.ch\\\/fr\\\/#\\\/schema\\\/logo\\\/image\\\/\"},\"sameAs\":[\"https:\\\/\\\/www.facebook.com\\\/Schweizversand\",\"https:\\\/\\\/www.instagram.com\\\/schweizversand.ch\\\/\"]}]}<\/script>\n<!-- \/ Yoast SEO plugin. -->","yoast_head_json":{"title":"CHAMP Aschenbecher | Jetzt kaufen | Schweizversand.ch","description":"CHAMP Aschenbecher g\u00fcnstig kaufen bei Schweizversand.ch. Schnelle Lieferung in der Schweiz. Gratisversand ab CHF 50.","robots":{"index":"index","follow":"follow","max-snippet":"max-snippet:-1","max-image-preview":"max-image-preview:large","max-video-preview":"max-video-preview:-1"},"canonical":"https:\/\/schweizversand.ch\/fr\/produkt\/champ-aschenbecher\/","og_locale":"fr_FR","og_type":"article","og_title":"CHAMP Aschenbecher | Jetzt kaufen | Schweizversand.ch","og_description":"CHAMP Aschenbecher g\u00fcnstig kaufen bei Schweizversand.ch. Schnelle Lieferung in der Schweiz. Gratisversand ab CHF 50.","og_url":"https:\/\/schweizversand.ch\/fr\/produkt\/champ-aschenbecher\/","og_site_name":"Schweizer Shop f\u00fcr Sport, Spiel und Freizeit","article_publisher":"https:\/\/www.facebook.com\/Schweizversand","article_modified_time":"2026-04-21T13:33:29+00:00","og_image":[{"width":1024,"height":949,"url":"https:\/\/schweizversand.ch\/wp-content\/uploads\/2026\/02\/5471679068.jpg","type":"image\/jpeg"}],"twitter_card":"summary_large_image","twitter_misc":{"Dur\u00e9e de lecture estim\u00e9e":"1 minute"},"schema":{"@context":"https:\/\/schema.org","@graph":[{"@type":"WebPage","@id":"https:\/\/schweizversand.ch\/fr\/produkt\/champ-aschenbecher\/","url":"https:\/\/schweizversand.ch\/fr\/produkt\/champ-aschenbecher\/","name":"CHAMP Aschenbecher | Jetzt kaufen | Schweizversand.ch","isPartOf":{"@id":"https:\/\/schweizversand.ch\/fr\/#website"},"primaryImageOfPage":{"@id":"https:\/\/schweizversand.ch\/fr\/produkt\/champ-aschenbecher\/#primaryimage"},"image":{"@id":"https:\/\/schweizversand.ch\/fr\/produkt\/champ-aschenbecher\/#primaryimage"},"thumbnailUrl":"https:\/\/schweizversand.ch\/wp-content\/uploads\/2026\/02\/5471679068.jpg","datePublished":"2026-03-14T23:06:07+00:00","dateModified":"2026-04-21T13:33:29+00:00","description":"CHAMP Aschenbecher g\u00fcnstig kaufen bei Schweizversand.ch. Schnelle Lieferung in der Schweiz. Gratisversand ab CHF 50.","breadcrumb":{"@id":"https:\/\/schweizversand.ch\/fr\/produkt\/champ-aschenbecher\/#breadcrumb"},"inLanguage":"fr-FR","potentialAction":[{"@type":"ReadAction","target":["https:\/\/schweizversand.ch\/fr\/produkt\/champ-aschenbecher\/"]}]},{"@type":"ImageObject","inLanguage":"fr-FR","@id":"https:\/\/schweizversand.ch\/fr\/produkt\/champ-aschenbecher\/#primaryimage","url":"https:\/\/schweizversand.ch\/wp-content\/uploads\/2026\/02\/5471679068.jpg","contentUrl":"https:\/\/schweizversand.ch\/wp-content\/uploads\/2026\/02\/5471679068.jpg","width":1024,"height":949},{"@type":"BreadcrumbList","@id":"https:\/\/schweizversand.ch\/fr\/produkt\/champ-aschenbecher\/#breadcrumb","itemListElement":[{"@type":"ListItem","position":1,"name":"Startseite","item":"https:\/\/schweizversand.ch\/fr\/home\/"},{"@type":"ListItem","position":2,"name":"Boutique","item":"https:\/\/schweizversand.ch\/fr\/boutique\/"},{"@type":"ListItem","position":3,"name":"Accueil","item":"https:\/\/schweizversand.ch\/fr\/produkt-kategorie\/accueil\/"},{"@type":"ListItem","position":4,"name":"Nourriture","item":"https:\/\/schweizversand.ch\/fr\/produkt-kategorie\/accueil\/nourriture\/"},{"@type":"ListItem","position":5,"name":"Cendrier CHAMP"}]},{"@type":"WebSite","@id":"https:\/\/schweizversand.ch\/fr\/#website","url":"https:\/\/schweizversand.ch\/fr\/","name":"Schweizer Shop f\u00fcr Sport, Spiel und Freizeit","description":"Gratisversand ab 50.- (netto), ab eigenem schweizer Lager, Lieferung innert 48h","publisher":{"@id":"https:\/\/schweizversand.ch\/fr\/#organization"},"alternateName":"Schweizversand.ch","potentialAction":[{"@type":"SearchAction","target":{"@type":"EntryPoint","urlTemplate":"https:\/\/schweizversand.ch\/fr\/?s={search_term_string}"},"query-input":{"@type":"PropertyValueSpecification","valueRequired":true,"valueName":"search_term_string"}}],"inLanguage":"fr-FR"},{"@type":"Organization","@id":"https:\/\/schweizversand.ch\/fr\/#organization","name":"Schweizversand.ch","url":"https:\/\/schweizversand.ch\/fr\/","logo":{"@type":"ImageObject","inLanguage":"fr-FR","@id":"https:\/\/schweizversand.ch\/fr\/#\/schema\/logo\/image\/","url":"https:\/\/schweizversand.ch\/wp-content\/uploads\/2026\/03\/Logo_Rund_Final-1.png","contentUrl":"https:\/\/schweizversand.ch\/wp-content\/uploads\/2026\/03\/Logo_Rund_Final-1.png","width":404,"height":404,"caption":"Schweizversand.ch"},"image":{"@id":"https:\/\/schweizversand.ch\/fr\/#\/schema\/logo\/image\/"},"sameAs":["https:\/\/www.facebook.com\/Schweizversand","https:\/\/www.instagram.com\/schweizversand.ch\/"]}]}},"jetpack_sharing_enabled":true,"_links":{"self":[{"href":"https:\/\/schweizversand.ch\/fr\/wp-json\/wp\/v2\/product\/253537","targetHints":{"allow":["GET"]}}],"collection":[{"href":"https:\/\/schweizversand.ch\/fr\/wp-json\/wp\/v2\/product"}],"about":[{"href":"https:\/\/schweizversand.ch\/fr\/wp-json\/wp\/v2\/types\/product"}],"replies":[{"embeddable":true,"href":"https:\/\/schweizversand.ch\/fr\/wp-json\/wp\/v2\/comments?post=253537"}],"wp:featuredmedia":[{"embeddable":true,"href":"https:\/\/schweizversand.ch\/fr\/wp-json\/wp\/v2\/media\/158144"}],"wp:attachment":[{"href":"https:\/\/schweizversand.ch\/fr\/wp-json\/wp\/v2\/media?parent=253537"}],"wp:term":[{"taxonomy":"product_brand","embeddable":true,"href":"https:\/\/schweizversand.ch\/fr\/wp-json\/wp\/v2\/product_brand?post=253537"},{"taxonomy":"product_cat","embeddable":true,"href":"https:\/\/schweizversand.ch\/fr\/wp-json\/wp\/v2\/product_cat?post=253537"},{"taxonomy":"product_tag","embeddable":true,"href":"https:\/\/schweizversand.ch\/fr\/wp-json\/wp\/v2\/product_tag?post=253537"}],"curies":[{"name":"wp","href":"https:\/\/api.w.org\/{rel}","templated":true}]}}