{"id":253555,"date":"2026-03-15T00:06:11","date_gmt":"2026-03-14T23:06:11","guid":{"rendered":"https:\/\/schweizversand.ch\/produkt\/jumbo-puzzle-jan-van-haasteren-der-kunstmarkt-1000-teile\/"},"modified":"2026-04-19T02:03:14","modified_gmt":"2026-04-19T00:03:14","slug":"jumbo-puzzle-jan-van-haasteren-der-kunstmarkt-1000-teile","status":"publish","type":"product","link":"https:\/\/schweizversand.ch\/fr\/produkt\/jumbo-puzzle-jan-van-haasteren-der-kunstmarkt-1000-teile\/","title":{"rendered":"Puzzle g\u00e9ant Jan van Haasteren \u00ab\u00a0Le March\u00e9 de l&rsquo;Art\u00a0\u00bb 1000 pi\u00e8ces"},"content":{"rendered":"<p>Jan van Haasteren est un nom incontournable dans l&rsquo;univers des puzzles. Ses \u0153uvres sont particuli\u00e8rement appr\u00e9ci\u00e9es des amateurs pour leur souci du d\u00e9tail et leur style humoristique. Depuis des d\u00e9cennies, cet artiste n\u00e9erlandais enchante les passionn\u00e9s de puzzles avec ses illustrations uniques, souvent riches en \u00e9l\u00e9ments originaux, dr\u00f4les et surprenants. Ce qui distingue v\u00e9ritablement ses puzzles, ce sont leurs couleurs \u00e9clatantes, la richesse de leurs d\u00e9tails et leur capacit\u00e9 \u00e0 \u00e9gayer le regard.<\/p>\n<p>La marque de fabrique de Jan van Haasteren<\/p>\n<p>L&rsquo;aileron de requin est une marque de fabrique typique de ses puzzles. Dissimul\u00e9 dans presque chaque illustration, il repr\u00e9sente un petit d\u00e9fi pour les amateurs de puzzles\u00a0: un petit plaisir que Jan lui-m\u00eame a int\u00e9gr\u00e9 \u00e0 chacune de ses \u0153uvres. Mais il existe bien d&rsquo;autres \u00e9l\u00e9ments r\u00e9currents que ses fans aiment rechercher\u00a0:<\/p>\n<p>\u2022 L&rsquo;aileron de requin\u00a0: On retrouve un aileron de requin dans presque tous les puzzles de Jan van Haasteren, et il est devenu la marque de fabrique de l&rsquo;artiste.<\/p>\n<p>\u2022 Saint Nicolas\u00a0: Autre figure r\u00e9currente de ses puzzles, Saint Nicolas est int\u00e9gr\u00e9 avec humour \u00e0 ses sc\u00e8nes.<\/p>\n<p>\u2022 Troisi\u00e8mes Dents : Un \u00e9l\u00e9ment humoristique r\u00e9current qui rend le puzzle encore plus amusant.<\/p>\n<p>\u2022 Autoportrait de Jan van Haasteren : L&rsquo;artiste lui-m\u00eame appara\u00eet souvent comme une petite silhouette cach\u00e9e dans ses \u0153uvres.<\/p>\n<p>Sc\u00e8nes humoristiques et vivantes<\/p>\n<p>Jan van Haasteren est connu pour son talent \u00e0 cr\u00e9er des sc\u00e8nes complexes et humoristiques qui, bien que chaotiques au premier abord, regorgent de d\u00e9tails spirituels lorsqu&rsquo;on les observe de plus pr\u00e8s. Ses puzzles sont remplis de situations cocasses, de personnages excentriques et de rebondissements inattendus qui font de leur r\u00e9solution un v\u00e9ritable plaisir. Ce sont souvent les petits gags et les d\u00e9tails cach\u00e9s d\u00e9couverts au fil de la r\u00e9solution qui arrachent un sourire au spectateur.<\/p>\n<p>Vari\u00e9t\u00e9 de Th\u00e8mes<\/p>\n<p>Les puzzles de Jan van Haasteren couvrent un large \u00e9ventail de th\u00e8mes. Des sc\u00e8nes historiques aux situations du quotidien, ils pr\u00e9sentent une grande vari\u00e9t\u00e9 de motifs qui ne manquent jamais d&rsquo;\u00e9merveiller et d&rsquo;amuser. Qu&rsquo;il s&rsquo;agisse d&rsquo;un joyeux d\u00e9fil\u00e9 de carnaval, d&rsquo;un spectacle de cirque chaotique ou d&rsquo;une course-poursuite effr\u00e9n\u00e9e pour retrouver un chat perdu, chaque puzzle est une petite \u0153uvre d&rsquo;art qui transporte le spectateur dans un univers fascinant et humoristique.<\/p>\n<p>Conclusion\u00a0:<\/p>\n<p>Les puzzles de Jan van Haasteren repr\u00e9sentent non seulement un d\u00e9fi pour les amateurs de casse-t\u00eates, mais aussi une aventure divertissante. Avec leurs sc\u00e8nes humoristiques, leurs d\u00e9tails cach\u00e9s et leurs nombreux \u00e9l\u00e9ments r\u00e9currents comme l&rsquo;aileron de requin, ils conviennent aussi bien aux adultes qu&rsquo;aux enfants. Si vous recherchez un puzzle \u00e0 la fois amusant et stimulant l&rsquo;imagination, les cr\u00e9ations de Jan van Haasteren sont le choix id\u00e9al\u00a0!<\/p>\n","protected":false},"excerpt":{"rendered":"<p>Jan van Haasteren est un nom incontournable dans l&rsquo;univers des puzzles. Ses \u0153uvres sont particuli\u00e8rement appr\u00e9ci\u00e9es des amateurs pour leur souci du d\u00e9tail et leur style humoristique. Depuis des d\u00e9cennies, cet artiste n\u00e9erlandais enchante les passionn\u00e9s de puzzles avec ses illustrations uniques, souvent riches en \u00e9l\u00e9ments originaux, dr\u00f4les et surprenants. Ce qui distingue v\u00e9ritablement ses puzzles, ce sont leurs couleurs \u00e9clatantes, la richesse de leurs d\u00e9tails et leur capacit\u00e9 \u00e0 \u00e9gayer le regard. La marque&hellip;<\/p>\n","protected":false},"featured_media":158270,"comment_status":"open","ping_status":"closed","template":"","meta":[],"product_brand":[],"product_cat":[38734],"product_tag":[],"class_list":{"0":"post-253555","1":"product","2":"type-product","3":"status-publish","4":"has-post-thumbnail","6":"product_cat-puzzle","7":"product_shipping_class-global_methods","9":"first","10":"instock","11":"taxable","12":"shipping-taxable","13":"purchasable","14":"product-type-simple"},"yoast_head":"<!-- This site is optimized with the Yoast SEO plugin v27.4 - https:\/\/yoast.com\/product\/yoast-seo-wordpress\/ -->\n<title>Jumbo Puzzle Jan van Haasteren &quot;Der Kunstmarkt&quot; 1000 Teile | Jetzt kaufen | Schweizversand.ch<\/title>\n<meta name=\"description\" content=\"Jumbo Puzzle Jan van Haasteren &quot;Der Kunstmarkt&quot; 1000 Teile g\u00fcnstig kaufen bei Schweizversand.ch. Schnelle Lieferung in der Schweiz. Gratisversand ab CHF 50.\" \/>\n<meta name=\"robots\" content=\"index, follow, max-snippet:-1, max-image-preview:large, max-video-preview:-1\" \/>\n<link rel=\"canonical\" href=\"https:\/\/schweizversand.ch\/fr\/produkt\/jumbo-puzzle-jan-van-haasteren-der-kunstmarkt-1000-teile\/\" \/>\n<meta property=\"og:locale\" content=\"fr_FR\" \/>\n<meta property=\"og:type\" content=\"article\" \/>\n<meta property=\"og:title\" content=\"Jumbo Puzzle Jan van Haasteren &quot;Der Kunstmarkt&quot; 1000 Teile | Jetzt kaufen | Schweizversand.ch\" \/>\n<meta property=\"og:description\" content=\"Jumbo Puzzle Jan van Haasteren &quot;Der Kunstmarkt&quot; 1000 Teile g\u00fcnstig kaufen bei Schweizversand.ch. Schnelle Lieferung in der Schweiz. Gratisversand ab CHF 50.\" \/>\n<meta property=\"og:url\" content=\"https:\/\/schweizversand.ch\/fr\/produkt\/jumbo-puzzle-jan-van-haasteren-der-kunstmarkt-1000-teile\/\" \/>\n<meta property=\"og:site_name\" content=\"Schweizer Shop f\u00fcr Sport, Spiel und Freizeit\" \/>\n<meta property=\"article:publisher\" content=\"https:\/\/www.facebook.com\/Schweizversand\" \/>\n<meta property=\"article:modified_time\" content=\"2026-04-19T00:03:14+00:00\" \/>\n<meta property=\"og:image\" content=\"https:\/\/schweizversand.ch\/wp-content\/uploads\/2026\/02\/5471779670.jpg\" \/>\n\t<meta property=\"og:image:width\" content=\"1024\" \/>\n\t<meta property=\"og:image:height\" content=\"854\" \/>\n\t<meta property=\"og:image:type\" content=\"image\/jpeg\" \/>\n<meta name=\"twitter:card\" content=\"summary_large_image\" \/>\n<meta name=\"twitter:label1\" content=\"Dur\u00e9e de lecture estim\u00e9e\" \/>\n\t<meta name=\"twitter:data1\" content=\"2 minutes\" \/>\n<script type=\"application\/ld+json\" class=\"yoast-schema-graph\">{\"@context\":\"https:\\\/\\\/schema.org\",\"@graph\":[{\"@type\":\"WebPage\",\"@id\":\"https:\\\/\\\/schweizversand.ch\\\/fr\\\/produkt\\\/jumbo-puzzle-jan-van-haasteren-der-kunstmarkt-1000-teile\\\/\",\"url\":\"https:\\\/\\\/schweizversand.ch\\\/fr\\\/produkt\\\/jumbo-puzzle-jan-van-haasteren-der-kunstmarkt-1000-teile\\\/\",\"name\":\"Jumbo Puzzle Jan van Haasteren \\\"Der Kunstmarkt\\\" 1000 Teile | Jetzt kaufen | Schweizversand.ch\",\"isPartOf\":{\"@id\":\"https:\\\/\\\/schweizversand.ch\\\/fr\\\/#website\"},\"primaryImageOfPage\":{\"@id\":\"https:\\\/\\\/schweizversand.ch\\\/fr\\\/produkt\\\/jumbo-puzzle-jan-van-haasteren-der-kunstmarkt-1000-teile\\\/#primaryimage\"},\"image\":{\"@id\":\"https:\\\/\\\/schweizversand.ch\\\/fr\\\/produkt\\\/jumbo-puzzle-jan-van-haasteren-der-kunstmarkt-1000-teile\\\/#primaryimage\"},\"thumbnailUrl\":\"https:\\\/\\\/schweizversand.ch\\\/wp-content\\\/uploads\\\/2026\\\/02\\\/5471779670.jpg\",\"datePublished\":\"2026-03-14T23:06:11+00:00\",\"dateModified\":\"2026-04-19T00:03:14+00:00\",\"description\":\"Jumbo Puzzle Jan van Haasteren \\\"Der Kunstmarkt\\\" 1000 Teile g\u00fcnstig kaufen bei Schweizversand.ch. Schnelle Lieferung in der Schweiz. Gratisversand ab CHF 50.\",\"breadcrumb\":{\"@id\":\"https:\\\/\\\/schweizversand.ch\\\/fr\\\/produkt\\\/jumbo-puzzle-jan-van-haasteren-der-kunstmarkt-1000-teile\\\/#breadcrumb\"},\"inLanguage\":\"fr-FR\",\"potentialAction\":[{\"@type\":\"ReadAction\",\"target\":[\"https:\\\/\\\/schweizversand.ch\\\/fr\\\/produkt\\\/jumbo-puzzle-jan-van-haasteren-der-kunstmarkt-1000-teile\\\/\"]}]},{\"@type\":\"ImageObject\",\"inLanguage\":\"fr-FR\",\"@id\":\"https:\\\/\\\/schweizversand.ch\\\/fr\\\/produkt\\\/jumbo-puzzle-jan-van-haasteren-der-kunstmarkt-1000-teile\\\/#primaryimage\",\"url\":\"https:\\\/\\\/schweizversand.ch\\\/wp-content\\\/uploads\\\/2026\\\/02\\\/5471779670.jpg\",\"contentUrl\":\"https:\\\/\\\/schweizversand.ch\\\/wp-content\\\/uploads\\\/2026\\\/02\\\/5471779670.jpg\",\"width\":1024,\"height\":854},{\"@type\":\"BreadcrumbList\",\"@id\":\"https:\\\/\\\/schweizversand.ch\\\/fr\\\/produkt\\\/jumbo-puzzle-jan-van-haasteren-der-kunstmarkt-1000-teile\\\/#breadcrumb\",\"itemListElement\":[{\"@type\":\"ListItem\",\"position\":1,\"name\":\"Startseite\",\"item\":\"https:\\\/\\\/schweizversand.ch\\\/fr\\\/home\\\/\"},{\"@type\":\"ListItem\",\"position\":2,\"name\":\"Boutique\",\"item\":\"https:\\\/\\\/schweizversand.ch\\\/fr\\\/boutique\\\/\"},{\"@type\":\"ListItem\",\"position\":3,\"name\":\"Jouets et jeux\",\"item\":\"https:\\\/\\\/schweizversand.ch\\\/fr\\\/produkt-kategorie\\\/jouets-et-jeux\\\/\"},{\"@type\":\"ListItem\",\"position\":4,\"name\":\"Jeux et puzzles\",\"item\":\"https:\\\/\\\/schweizversand.ch\\\/fr\\\/produkt-kategorie\\\/jouets-et-jeux\\\/jeux-et-puzzles\\\/\"},{\"@type\":\"ListItem\",\"position\":5,\"name\":\"Puzzles\",\"item\":\"https:\\\/\\\/schweizversand.ch\\\/fr\\\/produkt-kategorie\\\/puzzle\\\/\"},{\"@type\":\"ListItem\",\"position\":6,\"name\":\"Puzzle g\u00e9ant Jan van Haasteren &#8222;Le March\u00e9 de l&#8217;Art&#8220; 1000 pi\u00e8ces\"}]},{\"@type\":\"WebSite\",\"@id\":\"https:\\\/\\\/schweizversand.ch\\\/fr\\\/#website\",\"url\":\"https:\\\/\\\/schweizversand.ch\\\/fr\\\/\",\"name\":\"Schweizer Shop f\u00fcr Sport, Spiel und Freizeit\",\"description\":\"Gratisversand ab 50.- (netto), ab eigenem schweizer Lager, Lieferung innert 48h\",\"publisher\":{\"@id\":\"https:\\\/\\\/schweizversand.ch\\\/fr\\\/#organization\"},\"alternateName\":\"Schweizversand.ch\",\"potentialAction\":[{\"@type\":\"SearchAction\",\"target\":{\"@type\":\"EntryPoint\",\"urlTemplate\":\"https:\\\/\\\/schweizversand.ch\\\/fr\\\/?s={search_term_string}\"},\"query-input\":{\"@type\":\"PropertyValueSpecification\",\"valueRequired\":true,\"valueName\":\"search_term_string\"}}],\"inLanguage\":\"fr-FR\"},{\"@type\":\"Organization\",\"@id\":\"https:\\\/\\\/schweizversand.ch\\\/fr\\\/#organization\",\"name\":\"Schweizversand.ch\",\"url\":\"https:\\\/\\\/schweizversand.ch\\\/fr\\\/\",\"logo\":{\"@type\":\"ImageObject\",\"inLanguage\":\"fr-FR\",\"@id\":\"https:\\\/\\\/schweizversand.ch\\\/fr\\\/#\\\/schema\\\/logo\\\/image\\\/\",\"url\":\"https:\\\/\\\/schweizversand.ch\\\/wp-content\\\/uploads\\\/2026\\\/03\\\/Logo_Rund_Final-1.png\",\"contentUrl\":\"https:\\\/\\\/schweizversand.ch\\\/wp-content\\\/uploads\\\/2026\\\/03\\\/Logo_Rund_Final-1.png\",\"width\":404,\"height\":404,\"caption\":\"Schweizversand.ch\"},\"image\":{\"@id\":\"https:\\\/\\\/schweizversand.ch\\\/fr\\\/#\\\/schema\\\/logo\\\/image\\\/\"},\"sameAs\":[\"https:\\\/\\\/www.facebook.com\\\/Schweizversand\",\"https:\\\/\\\/www.instagram.com\\\/schweizversand.ch\\\/\"]}]}<\/script>\n<!-- \/ Yoast SEO plugin. -->","yoast_head_json":{"title":"Jumbo Puzzle Jan van Haasteren \"Der Kunstmarkt\" 1000 Teile | Jetzt kaufen | Schweizversand.ch","description":"Jumbo Puzzle Jan van Haasteren \"Der Kunstmarkt\" 1000 Teile g\u00fcnstig kaufen bei Schweizversand.ch. Schnelle Lieferung in der Schweiz. Gratisversand ab CHF 50.","robots":{"index":"index","follow":"follow","max-snippet":"max-snippet:-1","max-image-preview":"max-image-preview:large","max-video-preview":"max-video-preview:-1"},"canonical":"https:\/\/schweizversand.ch\/fr\/produkt\/jumbo-puzzle-jan-van-haasteren-der-kunstmarkt-1000-teile\/","og_locale":"fr_FR","og_type":"article","og_title":"Jumbo Puzzle Jan van Haasteren \"Der Kunstmarkt\" 1000 Teile | Jetzt kaufen | Schweizversand.ch","og_description":"Jumbo Puzzle Jan van Haasteren \"Der Kunstmarkt\" 1000 Teile g\u00fcnstig kaufen bei Schweizversand.ch. Schnelle Lieferung in der Schweiz. Gratisversand ab CHF 50.","og_url":"https:\/\/schweizversand.ch\/fr\/produkt\/jumbo-puzzle-jan-van-haasteren-der-kunstmarkt-1000-teile\/","og_site_name":"Schweizer Shop f\u00fcr Sport, Spiel und Freizeit","article_publisher":"https:\/\/www.facebook.com\/Schweizversand","article_modified_time":"2026-04-19T00:03:14+00:00","og_image":[{"width":1024,"height":854,"url":"https:\/\/schweizversand.ch\/wp-content\/uploads\/2026\/02\/5471779670.jpg","type":"image\/jpeg"}],"twitter_card":"summary_large_image","twitter_misc":{"Dur\u00e9e de lecture estim\u00e9e":"2 minutes"},"schema":{"@context":"https:\/\/schema.org","@graph":[{"@type":"WebPage","@id":"https:\/\/schweizversand.ch\/fr\/produkt\/jumbo-puzzle-jan-van-haasteren-der-kunstmarkt-1000-teile\/","url":"https:\/\/schweizversand.ch\/fr\/produkt\/jumbo-puzzle-jan-van-haasteren-der-kunstmarkt-1000-teile\/","name":"Jumbo Puzzle Jan van Haasteren \"Der Kunstmarkt\" 1000 Teile | Jetzt kaufen | Schweizversand.ch","isPartOf":{"@id":"https:\/\/schweizversand.ch\/fr\/#website"},"primaryImageOfPage":{"@id":"https:\/\/schweizversand.ch\/fr\/produkt\/jumbo-puzzle-jan-van-haasteren-der-kunstmarkt-1000-teile\/#primaryimage"},"image":{"@id":"https:\/\/schweizversand.ch\/fr\/produkt\/jumbo-puzzle-jan-van-haasteren-der-kunstmarkt-1000-teile\/#primaryimage"},"thumbnailUrl":"https:\/\/schweizversand.ch\/wp-content\/uploads\/2026\/02\/5471779670.jpg","datePublished":"2026-03-14T23:06:11+00:00","dateModified":"2026-04-19T00:03:14+00:00","description":"Jumbo Puzzle Jan van Haasteren \"Der Kunstmarkt\" 1000 Teile g\u00fcnstig kaufen bei Schweizversand.ch. Schnelle Lieferung in der Schweiz. Gratisversand ab CHF 50.","breadcrumb":{"@id":"https:\/\/schweizversand.ch\/fr\/produkt\/jumbo-puzzle-jan-van-haasteren-der-kunstmarkt-1000-teile\/#breadcrumb"},"inLanguage":"fr-FR","potentialAction":[{"@type":"ReadAction","target":["https:\/\/schweizversand.ch\/fr\/produkt\/jumbo-puzzle-jan-van-haasteren-der-kunstmarkt-1000-teile\/"]}]},{"@type":"ImageObject","inLanguage":"fr-FR","@id":"https:\/\/schweizversand.ch\/fr\/produkt\/jumbo-puzzle-jan-van-haasteren-der-kunstmarkt-1000-teile\/#primaryimage","url":"https:\/\/schweizversand.ch\/wp-content\/uploads\/2026\/02\/5471779670.jpg","contentUrl":"https:\/\/schweizversand.ch\/wp-content\/uploads\/2026\/02\/5471779670.jpg","width":1024,"height":854},{"@type":"BreadcrumbList","@id":"https:\/\/schweizversand.ch\/fr\/produkt\/jumbo-puzzle-jan-van-haasteren-der-kunstmarkt-1000-teile\/#breadcrumb","itemListElement":[{"@type":"ListItem","position":1,"name":"Startseite","item":"https:\/\/schweizversand.ch\/fr\/home\/"},{"@type":"ListItem","position":2,"name":"Boutique","item":"https:\/\/schweizversand.ch\/fr\/boutique\/"},{"@type":"ListItem","position":3,"name":"Jouets et jeux","item":"https:\/\/schweizversand.ch\/fr\/produkt-kategorie\/jouets-et-jeux\/"},{"@type":"ListItem","position":4,"name":"Jeux et puzzles","item":"https:\/\/schweizversand.ch\/fr\/produkt-kategorie\/jouets-et-jeux\/jeux-et-puzzles\/"},{"@type":"ListItem","position":5,"name":"Puzzles","item":"https:\/\/schweizversand.ch\/fr\/produkt-kategorie\/puzzle\/"},{"@type":"ListItem","position":6,"name":"Puzzle g\u00e9ant Jan van Haasteren &#8222;Le March\u00e9 de l&#8217;Art&#8220; 1000 pi\u00e8ces"}]},{"@type":"WebSite","@id":"https:\/\/schweizversand.ch\/fr\/#website","url":"https:\/\/schweizversand.ch\/fr\/","name":"Schweizer Shop f\u00fcr Sport, Spiel und Freizeit","description":"Gratisversand ab 50.- (netto), ab eigenem schweizer Lager, Lieferung innert 48h","publisher":{"@id":"https:\/\/schweizversand.ch\/fr\/#organization"},"alternateName":"Schweizversand.ch","potentialAction":[{"@type":"SearchAction","target":{"@type":"EntryPoint","urlTemplate":"https:\/\/schweizversand.ch\/fr\/?s={search_term_string}"},"query-input":{"@type":"PropertyValueSpecification","valueRequired":true,"valueName":"search_term_string"}}],"inLanguage":"fr-FR"},{"@type":"Organization","@id":"https:\/\/schweizversand.ch\/fr\/#organization","name":"Schweizversand.ch","url":"https:\/\/schweizversand.ch\/fr\/","logo":{"@type":"ImageObject","inLanguage":"fr-FR","@id":"https:\/\/schweizversand.ch\/fr\/#\/schema\/logo\/image\/","url":"https:\/\/schweizversand.ch\/wp-content\/uploads\/2026\/03\/Logo_Rund_Final-1.png","contentUrl":"https:\/\/schweizversand.ch\/wp-content\/uploads\/2026\/03\/Logo_Rund_Final-1.png","width":404,"height":404,"caption":"Schweizversand.ch"},"image":{"@id":"https:\/\/schweizversand.ch\/fr\/#\/schema\/logo\/image\/"},"sameAs":["https:\/\/www.facebook.com\/Schweizversand","https:\/\/www.instagram.com\/schweizversand.ch\/"]}]}},"jetpack_sharing_enabled":true,"_links":{"self":[{"href":"https:\/\/schweizversand.ch\/fr\/wp-json\/wp\/v2\/product\/253555","targetHints":{"allow":["GET"]}}],"collection":[{"href":"https:\/\/schweizversand.ch\/fr\/wp-json\/wp\/v2\/product"}],"about":[{"href":"https:\/\/schweizversand.ch\/fr\/wp-json\/wp\/v2\/types\/product"}],"replies":[{"embeddable":true,"href":"https:\/\/schweizversand.ch\/fr\/wp-json\/wp\/v2\/comments?post=253555"}],"wp:featuredmedia":[{"embeddable":true,"href":"https:\/\/schweizversand.ch\/fr\/wp-json\/wp\/v2\/media\/158270"}],"wp:attachment":[{"href":"https:\/\/schweizversand.ch\/fr\/wp-json\/wp\/v2\/media?parent=253555"}],"wp:term":[{"taxonomy":"product_brand","embeddable":true,"href":"https:\/\/schweizversand.ch\/fr\/wp-json\/wp\/v2\/product_brand?post=253555"},{"taxonomy":"product_cat","embeddable":true,"href":"https:\/\/schweizversand.ch\/fr\/wp-json\/wp\/v2\/product_cat?post=253555"},{"taxonomy":"product_tag","embeddable":true,"href":"https:\/\/schweizversand.ch\/fr\/wp-json\/wp\/v2\/product_tag?post=253555"}],"curies":[{"name":"wp","href":"https:\/\/api.w.org\/{rel}","templated":true}]}}