{"id":253560,"date":"2026-03-15T00:06:12","date_gmt":"2026-03-14T23:06:12","guid":{"rendered":"https:\/\/schweizversand.ch\/produkt\/joy-fragrances-auto-lufterfrischer-lavendel\/"},"modified":"2026-04-19T02:03:15","modified_gmt":"2026-04-19T00:03:15","slug":"joy-fragrances-auto-lufterfrischer-lavendel","status":"publish","type":"product","link":"https:\/\/schweizversand.ch\/fr\/produkt\/joy-fragrances-auto-lufterfrischer-lavendel\/","title":{"rendered":"D\u00e9sodorisant pour voiture Joy Fragrances \u00ab CR\u00c9ATIF \u00bb"},"content":{"rendered":"<p>Soyez de bonne humeur \u2013 D\u00e9sodorisant de voiture \u00e0 la lavande<\/p>\n<\/p>\n<p>Stimulez votre esprit et vos sens gr\u00e2ce au pouvoir de la lavande.<\/p>\n<\/p>\n<p>La lavande est consid\u00e9r\u00e9e comme un atout pr\u00e9cieux de l&rsquo;aromath\u00e9rapie depuis des si\u00e8cles, reconnue pour ses effets apaisants, clarifiants et \u00e9quilibrants. D\u00e9sormais, emportez cette fra\u00eecheur naturelle partout avec vous. Id\u00e9al pour les longs trajets, les journ\u00e9es de travail stressantes ou simplement pour ajouter une touche de s\u00e9r\u00e9nit\u00e9 \u00e0 vos d\u00e9placements quotidiens.<\/p>\n<\/p>\n<p>Pourquoi la lavande\u00a0?<\/p>\n<\/p>\n<p>Selon le Feng Shui, la couleur violette, comme la lavande, repr\u00e9sente la royaut\u00e9, la richesse et la profondeur spirituelle. Elle symbolise la sagesse, la paix et l&rsquo;\u00e9l\u00e9gance \u2013 parfait pour ceux qui veulent arriver \u00e0 destination, et pas seulement conduire.<\/p>\n<\/p>\n<p>Avantages du produit en un coup d&rsquo;\u0153il\u00a0:<\/p>\n<\/p>\n<p>\u2022 Dur\u00e9e d&rsquo;efficacit\u00e9\u00a0: jusqu&rsquo;\u00e0 60\u00a0jours<\/p>\n<\/p>\n<p>\u2022 Formule sans liquide et sans BPA<\/p>\n<\/p>\n<p>\u2022 Parfum de lavande agr\u00e9able \u2013 subtil et efficace<\/p>\n<\/p>\n<p>\u2022 Design pratique compatible avec toutes les grilles d&rsquo;a\u00e9ration<\/p>\n<\/p>\n<p>Pourquoi un d\u00e9sodorisant de voiture\u00a0?<\/p>\n<\/p>\n<p>Vous \u00eates-vous d\u00e9j\u00e0 demand\u00e9 quelle odeur d\u00e9gage votre voiture sans a\u00e9ration\u00a0?<\/p>\n<\/p>\n<p>Les odeurs persistent, surtout fen\u00eatres ferm\u00e9es. Mais par temps de pluie, de froid ou sur des routes poussi\u00e9reuses, l&rsquo;a\u00e9ration est impossible.<\/p>\n<\/p>\n<p>Alors\u00a0: offrez-vous et \u00e0 vos passagers une atmosph\u00e8re agr\u00e9able, \u00e0 tout moment.<\/p>\n","protected":false},"excerpt":{"rendered":"<p>Soyez de bonne humeur \u2013 D\u00e9sodorisant de voiture \u00e0 la lavande Stimulez votre esprit et vos sens gr\u00e2ce au pouvoir de la lavande. La lavande est consid\u00e9r\u00e9e comme un atout pr\u00e9cieux de l&rsquo;aromath\u00e9rapie depuis des si\u00e8cles, reconnue pour ses effets apaisants, clarifiants et \u00e9quilibrants. D\u00e9sormais, emportez cette fra\u00eecheur naturelle partout avec vous. Id\u00e9al pour les longs trajets, les journ\u00e9es de travail stressantes ou simplement pour ajouter une touche de s\u00e9r\u00e9nit\u00e9 \u00e0 vos d\u00e9placements quotidiens. Pourquoi&hellip;<\/p>\n","protected":false},"featured_media":158282,"comment_status":"open","ping_status":"closed","template":"","meta":[],"product_brand":[],"product_cat":[38646],"product_tag":[],"class_list":{"0":"post-253560","1":"product","2":"type-product","3":"status-publish","4":"has-post-thumbnail","6":"product_cat-diverse","7":"product_shipping_class-global_methods","9":"first","10":"instock","11":"taxable","12":"shipping-taxable","13":"purchasable","14":"product-type-simple"},"yoast_head":"<!-- This site is optimized with the Yoast SEO plugin v27.4 - https:\/\/yoast.com\/product\/yoast-seo-wordpress\/ -->\n<title>Joy Fragrances Auto-Lufterfrischer &quot;CREATIVE&quot; | Jetzt kaufen | Schweizversand.ch<\/title>\n<meta name=\"description\" content=\"Joy Fragrances Auto-Lufterfrischer &quot;CREATIVE&quot; g\u00fcnstig kaufen bei Schweizversand.ch. Schnelle Lieferung in der Schweiz. Gratisversand ab CHF 50.\" \/>\n<meta name=\"robots\" content=\"index, follow, max-snippet:-1, max-image-preview:large, max-video-preview:-1\" \/>\n<link rel=\"canonical\" href=\"https:\/\/schweizversand.ch\/fr\/produkt\/joy-fragrances-auto-lufterfrischer-lavendel\/\" \/>\n<meta property=\"og:locale\" content=\"fr_FR\" \/>\n<meta property=\"og:type\" content=\"article\" \/>\n<meta property=\"og:title\" content=\"Joy Fragrances Auto-Lufterfrischer &quot;CREATIVE&quot; | Jetzt kaufen | Schweizversand.ch\" \/>\n<meta property=\"og:description\" content=\"Joy Fragrances Auto-Lufterfrischer &quot;CREATIVE&quot; g\u00fcnstig kaufen bei Schweizversand.ch. Schnelle Lieferung in der Schweiz. Gratisversand ab CHF 50.\" \/>\n<meta property=\"og:url\" content=\"https:\/\/schweizversand.ch\/fr\/produkt\/joy-fragrances-auto-lufterfrischer-lavendel\/\" \/>\n<meta property=\"og:site_name\" content=\"Schweizer Shop f\u00fcr Sport, Spiel und Freizeit\" \/>\n<meta property=\"article:publisher\" content=\"https:\/\/www.facebook.com\/Schweizversand\" \/>\n<meta property=\"article:modified_time\" content=\"2026-04-19T00:03:15+00:00\" \/>\n<meta property=\"og:image\" content=\"https:\/\/schweizversand.ch\/wp-content\/uploads\/2026\/02\/5471871063.jpg\" \/>\n\t<meta property=\"og:image:width\" content=\"1024\" \/>\n\t<meta property=\"og:image:height\" content=\"683\" \/>\n\t<meta property=\"og:image:type\" content=\"image\/jpeg\" \/>\n<meta name=\"twitter:card\" content=\"summary_large_image\" \/>\n<meta name=\"twitter:label1\" content=\"Dur\u00e9e de lecture estim\u00e9e\" \/>\n\t<meta name=\"twitter:data1\" content=\"1 minute\" \/>\n<script type=\"application\/ld+json\" class=\"yoast-schema-graph\">{\"@context\":\"https:\\\/\\\/schema.org\",\"@graph\":[{\"@type\":\"WebPage\",\"@id\":\"https:\\\/\\\/schweizversand.ch\\\/fr\\\/produkt\\\/joy-fragrances-auto-lufterfrischer-lavendel\\\/\",\"url\":\"https:\\\/\\\/schweizversand.ch\\\/fr\\\/produkt\\\/joy-fragrances-auto-lufterfrischer-lavendel\\\/\",\"name\":\"Joy Fragrances Auto-Lufterfrischer \\\"CREATIVE\\\" | Jetzt kaufen | Schweizversand.ch\",\"isPartOf\":{\"@id\":\"https:\\\/\\\/schweizversand.ch\\\/fr\\\/#website\"},\"primaryImageOfPage\":{\"@id\":\"https:\\\/\\\/schweizversand.ch\\\/fr\\\/produkt\\\/joy-fragrances-auto-lufterfrischer-lavendel\\\/#primaryimage\"},\"image\":{\"@id\":\"https:\\\/\\\/schweizversand.ch\\\/fr\\\/produkt\\\/joy-fragrances-auto-lufterfrischer-lavendel\\\/#primaryimage\"},\"thumbnailUrl\":\"https:\\\/\\\/schweizversand.ch\\\/wp-content\\\/uploads\\\/2026\\\/02\\\/5471871063.jpg\",\"datePublished\":\"2026-03-14T23:06:12+00:00\",\"dateModified\":\"2026-04-19T00:03:15+00:00\",\"description\":\"Joy Fragrances Auto-Lufterfrischer \\\"CREATIVE\\\" g\u00fcnstig kaufen bei Schweizversand.ch. Schnelle Lieferung in der Schweiz. Gratisversand ab CHF 50.\",\"breadcrumb\":{\"@id\":\"https:\\\/\\\/schweizversand.ch\\\/fr\\\/produkt\\\/joy-fragrances-auto-lufterfrischer-lavendel\\\/#breadcrumb\"},\"inLanguage\":\"fr-FR\",\"potentialAction\":[{\"@type\":\"ReadAction\",\"target\":[\"https:\\\/\\\/schweizversand.ch\\\/fr\\\/produkt\\\/joy-fragrances-auto-lufterfrischer-lavendel\\\/\"]}]},{\"@type\":\"ImageObject\",\"inLanguage\":\"fr-FR\",\"@id\":\"https:\\\/\\\/schweizversand.ch\\\/fr\\\/produkt\\\/joy-fragrances-auto-lufterfrischer-lavendel\\\/#primaryimage\",\"url\":\"https:\\\/\\\/schweizversand.ch\\\/wp-content\\\/uploads\\\/2026\\\/02\\\/5471871063.jpg\",\"contentUrl\":\"https:\\\/\\\/schweizversand.ch\\\/wp-content\\\/uploads\\\/2026\\\/02\\\/5471871063.jpg\",\"width\":1024,\"height\":683},{\"@type\":\"BreadcrumbList\",\"@id\":\"https:\\\/\\\/schweizversand.ch\\\/fr\\\/produkt\\\/joy-fragrances-auto-lufterfrischer-lavendel\\\/#breadcrumb\",\"itemListElement\":[{\"@type\":\"ListItem\",\"position\":1,\"name\":\"Startseite\",\"item\":\"https:\\\/\\\/schweizversand.ch\\\/fr\\\/home\\\/\"},{\"@type\":\"ListItem\",\"position\":2,\"name\":\"Boutique\",\"item\":\"https:\\\/\\\/schweizversand.ch\\\/fr\\\/boutique\\\/\"},{\"@type\":\"ListItem\",\"position\":3,\"name\":\"Accessoires pour v\u00e9hicules\",\"item\":\"https:\\\/\\\/schweizversand.ch\\\/fr\\\/produkt-kategorie\\\/accessoires-pour-vehicules\\\/\"},{\"@type\":\"ListItem\",\"position\":4,\"name\":\"Voiture\",\"item\":\"https:\\\/\\\/schweizversand.ch\\\/fr\\\/produkt-kategorie\\\/accessoires-pour-vehicules\\\/voiture\\\/\"},{\"@type\":\"ListItem\",\"position\":5,\"name\":\"Divers\",\"item\":\"https:\\\/\\\/schweizversand.ch\\\/fr\\\/produkt-kategorie\\\/accessoires-pour-vehicules\\\/voiture\\\/diverse\\\/\"},{\"@type\":\"ListItem\",\"position\":6,\"name\":\"D\u00e9sodorisant pour voiture Joy Fragrances \u00ab CR\u00c9ATIF \u00bb\"}]},{\"@type\":\"WebSite\",\"@id\":\"https:\\\/\\\/schweizversand.ch\\\/fr\\\/#website\",\"url\":\"https:\\\/\\\/schweizversand.ch\\\/fr\\\/\",\"name\":\"Schweizer Shop f\u00fcr Sport, Spiel und Freizeit\",\"description\":\"Gratisversand ab 50.- (netto), ab eigenem schweizer Lager, Lieferung innert 48h\",\"publisher\":{\"@id\":\"https:\\\/\\\/schweizversand.ch\\\/fr\\\/#organization\"},\"alternateName\":\"Schweizversand.ch\",\"potentialAction\":[{\"@type\":\"SearchAction\",\"target\":{\"@type\":\"EntryPoint\",\"urlTemplate\":\"https:\\\/\\\/schweizversand.ch\\\/fr\\\/?s={search_term_string}\"},\"query-input\":{\"@type\":\"PropertyValueSpecification\",\"valueRequired\":true,\"valueName\":\"search_term_string\"}}],\"inLanguage\":\"fr-FR\"},{\"@type\":\"Organization\",\"@id\":\"https:\\\/\\\/schweizversand.ch\\\/fr\\\/#organization\",\"name\":\"Schweizversand.ch\",\"url\":\"https:\\\/\\\/schweizversand.ch\\\/fr\\\/\",\"logo\":{\"@type\":\"ImageObject\",\"inLanguage\":\"fr-FR\",\"@id\":\"https:\\\/\\\/schweizversand.ch\\\/fr\\\/#\\\/schema\\\/logo\\\/image\\\/\",\"url\":\"https:\\\/\\\/schweizversand.ch\\\/wp-content\\\/uploads\\\/2026\\\/03\\\/Logo_Rund_Final-1.png\",\"contentUrl\":\"https:\\\/\\\/schweizversand.ch\\\/wp-content\\\/uploads\\\/2026\\\/03\\\/Logo_Rund_Final-1.png\",\"width\":404,\"height\":404,\"caption\":\"Schweizversand.ch\"},\"image\":{\"@id\":\"https:\\\/\\\/schweizversand.ch\\\/fr\\\/#\\\/schema\\\/logo\\\/image\\\/\"},\"sameAs\":[\"https:\\\/\\\/www.facebook.com\\\/Schweizversand\",\"https:\\\/\\\/www.instagram.com\\\/schweizversand.ch\\\/\"]}]}<\/script>\n<!-- \/ Yoast SEO plugin. -->","yoast_head_json":{"title":"Joy Fragrances Auto-Lufterfrischer \"CREATIVE\" | Jetzt kaufen | Schweizversand.ch","description":"Joy Fragrances Auto-Lufterfrischer \"CREATIVE\" g\u00fcnstig kaufen bei Schweizversand.ch. Schnelle Lieferung in der Schweiz. Gratisversand ab CHF 50.","robots":{"index":"index","follow":"follow","max-snippet":"max-snippet:-1","max-image-preview":"max-image-preview:large","max-video-preview":"max-video-preview:-1"},"canonical":"https:\/\/schweizversand.ch\/fr\/produkt\/joy-fragrances-auto-lufterfrischer-lavendel\/","og_locale":"fr_FR","og_type":"article","og_title":"Joy Fragrances Auto-Lufterfrischer \"CREATIVE\" | Jetzt kaufen | Schweizversand.ch","og_description":"Joy Fragrances Auto-Lufterfrischer \"CREATIVE\" g\u00fcnstig kaufen bei Schweizversand.ch. Schnelle Lieferung in der Schweiz. Gratisversand ab CHF 50.","og_url":"https:\/\/schweizversand.ch\/fr\/produkt\/joy-fragrances-auto-lufterfrischer-lavendel\/","og_site_name":"Schweizer Shop f\u00fcr Sport, Spiel und Freizeit","article_publisher":"https:\/\/www.facebook.com\/Schweizversand","article_modified_time":"2026-04-19T00:03:15+00:00","og_image":[{"width":1024,"height":683,"url":"https:\/\/schweizversand.ch\/wp-content\/uploads\/2026\/02\/5471871063.jpg","type":"image\/jpeg"}],"twitter_card":"summary_large_image","twitter_misc":{"Dur\u00e9e de lecture estim\u00e9e":"1 minute"},"schema":{"@context":"https:\/\/schema.org","@graph":[{"@type":"WebPage","@id":"https:\/\/schweizversand.ch\/fr\/produkt\/joy-fragrances-auto-lufterfrischer-lavendel\/","url":"https:\/\/schweizversand.ch\/fr\/produkt\/joy-fragrances-auto-lufterfrischer-lavendel\/","name":"Joy Fragrances Auto-Lufterfrischer \"CREATIVE\" | Jetzt kaufen | Schweizversand.ch","isPartOf":{"@id":"https:\/\/schweizversand.ch\/fr\/#website"},"primaryImageOfPage":{"@id":"https:\/\/schweizversand.ch\/fr\/produkt\/joy-fragrances-auto-lufterfrischer-lavendel\/#primaryimage"},"image":{"@id":"https:\/\/schweizversand.ch\/fr\/produkt\/joy-fragrances-auto-lufterfrischer-lavendel\/#primaryimage"},"thumbnailUrl":"https:\/\/schweizversand.ch\/wp-content\/uploads\/2026\/02\/5471871063.jpg","datePublished":"2026-03-14T23:06:12+00:00","dateModified":"2026-04-19T00:03:15+00:00","description":"Joy Fragrances Auto-Lufterfrischer \"CREATIVE\" g\u00fcnstig kaufen bei Schweizversand.ch. Schnelle Lieferung in der Schweiz. Gratisversand ab CHF 50.","breadcrumb":{"@id":"https:\/\/schweizversand.ch\/fr\/produkt\/joy-fragrances-auto-lufterfrischer-lavendel\/#breadcrumb"},"inLanguage":"fr-FR","potentialAction":[{"@type":"ReadAction","target":["https:\/\/schweizversand.ch\/fr\/produkt\/joy-fragrances-auto-lufterfrischer-lavendel\/"]}]},{"@type":"ImageObject","inLanguage":"fr-FR","@id":"https:\/\/schweizversand.ch\/fr\/produkt\/joy-fragrances-auto-lufterfrischer-lavendel\/#primaryimage","url":"https:\/\/schweizversand.ch\/wp-content\/uploads\/2026\/02\/5471871063.jpg","contentUrl":"https:\/\/schweizversand.ch\/wp-content\/uploads\/2026\/02\/5471871063.jpg","width":1024,"height":683},{"@type":"BreadcrumbList","@id":"https:\/\/schweizversand.ch\/fr\/produkt\/joy-fragrances-auto-lufterfrischer-lavendel\/#breadcrumb","itemListElement":[{"@type":"ListItem","position":1,"name":"Startseite","item":"https:\/\/schweizversand.ch\/fr\/home\/"},{"@type":"ListItem","position":2,"name":"Boutique","item":"https:\/\/schweizversand.ch\/fr\/boutique\/"},{"@type":"ListItem","position":3,"name":"Accessoires pour v\u00e9hicules","item":"https:\/\/schweizversand.ch\/fr\/produkt-kategorie\/accessoires-pour-vehicules\/"},{"@type":"ListItem","position":4,"name":"Voiture","item":"https:\/\/schweizversand.ch\/fr\/produkt-kategorie\/accessoires-pour-vehicules\/voiture\/"},{"@type":"ListItem","position":5,"name":"Divers","item":"https:\/\/schweizversand.ch\/fr\/produkt-kategorie\/accessoires-pour-vehicules\/voiture\/diverse\/"},{"@type":"ListItem","position":6,"name":"D\u00e9sodorisant pour voiture Joy Fragrances \u00ab CR\u00c9ATIF \u00bb"}]},{"@type":"WebSite","@id":"https:\/\/schweizversand.ch\/fr\/#website","url":"https:\/\/schweizversand.ch\/fr\/","name":"Schweizer Shop f\u00fcr Sport, Spiel und Freizeit","description":"Gratisversand ab 50.- (netto), ab eigenem schweizer Lager, Lieferung innert 48h","publisher":{"@id":"https:\/\/schweizversand.ch\/fr\/#organization"},"alternateName":"Schweizversand.ch","potentialAction":[{"@type":"SearchAction","target":{"@type":"EntryPoint","urlTemplate":"https:\/\/schweizversand.ch\/fr\/?s={search_term_string}"},"query-input":{"@type":"PropertyValueSpecification","valueRequired":true,"valueName":"search_term_string"}}],"inLanguage":"fr-FR"},{"@type":"Organization","@id":"https:\/\/schweizversand.ch\/fr\/#organization","name":"Schweizversand.ch","url":"https:\/\/schweizversand.ch\/fr\/","logo":{"@type":"ImageObject","inLanguage":"fr-FR","@id":"https:\/\/schweizversand.ch\/fr\/#\/schema\/logo\/image\/","url":"https:\/\/schweizversand.ch\/wp-content\/uploads\/2026\/03\/Logo_Rund_Final-1.png","contentUrl":"https:\/\/schweizversand.ch\/wp-content\/uploads\/2026\/03\/Logo_Rund_Final-1.png","width":404,"height":404,"caption":"Schweizversand.ch"},"image":{"@id":"https:\/\/schweizversand.ch\/fr\/#\/schema\/logo\/image\/"},"sameAs":["https:\/\/www.facebook.com\/Schweizversand","https:\/\/www.instagram.com\/schweizversand.ch\/"]}]}},"jetpack_sharing_enabled":true,"_links":{"self":[{"href":"https:\/\/schweizversand.ch\/fr\/wp-json\/wp\/v2\/product\/253560","targetHints":{"allow":["GET"]}}],"collection":[{"href":"https:\/\/schweizversand.ch\/fr\/wp-json\/wp\/v2\/product"}],"about":[{"href":"https:\/\/schweizversand.ch\/fr\/wp-json\/wp\/v2\/types\/product"}],"replies":[{"embeddable":true,"href":"https:\/\/schweizversand.ch\/fr\/wp-json\/wp\/v2\/comments?post=253560"}],"wp:featuredmedia":[{"embeddable":true,"href":"https:\/\/schweizversand.ch\/fr\/wp-json\/wp\/v2\/media\/158282"}],"wp:attachment":[{"href":"https:\/\/schweizversand.ch\/fr\/wp-json\/wp\/v2\/media?parent=253560"}],"wp:term":[{"taxonomy":"product_brand","embeddable":true,"href":"https:\/\/schweizversand.ch\/fr\/wp-json\/wp\/v2\/product_brand?post=253560"},{"taxonomy":"product_cat","embeddable":true,"href":"https:\/\/schweizversand.ch\/fr\/wp-json\/wp\/v2\/product_cat?post=253560"},{"taxonomy":"product_tag","embeddable":true,"href":"https:\/\/schweizversand.ch\/fr\/wp-json\/wp\/v2\/product_tag?post=253560"}],"curies":[{"name":"wp","href":"https:\/\/api.w.org\/{rel}","templated":true}]}}