{"id":253561,"date":"2026-03-15T00:06:12","date_gmt":"2026-03-14T23:06:12","guid":{"rendered":"https:\/\/schweizversand.ch\/produkt\/champ-froehliche-farm-oekologischer-bausatz\/"},"modified":"2026-04-20T02:03:02","modified_gmt":"2026-04-20T00:03:02","slug":"champ-froehliche-farm-oekologischer-bausatz","status":"publish","type":"product","link":"https:\/\/schweizversand.ch\/fr\/produkt\/champ-froehliche-farm-oekologischer-bausatz\/","title":{"rendered":"CHAMP Happy Farm \u2013 Kit de construction \u00e9cologique"},"content":{"rendered":"<p>D\u00e9couvrez les animaux de la ferme de fa\u00e7on ludique, cr\u00e9ative et durable ! Gr\u00e2ce \u00e0 ce syst\u00e8me modulaire con\u00e7u avec soin, les enfants explorent le monde de la ferme en s&rsquo;amusant. Ce set \u00e9cologique a \u00e9t\u00e9 imagin\u00e9 avec passion pour les petits explorateurs et un avenir prometteur.<\/p>\n<\/div>\n<div>Dans l&#8217;emballage \u00e9cologique, vous trouverez des pi\u00e8ces en carton robuste fabriqu\u00e9es \u00e0 partir de papier recycl\u00e9, des vis et des \u00e9crous en plastique recycl\u00e9 purifi\u00e9, ainsi que des instructions faciles \u00e0 suivre.<br \/>Toutes les pi\u00e8ces en papier et en carton, y compris l&#8217;emballage, sont fabriqu\u00e9es selon les normes strictes FSC\u00ae et sont donc enti\u00e8rement durables et recyclables.<\/p>\n<\/div>\n<div>D\u00e9velopp\u00e9 en collaboration avec la designer Lucie \u010cmilansk\u00e1, ce kit propose un syst\u00e8me ing\u00e9nieux qui permet aux enfants d&rsquo;assembler facilement diff\u00e9rents animaux de la ferme, une cl\u00f4ture et m\u00eame un arbre.<br \/>Gr\u00e2ce aux vis sp\u00e9cialement con\u00e7ues pour les petites mains, les enfants d&rsquo;\u00e2ge pr\u00e9scolaire d\u00e9velopperont \u00e9galement leur motricit\u00e9 fine tout en s&rsquo;amusant. Concentration.<\/p>\n<\/div>\n<div>En jouant ensemble, parents et enfants peuvent parler des animaux\u00a0: o\u00f9 ils vivent, ce qu\u2019ils mangent ou les sons qu\u2019ils \u00e9mettent. Chaque partie se transforme ainsi en une <strong>aventure d\u2019apprentissage pleine d\u2019imagination et de connaissances<\/strong>.<\/p>\n<\/div>\n<div><strong>Contenu du coffret\u00a0:<\/strong><br \/> \u2022 63 pi\u00e8ces en carton robuste<br \/> \u2022 24 vis courtes<br \/> \u2022 8 vis longues<br \/> \u2022 32 \u00e9crous<br \/> \u2022 1 manuel d\u2019instructions<\/p>\n<\/div>\n<div><strong>Durable. Cr\u00e9atif. \u00c9ducatif.<\/strong><br \/> D\u00e9couvrez le monde fascinant de la ferme avec vos enfants, pi\u00e8ce par pi\u00e8ce, vis par vis\u00a0!<\/p>\n","protected":false},"excerpt":{"rendered":"<p>D\u00e9couvrez les animaux de la ferme de fa\u00e7on ludique, cr\u00e9ative et durable ! Gr\u00e2ce \u00e0 ce syst\u00e8me modulaire con\u00e7u avec soin, les enfants explorent le monde de la ferme en s&rsquo;amusant. Ce set \u00e9cologique a \u00e9t\u00e9 imagin\u00e9 avec passion pour les petits explorateurs et un avenir prometteur. Dans l&#8217;emballage \u00e9cologique, vous trouverez des pi\u00e8ces en carton robuste fabriqu\u00e9es \u00e0 partir de papier recycl\u00e9, des vis et des \u00e9crous en plastique recycl\u00e9 purifi\u00e9, ainsi que des&hellip;<\/p>\n","protected":false},"featured_media":158283,"comment_status":"open","ping_status":"closed","template":"","meta":[],"product_brand":[],"product_cat":[38846],"product_tag":[],"class_list":{"0":"post-253561","1":"product","2":"type-product","3":"status-publish","4":"has-post-thumbnail","6":"product_cat-bausteine","7":"product_shipping_class-global_methods","9":"first","10":"instock","11":"taxable","12":"shipping-taxable","13":"purchasable","14":"product-type-simple"},"yoast_head":"<!-- This site is optimized with the Yoast SEO plugin v27.4 - https:\/\/yoast.com\/product\/yoast-seo-wordpress\/ -->\n<title>CHAMP Fr\u00f6hliche Farm \u2013 \u00f6kologischer Bausatz | Jetzt kaufen | Schweizversand.ch<\/title>\n<meta name=\"description\" content=\"CHAMP Fr\u00f6hliche Farm \u2013 \u00f6kologischer Bausatz g\u00fcnstig kaufen bei Schweizversand.ch. Schnelle Lieferung in der Schweiz. Gratisversand ab CHF 50.\" \/>\n<meta name=\"robots\" content=\"index, follow, max-snippet:-1, max-image-preview:large, max-video-preview:-1\" \/>\n<link rel=\"canonical\" href=\"https:\/\/schweizversand.ch\/fr\/produkt\/champ-froehliche-farm-oekologischer-bausatz\/\" \/>\n<meta property=\"og:locale\" content=\"fr_FR\" \/>\n<meta property=\"og:type\" content=\"article\" \/>\n<meta property=\"og:title\" content=\"CHAMP Fr\u00f6hliche Farm \u2013 \u00f6kologischer Bausatz | Jetzt kaufen | Schweizversand.ch\" \/>\n<meta property=\"og:description\" content=\"CHAMP Fr\u00f6hliche Farm \u2013 \u00f6kologischer Bausatz g\u00fcnstig kaufen bei Schweizversand.ch. Schnelle Lieferung in der Schweiz. Gratisversand ab CHF 50.\" \/>\n<meta property=\"og:url\" content=\"https:\/\/schweizversand.ch\/fr\/produkt\/champ-froehliche-farm-oekologischer-bausatz\/\" \/>\n<meta property=\"og:site_name\" content=\"Schweizer Shop f\u00fcr Sport, Spiel und Freizeit\" \/>\n<meta property=\"article:publisher\" content=\"https:\/\/www.facebook.com\/Schweizversand\" \/>\n<meta property=\"article:modified_time\" content=\"2026-04-20T00:03:02+00:00\" \/>\n<meta property=\"og:image\" content=\"https:\/\/schweizversand.ch\/wp-content\/uploads\/2026\/02\/5472033929.png\" \/>\n\t<meta property=\"og:image:width\" content=\"1024\" \/>\n\t<meta property=\"og:image:height\" content=\"818\" \/>\n\t<meta property=\"og:image:type\" content=\"image\/png\" \/>\n<meta name=\"twitter:card\" content=\"summary_large_image\" \/>\n<meta name=\"twitter:label1\" content=\"Dur\u00e9e de lecture estim\u00e9e\" \/>\n\t<meta name=\"twitter:data1\" content=\"1 minute\" \/>\n<script type=\"application\/ld+json\" class=\"yoast-schema-graph\">{\"@context\":\"https:\\\/\\\/schema.org\",\"@graph\":[{\"@type\":\"WebPage\",\"@id\":\"https:\\\/\\\/schweizversand.ch\\\/fr\\\/produkt\\\/champ-froehliche-farm-oekologischer-bausatz\\\/\",\"url\":\"https:\\\/\\\/schweizversand.ch\\\/fr\\\/produkt\\\/champ-froehliche-farm-oekologischer-bausatz\\\/\",\"name\":\"CHAMP Fr\u00f6hliche Farm \u2013 \u00f6kologischer Bausatz | Jetzt kaufen | Schweizversand.ch\",\"isPartOf\":{\"@id\":\"https:\\\/\\\/schweizversand.ch\\\/fr\\\/#website\"},\"primaryImageOfPage\":{\"@id\":\"https:\\\/\\\/schweizversand.ch\\\/fr\\\/produkt\\\/champ-froehliche-farm-oekologischer-bausatz\\\/#primaryimage\"},\"image\":{\"@id\":\"https:\\\/\\\/schweizversand.ch\\\/fr\\\/produkt\\\/champ-froehliche-farm-oekologischer-bausatz\\\/#primaryimage\"},\"thumbnailUrl\":\"https:\\\/\\\/schweizversand.ch\\\/wp-content\\\/uploads\\\/2026\\\/02\\\/5472033929.png\",\"datePublished\":\"2026-03-14T23:06:12+00:00\",\"dateModified\":\"2026-04-20T00:03:02+00:00\",\"description\":\"CHAMP Fr\u00f6hliche Farm \u2013 \u00f6kologischer Bausatz g\u00fcnstig kaufen bei Schweizversand.ch. Schnelle Lieferung in der Schweiz. Gratisversand ab CHF 50.\",\"breadcrumb\":{\"@id\":\"https:\\\/\\\/schweizversand.ch\\\/fr\\\/produkt\\\/champ-froehliche-farm-oekologischer-bausatz\\\/#breadcrumb\"},\"inLanguage\":\"fr-FR\",\"potentialAction\":[{\"@type\":\"ReadAction\",\"target\":[\"https:\\\/\\\/schweizversand.ch\\\/fr\\\/produkt\\\/champ-froehliche-farm-oekologischer-bausatz\\\/\"]}]},{\"@type\":\"ImageObject\",\"inLanguage\":\"fr-FR\",\"@id\":\"https:\\\/\\\/schweizversand.ch\\\/fr\\\/produkt\\\/champ-froehliche-farm-oekologischer-bausatz\\\/#primaryimage\",\"url\":\"https:\\\/\\\/schweizversand.ch\\\/wp-content\\\/uploads\\\/2026\\\/02\\\/5472033929.png\",\"contentUrl\":\"https:\\\/\\\/schweizversand.ch\\\/wp-content\\\/uploads\\\/2026\\\/02\\\/5472033929.png\",\"width\":1024,\"height\":818},{\"@type\":\"BreadcrumbList\",\"@id\":\"https:\\\/\\\/schweizversand.ch\\\/fr\\\/produkt\\\/champ-froehliche-farm-oekologischer-bausatz\\\/#breadcrumb\",\"itemListElement\":[{\"@type\":\"ListItem\",\"position\":1,\"name\":\"Startseite\",\"item\":\"https:\\\/\\\/schweizversand.ch\\\/fr\\\/home\\\/\"},{\"@type\":\"ListItem\",\"position\":2,\"name\":\"Boutique\",\"item\":\"https:\\\/\\\/schweizversand.ch\\\/fr\\\/boutique\\\/\"},{\"@type\":\"ListItem\",\"position\":3,\"name\":\"Jouets et jeux\",\"item\":\"https:\\\/\\\/schweizversand.ch\\\/fr\\\/produkt-kategorie\\\/jouets-et-jeux\\\/\"},{\"@type\":\"ListItem\",\"position\":4,\"name\":\"Construction et exp\u00e9riences\",\"item\":\"https:\\\/\\\/schweizversand.ch\\\/fr\\\/produkt-kategorie\\\/jouets-et-jeux\\\/construction-et-experiences\\\/\"},{\"@type\":\"ListItem\",\"position\":5,\"name\":\"Blocs de construction\",\"item\":\"https:\\\/\\\/schweizversand.ch\\\/fr\\\/produkt-kategorie\\\/bausteine\\\/\"},{\"@type\":\"ListItem\",\"position\":6,\"name\":\"CHAMP Happy Farm \u2013 Kit de construction \u00e9cologique\"}]},{\"@type\":\"WebSite\",\"@id\":\"https:\\\/\\\/schweizversand.ch\\\/fr\\\/#website\",\"url\":\"https:\\\/\\\/schweizversand.ch\\\/fr\\\/\",\"name\":\"Schweizer Shop f\u00fcr Sport, Spiel und Freizeit\",\"description\":\"Gratisversand ab 50.- (netto), ab eigenem schweizer Lager, Lieferung innert 48h\",\"publisher\":{\"@id\":\"https:\\\/\\\/schweizversand.ch\\\/fr\\\/#organization\"},\"alternateName\":\"Schweizversand.ch\",\"potentialAction\":[{\"@type\":\"SearchAction\",\"target\":{\"@type\":\"EntryPoint\",\"urlTemplate\":\"https:\\\/\\\/schweizversand.ch\\\/fr\\\/?s={search_term_string}\"},\"query-input\":{\"@type\":\"PropertyValueSpecification\",\"valueRequired\":true,\"valueName\":\"search_term_string\"}}],\"inLanguage\":\"fr-FR\"},{\"@type\":\"Organization\",\"@id\":\"https:\\\/\\\/schweizversand.ch\\\/fr\\\/#organization\",\"name\":\"Schweizversand.ch\",\"url\":\"https:\\\/\\\/schweizversand.ch\\\/fr\\\/\",\"logo\":{\"@type\":\"ImageObject\",\"inLanguage\":\"fr-FR\",\"@id\":\"https:\\\/\\\/schweizversand.ch\\\/fr\\\/#\\\/schema\\\/logo\\\/image\\\/\",\"url\":\"https:\\\/\\\/schweizversand.ch\\\/wp-content\\\/uploads\\\/2026\\\/03\\\/Logo_Rund_Final-1.png\",\"contentUrl\":\"https:\\\/\\\/schweizversand.ch\\\/wp-content\\\/uploads\\\/2026\\\/03\\\/Logo_Rund_Final-1.png\",\"width\":404,\"height\":404,\"caption\":\"Schweizversand.ch\"},\"image\":{\"@id\":\"https:\\\/\\\/schweizversand.ch\\\/fr\\\/#\\\/schema\\\/logo\\\/image\\\/\"},\"sameAs\":[\"https:\\\/\\\/www.facebook.com\\\/Schweizversand\",\"https:\\\/\\\/www.instagram.com\\\/schweizversand.ch\\\/\"]}]}<\/script>\n<!-- \/ Yoast SEO plugin. -->","yoast_head_json":{"title":"CHAMP Fr\u00f6hliche Farm \u2013 \u00f6kologischer Bausatz | Jetzt kaufen | Schweizversand.ch","description":"CHAMP Fr\u00f6hliche Farm \u2013 \u00f6kologischer Bausatz g\u00fcnstig kaufen bei Schweizversand.ch. Schnelle Lieferung in der Schweiz. Gratisversand ab CHF 50.","robots":{"index":"index","follow":"follow","max-snippet":"max-snippet:-1","max-image-preview":"max-image-preview:large","max-video-preview":"max-video-preview:-1"},"canonical":"https:\/\/schweizversand.ch\/fr\/produkt\/champ-froehliche-farm-oekologischer-bausatz\/","og_locale":"fr_FR","og_type":"article","og_title":"CHAMP Fr\u00f6hliche Farm \u2013 \u00f6kologischer Bausatz | Jetzt kaufen | Schweizversand.ch","og_description":"CHAMP Fr\u00f6hliche Farm \u2013 \u00f6kologischer Bausatz g\u00fcnstig kaufen bei Schweizversand.ch. Schnelle Lieferung in der Schweiz. Gratisversand ab CHF 50.","og_url":"https:\/\/schweizversand.ch\/fr\/produkt\/champ-froehliche-farm-oekologischer-bausatz\/","og_site_name":"Schweizer Shop f\u00fcr Sport, Spiel und Freizeit","article_publisher":"https:\/\/www.facebook.com\/Schweizversand","article_modified_time":"2026-04-20T00:03:02+00:00","og_image":[{"width":1024,"height":818,"url":"https:\/\/schweizversand.ch\/wp-content\/uploads\/2026\/02\/5472033929.png","type":"image\/png"}],"twitter_card":"summary_large_image","twitter_misc":{"Dur\u00e9e de lecture estim\u00e9e":"1 minute"},"schema":{"@context":"https:\/\/schema.org","@graph":[{"@type":"WebPage","@id":"https:\/\/schweizversand.ch\/fr\/produkt\/champ-froehliche-farm-oekologischer-bausatz\/","url":"https:\/\/schweizversand.ch\/fr\/produkt\/champ-froehliche-farm-oekologischer-bausatz\/","name":"CHAMP Fr\u00f6hliche Farm \u2013 \u00f6kologischer Bausatz | Jetzt kaufen | Schweizversand.ch","isPartOf":{"@id":"https:\/\/schweizversand.ch\/fr\/#website"},"primaryImageOfPage":{"@id":"https:\/\/schweizversand.ch\/fr\/produkt\/champ-froehliche-farm-oekologischer-bausatz\/#primaryimage"},"image":{"@id":"https:\/\/schweizversand.ch\/fr\/produkt\/champ-froehliche-farm-oekologischer-bausatz\/#primaryimage"},"thumbnailUrl":"https:\/\/schweizversand.ch\/wp-content\/uploads\/2026\/02\/5472033929.png","datePublished":"2026-03-14T23:06:12+00:00","dateModified":"2026-04-20T00:03:02+00:00","description":"CHAMP Fr\u00f6hliche Farm \u2013 \u00f6kologischer Bausatz g\u00fcnstig kaufen bei Schweizversand.ch. Schnelle Lieferung in der Schweiz. Gratisversand ab CHF 50.","breadcrumb":{"@id":"https:\/\/schweizversand.ch\/fr\/produkt\/champ-froehliche-farm-oekologischer-bausatz\/#breadcrumb"},"inLanguage":"fr-FR","potentialAction":[{"@type":"ReadAction","target":["https:\/\/schweizversand.ch\/fr\/produkt\/champ-froehliche-farm-oekologischer-bausatz\/"]}]},{"@type":"ImageObject","inLanguage":"fr-FR","@id":"https:\/\/schweizversand.ch\/fr\/produkt\/champ-froehliche-farm-oekologischer-bausatz\/#primaryimage","url":"https:\/\/schweizversand.ch\/wp-content\/uploads\/2026\/02\/5472033929.png","contentUrl":"https:\/\/schweizversand.ch\/wp-content\/uploads\/2026\/02\/5472033929.png","width":1024,"height":818},{"@type":"BreadcrumbList","@id":"https:\/\/schweizversand.ch\/fr\/produkt\/champ-froehliche-farm-oekologischer-bausatz\/#breadcrumb","itemListElement":[{"@type":"ListItem","position":1,"name":"Startseite","item":"https:\/\/schweizversand.ch\/fr\/home\/"},{"@type":"ListItem","position":2,"name":"Boutique","item":"https:\/\/schweizversand.ch\/fr\/boutique\/"},{"@type":"ListItem","position":3,"name":"Jouets et jeux","item":"https:\/\/schweizversand.ch\/fr\/produkt-kategorie\/jouets-et-jeux\/"},{"@type":"ListItem","position":4,"name":"Construction et exp\u00e9riences","item":"https:\/\/schweizversand.ch\/fr\/produkt-kategorie\/jouets-et-jeux\/construction-et-experiences\/"},{"@type":"ListItem","position":5,"name":"Blocs de construction","item":"https:\/\/schweizversand.ch\/fr\/produkt-kategorie\/bausteine\/"},{"@type":"ListItem","position":6,"name":"CHAMP Happy Farm \u2013 Kit de construction \u00e9cologique"}]},{"@type":"WebSite","@id":"https:\/\/schweizversand.ch\/fr\/#website","url":"https:\/\/schweizversand.ch\/fr\/","name":"Schweizer Shop f\u00fcr Sport, Spiel und Freizeit","description":"Gratisversand ab 50.- (netto), ab eigenem schweizer Lager, Lieferung innert 48h","publisher":{"@id":"https:\/\/schweizversand.ch\/fr\/#organization"},"alternateName":"Schweizversand.ch","potentialAction":[{"@type":"SearchAction","target":{"@type":"EntryPoint","urlTemplate":"https:\/\/schweizversand.ch\/fr\/?s={search_term_string}"},"query-input":{"@type":"PropertyValueSpecification","valueRequired":true,"valueName":"search_term_string"}}],"inLanguage":"fr-FR"},{"@type":"Organization","@id":"https:\/\/schweizversand.ch\/fr\/#organization","name":"Schweizversand.ch","url":"https:\/\/schweizversand.ch\/fr\/","logo":{"@type":"ImageObject","inLanguage":"fr-FR","@id":"https:\/\/schweizversand.ch\/fr\/#\/schema\/logo\/image\/","url":"https:\/\/schweizversand.ch\/wp-content\/uploads\/2026\/03\/Logo_Rund_Final-1.png","contentUrl":"https:\/\/schweizversand.ch\/wp-content\/uploads\/2026\/03\/Logo_Rund_Final-1.png","width":404,"height":404,"caption":"Schweizversand.ch"},"image":{"@id":"https:\/\/schweizversand.ch\/fr\/#\/schema\/logo\/image\/"},"sameAs":["https:\/\/www.facebook.com\/Schweizversand","https:\/\/www.instagram.com\/schweizversand.ch\/"]}]}},"jetpack_sharing_enabled":true,"_links":{"self":[{"href":"https:\/\/schweizversand.ch\/fr\/wp-json\/wp\/v2\/product\/253561","targetHints":{"allow":["GET"]}}],"collection":[{"href":"https:\/\/schweizversand.ch\/fr\/wp-json\/wp\/v2\/product"}],"about":[{"href":"https:\/\/schweizversand.ch\/fr\/wp-json\/wp\/v2\/types\/product"}],"replies":[{"embeddable":true,"href":"https:\/\/schweizversand.ch\/fr\/wp-json\/wp\/v2\/comments?post=253561"}],"wp:featuredmedia":[{"embeddable":true,"href":"https:\/\/schweizversand.ch\/fr\/wp-json\/wp\/v2\/media\/158283"}],"wp:attachment":[{"href":"https:\/\/schweizversand.ch\/fr\/wp-json\/wp\/v2\/media?parent=253561"}],"wp:term":[{"taxonomy":"product_brand","embeddable":true,"href":"https:\/\/schweizversand.ch\/fr\/wp-json\/wp\/v2\/product_brand?post=253561"},{"taxonomy":"product_cat","embeddable":true,"href":"https:\/\/schweizversand.ch\/fr\/wp-json\/wp\/v2\/product_cat?post=253561"},{"taxonomy":"product_tag","embeddable":true,"href":"https:\/\/schweizversand.ch\/fr\/wp-json\/wp\/v2\/product_tag?post=253561"}],"curies":[{"name":"wp","href":"https:\/\/api.w.org\/{rel}","templated":true}]}}