{"id":253566,"date":"2026-03-15T00:06:14","date_gmt":"2026-03-14T23:06:14","guid":{"rendered":"https:\/\/schweizversand.ch\/produkt\/imc-spielzeug-vip-pets-mini-fans-glam-gems\/"},"modified":"2026-04-22T15:33:43","modified_gmt":"2026-04-22T13:33:43","slug":"imc-spielzeug-vip-pets-mini-fans-glam-gems","status":"publish","type":"product","link":"https:\/\/schweizversand.ch\/fr\/produkt\/imc-spielzeug-vip-pets-mini-fans-glam-gems\/","title":{"rendered":"IMC Toys VIP Pets Mini Fans Glam Gems"},"content":{"rendered":"<h1><strong>VIP Pets Mini Fans Glam Gems \u2013 Collectionnez les mini-figurines<\/strong><\/h1>\n<div>Plongez dans l&rsquo;univers glamour des <strong>VIP Pets Mini Fans Glam Gems<\/strong>\u00a0! Cette collection f\u00e9\u00e9rique met l&rsquo;\u00e9clat des figurines grandeur nature directement entre les mains de vos enfants et leur offre une exp\u00e9rience de d\u00e9ballage passionnante. Collectionnez tous les personnages et d\u00e9couvrez les secrets cach\u00e9s dans chaque capsule.<\/p>\n<\/div>\n<div><strong>L&rsquo;exp\u00e9rience de d\u00e9ballage ultime<\/strong><br \/>Chaque figurine <strong>VIP Pets Mini Fans Glam Gems<\/strong> est pr\u00e9sent\u00e9e dans une capsule de shampoing unique, dont le couvercle est rempli de paillettes en forme de diamant. Pour un effet \u00ab\u00a0wahou\u00a0\u00bb garanti, il suffit de tourner le couvercle et d&rsquo;admirer les paillettes scintillantes se d\u00e9verser d\u00e9licatement sur la figurine <strong>VIP Pets<\/strong>, lui apportant la touche finale glamour. Cet \u00e9l\u00e9ment interactif transforme le d\u00e9ballage en un moment inoubliable.<\/p>\n<\/div>\n<div><strong>Des figurines glamour et styl\u00e9es<\/strong><br \/>Cette s\u00e9rie exclusive comprend plus de 12 mini-figurines \u00e0 collectionner diff\u00e9rentes, toutes orn\u00e9es de magnifiques pierres pr\u00e9cieuses, \u00e0 l&rsquo;image de leurs idoles. Chaque figurine poss\u00e8de une chevelure impressionnante de 20 cm de long, id\u00e9ale pour coiffer, tresser et cr\u00e9er d&rsquo;innombrables coiffures. Ces poup\u00e9es aux longs cheveux stimulent la cr\u00e9ativit\u00e9 et d\u00e9veloppent la motricit\u00e9 fine par le jeu.<\/p>\n<\/div>\n<div><strong>Votre propre mini-salon de coiffure<\/strong><br \/>La capsule innovante sert non seulement d&#8217;emballage, mais se transforme aussi en un clin d&rsquo;\u0153il en un mini-salon de coiffure F&#038;F. Gr\u00e2ce \u00e0 la planche d&rsquo;autocollants incluse, les enfants peuvent personnaliser le salon et inventer leurs propres histoires et aventures. Ce coffret offre un cadre id\u00e9al pour stimuler l&rsquo;imagination avec les figurines <strong>Glam Gems<\/strong>.<\/p>\n<\/div>\n<div><strong>Contenu et surprises<\/strong><br \/>Chaque capsule contient six \u00e9l\u00e9ments surprenants pour une exp\u00e9rience de jeu inoubliable. D\u00e9couvrez la figurine rare, accompagn\u00e9e d&rsquo;accessoires uniques pour compl\u00e9ter votre collection.<\/p>\n<\/div>\n<div><strong>Contenu Glam Gems<\/strong><br \/>&#8211; 1 Mini Poup\u00e9e Fan (cheveux de 20 cm)<br \/>&#8211; 3 nouveaux accessoires de coiffure<br \/>&#8211; 1 fiche r\u00e9capitulative pour collectionneurs<br \/>&#8211; 1 planche d&rsquo;autocollants pour d\u00e9corer la capsule<br \/>&#8211; 1 capsule de shampoing (qui se transforme en mini salon de coiffure)<br \/>&#8211; 1 couvercle en forme de diamant \u00e0 effet paillet\u00e9<br \/>&#8211; Couleur non s\u00e9lectionnable<br \/>&#8211; Prix \u00e0 l&rsquo;unit\u00e9<\/p>\n<\/div>\n<div>Procurez-vous d\u00e8s maintenant vos <strong>VIP Pets Mini Fans Glam Gems<\/strong> et lancez-vous dans la collection ! Ces mini-figurines \u00e9l\u00e9gantes sont le cadeau id\u00e9al pour tous les fans de mode et de surprises.<\/p>\n<p><\/div>\n<div><\/div>\n","protected":false},"excerpt":{"rendered":"<p>VIP Pets Mini Fans Glam Gems \u2013 Collectionnez les mini-figurines Plongez dans l&rsquo;univers glamour des VIP Pets Mini Fans Glam Gems\u00a0! Cette collection f\u00e9\u00e9rique met l&rsquo;\u00e9clat des figurines grandeur nature directement entre les mains de vos enfants et leur offre une exp\u00e9rience de d\u00e9ballage passionnante. Collectionnez tous les personnages et d\u00e9couvrez les secrets cach\u00e9s dans chaque capsule. L&rsquo;exp\u00e9rience de d\u00e9ballage ultimeChaque figurine VIP Pets Mini Fans Glam Gems est pr\u00e9sent\u00e9e dans une capsule de shampoing&hellip;<\/p>\n","protected":false},"featured_media":158319,"comment_status":"open","ping_status":"closed","template":"","meta":[],"product_brand":[],"product_cat":[38364],"product_tag":[],"class_list":{"0":"post-253566","1":"product","2":"type-product","3":"status-publish","4":"has-post-thumbnail","6":"product_cat-puppe","7":"product_shipping_class-global_methods","9":"first","10":"instock","11":"taxable","12":"shipping-taxable","13":"purchasable","14":"product-type-simple"},"yoast_head":"<!-- This site is optimized with the Yoast SEO plugin v27.4 - https:\/\/yoast.com\/product\/yoast-seo-wordpress\/ -->\n<title>IMC Spielzeug VIP Pets Mini Fans Glam Gems<\/title>\n<meta name=\"description\" content=\"VIP Pets Mini Fans Glam Gems \u2013 Mini Figuren Sammeln Tauchen Sie ein in die glamour\u00f6se Welt der VIP Pets Mini Fans Glam Gems ! Diese bezaubernde Kollektion bring\" \/>\n<meta name=\"robots\" content=\"index, follow, max-snippet:-1, max-image-preview:large, max-video-preview:-1\" \/>\n<link rel=\"canonical\" href=\"https:\/\/schweizversand.ch\/fr\/produkt\/imc-spielzeug-vip-pets-mini-fans-glam-gems\/\" \/>\n<meta property=\"og:locale\" content=\"fr_FR\" \/>\n<meta property=\"og:type\" content=\"article\" \/>\n<meta property=\"og:title\" content=\"IMC Spielzeug VIP Pets Mini Fans Glam Gems\" \/>\n<meta property=\"og:description\" content=\"VIP Pets Mini Fans Glam Gems \u2013 Mini Figuren Sammeln Tauchen Sie ein in die glamour\u00f6se Welt der VIP Pets Mini Fans Glam Gems ! Diese bezaubernde Kollektion bring\" \/>\n<meta property=\"og:url\" content=\"https:\/\/schweizversand.ch\/fr\/produkt\/imc-spielzeug-vip-pets-mini-fans-glam-gems\/\" \/>\n<meta property=\"og:site_name\" content=\"Schweizer Shop f\u00fcr Sport, Spiel und Freizeit\" \/>\n<meta property=\"article:publisher\" content=\"https:\/\/www.facebook.com\/Schweizversand\" \/>\n<meta property=\"article:modified_time\" content=\"2026-04-22T13:33:43+00:00\" \/>\n<meta property=\"og:image\" content=\"https:\/\/schweizversand.ch\/wp-content\/uploads\/2026\/02\/5472107259.jpg\" \/>\n\t<meta property=\"og:image:width\" content=\"1024\" \/>\n\t<meta property=\"og:image:height\" content=\"1024\" \/>\n\t<meta property=\"og:image:type\" content=\"image\/jpeg\" \/>\n<meta name=\"twitter:card\" content=\"summary_large_image\" \/>\n<meta name=\"twitter:label1\" content=\"Dur\u00e9e de lecture estim\u00e9e\" \/>\n\t<meta name=\"twitter:data1\" content=\"2 minutes\" \/>\n<script type=\"application\/ld+json\" class=\"yoast-schema-graph\">{\"@context\":\"https:\\\/\\\/schema.org\",\"@graph\":[{\"@type\":\"WebPage\",\"@id\":\"https:\\\/\\\/schweizversand.ch\\\/fr\\\/produkt\\\/imc-spielzeug-vip-pets-mini-fans-glam-gems\\\/\",\"url\":\"https:\\\/\\\/schweizversand.ch\\\/fr\\\/produkt\\\/imc-spielzeug-vip-pets-mini-fans-glam-gems\\\/\",\"name\":\"IMC Spielzeug VIP Pets Mini Fans Glam Gems\",\"isPartOf\":{\"@id\":\"https:\\\/\\\/schweizversand.ch\\\/fr\\\/#website\"},\"primaryImageOfPage\":{\"@id\":\"https:\\\/\\\/schweizversand.ch\\\/fr\\\/produkt\\\/imc-spielzeug-vip-pets-mini-fans-glam-gems\\\/#primaryimage\"},\"image\":{\"@id\":\"https:\\\/\\\/schweizversand.ch\\\/fr\\\/produkt\\\/imc-spielzeug-vip-pets-mini-fans-glam-gems\\\/#primaryimage\"},\"thumbnailUrl\":\"https:\\\/\\\/schweizversand.ch\\\/wp-content\\\/uploads\\\/2026\\\/02\\\/5472107259.jpg\",\"datePublished\":\"2026-03-14T23:06:14+00:00\",\"dateModified\":\"2026-04-22T13:33:43+00:00\",\"description\":\"VIP Pets Mini Fans Glam Gems \u2013 Mini Figuren Sammeln Tauchen Sie ein in die glamour\u00f6se Welt der VIP Pets Mini Fans Glam Gems ! Diese bezaubernde Kollektion bring\",\"breadcrumb\":{\"@id\":\"https:\\\/\\\/schweizversand.ch\\\/fr\\\/produkt\\\/imc-spielzeug-vip-pets-mini-fans-glam-gems\\\/#breadcrumb\"},\"inLanguage\":\"fr-FR\",\"potentialAction\":[{\"@type\":\"ReadAction\",\"target\":[\"https:\\\/\\\/schweizversand.ch\\\/fr\\\/produkt\\\/imc-spielzeug-vip-pets-mini-fans-glam-gems\\\/\"]}]},{\"@type\":\"ImageObject\",\"inLanguage\":\"fr-FR\",\"@id\":\"https:\\\/\\\/schweizversand.ch\\\/fr\\\/produkt\\\/imc-spielzeug-vip-pets-mini-fans-glam-gems\\\/#primaryimage\",\"url\":\"https:\\\/\\\/schweizversand.ch\\\/wp-content\\\/uploads\\\/2026\\\/02\\\/5472107259.jpg\",\"contentUrl\":\"https:\\\/\\\/schweizversand.ch\\\/wp-content\\\/uploads\\\/2026\\\/02\\\/5472107259.jpg\",\"width\":1024,\"height\":1024},{\"@type\":\"BreadcrumbList\",\"@id\":\"https:\\\/\\\/schweizversand.ch\\\/fr\\\/produkt\\\/imc-spielzeug-vip-pets-mini-fans-glam-gems\\\/#breadcrumb\",\"itemListElement\":[{\"@type\":\"ListItem\",\"position\":1,\"name\":\"Startseite\",\"item\":\"https:\\\/\\\/schweizversand.ch\\\/fr\\\/home\\\/\"},{\"@type\":\"ListItem\",\"position\":2,\"name\":\"Boutique\",\"item\":\"https:\\\/\\\/schweizversand.ch\\\/fr\\\/boutique\\\/\"},{\"@type\":\"ListItem\",\"position\":3,\"name\":\"Jouets et jeux\",\"item\":\"https:\\\/\\\/schweizversand.ch\\\/fr\\\/produkt-kategorie\\\/jouets-et-jeux\\\/\"},{\"@type\":\"ListItem\",\"position\":4,\"name\":\"Figurines et poup\u00e9es\",\"item\":\"https:\\\/\\\/schweizversand.ch\\\/fr\\\/produkt-kategorie\\\/jouets-et-jeux\\\/figurines-et-poupees\\\/\"},{\"@type\":\"ListItem\",\"position\":5,\"name\":\"Poup\u00e9e\",\"item\":\"https:\\\/\\\/schweizversand.ch\\\/fr\\\/produkt-kategorie\\\/puppe\\\/\"},{\"@type\":\"ListItem\",\"position\":6,\"name\":\"IMC Toys VIP Pets Mini Fans Glam Gems\"}]},{\"@type\":\"WebSite\",\"@id\":\"https:\\\/\\\/schweizversand.ch\\\/fr\\\/#website\",\"url\":\"https:\\\/\\\/schweizversand.ch\\\/fr\\\/\",\"name\":\"Schweizer Shop f\u00fcr Sport, Spiel und Freizeit\",\"description\":\"Gratisversand ab 50.- (netto), ab eigenem schweizer Lager, Lieferung innert 48h\",\"publisher\":{\"@id\":\"https:\\\/\\\/schweizversand.ch\\\/fr\\\/#organization\"},\"alternateName\":\"Schweizversand.ch\",\"potentialAction\":[{\"@type\":\"SearchAction\",\"target\":{\"@type\":\"EntryPoint\",\"urlTemplate\":\"https:\\\/\\\/schweizversand.ch\\\/fr\\\/?s={search_term_string}\"},\"query-input\":{\"@type\":\"PropertyValueSpecification\",\"valueRequired\":true,\"valueName\":\"search_term_string\"}}],\"inLanguage\":\"fr-FR\"},{\"@type\":\"Organization\",\"@id\":\"https:\\\/\\\/schweizversand.ch\\\/fr\\\/#organization\",\"name\":\"Schweizversand.ch\",\"url\":\"https:\\\/\\\/schweizversand.ch\\\/fr\\\/\",\"logo\":{\"@type\":\"ImageObject\",\"inLanguage\":\"fr-FR\",\"@id\":\"https:\\\/\\\/schweizversand.ch\\\/fr\\\/#\\\/schema\\\/logo\\\/image\\\/\",\"url\":\"https:\\\/\\\/schweizversand.ch\\\/wp-content\\\/uploads\\\/2026\\\/03\\\/Logo_Rund_Final-1.png\",\"contentUrl\":\"https:\\\/\\\/schweizversand.ch\\\/wp-content\\\/uploads\\\/2026\\\/03\\\/Logo_Rund_Final-1.png\",\"width\":404,\"height\":404,\"caption\":\"Schweizversand.ch\"},\"image\":{\"@id\":\"https:\\\/\\\/schweizversand.ch\\\/fr\\\/#\\\/schema\\\/logo\\\/image\\\/\"},\"sameAs\":[\"https:\\\/\\\/www.facebook.com\\\/Schweizversand\",\"https:\\\/\\\/www.instagram.com\\\/schweizversand.ch\\\/\"]}]}<\/script>\n<!-- \/ Yoast SEO plugin. -->","yoast_head_json":{"title":"IMC Spielzeug VIP Pets Mini Fans Glam Gems","description":"VIP Pets Mini Fans Glam Gems \u2013 Mini Figuren Sammeln Tauchen Sie ein in die glamour\u00f6se Welt der VIP Pets Mini Fans Glam Gems ! Diese bezaubernde Kollektion bring","robots":{"index":"index","follow":"follow","max-snippet":"max-snippet:-1","max-image-preview":"max-image-preview:large","max-video-preview":"max-video-preview:-1"},"canonical":"https:\/\/schweizversand.ch\/fr\/produkt\/imc-spielzeug-vip-pets-mini-fans-glam-gems\/","og_locale":"fr_FR","og_type":"article","og_title":"IMC Spielzeug VIP Pets Mini Fans Glam Gems","og_description":"VIP Pets Mini Fans Glam Gems \u2013 Mini Figuren Sammeln Tauchen Sie ein in die glamour\u00f6se Welt der VIP Pets Mini Fans Glam Gems ! Diese bezaubernde Kollektion bring","og_url":"https:\/\/schweizversand.ch\/fr\/produkt\/imc-spielzeug-vip-pets-mini-fans-glam-gems\/","og_site_name":"Schweizer Shop f\u00fcr Sport, Spiel und Freizeit","article_publisher":"https:\/\/www.facebook.com\/Schweizversand","article_modified_time":"2026-04-22T13:33:43+00:00","og_image":[{"width":1024,"height":1024,"url":"https:\/\/schweizversand.ch\/wp-content\/uploads\/2026\/02\/5472107259.jpg","type":"image\/jpeg"}],"twitter_card":"summary_large_image","twitter_misc":{"Dur\u00e9e de lecture estim\u00e9e":"2 minutes"},"schema":{"@context":"https:\/\/schema.org","@graph":[{"@type":"WebPage","@id":"https:\/\/schweizversand.ch\/fr\/produkt\/imc-spielzeug-vip-pets-mini-fans-glam-gems\/","url":"https:\/\/schweizversand.ch\/fr\/produkt\/imc-spielzeug-vip-pets-mini-fans-glam-gems\/","name":"IMC Spielzeug VIP Pets Mini Fans Glam Gems","isPartOf":{"@id":"https:\/\/schweizversand.ch\/fr\/#website"},"primaryImageOfPage":{"@id":"https:\/\/schweizversand.ch\/fr\/produkt\/imc-spielzeug-vip-pets-mini-fans-glam-gems\/#primaryimage"},"image":{"@id":"https:\/\/schweizversand.ch\/fr\/produkt\/imc-spielzeug-vip-pets-mini-fans-glam-gems\/#primaryimage"},"thumbnailUrl":"https:\/\/schweizversand.ch\/wp-content\/uploads\/2026\/02\/5472107259.jpg","datePublished":"2026-03-14T23:06:14+00:00","dateModified":"2026-04-22T13:33:43+00:00","description":"VIP Pets Mini Fans Glam Gems \u2013 Mini Figuren Sammeln Tauchen Sie ein in die glamour\u00f6se Welt der VIP Pets Mini Fans Glam Gems ! Diese bezaubernde Kollektion bring","breadcrumb":{"@id":"https:\/\/schweizversand.ch\/fr\/produkt\/imc-spielzeug-vip-pets-mini-fans-glam-gems\/#breadcrumb"},"inLanguage":"fr-FR","potentialAction":[{"@type":"ReadAction","target":["https:\/\/schweizversand.ch\/fr\/produkt\/imc-spielzeug-vip-pets-mini-fans-glam-gems\/"]}]},{"@type":"ImageObject","inLanguage":"fr-FR","@id":"https:\/\/schweizversand.ch\/fr\/produkt\/imc-spielzeug-vip-pets-mini-fans-glam-gems\/#primaryimage","url":"https:\/\/schweizversand.ch\/wp-content\/uploads\/2026\/02\/5472107259.jpg","contentUrl":"https:\/\/schweizversand.ch\/wp-content\/uploads\/2026\/02\/5472107259.jpg","width":1024,"height":1024},{"@type":"BreadcrumbList","@id":"https:\/\/schweizversand.ch\/fr\/produkt\/imc-spielzeug-vip-pets-mini-fans-glam-gems\/#breadcrumb","itemListElement":[{"@type":"ListItem","position":1,"name":"Startseite","item":"https:\/\/schweizversand.ch\/fr\/home\/"},{"@type":"ListItem","position":2,"name":"Boutique","item":"https:\/\/schweizversand.ch\/fr\/boutique\/"},{"@type":"ListItem","position":3,"name":"Jouets et jeux","item":"https:\/\/schweizversand.ch\/fr\/produkt-kategorie\/jouets-et-jeux\/"},{"@type":"ListItem","position":4,"name":"Figurines et poup\u00e9es","item":"https:\/\/schweizversand.ch\/fr\/produkt-kategorie\/jouets-et-jeux\/figurines-et-poupees\/"},{"@type":"ListItem","position":5,"name":"Poup\u00e9e","item":"https:\/\/schweizversand.ch\/fr\/produkt-kategorie\/puppe\/"},{"@type":"ListItem","position":6,"name":"IMC Toys VIP Pets Mini Fans Glam Gems"}]},{"@type":"WebSite","@id":"https:\/\/schweizversand.ch\/fr\/#website","url":"https:\/\/schweizversand.ch\/fr\/","name":"Schweizer Shop f\u00fcr Sport, Spiel und Freizeit","description":"Gratisversand ab 50.- (netto), ab eigenem schweizer Lager, Lieferung innert 48h","publisher":{"@id":"https:\/\/schweizversand.ch\/fr\/#organization"},"alternateName":"Schweizversand.ch","potentialAction":[{"@type":"SearchAction","target":{"@type":"EntryPoint","urlTemplate":"https:\/\/schweizversand.ch\/fr\/?s={search_term_string}"},"query-input":{"@type":"PropertyValueSpecification","valueRequired":true,"valueName":"search_term_string"}}],"inLanguage":"fr-FR"},{"@type":"Organization","@id":"https:\/\/schweizversand.ch\/fr\/#organization","name":"Schweizversand.ch","url":"https:\/\/schweizversand.ch\/fr\/","logo":{"@type":"ImageObject","inLanguage":"fr-FR","@id":"https:\/\/schweizversand.ch\/fr\/#\/schema\/logo\/image\/","url":"https:\/\/schweizversand.ch\/wp-content\/uploads\/2026\/03\/Logo_Rund_Final-1.png","contentUrl":"https:\/\/schweizversand.ch\/wp-content\/uploads\/2026\/03\/Logo_Rund_Final-1.png","width":404,"height":404,"caption":"Schweizversand.ch"},"image":{"@id":"https:\/\/schweizversand.ch\/fr\/#\/schema\/logo\/image\/"},"sameAs":["https:\/\/www.facebook.com\/Schweizversand","https:\/\/www.instagram.com\/schweizversand.ch\/"]}]}},"jetpack_sharing_enabled":true,"_links":{"self":[{"href":"https:\/\/schweizversand.ch\/fr\/wp-json\/wp\/v2\/product\/253566","targetHints":{"allow":["GET"]}}],"collection":[{"href":"https:\/\/schweizversand.ch\/fr\/wp-json\/wp\/v2\/product"}],"about":[{"href":"https:\/\/schweizversand.ch\/fr\/wp-json\/wp\/v2\/types\/product"}],"replies":[{"embeddable":true,"href":"https:\/\/schweizversand.ch\/fr\/wp-json\/wp\/v2\/comments?post=253566"}],"wp:featuredmedia":[{"embeddable":true,"href":"https:\/\/schweizversand.ch\/fr\/wp-json\/wp\/v2\/media\/158319"}],"wp:attachment":[{"href":"https:\/\/schweizversand.ch\/fr\/wp-json\/wp\/v2\/media?parent=253566"}],"wp:term":[{"taxonomy":"product_brand","embeddable":true,"href":"https:\/\/schweizversand.ch\/fr\/wp-json\/wp\/v2\/product_brand?post=253566"},{"taxonomy":"product_cat","embeddable":true,"href":"https:\/\/schweizversand.ch\/fr\/wp-json\/wp\/v2\/product_cat?post=253566"},{"taxonomy":"product_tag","embeddable":true,"href":"https:\/\/schweizversand.ch\/fr\/wp-json\/wp\/v2\/product_tag?post=253566"}],"curies":[{"name":"wp","href":"https:\/\/api.w.org\/{rel}","templated":true}]}}