{"id":253571,"date":"2026-03-15T00:54:09","date_gmt":"2026-03-14T23:54:09","guid":{"rendered":"https:\/\/schweizversand.ch\/produkt\/elevate-damen-softshell-jacke-2\/"},"modified":"2026-04-19T02:03:30","modified_gmt":"2026-04-19T00:03:30","slug":"elevate-damen-softshell-jacke-2","status":"publish","type":"product","link":"https:\/\/schweizversand.ch\/fr\/produkt\/elevate-damen-softshell-jacke-2\/","title":{"rendered":"Veste softshell pour femme Elevate"},"content":{"rendered":"<p>Veste softshell 2 couches pour femme Langley &#8211; Protection. Style. Libert\u00e9 de mouvement.<\/p>\n<p>La veste softshell Langley est votre alli\u00e9e id\u00e9ale pour toutes vos aventures en plein air, qu&rsquo;il vente, qu&rsquo;il pleuve ou que vous soyez en pleine nature.<\/p>\n<p>Imperm\u00e9able et r\u00e9sistante aux intemp\u00e9ries\u00a0: Avec une colonne d&rsquo;eau de 5\u00a0000\u00a0mm, cette veste vous prot\u00e8ge efficacement de la pluie et de l&rsquo;humidit\u00e9.<\/p>\n<p>Respirante et confortable\u00a0: Sa respirabilit\u00e9 \u00e9lev\u00e9e de 3\u00a0000\u00a0g\/m\u00b2 assure un confort optimal, m\u00eame lors d&rsquo;activit\u00e9s intenses.<\/p>\n<p>Libert\u00e9 de mouvement maximale\u00a0: Son tissu extensible 4\u00a0sens de haute qualit\u00e9 (90\u00a0% polyester, 10\u00a0% \u00e9lasthanne, 300\u00a0g\/m\u00b2) s&rsquo;adapte \u00e0 tous vos mouvements avec souplesse, id\u00e9al pour la randonn\u00e9e, les promenades ou vos journ\u00e9es actives en ville.<\/p>\n<p>Con\u00e7ue avec soin dans les moindres d\u00e9tails\u00a0:<\/p>\n<p>\u2022 Doublure isolante\u00a0: La couche int\u00e9rieure coll\u00e9e en micropolaire douce et la lamination TPU offre une chaleur confortable et une protection accrue contre les intemp\u00e9ries.<\/p>\n<p>\u2022 Capuche amovible\u00a0: S\u2019adapte \u00e0 toutes les conditions climatiques.<\/p>\n<p>\u2022 Poignets ajustables<\/p>\n<p>\u2022 Poches zipp\u00e9es pratiques\u00a0: Gardez vos essentiels en s\u00e9curit\u00e9, \u00e0 port\u00e9e de main et prot\u00e9g\u00e9s.<\/p>\n<p>Avec sa coupe f\u00e9minine et cintr\u00e9e, la veste softshell Langley allie fonctionnalit\u00e9 et style moderne. Id\u00e9ale pour les femmes qui profitent du plein air par tous les temps, avec style, confort et assurance.<\/p>\n","protected":false},"excerpt":{"rendered":"<p>Veste softshell 2 couches pour femme Langley &#8211; Protection. Style. Libert\u00e9 de mouvement. La veste softshell Langley est votre alli\u00e9e id\u00e9ale pour toutes vos aventures en plein air, qu&rsquo;il vente, qu&rsquo;il pleuve ou que vous soyez en pleine nature. Imperm\u00e9able et r\u00e9sistante aux intemp\u00e9ries\u00a0: Avec une colonne d&rsquo;eau de 5\u00a0000\u00a0mm, cette veste vous prot\u00e8ge efficacement de la pluie et de l&rsquo;humidit\u00e9. Respirante et confortable\u00a0: Sa respirabilit\u00e9 \u00e9lev\u00e9e de 3\u00a0000\u00a0g\/m\u00b2 assure un confort optimal, m\u00eame lors&hellip;<\/p>\n","protected":false},"featured_media":158641,"comment_status":"open","ping_status":"closed","template":"","meta":[],"product_brand":[],"product_cat":[38148,38149],"product_tag":[],"class_list":{"0":"post-253571","1":"product","2":"type-product","3":"status-publish","4":"has-post-thumbnail","6":"product_cat-damenbekleidung","7":"product_cat-vetements-pour-femmes","8":"product_shipping_class-global_methods","10":"first","11":"instock","12":"taxable","13":"shipping-taxable","14":"purchasable","15":"product-type-simple"},"yoast_head":"<!-- This site is optimized with the Yoast SEO plugin v27.4 - https:\/\/yoast.com\/product\/yoast-seo-wordpress\/ -->\n<title>Elevate Damen Softshell-Jacke | Jetzt kaufen | Schweizversand.ch<\/title>\n<meta name=\"description\" content=\"Elevate Damen Softshell-Jacke g\u00fcnstig kaufen bei Schweizversand.ch. Schnelle Lieferung in der Schweiz. Gratisversand ab CHF 50.\" \/>\n<meta name=\"robots\" content=\"index, follow, max-snippet:-1, max-image-preview:large, max-video-preview:-1\" \/>\n<link rel=\"canonical\" href=\"https:\/\/schweizversand.ch\/fr\/produkt\/elevate-damen-softshell-jacke-2\/\" \/>\n<meta property=\"og:locale\" content=\"fr_FR\" \/>\n<meta property=\"og:type\" content=\"article\" \/>\n<meta property=\"og:title\" content=\"Elevate Damen Softshell-Jacke | Jetzt kaufen | Schweizversand.ch\" \/>\n<meta property=\"og:description\" content=\"Elevate Damen Softshell-Jacke g\u00fcnstig kaufen bei Schweizversand.ch. Schnelle Lieferung in der Schweiz. Gratisversand ab CHF 50.\" \/>\n<meta property=\"og:url\" content=\"https:\/\/schweizversand.ch\/fr\/produkt\/elevate-damen-softshell-jacke-2\/\" \/>\n<meta property=\"og:site_name\" content=\"Schweizer Shop f\u00fcr Sport, Spiel und Freizeit\" \/>\n<meta property=\"article:publisher\" content=\"https:\/\/www.facebook.com\/Schweizversand\" \/>\n<meta property=\"article:modified_time\" content=\"2026-04-19T00:03:30+00:00\" \/>\n<meta property=\"og:image\" content=\"https:\/\/schweizversand.ch\/wp-content\/uploads\/2026\/02\/5471891972.jpg\" \/>\n\t<meta property=\"og:image:width\" content=\"1024\" \/>\n\t<meta property=\"og:image:height\" content=\"1024\" \/>\n\t<meta property=\"og:image:type\" content=\"image\/jpeg\" \/>\n<meta name=\"twitter:card\" content=\"summary_large_image\" \/>\n<meta name=\"twitter:label1\" content=\"Dur\u00e9e de lecture estim\u00e9e\" \/>\n\t<meta name=\"twitter:data1\" content=\"1 minute\" \/>\n<script type=\"application\/ld+json\" class=\"yoast-schema-graph\">{\"@context\":\"https:\\\/\\\/schema.org\",\"@graph\":[{\"@type\":\"WebPage\",\"@id\":\"https:\\\/\\\/schweizversand.ch\\\/fr\\\/produkt\\\/elevate-damen-softshell-jacke-2\\\/\",\"url\":\"https:\\\/\\\/schweizversand.ch\\\/fr\\\/produkt\\\/elevate-damen-softshell-jacke-2\\\/\",\"name\":\"Elevate Damen Softshell-Jacke | Jetzt kaufen | Schweizversand.ch\",\"isPartOf\":{\"@id\":\"https:\\\/\\\/schweizversand.ch\\\/fr\\\/#website\"},\"primaryImageOfPage\":{\"@id\":\"https:\\\/\\\/schweizversand.ch\\\/fr\\\/produkt\\\/elevate-damen-softshell-jacke-2\\\/#primaryimage\"},\"image\":{\"@id\":\"https:\\\/\\\/schweizversand.ch\\\/fr\\\/produkt\\\/elevate-damen-softshell-jacke-2\\\/#primaryimage\"},\"thumbnailUrl\":\"https:\\\/\\\/schweizversand.ch\\\/wp-content\\\/uploads\\\/2026\\\/02\\\/5471891972.jpg\",\"datePublished\":\"2026-03-14T23:54:09+00:00\",\"dateModified\":\"2026-04-19T00:03:30+00:00\",\"description\":\"Elevate Damen Softshell-Jacke g\u00fcnstig kaufen bei Schweizversand.ch. Schnelle Lieferung in der Schweiz. Gratisversand ab CHF 50.\",\"breadcrumb\":{\"@id\":\"https:\\\/\\\/schweizversand.ch\\\/fr\\\/produkt\\\/elevate-damen-softshell-jacke-2\\\/#breadcrumb\"},\"inLanguage\":\"fr-FR\",\"potentialAction\":[{\"@type\":\"ReadAction\",\"target\":[\"https:\\\/\\\/schweizversand.ch\\\/fr\\\/produkt\\\/elevate-damen-softshell-jacke-2\\\/\"]}]},{\"@type\":\"ImageObject\",\"inLanguage\":\"fr-FR\",\"@id\":\"https:\\\/\\\/schweizversand.ch\\\/fr\\\/produkt\\\/elevate-damen-softshell-jacke-2\\\/#primaryimage\",\"url\":\"https:\\\/\\\/schweizversand.ch\\\/wp-content\\\/uploads\\\/2026\\\/02\\\/5471891972.jpg\",\"contentUrl\":\"https:\\\/\\\/schweizversand.ch\\\/wp-content\\\/uploads\\\/2026\\\/02\\\/5471891972.jpg\",\"width\":1024,\"height\":1024},{\"@type\":\"BreadcrumbList\",\"@id\":\"https:\\\/\\\/schweizversand.ch\\\/fr\\\/produkt\\\/elevate-damen-softshell-jacke-2\\\/#breadcrumb\",\"itemListElement\":[{\"@type\":\"ListItem\",\"position\":1,\"name\":\"Startseite\",\"item\":\"https:\\\/\\\/schweizversand.ch\\\/fr\\\/home\\\/\"},{\"@type\":\"ListItem\",\"position\":2,\"name\":\"Boutique\",\"item\":\"https:\\\/\\\/schweizversand.ch\\\/fr\\\/boutique\\\/\"},{\"@type\":\"ListItem\",\"position\":3,\"name\":\"Mode\",\"item\":\"https:\\\/\\\/schweizversand.ch\\\/fr\\\/produkt-kategorie\\\/mode-fr\\\/\"},{\"@type\":\"ListItem\",\"position\":4,\"name\":\"Mode f\u00e9minine\",\"item\":\"https:\\\/\\\/schweizversand.ch\\\/fr\\\/produkt-kategorie\\\/mode-fr\\\/mode-feminine\\\/\"},{\"@type\":\"ListItem\",\"position\":5,\"name\":\"V\u00eatements pour femmes\",\"item\":\"https:\\\/\\\/schweizversand.ch\\\/fr\\\/produkt-kategorie\\\/mode-fr\\\/mode-feminine\\\/damenbekleidung\\\/\"},{\"@type\":\"ListItem\",\"position\":6,\"name\":\"Veste softshell pour femme Elevate\"}]},{\"@type\":\"WebSite\",\"@id\":\"https:\\\/\\\/schweizversand.ch\\\/fr\\\/#website\",\"url\":\"https:\\\/\\\/schweizversand.ch\\\/fr\\\/\",\"name\":\"Schweizer Shop f\u00fcr Sport, Spiel und Freizeit\",\"description\":\"Gratisversand ab 50.- (netto), ab eigenem schweizer Lager, Lieferung innert 48h\",\"publisher\":{\"@id\":\"https:\\\/\\\/schweizversand.ch\\\/fr\\\/#organization\"},\"alternateName\":\"Schweizversand.ch\",\"potentialAction\":[{\"@type\":\"SearchAction\",\"target\":{\"@type\":\"EntryPoint\",\"urlTemplate\":\"https:\\\/\\\/schweizversand.ch\\\/fr\\\/?s={search_term_string}\"},\"query-input\":{\"@type\":\"PropertyValueSpecification\",\"valueRequired\":true,\"valueName\":\"search_term_string\"}}],\"inLanguage\":\"fr-FR\"},{\"@type\":\"Organization\",\"@id\":\"https:\\\/\\\/schweizversand.ch\\\/fr\\\/#organization\",\"name\":\"Schweizversand.ch\",\"url\":\"https:\\\/\\\/schweizversand.ch\\\/fr\\\/\",\"logo\":{\"@type\":\"ImageObject\",\"inLanguage\":\"fr-FR\",\"@id\":\"https:\\\/\\\/schweizversand.ch\\\/fr\\\/#\\\/schema\\\/logo\\\/image\\\/\",\"url\":\"https:\\\/\\\/schweizversand.ch\\\/wp-content\\\/uploads\\\/2026\\\/03\\\/Logo_Rund_Final-1.png\",\"contentUrl\":\"https:\\\/\\\/schweizversand.ch\\\/wp-content\\\/uploads\\\/2026\\\/03\\\/Logo_Rund_Final-1.png\",\"width\":404,\"height\":404,\"caption\":\"Schweizversand.ch\"},\"image\":{\"@id\":\"https:\\\/\\\/schweizversand.ch\\\/fr\\\/#\\\/schema\\\/logo\\\/image\\\/\"},\"sameAs\":[\"https:\\\/\\\/www.facebook.com\\\/Schweizversand\",\"https:\\\/\\\/www.instagram.com\\\/schweizversand.ch\\\/\"]}]}<\/script>\n<!-- \/ Yoast SEO plugin. -->","yoast_head_json":{"title":"Elevate Damen Softshell-Jacke | Jetzt kaufen | Schweizversand.ch","description":"Elevate Damen Softshell-Jacke g\u00fcnstig kaufen bei Schweizversand.ch. Schnelle Lieferung in der Schweiz. Gratisversand ab CHF 50.","robots":{"index":"index","follow":"follow","max-snippet":"max-snippet:-1","max-image-preview":"max-image-preview:large","max-video-preview":"max-video-preview:-1"},"canonical":"https:\/\/schweizversand.ch\/fr\/produkt\/elevate-damen-softshell-jacke-2\/","og_locale":"fr_FR","og_type":"article","og_title":"Elevate Damen Softshell-Jacke | Jetzt kaufen | Schweizversand.ch","og_description":"Elevate Damen Softshell-Jacke g\u00fcnstig kaufen bei Schweizversand.ch. Schnelle Lieferung in der Schweiz. Gratisversand ab CHF 50.","og_url":"https:\/\/schweizversand.ch\/fr\/produkt\/elevate-damen-softshell-jacke-2\/","og_site_name":"Schweizer Shop f\u00fcr Sport, Spiel und Freizeit","article_publisher":"https:\/\/www.facebook.com\/Schweizversand","article_modified_time":"2026-04-19T00:03:30+00:00","og_image":[{"width":1024,"height":1024,"url":"https:\/\/schweizversand.ch\/wp-content\/uploads\/2026\/02\/5471891972.jpg","type":"image\/jpeg"}],"twitter_card":"summary_large_image","twitter_misc":{"Dur\u00e9e de lecture estim\u00e9e":"1 minute"},"schema":{"@context":"https:\/\/schema.org","@graph":[{"@type":"WebPage","@id":"https:\/\/schweizversand.ch\/fr\/produkt\/elevate-damen-softshell-jacke-2\/","url":"https:\/\/schweizversand.ch\/fr\/produkt\/elevate-damen-softshell-jacke-2\/","name":"Elevate Damen Softshell-Jacke | Jetzt kaufen | Schweizversand.ch","isPartOf":{"@id":"https:\/\/schweizversand.ch\/fr\/#website"},"primaryImageOfPage":{"@id":"https:\/\/schweizversand.ch\/fr\/produkt\/elevate-damen-softshell-jacke-2\/#primaryimage"},"image":{"@id":"https:\/\/schweizversand.ch\/fr\/produkt\/elevate-damen-softshell-jacke-2\/#primaryimage"},"thumbnailUrl":"https:\/\/schweizversand.ch\/wp-content\/uploads\/2026\/02\/5471891972.jpg","datePublished":"2026-03-14T23:54:09+00:00","dateModified":"2026-04-19T00:03:30+00:00","description":"Elevate Damen Softshell-Jacke g\u00fcnstig kaufen bei Schweizversand.ch. Schnelle Lieferung in der Schweiz. Gratisversand ab CHF 50.","breadcrumb":{"@id":"https:\/\/schweizversand.ch\/fr\/produkt\/elevate-damen-softshell-jacke-2\/#breadcrumb"},"inLanguage":"fr-FR","potentialAction":[{"@type":"ReadAction","target":["https:\/\/schweizversand.ch\/fr\/produkt\/elevate-damen-softshell-jacke-2\/"]}]},{"@type":"ImageObject","inLanguage":"fr-FR","@id":"https:\/\/schweizversand.ch\/fr\/produkt\/elevate-damen-softshell-jacke-2\/#primaryimage","url":"https:\/\/schweizversand.ch\/wp-content\/uploads\/2026\/02\/5471891972.jpg","contentUrl":"https:\/\/schweizversand.ch\/wp-content\/uploads\/2026\/02\/5471891972.jpg","width":1024,"height":1024},{"@type":"BreadcrumbList","@id":"https:\/\/schweizversand.ch\/fr\/produkt\/elevate-damen-softshell-jacke-2\/#breadcrumb","itemListElement":[{"@type":"ListItem","position":1,"name":"Startseite","item":"https:\/\/schweizversand.ch\/fr\/home\/"},{"@type":"ListItem","position":2,"name":"Boutique","item":"https:\/\/schweizversand.ch\/fr\/boutique\/"},{"@type":"ListItem","position":3,"name":"Mode","item":"https:\/\/schweizversand.ch\/fr\/produkt-kategorie\/mode-fr\/"},{"@type":"ListItem","position":4,"name":"Mode f\u00e9minine","item":"https:\/\/schweizversand.ch\/fr\/produkt-kategorie\/mode-fr\/mode-feminine\/"},{"@type":"ListItem","position":5,"name":"V\u00eatements pour femmes","item":"https:\/\/schweizversand.ch\/fr\/produkt-kategorie\/mode-fr\/mode-feminine\/damenbekleidung\/"},{"@type":"ListItem","position":6,"name":"Veste softshell pour femme Elevate"}]},{"@type":"WebSite","@id":"https:\/\/schweizversand.ch\/fr\/#website","url":"https:\/\/schweizversand.ch\/fr\/","name":"Schweizer Shop f\u00fcr Sport, Spiel und Freizeit","description":"Gratisversand ab 50.- (netto), ab eigenem schweizer Lager, Lieferung innert 48h","publisher":{"@id":"https:\/\/schweizversand.ch\/fr\/#organization"},"alternateName":"Schweizversand.ch","potentialAction":[{"@type":"SearchAction","target":{"@type":"EntryPoint","urlTemplate":"https:\/\/schweizversand.ch\/fr\/?s={search_term_string}"},"query-input":{"@type":"PropertyValueSpecification","valueRequired":true,"valueName":"search_term_string"}}],"inLanguage":"fr-FR"},{"@type":"Organization","@id":"https:\/\/schweizversand.ch\/fr\/#organization","name":"Schweizversand.ch","url":"https:\/\/schweizversand.ch\/fr\/","logo":{"@type":"ImageObject","inLanguage":"fr-FR","@id":"https:\/\/schweizversand.ch\/fr\/#\/schema\/logo\/image\/","url":"https:\/\/schweizversand.ch\/wp-content\/uploads\/2026\/03\/Logo_Rund_Final-1.png","contentUrl":"https:\/\/schweizversand.ch\/wp-content\/uploads\/2026\/03\/Logo_Rund_Final-1.png","width":404,"height":404,"caption":"Schweizversand.ch"},"image":{"@id":"https:\/\/schweizversand.ch\/fr\/#\/schema\/logo\/image\/"},"sameAs":["https:\/\/www.facebook.com\/Schweizversand","https:\/\/www.instagram.com\/schweizversand.ch\/"]}]}},"jetpack_sharing_enabled":true,"_links":{"self":[{"href":"https:\/\/schweizversand.ch\/fr\/wp-json\/wp\/v2\/product\/253571","targetHints":{"allow":["GET"]}}],"collection":[{"href":"https:\/\/schweizversand.ch\/fr\/wp-json\/wp\/v2\/product"}],"about":[{"href":"https:\/\/schweizversand.ch\/fr\/wp-json\/wp\/v2\/types\/product"}],"replies":[{"embeddable":true,"href":"https:\/\/schweizversand.ch\/fr\/wp-json\/wp\/v2\/comments?post=253571"}],"wp:featuredmedia":[{"embeddable":true,"href":"https:\/\/schweizversand.ch\/fr\/wp-json\/wp\/v2\/media\/158641"}],"wp:attachment":[{"href":"https:\/\/schweizversand.ch\/fr\/wp-json\/wp\/v2\/media?parent=253571"}],"wp:term":[{"taxonomy":"product_brand","embeddable":true,"href":"https:\/\/schweizversand.ch\/fr\/wp-json\/wp\/v2\/product_brand?post=253571"},{"taxonomy":"product_cat","embeddable":true,"href":"https:\/\/schweizversand.ch\/fr\/wp-json\/wp\/v2\/product_cat?post=253571"},{"taxonomy":"product_tag","embeddable":true,"href":"https:\/\/schweizversand.ch\/fr\/wp-json\/wp\/v2\/product_tag?post=253571"}],"curies":[{"name":"wp","href":"https:\/\/api.w.org\/{rel}","templated":true}]}}