{"id":253583,"date":"2026-03-15T00:54:11","date_gmt":"2026-03-14T23:54:11","guid":{"rendered":"https:\/\/schweizversand.ch\/produkt\/champ-elektronische-taktiktafel-fuer-fussball\/"},"modified":"2026-04-19T15:34:49","modified_gmt":"2026-04-19T13:34:49","slug":"champ-elektronische-taktiktafel-fuer-fussball","status":"publish","type":"product","link":"https:\/\/schweizversand.ch\/fr\/produkt\/champ-elektronische-taktiktafel-fuer-fussball\/","title":{"rendered":"Tableau tactique \u00e9lectronique CHAMP pour le football"},"content":{"rendered":"<p>Le tableau tactique \u00e9lectronique pour football est un outil innovant con\u00e7u pour simplifier la cr\u00e9ation et la pr\u00e9sentation des strat\u00e9gies de jeu par les entra\u00eeneurs et les joueurs. Dot\u00e9 de fonctionnalit\u00e9s de pointe et d&rsquo;une interface intuitive, ce tableau tactique est indispensable \u00e0 tout passionn\u00e9 de football.<\/p>\n<\/p>\n<p>\u00c9tanch\u00e9it\u00e9 et r\u00e9sistance aux chocs garantissent une performance fiable m\u00eame lors d&rsquo;entra\u00eenements intensifs ou en d\u00e9placement.<\/p>\n<\/p>\n<p>Le stylet inclus permet un marquage pr\u00e9cis et des ajustements rapides des formations et des tactiques. L&rsquo;\u00e9cran LCD clair assure une compr\u00e9hension et une mise en \u0153uvre imm\u00e9diates de la strat\u00e9gie par tous les joueurs. Ce tableau tactique est id\u00e9al pour les entra\u00eeneurs de football souhaitant guider efficacement leurs \u00e9quipes et communiquer facilement leurs strat\u00e9gies de jeu. Optimisez vos entra\u00eenements avec le tableau tactique LCD pour football !<\/p>\n<\/p>\n<p>D\u00e9tails :<\/p>\n<\/p>\n<p>\u2022 \u00c9cran LCD flexible de 40,6 cm de diam\u00e8tre : Ce tableau d&rsquo;entra\u00eenement de football est \u00e9quip\u00e9 d&rsquo;un \u00e9cran LCD flexible de 40,6 cm sans reflets ni r\u00e9tro\u00e9clairage. \u00c9cologique, il est fourni avec un stylet, r\u00e9duisant ainsi le gaspillage de papier.<\/p>\n<\/p>\n<p>\u2022 Bouton Effacer : Le tableau d&rsquo;entra\u00eenement \u00e9lectronique est dot\u00e9 d&rsquo;un bouton Effacer qui supprime instantan\u00e9ment tous les dessins sur toute sa surface. Effacez rapidement et passez au match suivant.<\/p>\n<\/p>\n<p>\u2022 Verrouillage de l&rsquo;\u00e9cran : Le tableau d&rsquo;entra\u00eenement de football poss\u00e8de un bouton de verrouillage \u00e0 l&rsquo;arri\u00e8re. Vous n&rsquo;avez plus \u00e0 craindre d&rsquo;effacer accidentellement votre strat\u00e9gie, ce qui vous permet de conserver les informations importantes. Attention : le tableau tactique ne peut pas \u00eatre effac\u00e9 lorsqu&rsquo;il est verrouill\u00e9 !<\/p>\n<\/p>\n<p>\u2022 R\u00e9sistant \u00e0 l&rsquo;eau et aux chocs : Le cadre du tableau d&rsquo;entra\u00eenement est fabriqu\u00e9 en ABS de haute qualit\u00e9, ce qui le rend r\u00e9sistant \u00e0 l&rsquo;eau et aux chocs. Il offre une excellente r\u00e9sistance aux impacts et sa surface incurv\u00e9e assure une prise en main confortable.<\/p>\n<\/p>\n<p>\u2022 Outil d&rsquo;entra\u00eenement id\u00e9al : Ce bloc-notes \u00e9lectronique est id\u00e9al pour \u00e9laborer des strat\u00e9gies de match et de remplacement, planifier des strat\u00e9gies, organiser des s\u00e9ances d&rsquo;entra\u00eenement, mener des discussions techniques, et bien plus encore. C&rsquo;est l&rsquo;outil strat\u00e9gique parfait pour l&rsquo;entra\u00eenement, l&rsquo;analyse et la formation des joueurs de football.<\/p>\n<\/p>\n<p>\u2022 Zone d&rsquo;\u00e9criture\u00a0: 30,7 x 21,2 cm<\/p>\n<\/p>\n<p>\u2022 Contenu\u00a0:<\/p>\n<\/p>\n<p>&#8211; 1 pile CR2025<\/p>\n<\/p>\n<p>&#8211; 1 stylet<\/p>\n","protected":false},"excerpt":{"rendered":"<p>Le tableau tactique \u00e9lectronique pour football est un outil innovant con\u00e7u pour simplifier la cr\u00e9ation et la pr\u00e9sentation des strat\u00e9gies de jeu par les entra\u00eeneurs et les joueurs. Dot\u00e9 de fonctionnalit\u00e9s de pointe et d&rsquo;une interface intuitive, ce tableau tactique est indispensable \u00e0 tout passionn\u00e9 de football. \u00c9tanch\u00e9it\u00e9 et r\u00e9sistance aux chocs garantissent une performance fiable m\u00eame lors d&rsquo;entra\u00eenements intensifs ou en d\u00e9placement. Le stylet inclus permet un marquage pr\u00e9cis et des ajustements rapides des&hellip;<\/p>\n","protected":false},"featured_media":158688,"comment_status":"open","ping_status":"closed","template":"","meta":[],"product_brand":[],"product_cat":[39184],"product_tag":[],"class_list":{"0":"post-253583","1":"product","2":"type-product","3":"status-publish","4":"has-post-thumbnail","6":"product_cat-fussball","7":"product_shipping_class-global_methods","9":"first","10":"instock","11":"taxable","12":"shipping-taxable","13":"purchasable","14":"product-type-simple"},"yoast_head":"<!-- This site is optimized with the Yoast SEO plugin v27.4 - https:\/\/yoast.com\/product\/yoast-seo-wordpress\/ -->\n<title>CHAMP Elektronische Taktiktafel f\u00fcr Fussball | Jetzt kaufen | Schweizversand.ch<\/title>\n<meta name=\"description\" content=\"CHAMP Elektronische Taktiktafel f\u00fcr Fussball g\u00fcnstig kaufen bei Schweizversand.ch. Schnelle Lieferung in der Schweiz. Gratisversand ab CHF 50.\" \/>\n<meta name=\"robots\" content=\"index, follow, max-snippet:-1, max-image-preview:large, max-video-preview:-1\" \/>\n<link rel=\"canonical\" href=\"https:\/\/schweizversand.ch\/fr\/produkt\/champ-elektronische-taktiktafel-fuer-fussball\/\" \/>\n<meta property=\"og:locale\" content=\"fr_FR\" \/>\n<meta property=\"og:type\" content=\"article\" \/>\n<meta property=\"og:title\" content=\"CHAMP Elektronische Taktiktafel f\u00fcr Fussball | Jetzt kaufen | Schweizversand.ch\" \/>\n<meta property=\"og:description\" content=\"CHAMP Elektronische Taktiktafel f\u00fcr Fussball g\u00fcnstig kaufen bei Schweizversand.ch. Schnelle Lieferung in der Schweiz. Gratisversand ab CHF 50.\" \/>\n<meta property=\"og:url\" content=\"https:\/\/schweizversand.ch\/fr\/produkt\/champ-elektronische-taktiktafel-fuer-fussball\/\" \/>\n<meta property=\"og:site_name\" content=\"Schweizer Shop f\u00fcr Sport, Spiel und Freizeit\" \/>\n<meta property=\"article:publisher\" content=\"https:\/\/www.facebook.com\/Schweizversand\" \/>\n<meta property=\"article:modified_time\" content=\"2026-04-19T13:34:49+00:00\" \/>\n<meta property=\"og:image\" content=\"https:\/\/schweizversand.ch\/wp-content\/uploads\/2026\/02\/5471847034.jpg\" \/>\n\t<meta property=\"og:image:width\" content=\"1024\" \/>\n\t<meta property=\"og:image:height\" content=\"1024\" \/>\n\t<meta property=\"og:image:type\" content=\"image\/jpeg\" \/>\n<meta name=\"twitter:card\" content=\"summary_large_image\" \/>\n<meta name=\"twitter:label1\" content=\"Dur\u00e9e de lecture estim\u00e9e\" \/>\n\t<meta name=\"twitter:data1\" content=\"2 minutes\" \/>\n<script type=\"application\/ld+json\" class=\"yoast-schema-graph\">{\"@context\":\"https:\\\/\\\/schema.org\",\"@graph\":[{\"@type\":\"WebPage\",\"@id\":\"https:\\\/\\\/schweizversand.ch\\\/fr\\\/produkt\\\/champ-elektronische-taktiktafel-fuer-fussball\\\/\",\"url\":\"https:\\\/\\\/schweizversand.ch\\\/fr\\\/produkt\\\/champ-elektronische-taktiktafel-fuer-fussball\\\/\",\"name\":\"CHAMP Elektronische Taktiktafel f\u00fcr Fussball | Jetzt kaufen | Schweizversand.ch\",\"isPartOf\":{\"@id\":\"https:\\\/\\\/schweizversand.ch\\\/fr\\\/#website\"},\"primaryImageOfPage\":{\"@id\":\"https:\\\/\\\/schweizversand.ch\\\/fr\\\/produkt\\\/champ-elektronische-taktiktafel-fuer-fussball\\\/#primaryimage\"},\"image\":{\"@id\":\"https:\\\/\\\/schweizversand.ch\\\/fr\\\/produkt\\\/champ-elektronische-taktiktafel-fuer-fussball\\\/#primaryimage\"},\"thumbnailUrl\":\"https:\\\/\\\/schweizversand.ch\\\/wp-content\\\/uploads\\\/2026\\\/02\\\/5471847034.jpg\",\"datePublished\":\"2026-03-14T23:54:11+00:00\",\"dateModified\":\"2026-04-19T13:34:49+00:00\",\"description\":\"CHAMP Elektronische Taktiktafel f\u00fcr Fussball g\u00fcnstig kaufen bei Schweizversand.ch. Schnelle Lieferung in der Schweiz. Gratisversand ab CHF 50.\",\"breadcrumb\":{\"@id\":\"https:\\\/\\\/schweizversand.ch\\\/fr\\\/produkt\\\/champ-elektronische-taktiktafel-fuer-fussball\\\/#breadcrumb\"},\"inLanguage\":\"fr-FR\",\"potentialAction\":[{\"@type\":\"ReadAction\",\"target\":[\"https:\\\/\\\/schweizversand.ch\\\/fr\\\/produkt\\\/champ-elektronische-taktiktafel-fuer-fussball\\\/\"]}]},{\"@type\":\"ImageObject\",\"inLanguage\":\"fr-FR\",\"@id\":\"https:\\\/\\\/schweizversand.ch\\\/fr\\\/produkt\\\/champ-elektronische-taktiktafel-fuer-fussball\\\/#primaryimage\",\"url\":\"https:\\\/\\\/schweizversand.ch\\\/wp-content\\\/uploads\\\/2026\\\/02\\\/5471847034.jpg\",\"contentUrl\":\"https:\\\/\\\/schweizversand.ch\\\/wp-content\\\/uploads\\\/2026\\\/02\\\/5471847034.jpg\",\"width\":1024,\"height\":1024},{\"@type\":\"BreadcrumbList\",\"@id\":\"https:\\\/\\\/schweizversand.ch\\\/fr\\\/produkt\\\/champ-elektronische-taktiktafel-fuer-fussball\\\/#breadcrumb\",\"itemListElement\":[{\"@type\":\"ListItem\",\"position\":1,\"name\":\"Startseite\",\"item\":\"https:\\\/\\\/schweizversand.ch\\\/fr\\\/home\\\/\"},{\"@type\":\"ListItem\",\"position\":2,\"name\":\"Boutique\",\"item\":\"https:\\\/\\\/schweizversand.ch\\\/fr\\\/boutique\\\/\"},{\"@type\":\"ListItem\",\"position\":3,\"name\":\"Sports\",\"item\":\"https:\\\/\\\/schweizversand.ch\\\/fr\\\/produkt-kategorie\\\/sports\\\/\"},{\"@type\":\"ListItem\",\"position\":4,\"name\":\"sports de balle et fl\u00e9chettes\",\"item\":\"https:\\\/\\\/schweizversand.ch\\\/fr\\\/produkt-kategorie\\\/sports\\\/sports-de-balle-et-flechettes\\\/\"},{\"@type\":\"ListItem\",\"position\":5,\"name\":\"football\",\"item\":\"https:\\\/\\\/schweizversand.ch\\\/fr\\\/produkt-kategorie\\\/fussball-2\\\/\"},{\"@type\":\"ListItem\",\"position\":6,\"name\":\"Tableau tactique \u00e9lectronique CHAMP pour le football\"}]},{\"@type\":\"WebSite\",\"@id\":\"https:\\\/\\\/schweizversand.ch\\\/fr\\\/#website\",\"url\":\"https:\\\/\\\/schweizversand.ch\\\/fr\\\/\",\"name\":\"Schweizer Shop f\u00fcr Sport, Spiel und Freizeit\",\"description\":\"Gratisversand ab 50.- (netto), ab eigenem schweizer Lager, Lieferung innert 48h\",\"publisher\":{\"@id\":\"https:\\\/\\\/schweizversand.ch\\\/fr\\\/#organization\"},\"alternateName\":\"Schweizversand.ch\",\"potentialAction\":[{\"@type\":\"SearchAction\",\"target\":{\"@type\":\"EntryPoint\",\"urlTemplate\":\"https:\\\/\\\/schweizversand.ch\\\/fr\\\/?s={search_term_string}\"},\"query-input\":{\"@type\":\"PropertyValueSpecification\",\"valueRequired\":true,\"valueName\":\"search_term_string\"}}],\"inLanguage\":\"fr-FR\"},{\"@type\":\"Organization\",\"@id\":\"https:\\\/\\\/schweizversand.ch\\\/fr\\\/#organization\",\"name\":\"Schweizversand.ch\",\"url\":\"https:\\\/\\\/schweizversand.ch\\\/fr\\\/\",\"logo\":{\"@type\":\"ImageObject\",\"inLanguage\":\"fr-FR\",\"@id\":\"https:\\\/\\\/schweizversand.ch\\\/fr\\\/#\\\/schema\\\/logo\\\/image\\\/\",\"url\":\"https:\\\/\\\/schweizversand.ch\\\/wp-content\\\/uploads\\\/2026\\\/03\\\/Logo_Rund_Final-1.png\",\"contentUrl\":\"https:\\\/\\\/schweizversand.ch\\\/wp-content\\\/uploads\\\/2026\\\/03\\\/Logo_Rund_Final-1.png\",\"width\":404,\"height\":404,\"caption\":\"Schweizversand.ch\"},\"image\":{\"@id\":\"https:\\\/\\\/schweizversand.ch\\\/fr\\\/#\\\/schema\\\/logo\\\/image\\\/\"},\"sameAs\":[\"https:\\\/\\\/www.facebook.com\\\/Schweizversand\",\"https:\\\/\\\/www.instagram.com\\\/schweizversand.ch\\\/\"]}]}<\/script>\n<!-- \/ Yoast SEO plugin. -->","yoast_head_json":{"title":"CHAMP Elektronische Taktiktafel f\u00fcr Fussball | Jetzt kaufen | Schweizversand.ch","description":"CHAMP Elektronische Taktiktafel f\u00fcr Fussball g\u00fcnstig kaufen bei Schweizversand.ch. Schnelle Lieferung in der Schweiz. Gratisversand ab CHF 50.","robots":{"index":"index","follow":"follow","max-snippet":"max-snippet:-1","max-image-preview":"max-image-preview:large","max-video-preview":"max-video-preview:-1"},"canonical":"https:\/\/schweizversand.ch\/fr\/produkt\/champ-elektronische-taktiktafel-fuer-fussball\/","og_locale":"fr_FR","og_type":"article","og_title":"CHAMP Elektronische Taktiktafel f\u00fcr Fussball | Jetzt kaufen | Schweizversand.ch","og_description":"CHAMP Elektronische Taktiktafel f\u00fcr Fussball g\u00fcnstig kaufen bei Schweizversand.ch. Schnelle Lieferung in der Schweiz. Gratisversand ab CHF 50.","og_url":"https:\/\/schweizversand.ch\/fr\/produkt\/champ-elektronische-taktiktafel-fuer-fussball\/","og_site_name":"Schweizer Shop f\u00fcr Sport, Spiel und Freizeit","article_publisher":"https:\/\/www.facebook.com\/Schweizversand","article_modified_time":"2026-04-19T13:34:49+00:00","og_image":[{"width":1024,"height":1024,"url":"https:\/\/schweizversand.ch\/wp-content\/uploads\/2026\/02\/5471847034.jpg","type":"image\/jpeg"}],"twitter_card":"summary_large_image","twitter_misc":{"Dur\u00e9e de lecture estim\u00e9e":"2 minutes"},"schema":{"@context":"https:\/\/schema.org","@graph":[{"@type":"WebPage","@id":"https:\/\/schweizversand.ch\/fr\/produkt\/champ-elektronische-taktiktafel-fuer-fussball\/","url":"https:\/\/schweizversand.ch\/fr\/produkt\/champ-elektronische-taktiktafel-fuer-fussball\/","name":"CHAMP Elektronische Taktiktafel f\u00fcr Fussball | Jetzt kaufen | Schweizversand.ch","isPartOf":{"@id":"https:\/\/schweizversand.ch\/fr\/#website"},"primaryImageOfPage":{"@id":"https:\/\/schweizversand.ch\/fr\/produkt\/champ-elektronische-taktiktafel-fuer-fussball\/#primaryimage"},"image":{"@id":"https:\/\/schweizversand.ch\/fr\/produkt\/champ-elektronische-taktiktafel-fuer-fussball\/#primaryimage"},"thumbnailUrl":"https:\/\/schweizversand.ch\/wp-content\/uploads\/2026\/02\/5471847034.jpg","datePublished":"2026-03-14T23:54:11+00:00","dateModified":"2026-04-19T13:34:49+00:00","description":"CHAMP Elektronische Taktiktafel f\u00fcr Fussball g\u00fcnstig kaufen bei Schweizversand.ch. Schnelle Lieferung in der Schweiz. Gratisversand ab CHF 50.","breadcrumb":{"@id":"https:\/\/schweizversand.ch\/fr\/produkt\/champ-elektronische-taktiktafel-fuer-fussball\/#breadcrumb"},"inLanguage":"fr-FR","potentialAction":[{"@type":"ReadAction","target":["https:\/\/schweizversand.ch\/fr\/produkt\/champ-elektronische-taktiktafel-fuer-fussball\/"]}]},{"@type":"ImageObject","inLanguage":"fr-FR","@id":"https:\/\/schweizversand.ch\/fr\/produkt\/champ-elektronische-taktiktafel-fuer-fussball\/#primaryimage","url":"https:\/\/schweizversand.ch\/wp-content\/uploads\/2026\/02\/5471847034.jpg","contentUrl":"https:\/\/schweizversand.ch\/wp-content\/uploads\/2026\/02\/5471847034.jpg","width":1024,"height":1024},{"@type":"BreadcrumbList","@id":"https:\/\/schweizversand.ch\/fr\/produkt\/champ-elektronische-taktiktafel-fuer-fussball\/#breadcrumb","itemListElement":[{"@type":"ListItem","position":1,"name":"Startseite","item":"https:\/\/schweizversand.ch\/fr\/home\/"},{"@type":"ListItem","position":2,"name":"Boutique","item":"https:\/\/schweizversand.ch\/fr\/boutique\/"},{"@type":"ListItem","position":3,"name":"Sports","item":"https:\/\/schweizversand.ch\/fr\/produkt-kategorie\/sports\/"},{"@type":"ListItem","position":4,"name":"sports de balle et fl\u00e9chettes","item":"https:\/\/schweizversand.ch\/fr\/produkt-kategorie\/sports\/sports-de-balle-et-flechettes\/"},{"@type":"ListItem","position":5,"name":"football","item":"https:\/\/schweizversand.ch\/fr\/produkt-kategorie\/fussball-2\/"},{"@type":"ListItem","position":6,"name":"Tableau tactique \u00e9lectronique CHAMP pour le football"}]},{"@type":"WebSite","@id":"https:\/\/schweizversand.ch\/fr\/#website","url":"https:\/\/schweizversand.ch\/fr\/","name":"Schweizer Shop f\u00fcr Sport, Spiel und Freizeit","description":"Gratisversand ab 50.- (netto), ab eigenem schweizer Lager, Lieferung innert 48h","publisher":{"@id":"https:\/\/schweizversand.ch\/fr\/#organization"},"alternateName":"Schweizversand.ch","potentialAction":[{"@type":"SearchAction","target":{"@type":"EntryPoint","urlTemplate":"https:\/\/schweizversand.ch\/fr\/?s={search_term_string}"},"query-input":{"@type":"PropertyValueSpecification","valueRequired":true,"valueName":"search_term_string"}}],"inLanguage":"fr-FR"},{"@type":"Organization","@id":"https:\/\/schweizversand.ch\/fr\/#organization","name":"Schweizversand.ch","url":"https:\/\/schweizversand.ch\/fr\/","logo":{"@type":"ImageObject","inLanguage":"fr-FR","@id":"https:\/\/schweizversand.ch\/fr\/#\/schema\/logo\/image\/","url":"https:\/\/schweizversand.ch\/wp-content\/uploads\/2026\/03\/Logo_Rund_Final-1.png","contentUrl":"https:\/\/schweizversand.ch\/wp-content\/uploads\/2026\/03\/Logo_Rund_Final-1.png","width":404,"height":404,"caption":"Schweizversand.ch"},"image":{"@id":"https:\/\/schweizversand.ch\/fr\/#\/schema\/logo\/image\/"},"sameAs":["https:\/\/www.facebook.com\/Schweizversand","https:\/\/www.instagram.com\/schweizversand.ch\/"]}]}},"jetpack_sharing_enabled":true,"_links":{"self":[{"href":"https:\/\/schweizversand.ch\/fr\/wp-json\/wp\/v2\/product\/253583","targetHints":{"allow":["GET"]}}],"collection":[{"href":"https:\/\/schweizversand.ch\/fr\/wp-json\/wp\/v2\/product"}],"about":[{"href":"https:\/\/schweizversand.ch\/fr\/wp-json\/wp\/v2\/types\/product"}],"replies":[{"embeddable":true,"href":"https:\/\/schweizversand.ch\/fr\/wp-json\/wp\/v2\/comments?post=253583"}],"wp:featuredmedia":[{"embeddable":true,"href":"https:\/\/schweizversand.ch\/fr\/wp-json\/wp\/v2\/media\/158688"}],"wp:attachment":[{"href":"https:\/\/schweizversand.ch\/fr\/wp-json\/wp\/v2\/media?parent=253583"}],"wp:term":[{"taxonomy":"product_brand","embeddable":true,"href":"https:\/\/schweizversand.ch\/fr\/wp-json\/wp\/v2\/product_brand?post=253583"},{"taxonomy":"product_cat","embeddable":true,"href":"https:\/\/schweizversand.ch\/fr\/wp-json\/wp\/v2\/product_cat?post=253583"},{"taxonomy":"product_tag","embeddable":true,"href":"https:\/\/schweizversand.ch\/fr\/wp-json\/wp\/v2\/product_tag?post=253583"}],"curies":[{"name":"wp","href":"https:\/\/api.w.org\/{rel}","templated":true}]}}