{"id":253599,"date":"2026-03-15T00:54:13","date_gmt":"2026-03-14T23:54:13","guid":{"rendered":"https:\/\/schweizversand.ch\/produkt\/champ-unihockeytor\/"},"modified":"2026-04-28T15:34:04","modified_gmt":"2026-04-28T13:34:04","slug":"champ-unihockeytor","status":"publish","type":"product","link":"https:\/\/schweizversand.ch\/fr\/produkt\/champ-unihockeytor\/","title":{"rendered":"But de Unihockey CHAMP"},"content":{"rendered":"<p>But de floorball \u2013 Taille officielle, modulaire et portable<\/strong><\/h1>\n<div>D\u00e9couvrez le but de floorball id\u00e9al pour pratiquer votre passion m\u00eame en dehors du gymnase. Ce but modulaire de haute qualit\u00e9 offre la combinaison parfaite entre taille officielle et mobilit\u00e9 maximale, id\u00e9al pour l&rsquo;entra\u00eenement et les parties amicales entre amis ou en famille.<\/p>\n<\/div>\n<div><strong>Flexibilit\u00e9 maximale et montage facile<\/strong><br \/>Ce but de floorball portable a \u00e9t\u00e9 con\u00e7u pour une utilisation simplifi\u00e9e. Gr\u00e2ce \u00e0 sa conception modulaire, le montage est rapide et facile. Les instructions fournies vous permettront de jouer en quelques minutes seulement. Aucun outil compliqu\u00e9 n&rsquo;est n\u00e9cessaire\u00a0: branchez-le et c&rsquo;est parti\u00a0!<\/p>\n<\/div>\n<div><strong>Une qualit\u00e9 robuste pour un plaisir durable<\/strong><br \/>Nous savons qu&rsquo;un but de floorball doit r\u00e9sister \u00e0 l&rsquo;usure. C&rsquo;est pourquoi son cadre est compos\u00e9 d&rsquo;une structure tubulaire rouge vif rev\u00eatue de peinture en poudre, reconnue pour sa durabilit\u00e9 et sa robustesse. Ce mat\u00e9riau garantit la stabilit\u00e9 de votre but, m\u00eame lors d&rsquo;entra\u00eenements intensifs ou de parties amicales endiabl\u00e9es. Si vous souhaitez acheter un panier de floorball qui tient ses promesses, ce mod\u00e8le est fait pour vous. D\u00e9tails techniques et contenu de la livraison\u00a0: Ce kit est livr\u00e9 enti\u00e8rement \u00e9quip\u00e9 pour que vous puissiez jouer imm\u00e9diatement. Ses dimensions correspondent presque exactement \u00e0 celles d&rsquo;un panier de floorball standard, garantissant une exp\u00e9rience de jeu r\u00e9aliste.<\/p>\n<\/div>\n<div><strong>Sp\u00e9cifications du produit<\/strong><br \/>&#8211; Dimensions\u00a0: Environ 160 x 115 x 65 cm (dimensions IFF, non homologu\u00e9 pour les comp\u00e9titions)<br \/>&#8211; Poids\u00a0: Environ 5,2 kg (facile \u00e0 transporter et \u00e0 ranger)<br \/>&#8211; Mat\u00e9riau du cadre\u00a0: Cadre tubulaire thermolaqu\u00e9 (diam\u00e8tre 2,54 mm)<br \/>&#8211; Couleur\u00a0: Rouge<\/p>\n<\/div>\n<div><strong>Accessoires complets<\/strong><br \/>&#8211; Filet de but noir<br \/>&#8211; Filet pare-balles blanc (filet rabattable)<br \/>&#8211; Ensemble complet de poteaux pour le but de floorball<br \/><\/strong><\/div>\n<div><strong>Votre avantage\u00a0: Entra\u00eenez-vous partout<\/strong><br \/>Que ce soit dans le jardin, sur un terrain de sport ou dans votre all\u00e9e, avec ce but l\u00e9ger et robuste, vous n&rsquo;\u00eates plus oblig\u00e9 d&rsquo;aller \u00e0 la salle de sport. Am\u00e9liorez votre technique, travaillez votre pr\u00e9cision et profitez d&rsquo;une activit\u00e9 physique en plein air. Ce but de floorball \u00e0 brancher est le compagnon id\u00e9al de tous les passionn\u00e9s de floorball qui souhaitent progresser constamment. Procurez-vous d\u00e8s maintenant ce but de floorball polyvalent et stable pour vivre des matchs passionnants o\u00f9 et quand vous le souhaitez. Commandez d\u00e8s aujourd&rsquo;hui et faites de chaque jour un jour de match\u00a0!<\/p>\n","protected":false},"excerpt":{"rendered":"<p>But de floorball \u2013 Taille officielle, modulaire et portable D\u00e9couvrez le but de floorball id\u00e9al pour pratiquer votre passion m\u00eame en dehors du gymnase. Ce but modulaire de haute qualit\u00e9 offre la combinaison parfaite entre taille officielle et mobilit\u00e9 maximale, id\u00e9al pour l&rsquo;entra\u00eenement et les parties amicales entre amis ou en famille. Flexibilit\u00e9 maximale et montage facileCe but de floorball portable a \u00e9t\u00e9 con\u00e7u pour une utilisation simplifi\u00e9e. Gr\u00e2ce \u00e0 sa conception modulaire, le montage&hellip;<\/p>\n","protected":false},"featured_media":158750,"comment_status":"open","ping_status":"closed","template":"","meta":[],"product_brand":[],"product_cat":[39260],"product_tag":[],"class_list":{"0":"post-253599","1":"product","2":"type-product","3":"status-publish","4":"has-post-thumbnail","6":"product_cat-unihockey-2","7":"product_shipping_class-global_methods","9":"first","10":"instock","11":"taxable","12":"shipping-taxable","13":"purchasable","14":"product-type-simple"},"yoast_head":"<!-- This site is optimized with the Yoast SEO plugin v27.4 - https:\/\/yoast.com\/product\/yoast-seo-wordpress\/ -->\n<title>CHAMP Unihockeytor | Jetzt kaufen | Schweizversand.ch<\/title>\n<meta name=\"description\" content=\"CHAMP Unihockeytor g\u00fcnstig kaufen bei Schweizversand.ch. Schnelle Lieferung in der Schweiz. Gratisversand ab CHF 50.\" \/>\n<meta name=\"robots\" content=\"index, follow, max-snippet:-1, max-image-preview:large, max-video-preview:-1\" \/>\n<link rel=\"canonical\" href=\"https:\/\/schweizversand.ch\/fr\/produkt\/champ-unihockeytor\/\" \/>\n<meta property=\"og:locale\" content=\"fr_FR\" \/>\n<meta property=\"og:type\" content=\"article\" \/>\n<meta property=\"og:title\" content=\"CHAMP Unihockeytor | Jetzt kaufen | Schweizversand.ch\" \/>\n<meta property=\"og:description\" content=\"CHAMP Unihockeytor g\u00fcnstig kaufen bei Schweizversand.ch. Schnelle Lieferung in der Schweiz. Gratisversand ab CHF 50.\" \/>\n<meta property=\"og:url\" content=\"https:\/\/schweizversand.ch\/fr\/produkt\/champ-unihockeytor\/\" \/>\n<meta property=\"og:site_name\" content=\"Schweizer Shop f\u00fcr Sport, Spiel und Freizeit\" \/>\n<meta property=\"article:publisher\" content=\"https:\/\/www.facebook.com\/Schweizversand\" \/>\n<meta property=\"article:modified_time\" content=\"2026-04-28T13:34:04+00:00\" \/>\n<meta property=\"og:image\" content=\"https:\/\/schweizversand.ch\/wp-content\/uploads\/2026\/02\/5471752666.jpg\" \/>\n\t<meta property=\"og:image:width\" content=\"1024\" \/>\n\t<meta property=\"og:image:height\" content=\"1024\" \/>\n\t<meta property=\"og:image:type\" content=\"image\/jpeg\" \/>\n<meta name=\"twitter:card\" content=\"summary_large_image\" \/>\n<meta name=\"twitter:label1\" content=\"Dur\u00e9e de lecture estim\u00e9e\" \/>\n\t<meta name=\"twitter:data1\" content=\"2 minutes\" \/>\n<script type=\"application\/ld+json\" class=\"yoast-schema-graph\">{\"@context\":\"https:\\\/\\\/schema.org\",\"@graph\":[{\"@type\":\"WebPage\",\"@id\":\"https:\\\/\\\/schweizversand.ch\\\/fr\\\/produkt\\\/champ-unihockeytor\\\/\",\"url\":\"https:\\\/\\\/schweizversand.ch\\\/fr\\\/produkt\\\/champ-unihockeytor\\\/\",\"name\":\"CHAMP Unihockeytor | Jetzt kaufen | Schweizversand.ch\",\"isPartOf\":{\"@id\":\"https:\\\/\\\/schweizversand.ch\\\/fr\\\/#website\"},\"primaryImageOfPage\":{\"@id\":\"https:\\\/\\\/schweizversand.ch\\\/fr\\\/produkt\\\/champ-unihockeytor\\\/#primaryimage\"},\"image\":{\"@id\":\"https:\\\/\\\/schweizversand.ch\\\/fr\\\/produkt\\\/champ-unihockeytor\\\/#primaryimage\"},\"thumbnailUrl\":\"https:\\\/\\\/schweizversand.ch\\\/wp-content\\\/uploads\\\/2026\\\/02\\\/5471752666.jpg\",\"datePublished\":\"2026-03-14T23:54:13+00:00\",\"dateModified\":\"2026-04-28T13:34:04+00:00\",\"description\":\"CHAMP Unihockeytor g\u00fcnstig kaufen bei Schweizversand.ch. Schnelle Lieferung in der Schweiz. Gratisversand ab CHF 50.\",\"breadcrumb\":{\"@id\":\"https:\\\/\\\/schweizversand.ch\\\/fr\\\/produkt\\\/champ-unihockeytor\\\/#breadcrumb\"},\"inLanguage\":\"fr-FR\",\"potentialAction\":[{\"@type\":\"ReadAction\",\"target\":[\"https:\\\/\\\/schweizversand.ch\\\/fr\\\/produkt\\\/champ-unihockeytor\\\/\"]}]},{\"@type\":\"ImageObject\",\"inLanguage\":\"fr-FR\",\"@id\":\"https:\\\/\\\/schweizversand.ch\\\/fr\\\/produkt\\\/champ-unihockeytor\\\/#primaryimage\",\"url\":\"https:\\\/\\\/schweizversand.ch\\\/wp-content\\\/uploads\\\/2026\\\/02\\\/5471752666.jpg\",\"contentUrl\":\"https:\\\/\\\/schweizversand.ch\\\/wp-content\\\/uploads\\\/2026\\\/02\\\/5471752666.jpg\",\"width\":1024,\"height\":1024},{\"@type\":\"BreadcrumbList\",\"@id\":\"https:\\\/\\\/schweizversand.ch\\\/fr\\\/produkt\\\/champ-unihockeytor\\\/#breadcrumb\",\"itemListElement\":[{\"@type\":\"ListItem\",\"position\":1,\"name\":\"Startseite\",\"item\":\"https:\\\/\\\/schweizversand.ch\\\/fr\\\/home\\\/\"},{\"@type\":\"ListItem\",\"position\":2,\"name\":\"Boutique\",\"item\":\"https:\\\/\\\/schweizversand.ch\\\/fr\\\/boutique\\\/\"},{\"@type\":\"ListItem\",\"position\":3,\"name\":\"Sports\",\"item\":\"https:\\\/\\\/schweizversand.ch\\\/fr\\\/produkt-kategorie\\\/sports\\\/\"},{\"@type\":\"ListItem\",\"position\":4,\"name\":\"sports de balle et fl\u00e9chettes\",\"item\":\"https:\\\/\\\/schweizversand.ch\\\/fr\\\/produkt-kategorie\\\/sports\\\/sports-de-balle-et-flechettes\\\/\"},{\"@type\":\"ListItem\",\"position\":5,\"name\":\"Floorball\",\"item\":\"https:\\\/\\\/schweizversand.ch\\\/fr\\\/produkt-kategorie\\\/unihockey\\\/\"},{\"@type\":\"ListItem\",\"position\":6,\"name\":\"But de Unihockey CHAMP\"}]},{\"@type\":\"WebSite\",\"@id\":\"https:\\\/\\\/schweizversand.ch\\\/fr\\\/#website\",\"url\":\"https:\\\/\\\/schweizversand.ch\\\/fr\\\/\",\"name\":\"Schweizer Shop f\u00fcr Sport, Spiel und Freizeit\",\"description\":\"Gratisversand ab 50.- (netto), ab eigenem schweizer Lager, Lieferung innert 48h\",\"publisher\":{\"@id\":\"https:\\\/\\\/schweizversand.ch\\\/fr\\\/#organization\"},\"alternateName\":\"Schweizversand.ch\",\"potentialAction\":[{\"@type\":\"SearchAction\",\"target\":{\"@type\":\"EntryPoint\",\"urlTemplate\":\"https:\\\/\\\/schweizversand.ch\\\/fr\\\/?s={search_term_string}\"},\"query-input\":{\"@type\":\"PropertyValueSpecification\",\"valueRequired\":true,\"valueName\":\"search_term_string\"}}],\"inLanguage\":\"fr-FR\"},{\"@type\":\"Organization\",\"@id\":\"https:\\\/\\\/schweizversand.ch\\\/fr\\\/#organization\",\"name\":\"Schweizversand.ch\",\"url\":\"https:\\\/\\\/schweizversand.ch\\\/fr\\\/\",\"logo\":{\"@type\":\"ImageObject\",\"inLanguage\":\"fr-FR\",\"@id\":\"https:\\\/\\\/schweizversand.ch\\\/fr\\\/#\\\/schema\\\/logo\\\/image\\\/\",\"url\":\"https:\\\/\\\/schweizversand.ch\\\/wp-content\\\/uploads\\\/2026\\\/03\\\/Logo_Rund_Final-1.png\",\"contentUrl\":\"https:\\\/\\\/schweizversand.ch\\\/wp-content\\\/uploads\\\/2026\\\/03\\\/Logo_Rund_Final-1.png\",\"width\":404,\"height\":404,\"caption\":\"Schweizversand.ch\"},\"image\":{\"@id\":\"https:\\\/\\\/schweizversand.ch\\\/fr\\\/#\\\/schema\\\/logo\\\/image\\\/\"},\"sameAs\":[\"https:\\\/\\\/www.facebook.com\\\/Schweizversand\",\"https:\\\/\\\/www.instagram.com\\\/schweizversand.ch\\\/\"]}]}<\/script>\n<!-- \/ Yoast SEO plugin. -->","yoast_head_json":{"title":"CHAMP Unihockeytor | Jetzt kaufen | Schweizversand.ch","description":"CHAMP Unihockeytor g\u00fcnstig kaufen bei Schweizversand.ch. Schnelle Lieferung in der Schweiz. Gratisversand ab CHF 50.","robots":{"index":"index","follow":"follow","max-snippet":"max-snippet:-1","max-image-preview":"max-image-preview:large","max-video-preview":"max-video-preview:-1"},"canonical":"https:\/\/schweizversand.ch\/fr\/produkt\/champ-unihockeytor\/","og_locale":"fr_FR","og_type":"article","og_title":"CHAMP Unihockeytor | Jetzt kaufen | Schweizversand.ch","og_description":"CHAMP Unihockeytor g\u00fcnstig kaufen bei Schweizversand.ch. Schnelle Lieferung in der Schweiz. Gratisversand ab CHF 50.","og_url":"https:\/\/schweizversand.ch\/fr\/produkt\/champ-unihockeytor\/","og_site_name":"Schweizer Shop f\u00fcr Sport, Spiel und Freizeit","article_publisher":"https:\/\/www.facebook.com\/Schweizversand","article_modified_time":"2026-04-28T13:34:04+00:00","og_image":[{"width":1024,"height":1024,"url":"https:\/\/schweizversand.ch\/wp-content\/uploads\/2026\/02\/5471752666.jpg","type":"image\/jpeg"}],"twitter_card":"summary_large_image","twitter_misc":{"Dur\u00e9e de lecture estim\u00e9e":"2 minutes"},"schema":{"@context":"https:\/\/schema.org","@graph":[{"@type":"WebPage","@id":"https:\/\/schweizversand.ch\/fr\/produkt\/champ-unihockeytor\/","url":"https:\/\/schweizversand.ch\/fr\/produkt\/champ-unihockeytor\/","name":"CHAMP Unihockeytor | Jetzt kaufen | Schweizversand.ch","isPartOf":{"@id":"https:\/\/schweizversand.ch\/fr\/#website"},"primaryImageOfPage":{"@id":"https:\/\/schweizversand.ch\/fr\/produkt\/champ-unihockeytor\/#primaryimage"},"image":{"@id":"https:\/\/schweizversand.ch\/fr\/produkt\/champ-unihockeytor\/#primaryimage"},"thumbnailUrl":"https:\/\/schweizversand.ch\/wp-content\/uploads\/2026\/02\/5471752666.jpg","datePublished":"2026-03-14T23:54:13+00:00","dateModified":"2026-04-28T13:34:04+00:00","description":"CHAMP Unihockeytor g\u00fcnstig kaufen bei Schweizversand.ch. Schnelle Lieferung in der Schweiz. Gratisversand ab CHF 50.","breadcrumb":{"@id":"https:\/\/schweizversand.ch\/fr\/produkt\/champ-unihockeytor\/#breadcrumb"},"inLanguage":"fr-FR","potentialAction":[{"@type":"ReadAction","target":["https:\/\/schweizversand.ch\/fr\/produkt\/champ-unihockeytor\/"]}]},{"@type":"ImageObject","inLanguage":"fr-FR","@id":"https:\/\/schweizversand.ch\/fr\/produkt\/champ-unihockeytor\/#primaryimage","url":"https:\/\/schweizversand.ch\/wp-content\/uploads\/2026\/02\/5471752666.jpg","contentUrl":"https:\/\/schweizversand.ch\/wp-content\/uploads\/2026\/02\/5471752666.jpg","width":1024,"height":1024},{"@type":"BreadcrumbList","@id":"https:\/\/schweizversand.ch\/fr\/produkt\/champ-unihockeytor\/#breadcrumb","itemListElement":[{"@type":"ListItem","position":1,"name":"Startseite","item":"https:\/\/schweizversand.ch\/fr\/home\/"},{"@type":"ListItem","position":2,"name":"Boutique","item":"https:\/\/schweizversand.ch\/fr\/boutique\/"},{"@type":"ListItem","position":3,"name":"Sports","item":"https:\/\/schweizversand.ch\/fr\/produkt-kategorie\/sports\/"},{"@type":"ListItem","position":4,"name":"sports de balle et fl\u00e9chettes","item":"https:\/\/schweizversand.ch\/fr\/produkt-kategorie\/sports\/sports-de-balle-et-flechettes\/"},{"@type":"ListItem","position":5,"name":"Floorball","item":"https:\/\/schweizversand.ch\/fr\/produkt-kategorie\/unihockey\/"},{"@type":"ListItem","position":6,"name":"But de Unihockey CHAMP"}]},{"@type":"WebSite","@id":"https:\/\/schweizversand.ch\/fr\/#website","url":"https:\/\/schweizversand.ch\/fr\/","name":"Schweizer Shop f\u00fcr Sport, Spiel und Freizeit","description":"Gratisversand ab 50.- (netto), ab eigenem schweizer Lager, Lieferung innert 48h","publisher":{"@id":"https:\/\/schweizversand.ch\/fr\/#organization"},"alternateName":"Schweizversand.ch","potentialAction":[{"@type":"SearchAction","target":{"@type":"EntryPoint","urlTemplate":"https:\/\/schweizversand.ch\/fr\/?s={search_term_string}"},"query-input":{"@type":"PropertyValueSpecification","valueRequired":true,"valueName":"search_term_string"}}],"inLanguage":"fr-FR"},{"@type":"Organization","@id":"https:\/\/schweizversand.ch\/fr\/#organization","name":"Schweizversand.ch","url":"https:\/\/schweizversand.ch\/fr\/","logo":{"@type":"ImageObject","inLanguage":"fr-FR","@id":"https:\/\/schweizversand.ch\/fr\/#\/schema\/logo\/image\/","url":"https:\/\/schweizversand.ch\/wp-content\/uploads\/2026\/03\/Logo_Rund_Final-1.png","contentUrl":"https:\/\/schweizversand.ch\/wp-content\/uploads\/2026\/03\/Logo_Rund_Final-1.png","width":404,"height":404,"caption":"Schweizversand.ch"},"image":{"@id":"https:\/\/schweizversand.ch\/fr\/#\/schema\/logo\/image\/"},"sameAs":["https:\/\/www.facebook.com\/Schweizversand","https:\/\/www.instagram.com\/schweizversand.ch\/"]}]}},"jetpack_sharing_enabled":true,"_links":{"self":[{"href":"https:\/\/schweizversand.ch\/fr\/wp-json\/wp\/v2\/product\/253599","targetHints":{"allow":["GET"]}}],"collection":[{"href":"https:\/\/schweizversand.ch\/fr\/wp-json\/wp\/v2\/product"}],"about":[{"href":"https:\/\/schweizversand.ch\/fr\/wp-json\/wp\/v2\/types\/product"}],"replies":[{"embeddable":true,"href":"https:\/\/schweizversand.ch\/fr\/wp-json\/wp\/v2\/comments?post=253599"}],"wp:featuredmedia":[{"embeddable":true,"href":"https:\/\/schweizversand.ch\/fr\/wp-json\/wp\/v2\/media\/158750"}],"wp:attachment":[{"href":"https:\/\/schweizversand.ch\/fr\/wp-json\/wp\/v2\/media?parent=253599"}],"wp:term":[{"taxonomy":"product_brand","embeddable":true,"href":"https:\/\/schweizversand.ch\/fr\/wp-json\/wp\/v2\/product_brand?post=253599"},{"taxonomy":"product_cat","embeddable":true,"href":"https:\/\/schweizversand.ch\/fr\/wp-json\/wp\/v2\/product_cat?post=253599"},{"taxonomy":"product_tag","embeddable":true,"href":"https:\/\/schweizversand.ch\/fr\/wp-json\/wp\/v2\/product_tag?post=253599"}],"curies":[{"name":"wp","href":"https:\/\/api.w.org\/{rel}","templated":true}]}}