{"id":253602,"date":"2026-03-15T00:54:14","date_gmt":"2026-03-14T23:54:14","guid":{"rendered":"https:\/\/schweizversand.ch\/produkt\/champ-tragbarer-parfuemzerstaeuber-2\/"},"modified":"2026-04-19T02:03:31","modified_gmt":"2026-04-19T00:03:31","slug":"champ-tragbarer-parfuemzerstaeuber-2","status":"publish","type":"product","link":"https:\/\/schweizversand.ch\/fr\/produkt\/champ-tragbarer-parfuemzerstaeuber-2\/","title":{"rendered":"Atomiseur de parfum portable CHAMP"},"content":{"rendered":"<h1><strong>Atomiseur de parfum rechargeable portable \u2013 Mini flacon de parfum rose clair<\/strong><\/h1>\n<div>D\u00e9couvrez la solution id\u00e9ale pour emporter votre parfum pr\u00e9f\u00e9r\u00e9 partout avec vous, avec style et simplicit\u00e9. Cet \u00e9l\u00e9gant et pratique <strong>atomiseur de parfum rechargeable<\/strong> est l&rsquo;accessoire id\u00e9al pour les personnes soucieuses de leur style qui appr\u00e9cient la fra\u00eecheur et la praticit\u00e9. Le <strong>mini flacon de parfum<\/strong> allie fonctionnalit\u00e9 et design attrayant.<\/p>\n<\/div>\n<div><strong>Votre compagnon de voyage indispensable<\/strong><br \/>Oubliez les flacons classiques encombrants. Notre <strong>atomiseur de poche<\/strong> compact est sp\u00e9cialement con\u00e7u pour les personnes actives. Au bureau, \u00e0 la salle de sport ou en voyage, ce petit flacon se glisse facilement dans un sac \u00e0 main, une poche ou une trousse de toilette. L&rsquo;atomiseur de voyage vous permet de raviver votre parfum \u00e0 tout moment sans vous encombrer.<\/p>\n<\/div>\n<div><strong>Design et Fonctionnalit\u00e9s<\/strong><br \/>Le choix de la couleur, un rose vif (rouge ros\u00e9 clair), conf\u00e8re \u00e0 cet accessoire une touche moderne et attrayante. Mais cet atomiseur de parfum n&rsquo;est pas seulement esth\u00e9tique. Son embout int\u00e9gr\u00e9 de haute qualit\u00e9 garantit une vaporisation professionnelle. La fine brume diffuse votre parfum uniform\u00e9ment, pour une exp\u00e9rience olfactive agr\u00e9able et durable. Son utilisation est incroyablement simple et le flacon se remplit rapidement et proprement.<\/p>\n<\/div>\n<div><strong>D\u00e9tails du produit et Dimensions<\/strong><br \/>&#8211; Dimensions : Environ 8,1 cm de hauteur x 1,7 cm de largeur<br \/>&#8211; Contenance\u00a0: 5 ml<br \/>&#8211; Couleur\u00a0: Rose clair<br \/>&#8211; Mat\u00e9riau\u00a0: Robuste et l\u00e9ger<br \/>&#8211; Utilisation\u00a0: Id\u00e9al pour tous les flacons de parfum et d&rsquo;eau de Cologne standard<\/p>\n<\/div>\n<div><strong>Facile \u00e0 utiliser et r\u00e9utilisable<\/strong><br \/>Remplir le <strong>atomiseur de parfum rechargeable<\/strong> est un jeu d&rsquo;enfant et se fait directement par l&#8217;embout vaporisateur de votre flacon d&rsquo;origine. Cela \u00e9vite tout d\u00e9versement ou gaspillage de parfum. Sa capacit\u00e9 de 5 ml est id\u00e9ale pour vous offrir suffisamment de parfum pour plusieurs jours ou courts voyages sans avoir besoin de le remplir constamment. Ce mini flacon de parfum est ainsi un compagnon durable et pratique. Le cadeau parfait\u00a0: Vous cherchez un cadeau pratique et \u00e9l\u00e9gant\u00a0? Cet atomiseur de poche est un pr\u00e9sent raffin\u00e9 pour les voyageurs, les amateurs de parfums ou simplement une petite attention. C&rsquo;est un indispensable pour tous ceux qui veulent avoir leur parfum pr\u00e9f\u00e9r\u00e9 toujours \u00e0 port\u00e9e de main et qui appr\u00e9cient la qualit\u00e9 et l&rsquo;esth\u00e9tique. Procurez-vous cet \u00e9l\u00e9gant et pratique vaporisateur de parfum rechargeable, de couleur rose clair, et appr\u00e9ciez la libert\u00e9 d&#8217;emporter votre parfum pr\u00e9f\u00e9r\u00e9 partout avec vous.<\/p>\n","protected":false},"excerpt":{"rendered":"<p>Atomiseur de parfum rechargeable portable \u2013 Mini flacon de parfum rose clair D\u00e9couvrez la solution id\u00e9ale pour emporter votre parfum pr\u00e9f\u00e9r\u00e9 partout avec vous, avec style et simplicit\u00e9. Cet \u00e9l\u00e9gant et pratique atomiseur de parfum rechargeable est l&rsquo;accessoire id\u00e9al pour les personnes soucieuses de leur style qui appr\u00e9cient la fra\u00eecheur et la praticit\u00e9. Le mini flacon de parfum allie fonctionnalit\u00e9 et design attrayant. Votre compagnon de voyage indispensableOubliez les flacons classiques encombrants. Notre atomiseur de&hellip;<\/p>\n","protected":false},"featured_media":158765,"comment_status":"open","ping_status":"closed","template":"","meta":[],"product_brand":[],"product_cat":[38850],"product_tag":[],"class_list":{"0":"post-253602","1":"product","2":"type-product","3":"status-publish","4":"has-post-thumbnail","6":"product_cat-parfuem-zerstaeuber","7":"product_shipping_class-global_methods","9":"first","10":"instock","11":"taxable","12":"shipping-taxable","13":"purchasable","14":"product-type-simple"},"yoast_head":"<!-- This site is optimized with the Yoast SEO plugin v27.4 - https:\/\/yoast.com\/product\/yoast-seo-wordpress\/ -->\n<title>CHAMP Tragbarer Parf\u00fcmzerst\u00e4uber | Jetzt kaufen | Schweizversand.ch<\/title>\n<meta name=\"description\" content=\"CHAMP Tragbarer Parf\u00fcmzerst\u00e4uber g\u00fcnstig kaufen bei Schweizversand.ch. Schnelle Lieferung in der Schweiz. Gratisversand ab CHF 50.\" \/>\n<meta name=\"robots\" content=\"index, follow, max-snippet:-1, max-image-preview:large, max-video-preview:-1\" \/>\n<link rel=\"canonical\" href=\"https:\/\/schweizversand.ch\/fr\/produkt\/champ-tragbarer-parfuemzerstaeuber-2\/\" \/>\n<meta property=\"og:locale\" content=\"fr_FR\" \/>\n<meta property=\"og:type\" content=\"article\" \/>\n<meta property=\"og:title\" content=\"CHAMP Tragbarer Parf\u00fcmzerst\u00e4uber | Jetzt kaufen | Schweizversand.ch\" \/>\n<meta property=\"og:description\" content=\"CHAMP Tragbarer Parf\u00fcmzerst\u00e4uber g\u00fcnstig kaufen bei Schweizversand.ch. Schnelle Lieferung in der Schweiz. Gratisversand ab CHF 50.\" \/>\n<meta property=\"og:url\" content=\"https:\/\/schweizversand.ch\/fr\/produkt\/champ-tragbarer-parfuemzerstaeuber-2\/\" \/>\n<meta property=\"og:site_name\" content=\"Schweizer Shop f\u00fcr Sport, Spiel und Freizeit\" \/>\n<meta property=\"article:publisher\" content=\"https:\/\/www.facebook.com\/Schweizversand\" \/>\n<meta property=\"article:modified_time\" content=\"2026-04-19T00:03:31+00:00\" \/>\n<meta property=\"og:image\" content=\"https:\/\/schweizversand.ch\/wp-content\/uploads\/2026\/02\/5471721928.jpg\" \/>\n\t<meta property=\"og:image:width\" content=\"1024\" \/>\n\t<meta property=\"og:image:height\" content=\"1018\" \/>\n\t<meta property=\"og:image:type\" content=\"image\/jpeg\" \/>\n<meta name=\"twitter:card\" content=\"summary_large_image\" \/>\n<meta name=\"twitter:label1\" content=\"Dur\u00e9e de lecture estim\u00e9e\" \/>\n\t<meta name=\"twitter:data1\" content=\"2 minutes\" \/>\n<script type=\"application\/ld+json\" class=\"yoast-schema-graph\">{\"@context\":\"https:\\\/\\\/schema.org\",\"@graph\":[{\"@type\":\"WebPage\",\"@id\":\"https:\\\/\\\/schweizversand.ch\\\/fr\\\/produkt\\\/champ-tragbarer-parfuemzerstaeuber-2\\\/\",\"url\":\"https:\\\/\\\/schweizversand.ch\\\/fr\\\/produkt\\\/champ-tragbarer-parfuemzerstaeuber-2\\\/\",\"name\":\"CHAMP Tragbarer Parf\u00fcmzerst\u00e4uber | Jetzt kaufen | Schweizversand.ch\",\"isPartOf\":{\"@id\":\"https:\\\/\\\/schweizversand.ch\\\/fr\\\/#website\"},\"primaryImageOfPage\":{\"@id\":\"https:\\\/\\\/schweizversand.ch\\\/fr\\\/produkt\\\/champ-tragbarer-parfuemzerstaeuber-2\\\/#primaryimage\"},\"image\":{\"@id\":\"https:\\\/\\\/schweizversand.ch\\\/fr\\\/produkt\\\/champ-tragbarer-parfuemzerstaeuber-2\\\/#primaryimage\"},\"thumbnailUrl\":\"https:\\\/\\\/schweizversand.ch\\\/wp-content\\\/uploads\\\/2026\\\/02\\\/5471721928.jpg\",\"datePublished\":\"2026-03-14T23:54:14+00:00\",\"dateModified\":\"2026-04-19T00:03:31+00:00\",\"description\":\"CHAMP Tragbarer Parf\u00fcmzerst\u00e4uber g\u00fcnstig kaufen bei Schweizversand.ch. Schnelle Lieferung in der Schweiz. Gratisversand ab CHF 50.\",\"breadcrumb\":{\"@id\":\"https:\\\/\\\/schweizversand.ch\\\/fr\\\/produkt\\\/champ-tragbarer-parfuemzerstaeuber-2\\\/#breadcrumb\"},\"inLanguage\":\"fr-FR\",\"potentialAction\":[{\"@type\":\"ReadAction\",\"target\":[\"https:\\\/\\\/schweizversand.ch\\\/fr\\\/produkt\\\/champ-tragbarer-parfuemzerstaeuber-2\\\/\"]}]},{\"@type\":\"ImageObject\",\"inLanguage\":\"fr-FR\",\"@id\":\"https:\\\/\\\/schweizversand.ch\\\/fr\\\/produkt\\\/champ-tragbarer-parfuemzerstaeuber-2\\\/#primaryimage\",\"url\":\"https:\\\/\\\/schweizversand.ch\\\/wp-content\\\/uploads\\\/2026\\\/02\\\/5471721928.jpg\",\"contentUrl\":\"https:\\\/\\\/schweizversand.ch\\\/wp-content\\\/uploads\\\/2026\\\/02\\\/5471721928.jpg\",\"width\":1024,\"height\":1018},{\"@type\":\"BreadcrumbList\",\"@id\":\"https:\\\/\\\/schweizversand.ch\\\/fr\\\/produkt\\\/champ-tragbarer-parfuemzerstaeuber-2\\\/#breadcrumb\",\"itemListElement\":[{\"@type\":\"ListItem\",\"position\":1,\"name\":\"Startseite\",\"item\":\"https:\\\/\\\/schweizversand.ch\\\/fr\\\/home\\\/\"},{\"@type\":\"ListItem\",\"position\":2,\"name\":\"Boutique\",\"item\":\"https:\\\/\\\/schweizversand.ch\\\/fr\\\/boutique\\\/\"},{\"@type\":\"ListItem\",\"position\":3,\"name\":\"Beaut\u00e9 et sant\u00e9\",\"item\":\"https:\\\/\\\/schweizversand.ch\\\/fr\\\/produkt-kategorie\\\/beaute-et-sante\\\/\"},{\"@type\":\"ListItem\",\"position\":4,\"name\":\"Soins du corps\",\"item\":\"https:\\\/\\\/schweizversand.ch\\\/fr\\\/produkt-kategorie\\\/beaute-et-sante\\\/soins-du-corps\\\/\"},{\"@type\":\"ListItem\",\"position\":5,\"name\":\"Parfums et vaporisateurs\",\"item\":\"https:\\\/\\\/schweizversand.ch\\\/fr\\\/produkt-kategorie\\\/beaute-et-sante\\\/soins-du-corps\\\/parfuem-zerstaeuber\\\/\"},{\"@type\":\"ListItem\",\"position\":6,\"name\":\"Atomiseur de parfum portable CHAMP\"}]},{\"@type\":\"WebSite\",\"@id\":\"https:\\\/\\\/schweizversand.ch\\\/fr\\\/#website\",\"url\":\"https:\\\/\\\/schweizversand.ch\\\/fr\\\/\",\"name\":\"Schweizer Shop f\u00fcr Sport, Spiel und Freizeit\",\"description\":\"Gratisversand ab 50.- (netto), ab eigenem schweizer Lager, Lieferung innert 48h\",\"publisher\":{\"@id\":\"https:\\\/\\\/schweizversand.ch\\\/fr\\\/#organization\"},\"alternateName\":\"Schweizversand.ch\",\"potentialAction\":[{\"@type\":\"SearchAction\",\"target\":{\"@type\":\"EntryPoint\",\"urlTemplate\":\"https:\\\/\\\/schweizversand.ch\\\/fr\\\/?s={search_term_string}\"},\"query-input\":{\"@type\":\"PropertyValueSpecification\",\"valueRequired\":true,\"valueName\":\"search_term_string\"}}],\"inLanguage\":\"fr-FR\"},{\"@type\":\"Organization\",\"@id\":\"https:\\\/\\\/schweizversand.ch\\\/fr\\\/#organization\",\"name\":\"Schweizversand.ch\",\"url\":\"https:\\\/\\\/schweizversand.ch\\\/fr\\\/\",\"logo\":{\"@type\":\"ImageObject\",\"inLanguage\":\"fr-FR\",\"@id\":\"https:\\\/\\\/schweizversand.ch\\\/fr\\\/#\\\/schema\\\/logo\\\/image\\\/\",\"url\":\"https:\\\/\\\/schweizversand.ch\\\/wp-content\\\/uploads\\\/2026\\\/03\\\/Logo_Rund_Final-1.png\",\"contentUrl\":\"https:\\\/\\\/schweizversand.ch\\\/wp-content\\\/uploads\\\/2026\\\/03\\\/Logo_Rund_Final-1.png\",\"width\":404,\"height\":404,\"caption\":\"Schweizversand.ch\"},\"image\":{\"@id\":\"https:\\\/\\\/schweizversand.ch\\\/fr\\\/#\\\/schema\\\/logo\\\/image\\\/\"},\"sameAs\":[\"https:\\\/\\\/www.facebook.com\\\/Schweizversand\",\"https:\\\/\\\/www.instagram.com\\\/schweizversand.ch\\\/\"]}]}<\/script>\n<!-- \/ Yoast SEO plugin. -->","yoast_head_json":{"title":"CHAMP Tragbarer Parf\u00fcmzerst\u00e4uber | Jetzt kaufen | Schweizversand.ch","description":"CHAMP Tragbarer Parf\u00fcmzerst\u00e4uber g\u00fcnstig kaufen bei Schweizversand.ch. Schnelle Lieferung in der Schweiz. Gratisversand ab CHF 50.","robots":{"index":"index","follow":"follow","max-snippet":"max-snippet:-1","max-image-preview":"max-image-preview:large","max-video-preview":"max-video-preview:-1"},"canonical":"https:\/\/schweizversand.ch\/fr\/produkt\/champ-tragbarer-parfuemzerstaeuber-2\/","og_locale":"fr_FR","og_type":"article","og_title":"CHAMP Tragbarer Parf\u00fcmzerst\u00e4uber | Jetzt kaufen | Schweizversand.ch","og_description":"CHAMP Tragbarer Parf\u00fcmzerst\u00e4uber g\u00fcnstig kaufen bei Schweizversand.ch. Schnelle Lieferung in der Schweiz. Gratisversand ab CHF 50.","og_url":"https:\/\/schweizversand.ch\/fr\/produkt\/champ-tragbarer-parfuemzerstaeuber-2\/","og_site_name":"Schweizer Shop f\u00fcr Sport, Spiel und Freizeit","article_publisher":"https:\/\/www.facebook.com\/Schweizversand","article_modified_time":"2026-04-19T00:03:31+00:00","og_image":[{"width":1024,"height":1018,"url":"https:\/\/schweizversand.ch\/wp-content\/uploads\/2026\/02\/5471721928.jpg","type":"image\/jpeg"}],"twitter_card":"summary_large_image","twitter_misc":{"Dur\u00e9e de lecture estim\u00e9e":"2 minutes"},"schema":{"@context":"https:\/\/schema.org","@graph":[{"@type":"WebPage","@id":"https:\/\/schweizversand.ch\/fr\/produkt\/champ-tragbarer-parfuemzerstaeuber-2\/","url":"https:\/\/schweizversand.ch\/fr\/produkt\/champ-tragbarer-parfuemzerstaeuber-2\/","name":"CHAMP Tragbarer Parf\u00fcmzerst\u00e4uber | Jetzt kaufen | Schweizversand.ch","isPartOf":{"@id":"https:\/\/schweizversand.ch\/fr\/#website"},"primaryImageOfPage":{"@id":"https:\/\/schweizversand.ch\/fr\/produkt\/champ-tragbarer-parfuemzerstaeuber-2\/#primaryimage"},"image":{"@id":"https:\/\/schweizversand.ch\/fr\/produkt\/champ-tragbarer-parfuemzerstaeuber-2\/#primaryimage"},"thumbnailUrl":"https:\/\/schweizversand.ch\/wp-content\/uploads\/2026\/02\/5471721928.jpg","datePublished":"2026-03-14T23:54:14+00:00","dateModified":"2026-04-19T00:03:31+00:00","description":"CHAMP Tragbarer Parf\u00fcmzerst\u00e4uber g\u00fcnstig kaufen bei Schweizversand.ch. Schnelle Lieferung in der Schweiz. Gratisversand ab CHF 50.","breadcrumb":{"@id":"https:\/\/schweizversand.ch\/fr\/produkt\/champ-tragbarer-parfuemzerstaeuber-2\/#breadcrumb"},"inLanguage":"fr-FR","potentialAction":[{"@type":"ReadAction","target":["https:\/\/schweizversand.ch\/fr\/produkt\/champ-tragbarer-parfuemzerstaeuber-2\/"]}]},{"@type":"ImageObject","inLanguage":"fr-FR","@id":"https:\/\/schweizversand.ch\/fr\/produkt\/champ-tragbarer-parfuemzerstaeuber-2\/#primaryimage","url":"https:\/\/schweizversand.ch\/wp-content\/uploads\/2026\/02\/5471721928.jpg","contentUrl":"https:\/\/schweizversand.ch\/wp-content\/uploads\/2026\/02\/5471721928.jpg","width":1024,"height":1018},{"@type":"BreadcrumbList","@id":"https:\/\/schweizversand.ch\/fr\/produkt\/champ-tragbarer-parfuemzerstaeuber-2\/#breadcrumb","itemListElement":[{"@type":"ListItem","position":1,"name":"Startseite","item":"https:\/\/schweizversand.ch\/fr\/home\/"},{"@type":"ListItem","position":2,"name":"Boutique","item":"https:\/\/schweizversand.ch\/fr\/boutique\/"},{"@type":"ListItem","position":3,"name":"Beaut\u00e9 et sant\u00e9","item":"https:\/\/schweizversand.ch\/fr\/produkt-kategorie\/beaute-et-sante\/"},{"@type":"ListItem","position":4,"name":"Soins du corps","item":"https:\/\/schweizversand.ch\/fr\/produkt-kategorie\/beaute-et-sante\/soins-du-corps\/"},{"@type":"ListItem","position":5,"name":"Parfums et vaporisateurs","item":"https:\/\/schweizversand.ch\/fr\/produkt-kategorie\/beaute-et-sante\/soins-du-corps\/parfuem-zerstaeuber\/"},{"@type":"ListItem","position":6,"name":"Atomiseur de parfum portable CHAMP"}]},{"@type":"WebSite","@id":"https:\/\/schweizversand.ch\/fr\/#website","url":"https:\/\/schweizversand.ch\/fr\/","name":"Schweizer Shop f\u00fcr Sport, Spiel und Freizeit","description":"Gratisversand ab 50.- (netto), ab eigenem schweizer Lager, Lieferung innert 48h","publisher":{"@id":"https:\/\/schweizversand.ch\/fr\/#organization"},"alternateName":"Schweizversand.ch","potentialAction":[{"@type":"SearchAction","target":{"@type":"EntryPoint","urlTemplate":"https:\/\/schweizversand.ch\/fr\/?s={search_term_string}"},"query-input":{"@type":"PropertyValueSpecification","valueRequired":true,"valueName":"search_term_string"}}],"inLanguage":"fr-FR"},{"@type":"Organization","@id":"https:\/\/schweizversand.ch\/fr\/#organization","name":"Schweizversand.ch","url":"https:\/\/schweizversand.ch\/fr\/","logo":{"@type":"ImageObject","inLanguage":"fr-FR","@id":"https:\/\/schweizversand.ch\/fr\/#\/schema\/logo\/image\/","url":"https:\/\/schweizversand.ch\/wp-content\/uploads\/2026\/03\/Logo_Rund_Final-1.png","contentUrl":"https:\/\/schweizversand.ch\/wp-content\/uploads\/2026\/03\/Logo_Rund_Final-1.png","width":404,"height":404,"caption":"Schweizversand.ch"},"image":{"@id":"https:\/\/schweizversand.ch\/fr\/#\/schema\/logo\/image\/"},"sameAs":["https:\/\/www.facebook.com\/Schweizversand","https:\/\/www.instagram.com\/schweizversand.ch\/"]}]}},"jetpack_sharing_enabled":true,"_links":{"self":[{"href":"https:\/\/schweizversand.ch\/fr\/wp-json\/wp\/v2\/product\/253602","targetHints":{"allow":["GET"]}}],"collection":[{"href":"https:\/\/schweizversand.ch\/fr\/wp-json\/wp\/v2\/product"}],"about":[{"href":"https:\/\/schweizversand.ch\/fr\/wp-json\/wp\/v2\/types\/product"}],"replies":[{"embeddable":true,"href":"https:\/\/schweizversand.ch\/fr\/wp-json\/wp\/v2\/comments?post=253602"}],"wp:featuredmedia":[{"embeddable":true,"href":"https:\/\/schweizversand.ch\/fr\/wp-json\/wp\/v2\/media\/158765"}],"wp:attachment":[{"href":"https:\/\/schweizversand.ch\/fr\/wp-json\/wp\/v2\/media?parent=253602"}],"wp:term":[{"taxonomy":"product_brand","embeddable":true,"href":"https:\/\/schweizversand.ch\/fr\/wp-json\/wp\/v2\/product_brand?post=253602"},{"taxonomy":"product_cat","embeddable":true,"href":"https:\/\/schweizversand.ch\/fr\/wp-json\/wp\/v2\/product_cat?post=253602"},{"taxonomy":"product_tag","embeddable":true,"href":"https:\/\/schweizversand.ch\/fr\/wp-json\/wp\/v2\/product_tag?post=253602"}],"curies":[{"name":"wp","href":"https:\/\/api.w.org\/{rel}","templated":true}]}}