{"id":253605,"date":"2026-03-15T00:54:14","date_gmt":"2026-03-14T23:54:14","guid":{"rendered":"https:\/\/schweizversand.ch\/produkt\/champ-tragbarer-parfuemzerstaeuber-3\/"},"modified":"2026-04-19T02:03:31","modified_gmt":"2026-04-19T00:03:31","slug":"champ-tragbarer-parfuemzerstaeuber-3","status":"publish","type":"product","link":"https:\/\/schweizversand.ch\/fr\/produkt\/champ-tragbarer-parfuemzerstaeuber-3\/","title":{"rendered":"Atomiseur de parfum portable CHAMP"},"content":{"rendered":"<h1><strong>Atomiseur de parfum rechargeable \u2013 Mini flacon de parfum rouge (5 ml)<\/strong><\/h1>\n<div>D\u00e9couvrez le compagnon id\u00e9al de vos parfums pr\u00e9f\u00e9r\u00e9s\u00a0: cet atomiseur de parfum rechargeable et portable allie \u00e9l\u00e9gance et praticit\u00e9. Son mini flacon rouge vif est l\u2019accessoire parfait pour les personnes soucieuses de leur style qui ne veulent jamais se s\u00e9parer de leur parfum, m\u00eame en d\u00e9placement.<\/p>\n<\/div>\n<div><strong>Id\u00e9al pour les voyages<\/strong><br \/>Cet atomiseur de voyage compact est la solution id\u00e9ale pour avoir votre parfum toujours \u00e0 port\u00e9e de main. L\u00e9ger et compact, il se glisse facilement dans un sac \u00e0 main, une poche ou une trousse de toilette. Emportez votre parfum pr\u00e9f\u00e9r\u00e9 partout avec vous, sans vous encombrer de grands flacons. Design et fonctionnalit\u00e9 haut de gamme\u00a0: son embout professionnel int\u00e9gr\u00e9 assure une excellente vaporisation. Une fine brume diffuse uniform\u00e9ment votre parfum, pour une exp\u00e9rience olfactive agr\u00e9able. Son atomiseur rouge vif et \u00e9clatant apporte une touche tendance et attire tous les regards. Caract\u00e9ristiques et dimensions du produit\u00a0: &#8211; Contenance\u00a0: 5\u00a0ml, id\u00e9ale pour les voyages et le quotidien &#8211; Dimensions\u00a0: environ 8,1\u00a0cm de hauteur, environ 1,7\u00a0cm de largeur &#8211; Couleur\u00a0: Rouge vif &#8211; Fonction\u00a0: Rechargeable et r\u00e9utilisable &#8211; Avantage\u00a0: Embout de haute qualit\u00e9 pour une brume fine. Votre avantage\u00a0: Ce flacon de parfum de voyage est non seulement pratique, mais aussi un cadeau \u00e9l\u00e9gant pour les voyageurs ou une petite attention d\u00e9licate. Restez frais et parfum\u00e9 en toutes circonstances gr\u00e2ce \u00e0 cet accessoire indispensable qui allie fonctionnalit\u00e9 et style.<\/p>\n","protected":false},"excerpt":{"rendered":"<p>Atomiseur de parfum rechargeable \u2013 Mini flacon de parfum rouge (5 ml) D\u00e9couvrez le compagnon id\u00e9al de vos parfums pr\u00e9f\u00e9r\u00e9s\u00a0: cet atomiseur de parfum rechargeable et portable allie \u00e9l\u00e9gance et praticit\u00e9. Son mini flacon rouge vif est l\u2019accessoire parfait pour les personnes soucieuses de leur style qui ne veulent jamais se s\u00e9parer de leur parfum, m\u00eame en d\u00e9placement. Id\u00e9al pour les voyagesCet atomiseur de voyage compact est la solution id\u00e9ale pour avoir votre parfum toujours&hellip;<\/p>\n","protected":false},"featured_media":158783,"comment_status":"open","ping_status":"closed","template":"","meta":[],"product_brand":[],"product_cat":[38850],"product_tag":[],"class_list":{"0":"post-253605","1":"product","2":"type-product","3":"status-publish","4":"has-post-thumbnail","6":"product_cat-parfuem-zerstaeuber","7":"product_shipping_class-global_methods","9":"first","10":"instock","11":"taxable","12":"shipping-taxable","13":"purchasable","14":"product-type-simple"},"yoast_head":"<!-- This site is optimized with the Yoast SEO plugin v27.4 - https:\/\/yoast.com\/product\/yoast-seo-wordpress\/ -->\n<title>CHAMP Tragbarer Parf\u00fcmzerst\u00e4uber | Jetzt kaufen | Schweizversand.ch<\/title>\n<meta name=\"description\" content=\"CHAMP Tragbarer Parf\u00fcmzerst\u00e4uber g\u00fcnstig kaufen bei Schweizversand.ch. Schnelle Lieferung in der Schweiz. Gratisversand ab CHF 50.\" \/>\n<meta name=\"robots\" content=\"index, follow, max-snippet:-1, max-image-preview:large, max-video-preview:-1\" \/>\n<link rel=\"canonical\" href=\"https:\/\/schweizversand.ch\/fr\/produkt\/champ-tragbarer-parfuemzerstaeuber-3\/\" \/>\n<meta property=\"og:locale\" content=\"fr_FR\" \/>\n<meta property=\"og:type\" content=\"article\" \/>\n<meta property=\"og:title\" content=\"CHAMP Tragbarer Parf\u00fcmzerst\u00e4uber | Jetzt kaufen | Schweizversand.ch\" \/>\n<meta property=\"og:description\" content=\"CHAMP Tragbarer Parf\u00fcmzerst\u00e4uber g\u00fcnstig kaufen bei Schweizversand.ch. Schnelle Lieferung in der Schweiz. Gratisversand ab CHF 50.\" \/>\n<meta property=\"og:url\" content=\"https:\/\/schweizversand.ch\/fr\/produkt\/champ-tragbarer-parfuemzerstaeuber-3\/\" \/>\n<meta property=\"og:site_name\" content=\"Schweizer Shop f\u00fcr Sport, Spiel und Freizeit\" \/>\n<meta property=\"article:publisher\" content=\"https:\/\/www.facebook.com\/Schweizversand\" \/>\n<meta property=\"article:modified_time\" content=\"2026-04-19T00:03:31+00:00\" \/>\n<meta property=\"og:image\" content=\"https:\/\/schweizversand.ch\/wp-content\/uploads\/2026\/02\/5471712892.jpg\" \/>\n\t<meta property=\"og:image:width\" content=\"1024\" \/>\n\t<meta property=\"og:image:height\" content=\"977\" \/>\n\t<meta property=\"og:image:type\" content=\"image\/jpeg\" \/>\n<meta name=\"twitter:card\" content=\"summary_large_image\" \/>\n<meta name=\"twitter:label1\" content=\"Dur\u00e9e de lecture estim\u00e9e\" \/>\n\t<meta name=\"twitter:data1\" content=\"1 minute\" \/>\n<script type=\"application\/ld+json\" class=\"yoast-schema-graph\">{\"@context\":\"https:\\\/\\\/schema.org\",\"@graph\":[{\"@type\":\"WebPage\",\"@id\":\"https:\\\/\\\/schweizversand.ch\\\/fr\\\/produkt\\\/champ-tragbarer-parfuemzerstaeuber-3\\\/\",\"url\":\"https:\\\/\\\/schweizversand.ch\\\/fr\\\/produkt\\\/champ-tragbarer-parfuemzerstaeuber-3\\\/\",\"name\":\"CHAMP Tragbarer Parf\u00fcmzerst\u00e4uber | Jetzt kaufen | Schweizversand.ch\",\"isPartOf\":{\"@id\":\"https:\\\/\\\/schweizversand.ch\\\/fr\\\/#website\"},\"primaryImageOfPage\":{\"@id\":\"https:\\\/\\\/schweizversand.ch\\\/fr\\\/produkt\\\/champ-tragbarer-parfuemzerstaeuber-3\\\/#primaryimage\"},\"image\":{\"@id\":\"https:\\\/\\\/schweizversand.ch\\\/fr\\\/produkt\\\/champ-tragbarer-parfuemzerstaeuber-3\\\/#primaryimage\"},\"thumbnailUrl\":\"https:\\\/\\\/schweizversand.ch\\\/wp-content\\\/uploads\\\/2026\\\/02\\\/5471712892.jpg\",\"datePublished\":\"2026-03-14T23:54:14+00:00\",\"dateModified\":\"2026-04-19T00:03:31+00:00\",\"description\":\"CHAMP Tragbarer Parf\u00fcmzerst\u00e4uber g\u00fcnstig kaufen bei Schweizversand.ch. Schnelle Lieferung in der Schweiz. Gratisversand ab CHF 50.\",\"breadcrumb\":{\"@id\":\"https:\\\/\\\/schweizversand.ch\\\/fr\\\/produkt\\\/champ-tragbarer-parfuemzerstaeuber-3\\\/#breadcrumb\"},\"inLanguage\":\"fr-FR\",\"potentialAction\":[{\"@type\":\"ReadAction\",\"target\":[\"https:\\\/\\\/schweizversand.ch\\\/fr\\\/produkt\\\/champ-tragbarer-parfuemzerstaeuber-3\\\/\"]}]},{\"@type\":\"ImageObject\",\"inLanguage\":\"fr-FR\",\"@id\":\"https:\\\/\\\/schweizversand.ch\\\/fr\\\/produkt\\\/champ-tragbarer-parfuemzerstaeuber-3\\\/#primaryimage\",\"url\":\"https:\\\/\\\/schweizversand.ch\\\/wp-content\\\/uploads\\\/2026\\\/02\\\/5471712892.jpg\",\"contentUrl\":\"https:\\\/\\\/schweizversand.ch\\\/wp-content\\\/uploads\\\/2026\\\/02\\\/5471712892.jpg\",\"width\":1024,\"height\":977},{\"@type\":\"BreadcrumbList\",\"@id\":\"https:\\\/\\\/schweizversand.ch\\\/fr\\\/produkt\\\/champ-tragbarer-parfuemzerstaeuber-3\\\/#breadcrumb\",\"itemListElement\":[{\"@type\":\"ListItem\",\"position\":1,\"name\":\"Startseite\",\"item\":\"https:\\\/\\\/schweizversand.ch\\\/fr\\\/home\\\/\"},{\"@type\":\"ListItem\",\"position\":2,\"name\":\"Boutique\",\"item\":\"https:\\\/\\\/schweizversand.ch\\\/fr\\\/boutique\\\/\"},{\"@type\":\"ListItem\",\"position\":3,\"name\":\"Beaut\u00e9 et sant\u00e9\",\"item\":\"https:\\\/\\\/schweizversand.ch\\\/fr\\\/produkt-kategorie\\\/beaute-et-sante\\\/\"},{\"@type\":\"ListItem\",\"position\":4,\"name\":\"Soins du corps\",\"item\":\"https:\\\/\\\/schweizversand.ch\\\/fr\\\/produkt-kategorie\\\/beaute-et-sante\\\/soins-du-corps\\\/\"},{\"@type\":\"ListItem\",\"position\":5,\"name\":\"Parfums et vaporisateurs\",\"item\":\"https:\\\/\\\/schweizversand.ch\\\/fr\\\/produkt-kategorie\\\/beaute-et-sante\\\/soins-du-corps\\\/parfuem-zerstaeuber\\\/\"},{\"@type\":\"ListItem\",\"position\":6,\"name\":\"Atomiseur de parfum portable CHAMP\"}]},{\"@type\":\"WebSite\",\"@id\":\"https:\\\/\\\/schweizversand.ch\\\/fr\\\/#website\",\"url\":\"https:\\\/\\\/schweizversand.ch\\\/fr\\\/\",\"name\":\"Schweizer Shop f\u00fcr Sport, Spiel und Freizeit\",\"description\":\"Gratisversand ab 50.- (netto), ab eigenem schweizer Lager, Lieferung innert 48h\",\"publisher\":{\"@id\":\"https:\\\/\\\/schweizversand.ch\\\/fr\\\/#organization\"},\"alternateName\":\"Schweizversand.ch\",\"potentialAction\":[{\"@type\":\"SearchAction\",\"target\":{\"@type\":\"EntryPoint\",\"urlTemplate\":\"https:\\\/\\\/schweizversand.ch\\\/fr\\\/?s={search_term_string}\"},\"query-input\":{\"@type\":\"PropertyValueSpecification\",\"valueRequired\":true,\"valueName\":\"search_term_string\"}}],\"inLanguage\":\"fr-FR\"},{\"@type\":\"Organization\",\"@id\":\"https:\\\/\\\/schweizversand.ch\\\/fr\\\/#organization\",\"name\":\"Schweizversand.ch\",\"url\":\"https:\\\/\\\/schweizversand.ch\\\/fr\\\/\",\"logo\":{\"@type\":\"ImageObject\",\"inLanguage\":\"fr-FR\",\"@id\":\"https:\\\/\\\/schweizversand.ch\\\/fr\\\/#\\\/schema\\\/logo\\\/image\\\/\",\"url\":\"https:\\\/\\\/schweizversand.ch\\\/wp-content\\\/uploads\\\/2026\\\/03\\\/Logo_Rund_Final-1.png\",\"contentUrl\":\"https:\\\/\\\/schweizversand.ch\\\/wp-content\\\/uploads\\\/2026\\\/03\\\/Logo_Rund_Final-1.png\",\"width\":404,\"height\":404,\"caption\":\"Schweizversand.ch\"},\"image\":{\"@id\":\"https:\\\/\\\/schweizversand.ch\\\/fr\\\/#\\\/schema\\\/logo\\\/image\\\/\"},\"sameAs\":[\"https:\\\/\\\/www.facebook.com\\\/Schweizversand\",\"https:\\\/\\\/www.instagram.com\\\/schweizversand.ch\\\/\"]}]}<\/script>\n<!-- \/ Yoast SEO plugin. -->","yoast_head_json":{"title":"CHAMP Tragbarer Parf\u00fcmzerst\u00e4uber | Jetzt kaufen | Schweizversand.ch","description":"CHAMP Tragbarer Parf\u00fcmzerst\u00e4uber g\u00fcnstig kaufen bei Schweizversand.ch. Schnelle Lieferung in der Schweiz. Gratisversand ab CHF 50.","robots":{"index":"index","follow":"follow","max-snippet":"max-snippet:-1","max-image-preview":"max-image-preview:large","max-video-preview":"max-video-preview:-1"},"canonical":"https:\/\/schweizversand.ch\/fr\/produkt\/champ-tragbarer-parfuemzerstaeuber-3\/","og_locale":"fr_FR","og_type":"article","og_title":"CHAMP Tragbarer Parf\u00fcmzerst\u00e4uber | Jetzt kaufen | Schweizversand.ch","og_description":"CHAMP Tragbarer Parf\u00fcmzerst\u00e4uber g\u00fcnstig kaufen bei Schweizversand.ch. Schnelle Lieferung in der Schweiz. Gratisversand ab CHF 50.","og_url":"https:\/\/schweizversand.ch\/fr\/produkt\/champ-tragbarer-parfuemzerstaeuber-3\/","og_site_name":"Schweizer Shop f\u00fcr Sport, Spiel und Freizeit","article_publisher":"https:\/\/www.facebook.com\/Schweizversand","article_modified_time":"2026-04-19T00:03:31+00:00","og_image":[{"width":1024,"height":977,"url":"https:\/\/schweizversand.ch\/wp-content\/uploads\/2026\/02\/5471712892.jpg","type":"image\/jpeg"}],"twitter_card":"summary_large_image","twitter_misc":{"Dur\u00e9e de lecture estim\u00e9e":"1 minute"},"schema":{"@context":"https:\/\/schema.org","@graph":[{"@type":"WebPage","@id":"https:\/\/schweizversand.ch\/fr\/produkt\/champ-tragbarer-parfuemzerstaeuber-3\/","url":"https:\/\/schweizversand.ch\/fr\/produkt\/champ-tragbarer-parfuemzerstaeuber-3\/","name":"CHAMP Tragbarer Parf\u00fcmzerst\u00e4uber | Jetzt kaufen | Schweizversand.ch","isPartOf":{"@id":"https:\/\/schweizversand.ch\/fr\/#website"},"primaryImageOfPage":{"@id":"https:\/\/schweizversand.ch\/fr\/produkt\/champ-tragbarer-parfuemzerstaeuber-3\/#primaryimage"},"image":{"@id":"https:\/\/schweizversand.ch\/fr\/produkt\/champ-tragbarer-parfuemzerstaeuber-3\/#primaryimage"},"thumbnailUrl":"https:\/\/schweizversand.ch\/wp-content\/uploads\/2026\/02\/5471712892.jpg","datePublished":"2026-03-14T23:54:14+00:00","dateModified":"2026-04-19T00:03:31+00:00","description":"CHAMP Tragbarer Parf\u00fcmzerst\u00e4uber g\u00fcnstig kaufen bei Schweizversand.ch. Schnelle Lieferung in der Schweiz. Gratisversand ab CHF 50.","breadcrumb":{"@id":"https:\/\/schweizversand.ch\/fr\/produkt\/champ-tragbarer-parfuemzerstaeuber-3\/#breadcrumb"},"inLanguage":"fr-FR","potentialAction":[{"@type":"ReadAction","target":["https:\/\/schweizversand.ch\/fr\/produkt\/champ-tragbarer-parfuemzerstaeuber-3\/"]}]},{"@type":"ImageObject","inLanguage":"fr-FR","@id":"https:\/\/schweizversand.ch\/fr\/produkt\/champ-tragbarer-parfuemzerstaeuber-3\/#primaryimage","url":"https:\/\/schweizversand.ch\/wp-content\/uploads\/2026\/02\/5471712892.jpg","contentUrl":"https:\/\/schweizversand.ch\/wp-content\/uploads\/2026\/02\/5471712892.jpg","width":1024,"height":977},{"@type":"BreadcrumbList","@id":"https:\/\/schweizversand.ch\/fr\/produkt\/champ-tragbarer-parfuemzerstaeuber-3\/#breadcrumb","itemListElement":[{"@type":"ListItem","position":1,"name":"Startseite","item":"https:\/\/schweizversand.ch\/fr\/home\/"},{"@type":"ListItem","position":2,"name":"Boutique","item":"https:\/\/schweizversand.ch\/fr\/boutique\/"},{"@type":"ListItem","position":3,"name":"Beaut\u00e9 et sant\u00e9","item":"https:\/\/schweizversand.ch\/fr\/produkt-kategorie\/beaute-et-sante\/"},{"@type":"ListItem","position":4,"name":"Soins du corps","item":"https:\/\/schweizversand.ch\/fr\/produkt-kategorie\/beaute-et-sante\/soins-du-corps\/"},{"@type":"ListItem","position":5,"name":"Parfums et vaporisateurs","item":"https:\/\/schweizversand.ch\/fr\/produkt-kategorie\/beaute-et-sante\/soins-du-corps\/parfuem-zerstaeuber\/"},{"@type":"ListItem","position":6,"name":"Atomiseur de parfum portable CHAMP"}]},{"@type":"WebSite","@id":"https:\/\/schweizversand.ch\/fr\/#website","url":"https:\/\/schweizversand.ch\/fr\/","name":"Schweizer Shop f\u00fcr Sport, Spiel und Freizeit","description":"Gratisversand ab 50.- (netto), ab eigenem schweizer Lager, Lieferung innert 48h","publisher":{"@id":"https:\/\/schweizversand.ch\/fr\/#organization"},"alternateName":"Schweizversand.ch","potentialAction":[{"@type":"SearchAction","target":{"@type":"EntryPoint","urlTemplate":"https:\/\/schweizversand.ch\/fr\/?s={search_term_string}"},"query-input":{"@type":"PropertyValueSpecification","valueRequired":true,"valueName":"search_term_string"}}],"inLanguage":"fr-FR"},{"@type":"Organization","@id":"https:\/\/schweizversand.ch\/fr\/#organization","name":"Schweizversand.ch","url":"https:\/\/schweizversand.ch\/fr\/","logo":{"@type":"ImageObject","inLanguage":"fr-FR","@id":"https:\/\/schweizversand.ch\/fr\/#\/schema\/logo\/image\/","url":"https:\/\/schweizversand.ch\/wp-content\/uploads\/2026\/03\/Logo_Rund_Final-1.png","contentUrl":"https:\/\/schweizversand.ch\/wp-content\/uploads\/2026\/03\/Logo_Rund_Final-1.png","width":404,"height":404,"caption":"Schweizversand.ch"},"image":{"@id":"https:\/\/schweizversand.ch\/fr\/#\/schema\/logo\/image\/"},"sameAs":["https:\/\/www.facebook.com\/Schweizversand","https:\/\/www.instagram.com\/schweizversand.ch\/"]}]}},"jetpack_sharing_enabled":true,"_links":{"self":[{"href":"https:\/\/schweizversand.ch\/fr\/wp-json\/wp\/v2\/product\/253605","targetHints":{"allow":["GET"]}}],"collection":[{"href":"https:\/\/schweizversand.ch\/fr\/wp-json\/wp\/v2\/product"}],"about":[{"href":"https:\/\/schweizversand.ch\/fr\/wp-json\/wp\/v2\/types\/product"}],"replies":[{"embeddable":true,"href":"https:\/\/schweizversand.ch\/fr\/wp-json\/wp\/v2\/comments?post=253605"}],"wp:featuredmedia":[{"embeddable":true,"href":"https:\/\/schweizversand.ch\/fr\/wp-json\/wp\/v2\/media\/158783"}],"wp:attachment":[{"href":"https:\/\/schweizversand.ch\/fr\/wp-json\/wp\/v2\/media?parent=253605"}],"wp:term":[{"taxonomy":"product_brand","embeddable":true,"href":"https:\/\/schweizversand.ch\/fr\/wp-json\/wp\/v2\/product_brand?post=253605"},{"taxonomy":"product_cat","embeddable":true,"href":"https:\/\/schweizversand.ch\/fr\/wp-json\/wp\/v2\/product_cat?post=253605"},{"taxonomy":"product_tag","embeddable":true,"href":"https:\/\/schweizversand.ch\/fr\/wp-json\/wp\/v2\/product_tag?post=253605"}],"curies":[{"name":"wp","href":"https:\/\/api.w.org\/{rel}","templated":true}]}}