{"id":253699,"date":"2026-03-15T00:54:51","date_gmt":"2026-03-14T23:54:51","guid":{"rendered":"https:\/\/schweizversand.ch\/produkt\/hudora-1-wheel-alu-core-inkl-chrom-kugellager-100mm-gold\/"},"modified":"2026-04-20T15:34:09","modified_gmt":"2026-04-20T13:34:09","slug":"hudora-1-wheel-alu-core-inkl-chrom-kugellager-100mm-gold","status":"publish","type":"product","link":"https:\/\/schweizversand.ch\/fr\/produkt\/hudora-1-wheel-alu-core-inkl-chrom-kugellager-100mm-gold\/","title":{"rendered":"Roue Hudora 1 Alu Core avec roulements \u00e0 billes chrom\u00e9s 100 mm or"},"content":{"rendered":"<p>Une roue \u00e0 noyau en aluminium.<\/p>\n<p>D\u00e9tails\u00a0:<\/p>\n<p>&#8211; Roulements \u00e0 billes chrom\u00e9s ABEC-7 inclus<\/p>\n<p>&#8211; Roue en polyur\u00e9thane \u00e0 haut rebond, 88A<\/p>\n<p>&#8211; Jante en aluminium<\/p>\n<p>&#8211; Couleur\u00a0: or<\/p>\n<p>&#8211; Dimensions\u00a0: 100 x 24 mm<\/p>\n<p>Compatible avec\u00a0:<\/p>\n<p>Trottinette freestyle XR-23 (14023)<\/p>\n<p>Trottinette freestyle XR-25, or (14027)<\/p>\n<p>Remarque\u00a0: Les vis d&rsquo;axe correspondantes ne sont malheureusement plus disponibles, mais peuvent \u00eatre achet\u00e9es aupr\u00e8s de revendeurs aux dimensions suivantes\u00a0:<\/p>\n<p>&#8211; Vis d&rsquo;axe de roue avant\u00a0: 28 x 8 mm<\/p>\n<p>Vis d&rsquo;axe de roue arri\u00e8re\u00a0: 52 x 8 mm<\/p>\n","protected":false},"excerpt":{"rendered":"<p>Une roue \u00e0 noyau en aluminium. D\u00e9tails\u00a0: &#8211; Roulements \u00e0 billes chrom\u00e9s ABEC-7 inclus &#8211; Roue en polyur\u00e9thane \u00e0 haut rebond, 88A &#8211; Jante en aluminium &#8211; Couleur\u00a0: or &#8211; Dimensions\u00a0: 100 x 24 mm Compatible avec\u00a0: Trottinette freestyle XR-23 (14023) Trottinette freestyle XR-25, or (14027) Remarque\u00a0: Les vis d&rsquo;axe correspondantes ne sont malheureusement plus disponibles, mais peuvent \u00eatre achet\u00e9es aupr\u00e8s de revendeurs aux dimensions suivantes\u00a0: &#8211; Vis d&rsquo;axe de roue avant\u00a0: 28 x 8&hellip;<\/p>\n","protected":false},"featured_media":159279,"comment_status":"open","ping_status":"closed","template":"","meta":[],"product_brand":[],"product_cat":[38635],"product_tag":[],"class_list":{"0":"post-253699","1":"product","2":"type-product","3":"status-publish","4":"has-post-thumbnail","6":"product_cat-scooter","7":"product_shipping_class-global_methods","9":"first","10":"instock","11":"taxable","12":"shipping-taxable","13":"purchasable","14":"product-type-simple"},"yoast_head":"<!-- This site is optimized with the Yoast SEO plugin v27.4 - https:\/\/yoast.com\/product\/yoast-seo-wordpress\/ -->\n<title>Hudora 1 Wheel Alu Core inkl. Chrom-Kugellager 100mm gold | Jetzt kaufen | Schweizversand.ch<\/title>\n<meta name=\"description\" content=\"Hudora 1 Wheel Alu Core inkl. Chrom-Kugellager 100mm gold g\u00fcnstig kaufen bei Schweizversand.ch. Schnelle Lieferung in der Schweiz. Gratisversand ab CHF 50.\" \/>\n<meta name=\"robots\" content=\"index, follow, max-snippet:-1, max-image-preview:large, max-video-preview:-1\" \/>\n<link rel=\"canonical\" href=\"https:\/\/schweizversand.ch\/fr\/produkt\/hudora-1-wheel-alu-core-inkl-chrom-kugellager-100mm-gold\/\" \/>\n<meta property=\"og:locale\" content=\"fr_FR\" \/>\n<meta property=\"og:type\" content=\"article\" \/>\n<meta property=\"og:title\" content=\"Hudora 1 Wheel Alu Core inkl. Chrom-Kugellager 100mm gold | Jetzt kaufen | Schweizversand.ch\" \/>\n<meta property=\"og:description\" content=\"Hudora 1 Wheel Alu Core inkl. Chrom-Kugellager 100mm gold g\u00fcnstig kaufen bei Schweizversand.ch. Schnelle Lieferung in der Schweiz. Gratisversand ab CHF 50.\" \/>\n<meta property=\"og:url\" content=\"https:\/\/schweizversand.ch\/fr\/produkt\/hudora-1-wheel-alu-core-inkl-chrom-kugellager-100mm-gold\/\" \/>\n<meta property=\"og:site_name\" content=\"Schweizer Shop f\u00fcr Sport, Spiel und Freizeit\" \/>\n<meta property=\"article:publisher\" content=\"https:\/\/www.facebook.com\/Schweizversand\" \/>\n<meta property=\"article:modified_time\" content=\"2026-04-20T13:34:09+00:00\" \/>\n<meta property=\"og:image\" content=\"https:\/\/schweizversand.ch\/wp-content\/uploads\/2026\/02\/5471472670.jpg\" \/>\n\t<meta property=\"og:image:width\" content=\"1024\" \/>\n\t<meta property=\"og:image:height\" content=\"988\" \/>\n\t<meta property=\"og:image:type\" content=\"image\/jpeg\" \/>\n<meta name=\"twitter:card\" content=\"summary_large_image\" \/>\n<script type=\"application\/ld+json\" class=\"yoast-schema-graph\">{\"@context\":\"https:\\\/\\\/schema.org\",\"@graph\":[{\"@type\":\"WebPage\",\"@id\":\"https:\\\/\\\/schweizversand.ch\\\/fr\\\/produkt\\\/hudora-1-wheel-alu-core-inkl-chrom-kugellager-100mm-gold\\\/\",\"url\":\"https:\\\/\\\/schweizversand.ch\\\/fr\\\/produkt\\\/hudora-1-wheel-alu-core-inkl-chrom-kugellager-100mm-gold\\\/\",\"name\":\"Hudora 1 Wheel Alu Core inkl. Chrom-Kugellager 100mm gold | Jetzt kaufen | Schweizversand.ch\",\"isPartOf\":{\"@id\":\"https:\\\/\\\/schweizversand.ch\\\/fr\\\/#website\"},\"primaryImageOfPage\":{\"@id\":\"https:\\\/\\\/schweizversand.ch\\\/fr\\\/produkt\\\/hudora-1-wheel-alu-core-inkl-chrom-kugellager-100mm-gold\\\/#primaryimage\"},\"image\":{\"@id\":\"https:\\\/\\\/schweizversand.ch\\\/fr\\\/produkt\\\/hudora-1-wheel-alu-core-inkl-chrom-kugellager-100mm-gold\\\/#primaryimage\"},\"thumbnailUrl\":\"https:\\\/\\\/schweizversand.ch\\\/wp-content\\\/uploads\\\/2026\\\/02\\\/5471472670.jpg\",\"datePublished\":\"2026-03-14T23:54:51+00:00\",\"dateModified\":\"2026-04-20T13:34:09+00:00\",\"description\":\"Hudora 1 Wheel Alu Core inkl. Chrom-Kugellager 100mm gold g\u00fcnstig kaufen bei Schweizversand.ch. Schnelle Lieferung in der Schweiz. Gratisversand ab CHF 50.\",\"breadcrumb\":{\"@id\":\"https:\\\/\\\/schweizversand.ch\\\/fr\\\/produkt\\\/hudora-1-wheel-alu-core-inkl-chrom-kugellager-100mm-gold\\\/#breadcrumb\"},\"inLanguage\":\"fr-FR\",\"potentialAction\":[{\"@type\":\"ReadAction\",\"target\":[\"https:\\\/\\\/schweizversand.ch\\\/fr\\\/produkt\\\/hudora-1-wheel-alu-core-inkl-chrom-kugellager-100mm-gold\\\/\"]}]},{\"@type\":\"ImageObject\",\"inLanguage\":\"fr-FR\",\"@id\":\"https:\\\/\\\/schweizversand.ch\\\/fr\\\/produkt\\\/hudora-1-wheel-alu-core-inkl-chrom-kugellager-100mm-gold\\\/#primaryimage\",\"url\":\"https:\\\/\\\/schweizversand.ch\\\/wp-content\\\/uploads\\\/2026\\\/02\\\/5471472670.jpg\",\"contentUrl\":\"https:\\\/\\\/schweizversand.ch\\\/wp-content\\\/uploads\\\/2026\\\/02\\\/5471472670.jpg\",\"width\":1024,\"height\":988},{\"@type\":\"BreadcrumbList\",\"@id\":\"https:\\\/\\\/schweizversand.ch\\\/fr\\\/produkt\\\/hudora-1-wheel-alu-core-inkl-chrom-kugellager-100mm-gold\\\/#breadcrumb\",\"itemListElement\":[{\"@type\":\"ListItem\",\"position\":1,\"name\":\"Startseite\",\"item\":\"https:\\\/\\\/schweizversand.ch\\\/fr\\\/home\\\/\"},{\"@type\":\"ListItem\",\"position\":2,\"name\":\"Boutique\",\"item\":\"https:\\\/\\\/schweizversand.ch\\\/fr\\\/boutique\\\/\"},{\"@type\":\"ListItem\",\"position\":3,\"name\":\"Pi\u00e8ces d\u00e9tach\u00e9es\",\"item\":\"https:\\\/\\\/schweizversand.ch\\\/fr\\\/produkt-kategorie\\\/pieces-detachees\\\/\"},{\"@type\":\"ListItem\",\"position\":4,\"name\":\"Hudora\",\"item\":\"https:\\\/\\\/schweizversand.ch\\\/fr\\\/produkt-kategorie\\\/pieces-detachees\\\/hudora\\\/\"},{\"@type\":\"ListItem\",\"position\":5,\"name\":\"Scooter\",\"item\":\"https:\\\/\\\/schweizversand.ch\\\/fr\\\/produkt-kategorie\\\/pieces-detachees\\\/hudora\\\/scooter\\\/\"},{\"@type\":\"ListItem\",\"position\":6,\"name\":\"Roue Hudora 1 Alu Core avec roulements \u00e0 billes chrom\u00e9s 100 mm or\"}]},{\"@type\":\"WebSite\",\"@id\":\"https:\\\/\\\/schweizversand.ch\\\/fr\\\/#website\",\"url\":\"https:\\\/\\\/schweizversand.ch\\\/fr\\\/\",\"name\":\"Schweizer Shop f\u00fcr Sport, Spiel und Freizeit\",\"description\":\"Gratisversand ab 50.- (netto), ab eigenem schweizer Lager, Lieferung innert 48h\",\"publisher\":{\"@id\":\"https:\\\/\\\/schweizversand.ch\\\/fr\\\/#organization\"},\"alternateName\":\"Schweizversand.ch\",\"potentialAction\":[{\"@type\":\"SearchAction\",\"target\":{\"@type\":\"EntryPoint\",\"urlTemplate\":\"https:\\\/\\\/schweizversand.ch\\\/fr\\\/?s={search_term_string}\"},\"query-input\":{\"@type\":\"PropertyValueSpecification\",\"valueRequired\":true,\"valueName\":\"search_term_string\"}}],\"inLanguage\":\"fr-FR\"},{\"@type\":\"Organization\",\"@id\":\"https:\\\/\\\/schweizversand.ch\\\/fr\\\/#organization\",\"name\":\"Schweizversand.ch\",\"url\":\"https:\\\/\\\/schweizversand.ch\\\/fr\\\/\",\"logo\":{\"@type\":\"ImageObject\",\"inLanguage\":\"fr-FR\",\"@id\":\"https:\\\/\\\/schweizversand.ch\\\/fr\\\/#\\\/schema\\\/logo\\\/image\\\/\",\"url\":\"https:\\\/\\\/schweizversand.ch\\\/wp-content\\\/uploads\\\/2026\\\/03\\\/Logo_Rund_Final-1.png\",\"contentUrl\":\"https:\\\/\\\/schweizversand.ch\\\/wp-content\\\/uploads\\\/2026\\\/03\\\/Logo_Rund_Final-1.png\",\"width\":404,\"height\":404,\"caption\":\"Schweizversand.ch\"},\"image\":{\"@id\":\"https:\\\/\\\/schweizversand.ch\\\/fr\\\/#\\\/schema\\\/logo\\\/image\\\/\"},\"sameAs\":[\"https:\\\/\\\/www.facebook.com\\\/Schweizversand\",\"https:\\\/\\\/www.instagram.com\\\/schweizversand.ch\\\/\"]}]}<\/script>\n<!-- \/ Yoast SEO plugin. -->","yoast_head_json":{"title":"Hudora 1 Wheel Alu Core inkl. Chrom-Kugellager 100mm gold | Jetzt kaufen | Schweizversand.ch","description":"Hudora 1 Wheel Alu Core inkl. Chrom-Kugellager 100mm gold g\u00fcnstig kaufen bei Schweizversand.ch. Schnelle Lieferung in der Schweiz. Gratisversand ab CHF 50.","robots":{"index":"index","follow":"follow","max-snippet":"max-snippet:-1","max-image-preview":"max-image-preview:large","max-video-preview":"max-video-preview:-1"},"canonical":"https:\/\/schweizversand.ch\/fr\/produkt\/hudora-1-wheel-alu-core-inkl-chrom-kugellager-100mm-gold\/","og_locale":"fr_FR","og_type":"article","og_title":"Hudora 1 Wheel Alu Core inkl. Chrom-Kugellager 100mm gold | Jetzt kaufen | Schweizversand.ch","og_description":"Hudora 1 Wheel Alu Core inkl. Chrom-Kugellager 100mm gold g\u00fcnstig kaufen bei Schweizversand.ch. Schnelle Lieferung in der Schweiz. Gratisversand ab CHF 50.","og_url":"https:\/\/schweizversand.ch\/fr\/produkt\/hudora-1-wheel-alu-core-inkl-chrom-kugellager-100mm-gold\/","og_site_name":"Schweizer Shop f\u00fcr Sport, Spiel und Freizeit","article_publisher":"https:\/\/www.facebook.com\/Schweizversand","article_modified_time":"2026-04-20T13:34:09+00:00","og_image":[{"width":1024,"height":988,"url":"https:\/\/schweizversand.ch\/wp-content\/uploads\/2026\/02\/5471472670.jpg","type":"image\/jpeg"}],"twitter_card":"summary_large_image","schema":{"@context":"https:\/\/schema.org","@graph":[{"@type":"WebPage","@id":"https:\/\/schweizversand.ch\/fr\/produkt\/hudora-1-wheel-alu-core-inkl-chrom-kugellager-100mm-gold\/","url":"https:\/\/schweizversand.ch\/fr\/produkt\/hudora-1-wheel-alu-core-inkl-chrom-kugellager-100mm-gold\/","name":"Hudora 1 Wheel Alu Core inkl. Chrom-Kugellager 100mm gold | Jetzt kaufen | Schweizversand.ch","isPartOf":{"@id":"https:\/\/schweizversand.ch\/fr\/#website"},"primaryImageOfPage":{"@id":"https:\/\/schweizversand.ch\/fr\/produkt\/hudora-1-wheel-alu-core-inkl-chrom-kugellager-100mm-gold\/#primaryimage"},"image":{"@id":"https:\/\/schweizversand.ch\/fr\/produkt\/hudora-1-wheel-alu-core-inkl-chrom-kugellager-100mm-gold\/#primaryimage"},"thumbnailUrl":"https:\/\/schweizversand.ch\/wp-content\/uploads\/2026\/02\/5471472670.jpg","datePublished":"2026-03-14T23:54:51+00:00","dateModified":"2026-04-20T13:34:09+00:00","description":"Hudora 1 Wheel Alu Core inkl. Chrom-Kugellager 100mm gold g\u00fcnstig kaufen bei Schweizversand.ch. Schnelle Lieferung in der Schweiz. Gratisversand ab CHF 50.","breadcrumb":{"@id":"https:\/\/schweizversand.ch\/fr\/produkt\/hudora-1-wheel-alu-core-inkl-chrom-kugellager-100mm-gold\/#breadcrumb"},"inLanguage":"fr-FR","potentialAction":[{"@type":"ReadAction","target":["https:\/\/schweizversand.ch\/fr\/produkt\/hudora-1-wheel-alu-core-inkl-chrom-kugellager-100mm-gold\/"]}]},{"@type":"ImageObject","inLanguage":"fr-FR","@id":"https:\/\/schweizversand.ch\/fr\/produkt\/hudora-1-wheel-alu-core-inkl-chrom-kugellager-100mm-gold\/#primaryimage","url":"https:\/\/schweizversand.ch\/wp-content\/uploads\/2026\/02\/5471472670.jpg","contentUrl":"https:\/\/schweizversand.ch\/wp-content\/uploads\/2026\/02\/5471472670.jpg","width":1024,"height":988},{"@type":"BreadcrumbList","@id":"https:\/\/schweizversand.ch\/fr\/produkt\/hudora-1-wheel-alu-core-inkl-chrom-kugellager-100mm-gold\/#breadcrumb","itemListElement":[{"@type":"ListItem","position":1,"name":"Startseite","item":"https:\/\/schweizversand.ch\/fr\/home\/"},{"@type":"ListItem","position":2,"name":"Boutique","item":"https:\/\/schweizversand.ch\/fr\/boutique\/"},{"@type":"ListItem","position":3,"name":"Pi\u00e8ces d\u00e9tach\u00e9es","item":"https:\/\/schweizversand.ch\/fr\/produkt-kategorie\/pieces-detachees\/"},{"@type":"ListItem","position":4,"name":"Hudora","item":"https:\/\/schweizversand.ch\/fr\/produkt-kategorie\/pieces-detachees\/hudora\/"},{"@type":"ListItem","position":5,"name":"Scooter","item":"https:\/\/schweizversand.ch\/fr\/produkt-kategorie\/pieces-detachees\/hudora\/scooter\/"},{"@type":"ListItem","position":6,"name":"Roue Hudora 1 Alu Core avec roulements \u00e0 billes chrom\u00e9s 100 mm or"}]},{"@type":"WebSite","@id":"https:\/\/schweizversand.ch\/fr\/#website","url":"https:\/\/schweizversand.ch\/fr\/","name":"Schweizer Shop f\u00fcr Sport, Spiel und Freizeit","description":"Gratisversand ab 50.- (netto), ab eigenem schweizer Lager, Lieferung innert 48h","publisher":{"@id":"https:\/\/schweizversand.ch\/fr\/#organization"},"alternateName":"Schweizversand.ch","potentialAction":[{"@type":"SearchAction","target":{"@type":"EntryPoint","urlTemplate":"https:\/\/schweizversand.ch\/fr\/?s={search_term_string}"},"query-input":{"@type":"PropertyValueSpecification","valueRequired":true,"valueName":"search_term_string"}}],"inLanguage":"fr-FR"},{"@type":"Organization","@id":"https:\/\/schweizversand.ch\/fr\/#organization","name":"Schweizversand.ch","url":"https:\/\/schweizversand.ch\/fr\/","logo":{"@type":"ImageObject","inLanguage":"fr-FR","@id":"https:\/\/schweizversand.ch\/fr\/#\/schema\/logo\/image\/","url":"https:\/\/schweizversand.ch\/wp-content\/uploads\/2026\/03\/Logo_Rund_Final-1.png","contentUrl":"https:\/\/schweizversand.ch\/wp-content\/uploads\/2026\/03\/Logo_Rund_Final-1.png","width":404,"height":404,"caption":"Schweizversand.ch"},"image":{"@id":"https:\/\/schweizversand.ch\/fr\/#\/schema\/logo\/image\/"},"sameAs":["https:\/\/www.facebook.com\/Schweizversand","https:\/\/www.instagram.com\/schweizversand.ch\/"]}]}},"jetpack_sharing_enabled":true,"_links":{"self":[{"href":"https:\/\/schweizversand.ch\/fr\/wp-json\/wp\/v2\/product\/253699","targetHints":{"allow":["GET"]}}],"collection":[{"href":"https:\/\/schweizversand.ch\/fr\/wp-json\/wp\/v2\/product"}],"about":[{"href":"https:\/\/schweizversand.ch\/fr\/wp-json\/wp\/v2\/types\/product"}],"replies":[{"embeddable":true,"href":"https:\/\/schweizversand.ch\/fr\/wp-json\/wp\/v2\/comments?post=253699"}],"wp:featuredmedia":[{"embeddable":true,"href":"https:\/\/schweizversand.ch\/fr\/wp-json\/wp\/v2\/media\/159279"}],"wp:attachment":[{"href":"https:\/\/schweizversand.ch\/fr\/wp-json\/wp\/v2\/media?parent=253699"}],"wp:term":[{"taxonomy":"product_brand","embeddable":true,"href":"https:\/\/schweizversand.ch\/fr\/wp-json\/wp\/v2\/product_brand?post=253699"},{"taxonomy":"product_cat","embeddable":true,"href":"https:\/\/schweizversand.ch\/fr\/wp-json\/wp\/v2\/product_cat?post=253699"},{"taxonomy":"product_tag","embeddable":true,"href":"https:\/\/schweizversand.ch\/fr\/wp-json\/wp\/v2\/product_tag?post=253699"}],"curies":[{"name":"wp","href":"https:\/\/api.w.org\/{rel}","templated":true}]}}