{"id":253740,"date":"2026-03-15T00:55:25","date_gmt":"2026-03-14T23:55:25","guid":{"rendered":"https:\/\/schweizversand.ch\/produkt\/aqua-marina-fiberglas-kayak-paddel-kp-2\/"},"modified":"2026-04-07T15:34:12","modified_gmt":"2026-04-07T13:34:12","slug":"aqua-marina-fiberglas-kayak-paddel-kp-2","status":"publish","type":"product","link":"https:\/\/schweizversand.ch\/fr\/produkt\/aqua-marina-fiberglas-kayak-paddel-kp-2\/","title":{"rendered":"Pagaie de kayak en fibre de verre Aqua Marina KP-2"},"content":{"rendered":"<p>La pagaie de kayak KP-2 est une pagaie haut de gamme sp\u00e9cialement con\u00e7ue pour le kayak. Voici quelques-unes de ses principales caract\u00e9ristiques\u00a0:<\/p>\n<\/p>\n<p>\u2022 Mat\u00e9riau\u00a0: Fabriqu\u00e9e \u00e0 100\u00a0% en fibre de verre, la pagaie est \u00e0 la fois l\u00e9g\u00e8re et robuste. Ce mat\u00e9riau est reconnu pour sa durabilit\u00e9 et ses performances dans l\u2019eau.<\/p>\n<\/p>\n<p>\u2022 Diam\u00e8tre\u00a0: Le manche de la pagaie a un diam\u00e8tre de 29\u00a0mm, offrant une prise en main confortable et une propulsion efficace.<\/p>\n<\/p>\n<p>\u2022 Mat\u00e9riau des pales\u00a0: Les pales sont fabriqu\u00e9es \u00e0 100\u00a0% en polycarbonate (PC), un mat\u00e9riau solide et durable, id\u00e9al pour le contact avec l\u2019eau.<\/p>\n<\/p>\n<p>\u2022 Dimensions\u00a0: La longueur totale de la pagaie est comprise entre 230\u00a0cm et 240\u00a0cm (soit 90,6\u00a0pouces \u00e0 94,5\u00a0pouces). La pale mesure 53\u00a0cm de long et 16,5\u00a0cm de large.<\/p>\n<\/p>\n<p>\u2022 D\u00e9montable en 4\u00a0parties\u00a0: La pagaie de kayak KP-2 se d\u00e9monte en quatre parties, ce qui la rend extr\u00eamement pratique \u00e0 transporter et \u00e0 ranger. Cette conception permet un transport ais\u00e9, m\u00eame dans les espaces restreints.<\/p>\n<\/p>\n<p>\u2022 Poids : Avec ses 1180 g, la pagaie KP-2 est suffisamment l\u00e9g\u00e8re pour pagayer confortablement sur de longues distances sans fatigue.<\/p>\n<\/p>\n<p>Elle offre un excellent compromis entre l\u00e9g\u00e8ret\u00e9 et robustesse, ce qui en fait un choix id\u00e9al pour les kayakistes de tous niveaux. Son format pliable la rend \u00e9galement parfaite pour les voyages et le transport. Elle permet une navigation efficace.<\/p>\n","protected":false},"excerpt":{"rendered":"<p>La pagaie de kayak KP-2 est une pagaie haut de gamme sp\u00e9cialement con\u00e7ue pour le kayak. Voici quelques-unes de ses principales caract\u00e9ristiques\u00a0: \u2022 Mat\u00e9riau\u00a0: Fabriqu\u00e9e \u00e0 100\u00a0% en fibre de verre, la pagaie est \u00e0 la fois l\u00e9g\u00e8re et robuste. Ce mat\u00e9riau est reconnu pour sa durabilit\u00e9 et ses performances dans l\u2019eau. \u2022 Diam\u00e8tre\u00a0: Le manche de la pagaie a un diam\u00e8tre de 29\u00a0mm, offrant une prise en main confortable et une propulsion efficace. \u2022&hellip;<\/p>\n","protected":false},"featured_media":230147,"comment_status":"open","ping_status":"closed","template":"","meta":[],"product_brand":[],"product_cat":[38855,39050],"product_tag":[],"class_list":{"0":"post-253740","1":"product","2":"type-product","3":"status-publish","4":"has-post-thumbnail","6":"product_cat-boote-kajak","7":"product_cat-kayaks","8":"product_shipping_class-global_methods","10":"first","11":"instock","12":"taxable","13":"shipping-taxable","14":"purchasable","15":"product-type-simple"},"yoast_head":"<!-- This site is optimized with the Yoast SEO plugin v27.3 - https:\/\/yoast.com\/product\/yoast-seo-wordpress\/ -->\n<title>Aqua Marina Fiberglas Kayak Paddel KP-2 | Jetzt kaufen | Schweizversand.ch<\/title>\n<meta name=\"description\" content=\"Aqua Marina Fiberglas Kayak Paddel KP-2 g\u00fcnstig kaufen bei Schweizversand.ch. Schnelle Lieferung in der Schweiz. Gratisversand ab CHF 50.\" \/>\n<meta name=\"robots\" content=\"index, follow, max-snippet:-1, max-image-preview:large, max-video-preview:-1\" \/>\n<link rel=\"canonical\" href=\"https:\/\/schweizversand.ch\/fr\/produkt\/aqua-marina-fiberglas-kayak-paddel-kp-2\/\" \/>\n<meta property=\"og:locale\" content=\"fr_FR\" \/>\n<meta property=\"og:type\" content=\"article\" \/>\n<meta property=\"og:title\" content=\"Aqua Marina Fiberglas Kayak Paddel KP-2 | Jetzt kaufen | Schweizversand.ch\" \/>\n<meta property=\"og:description\" content=\"Aqua Marina Fiberglas Kayak Paddel KP-2 g\u00fcnstig kaufen bei Schweizversand.ch. Schnelle Lieferung in der Schweiz. Gratisversand ab CHF 50.\" \/>\n<meta property=\"og:url\" content=\"https:\/\/schweizversand.ch\/fr\/produkt\/aqua-marina-fiberglas-kayak-paddel-kp-2\/\" \/>\n<meta property=\"og:site_name\" content=\"Schweizer Shop f\u00fcr Sport, Spiel und Freizeit\" \/>\n<meta property=\"article:publisher\" content=\"https:\/\/www.facebook.com\/Schweizversand\" \/>\n<meta property=\"article:modified_time\" content=\"2026-04-07T13:34:12+00:00\" \/>\n<meta property=\"og:image\" content=\"https:\/\/schweizversand.ch\/wp-content\/uploads\/2026\/03\/5471700131.png\" \/>\n\t<meta property=\"og:image:width\" content=\"72\" \/>\n\t<meta property=\"og:image:height\" content=\"1024\" \/>\n\t<meta property=\"og:image:type\" content=\"image\/png\" \/>\n<meta name=\"twitter:card\" content=\"summary_large_image\" \/>\n<meta name=\"twitter:label1\" content=\"Dur\u00e9e de lecture estim\u00e9e\" \/>\n\t<meta name=\"twitter:data1\" content=\"1 minute\" \/>\n<script type=\"application\/ld+json\" class=\"yoast-schema-graph\">{\"@context\":\"https:\\\/\\\/schema.org\",\"@graph\":[{\"@type\":\"WebPage\",\"@id\":\"https:\\\/\\\/schweizversand.ch\\\/fr\\\/produkt\\\/aqua-marina-fiberglas-kayak-paddel-kp-2\\\/\",\"url\":\"https:\\\/\\\/schweizversand.ch\\\/fr\\\/produkt\\\/aqua-marina-fiberglas-kayak-paddel-kp-2\\\/\",\"name\":\"Aqua Marina Fiberglas Kayak Paddel KP-2 | Jetzt kaufen | Schweizversand.ch\",\"isPartOf\":{\"@id\":\"https:\\\/\\\/schweizversand.ch\\\/fr\\\/#website\"},\"primaryImageOfPage\":{\"@id\":\"https:\\\/\\\/schweizversand.ch\\\/fr\\\/produkt\\\/aqua-marina-fiberglas-kayak-paddel-kp-2\\\/#primaryimage\"},\"image\":{\"@id\":\"https:\\\/\\\/schweizversand.ch\\\/fr\\\/produkt\\\/aqua-marina-fiberglas-kayak-paddel-kp-2\\\/#primaryimage\"},\"thumbnailUrl\":\"https:\\\/\\\/schweizversand.ch\\\/wp-content\\\/uploads\\\/2026\\\/03\\\/5471700131.png\",\"datePublished\":\"2026-03-14T23:55:25+00:00\",\"dateModified\":\"2026-04-07T13:34:12+00:00\",\"description\":\"Aqua Marina Fiberglas Kayak Paddel KP-2 g\u00fcnstig kaufen bei Schweizversand.ch. Schnelle Lieferung in der Schweiz. Gratisversand ab CHF 50.\",\"breadcrumb\":{\"@id\":\"https:\\\/\\\/schweizversand.ch\\\/fr\\\/produkt\\\/aqua-marina-fiberglas-kayak-paddel-kp-2\\\/#breadcrumb\"},\"inLanguage\":\"fr-FR\",\"potentialAction\":[{\"@type\":\"ReadAction\",\"target\":[\"https:\\\/\\\/schweizversand.ch\\\/fr\\\/produkt\\\/aqua-marina-fiberglas-kayak-paddel-kp-2\\\/\"]}]},{\"@type\":\"ImageObject\",\"inLanguage\":\"fr-FR\",\"@id\":\"https:\\\/\\\/schweizversand.ch\\\/fr\\\/produkt\\\/aqua-marina-fiberglas-kayak-paddel-kp-2\\\/#primaryimage\",\"url\":\"https:\\\/\\\/schweizversand.ch\\\/wp-content\\\/uploads\\\/2026\\\/03\\\/5471700131.png\",\"contentUrl\":\"https:\\\/\\\/schweizversand.ch\\\/wp-content\\\/uploads\\\/2026\\\/03\\\/5471700131.png\",\"width\":72,\"height\":1024},{\"@type\":\"BreadcrumbList\",\"@id\":\"https:\\\/\\\/schweizversand.ch\\\/fr\\\/produkt\\\/aqua-marina-fiberglas-kayak-paddel-kp-2\\\/#breadcrumb\",\"itemListElement\":[{\"@type\":\"ListItem\",\"position\":1,\"name\":\"Startseite\",\"item\":\"https:\\\/\\\/schweizversand.ch\\\/fr\\\/\"},{\"@type\":\"ListItem\",\"position\":2,\"name\":\"Boutique\",\"item\":\"https:\\\/\\\/schweizversand.ch\\\/fr\\\/boutique\\\/\"},{\"@type\":\"ListItem\",\"position\":3,\"name\":\"Pagaie de kayak en fibre de verre Aqua Marina KP-2\"}]},{\"@type\":\"WebSite\",\"@id\":\"https:\\\/\\\/schweizversand.ch\\\/fr\\\/#website\",\"url\":\"https:\\\/\\\/schweizversand.ch\\\/fr\\\/\",\"name\":\"Schweizer Shop f\u00fcr Sport, Spiel und Freizeit\",\"description\":\"Gratisversand ab 50.- (netto), ab eigenem schweizer Lager, Lieferung innert 48h\",\"publisher\":{\"@id\":\"https:\\\/\\\/schweizversand.ch\\\/fr\\\/#organization\"},\"alternateName\":\"Schweizversand.ch\",\"potentialAction\":[{\"@type\":\"SearchAction\",\"target\":{\"@type\":\"EntryPoint\",\"urlTemplate\":\"https:\\\/\\\/schweizversand.ch\\\/fr\\\/?s={search_term_string}\"},\"query-input\":{\"@type\":\"PropertyValueSpecification\",\"valueRequired\":true,\"valueName\":\"search_term_string\"}}],\"inLanguage\":\"fr-FR\"},{\"@type\":\"Organization\",\"@id\":\"https:\\\/\\\/schweizversand.ch\\\/fr\\\/#organization\",\"name\":\"Schweizversand.ch\",\"url\":\"https:\\\/\\\/schweizversand.ch\\\/fr\\\/\",\"logo\":{\"@type\":\"ImageObject\",\"inLanguage\":\"fr-FR\",\"@id\":\"https:\\\/\\\/schweizversand.ch\\\/fr\\\/#\\\/schema\\\/logo\\\/image\\\/\",\"url\":\"https:\\\/\\\/schweizversand.ch\\\/wp-content\\\/uploads\\\/2026\\\/03\\\/Logo_Rund_Final-1.png\",\"contentUrl\":\"https:\\\/\\\/schweizversand.ch\\\/wp-content\\\/uploads\\\/2026\\\/03\\\/Logo_Rund_Final-1.png\",\"width\":404,\"height\":404,\"caption\":\"Schweizversand.ch\"},\"image\":{\"@id\":\"https:\\\/\\\/schweizversand.ch\\\/fr\\\/#\\\/schema\\\/logo\\\/image\\\/\"},\"sameAs\":[\"https:\\\/\\\/www.facebook.com\\\/Schweizversand\",\"https:\\\/\\\/www.instagram.com\\\/schweizversand.ch\\\/\"]}]}<\/script>\n<!-- \/ Yoast SEO plugin. -->","yoast_head_json":{"title":"Aqua Marina Fiberglas Kayak Paddel KP-2 | Jetzt kaufen | Schweizversand.ch","description":"Aqua Marina Fiberglas Kayak Paddel KP-2 g\u00fcnstig kaufen bei Schweizversand.ch. Schnelle Lieferung in der Schweiz. Gratisversand ab CHF 50.","robots":{"index":"index","follow":"follow","max-snippet":"max-snippet:-1","max-image-preview":"max-image-preview:large","max-video-preview":"max-video-preview:-1"},"canonical":"https:\/\/schweizversand.ch\/fr\/produkt\/aqua-marina-fiberglas-kayak-paddel-kp-2\/","og_locale":"fr_FR","og_type":"article","og_title":"Aqua Marina Fiberglas Kayak Paddel KP-2 | Jetzt kaufen | Schweizversand.ch","og_description":"Aqua Marina Fiberglas Kayak Paddel KP-2 g\u00fcnstig kaufen bei Schweizversand.ch. Schnelle Lieferung in der Schweiz. Gratisversand ab CHF 50.","og_url":"https:\/\/schweizversand.ch\/fr\/produkt\/aqua-marina-fiberglas-kayak-paddel-kp-2\/","og_site_name":"Schweizer Shop f\u00fcr Sport, Spiel und Freizeit","article_publisher":"https:\/\/www.facebook.com\/Schweizversand","article_modified_time":"2026-04-07T13:34:12+00:00","og_image":[{"width":72,"height":1024,"url":"https:\/\/schweizversand.ch\/wp-content\/uploads\/2026\/03\/5471700131.png","type":"image\/png"}],"twitter_card":"summary_large_image","twitter_misc":{"Dur\u00e9e de lecture estim\u00e9e":"1 minute"},"schema":{"@context":"https:\/\/schema.org","@graph":[{"@type":"WebPage","@id":"https:\/\/schweizversand.ch\/fr\/produkt\/aqua-marina-fiberglas-kayak-paddel-kp-2\/","url":"https:\/\/schweizversand.ch\/fr\/produkt\/aqua-marina-fiberglas-kayak-paddel-kp-2\/","name":"Aqua Marina Fiberglas Kayak Paddel KP-2 | Jetzt kaufen | Schweizversand.ch","isPartOf":{"@id":"https:\/\/schweizversand.ch\/fr\/#website"},"primaryImageOfPage":{"@id":"https:\/\/schweizversand.ch\/fr\/produkt\/aqua-marina-fiberglas-kayak-paddel-kp-2\/#primaryimage"},"image":{"@id":"https:\/\/schweizversand.ch\/fr\/produkt\/aqua-marina-fiberglas-kayak-paddel-kp-2\/#primaryimage"},"thumbnailUrl":"https:\/\/schweizversand.ch\/wp-content\/uploads\/2026\/03\/5471700131.png","datePublished":"2026-03-14T23:55:25+00:00","dateModified":"2026-04-07T13:34:12+00:00","description":"Aqua Marina Fiberglas Kayak Paddel KP-2 g\u00fcnstig kaufen bei Schweizversand.ch. Schnelle Lieferung in der Schweiz. Gratisversand ab CHF 50.","breadcrumb":{"@id":"https:\/\/schweizversand.ch\/fr\/produkt\/aqua-marina-fiberglas-kayak-paddel-kp-2\/#breadcrumb"},"inLanguage":"fr-FR","potentialAction":[{"@type":"ReadAction","target":["https:\/\/schweizversand.ch\/fr\/produkt\/aqua-marina-fiberglas-kayak-paddel-kp-2\/"]}]},{"@type":"ImageObject","inLanguage":"fr-FR","@id":"https:\/\/schweizversand.ch\/fr\/produkt\/aqua-marina-fiberglas-kayak-paddel-kp-2\/#primaryimage","url":"https:\/\/schweizversand.ch\/wp-content\/uploads\/2026\/03\/5471700131.png","contentUrl":"https:\/\/schweizversand.ch\/wp-content\/uploads\/2026\/03\/5471700131.png","width":72,"height":1024},{"@type":"BreadcrumbList","@id":"https:\/\/schweizversand.ch\/fr\/produkt\/aqua-marina-fiberglas-kayak-paddel-kp-2\/#breadcrumb","itemListElement":[{"@type":"ListItem","position":1,"name":"Startseite","item":"https:\/\/schweizversand.ch\/fr\/"},{"@type":"ListItem","position":2,"name":"Boutique","item":"https:\/\/schweizversand.ch\/fr\/boutique\/"},{"@type":"ListItem","position":3,"name":"Pagaie de kayak en fibre de verre Aqua Marina KP-2"}]},{"@type":"WebSite","@id":"https:\/\/schweizversand.ch\/fr\/#website","url":"https:\/\/schweizversand.ch\/fr\/","name":"Schweizer Shop f\u00fcr Sport, Spiel und Freizeit","description":"Gratisversand ab 50.- (netto), ab eigenem schweizer Lager, Lieferung innert 48h","publisher":{"@id":"https:\/\/schweizversand.ch\/fr\/#organization"},"alternateName":"Schweizversand.ch","potentialAction":[{"@type":"SearchAction","target":{"@type":"EntryPoint","urlTemplate":"https:\/\/schweizversand.ch\/fr\/?s={search_term_string}"},"query-input":{"@type":"PropertyValueSpecification","valueRequired":true,"valueName":"search_term_string"}}],"inLanguage":"fr-FR"},{"@type":"Organization","@id":"https:\/\/schweizversand.ch\/fr\/#organization","name":"Schweizversand.ch","url":"https:\/\/schweizversand.ch\/fr\/","logo":{"@type":"ImageObject","inLanguage":"fr-FR","@id":"https:\/\/schweizversand.ch\/fr\/#\/schema\/logo\/image\/","url":"https:\/\/schweizversand.ch\/wp-content\/uploads\/2026\/03\/Logo_Rund_Final-1.png","contentUrl":"https:\/\/schweizversand.ch\/wp-content\/uploads\/2026\/03\/Logo_Rund_Final-1.png","width":404,"height":404,"caption":"Schweizversand.ch"},"image":{"@id":"https:\/\/schweizversand.ch\/fr\/#\/schema\/logo\/image\/"},"sameAs":["https:\/\/www.facebook.com\/Schweizversand","https:\/\/www.instagram.com\/schweizversand.ch\/"]}]}},"jetpack_sharing_enabled":true,"_links":{"self":[{"href":"https:\/\/schweizversand.ch\/fr\/wp-json\/wp\/v2\/product\/253740","targetHints":{"allow":["GET"]}}],"collection":[{"href":"https:\/\/schweizversand.ch\/fr\/wp-json\/wp\/v2\/product"}],"about":[{"href":"https:\/\/schweizversand.ch\/fr\/wp-json\/wp\/v2\/types\/product"}],"replies":[{"embeddable":true,"href":"https:\/\/schweizversand.ch\/fr\/wp-json\/wp\/v2\/comments?post=253740"}],"wp:featuredmedia":[{"embeddable":true,"href":"https:\/\/schweizversand.ch\/fr\/wp-json\/wp\/v2\/media\/230147"}],"wp:attachment":[{"href":"https:\/\/schweizversand.ch\/fr\/wp-json\/wp\/v2\/media?parent=253740"}],"wp:term":[{"taxonomy":"product_brand","embeddable":true,"href":"https:\/\/schweizversand.ch\/fr\/wp-json\/wp\/v2\/product_brand?post=253740"},{"taxonomy":"product_cat","embeddable":true,"href":"https:\/\/schweizversand.ch\/fr\/wp-json\/wp\/v2\/product_cat?post=253740"},{"taxonomy":"product_tag","embeddable":true,"href":"https:\/\/schweizversand.ch\/fr\/wp-json\/wp\/v2\/product_tag?post=253740"}],"curies":[{"name":"wp","href":"https:\/\/api.w.org\/{rel}","templated":true}]}}