{"id":253748,"date":"2026-03-15T00:55:26","date_gmt":"2026-03-14T23:55:26","guid":{"rendered":"https:\/\/schweizversand.ch\/produkt\/aqua-marina-kp-1-aluminum-kayak-paddle-4-sections\/"},"modified":"2026-04-07T02:04:48","modified_gmt":"2026-04-07T00:04:48","slug":"aqua-marina-kp-1-aluminum-kayak-paddle-4-sections","status":"publish","type":"product","link":"https:\/\/schweizversand.ch\/fr\/produkt\/aqua-marina-kp-1-aluminum-kayak-paddle-4-sections\/","title":{"rendered":"Pagaie de kayak en aluminium Aqua Marina KP-1 (4 sections)"},"content":{"rendered":"<p>Pour tous les passionn\u00e9s de kayak, mais aussi comme accessoire pour les planches de stand-up paddle ou les embarcations gonflables. Gr\u00e2ce \u00e0 sa conception en quatre parties, cette pagaie est particuli\u00e8rement facile \u00e0 transporter.<\/p>\n<\/p>\n<p>D\u00e9tails\u00a0:<\/p>\n<\/p>\n<p>\u2022 MANCHE\u00a0: Aluminium. Diam\u00e8tre\u00a0: 29\u00a0mm<\/p>\n<\/p>\n<p>\u2022 2\u00a0pales<\/p>\n<\/p>\n<p>\u2022 Mat\u00e9riau des pales\u00a0: 85\u00a0% polypropyl\u00e8ne + 15\u00a0% fibre de verre<\/p>\n<\/p>\n<p>\u2022 LONGUEUR\u00a0: 230\u00a0cm (en 4\u00a0parties)<\/p>\n<\/p>\n<p>\u2022 POIDS\u00a0: 1050\u00a0g<\/p>\n","protected":false},"excerpt":{"rendered":"<p>Pour tous les passionn\u00e9s de kayak, mais aussi comme accessoire pour les planches de stand-up paddle ou les embarcations gonflables. Gr\u00e2ce \u00e0 sa conception en quatre parties, cette pagaie est particuli\u00e8rement facile \u00e0 transporter. D\u00e9tails\u00a0: \u2022 MANCHE\u00a0: Aluminium. Diam\u00e8tre\u00a0: 29\u00a0mm \u2022 2\u00a0pales \u2022 Mat\u00e9riau des pales\u00a0: 85\u00a0% polypropyl\u00e8ne + 15\u00a0% fibre de verre \u2022 LONGUEUR\u00a0: 230\u00a0cm (en 4\u00a0parties) \u2022 POIDS\u00a0: 1050\u00a0g<\/p>\n","protected":false},"featured_media":230190,"comment_status":"open","ping_status":"closed","template":"","meta":[],"product_brand":[],"product_cat":[38855,39050],"product_tag":[],"class_list":{"0":"post-253748","1":"product","2":"type-product","3":"status-publish","4":"has-post-thumbnail","6":"product_cat-boote-kajak","7":"product_cat-kayaks","8":"product_shipping_class-global_methods","10":"first","11":"instock","12":"taxable","13":"shipping-taxable","14":"purchasable","15":"product-type-simple"},"yoast_head":"<!-- This site is optimized with the Yoast SEO plugin v27.3 - https:\/\/yoast.com\/product\/yoast-seo-wordpress\/ -->\n<title>Aqua Marina KP-1 Aluminum Kayak Paddle (4 sections) | Jetzt kaufen | Schweizversand.ch<\/title>\n<meta name=\"description\" content=\"Aqua Marina KP-1 Aluminum Kayak Paddle (4 sections) g\u00fcnstig kaufen bei Schweizversand.ch. Schnelle Lieferung in der Schweiz. Gratisversand ab CHF 50.\" \/>\n<meta name=\"robots\" content=\"index, follow, max-snippet:-1, max-image-preview:large, max-video-preview:-1\" \/>\n<link rel=\"canonical\" href=\"https:\/\/schweizversand.ch\/fr\/produkt\/aqua-marina-kp-1-aluminum-kayak-paddle-4-sections\/\" \/>\n<meta property=\"og:locale\" content=\"fr_FR\" \/>\n<meta property=\"og:type\" content=\"article\" \/>\n<meta property=\"og:title\" content=\"Aqua Marina KP-1 Aluminum Kayak Paddle (4 sections) | Jetzt kaufen | Schweizversand.ch\" \/>\n<meta property=\"og:description\" content=\"Aqua Marina KP-1 Aluminum Kayak Paddle (4 sections) g\u00fcnstig kaufen bei Schweizversand.ch. Schnelle Lieferung in der Schweiz. Gratisversand ab CHF 50.\" \/>\n<meta property=\"og:url\" content=\"https:\/\/schweizversand.ch\/fr\/produkt\/aqua-marina-kp-1-aluminum-kayak-paddle-4-sections\/\" \/>\n<meta property=\"og:site_name\" content=\"Schweizer Shop f\u00fcr Sport, Spiel und Freizeit\" \/>\n<meta property=\"article:publisher\" content=\"https:\/\/www.facebook.com\/Schweizversand\" \/>\n<meta property=\"article:modified_time\" content=\"2026-04-07T00:04:48+00:00\" \/>\n<meta property=\"og:image\" content=\"https:\/\/schweizversand.ch\/wp-content\/uploads\/2026\/03\/5471545747.jpg\" \/>\n\t<meta property=\"og:image:width\" content=\"81\" \/>\n\t<meta property=\"og:image:height\" content=\"1024\" \/>\n\t<meta property=\"og:image:type\" content=\"image\/jpeg\" \/>\n<meta name=\"twitter:card\" content=\"summary_large_image\" \/>\n<script type=\"application\/ld+json\" class=\"yoast-schema-graph\">{\"@context\":\"https:\\\/\\\/schema.org\",\"@graph\":[{\"@type\":\"WebPage\",\"@id\":\"https:\\\/\\\/schweizversand.ch\\\/fr\\\/produkt\\\/aqua-marina-kp-1-aluminum-kayak-paddle-4-sections\\\/\",\"url\":\"https:\\\/\\\/schweizversand.ch\\\/fr\\\/produkt\\\/aqua-marina-kp-1-aluminum-kayak-paddle-4-sections\\\/\",\"name\":\"Aqua Marina KP-1 Aluminum Kayak Paddle (4 sections) | Jetzt kaufen | Schweizversand.ch\",\"isPartOf\":{\"@id\":\"https:\\\/\\\/schweizversand.ch\\\/fr\\\/#website\"},\"primaryImageOfPage\":{\"@id\":\"https:\\\/\\\/schweizversand.ch\\\/fr\\\/produkt\\\/aqua-marina-kp-1-aluminum-kayak-paddle-4-sections\\\/#primaryimage\"},\"image\":{\"@id\":\"https:\\\/\\\/schweizversand.ch\\\/fr\\\/produkt\\\/aqua-marina-kp-1-aluminum-kayak-paddle-4-sections\\\/#primaryimage\"},\"thumbnailUrl\":\"https:\\\/\\\/schweizversand.ch\\\/wp-content\\\/uploads\\\/2026\\\/03\\\/5471545747.jpg\",\"datePublished\":\"2026-03-14T23:55:26+00:00\",\"dateModified\":\"2026-04-07T00:04:48+00:00\",\"description\":\"Aqua Marina KP-1 Aluminum Kayak Paddle (4 sections) g\u00fcnstig kaufen bei Schweizversand.ch. Schnelle Lieferung in der Schweiz. Gratisversand ab CHF 50.\",\"breadcrumb\":{\"@id\":\"https:\\\/\\\/schweizversand.ch\\\/fr\\\/produkt\\\/aqua-marina-kp-1-aluminum-kayak-paddle-4-sections\\\/#breadcrumb\"},\"inLanguage\":\"fr-FR\",\"potentialAction\":[{\"@type\":\"ReadAction\",\"target\":[\"https:\\\/\\\/schweizversand.ch\\\/fr\\\/produkt\\\/aqua-marina-kp-1-aluminum-kayak-paddle-4-sections\\\/\"]}]},{\"@type\":\"ImageObject\",\"inLanguage\":\"fr-FR\",\"@id\":\"https:\\\/\\\/schweizversand.ch\\\/fr\\\/produkt\\\/aqua-marina-kp-1-aluminum-kayak-paddle-4-sections\\\/#primaryimage\",\"url\":\"https:\\\/\\\/schweizversand.ch\\\/wp-content\\\/uploads\\\/2026\\\/03\\\/5471545747.jpg\",\"contentUrl\":\"https:\\\/\\\/schweizversand.ch\\\/wp-content\\\/uploads\\\/2026\\\/03\\\/5471545747.jpg\",\"width\":81,\"height\":1024},{\"@type\":\"BreadcrumbList\",\"@id\":\"https:\\\/\\\/schweizversand.ch\\\/fr\\\/produkt\\\/aqua-marina-kp-1-aluminum-kayak-paddle-4-sections\\\/#breadcrumb\",\"itemListElement\":[{\"@type\":\"ListItem\",\"position\":1,\"name\":\"Startseite\",\"item\":\"https:\\\/\\\/schweizversand.ch\\\/fr\\\/\"},{\"@type\":\"ListItem\",\"position\":2,\"name\":\"Boutique\",\"item\":\"https:\\\/\\\/schweizversand.ch\\\/fr\\\/boutique\\\/\"},{\"@type\":\"ListItem\",\"position\":3,\"name\":\"Pagaie de kayak en aluminium Aqua Marina KP-1 (4 sections)\"}]},{\"@type\":\"WebSite\",\"@id\":\"https:\\\/\\\/schweizversand.ch\\\/fr\\\/#website\",\"url\":\"https:\\\/\\\/schweizversand.ch\\\/fr\\\/\",\"name\":\"Schweizer Shop f\u00fcr Sport, Spiel und Freizeit\",\"description\":\"Gratisversand ab 50.- (netto), ab eigenem schweizer Lager, Lieferung innert 48h\",\"publisher\":{\"@id\":\"https:\\\/\\\/schweizversand.ch\\\/fr\\\/#organization\"},\"alternateName\":\"Schweizversand.ch\",\"potentialAction\":[{\"@type\":\"SearchAction\",\"target\":{\"@type\":\"EntryPoint\",\"urlTemplate\":\"https:\\\/\\\/schweizversand.ch\\\/fr\\\/?s={search_term_string}\"},\"query-input\":{\"@type\":\"PropertyValueSpecification\",\"valueRequired\":true,\"valueName\":\"search_term_string\"}}],\"inLanguage\":\"fr-FR\"},{\"@type\":\"Organization\",\"@id\":\"https:\\\/\\\/schweizversand.ch\\\/fr\\\/#organization\",\"name\":\"Schweizversand.ch\",\"url\":\"https:\\\/\\\/schweizversand.ch\\\/fr\\\/\",\"logo\":{\"@type\":\"ImageObject\",\"inLanguage\":\"fr-FR\",\"@id\":\"https:\\\/\\\/schweizversand.ch\\\/fr\\\/#\\\/schema\\\/logo\\\/image\\\/\",\"url\":\"https:\\\/\\\/schweizversand.ch\\\/wp-content\\\/uploads\\\/2026\\\/03\\\/Logo_Rund_Final-1.png\",\"contentUrl\":\"https:\\\/\\\/schweizversand.ch\\\/wp-content\\\/uploads\\\/2026\\\/03\\\/Logo_Rund_Final-1.png\",\"width\":404,\"height\":404,\"caption\":\"Schweizversand.ch\"},\"image\":{\"@id\":\"https:\\\/\\\/schweizversand.ch\\\/fr\\\/#\\\/schema\\\/logo\\\/image\\\/\"},\"sameAs\":[\"https:\\\/\\\/www.facebook.com\\\/Schweizversand\",\"https:\\\/\\\/www.instagram.com\\\/schweizversand.ch\\\/\"]}]}<\/script>\n<!-- \/ Yoast SEO plugin. -->","yoast_head_json":{"title":"Aqua Marina KP-1 Aluminum Kayak Paddle (4 sections) | Jetzt kaufen | Schweizversand.ch","description":"Aqua Marina KP-1 Aluminum Kayak Paddle (4 sections) g\u00fcnstig kaufen bei Schweizversand.ch. Schnelle Lieferung in der Schweiz. Gratisversand ab CHF 50.","robots":{"index":"index","follow":"follow","max-snippet":"max-snippet:-1","max-image-preview":"max-image-preview:large","max-video-preview":"max-video-preview:-1"},"canonical":"https:\/\/schweizversand.ch\/fr\/produkt\/aqua-marina-kp-1-aluminum-kayak-paddle-4-sections\/","og_locale":"fr_FR","og_type":"article","og_title":"Aqua Marina KP-1 Aluminum Kayak Paddle (4 sections) | Jetzt kaufen | Schweizversand.ch","og_description":"Aqua Marina KP-1 Aluminum Kayak Paddle (4 sections) g\u00fcnstig kaufen bei Schweizversand.ch. Schnelle Lieferung in der Schweiz. Gratisversand ab CHF 50.","og_url":"https:\/\/schweizversand.ch\/fr\/produkt\/aqua-marina-kp-1-aluminum-kayak-paddle-4-sections\/","og_site_name":"Schweizer Shop f\u00fcr Sport, Spiel und Freizeit","article_publisher":"https:\/\/www.facebook.com\/Schweizversand","article_modified_time":"2026-04-07T00:04:48+00:00","og_image":[{"width":81,"height":1024,"url":"https:\/\/schweizversand.ch\/wp-content\/uploads\/2026\/03\/5471545747.jpg","type":"image\/jpeg"}],"twitter_card":"summary_large_image","schema":{"@context":"https:\/\/schema.org","@graph":[{"@type":"WebPage","@id":"https:\/\/schweizversand.ch\/fr\/produkt\/aqua-marina-kp-1-aluminum-kayak-paddle-4-sections\/","url":"https:\/\/schweizversand.ch\/fr\/produkt\/aqua-marina-kp-1-aluminum-kayak-paddle-4-sections\/","name":"Aqua Marina KP-1 Aluminum Kayak Paddle (4 sections) | Jetzt kaufen | Schweizversand.ch","isPartOf":{"@id":"https:\/\/schweizversand.ch\/fr\/#website"},"primaryImageOfPage":{"@id":"https:\/\/schweizversand.ch\/fr\/produkt\/aqua-marina-kp-1-aluminum-kayak-paddle-4-sections\/#primaryimage"},"image":{"@id":"https:\/\/schweizversand.ch\/fr\/produkt\/aqua-marina-kp-1-aluminum-kayak-paddle-4-sections\/#primaryimage"},"thumbnailUrl":"https:\/\/schweizversand.ch\/wp-content\/uploads\/2026\/03\/5471545747.jpg","datePublished":"2026-03-14T23:55:26+00:00","dateModified":"2026-04-07T00:04:48+00:00","description":"Aqua Marina KP-1 Aluminum Kayak Paddle (4 sections) g\u00fcnstig kaufen bei Schweizversand.ch. Schnelle Lieferung in der Schweiz. Gratisversand ab CHF 50.","breadcrumb":{"@id":"https:\/\/schweizversand.ch\/fr\/produkt\/aqua-marina-kp-1-aluminum-kayak-paddle-4-sections\/#breadcrumb"},"inLanguage":"fr-FR","potentialAction":[{"@type":"ReadAction","target":["https:\/\/schweizversand.ch\/fr\/produkt\/aqua-marina-kp-1-aluminum-kayak-paddle-4-sections\/"]}]},{"@type":"ImageObject","inLanguage":"fr-FR","@id":"https:\/\/schweizversand.ch\/fr\/produkt\/aqua-marina-kp-1-aluminum-kayak-paddle-4-sections\/#primaryimage","url":"https:\/\/schweizversand.ch\/wp-content\/uploads\/2026\/03\/5471545747.jpg","contentUrl":"https:\/\/schweizversand.ch\/wp-content\/uploads\/2026\/03\/5471545747.jpg","width":81,"height":1024},{"@type":"BreadcrumbList","@id":"https:\/\/schweizversand.ch\/fr\/produkt\/aqua-marina-kp-1-aluminum-kayak-paddle-4-sections\/#breadcrumb","itemListElement":[{"@type":"ListItem","position":1,"name":"Startseite","item":"https:\/\/schweizversand.ch\/fr\/"},{"@type":"ListItem","position":2,"name":"Boutique","item":"https:\/\/schweizversand.ch\/fr\/boutique\/"},{"@type":"ListItem","position":3,"name":"Pagaie de kayak en aluminium Aqua Marina KP-1 (4 sections)"}]},{"@type":"WebSite","@id":"https:\/\/schweizversand.ch\/fr\/#website","url":"https:\/\/schweizversand.ch\/fr\/","name":"Schweizer Shop f\u00fcr Sport, Spiel und Freizeit","description":"Gratisversand ab 50.- (netto), ab eigenem schweizer Lager, Lieferung innert 48h","publisher":{"@id":"https:\/\/schweizversand.ch\/fr\/#organization"},"alternateName":"Schweizversand.ch","potentialAction":[{"@type":"SearchAction","target":{"@type":"EntryPoint","urlTemplate":"https:\/\/schweizversand.ch\/fr\/?s={search_term_string}"},"query-input":{"@type":"PropertyValueSpecification","valueRequired":true,"valueName":"search_term_string"}}],"inLanguage":"fr-FR"},{"@type":"Organization","@id":"https:\/\/schweizversand.ch\/fr\/#organization","name":"Schweizversand.ch","url":"https:\/\/schweizversand.ch\/fr\/","logo":{"@type":"ImageObject","inLanguage":"fr-FR","@id":"https:\/\/schweizversand.ch\/fr\/#\/schema\/logo\/image\/","url":"https:\/\/schweizversand.ch\/wp-content\/uploads\/2026\/03\/Logo_Rund_Final-1.png","contentUrl":"https:\/\/schweizversand.ch\/wp-content\/uploads\/2026\/03\/Logo_Rund_Final-1.png","width":404,"height":404,"caption":"Schweizversand.ch"},"image":{"@id":"https:\/\/schweizversand.ch\/fr\/#\/schema\/logo\/image\/"},"sameAs":["https:\/\/www.facebook.com\/Schweizversand","https:\/\/www.instagram.com\/schweizversand.ch\/"]}]}},"jetpack_sharing_enabled":true,"_links":{"self":[{"href":"https:\/\/schweizversand.ch\/fr\/wp-json\/wp\/v2\/product\/253748","targetHints":{"allow":["GET"]}}],"collection":[{"href":"https:\/\/schweizversand.ch\/fr\/wp-json\/wp\/v2\/product"}],"about":[{"href":"https:\/\/schweizversand.ch\/fr\/wp-json\/wp\/v2\/types\/product"}],"replies":[{"embeddable":true,"href":"https:\/\/schweizversand.ch\/fr\/wp-json\/wp\/v2\/comments?post=253748"}],"wp:featuredmedia":[{"embeddable":true,"href":"https:\/\/schweizversand.ch\/fr\/wp-json\/wp\/v2\/media\/230190"}],"wp:attachment":[{"href":"https:\/\/schweizversand.ch\/fr\/wp-json\/wp\/v2\/media?parent=253748"}],"wp:term":[{"taxonomy":"product_brand","embeddable":true,"href":"https:\/\/schweizversand.ch\/fr\/wp-json\/wp\/v2\/product_brand?post=253748"},{"taxonomy":"product_cat","embeddable":true,"href":"https:\/\/schweizversand.ch\/fr\/wp-json\/wp\/v2\/product_cat?post=253748"},{"taxonomy":"product_tag","embeddable":true,"href":"https:\/\/schweizversand.ch\/fr\/wp-json\/wp\/v2\/product_tag?post=253748"}],"curies":[{"name":"wp","href":"https:\/\/api.w.org\/{rel}","templated":true}]}}