{"id":253749,"date":"2026-03-15T00:55:26","date_gmt":"2026-03-14T23:55:26","guid":{"rendered":"https:\/\/schweizversand.ch\/produkt\/aqua-marina-liquid-air-v3-dreifach-hochdruck-handpumpe\/"},"modified":"2026-04-19T02:04:01","modified_gmt":"2026-04-19T00:04:01","slug":"aqua-marina-liquid-air-v3-dreifach-hochdruck-handpumpe","status":"publish","type":"product","link":"https:\/\/schweizversand.ch\/fr\/produkt\/aqua-marina-liquid-air-v3-dreifach-hochdruck-handpumpe\/","title":{"rendered":"Pompe \u00e0 main triple haute pression Aqua Marina LIQUID AIR V3"},"content":{"rendered":"<h1><strong>Pompe SUP Aqua Marina LIQUID AIR V3<\/strong><\/h1>\n<div>La pompe \u00e0 main triple action Aqua Marina LIQUID AIR V3 est le nec plus ultra des pompes \u00e0 main, con\u00e7ue pour les passionn\u00e9s de sports nautiques les plus exigeants. Elle permet un gonflage rapide et sans effort des planches de SUP, kayaks et autres \u00e9quipements gonflables jusqu&rsquo;\u00e0 une pression impressionnante de 25 PSI. Profitez de son <strong>efficacit\u00e9 et de sa <strong>pr\u00e9cision<\/strong> pour passer plus de temps sur l&rsquo;eau.<\/p>\n<\/div>\n<div><strong>Performances et technologie sup\u00e9rieures<\/strong><br \/>Cette pompe haute pression de 25 PSI est dot\u00e9e d&rsquo;un mode triple action innovant. D&rsquo;une simple pression sur un bouton, vous pouvez passer du mode simple au mode double, puis au mode triple action, pour un gain de temps consid\u00e9rable. Avec une capacit\u00e9 de 3,2 + 3,2 litres, cette pompe SUP est extr\u00eamement efficace et gonfle votre planche en moins de 10 minutes. Vos avantages en un coup d&rsquo;\u0153il\u00a0: &#8211; Mode triple action\u00a0: commutation rapide pour une efficacit\u00e9 de gonflage maximale &#8211; Grande capacit\u00e9\u00a0: 3,2 + 3,2 litres pour un gonflage rapide &#8211; Large plage de pression\u00a0: 7 \u00e0 25\u00a0PSI, id\u00e9ale pour les applications haute pression telles que les SUP gonflables et l&rsquo;utilisation comme pompe \u00e0 kayak &#8211; Construction robuste\u00a0: tige en aluminium pour une durabilit\u00e9 et une stabilit\u00e9 maximales &#8211; Composants durables\u00a0: filtre \u00e0 sable int\u00e9gr\u00e9 et joints de haute qualit\u00e9 &#8211; Contr\u00f4le pr\u00e9cis\u00a0: manom\u00e8tre r\u00e9sistant aux chocs et facile \u00e0 lire pour un contr\u00f4le pr\u00e9cis de la pression<\/p>\n<\/div>\n<div><strong>Sp\u00e9cifications techniques<\/strong><br \/>&#8211; Dimensions\u00a0: 63 \u00d7 32,5 \u00d7 10,5\u00a0cm<br \/>&#8211; Mat\u00e9riaux\u00a0: aluminium, plastique<br \/>&#8211; Couleur\u00a0: rouge\/noir<br \/>&#8211; Compatibilit\u00e9\u00a0: SUP Aqua Marina et tous les raccords de pompe courants pour \u00e9quipements de sports nautiques gonflables<\/p>\n<\/div>\n<div>La pompe \u00e0 air liquide Aqua Marina LIQUID AIR V3 garantit un d\u00e9marrage rapide, s\u00fbr et fiable de votre aventure nautique. Investissez dans cette puissante <strong>pompe \u00e0 main triple<\/strong> et constatez la diff\u00e9rence en termes de confort et de rapidit\u00e9.<\/p>\n<\/div>\n<div>\n<\/div>\n","protected":false},"excerpt":{"rendered":"<p>Pompe SUP Aqua Marina LIQUID AIR V3 La pompe \u00e0 main triple action Aqua Marina LIQUID AIR V3 est le nec plus ultra des pompes \u00e0 main, con\u00e7ue pour les passionn\u00e9s de sports nautiques les plus exigeants. Elle permet un gonflage rapide et sans effort des planches de SUP, kayaks et autres \u00e9quipements gonflables jusqu&rsquo;\u00e0 une pression impressionnante de 25 PSI. Profitez de son efficacit\u00e9 et de sa pr\u00e9cision pour passer plus de temps sur&hellip;<\/p>\n","protected":false},"featured_media":160372,"comment_status":"open","ping_status":"closed","template":"","meta":[],"product_brand":[],"product_cat":[38827],"product_tag":[],"class_list":{"0":"post-253749","1":"product","2":"type-product","3":"status-publish","4":"has-post-thumbnail","6":"product_cat-stand-up-paddling","7":"product_shipping_class-global_methods","9":"first","10":"instock","11":"taxable","12":"shipping-taxable","13":"purchasable","14":"product-type-simple"},"yoast_head":"<!-- This site is optimized with the Yoast SEO plugin v27.4 - https:\/\/yoast.com\/product\/yoast-seo-wordpress\/ -->\n<title>Aqua Marina LIQUID AIR V3 Dreifach Hochdruck-Handpumpe | Jetzt kaufen | Schweizversand.ch<\/title>\n<meta name=\"description\" content=\"Aqua Marina LIQUID AIR V3 Dreifach Hochdruck-Handpumpe g\u00fcnstig kaufen bei Schweizversand.ch. Schnelle Lieferung in der Schweiz. Gratisversand ab CHF 50.\" \/>\n<meta name=\"robots\" content=\"index, follow, max-snippet:-1, max-image-preview:large, max-video-preview:-1\" \/>\n<link rel=\"canonical\" href=\"https:\/\/schweizversand.ch\/fr\/produkt\/aqua-marina-liquid-air-v3-dreifach-hochdruck-handpumpe\/\" \/>\n<meta property=\"og:locale\" content=\"fr_FR\" \/>\n<meta property=\"og:type\" content=\"article\" \/>\n<meta property=\"og:title\" content=\"Aqua Marina LIQUID AIR V3 Dreifach Hochdruck-Handpumpe | Jetzt kaufen | Schweizversand.ch\" \/>\n<meta property=\"og:description\" content=\"Aqua Marina LIQUID AIR V3 Dreifach Hochdruck-Handpumpe g\u00fcnstig kaufen bei Schweizversand.ch. Schnelle Lieferung in der Schweiz. Gratisversand ab CHF 50.\" \/>\n<meta property=\"og:url\" content=\"https:\/\/schweizversand.ch\/fr\/produkt\/aqua-marina-liquid-air-v3-dreifach-hochdruck-handpumpe\/\" \/>\n<meta property=\"og:site_name\" content=\"Schweizer Shop f\u00fcr Sport, Spiel und Freizeit\" \/>\n<meta property=\"article:publisher\" content=\"https:\/\/www.facebook.com\/Schweizversand\" \/>\n<meta property=\"article:modified_time\" content=\"2026-04-19T00:04:01+00:00\" \/>\n<meta property=\"og:image\" content=\"https:\/\/schweizversand.ch\/wp-content\/uploads\/2026\/02\/5471551283.jpg\" \/>\n\t<meta property=\"og:image:width\" content=\"683\" \/>\n\t<meta property=\"og:image:height\" content=\"1024\" \/>\n\t<meta property=\"og:image:type\" content=\"image\/jpeg\" \/>\n<meta name=\"twitter:card\" content=\"summary_large_image\" \/>\n<meta name=\"twitter:label1\" content=\"Dur\u00e9e de lecture estim\u00e9e\" \/>\n\t<meta name=\"twitter:data1\" content=\"2 minutes\" \/>\n<script type=\"application\/ld+json\" class=\"yoast-schema-graph\">{\"@context\":\"https:\\\/\\\/schema.org\",\"@graph\":[{\"@type\":\"WebPage\",\"@id\":\"https:\\\/\\\/schweizversand.ch\\\/fr\\\/produkt\\\/aqua-marina-liquid-air-v3-dreifach-hochdruck-handpumpe\\\/\",\"url\":\"https:\\\/\\\/schweizversand.ch\\\/fr\\\/produkt\\\/aqua-marina-liquid-air-v3-dreifach-hochdruck-handpumpe\\\/\",\"name\":\"Aqua Marina LIQUID AIR V3 Dreifach Hochdruck-Handpumpe | Jetzt kaufen | Schweizversand.ch\",\"isPartOf\":{\"@id\":\"https:\\\/\\\/schweizversand.ch\\\/fr\\\/#website\"},\"primaryImageOfPage\":{\"@id\":\"https:\\\/\\\/schweizversand.ch\\\/fr\\\/produkt\\\/aqua-marina-liquid-air-v3-dreifach-hochdruck-handpumpe\\\/#primaryimage\"},\"image\":{\"@id\":\"https:\\\/\\\/schweizversand.ch\\\/fr\\\/produkt\\\/aqua-marina-liquid-air-v3-dreifach-hochdruck-handpumpe\\\/#primaryimage\"},\"thumbnailUrl\":\"https:\\\/\\\/schweizversand.ch\\\/wp-content\\\/uploads\\\/2026\\\/02\\\/5471551283.jpg\",\"datePublished\":\"2026-03-14T23:55:26+00:00\",\"dateModified\":\"2026-04-19T00:04:01+00:00\",\"description\":\"Aqua Marina LIQUID AIR V3 Dreifach Hochdruck-Handpumpe g\u00fcnstig kaufen bei Schweizversand.ch. Schnelle Lieferung in der Schweiz. Gratisversand ab CHF 50.\",\"breadcrumb\":{\"@id\":\"https:\\\/\\\/schweizversand.ch\\\/fr\\\/produkt\\\/aqua-marina-liquid-air-v3-dreifach-hochdruck-handpumpe\\\/#breadcrumb\"},\"inLanguage\":\"fr-FR\",\"potentialAction\":[{\"@type\":\"ReadAction\",\"target\":[\"https:\\\/\\\/schweizversand.ch\\\/fr\\\/produkt\\\/aqua-marina-liquid-air-v3-dreifach-hochdruck-handpumpe\\\/\"]}]},{\"@type\":\"ImageObject\",\"inLanguage\":\"fr-FR\",\"@id\":\"https:\\\/\\\/schweizversand.ch\\\/fr\\\/produkt\\\/aqua-marina-liquid-air-v3-dreifach-hochdruck-handpumpe\\\/#primaryimage\",\"url\":\"https:\\\/\\\/schweizversand.ch\\\/wp-content\\\/uploads\\\/2026\\\/02\\\/5471551283.jpg\",\"contentUrl\":\"https:\\\/\\\/schweizversand.ch\\\/wp-content\\\/uploads\\\/2026\\\/02\\\/5471551283.jpg\",\"width\":683,\"height\":1024},{\"@type\":\"BreadcrumbList\",\"@id\":\"https:\\\/\\\/schweizversand.ch\\\/fr\\\/produkt\\\/aqua-marina-liquid-air-v3-dreifach-hochdruck-handpumpe\\\/#breadcrumb\",\"itemListElement\":[{\"@type\":\"ListItem\",\"position\":1,\"name\":\"Startseite\",\"item\":\"https:\\\/\\\/schweizversand.ch\\\/fr\\\/home\\\/\"},{\"@type\":\"ListItem\",\"position\":2,\"name\":\"Boutique\",\"item\":\"https:\\\/\\\/schweizversand.ch\\\/fr\\\/boutique\\\/\"},{\"@type\":\"ListItem\",\"position\":3,\"name\":\"Sports\",\"item\":\"https:\\\/\\\/schweizversand.ch\\\/fr\\\/produkt-kategorie\\\/sports\\\/\"},{\"@type\":\"ListItem\",\"position\":4,\"name\":\"Sports nautiques\",\"item\":\"https:\\\/\\\/schweizversand.ch\\\/fr\\\/produkt-kategorie\\\/sports\\\/sports-nautiques\\\/\"},{\"@type\":\"ListItem\",\"position\":5,\"name\":\"Stand Up Paddle\",\"item\":\"https:\\\/\\\/schweizversand.ch\\\/fr\\\/produkt-kategorie\\\/sports\\\/sports-nautiques\\\/stand-up-paddling\\\/\"},{\"@type\":\"ListItem\",\"position\":6,\"name\":\"Pompe \u00e0 main triple haute pression Aqua Marina LIQUID AIR V3\"}]},{\"@type\":\"WebSite\",\"@id\":\"https:\\\/\\\/schweizversand.ch\\\/fr\\\/#website\",\"url\":\"https:\\\/\\\/schweizversand.ch\\\/fr\\\/\",\"name\":\"Schweizer Shop f\u00fcr Sport, Spiel und Freizeit\",\"description\":\"Gratisversand ab 50.- (netto), ab eigenem schweizer Lager, Lieferung innert 48h\",\"publisher\":{\"@id\":\"https:\\\/\\\/schweizversand.ch\\\/fr\\\/#organization\"},\"alternateName\":\"Schweizversand.ch\",\"potentialAction\":[{\"@type\":\"SearchAction\",\"target\":{\"@type\":\"EntryPoint\",\"urlTemplate\":\"https:\\\/\\\/schweizversand.ch\\\/fr\\\/?s={search_term_string}\"},\"query-input\":{\"@type\":\"PropertyValueSpecification\",\"valueRequired\":true,\"valueName\":\"search_term_string\"}}],\"inLanguage\":\"fr-FR\"},{\"@type\":\"Organization\",\"@id\":\"https:\\\/\\\/schweizversand.ch\\\/fr\\\/#organization\",\"name\":\"Schweizversand.ch\",\"url\":\"https:\\\/\\\/schweizversand.ch\\\/fr\\\/\",\"logo\":{\"@type\":\"ImageObject\",\"inLanguage\":\"fr-FR\",\"@id\":\"https:\\\/\\\/schweizversand.ch\\\/fr\\\/#\\\/schema\\\/logo\\\/image\\\/\",\"url\":\"https:\\\/\\\/schweizversand.ch\\\/wp-content\\\/uploads\\\/2026\\\/03\\\/Logo_Rund_Final-1.png\",\"contentUrl\":\"https:\\\/\\\/schweizversand.ch\\\/wp-content\\\/uploads\\\/2026\\\/03\\\/Logo_Rund_Final-1.png\",\"width\":404,\"height\":404,\"caption\":\"Schweizversand.ch\"},\"image\":{\"@id\":\"https:\\\/\\\/schweizversand.ch\\\/fr\\\/#\\\/schema\\\/logo\\\/image\\\/\"},\"sameAs\":[\"https:\\\/\\\/www.facebook.com\\\/Schweizversand\",\"https:\\\/\\\/www.instagram.com\\\/schweizversand.ch\\\/\"]}]}<\/script>\n<!-- \/ Yoast SEO plugin. -->","yoast_head_json":{"title":"Aqua Marina LIQUID AIR V3 Dreifach Hochdruck-Handpumpe | Jetzt kaufen | Schweizversand.ch","description":"Aqua Marina LIQUID AIR V3 Dreifach Hochdruck-Handpumpe g\u00fcnstig kaufen bei Schweizversand.ch. Schnelle Lieferung in der Schweiz. Gratisversand ab CHF 50.","robots":{"index":"index","follow":"follow","max-snippet":"max-snippet:-1","max-image-preview":"max-image-preview:large","max-video-preview":"max-video-preview:-1"},"canonical":"https:\/\/schweizversand.ch\/fr\/produkt\/aqua-marina-liquid-air-v3-dreifach-hochdruck-handpumpe\/","og_locale":"fr_FR","og_type":"article","og_title":"Aqua Marina LIQUID AIR V3 Dreifach Hochdruck-Handpumpe | Jetzt kaufen | Schweizversand.ch","og_description":"Aqua Marina LIQUID AIR V3 Dreifach Hochdruck-Handpumpe g\u00fcnstig kaufen bei Schweizversand.ch. Schnelle Lieferung in der Schweiz. Gratisversand ab CHF 50.","og_url":"https:\/\/schweizversand.ch\/fr\/produkt\/aqua-marina-liquid-air-v3-dreifach-hochdruck-handpumpe\/","og_site_name":"Schweizer Shop f\u00fcr Sport, Spiel und Freizeit","article_publisher":"https:\/\/www.facebook.com\/Schweizversand","article_modified_time":"2026-04-19T00:04:01+00:00","og_image":[{"width":683,"height":1024,"url":"https:\/\/schweizversand.ch\/wp-content\/uploads\/2026\/02\/5471551283.jpg","type":"image\/jpeg"}],"twitter_card":"summary_large_image","twitter_misc":{"Dur\u00e9e de lecture estim\u00e9e":"2 minutes"},"schema":{"@context":"https:\/\/schema.org","@graph":[{"@type":"WebPage","@id":"https:\/\/schweizversand.ch\/fr\/produkt\/aqua-marina-liquid-air-v3-dreifach-hochdruck-handpumpe\/","url":"https:\/\/schweizversand.ch\/fr\/produkt\/aqua-marina-liquid-air-v3-dreifach-hochdruck-handpumpe\/","name":"Aqua Marina LIQUID AIR V3 Dreifach Hochdruck-Handpumpe | Jetzt kaufen | Schweizversand.ch","isPartOf":{"@id":"https:\/\/schweizversand.ch\/fr\/#website"},"primaryImageOfPage":{"@id":"https:\/\/schweizversand.ch\/fr\/produkt\/aqua-marina-liquid-air-v3-dreifach-hochdruck-handpumpe\/#primaryimage"},"image":{"@id":"https:\/\/schweizversand.ch\/fr\/produkt\/aqua-marina-liquid-air-v3-dreifach-hochdruck-handpumpe\/#primaryimage"},"thumbnailUrl":"https:\/\/schweizversand.ch\/wp-content\/uploads\/2026\/02\/5471551283.jpg","datePublished":"2026-03-14T23:55:26+00:00","dateModified":"2026-04-19T00:04:01+00:00","description":"Aqua Marina LIQUID AIR V3 Dreifach Hochdruck-Handpumpe g\u00fcnstig kaufen bei Schweizversand.ch. Schnelle Lieferung in der Schweiz. Gratisversand ab CHF 50.","breadcrumb":{"@id":"https:\/\/schweizversand.ch\/fr\/produkt\/aqua-marina-liquid-air-v3-dreifach-hochdruck-handpumpe\/#breadcrumb"},"inLanguage":"fr-FR","potentialAction":[{"@type":"ReadAction","target":["https:\/\/schweizversand.ch\/fr\/produkt\/aqua-marina-liquid-air-v3-dreifach-hochdruck-handpumpe\/"]}]},{"@type":"ImageObject","inLanguage":"fr-FR","@id":"https:\/\/schweizversand.ch\/fr\/produkt\/aqua-marina-liquid-air-v3-dreifach-hochdruck-handpumpe\/#primaryimage","url":"https:\/\/schweizversand.ch\/wp-content\/uploads\/2026\/02\/5471551283.jpg","contentUrl":"https:\/\/schweizversand.ch\/wp-content\/uploads\/2026\/02\/5471551283.jpg","width":683,"height":1024},{"@type":"BreadcrumbList","@id":"https:\/\/schweizversand.ch\/fr\/produkt\/aqua-marina-liquid-air-v3-dreifach-hochdruck-handpumpe\/#breadcrumb","itemListElement":[{"@type":"ListItem","position":1,"name":"Startseite","item":"https:\/\/schweizversand.ch\/fr\/home\/"},{"@type":"ListItem","position":2,"name":"Boutique","item":"https:\/\/schweizversand.ch\/fr\/boutique\/"},{"@type":"ListItem","position":3,"name":"Sports","item":"https:\/\/schweizversand.ch\/fr\/produkt-kategorie\/sports\/"},{"@type":"ListItem","position":4,"name":"Sports nautiques","item":"https:\/\/schweizversand.ch\/fr\/produkt-kategorie\/sports\/sports-nautiques\/"},{"@type":"ListItem","position":5,"name":"Stand Up Paddle","item":"https:\/\/schweizversand.ch\/fr\/produkt-kategorie\/sports\/sports-nautiques\/stand-up-paddling\/"},{"@type":"ListItem","position":6,"name":"Pompe \u00e0 main triple haute pression Aqua Marina LIQUID AIR V3"}]},{"@type":"WebSite","@id":"https:\/\/schweizversand.ch\/fr\/#website","url":"https:\/\/schweizversand.ch\/fr\/","name":"Schweizer Shop f\u00fcr Sport, Spiel und Freizeit","description":"Gratisversand ab 50.- (netto), ab eigenem schweizer Lager, Lieferung innert 48h","publisher":{"@id":"https:\/\/schweizversand.ch\/fr\/#organization"},"alternateName":"Schweizversand.ch","potentialAction":[{"@type":"SearchAction","target":{"@type":"EntryPoint","urlTemplate":"https:\/\/schweizversand.ch\/fr\/?s={search_term_string}"},"query-input":{"@type":"PropertyValueSpecification","valueRequired":true,"valueName":"search_term_string"}}],"inLanguage":"fr-FR"},{"@type":"Organization","@id":"https:\/\/schweizversand.ch\/fr\/#organization","name":"Schweizversand.ch","url":"https:\/\/schweizversand.ch\/fr\/","logo":{"@type":"ImageObject","inLanguage":"fr-FR","@id":"https:\/\/schweizversand.ch\/fr\/#\/schema\/logo\/image\/","url":"https:\/\/schweizversand.ch\/wp-content\/uploads\/2026\/03\/Logo_Rund_Final-1.png","contentUrl":"https:\/\/schweizversand.ch\/wp-content\/uploads\/2026\/03\/Logo_Rund_Final-1.png","width":404,"height":404,"caption":"Schweizversand.ch"},"image":{"@id":"https:\/\/schweizversand.ch\/fr\/#\/schema\/logo\/image\/"},"sameAs":["https:\/\/www.facebook.com\/Schweizversand","https:\/\/www.instagram.com\/schweizversand.ch\/"]}]}},"jetpack_sharing_enabled":true,"_links":{"self":[{"href":"https:\/\/schweizversand.ch\/fr\/wp-json\/wp\/v2\/product\/253749","targetHints":{"allow":["GET"]}}],"collection":[{"href":"https:\/\/schweizversand.ch\/fr\/wp-json\/wp\/v2\/product"}],"about":[{"href":"https:\/\/schweizversand.ch\/fr\/wp-json\/wp\/v2\/types\/product"}],"replies":[{"embeddable":true,"href":"https:\/\/schweizversand.ch\/fr\/wp-json\/wp\/v2\/comments?post=253749"}],"wp:featuredmedia":[{"embeddable":true,"href":"https:\/\/schweizversand.ch\/fr\/wp-json\/wp\/v2\/media\/160372"}],"wp:attachment":[{"href":"https:\/\/schweizversand.ch\/fr\/wp-json\/wp\/v2\/media?parent=253749"}],"wp:term":[{"taxonomy":"product_brand","embeddable":true,"href":"https:\/\/schweizversand.ch\/fr\/wp-json\/wp\/v2\/product_brand?post=253749"},{"taxonomy":"product_cat","embeddable":true,"href":"https:\/\/schweizversand.ch\/fr\/wp-json\/wp\/v2\/product_cat?post=253749"},{"taxonomy":"product_tag","embeddable":true,"href":"https:\/\/schweizversand.ch\/fr\/wp-json\/wp\/v2\/product_tag?post=253749"}],"curies":[{"name":"wp","href":"https:\/\/api.w.org\/{rel}","templated":true}]}}