{"id":253752,"date":"2026-03-15T00:55:26","date_gmt":"2026-03-14T23:55:26","guid":{"rendered":"https:\/\/schweizversand.ch\/produkt\/aqua-marina-carbon-x-verstellbares-carbon-isup-paddle-2-sections-wb\/"},"modified":"2026-04-19T02:04:01","modified_gmt":"2026-04-19T00:04:01","slug":"aqua-marina-carbon-x-verstellbares-carbon-isup-paddle-2-sections-wb","status":"publish","type":"product","link":"https:\/\/schweizversand.ch\/fr\/produkt\/aqua-marina-carbon-x-verstellbares-carbon-isup-paddle-2-sections-wb\/","title":{"rendered":"Aqua Marina CARBON X &#8211; Pagaie iSUP r\u00e9glable en carbone (2 sections) (WB)"},"content":{"rendered":"<p>La pagaie Aqua Marina CARBON X est un mod\u00e8le haut de gamme destin\u00e9 aux pratiquants de stand-up paddle exigeants qui recherchent une performance maximale et un minimum d&rsquo;effort. Pesant seulement 550 g, avec une construction enti\u00e8rement en carbone de haute qualit\u00e9 et une ergonomie bien pens\u00e9e, cette pagaie en deux parties est id\u00e9ale pour une utilisation sportive sur de longues distances ou \u00e0 grande vitesse. Principaux avantages du produit\u00a0: \u2022 Extr\u00eamement l\u00e9g\u00e8re et Puissante : Seulement 550 g avec un manche et une pale 100 % carbone<br \/>\u2022 Transfert d&rsquo;\u00e9nergie optimal : Con\u00e7ue pour une pagaie efficace lors de longues ou rapides excursions<br \/>\u2022 Longueur ajustable : 180\u2013220 cm \u2013 adaptable \u00e0 diff\u00e9rentes morphologies et styles de pagaie<br \/>\u2022 Syst\u00e8me anti-torsion : Une rainure int\u00e9gr\u00e9e emp\u00eache le manche de se tordre lors du r\u00e9glage<br \/>\u2022 Poign\u00e9e ergonomique en T : Fabriqu\u00e9e en carbone, avec une conception anti-torsion pour une prise en main confortable et s\u00fbre<\/p>\n<\/div>\n<div>Caract\u00e9ristiques techniques :<br \/>\u2022 Manche : 100 % carbone, \u00e9paisseur 1,25 mm, \u00d8 28,7 mm<br \/>\u2022 Pale : 100 % carbone, 40 \u00d7 19 cm, surface de pale de 582 cm\u00b2<br \/>\u2022 Longueur ajustable : 180\u2013220 cm<br \/>\u2022 D\u00e9montable : 2 pi\u00e8ces pour un transport facile<br \/>\u2022 Couleur : Orange\/Noir<br \/>\u2022 Poids : Seulement 550 g g<\/p>\n<\/div>\n<div>Cette pagaie est con\u00e7ue pour les pratiquants de SUP ambitieux qui privil\u00e9gient les mat\u00e9riaux l\u00e9gers, la technologie de pr\u00e9cision et la qualit\u00e9 durable, que ce soit pour l&rsquo;entra\u00eenement, la randonn\u00e9e ou la comp\u00e9tition.<\/p>\n<\/div>\n","protected":false},"excerpt":{"rendered":"<p>La pagaie Aqua Marina CARBON X est un mod\u00e8le haut de gamme destin\u00e9 aux pratiquants de stand-up paddle exigeants qui recherchent une performance maximale et un minimum d&rsquo;effort. Pesant seulement 550 g, avec une construction enti\u00e8rement en carbone de haute qualit\u00e9 et une ergonomie bien pens\u00e9e, cette pagaie en deux parties est id\u00e9ale pour une utilisation sportive sur de longues distances ou \u00e0 grande vitesse. Principaux avantages du produit\u00a0: \u2022 Extr\u00eamement l\u00e9g\u00e8re et Puissante :&hellip;<\/p>\n","protected":false},"featured_media":160381,"comment_status":"open","ping_status":"closed","template":"","meta":[],"product_brand":[],"product_cat":[38827],"product_tag":[],"class_list":{"0":"post-253752","1":"product","2":"type-product","3":"status-publish","4":"has-post-thumbnail","6":"product_cat-stand-up-paddling","7":"product_shipping_class-global_methods","9":"first","10":"instock","11":"taxable","12":"shipping-taxable","13":"purchasable","14":"product-type-simple"},"yoast_head":"<!-- This site is optimized with the Yoast SEO plugin v27.4 - https:\/\/yoast.com\/product\/yoast-seo-wordpress\/ -->\n<title>Aqua Marina CARBON X - Verstellbares Carbon iSUP Paddle (2 sections) (WB) | Jetzt kaufen | Schweizversand.ch<\/title>\n<meta name=\"description\" content=\"Aqua Marina CARBON X - Verstellbares Carbon iSUP Paddle (2 sections) (WB) g\u00fcnstig kaufen bei Schweizversand.ch. Schnelle Lieferung in der Schweiz. Gratisversand ab CHF 50.\" \/>\n<meta name=\"robots\" content=\"index, follow, max-snippet:-1, max-image-preview:large, max-video-preview:-1\" \/>\n<link rel=\"canonical\" href=\"https:\/\/schweizversand.ch\/fr\/produkt\/aqua-marina-carbon-x-verstellbares-carbon-isup-paddle-2-sections-wb\/\" \/>\n<meta property=\"og:locale\" content=\"fr_FR\" \/>\n<meta property=\"og:type\" content=\"article\" \/>\n<meta property=\"og:title\" content=\"Aqua Marina CARBON X - Verstellbares Carbon iSUP Paddle (2 sections) (WB) | Jetzt kaufen | Schweizversand.ch\" \/>\n<meta property=\"og:description\" content=\"Aqua Marina CARBON X - Verstellbares Carbon iSUP Paddle (2 sections) (WB) g\u00fcnstig kaufen bei Schweizversand.ch. Schnelle Lieferung in der Schweiz. Gratisversand ab CHF 50.\" \/>\n<meta property=\"og:url\" content=\"https:\/\/schweizversand.ch\/fr\/produkt\/aqua-marina-carbon-x-verstellbares-carbon-isup-paddle-2-sections-wb\/\" \/>\n<meta property=\"og:site_name\" content=\"Schweizer Shop f\u00fcr Sport, Spiel und Freizeit\" \/>\n<meta property=\"article:publisher\" content=\"https:\/\/www.facebook.com\/Schweizversand\" \/>\n<meta property=\"article:modified_time\" content=\"2026-04-19T00:04:01+00:00\" \/>\n<meta property=\"og:image\" content=\"https:\/\/schweizversand.ch\/wp-content\/uploads\/2026\/02\/5471546194.jpg\" \/>\n\t<meta property=\"og:image:width\" content=\"95\" \/>\n\t<meta property=\"og:image:height\" content=\"1024\" \/>\n\t<meta property=\"og:image:type\" content=\"image\/jpeg\" \/>\n<meta name=\"twitter:card\" content=\"summary_large_image\" \/>\n<meta name=\"twitter:label1\" content=\"Dur\u00e9e de lecture estim\u00e9e\" \/>\n\t<meta name=\"twitter:data1\" content=\"1 minute\" \/>\n<script type=\"application\/ld+json\" class=\"yoast-schema-graph\">{\"@context\":\"https:\\\/\\\/schema.org\",\"@graph\":[{\"@type\":\"WebPage\",\"@id\":\"https:\\\/\\\/schweizversand.ch\\\/fr\\\/produkt\\\/aqua-marina-carbon-x-verstellbares-carbon-isup-paddle-2-sections-wb\\\/\",\"url\":\"https:\\\/\\\/schweizversand.ch\\\/fr\\\/produkt\\\/aqua-marina-carbon-x-verstellbares-carbon-isup-paddle-2-sections-wb\\\/\",\"name\":\"Aqua Marina CARBON X - Verstellbares Carbon iSUP Paddle (2 sections) (WB) | Jetzt kaufen | Schweizversand.ch\",\"isPartOf\":{\"@id\":\"https:\\\/\\\/schweizversand.ch\\\/fr\\\/#website\"},\"primaryImageOfPage\":{\"@id\":\"https:\\\/\\\/schweizversand.ch\\\/fr\\\/produkt\\\/aqua-marina-carbon-x-verstellbares-carbon-isup-paddle-2-sections-wb\\\/#primaryimage\"},\"image\":{\"@id\":\"https:\\\/\\\/schweizversand.ch\\\/fr\\\/produkt\\\/aqua-marina-carbon-x-verstellbares-carbon-isup-paddle-2-sections-wb\\\/#primaryimage\"},\"thumbnailUrl\":\"https:\\\/\\\/schweizversand.ch\\\/wp-content\\\/uploads\\\/2026\\\/02\\\/5471546194.jpg\",\"datePublished\":\"2026-03-14T23:55:26+00:00\",\"dateModified\":\"2026-04-19T00:04:01+00:00\",\"description\":\"Aqua Marina CARBON X - Verstellbares Carbon iSUP Paddle (2 sections) (WB) g\u00fcnstig kaufen bei Schweizversand.ch. Schnelle Lieferung in der Schweiz. Gratisversand ab CHF 50.\",\"breadcrumb\":{\"@id\":\"https:\\\/\\\/schweizversand.ch\\\/fr\\\/produkt\\\/aqua-marina-carbon-x-verstellbares-carbon-isup-paddle-2-sections-wb\\\/#breadcrumb\"},\"inLanguage\":\"fr-FR\",\"potentialAction\":[{\"@type\":\"ReadAction\",\"target\":[\"https:\\\/\\\/schweizversand.ch\\\/fr\\\/produkt\\\/aqua-marina-carbon-x-verstellbares-carbon-isup-paddle-2-sections-wb\\\/\"]}]},{\"@type\":\"ImageObject\",\"inLanguage\":\"fr-FR\",\"@id\":\"https:\\\/\\\/schweizversand.ch\\\/fr\\\/produkt\\\/aqua-marina-carbon-x-verstellbares-carbon-isup-paddle-2-sections-wb\\\/#primaryimage\",\"url\":\"https:\\\/\\\/schweizversand.ch\\\/wp-content\\\/uploads\\\/2026\\\/02\\\/5471546194.jpg\",\"contentUrl\":\"https:\\\/\\\/schweizversand.ch\\\/wp-content\\\/uploads\\\/2026\\\/02\\\/5471546194.jpg\",\"width\":95,\"height\":1024},{\"@type\":\"BreadcrumbList\",\"@id\":\"https:\\\/\\\/schweizversand.ch\\\/fr\\\/produkt\\\/aqua-marina-carbon-x-verstellbares-carbon-isup-paddle-2-sections-wb\\\/#breadcrumb\",\"itemListElement\":[{\"@type\":\"ListItem\",\"position\":1,\"name\":\"Startseite\",\"item\":\"https:\\\/\\\/schweizversand.ch\\\/fr\\\/home\\\/\"},{\"@type\":\"ListItem\",\"position\":2,\"name\":\"Boutique\",\"item\":\"https:\\\/\\\/schweizversand.ch\\\/fr\\\/boutique\\\/\"},{\"@type\":\"ListItem\",\"position\":3,\"name\":\"Sports\",\"item\":\"https:\\\/\\\/schweizversand.ch\\\/fr\\\/produkt-kategorie\\\/sports\\\/\"},{\"@type\":\"ListItem\",\"position\":4,\"name\":\"Sports nautiques\",\"item\":\"https:\\\/\\\/schweizversand.ch\\\/fr\\\/produkt-kategorie\\\/sports\\\/sports-nautiques\\\/\"},{\"@type\":\"ListItem\",\"position\":5,\"name\":\"Stand Up Paddle\",\"item\":\"https:\\\/\\\/schweizversand.ch\\\/fr\\\/produkt-kategorie\\\/sports\\\/sports-nautiques\\\/stand-up-paddling\\\/\"},{\"@type\":\"ListItem\",\"position\":6,\"name\":\"Aqua Marina CARBON X &#8211; Pagaie iSUP r\u00e9glable en carbone (2 sections) (WB)\"}]},{\"@type\":\"WebSite\",\"@id\":\"https:\\\/\\\/schweizversand.ch\\\/fr\\\/#website\",\"url\":\"https:\\\/\\\/schweizversand.ch\\\/fr\\\/\",\"name\":\"Schweizer Shop f\u00fcr Sport, Spiel und Freizeit\",\"description\":\"Gratisversand ab 50.- (netto), ab eigenem schweizer Lager, Lieferung innert 48h\",\"publisher\":{\"@id\":\"https:\\\/\\\/schweizversand.ch\\\/fr\\\/#organization\"},\"alternateName\":\"Schweizversand.ch\",\"potentialAction\":[{\"@type\":\"SearchAction\",\"target\":{\"@type\":\"EntryPoint\",\"urlTemplate\":\"https:\\\/\\\/schweizversand.ch\\\/fr\\\/?s={search_term_string}\"},\"query-input\":{\"@type\":\"PropertyValueSpecification\",\"valueRequired\":true,\"valueName\":\"search_term_string\"}}],\"inLanguage\":\"fr-FR\"},{\"@type\":\"Organization\",\"@id\":\"https:\\\/\\\/schweizversand.ch\\\/fr\\\/#organization\",\"name\":\"Schweizversand.ch\",\"url\":\"https:\\\/\\\/schweizversand.ch\\\/fr\\\/\",\"logo\":{\"@type\":\"ImageObject\",\"inLanguage\":\"fr-FR\",\"@id\":\"https:\\\/\\\/schweizversand.ch\\\/fr\\\/#\\\/schema\\\/logo\\\/image\\\/\",\"url\":\"https:\\\/\\\/schweizversand.ch\\\/wp-content\\\/uploads\\\/2026\\\/03\\\/Logo_Rund_Final-1.png\",\"contentUrl\":\"https:\\\/\\\/schweizversand.ch\\\/wp-content\\\/uploads\\\/2026\\\/03\\\/Logo_Rund_Final-1.png\",\"width\":404,\"height\":404,\"caption\":\"Schweizversand.ch\"},\"image\":{\"@id\":\"https:\\\/\\\/schweizversand.ch\\\/fr\\\/#\\\/schema\\\/logo\\\/image\\\/\"},\"sameAs\":[\"https:\\\/\\\/www.facebook.com\\\/Schweizversand\",\"https:\\\/\\\/www.instagram.com\\\/schweizversand.ch\\\/\"]}]}<\/script>\n<!-- \/ Yoast SEO plugin. -->","yoast_head_json":{"title":"Aqua Marina CARBON X - Verstellbares Carbon iSUP Paddle (2 sections) (WB) | Jetzt kaufen | Schweizversand.ch","description":"Aqua Marina CARBON X - Verstellbares Carbon iSUP Paddle (2 sections) (WB) g\u00fcnstig kaufen bei Schweizversand.ch. Schnelle Lieferung in der Schweiz. Gratisversand ab CHF 50.","robots":{"index":"index","follow":"follow","max-snippet":"max-snippet:-1","max-image-preview":"max-image-preview:large","max-video-preview":"max-video-preview:-1"},"canonical":"https:\/\/schweizversand.ch\/fr\/produkt\/aqua-marina-carbon-x-verstellbares-carbon-isup-paddle-2-sections-wb\/","og_locale":"fr_FR","og_type":"article","og_title":"Aqua Marina CARBON X - Verstellbares Carbon iSUP Paddle (2 sections) (WB) | Jetzt kaufen | Schweizversand.ch","og_description":"Aqua Marina CARBON X - Verstellbares Carbon iSUP Paddle (2 sections) (WB) g\u00fcnstig kaufen bei Schweizversand.ch. Schnelle Lieferung in der Schweiz. Gratisversand ab CHF 50.","og_url":"https:\/\/schweizversand.ch\/fr\/produkt\/aqua-marina-carbon-x-verstellbares-carbon-isup-paddle-2-sections-wb\/","og_site_name":"Schweizer Shop f\u00fcr Sport, Spiel und Freizeit","article_publisher":"https:\/\/www.facebook.com\/Schweizversand","article_modified_time":"2026-04-19T00:04:01+00:00","og_image":[{"width":95,"height":1024,"url":"https:\/\/schweizversand.ch\/wp-content\/uploads\/2026\/02\/5471546194.jpg","type":"image\/jpeg"}],"twitter_card":"summary_large_image","twitter_misc":{"Dur\u00e9e de lecture estim\u00e9e":"1 minute"},"schema":{"@context":"https:\/\/schema.org","@graph":[{"@type":"WebPage","@id":"https:\/\/schweizversand.ch\/fr\/produkt\/aqua-marina-carbon-x-verstellbares-carbon-isup-paddle-2-sections-wb\/","url":"https:\/\/schweizversand.ch\/fr\/produkt\/aqua-marina-carbon-x-verstellbares-carbon-isup-paddle-2-sections-wb\/","name":"Aqua Marina CARBON X - Verstellbares Carbon iSUP Paddle (2 sections) (WB) | Jetzt kaufen | Schweizversand.ch","isPartOf":{"@id":"https:\/\/schweizversand.ch\/fr\/#website"},"primaryImageOfPage":{"@id":"https:\/\/schweizversand.ch\/fr\/produkt\/aqua-marina-carbon-x-verstellbares-carbon-isup-paddle-2-sections-wb\/#primaryimage"},"image":{"@id":"https:\/\/schweizversand.ch\/fr\/produkt\/aqua-marina-carbon-x-verstellbares-carbon-isup-paddle-2-sections-wb\/#primaryimage"},"thumbnailUrl":"https:\/\/schweizversand.ch\/wp-content\/uploads\/2026\/02\/5471546194.jpg","datePublished":"2026-03-14T23:55:26+00:00","dateModified":"2026-04-19T00:04:01+00:00","description":"Aqua Marina CARBON X - Verstellbares Carbon iSUP Paddle (2 sections) (WB) g\u00fcnstig kaufen bei Schweizversand.ch. Schnelle Lieferung in der Schweiz. Gratisversand ab CHF 50.","breadcrumb":{"@id":"https:\/\/schweizversand.ch\/fr\/produkt\/aqua-marina-carbon-x-verstellbares-carbon-isup-paddle-2-sections-wb\/#breadcrumb"},"inLanguage":"fr-FR","potentialAction":[{"@type":"ReadAction","target":["https:\/\/schweizversand.ch\/fr\/produkt\/aqua-marina-carbon-x-verstellbares-carbon-isup-paddle-2-sections-wb\/"]}]},{"@type":"ImageObject","inLanguage":"fr-FR","@id":"https:\/\/schweizversand.ch\/fr\/produkt\/aqua-marina-carbon-x-verstellbares-carbon-isup-paddle-2-sections-wb\/#primaryimage","url":"https:\/\/schweizversand.ch\/wp-content\/uploads\/2026\/02\/5471546194.jpg","contentUrl":"https:\/\/schweizversand.ch\/wp-content\/uploads\/2026\/02\/5471546194.jpg","width":95,"height":1024},{"@type":"BreadcrumbList","@id":"https:\/\/schweizversand.ch\/fr\/produkt\/aqua-marina-carbon-x-verstellbares-carbon-isup-paddle-2-sections-wb\/#breadcrumb","itemListElement":[{"@type":"ListItem","position":1,"name":"Startseite","item":"https:\/\/schweizversand.ch\/fr\/home\/"},{"@type":"ListItem","position":2,"name":"Boutique","item":"https:\/\/schweizversand.ch\/fr\/boutique\/"},{"@type":"ListItem","position":3,"name":"Sports","item":"https:\/\/schweizversand.ch\/fr\/produkt-kategorie\/sports\/"},{"@type":"ListItem","position":4,"name":"Sports nautiques","item":"https:\/\/schweizversand.ch\/fr\/produkt-kategorie\/sports\/sports-nautiques\/"},{"@type":"ListItem","position":5,"name":"Stand Up Paddle","item":"https:\/\/schweizversand.ch\/fr\/produkt-kategorie\/sports\/sports-nautiques\/stand-up-paddling\/"},{"@type":"ListItem","position":6,"name":"Aqua Marina CARBON X &#8211; Pagaie iSUP r\u00e9glable en carbone (2 sections) (WB)"}]},{"@type":"WebSite","@id":"https:\/\/schweizversand.ch\/fr\/#website","url":"https:\/\/schweizversand.ch\/fr\/","name":"Schweizer Shop f\u00fcr Sport, Spiel und Freizeit","description":"Gratisversand ab 50.- (netto), ab eigenem schweizer Lager, Lieferung innert 48h","publisher":{"@id":"https:\/\/schweizversand.ch\/fr\/#organization"},"alternateName":"Schweizversand.ch","potentialAction":[{"@type":"SearchAction","target":{"@type":"EntryPoint","urlTemplate":"https:\/\/schweizversand.ch\/fr\/?s={search_term_string}"},"query-input":{"@type":"PropertyValueSpecification","valueRequired":true,"valueName":"search_term_string"}}],"inLanguage":"fr-FR"},{"@type":"Organization","@id":"https:\/\/schweizversand.ch\/fr\/#organization","name":"Schweizversand.ch","url":"https:\/\/schweizversand.ch\/fr\/","logo":{"@type":"ImageObject","inLanguage":"fr-FR","@id":"https:\/\/schweizversand.ch\/fr\/#\/schema\/logo\/image\/","url":"https:\/\/schweizversand.ch\/wp-content\/uploads\/2026\/03\/Logo_Rund_Final-1.png","contentUrl":"https:\/\/schweizversand.ch\/wp-content\/uploads\/2026\/03\/Logo_Rund_Final-1.png","width":404,"height":404,"caption":"Schweizversand.ch"},"image":{"@id":"https:\/\/schweizversand.ch\/fr\/#\/schema\/logo\/image\/"},"sameAs":["https:\/\/www.facebook.com\/Schweizversand","https:\/\/www.instagram.com\/schweizversand.ch\/"]}]}},"jetpack_sharing_enabled":true,"_links":{"self":[{"href":"https:\/\/schweizversand.ch\/fr\/wp-json\/wp\/v2\/product\/253752","targetHints":{"allow":["GET"]}}],"collection":[{"href":"https:\/\/schweizversand.ch\/fr\/wp-json\/wp\/v2\/product"}],"about":[{"href":"https:\/\/schweizversand.ch\/fr\/wp-json\/wp\/v2\/types\/product"}],"replies":[{"embeddable":true,"href":"https:\/\/schweizversand.ch\/fr\/wp-json\/wp\/v2\/comments?post=253752"}],"wp:featuredmedia":[{"embeddable":true,"href":"https:\/\/schweizversand.ch\/fr\/wp-json\/wp\/v2\/media\/160381"}],"wp:attachment":[{"href":"https:\/\/schweizversand.ch\/fr\/wp-json\/wp\/v2\/media?parent=253752"}],"wp:term":[{"taxonomy":"product_brand","embeddable":true,"href":"https:\/\/schweizversand.ch\/fr\/wp-json\/wp\/v2\/product_brand?post=253752"},{"taxonomy":"product_cat","embeddable":true,"href":"https:\/\/schweizversand.ch\/fr\/wp-json\/wp\/v2\/product_cat?post=253752"},{"taxonomy":"product_tag","embeddable":true,"href":"https:\/\/schweizversand.ch\/fr\/wp-json\/wp\/v2\/product_tag?post=253752"}],"curies":[{"name":"wp","href":"https:\/\/api.w.org\/{rel}","templated":true}]}}