{"id":253753,"date":"2026-03-15T00:55:26","date_gmt":"2026-03-14T23:55:26","guid":{"rendered":"https:\/\/schweizversand.ch\/produkt\/aqua-marina-carbon-pro-verstellbares-carbon-fiber-isup-paddle-wb\/"},"modified":"2026-04-19T02:04:01","modified_gmt":"2026-04-19T00:04:01","slug":"aqua-marina-carbon-pro-verstellbares-carbon-fiber-isup-paddle-wb","status":"publish","type":"product","link":"https:\/\/schweizversand.ch\/fr\/produkt\/aqua-marina-carbon-pro-verstellbares-carbon-fiber-isup-paddle-wb\/","title":{"rendered":"Aqua Marina CARBON PRO &#8211; Pagaie iSUP r\u00e9glable en fibre de carbone (WB)"},"content":{"rendered":"<p>Aqua Marina CARBON PRO \u2013 Pagaie iSUP r\u00e9glable en fibre de carbone. Am\u00e9liorez votre exp\u00e9rience de pagaie avec la pagaie Aqua Marina CARBON PRO, une pagaie iSUP r\u00e9glable haute performance. Cet accessoire haut de gamme allie mat\u00e9riaux innovants et design ergonomique pour un maximum de performance et de style \u00e0 chaque sortie. Performance essentielle pour votre iSUP. La pagaie Aqua Marina CARBON PRO a \u00e9t\u00e9 sp\u00e9cialement con\u00e7ue pour les pratiquants de stand-up paddle exigeants. Gr\u00e2ce \u00e0 sa construction l\u00e9g\u00e8re et robuste, vous r\u00e9duirez consid\u00e9rablement la fatigue et profiterez de sorties plus longues et plus agr\u00e9ables. Si vous recherchez les meilleurs accessoires de stand-up paddle, cette pagaie en carbone est le choix id\u00e9al. Composition de haute qualit\u00e9\u00a0: le choix des mat\u00e9riaux garantit une rigidit\u00e9 et une durabilit\u00e9 exceptionnelles, essentielles pour des coups de pagaie efficaces. Le manche offre un \u00e9quilibre parfait entre r\u00e9sistance et flexibilit\u00e9, tandis que la pale assure un transfert de puissance maximal. D\u00e9tails du manche\u00a0: &#8211; Mat\u00e9riau\u00a0: m\u00e9lange robuste de 70\u00a0% de fibre de carbone et 30\u00a0% de fibre de verre &#8211; \u00c9paisseur\u00a0: 1,25\u00a0mm &#8211; Diam\u00e8tre\u00a0: 28,7\u00a0mm, id\u00e9al pour une prise en main confortable et puissante. Pale performante : La pale, enti\u00e8rement en carbone, est l&rsquo;\u00e9l\u00e9ment central de cette pagaie. Elle garantit une efficacit\u00e9 in\u00e9gal\u00e9e et un transfert de puissance direct, pour une propulsion optimale \u00e0 chaque coup de pagaie. Sa surface optimis\u00e9e de 582 cm\u00b2 (40 cm de longueur x 19 cm de largeur) assure des coups de pagaie puissants et efficaces, vous propulsant rapidement vers l&rsquo;avant. Ergonomie et maniabilit\u00e9 : Avec un poids plume de seulement 700 g, cette pagaie en carbone est extr\u00eamement maniable. Sa poign\u00e9e en T ergonomique offre une prise en main ferme et confortable, am\u00e9liorant consid\u00e9rablement le contr\u00f4le et la maniabilit\u00e9 de votre planche. Un atout pr\u00e9cieux lors des longues sorties ou en eaux agit\u00e9es. Flexibilit\u00e9 et adaptabilit\u00e9 : Gr\u00e2ce \u00e0 sa conception en 3 parties, cette pagaie iSUP ajustable est non seulement facile \u00e0 transporter, mais aussi parfaitement adaptable \u00e0 vos besoins. Le r\u00e9glage de la longueur de <strong>180 cm \u00e0 220 cm<\/strong> permet d&rsquo;adapter la pagaie de mani\u00e8re optimale aux utilisateurs de diff\u00e9rentes tailles et \u00e0 diff\u00e9rents styles de navigation (course, randonn\u00e9e ou vagues).<\/p>\n<\/div>\n<div><strong>Votre avantage avec la Carbon PRO<\/strong><br \/>La pagaie Aqua Marina CARBON PRO est con\u00e7ue pour tous les passionn\u00e9s de SUP gonflable qui refusent tout compromis sur la qualit\u00e9 et la performance. Investissez dans cet accessoire haut de gamme pour une exp\u00e9rience de navigation optimale et exploiter pleinement le potentiel de votre planche.<\/p>\n","protected":false},"excerpt":{"rendered":"<p>Aqua Marina CARBON PRO \u2013 Pagaie iSUP r\u00e9glable en fibre de carbone. Am\u00e9liorez votre exp\u00e9rience de pagaie avec la pagaie Aqua Marina CARBON PRO, une pagaie iSUP r\u00e9glable haute performance. Cet accessoire haut de gamme allie mat\u00e9riaux innovants et design ergonomique pour un maximum de performance et de style \u00e0 chaque sortie. Performance essentielle pour votre iSUP. La pagaie Aqua Marina CARBON PRO a \u00e9t\u00e9 sp\u00e9cialement con\u00e7ue pour les pratiquants de stand-up paddle exigeants. Gr\u00e2ce&hellip;<\/p>\n","protected":false},"featured_media":160386,"comment_status":"open","ping_status":"closed","template":"","meta":[],"product_brand":[],"product_cat":[38827],"product_tag":[],"class_list":{"0":"post-253753","1":"product","2":"type-product","3":"status-publish","4":"has-post-thumbnail","6":"product_cat-stand-up-paddling","7":"product_shipping_class-global_methods","9":"first","10":"instock","11":"taxable","12":"shipping-taxable","13":"purchasable","14":"product-type-simple"},"yoast_head":"<!-- This site is optimized with the Yoast SEO plugin v27.4 - https:\/\/yoast.com\/product\/yoast-seo-wordpress\/ -->\n<title>Aqua Marina CARBON PRO - Verstellbares Carbon Fiber iSUP Paddle (WB) | Jetzt kaufen | Schweizversand.ch<\/title>\n<meta name=\"description\" content=\"Aqua Marina CARBON PRO - Verstellbares Carbon Fiber iSUP Paddle (WB) g\u00fcnstig kaufen bei Schweizversand.ch. Schnelle Lieferung in der Schweiz. Gratisversand ab CHF 50.\" \/>\n<meta name=\"robots\" content=\"index, follow, max-snippet:-1, max-image-preview:large, max-video-preview:-1\" \/>\n<link rel=\"canonical\" href=\"https:\/\/schweizversand.ch\/fr\/produkt\/aqua-marina-carbon-pro-verstellbares-carbon-fiber-isup-paddle-wb\/\" \/>\n<meta property=\"og:locale\" content=\"fr_FR\" \/>\n<meta property=\"og:type\" content=\"article\" \/>\n<meta property=\"og:title\" content=\"Aqua Marina CARBON PRO - Verstellbares Carbon Fiber iSUP Paddle (WB) | Jetzt kaufen | Schweizversand.ch\" \/>\n<meta property=\"og:description\" content=\"Aqua Marina CARBON PRO - Verstellbares Carbon Fiber iSUP Paddle (WB) g\u00fcnstig kaufen bei Schweizversand.ch. Schnelle Lieferung in der Schweiz. Gratisversand ab CHF 50.\" \/>\n<meta property=\"og:url\" content=\"https:\/\/schweizversand.ch\/fr\/produkt\/aqua-marina-carbon-pro-verstellbares-carbon-fiber-isup-paddle-wb\/\" \/>\n<meta property=\"og:site_name\" content=\"Schweizer Shop f\u00fcr Sport, Spiel und Freizeit\" \/>\n<meta property=\"article:publisher\" content=\"https:\/\/www.facebook.com\/Schweizversand\" \/>\n<meta property=\"article:modified_time\" content=\"2026-04-19T00:04:01+00:00\" \/>\n<meta property=\"og:image\" content=\"https:\/\/schweizversand.ch\/wp-content\/uploads\/2026\/02\/5471546164.jpg\" \/>\n\t<meta property=\"og:image:width\" content=\"96\" \/>\n\t<meta property=\"og:image:height\" content=\"1024\" \/>\n\t<meta property=\"og:image:type\" content=\"image\/jpeg\" \/>\n<meta name=\"twitter:card\" content=\"summary_large_image\" \/>\n<meta name=\"twitter:label1\" content=\"Dur\u00e9e de lecture estim\u00e9e\" \/>\n\t<meta name=\"twitter:data1\" content=\"2 minutes\" \/>\n<script type=\"application\/ld+json\" class=\"yoast-schema-graph\">{\"@context\":\"https:\\\/\\\/schema.org\",\"@graph\":[{\"@type\":\"WebPage\",\"@id\":\"https:\\\/\\\/schweizversand.ch\\\/fr\\\/produkt\\\/aqua-marina-carbon-pro-verstellbares-carbon-fiber-isup-paddle-wb\\\/\",\"url\":\"https:\\\/\\\/schweizversand.ch\\\/fr\\\/produkt\\\/aqua-marina-carbon-pro-verstellbares-carbon-fiber-isup-paddle-wb\\\/\",\"name\":\"Aqua Marina CARBON PRO - Verstellbares Carbon Fiber iSUP Paddle (WB) | Jetzt kaufen | Schweizversand.ch\",\"isPartOf\":{\"@id\":\"https:\\\/\\\/schweizversand.ch\\\/fr\\\/#website\"},\"primaryImageOfPage\":{\"@id\":\"https:\\\/\\\/schweizversand.ch\\\/fr\\\/produkt\\\/aqua-marina-carbon-pro-verstellbares-carbon-fiber-isup-paddle-wb\\\/#primaryimage\"},\"image\":{\"@id\":\"https:\\\/\\\/schweizversand.ch\\\/fr\\\/produkt\\\/aqua-marina-carbon-pro-verstellbares-carbon-fiber-isup-paddle-wb\\\/#primaryimage\"},\"thumbnailUrl\":\"https:\\\/\\\/schweizversand.ch\\\/wp-content\\\/uploads\\\/2026\\\/02\\\/5471546164.jpg\",\"datePublished\":\"2026-03-14T23:55:26+00:00\",\"dateModified\":\"2026-04-19T00:04:01+00:00\",\"description\":\"Aqua Marina CARBON PRO - Verstellbares Carbon Fiber iSUP Paddle (WB) g\u00fcnstig kaufen bei Schweizversand.ch. Schnelle Lieferung in der Schweiz. Gratisversand ab CHF 50.\",\"breadcrumb\":{\"@id\":\"https:\\\/\\\/schweizversand.ch\\\/fr\\\/produkt\\\/aqua-marina-carbon-pro-verstellbares-carbon-fiber-isup-paddle-wb\\\/#breadcrumb\"},\"inLanguage\":\"fr-FR\",\"potentialAction\":[{\"@type\":\"ReadAction\",\"target\":[\"https:\\\/\\\/schweizversand.ch\\\/fr\\\/produkt\\\/aqua-marina-carbon-pro-verstellbares-carbon-fiber-isup-paddle-wb\\\/\"]}]},{\"@type\":\"ImageObject\",\"inLanguage\":\"fr-FR\",\"@id\":\"https:\\\/\\\/schweizversand.ch\\\/fr\\\/produkt\\\/aqua-marina-carbon-pro-verstellbares-carbon-fiber-isup-paddle-wb\\\/#primaryimage\",\"url\":\"https:\\\/\\\/schweizversand.ch\\\/wp-content\\\/uploads\\\/2026\\\/02\\\/5471546164.jpg\",\"contentUrl\":\"https:\\\/\\\/schweizversand.ch\\\/wp-content\\\/uploads\\\/2026\\\/02\\\/5471546164.jpg\",\"width\":96,\"height\":1024},{\"@type\":\"BreadcrumbList\",\"@id\":\"https:\\\/\\\/schweizversand.ch\\\/fr\\\/produkt\\\/aqua-marina-carbon-pro-verstellbares-carbon-fiber-isup-paddle-wb\\\/#breadcrumb\",\"itemListElement\":[{\"@type\":\"ListItem\",\"position\":1,\"name\":\"Startseite\",\"item\":\"https:\\\/\\\/schweizversand.ch\\\/fr\\\/home\\\/\"},{\"@type\":\"ListItem\",\"position\":2,\"name\":\"Boutique\",\"item\":\"https:\\\/\\\/schweizversand.ch\\\/fr\\\/boutique\\\/\"},{\"@type\":\"ListItem\",\"position\":3,\"name\":\"Sports\",\"item\":\"https:\\\/\\\/schweizversand.ch\\\/fr\\\/produkt-kategorie\\\/sports\\\/\"},{\"@type\":\"ListItem\",\"position\":4,\"name\":\"Sports nautiques\",\"item\":\"https:\\\/\\\/schweizversand.ch\\\/fr\\\/produkt-kategorie\\\/sports\\\/sports-nautiques\\\/\"},{\"@type\":\"ListItem\",\"position\":5,\"name\":\"Stand Up Paddle\",\"item\":\"https:\\\/\\\/schweizversand.ch\\\/fr\\\/produkt-kategorie\\\/sports\\\/sports-nautiques\\\/stand-up-paddling\\\/\"},{\"@type\":\"ListItem\",\"position\":6,\"name\":\"Aqua Marina CARBON PRO &#8211; Pagaie iSUP r\u00e9glable en fibre de carbone (WB)\"}]},{\"@type\":\"WebSite\",\"@id\":\"https:\\\/\\\/schweizversand.ch\\\/fr\\\/#website\",\"url\":\"https:\\\/\\\/schweizversand.ch\\\/fr\\\/\",\"name\":\"Schweizer Shop f\u00fcr Sport, Spiel und Freizeit\",\"description\":\"Gratisversand ab 50.- (netto), ab eigenem schweizer Lager, Lieferung innert 48h\",\"publisher\":{\"@id\":\"https:\\\/\\\/schweizversand.ch\\\/fr\\\/#organization\"},\"alternateName\":\"Schweizversand.ch\",\"potentialAction\":[{\"@type\":\"SearchAction\",\"target\":{\"@type\":\"EntryPoint\",\"urlTemplate\":\"https:\\\/\\\/schweizversand.ch\\\/fr\\\/?s={search_term_string}\"},\"query-input\":{\"@type\":\"PropertyValueSpecification\",\"valueRequired\":true,\"valueName\":\"search_term_string\"}}],\"inLanguage\":\"fr-FR\"},{\"@type\":\"Organization\",\"@id\":\"https:\\\/\\\/schweizversand.ch\\\/fr\\\/#organization\",\"name\":\"Schweizversand.ch\",\"url\":\"https:\\\/\\\/schweizversand.ch\\\/fr\\\/\",\"logo\":{\"@type\":\"ImageObject\",\"inLanguage\":\"fr-FR\",\"@id\":\"https:\\\/\\\/schweizversand.ch\\\/fr\\\/#\\\/schema\\\/logo\\\/image\\\/\",\"url\":\"https:\\\/\\\/schweizversand.ch\\\/wp-content\\\/uploads\\\/2026\\\/03\\\/Logo_Rund_Final-1.png\",\"contentUrl\":\"https:\\\/\\\/schweizversand.ch\\\/wp-content\\\/uploads\\\/2026\\\/03\\\/Logo_Rund_Final-1.png\",\"width\":404,\"height\":404,\"caption\":\"Schweizversand.ch\"},\"image\":{\"@id\":\"https:\\\/\\\/schweizversand.ch\\\/fr\\\/#\\\/schema\\\/logo\\\/image\\\/\"},\"sameAs\":[\"https:\\\/\\\/www.facebook.com\\\/Schweizversand\",\"https:\\\/\\\/www.instagram.com\\\/schweizversand.ch\\\/\"]}]}<\/script>\n<!-- \/ Yoast SEO plugin. -->","yoast_head_json":{"title":"Aqua Marina CARBON PRO - Verstellbares Carbon Fiber iSUP Paddle (WB) | Jetzt kaufen | Schweizversand.ch","description":"Aqua Marina CARBON PRO - Verstellbares Carbon Fiber iSUP Paddle (WB) g\u00fcnstig kaufen bei Schweizversand.ch. Schnelle Lieferung in der Schweiz. Gratisversand ab CHF 50.","robots":{"index":"index","follow":"follow","max-snippet":"max-snippet:-1","max-image-preview":"max-image-preview:large","max-video-preview":"max-video-preview:-1"},"canonical":"https:\/\/schweizversand.ch\/fr\/produkt\/aqua-marina-carbon-pro-verstellbares-carbon-fiber-isup-paddle-wb\/","og_locale":"fr_FR","og_type":"article","og_title":"Aqua Marina CARBON PRO - Verstellbares Carbon Fiber iSUP Paddle (WB) | Jetzt kaufen | Schweizversand.ch","og_description":"Aqua Marina CARBON PRO - Verstellbares Carbon Fiber iSUP Paddle (WB) g\u00fcnstig kaufen bei Schweizversand.ch. Schnelle Lieferung in der Schweiz. Gratisversand ab CHF 50.","og_url":"https:\/\/schweizversand.ch\/fr\/produkt\/aqua-marina-carbon-pro-verstellbares-carbon-fiber-isup-paddle-wb\/","og_site_name":"Schweizer Shop f\u00fcr Sport, Spiel und Freizeit","article_publisher":"https:\/\/www.facebook.com\/Schweizversand","article_modified_time":"2026-04-19T00:04:01+00:00","og_image":[{"width":96,"height":1024,"url":"https:\/\/schweizversand.ch\/wp-content\/uploads\/2026\/02\/5471546164.jpg","type":"image\/jpeg"}],"twitter_card":"summary_large_image","twitter_misc":{"Dur\u00e9e de lecture estim\u00e9e":"2 minutes"},"schema":{"@context":"https:\/\/schema.org","@graph":[{"@type":"WebPage","@id":"https:\/\/schweizversand.ch\/fr\/produkt\/aqua-marina-carbon-pro-verstellbares-carbon-fiber-isup-paddle-wb\/","url":"https:\/\/schweizversand.ch\/fr\/produkt\/aqua-marina-carbon-pro-verstellbares-carbon-fiber-isup-paddle-wb\/","name":"Aqua Marina CARBON PRO - Verstellbares Carbon Fiber iSUP Paddle (WB) | Jetzt kaufen | Schweizversand.ch","isPartOf":{"@id":"https:\/\/schweizversand.ch\/fr\/#website"},"primaryImageOfPage":{"@id":"https:\/\/schweizversand.ch\/fr\/produkt\/aqua-marina-carbon-pro-verstellbares-carbon-fiber-isup-paddle-wb\/#primaryimage"},"image":{"@id":"https:\/\/schweizversand.ch\/fr\/produkt\/aqua-marina-carbon-pro-verstellbares-carbon-fiber-isup-paddle-wb\/#primaryimage"},"thumbnailUrl":"https:\/\/schweizversand.ch\/wp-content\/uploads\/2026\/02\/5471546164.jpg","datePublished":"2026-03-14T23:55:26+00:00","dateModified":"2026-04-19T00:04:01+00:00","description":"Aqua Marina CARBON PRO - Verstellbares Carbon Fiber iSUP Paddle (WB) g\u00fcnstig kaufen bei Schweizversand.ch. Schnelle Lieferung in der Schweiz. Gratisversand ab CHF 50.","breadcrumb":{"@id":"https:\/\/schweizversand.ch\/fr\/produkt\/aqua-marina-carbon-pro-verstellbares-carbon-fiber-isup-paddle-wb\/#breadcrumb"},"inLanguage":"fr-FR","potentialAction":[{"@type":"ReadAction","target":["https:\/\/schweizversand.ch\/fr\/produkt\/aqua-marina-carbon-pro-verstellbares-carbon-fiber-isup-paddle-wb\/"]}]},{"@type":"ImageObject","inLanguage":"fr-FR","@id":"https:\/\/schweizversand.ch\/fr\/produkt\/aqua-marina-carbon-pro-verstellbares-carbon-fiber-isup-paddle-wb\/#primaryimage","url":"https:\/\/schweizversand.ch\/wp-content\/uploads\/2026\/02\/5471546164.jpg","contentUrl":"https:\/\/schweizversand.ch\/wp-content\/uploads\/2026\/02\/5471546164.jpg","width":96,"height":1024},{"@type":"BreadcrumbList","@id":"https:\/\/schweizversand.ch\/fr\/produkt\/aqua-marina-carbon-pro-verstellbares-carbon-fiber-isup-paddle-wb\/#breadcrumb","itemListElement":[{"@type":"ListItem","position":1,"name":"Startseite","item":"https:\/\/schweizversand.ch\/fr\/home\/"},{"@type":"ListItem","position":2,"name":"Boutique","item":"https:\/\/schweizversand.ch\/fr\/boutique\/"},{"@type":"ListItem","position":3,"name":"Sports","item":"https:\/\/schweizversand.ch\/fr\/produkt-kategorie\/sports\/"},{"@type":"ListItem","position":4,"name":"Sports nautiques","item":"https:\/\/schweizversand.ch\/fr\/produkt-kategorie\/sports\/sports-nautiques\/"},{"@type":"ListItem","position":5,"name":"Stand Up Paddle","item":"https:\/\/schweizversand.ch\/fr\/produkt-kategorie\/sports\/sports-nautiques\/stand-up-paddling\/"},{"@type":"ListItem","position":6,"name":"Aqua Marina CARBON PRO &#8211; Pagaie iSUP r\u00e9glable en fibre de carbone (WB)"}]},{"@type":"WebSite","@id":"https:\/\/schweizversand.ch\/fr\/#website","url":"https:\/\/schweizversand.ch\/fr\/","name":"Schweizer Shop f\u00fcr Sport, Spiel und Freizeit","description":"Gratisversand ab 50.- (netto), ab eigenem schweizer Lager, Lieferung innert 48h","publisher":{"@id":"https:\/\/schweizversand.ch\/fr\/#organization"},"alternateName":"Schweizversand.ch","potentialAction":[{"@type":"SearchAction","target":{"@type":"EntryPoint","urlTemplate":"https:\/\/schweizversand.ch\/fr\/?s={search_term_string}"},"query-input":{"@type":"PropertyValueSpecification","valueRequired":true,"valueName":"search_term_string"}}],"inLanguage":"fr-FR"},{"@type":"Organization","@id":"https:\/\/schweizversand.ch\/fr\/#organization","name":"Schweizversand.ch","url":"https:\/\/schweizversand.ch\/fr\/","logo":{"@type":"ImageObject","inLanguage":"fr-FR","@id":"https:\/\/schweizversand.ch\/fr\/#\/schema\/logo\/image\/","url":"https:\/\/schweizversand.ch\/wp-content\/uploads\/2026\/03\/Logo_Rund_Final-1.png","contentUrl":"https:\/\/schweizversand.ch\/wp-content\/uploads\/2026\/03\/Logo_Rund_Final-1.png","width":404,"height":404,"caption":"Schweizversand.ch"},"image":{"@id":"https:\/\/schweizversand.ch\/fr\/#\/schema\/logo\/image\/"},"sameAs":["https:\/\/www.facebook.com\/Schweizversand","https:\/\/www.instagram.com\/schweizversand.ch\/"]}]}},"jetpack_sharing_enabled":true,"_links":{"self":[{"href":"https:\/\/schweizversand.ch\/fr\/wp-json\/wp\/v2\/product\/253753","targetHints":{"allow":["GET"]}}],"collection":[{"href":"https:\/\/schweizversand.ch\/fr\/wp-json\/wp\/v2\/product"}],"about":[{"href":"https:\/\/schweizversand.ch\/fr\/wp-json\/wp\/v2\/types\/product"}],"replies":[{"embeddable":true,"href":"https:\/\/schweizversand.ch\/fr\/wp-json\/wp\/v2\/comments?post=253753"}],"wp:featuredmedia":[{"embeddable":true,"href":"https:\/\/schweizversand.ch\/fr\/wp-json\/wp\/v2\/media\/160386"}],"wp:attachment":[{"href":"https:\/\/schweizversand.ch\/fr\/wp-json\/wp\/v2\/media?parent=253753"}],"wp:term":[{"taxonomy":"product_brand","embeddable":true,"href":"https:\/\/schweizversand.ch\/fr\/wp-json\/wp\/v2\/product_brand?post=253753"},{"taxonomy":"product_cat","embeddable":true,"href":"https:\/\/schweizversand.ch\/fr\/wp-json\/wp\/v2\/product_cat?post=253753"},{"taxonomy":"product_tag","embeddable":true,"href":"https:\/\/schweizversand.ch\/fr\/wp-json\/wp\/v2\/product_tag?post=253753"}],"curies":[{"name":"wp","href":"https:\/\/api.w.org\/{rel}","templated":true}]}}