{"id":253770,"date":"2026-03-15T00:55:29","date_gmt":"2026-03-14T23:55:29","guid":{"rendered":"https:\/\/schweizversand.ch\/produkt\/bestway-kinder-schlauchboot-cruiser\/"},"modified":"2026-04-19T02:04:05","modified_gmt":"2026-04-19T00:04:05","slug":"bestway-kinder-schlauchboot-cruiser","status":"publish","type":"product","link":"https:\/\/schweizversand.ch\/fr\/produkt\/bestway-kinder-schlauchboot-cruiser\/","title":{"rendered":"Croisi\u00e8re gonflable pour enfants Bestway"},"content":{"rendered":"<p>Plongez dans un monde d&rsquo;aventures aquatiques palpitantes avec ces jouets gonflables disponibles en deux mod\u00e8les irr\u00e9sistibles !<\/p>\n<\/p>\n<p>Vaisseau spatial :<\/p>\n<\/p>\n<p>\u2022 Dimensions gonfl\u00e9 : 100 x 100 x 33 cm<\/p>\n<\/p>\n<p>\u2022 Dimensions d\u00e9gonfl\u00e9 : 104 x 99 cm<\/p>\n<\/p>\n<p>Bateau \u00e0 cordon :<\/p>\n<\/p>\n<p>\u2022 Dimensions gonfl\u00e9 : 91 x 58 x 50 cm<\/p>\n<\/p>\n<p>\u2022 Dimensions d\u00e9gonfl\u00e9 : 99 x 66 cm<\/p>\n<\/p>\n<p>Ces jouets aquatiques sont parfaits pour les petits aventuriers de 3 \u00e0 6 ans. Fabriqu\u00e9s en PVC r\u00e9sistant, ils sont con\u00e7us pour affronter les joies de l&rsquo;eau en \u00e9t\u00e9.<\/p>\n<\/p>\n<p>Les mod\u00e8les propos\u00e9s arborent de superbes combinaisons bicolores qui raviront vos enfants. Gr\u00e2ce \u00e0 leur valve de s\u00e9curit\u00e9, le gonflage est facile et rapide, pour une utilisation en toute s\u00e9curit\u00e9.<\/p>\n<\/p>\n<p>Veuillez noter que le mod\u00e8le ne peut \u00eatre choisi, car l&rsquo;envoi se fait de mani\u00e8re al\u00e9atoire, dans la limite des stocks disponibles. Le prix indiqu\u00e9 est par article et garantit des heures d&rsquo;amusement aquatique pour vos petits explorateurs. Chaque jouet aquatique est fourni avec un patch de r\u00e9paration autocollant pour que le plaisir continue sans interruption. Plongez dans l&rsquo;\u00e9t\u00e9 et vivez des moments inoubliables dans la piscine avec ces jouets gonflables !<\/p>\n","protected":false},"excerpt":{"rendered":"<p>Plongez dans un monde d&rsquo;aventures aquatiques palpitantes avec ces jouets gonflables disponibles en deux mod\u00e8les irr\u00e9sistibles ! Vaisseau spatial : \u2022 Dimensions gonfl\u00e9 : 100 x 100 x 33 cm \u2022 Dimensions d\u00e9gonfl\u00e9 : 104 x 99 cm Bateau \u00e0 cordon : \u2022 Dimensions gonfl\u00e9 : 91 x 58 x 50 cm \u2022 Dimensions d\u00e9gonfl\u00e9 : 99 x 66 cm Ces jouets aquatiques sont parfaits pour les petits aventuriers de 3 \u00e0 6 ans. Fabriqu\u00e9s&hellip;<\/p>\n","protected":false},"featured_media":160397,"comment_status":"open","ping_status":"closed","template":"","meta":[],"product_brand":[],"product_cat":[39051],"product_tag":[],"class_list":{"0":"post-253770","1":"product","2":"type-product","3":"status-publish","4":"has-post-thumbnail","6":"product_cat-loisirs-aquatiques","7":"product_shipping_class-global_methods","9":"first","10":"instock","11":"taxable","12":"shipping-taxable","13":"purchasable","14":"product-type-simple"},"yoast_head":"<!-- This site is optimized with the Yoast SEO plugin v27.4 - https:\/\/yoast.com\/product\/yoast-seo-wordpress\/ -->\n<title>Bestway Kinder-Schlauchboot Cruiser | Jetzt kaufen | Schweizversand.ch<\/title>\n<meta name=\"description\" content=\"Bestway Kinder-Schlauchboot Cruiser g\u00fcnstig kaufen bei Schweizversand.ch. Schnelle Lieferung in der Schweiz. Gratisversand ab CHF 50.\" \/>\n<meta name=\"robots\" content=\"index, follow, max-snippet:-1, max-image-preview:large, max-video-preview:-1\" \/>\n<link rel=\"canonical\" href=\"https:\/\/schweizversand.ch\/fr\/produkt\/bestway-kinder-schlauchboot-cruiser\/\" \/>\n<meta property=\"og:locale\" content=\"fr_FR\" \/>\n<meta property=\"og:type\" content=\"article\" \/>\n<meta property=\"og:title\" content=\"Bestway Kinder-Schlauchboot Cruiser | Jetzt kaufen | Schweizversand.ch\" \/>\n<meta property=\"og:description\" content=\"Bestway Kinder-Schlauchboot Cruiser g\u00fcnstig kaufen bei Schweizversand.ch. Schnelle Lieferung in der Schweiz. Gratisversand ab CHF 50.\" \/>\n<meta property=\"og:url\" content=\"https:\/\/schweizversand.ch\/fr\/produkt\/bestway-kinder-schlauchboot-cruiser\/\" \/>\n<meta property=\"og:site_name\" content=\"Schweizer Shop f\u00fcr Sport, Spiel und Freizeit\" \/>\n<meta property=\"article:publisher\" content=\"https:\/\/www.facebook.com\/Schweizversand\" \/>\n<meta property=\"article:modified_time\" content=\"2026-04-19T00:04:05+00:00\" \/>\n<meta property=\"og:image\" content=\"https:\/\/schweizversand.ch\/wp-content\/uploads\/2026\/02\/5471535039.jpg\" \/>\n\t<meta property=\"og:image:width\" content=\"1024\" \/>\n\t<meta property=\"og:image:height\" content=\"753\" \/>\n\t<meta property=\"og:image:type\" content=\"image\/jpeg\" \/>\n<meta name=\"twitter:card\" content=\"summary_large_image\" \/>\n<meta name=\"twitter:label1\" content=\"Dur\u00e9e de lecture estim\u00e9e\" \/>\n\t<meta name=\"twitter:data1\" content=\"1 minute\" \/>\n<script type=\"application\/ld+json\" class=\"yoast-schema-graph\">{\"@context\":\"https:\\\/\\\/schema.org\",\"@graph\":[{\"@type\":\"WebPage\",\"@id\":\"https:\\\/\\\/schweizversand.ch\\\/fr\\\/produkt\\\/bestway-kinder-schlauchboot-cruiser\\\/\",\"url\":\"https:\\\/\\\/schweizversand.ch\\\/fr\\\/produkt\\\/bestway-kinder-schlauchboot-cruiser\\\/\",\"name\":\"Bestway Kinder-Schlauchboot Cruiser | Jetzt kaufen | Schweizversand.ch\",\"isPartOf\":{\"@id\":\"https:\\\/\\\/schweizversand.ch\\\/fr\\\/#website\"},\"primaryImageOfPage\":{\"@id\":\"https:\\\/\\\/schweizversand.ch\\\/fr\\\/produkt\\\/bestway-kinder-schlauchboot-cruiser\\\/#primaryimage\"},\"image\":{\"@id\":\"https:\\\/\\\/schweizversand.ch\\\/fr\\\/produkt\\\/bestway-kinder-schlauchboot-cruiser\\\/#primaryimage\"},\"thumbnailUrl\":\"https:\\\/\\\/schweizversand.ch\\\/wp-content\\\/uploads\\\/2026\\\/02\\\/5471535039.jpg\",\"datePublished\":\"2026-03-14T23:55:29+00:00\",\"dateModified\":\"2026-04-19T00:04:05+00:00\",\"description\":\"Bestway Kinder-Schlauchboot Cruiser g\u00fcnstig kaufen bei Schweizversand.ch. Schnelle Lieferung in der Schweiz. Gratisversand ab CHF 50.\",\"breadcrumb\":{\"@id\":\"https:\\\/\\\/schweizversand.ch\\\/fr\\\/produkt\\\/bestway-kinder-schlauchboot-cruiser\\\/#breadcrumb\"},\"inLanguage\":\"fr-FR\",\"potentialAction\":[{\"@type\":\"ReadAction\",\"target\":[\"https:\\\/\\\/schweizversand.ch\\\/fr\\\/produkt\\\/bestway-kinder-schlauchboot-cruiser\\\/\"]}]},{\"@type\":\"ImageObject\",\"inLanguage\":\"fr-FR\",\"@id\":\"https:\\\/\\\/schweizversand.ch\\\/fr\\\/produkt\\\/bestway-kinder-schlauchboot-cruiser\\\/#primaryimage\",\"url\":\"https:\\\/\\\/schweizversand.ch\\\/wp-content\\\/uploads\\\/2026\\\/02\\\/5471535039.jpg\",\"contentUrl\":\"https:\\\/\\\/schweizversand.ch\\\/wp-content\\\/uploads\\\/2026\\\/02\\\/5471535039.jpg\",\"width\":1024,\"height\":753},{\"@type\":\"BreadcrumbList\",\"@id\":\"https:\\\/\\\/schweizversand.ch\\\/fr\\\/produkt\\\/bestway-kinder-schlauchboot-cruiser\\\/#breadcrumb\",\"itemListElement\":[{\"@type\":\"ListItem\",\"position\":1,\"name\":\"Startseite\",\"item\":\"https:\\\/\\\/schweizversand.ch\\\/fr\\\/home\\\/\"},{\"@type\":\"ListItem\",\"position\":2,\"name\":\"Boutique\",\"item\":\"https:\\\/\\\/schweizversand.ch\\\/fr\\\/boutique\\\/\"},{\"@type\":\"ListItem\",\"position\":3,\"name\":\"Sports\",\"item\":\"https:\\\/\\\/schweizversand.ch\\\/fr\\\/produkt-kategorie\\\/sports\\\/\"},{\"@type\":\"ListItem\",\"position\":4,\"name\":\"Sports nautiques\",\"item\":\"https:\\\/\\\/schweizversand.ch\\\/fr\\\/produkt-kategorie\\\/sports\\\/sports-nautiques\\\/\"},{\"@type\":\"ListItem\",\"position\":5,\"name\":\"Loisirs aquatiques\",\"item\":\"https:\\\/\\\/schweizversand.ch\\\/fr\\\/produkt-kategorie\\\/sports\\\/sports-nautiques\\\/loisirs-aquatiques\\\/\"},{\"@type\":\"ListItem\",\"position\":6,\"name\":\"Croisi\u00e8re gonflable pour enfants Bestway\"}]},{\"@type\":\"WebSite\",\"@id\":\"https:\\\/\\\/schweizversand.ch\\\/fr\\\/#website\",\"url\":\"https:\\\/\\\/schweizversand.ch\\\/fr\\\/\",\"name\":\"Schweizer Shop f\u00fcr Sport, Spiel und Freizeit\",\"description\":\"Gratisversand ab 50.- (netto), ab eigenem schweizer Lager, Lieferung innert 48h\",\"publisher\":{\"@id\":\"https:\\\/\\\/schweizversand.ch\\\/fr\\\/#organization\"},\"alternateName\":\"Schweizversand.ch\",\"potentialAction\":[{\"@type\":\"SearchAction\",\"target\":{\"@type\":\"EntryPoint\",\"urlTemplate\":\"https:\\\/\\\/schweizversand.ch\\\/fr\\\/?s={search_term_string}\"},\"query-input\":{\"@type\":\"PropertyValueSpecification\",\"valueRequired\":true,\"valueName\":\"search_term_string\"}}],\"inLanguage\":\"fr-FR\"},{\"@type\":\"Organization\",\"@id\":\"https:\\\/\\\/schweizversand.ch\\\/fr\\\/#organization\",\"name\":\"Schweizversand.ch\",\"url\":\"https:\\\/\\\/schweizversand.ch\\\/fr\\\/\",\"logo\":{\"@type\":\"ImageObject\",\"inLanguage\":\"fr-FR\",\"@id\":\"https:\\\/\\\/schweizversand.ch\\\/fr\\\/#\\\/schema\\\/logo\\\/image\\\/\",\"url\":\"https:\\\/\\\/schweizversand.ch\\\/wp-content\\\/uploads\\\/2026\\\/03\\\/Logo_Rund_Final-1.png\",\"contentUrl\":\"https:\\\/\\\/schweizversand.ch\\\/wp-content\\\/uploads\\\/2026\\\/03\\\/Logo_Rund_Final-1.png\",\"width\":404,\"height\":404,\"caption\":\"Schweizversand.ch\"},\"image\":{\"@id\":\"https:\\\/\\\/schweizversand.ch\\\/fr\\\/#\\\/schema\\\/logo\\\/image\\\/\"},\"sameAs\":[\"https:\\\/\\\/www.facebook.com\\\/Schweizversand\",\"https:\\\/\\\/www.instagram.com\\\/schweizversand.ch\\\/\"]}]}<\/script>\n<!-- \/ Yoast SEO plugin. -->","yoast_head_json":{"title":"Bestway Kinder-Schlauchboot Cruiser | Jetzt kaufen | Schweizversand.ch","description":"Bestway Kinder-Schlauchboot Cruiser g\u00fcnstig kaufen bei Schweizversand.ch. Schnelle Lieferung in der Schweiz. Gratisversand ab CHF 50.","robots":{"index":"index","follow":"follow","max-snippet":"max-snippet:-1","max-image-preview":"max-image-preview:large","max-video-preview":"max-video-preview:-1"},"canonical":"https:\/\/schweizversand.ch\/fr\/produkt\/bestway-kinder-schlauchboot-cruiser\/","og_locale":"fr_FR","og_type":"article","og_title":"Bestway Kinder-Schlauchboot Cruiser | Jetzt kaufen | Schweizversand.ch","og_description":"Bestway Kinder-Schlauchboot Cruiser g\u00fcnstig kaufen bei Schweizversand.ch. Schnelle Lieferung in der Schweiz. Gratisversand ab CHF 50.","og_url":"https:\/\/schweizversand.ch\/fr\/produkt\/bestway-kinder-schlauchboot-cruiser\/","og_site_name":"Schweizer Shop f\u00fcr Sport, Spiel und Freizeit","article_publisher":"https:\/\/www.facebook.com\/Schweizversand","article_modified_time":"2026-04-19T00:04:05+00:00","og_image":[{"width":1024,"height":753,"url":"https:\/\/schweizversand.ch\/wp-content\/uploads\/2026\/02\/5471535039.jpg","type":"image\/jpeg"}],"twitter_card":"summary_large_image","twitter_misc":{"Dur\u00e9e de lecture estim\u00e9e":"1 minute"},"schema":{"@context":"https:\/\/schema.org","@graph":[{"@type":"WebPage","@id":"https:\/\/schweizversand.ch\/fr\/produkt\/bestway-kinder-schlauchboot-cruiser\/","url":"https:\/\/schweizversand.ch\/fr\/produkt\/bestway-kinder-schlauchboot-cruiser\/","name":"Bestway Kinder-Schlauchboot Cruiser | Jetzt kaufen | Schweizversand.ch","isPartOf":{"@id":"https:\/\/schweizversand.ch\/fr\/#website"},"primaryImageOfPage":{"@id":"https:\/\/schweizversand.ch\/fr\/produkt\/bestway-kinder-schlauchboot-cruiser\/#primaryimage"},"image":{"@id":"https:\/\/schweizversand.ch\/fr\/produkt\/bestway-kinder-schlauchboot-cruiser\/#primaryimage"},"thumbnailUrl":"https:\/\/schweizversand.ch\/wp-content\/uploads\/2026\/02\/5471535039.jpg","datePublished":"2026-03-14T23:55:29+00:00","dateModified":"2026-04-19T00:04:05+00:00","description":"Bestway Kinder-Schlauchboot Cruiser g\u00fcnstig kaufen bei Schweizversand.ch. Schnelle Lieferung in der Schweiz. Gratisversand ab CHF 50.","breadcrumb":{"@id":"https:\/\/schweizversand.ch\/fr\/produkt\/bestway-kinder-schlauchboot-cruiser\/#breadcrumb"},"inLanguage":"fr-FR","potentialAction":[{"@type":"ReadAction","target":["https:\/\/schweizversand.ch\/fr\/produkt\/bestway-kinder-schlauchboot-cruiser\/"]}]},{"@type":"ImageObject","inLanguage":"fr-FR","@id":"https:\/\/schweizversand.ch\/fr\/produkt\/bestway-kinder-schlauchboot-cruiser\/#primaryimage","url":"https:\/\/schweizversand.ch\/wp-content\/uploads\/2026\/02\/5471535039.jpg","contentUrl":"https:\/\/schweizversand.ch\/wp-content\/uploads\/2026\/02\/5471535039.jpg","width":1024,"height":753},{"@type":"BreadcrumbList","@id":"https:\/\/schweizversand.ch\/fr\/produkt\/bestway-kinder-schlauchboot-cruiser\/#breadcrumb","itemListElement":[{"@type":"ListItem","position":1,"name":"Startseite","item":"https:\/\/schweizversand.ch\/fr\/home\/"},{"@type":"ListItem","position":2,"name":"Boutique","item":"https:\/\/schweizversand.ch\/fr\/boutique\/"},{"@type":"ListItem","position":3,"name":"Sports","item":"https:\/\/schweizversand.ch\/fr\/produkt-kategorie\/sports\/"},{"@type":"ListItem","position":4,"name":"Sports nautiques","item":"https:\/\/schweizversand.ch\/fr\/produkt-kategorie\/sports\/sports-nautiques\/"},{"@type":"ListItem","position":5,"name":"Loisirs aquatiques","item":"https:\/\/schweizversand.ch\/fr\/produkt-kategorie\/sports\/sports-nautiques\/loisirs-aquatiques\/"},{"@type":"ListItem","position":6,"name":"Croisi\u00e8re gonflable pour enfants Bestway"}]},{"@type":"WebSite","@id":"https:\/\/schweizversand.ch\/fr\/#website","url":"https:\/\/schweizversand.ch\/fr\/","name":"Schweizer Shop f\u00fcr Sport, Spiel und Freizeit","description":"Gratisversand ab 50.- (netto), ab eigenem schweizer Lager, Lieferung innert 48h","publisher":{"@id":"https:\/\/schweizversand.ch\/fr\/#organization"},"alternateName":"Schweizversand.ch","potentialAction":[{"@type":"SearchAction","target":{"@type":"EntryPoint","urlTemplate":"https:\/\/schweizversand.ch\/fr\/?s={search_term_string}"},"query-input":{"@type":"PropertyValueSpecification","valueRequired":true,"valueName":"search_term_string"}}],"inLanguage":"fr-FR"},{"@type":"Organization","@id":"https:\/\/schweizversand.ch\/fr\/#organization","name":"Schweizversand.ch","url":"https:\/\/schweizversand.ch\/fr\/","logo":{"@type":"ImageObject","inLanguage":"fr-FR","@id":"https:\/\/schweizversand.ch\/fr\/#\/schema\/logo\/image\/","url":"https:\/\/schweizversand.ch\/wp-content\/uploads\/2026\/03\/Logo_Rund_Final-1.png","contentUrl":"https:\/\/schweizversand.ch\/wp-content\/uploads\/2026\/03\/Logo_Rund_Final-1.png","width":404,"height":404,"caption":"Schweizversand.ch"},"image":{"@id":"https:\/\/schweizversand.ch\/fr\/#\/schema\/logo\/image\/"},"sameAs":["https:\/\/www.facebook.com\/Schweizversand","https:\/\/www.instagram.com\/schweizversand.ch\/"]}]}},"jetpack_sharing_enabled":true,"_links":{"self":[{"href":"https:\/\/schweizversand.ch\/fr\/wp-json\/wp\/v2\/product\/253770","targetHints":{"allow":["GET"]}}],"collection":[{"href":"https:\/\/schweizversand.ch\/fr\/wp-json\/wp\/v2\/product"}],"about":[{"href":"https:\/\/schweizversand.ch\/fr\/wp-json\/wp\/v2\/types\/product"}],"replies":[{"embeddable":true,"href":"https:\/\/schweizversand.ch\/fr\/wp-json\/wp\/v2\/comments?post=253770"}],"wp:featuredmedia":[{"embeddable":true,"href":"https:\/\/schweizversand.ch\/fr\/wp-json\/wp\/v2\/media\/160397"}],"wp:attachment":[{"href":"https:\/\/schweizversand.ch\/fr\/wp-json\/wp\/v2\/media?parent=253770"}],"wp:term":[{"taxonomy":"product_brand","embeddable":true,"href":"https:\/\/schweizversand.ch\/fr\/wp-json\/wp\/v2\/product_brand?post=253770"},{"taxonomy":"product_cat","embeddable":true,"href":"https:\/\/schweizversand.ch\/fr\/wp-json\/wp\/v2\/product_cat?post=253770"},{"taxonomy":"product_tag","embeddable":true,"href":"https:\/\/schweizversand.ch\/fr\/wp-json\/wp\/v2\/product_tag?post=253770"}],"curies":[{"name":"wp","href":"https:\/\/api.w.org\/{rel}","templated":true}]}}