{"id":253772,"date":"2026-03-15T00:55:29","date_gmt":"2026-03-14T23:55:29","guid":{"rendered":"https:\/\/schweizversand.ch\/produkt\/bestway-solar-poollicht-mit-farbwechsel\/"},"modified":"2026-04-20T02:03:43","modified_gmt":"2026-04-20T00:03:43","slug":"bestway-solar-poollicht-mit-farbwechsel","status":"publish","type":"product","link":"https:\/\/schweizversand.ch\/fr\/produkt\/bestway-solar-poollicht-mit-farbwechsel\/","title":{"rendered":"Lampe solaire de piscine Bestway \u00e0 changement de couleur"},"content":{"rendered":"<p>La lampe flottante solaire, id\u00e9ale pour les piscines, est une solution moderne et \u00e9cologique pour embellir votre jardin, votre pelouse ou votre terrasse et cr\u00e9er une ambiance agr\u00e9able \u00e0 la nuit tomb\u00e9e, sans vous soucier de votre facture d&rsquo;\u00e9lectricit\u00e9.<\/p>\n<\/p>\n<p>Voici quelques d\u00e9tails sur cette lampe\u00a0:<\/p>\n<\/p>\n<p>\u2022 Technologie LED moderne \u00e0 couleurs changeantes\u00a0: Cette lampe utilise une technologie LED moderne capable de produire une vari\u00e9t\u00e9 de couleurs. La lumi\u00e8re change de couleur, cr\u00e9ant une atmosph\u00e8re agr\u00e9able et relaxante.<\/p>\n<\/p>\n<p>\u2022 \u00c9tanch\u00e9it\u00e9\u00a0: Con\u00e7ue pour une utilisation ext\u00e9rieure et pouvant \u00eatre plac\u00e9e dans l&rsquo;eau, par exemple dans une piscine, cette lampe est \u00e9tanche. Cela garantit sa s\u00e9curit\u00e9 et son fonctionnement m\u00eame sous l&rsquo;eau.<\/p>\n<\/p>\n<p>\u2022 Fonctionnement \u00e0 l&rsquo;\u00e9nergie solaire\u00a0: La lampe flottante solaire utilise l&rsquo;\u00e9nergie solaire pour se recharger pendant la journ\u00e9e. Elle est \u00e9quip\u00e9e de cellules photovolta\u00efques qui convertissent la lumi\u00e8re du soleil en \u00e9nergie et la stockent dans une batterie int\u00e9gr\u00e9e.<\/p>\n<\/p>\n<p>\u2022 Allumage\/extinction automatique\u00a0: La lampe s&rsquo;allume automatiquement au cr\u00e9puscule et s&rsquo;\u00e9teint \u00e0 l&rsquo;aube. C&rsquo;est extr\u00eamement pratique et \u00e9conomique en \u00e9nergie.<\/p>\n<\/p>\n<p>\u2022 Autonomie prolong\u00e9e\u00a0: Une fois charg\u00e9e, cette lampe peut \u00e9clairer jusqu\u2019\u00e0 8\u00a0heures, vous offrant ainsi une plus grande autonomie.<\/p>\n<\/p>\n<p>\u2022 Mat\u00e9riau\u00a0: Fabriqu\u00e9e en plastique, cette lampe mesure environ 18\u00a0cm de diam\u00e8tre. R\u00e9sistant aux intemp\u00e9ries, le plastique est un mat\u00e9riau id\u00e9al pour une utilisation en ext\u00e9rieur.<\/p>\n","protected":false},"excerpt":{"rendered":"<p>La lampe flottante solaire, id\u00e9ale pour les piscines, est une solution moderne et \u00e9cologique pour embellir votre jardin, votre pelouse ou votre terrasse et cr\u00e9er une ambiance agr\u00e9able \u00e0 la nuit tomb\u00e9e, sans vous soucier de votre facture d&rsquo;\u00e9lectricit\u00e9. Voici quelques d\u00e9tails sur cette lampe\u00a0: \u2022 Technologie LED moderne \u00e0 couleurs changeantes\u00a0: Cette lampe utilise une technologie LED moderne capable de produire une vari\u00e9t\u00e9 de couleurs. La lumi\u00e8re change de couleur, cr\u00e9ant une atmosph\u00e8re agr\u00e9able&hellip;<\/p>\n","protected":false},"featured_media":160409,"comment_status":"open","ping_status":"closed","template":"","meta":[],"product_brand":[],"product_cat":[38860],"product_tag":[],"class_list":{"0":"post-253772","1":"product","2":"type-product","3":"status-publish","4":"has-post-thumbnail","6":"product_cat-pool-zubehoer","7":"product_shipping_class-global_methods","9":"first","10":"instock","11":"taxable","12":"shipping-taxable","13":"purchasable","14":"product-type-simple"},"yoast_head":"<!-- This site is optimized with the Yoast SEO plugin v27.4 - https:\/\/yoast.com\/product\/yoast-seo-wordpress\/ -->\n<title>Bestway Solar Poollicht mit Farbwechsel | Jetzt kaufen | Schweizversand.ch<\/title>\n<meta name=\"description\" content=\"Bestway Solar Poollicht mit Farbwechsel g\u00fcnstig kaufen bei Schweizversand.ch. Schnelle Lieferung in der Schweiz. Gratisversand ab CHF 50.\" \/>\n<meta name=\"robots\" content=\"index, follow, max-snippet:-1, max-image-preview:large, max-video-preview:-1\" \/>\n<link rel=\"canonical\" href=\"https:\/\/schweizversand.ch\/fr\/produkt\/bestway-solar-poollicht-mit-farbwechsel\/\" \/>\n<meta property=\"og:locale\" content=\"fr_FR\" \/>\n<meta property=\"og:type\" content=\"article\" \/>\n<meta property=\"og:title\" content=\"Bestway Solar Poollicht mit Farbwechsel | Jetzt kaufen | Schweizversand.ch\" \/>\n<meta property=\"og:description\" content=\"Bestway Solar Poollicht mit Farbwechsel g\u00fcnstig kaufen bei Schweizversand.ch. Schnelle Lieferung in der Schweiz. Gratisversand ab CHF 50.\" \/>\n<meta property=\"og:url\" content=\"https:\/\/schweizversand.ch\/fr\/produkt\/bestway-solar-poollicht-mit-farbwechsel\/\" \/>\n<meta property=\"og:site_name\" content=\"Schweizer Shop f\u00fcr Sport, Spiel und Freizeit\" \/>\n<meta property=\"article:publisher\" content=\"https:\/\/www.facebook.com\/Schweizversand\" \/>\n<meta property=\"article:modified_time\" content=\"2026-04-20T00:03:43+00:00\" \/>\n<meta property=\"og:image\" content=\"https:\/\/schweizversand.ch\/wp-content\/uploads\/2026\/02\/5471530543.jpg\" \/>\n\t<meta property=\"og:image:width\" content=\"1024\" \/>\n\t<meta property=\"og:image:height\" content=\"1024\" \/>\n\t<meta property=\"og:image:type\" content=\"image\/jpeg\" \/>\n<meta name=\"twitter:card\" content=\"summary_large_image\" \/>\n<meta name=\"twitter:label1\" content=\"Dur\u00e9e de lecture estim\u00e9e\" \/>\n\t<meta name=\"twitter:data1\" content=\"1 minute\" \/>\n<script type=\"application\/ld+json\" class=\"yoast-schema-graph\">{\"@context\":\"https:\\\/\\\/schema.org\",\"@graph\":[{\"@type\":\"WebPage\",\"@id\":\"https:\\\/\\\/schweizversand.ch\\\/fr\\\/produkt\\\/bestway-solar-poollicht-mit-farbwechsel\\\/\",\"url\":\"https:\\\/\\\/schweizversand.ch\\\/fr\\\/produkt\\\/bestway-solar-poollicht-mit-farbwechsel\\\/\",\"name\":\"Bestway Solar Poollicht mit Farbwechsel | Jetzt kaufen | Schweizversand.ch\",\"isPartOf\":{\"@id\":\"https:\\\/\\\/schweizversand.ch\\\/fr\\\/#website\"},\"primaryImageOfPage\":{\"@id\":\"https:\\\/\\\/schweizversand.ch\\\/fr\\\/produkt\\\/bestway-solar-poollicht-mit-farbwechsel\\\/#primaryimage\"},\"image\":{\"@id\":\"https:\\\/\\\/schweizversand.ch\\\/fr\\\/produkt\\\/bestway-solar-poollicht-mit-farbwechsel\\\/#primaryimage\"},\"thumbnailUrl\":\"https:\\\/\\\/schweizversand.ch\\\/wp-content\\\/uploads\\\/2026\\\/02\\\/5471530543.jpg\",\"datePublished\":\"2026-03-14T23:55:29+00:00\",\"dateModified\":\"2026-04-20T00:03:43+00:00\",\"description\":\"Bestway Solar Poollicht mit Farbwechsel g\u00fcnstig kaufen bei Schweizversand.ch. Schnelle Lieferung in der Schweiz. Gratisversand ab CHF 50.\",\"breadcrumb\":{\"@id\":\"https:\\\/\\\/schweizversand.ch\\\/fr\\\/produkt\\\/bestway-solar-poollicht-mit-farbwechsel\\\/#breadcrumb\"},\"inLanguage\":\"fr-FR\",\"potentialAction\":[{\"@type\":\"ReadAction\",\"target\":[\"https:\\\/\\\/schweizversand.ch\\\/fr\\\/produkt\\\/bestway-solar-poollicht-mit-farbwechsel\\\/\"]}]},{\"@type\":\"ImageObject\",\"inLanguage\":\"fr-FR\",\"@id\":\"https:\\\/\\\/schweizversand.ch\\\/fr\\\/produkt\\\/bestway-solar-poollicht-mit-farbwechsel\\\/#primaryimage\",\"url\":\"https:\\\/\\\/schweizversand.ch\\\/wp-content\\\/uploads\\\/2026\\\/02\\\/5471530543.jpg\",\"contentUrl\":\"https:\\\/\\\/schweizversand.ch\\\/wp-content\\\/uploads\\\/2026\\\/02\\\/5471530543.jpg\",\"width\":1024,\"height\":1024},{\"@type\":\"BreadcrumbList\",\"@id\":\"https:\\\/\\\/schweizversand.ch\\\/fr\\\/produkt\\\/bestway-solar-poollicht-mit-farbwechsel\\\/#breadcrumb\",\"itemListElement\":[{\"@type\":\"ListItem\",\"position\":1,\"name\":\"Startseite\",\"item\":\"https:\\\/\\\/schweizversand.ch\\\/fr\\\/home\\\/\"},{\"@type\":\"ListItem\",\"position\":2,\"name\":\"Boutique\",\"item\":\"https:\\\/\\\/schweizversand.ch\\\/fr\\\/boutique\\\/\"},{\"@type\":\"ListItem\",\"position\":3,\"name\":\"Maison et jardin\",\"item\":\"https:\\\/\\\/schweizversand.ch\\\/fr\\\/produkt-kategorie\\\/maison-et-jardin\\\/\"},{\"@type\":\"ListItem\",\"position\":4,\"name\":\"Piscines &amp; Spas\",\"item\":\"https:\\\/\\\/schweizversand.ch\\\/fr\\\/produkt-kategorie\\\/maison-et-jardin\\\/piscines-spas\\\/\"},{\"@type\":\"ListItem\",\"position\":5,\"name\":\"Accessoires de piscine\",\"item\":\"https:\\\/\\\/schweizversand.ch\\\/fr\\\/produkt-kategorie\\\/pool-zubehoer\\\/\"},{\"@type\":\"ListItem\",\"position\":6,\"name\":\"Lampe solaire de piscine Bestway \u00e0 changement de couleur\"}]},{\"@type\":\"WebSite\",\"@id\":\"https:\\\/\\\/schweizversand.ch\\\/fr\\\/#website\",\"url\":\"https:\\\/\\\/schweizversand.ch\\\/fr\\\/\",\"name\":\"Schweizer Shop f\u00fcr Sport, Spiel und Freizeit\",\"description\":\"Gratisversand ab 50.- (netto), ab eigenem schweizer Lager, Lieferung innert 48h\",\"publisher\":{\"@id\":\"https:\\\/\\\/schweizversand.ch\\\/fr\\\/#organization\"},\"alternateName\":\"Schweizversand.ch\",\"potentialAction\":[{\"@type\":\"SearchAction\",\"target\":{\"@type\":\"EntryPoint\",\"urlTemplate\":\"https:\\\/\\\/schweizversand.ch\\\/fr\\\/?s={search_term_string}\"},\"query-input\":{\"@type\":\"PropertyValueSpecification\",\"valueRequired\":true,\"valueName\":\"search_term_string\"}}],\"inLanguage\":\"fr-FR\"},{\"@type\":\"Organization\",\"@id\":\"https:\\\/\\\/schweizversand.ch\\\/fr\\\/#organization\",\"name\":\"Schweizversand.ch\",\"url\":\"https:\\\/\\\/schweizversand.ch\\\/fr\\\/\",\"logo\":{\"@type\":\"ImageObject\",\"inLanguage\":\"fr-FR\",\"@id\":\"https:\\\/\\\/schweizversand.ch\\\/fr\\\/#\\\/schema\\\/logo\\\/image\\\/\",\"url\":\"https:\\\/\\\/schweizversand.ch\\\/wp-content\\\/uploads\\\/2026\\\/03\\\/Logo_Rund_Final-1.png\",\"contentUrl\":\"https:\\\/\\\/schweizversand.ch\\\/wp-content\\\/uploads\\\/2026\\\/03\\\/Logo_Rund_Final-1.png\",\"width\":404,\"height\":404,\"caption\":\"Schweizversand.ch\"},\"image\":{\"@id\":\"https:\\\/\\\/schweizversand.ch\\\/fr\\\/#\\\/schema\\\/logo\\\/image\\\/\"},\"sameAs\":[\"https:\\\/\\\/www.facebook.com\\\/Schweizversand\",\"https:\\\/\\\/www.instagram.com\\\/schweizversand.ch\\\/\"]}]}<\/script>\n<!-- \/ Yoast SEO plugin. -->","yoast_head_json":{"title":"Bestway Solar Poollicht mit Farbwechsel | Jetzt kaufen | Schweizversand.ch","description":"Bestway Solar Poollicht mit Farbwechsel g\u00fcnstig kaufen bei Schweizversand.ch. Schnelle Lieferung in der Schweiz. Gratisversand ab CHF 50.","robots":{"index":"index","follow":"follow","max-snippet":"max-snippet:-1","max-image-preview":"max-image-preview:large","max-video-preview":"max-video-preview:-1"},"canonical":"https:\/\/schweizversand.ch\/fr\/produkt\/bestway-solar-poollicht-mit-farbwechsel\/","og_locale":"fr_FR","og_type":"article","og_title":"Bestway Solar Poollicht mit Farbwechsel | Jetzt kaufen | Schweizversand.ch","og_description":"Bestway Solar Poollicht mit Farbwechsel g\u00fcnstig kaufen bei Schweizversand.ch. Schnelle Lieferung in der Schweiz. Gratisversand ab CHF 50.","og_url":"https:\/\/schweizversand.ch\/fr\/produkt\/bestway-solar-poollicht-mit-farbwechsel\/","og_site_name":"Schweizer Shop f\u00fcr Sport, Spiel und Freizeit","article_publisher":"https:\/\/www.facebook.com\/Schweizversand","article_modified_time":"2026-04-20T00:03:43+00:00","og_image":[{"width":1024,"height":1024,"url":"https:\/\/schweizversand.ch\/wp-content\/uploads\/2026\/02\/5471530543.jpg","type":"image\/jpeg"}],"twitter_card":"summary_large_image","twitter_misc":{"Dur\u00e9e de lecture estim\u00e9e":"1 minute"},"schema":{"@context":"https:\/\/schema.org","@graph":[{"@type":"WebPage","@id":"https:\/\/schweizversand.ch\/fr\/produkt\/bestway-solar-poollicht-mit-farbwechsel\/","url":"https:\/\/schweizversand.ch\/fr\/produkt\/bestway-solar-poollicht-mit-farbwechsel\/","name":"Bestway Solar Poollicht mit Farbwechsel | Jetzt kaufen | Schweizversand.ch","isPartOf":{"@id":"https:\/\/schweizversand.ch\/fr\/#website"},"primaryImageOfPage":{"@id":"https:\/\/schweizversand.ch\/fr\/produkt\/bestway-solar-poollicht-mit-farbwechsel\/#primaryimage"},"image":{"@id":"https:\/\/schweizversand.ch\/fr\/produkt\/bestway-solar-poollicht-mit-farbwechsel\/#primaryimage"},"thumbnailUrl":"https:\/\/schweizversand.ch\/wp-content\/uploads\/2026\/02\/5471530543.jpg","datePublished":"2026-03-14T23:55:29+00:00","dateModified":"2026-04-20T00:03:43+00:00","description":"Bestway Solar Poollicht mit Farbwechsel g\u00fcnstig kaufen bei Schweizversand.ch. Schnelle Lieferung in der Schweiz. Gratisversand ab CHF 50.","breadcrumb":{"@id":"https:\/\/schweizversand.ch\/fr\/produkt\/bestway-solar-poollicht-mit-farbwechsel\/#breadcrumb"},"inLanguage":"fr-FR","potentialAction":[{"@type":"ReadAction","target":["https:\/\/schweizversand.ch\/fr\/produkt\/bestway-solar-poollicht-mit-farbwechsel\/"]}]},{"@type":"ImageObject","inLanguage":"fr-FR","@id":"https:\/\/schweizversand.ch\/fr\/produkt\/bestway-solar-poollicht-mit-farbwechsel\/#primaryimage","url":"https:\/\/schweizversand.ch\/wp-content\/uploads\/2026\/02\/5471530543.jpg","contentUrl":"https:\/\/schweizversand.ch\/wp-content\/uploads\/2026\/02\/5471530543.jpg","width":1024,"height":1024},{"@type":"BreadcrumbList","@id":"https:\/\/schweizversand.ch\/fr\/produkt\/bestway-solar-poollicht-mit-farbwechsel\/#breadcrumb","itemListElement":[{"@type":"ListItem","position":1,"name":"Startseite","item":"https:\/\/schweizversand.ch\/fr\/home\/"},{"@type":"ListItem","position":2,"name":"Boutique","item":"https:\/\/schweizversand.ch\/fr\/boutique\/"},{"@type":"ListItem","position":3,"name":"Maison et jardin","item":"https:\/\/schweizversand.ch\/fr\/produkt-kategorie\/maison-et-jardin\/"},{"@type":"ListItem","position":4,"name":"Piscines &amp; Spas","item":"https:\/\/schweizversand.ch\/fr\/produkt-kategorie\/maison-et-jardin\/piscines-spas\/"},{"@type":"ListItem","position":5,"name":"Accessoires de piscine","item":"https:\/\/schweizversand.ch\/fr\/produkt-kategorie\/pool-zubehoer\/"},{"@type":"ListItem","position":6,"name":"Lampe solaire de piscine Bestway \u00e0 changement de couleur"}]},{"@type":"WebSite","@id":"https:\/\/schweizversand.ch\/fr\/#website","url":"https:\/\/schweizversand.ch\/fr\/","name":"Schweizer Shop f\u00fcr Sport, Spiel und Freizeit","description":"Gratisversand ab 50.- (netto), ab eigenem schweizer Lager, Lieferung innert 48h","publisher":{"@id":"https:\/\/schweizversand.ch\/fr\/#organization"},"alternateName":"Schweizversand.ch","potentialAction":[{"@type":"SearchAction","target":{"@type":"EntryPoint","urlTemplate":"https:\/\/schweizversand.ch\/fr\/?s={search_term_string}"},"query-input":{"@type":"PropertyValueSpecification","valueRequired":true,"valueName":"search_term_string"}}],"inLanguage":"fr-FR"},{"@type":"Organization","@id":"https:\/\/schweizversand.ch\/fr\/#organization","name":"Schweizversand.ch","url":"https:\/\/schweizversand.ch\/fr\/","logo":{"@type":"ImageObject","inLanguage":"fr-FR","@id":"https:\/\/schweizversand.ch\/fr\/#\/schema\/logo\/image\/","url":"https:\/\/schweizversand.ch\/wp-content\/uploads\/2026\/03\/Logo_Rund_Final-1.png","contentUrl":"https:\/\/schweizversand.ch\/wp-content\/uploads\/2026\/03\/Logo_Rund_Final-1.png","width":404,"height":404,"caption":"Schweizversand.ch"},"image":{"@id":"https:\/\/schweizversand.ch\/fr\/#\/schema\/logo\/image\/"},"sameAs":["https:\/\/www.facebook.com\/Schweizversand","https:\/\/www.instagram.com\/schweizversand.ch\/"]}]}},"jetpack_sharing_enabled":true,"_links":{"self":[{"href":"https:\/\/schweizversand.ch\/fr\/wp-json\/wp\/v2\/product\/253772","targetHints":{"allow":["GET"]}}],"collection":[{"href":"https:\/\/schweizversand.ch\/fr\/wp-json\/wp\/v2\/product"}],"about":[{"href":"https:\/\/schweizversand.ch\/fr\/wp-json\/wp\/v2\/types\/product"}],"replies":[{"embeddable":true,"href":"https:\/\/schweizversand.ch\/fr\/wp-json\/wp\/v2\/comments?post=253772"}],"wp:featuredmedia":[{"embeddable":true,"href":"https:\/\/schweizversand.ch\/fr\/wp-json\/wp\/v2\/media\/160409"}],"wp:attachment":[{"href":"https:\/\/schweizversand.ch\/fr\/wp-json\/wp\/v2\/media?parent=253772"}],"wp:term":[{"taxonomy":"product_brand","embeddable":true,"href":"https:\/\/schweizversand.ch\/fr\/wp-json\/wp\/v2\/product_brand?post=253772"},{"taxonomy":"product_cat","embeddable":true,"href":"https:\/\/schweizversand.ch\/fr\/wp-json\/wp\/v2\/product_cat?post=253772"},{"taxonomy":"product_tag","embeddable":true,"href":"https:\/\/schweizversand.ch\/fr\/wp-json\/wp\/v2\/product_tag?post=253772"}],"curies":[{"name":"wp","href":"https:\/\/api.w.org\/{rel}","templated":true}]}}