{"id":253792,"date":"2026-03-15T00:55:32","date_gmt":"2026-03-14T23:55:32","guid":{"rendered":"https:\/\/schweizversand.ch\/produkt\/aspen-sport-damen-herren-allround-rucksack\/"},"modified":"2026-04-20T02:03:44","modified_gmt":"2026-04-20T00:03:44","slug":"aspen-sport-damen-herren-allround-rucksack","status":"publish","type":"product","link":"https:\/\/schweizversand.ch\/fr\/produkt\/aspen-sport-damen-herren-allround-rucksack\/","title":{"rendered":"Sac \u00e0 dos polyvalent Aspen Sport pour femmes et hommes"},"content":{"rendered":"<p>D\u00e9couvrez le sac \u00e0 dos AspenSport 22L en noir \u00e9l\u00e9gant \u2013 votre fid\u00e8le compagnon pour vos excursions, randonn\u00e9es et au quotidien.<\/p>\n<\/p>\n<p>Ce sac \u00e0 dos a \u00e9t\u00e9 con\u00e7u avec une attention particuli\u00e8re port\u00e9e \u00e0 la qualit\u00e9, la fonctionnalit\u00e9 et le confort, afin de r\u00e9pondre aux besoins des hommes comme des femmes. Fabriqu\u00e9 dans un mat\u00e9riau imperm\u00e9able de haute qualit\u00e9, il prot\u00e8ge vos affaires m\u00eame d&rsquo;une pluie fine. Sa conception robuste garantit la s\u00e9curit\u00e9 et la protection de vos objets de valeur, quelles que soient les conditions climatiques. Il est \u00e9galement conforme aux normes TSA.<\/p>\n<\/p>\n<p>Les bretelles r\u00e9glables permettent un ajustement personnalis\u00e9 pour les personnes mesurant entre 160 et 180 cm. Ceci assure une r\u00e9partition optimale du poids, vous permettant de porter votre sac confortablement pendant des heures sans fatigue. Avec une capacit\u00e9 de 22 litres, il offre largement assez de place pour toutes vos affaires personnelles. Le compartiment principal est spacieux et offre un volume g\u00e9n\u00e9reux pour vos v\u00eatements, vos en-cas et autres indispensables. Les deux poches avant permettent un acc\u00e8s rapide aux objets fr\u00e9quemment utilis\u00e9s, tandis que les poches lat\u00e9rales sont id\u00e9ales pour les bouteilles d&rsquo;eau ou les parapluies. Une housse rembourr\u00e9e pour ordinateur portable 17 pouces est \u00e9galement int\u00e9gr\u00e9e au compartiment principal. Le panneau dorsal s&rsquo;ouvre compl\u00e8tement \u00e0 180 degr\u00e9s. Gr\u00e2ce \u00e0 son organisation ing\u00e9nieuse, vous aurez toujours une vue d&rsquo;ensemble claire de votre \u00e9quipement !<\/p>\n<\/p>\n<p>La conception du panneau dorsal \u00e9pouse la courbure naturelle de la colonne vert\u00e9brale, r\u00e9partissant le poids et assurant une bonne a\u00e9ration. C&rsquo;est le compagnon id\u00e9al pour les voyages, la randonn\u00e9e ou vos trajets quotidiens. Emportez tout ce dont vous avez besoin sans vous encombrer.<\/p>\n<\/p>\n<p>Sac \u00e0 dos AspenSport pour les loisirs, l&rsquo;\u00e9cole ou le bureau<\/p>\n<\/p>\n<p>\u2022 R\u00c9SISTANT AUX INTEMP\u00c9RIES &#8211; Notre sac \u00e0 dos pour femmes et hommes est fabriqu\u00e9 dans un mat\u00e9riau durable et d\u00e9perlant qui r\u00e9siste facilement \u00e0 la pluie fine et \u00e0 la neige. Il offre \u00e9galement une excellente tenue des couleurs.<\/p>\n<\/p>\n<p>\u2022 CONFORT DE PORTAGE OPTIMAL &#8211; Le panneau dorsal du sac \u00e0 dos est con\u00e7u pour \u00e9pouser la courbure naturelle de la colonne vert\u00e9brale. Il en r\u00e9sulte une r\u00e9partition optimale du poids et une bonne a\u00e9ration.<\/p>\n<\/p>\n<p>\u2022 SPACIEUX &#8211; Ce sac \u00e0 dos polyvalent est divis\u00e9 en un compartiment principal, un compartiment pour ordinateur portable, deux poches avant et des poches lat\u00e9rales en filet. Il comprend \u00e9galement un compartiment rembourr\u00e9 pour ordinateur portable jusqu&rsquo;\u00e0 17 pouces.<\/p>\n<\/p>\n<p>\u2022 R\u00c9GLABLE &#8211; Les bretelles r\u00e9glables assurent un confort optimal quelle que soit votre morphologie. Le compartiment dorsal de ce sac \u00e0 dos polyvalent s&rsquo;ouvre \u00e0 180\u00b0.<\/p>\n<\/p>\n<p>\u2022 MAT\u00c9RIAU DE HAUTE QUALIT\u00c9 &#8211; Fabriqu\u00e9 en toile 600D r\u00e9sistante\/PU, ce sac \u00e0 dos est durable et pr\u00eat pour l&rsquo;aventure. Ses dimensions sont de 47,5 x 32 x 14,5 cm.<\/p>\n","protected":false},"excerpt":{"rendered":"<p>D\u00e9couvrez le sac \u00e0 dos AspenSport 22L en noir \u00e9l\u00e9gant \u2013 votre fid\u00e8le compagnon pour vos excursions, randonn\u00e9es et au quotidien. Ce sac \u00e0 dos a \u00e9t\u00e9 con\u00e7u avec une attention particuli\u00e8re port\u00e9e \u00e0 la qualit\u00e9, la fonctionnalit\u00e9 et le confort, afin de r\u00e9pondre aux besoins des hommes comme des femmes. Fabriqu\u00e9 dans un mat\u00e9riau imperm\u00e9able de haute qualit\u00e9, il prot\u00e8ge vos affaires m\u00eame d&rsquo;une pluie fine. Sa conception robuste garantit la s\u00e9curit\u00e9 et la&hellip;<\/p>\n","protected":false},"featured_media":257340,"comment_status":"open","ping_status":"closed","template":"","meta":[],"product_brand":[],"product_cat":[38090],"product_tag":[],"class_list":{"0":"post-253792","1":"product","2":"type-product","3":"status-publish","4":"has-post-thumbnail","6":"product_cat-taschen-rucksack","7":"product_shipping_class-global_methods","9":"first","10":"instock","11":"taxable","12":"shipping-taxable","13":"purchasable","14":"product-type-simple"},"yoast_head":"<!-- This site is optimized with the Yoast SEO plugin v27.4 - https:\/\/yoast.com\/product\/yoast-seo-wordpress\/ -->\n<title>Aspen Sport Damen &amp; Herren Allround-Rucksack | Jetzt kaufen | Schweizversand.ch<\/title>\n<meta name=\"description\" content=\"Aspen Sport Damen &amp; Herren Allround-Rucksack g\u00fcnstig kaufen bei Schweizversand.ch. Schnelle Lieferung in der Schweiz. Gratisversand ab CHF 50.\" \/>\n<meta name=\"robots\" content=\"index, follow, max-snippet:-1, max-image-preview:large, max-video-preview:-1\" \/>\n<link rel=\"canonical\" href=\"https:\/\/schweizversand.ch\/fr\/produkt\/aspen-sport-damen-herren-allround-rucksack\/\" \/>\n<meta property=\"og:locale\" content=\"fr_FR\" \/>\n<meta property=\"og:type\" content=\"article\" \/>\n<meta property=\"og:title\" content=\"Aspen Sport Damen &amp; Herren Allround-Rucksack | Jetzt kaufen | Schweizversand.ch\" \/>\n<meta property=\"og:description\" content=\"Aspen Sport Damen &amp; Herren Allround-Rucksack g\u00fcnstig kaufen bei Schweizversand.ch. Schnelle Lieferung in der Schweiz. Gratisversand ab CHF 50.\" \/>\n<meta property=\"og:url\" content=\"https:\/\/schweizversand.ch\/fr\/produkt\/aspen-sport-damen-herren-allround-rucksack\/\" \/>\n<meta property=\"og:site_name\" content=\"Schweizer Shop f\u00fcr Sport, Spiel und Freizeit\" \/>\n<meta property=\"article:publisher\" content=\"https:\/\/www.facebook.com\/Schweizversand\" \/>\n<meta property=\"article:modified_time\" content=\"2026-04-20T00:03:44+00:00\" \/>\n<meta property=\"og:image\" content=\"https:\/\/schweizversand.ch\/wp-content\/uploads\/2026\/02\/5471780747.png\" \/>\n\t<meta property=\"og:image:width\" content=\"735\" \/>\n\t<meta property=\"og:image:height\" content=\"1024\" \/>\n\t<meta property=\"og:image:type\" content=\"image\/png\" \/>\n<meta name=\"twitter:card\" content=\"summary_large_image\" \/>\n<meta name=\"twitter:label1\" content=\"Dur\u00e9e de lecture estim\u00e9e\" \/>\n\t<meta name=\"twitter:data1\" content=\"2 minutes\" \/>\n<script type=\"application\/ld+json\" class=\"yoast-schema-graph\">{\"@context\":\"https:\\\/\\\/schema.org\",\"@graph\":[{\"@type\":\"WebPage\",\"@id\":\"https:\\\/\\\/schweizversand.ch\\\/fr\\\/produkt\\\/aspen-sport-damen-herren-allround-rucksack\\\/\",\"url\":\"https:\\\/\\\/schweizversand.ch\\\/fr\\\/produkt\\\/aspen-sport-damen-herren-allround-rucksack\\\/\",\"name\":\"Aspen Sport Damen & Herren Allround-Rucksack | Jetzt kaufen | Schweizversand.ch\",\"isPartOf\":{\"@id\":\"https:\\\/\\\/schweizversand.ch\\\/fr\\\/#website\"},\"primaryImageOfPage\":{\"@id\":\"https:\\\/\\\/schweizversand.ch\\\/fr\\\/produkt\\\/aspen-sport-damen-herren-allround-rucksack\\\/#primaryimage\"},\"image\":{\"@id\":\"https:\\\/\\\/schweizversand.ch\\\/fr\\\/produkt\\\/aspen-sport-damen-herren-allround-rucksack\\\/#primaryimage\"},\"thumbnailUrl\":\"https:\\\/\\\/schweizversand.ch\\\/wp-content\\\/uploads\\\/2026\\\/02\\\/5471780747.png\",\"datePublished\":\"2026-03-14T23:55:32+00:00\",\"dateModified\":\"2026-04-20T00:03:44+00:00\",\"description\":\"Aspen Sport Damen & Herren Allround-Rucksack g\u00fcnstig kaufen bei Schweizversand.ch. Schnelle Lieferung in der Schweiz. Gratisversand ab CHF 50.\",\"breadcrumb\":{\"@id\":\"https:\\\/\\\/schweizversand.ch\\\/fr\\\/produkt\\\/aspen-sport-damen-herren-allround-rucksack\\\/#breadcrumb\"},\"inLanguage\":\"fr-FR\",\"potentialAction\":[{\"@type\":\"ReadAction\",\"target\":[\"https:\\\/\\\/schweizversand.ch\\\/fr\\\/produkt\\\/aspen-sport-damen-herren-allround-rucksack\\\/\"]}]},{\"@type\":\"ImageObject\",\"inLanguage\":\"fr-FR\",\"@id\":\"https:\\\/\\\/schweizversand.ch\\\/fr\\\/produkt\\\/aspen-sport-damen-herren-allround-rucksack\\\/#primaryimage\",\"url\":\"https:\\\/\\\/schweizversand.ch\\\/wp-content\\\/uploads\\\/2026\\\/02\\\/5471780747.png\",\"contentUrl\":\"https:\\\/\\\/schweizversand.ch\\\/wp-content\\\/uploads\\\/2026\\\/02\\\/5471780747.png\",\"width\":735,\"height\":1024},{\"@type\":\"BreadcrumbList\",\"@id\":\"https:\\\/\\\/schweizversand.ch\\\/fr\\\/produkt\\\/aspen-sport-damen-herren-allround-rucksack\\\/#breadcrumb\",\"itemListElement\":[{\"@type\":\"ListItem\",\"position\":1,\"name\":\"Startseite\",\"item\":\"https:\\\/\\\/schweizversand.ch\\\/fr\\\/home\\\/\"},{\"@type\":\"ListItem\",\"position\":2,\"name\":\"Boutique\",\"item\":\"https:\\\/\\\/schweizversand.ch\\\/fr\\\/boutique\\\/\"},{\"@type\":\"ListItem\",\"position\":3,\"name\":\"Voyages\",\"item\":\"https:\\\/\\\/schweizversand.ch\\\/fr\\\/produkt-kategorie\\\/voyages\\\/\"},{\"@type\":\"ListItem\",\"position\":4,\"name\":\"Sacs et bagages\",\"item\":\"https:\\\/\\\/schweizversand.ch\\\/fr\\\/produkt-kategorie\\\/voyages\\\/sacs-et-bagages\\\/\"},{\"@type\":\"ListItem\",\"position\":5,\"name\":\"Sacs et sacs \u00e0 dos\",\"item\":\"https:\\\/\\\/schweizversand.ch\\\/fr\\\/produkt-kategorie\\\/voyages\\\/sacs-et-bagages\\\/taschen-rucksack\\\/\"},{\"@type\":\"ListItem\",\"position\":6,\"name\":\"Sac \u00e0 dos polyvalent Aspen Sport pour femmes et hommes\"}]},{\"@type\":\"WebSite\",\"@id\":\"https:\\\/\\\/schweizversand.ch\\\/fr\\\/#website\",\"url\":\"https:\\\/\\\/schweizversand.ch\\\/fr\\\/\",\"name\":\"Schweizer Shop f\u00fcr Sport, Spiel und Freizeit\",\"description\":\"Gratisversand ab 50.- (netto), ab eigenem schweizer Lager, Lieferung innert 48h\",\"publisher\":{\"@id\":\"https:\\\/\\\/schweizversand.ch\\\/fr\\\/#organization\"},\"alternateName\":\"Schweizversand.ch\",\"potentialAction\":[{\"@type\":\"SearchAction\",\"target\":{\"@type\":\"EntryPoint\",\"urlTemplate\":\"https:\\\/\\\/schweizversand.ch\\\/fr\\\/?s={search_term_string}\"},\"query-input\":{\"@type\":\"PropertyValueSpecification\",\"valueRequired\":true,\"valueName\":\"search_term_string\"}}],\"inLanguage\":\"fr-FR\"},{\"@type\":\"Organization\",\"@id\":\"https:\\\/\\\/schweizversand.ch\\\/fr\\\/#organization\",\"name\":\"Schweizversand.ch\",\"url\":\"https:\\\/\\\/schweizversand.ch\\\/fr\\\/\",\"logo\":{\"@type\":\"ImageObject\",\"inLanguage\":\"fr-FR\",\"@id\":\"https:\\\/\\\/schweizversand.ch\\\/fr\\\/#\\\/schema\\\/logo\\\/image\\\/\",\"url\":\"https:\\\/\\\/schweizversand.ch\\\/wp-content\\\/uploads\\\/2026\\\/03\\\/Logo_Rund_Final-1.png\",\"contentUrl\":\"https:\\\/\\\/schweizversand.ch\\\/wp-content\\\/uploads\\\/2026\\\/03\\\/Logo_Rund_Final-1.png\",\"width\":404,\"height\":404,\"caption\":\"Schweizversand.ch\"},\"image\":{\"@id\":\"https:\\\/\\\/schweizversand.ch\\\/fr\\\/#\\\/schema\\\/logo\\\/image\\\/\"},\"sameAs\":[\"https:\\\/\\\/www.facebook.com\\\/Schweizversand\",\"https:\\\/\\\/www.instagram.com\\\/schweizversand.ch\\\/\"]}]}<\/script>\n<!-- \/ Yoast SEO plugin. -->","yoast_head_json":{"title":"Aspen Sport Damen & Herren Allround-Rucksack | Jetzt kaufen | Schweizversand.ch","description":"Aspen Sport Damen & Herren Allround-Rucksack g\u00fcnstig kaufen bei Schweizversand.ch. Schnelle Lieferung in der Schweiz. Gratisversand ab CHF 50.","robots":{"index":"index","follow":"follow","max-snippet":"max-snippet:-1","max-image-preview":"max-image-preview:large","max-video-preview":"max-video-preview:-1"},"canonical":"https:\/\/schweizversand.ch\/fr\/produkt\/aspen-sport-damen-herren-allround-rucksack\/","og_locale":"fr_FR","og_type":"article","og_title":"Aspen Sport Damen & Herren Allround-Rucksack | Jetzt kaufen | Schweizversand.ch","og_description":"Aspen Sport Damen & Herren Allround-Rucksack g\u00fcnstig kaufen bei Schweizversand.ch. Schnelle Lieferung in der Schweiz. Gratisversand ab CHF 50.","og_url":"https:\/\/schweizversand.ch\/fr\/produkt\/aspen-sport-damen-herren-allround-rucksack\/","og_site_name":"Schweizer Shop f\u00fcr Sport, Spiel und Freizeit","article_publisher":"https:\/\/www.facebook.com\/Schweizversand","article_modified_time":"2026-04-20T00:03:44+00:00","og_image":[{"width":735,"height":1024,"url":"https:\/\/schweizversand.ch\/wp-content\/uploads\/2026\/02\/5471780747.png","type":"image\/png"}],"twitter_card":"summary_large_image","twitter_misc":{"Dur\u00e9e de lecture estim\u00e9e":"2 minutes"},"schema":{"@context":"https:\/\/schema.org","@graph":[{"@type":"WebPage","@id":"https:\/\/schweizversand.ch\/fr\/produkt\/aspen-sport-damen-herren-allround-rucksack\/","url":"https:\/\/schweizversand.ch\/fr\/produkt\/aspen-sport-damen-herren-allround-rucksack\/","name":"Aspen Sport Damen & Herren Allround-Rucksack | Jetzt kaufen | Schweizversand.ch","isPartOf":{"@id":"https:\/\/schweizversand.ch\/fr\/#website"},"primaryImageOfPage":{"@id":"https:\/\/schweizversand.ch\/fr\/produkt\/aspen-sport-damen-herren-allround-rucksack\/#primaryimage"},"image":{"@id":"https:\/\/schweizversand.ch\/fr\/produkt\/aspen-sport-damen-herren-allround-rucksack\/#primaryimage"},"thumbnailUrl":"https:\/\/schweizversand.ch\/wp-content\/uploads\/2026\/02\/5471780747.png","datePublished":"2026-03-14T23:55:32+00:00","dateModified":"2026-04-20T00:03:44+00:00","description":"Aspen Sport Damen & Herren Allround-Rucksack g\u00fcnstig kaufen bei Schweizversand.ch. Schnelle Lieferung in der Schweiz. Gratisversand ab CHF 50.","breadcrumb":{"@id":"https:\/\/schweizversand.ch\/fr\/produkt\/aspen-sport-damen-herren-allround-rucksack\/#breadcrumb"},"inLanguage":"fr-FR","potentialAction":[{"@type":"ReadAction","target":["https:\/\/schweizversand.ch\/fr\/produkt\/aspen-sport-damen-herren-allround-rucksack\/"]}]},{"@type":"ImageObject","inLanguage":"fr-FR","@id":"https:\/\/schweizversand.ch\/fr\/produkt\/aspen-sport-damen-herren-allround-rucksack\/#primaryimage","url":"https:\/\/schweizversand.ch\/wp-content\/uploads\/2026\/02\/5471780747.png","contentUrl":"https:\/\/schweizversand.ch\/wp-content\/uploads\/2026\/02\/5471780747.png","width":735,"height":1024},{"@type":"BreadcrumbList","@id":"https:\/\/schweizversand.ch\/fr\/produkt\/aspen-sport-damen-herren-allround-rucksack\/#breadcrumb","itemListElement":[{"@type":"ListItem","position":1,"name":"Startseite","item":"https:\/\/schweizversand.ch\/fr\/home\/"},{"@type":"ListItem","position":2,"name":"Boutique","item":"https:\/\/schweizversand.ch\/fr\/boutique\/"},{"@type":"ListItem","position":3,"name":"Voyages","item":"https:\/\/schweizversand.ch\/fr\/produkt-kategorie\/voyages\/"},{"@type":"ListItem","position":4,"name":"Sacs et bagages","item":"https:\/\/schweizversand.ch\/fr\/produkt-kategorie\/voyages\/sacs-et-bagages\/"},{"@type":"ListItem","position":5,"name":"Sacs et sacs \u00e0 dos","item":"https:\/\/schweizversand.ch\/fr\/produkt-kategorie\/voyages\/sacs-et-bagages\/taschen-rucksack\/"},{"@type":"ListItem","position":6,"name":"Sac \u00e0 dos polyvalent Aspen Sport pour femmes et hommes"}]},{"@type":"WebSite","@id":"https:\/\/schweizversand.ch\/fr\/#website","url":"https:\/\/schweizversand.ch\/fr\/","name":"Schweizer Shop f\u00fcr Sport, Spiel und Freizeit","description":"Gratisversand ab 50.- (netto), ab eigenem schweizer Lager, Lieferung innert 48h","publisher":{"@id":"https:\/\/schweizversand.ch\/fr\/#organization"},"alternateName":"Schweizversand.ch","potentialAction":[{"@type":"SearchAction","target":{"@type":"EntryPoint","urlTemplate":"https:\/\/schweizversand.ch\/fr\/?s={search_term_string}"},"query-input":{"@type":"PropertyValueSpecification","valueRequired":true,"valueName":"search_term_string"}}],"inLanguage":"fr-FR"},{"@type":"Organization","@id":"https:\/\/schweizversand.ch\/fr\/#organization","name":"Schweizversand.ch","url":"https:\/\/schweizversand.ch\/fr\/","logo":{"@type":"ImageObject","inLanguage":"fr-FR","@id":"https:\/\/schweizversand.ch\/fr\/#\/schema\/logo\/image\/","url":"https:\/\/schweizversand.ch\/wp-content\/uploads\/2026\/03\/Logo_Rund_Final-1.png","contentUrl":"https:\/\/schweizversand.ch\/wp-content\/uploads\/2026\/03\/Logo_Rund_Final-1.png","width":404,"height":404,"caption":"Schweizversand.ch"},"image":{"@id":"https:\/\/schweizversand.ch\/fr\/#\/schema\/logo\/image\/"},"sameAs":["https:\/\/www.facebook.com\/Schweizversand","https:\/\/www.instagram.com\/schweizversand.ch\/"]}]}},"jetpack_sharing_enabled":true,"_links":{"self":[{"href":"https:\/\/schweizversand.ch\/fr\/wp-json\/wp\/v2\/product\/253792","targetHints":{"allow":["GET"]}}],"collection":[{"href":"https:\/\/schweizversand.ch\/fr\/wp-json\/wp\/v2\/product"}],"about":[{"href":"https:\/\/schweizversand.ch\/fr\/wp-json\/wp\/v2\/types\/product"}],"replies":[{"embeddable":true,"href":"https:\/\/schweizversand.ch\/fr\/wp-json\/wp\/v2\/comments?post=253792"}],"wp:featuredmedia":[{"embeddable":true,"href":"https:\/\/schweizversand.ch\/fr\/wp-json\/wp\/v2\/media\/257340"}],"wp:attachment":[{"href":"https:\/\/schweizversand.ch\/fr\/wp-json\/wp\/v2\/media?parent=253792"}],"wp:term":[{"taxonomy":"product_brand","embeddable":true,"href":"https:\/\/schweizversand.ch\/fr\/wp-json\/wp\/v2\/product_brand?post=253792"},{"taxonomy":"product_cat","embeddable":true,"href":"https:\/\/schweizversand.ch\/fr\/wp-json\/wp\/v2\/product_cat?post=253792"},{"taxonomy":"product_tag","embeddable":true,"href":"https:\/\/schweizversand.ch\/fr\/wp-json\/wp\/v2\/product_tag?post=253792"}],"curies":[{"name":"wp","href":"https:\/\/api.w.org\/{rel}","templated":true}]}}