{"id":253831,"date":"2026-03-15T00:56:14","date_gmt":"2026-03-14T23:56:14","guid":{"rendered":"https:\/\/schweizversand.ch\/produkt\/trespass-cell-ride-fahrrad-handytasche\/"},"modified":"2026-05-01T02:04:21","modified_gmt":"2026-05-01T00:04:21","slug":"trespass-cell-ride-fahrrad-handytasche","status":"publish","type":"product","link":"https:\/\/schweizversand.ch\/fr\/produkt\/trespass-cell-ride-fahrrad-handytasche\/","title":{"rendered":"Sacoche pour t\u00e9l\u00e9phone portable Trespass CELL RIDE pour v\u00e9lo"},"content":{"rendered":"<p>Cette sacoche de t\u00e9l\u00e9phone pour v\u00e9lo, pratique et spacieuse, offre de nombreuses fonctionnalit\u00e9s utiles pour prot\u00e9ger votre t\u00e9l\u00e9phone et vos autres effets personnels lors de vos sorties \u00e0 v\u00e9lo.<\/p>\n<\/p>\n<p>Voici quelques d\u00e9tails concernant cette sacoche\u00a0:<\/p>\n<\/p>\n<p>\u2022 Tissu imperm\u00e9able\u00a0: Fabriqu\u00e9e en tissu imperm\u00e9able, la sacoche prot\u00e8ge vos affaires de l\u2019humidit\u00e9 et de la pluie.<\/p>\n<\/p>\n<p>\u2022 Pare-soleil\u00a0: La sacoche est \u00e9quip\u00e9e d\u2019un pare-soleil qui emp\u00eache les rayons directs du soleil d\u2019atteindre l\u2019\u00e9cran de votre t\u00e9l\u00e9phone, garantissant ainsi une lisibilit\u00e9 optimale.<\/p>\n<\/p>\n<p>\u2022 Fixation rapide\u00a0: La sacoche est dot\u00e9e d\u2019une fixation rapide pour une installation facile et s\u00e9curis\u00e9e sur le guidon de votre v\u00e9lo.<\/p>\n<\/p>\n<p>\u2022 Port audio\u00a0: La sacoche poss\u00e8de un port audio vous permettant de brancher vos \u00e9couteurs et d\u2019\u00e9couter de la musique tout en gardant votre t\u00e9l\u00e9phone en s\u00e9curit\u00e9 \u00e0 l\u2019int\u00e9rieur.<\/p>\n<\/p>\n<p>\u2022 L\u00e9g\u00e8ret\u00e9\u00a0: La sacoche est l\u00e9g\u00e8re et n\u2019affectera donc ni la maniabilit\u00e9 ni le poids de votre v\u00e9lo.<\/p>\n<\/p>\n<p>\u2022 Fermeture \u00e9clair \u00e9tanche\u00a0: La sacoche est \u00e9quip\u00e9e d\u2019une fermeture \u00e9clair \u00e9tanche, offrant une protection suppl\u00e9mentaire contre l\u2019humidit\u00e9.<\/p>\n<\/p>\n<p>Composition\u00a0:<\/p>\n<\/p>\n<p>\u2022 Enveloppe ext\u00e9rieure 1\u00a0: 100\u00a0% polyur\u00e9thane (PU)<\/p>\n<\/p>\n<p>\u2022 Enveloppe ext\u00e9rieure 2\u00a0: 100\u00a0% PVC<\/p>\n<\/p>\n<p>\u2022 Doublure\u00a0: 100\u00a0% polyester<\/p>\n<\/p>\n<p>\u2022 Rembourrage\u00a0: 100\u00a0% EVA<\/p>\n<\/p>\n<p>Cette sacoche pour t\u00e9l\u00e9phone de v\u00e9lo vous permet de ranger votre t\u00e9l\u00e9phone et autres objets essentiels en toute s\u00e9curit\u00e9, tout en profitant de fonctionnalit\u00e9s pratiques telles que l\u2019imperm\u00e9abilit\u00e9, une protection solaire et un acc\u00e8s audio.<\/p>\n","protected":false},"excerpt":{"rendered":"<p>Cette sacoche de t\u00e9l\u00e9phone pour v\u00e9lo, pratique et spacieuse, offre de nombreuses fonctionnalit\u00e9s utiles pour prot\u00e9ger votre t\u00e9l\u00e9phone et vos autres effets personnels lors de vos sorties \u00e0 v\u00e9lo. Voici quelques d\u00e9tails concernant cette sacoche\u00a0: \u2022 Tissu imperm\u00e9able\u00a0: Fabriqu\u00e9e en tissu imperm\u00e9able, la sacoche prot\u00e8ge vos affaires de l\u2019humidit\u00e9 et de la pluie. \u2022 Pare-soleil\u00a0: La sacoche est \u00e9quip\u00e9e d\u2019un pare-soleil qui emp\u00eache les rayons directs du soleil d\u2019atteindre l\u2019\u00e9cran de votre t\u00e9l\u00e9phone, garantissant ainsi&hellip;<\/p>\n","protected":false},"featured_media":162153,"comment_status":"open","ping_status":"closed","template":"","meta":[],"product_brand":[],"product_cat":[38634],"product_tag":[],"class_list":{"0":"post-253831","1":"product","2":"type-product","3":"status-publish","4":"has-post-thumbnail","6":"product_cat-veloausruestung","7":"product_shipping_class-global_methods","9":"first","10":"instock","11":"taxable","12":"shipping-taxable","13":"purchasable","14":"product-type-simple"},"yoast_head":"<!-- This site is optimized with the Yoast SEO plugin v27.5 - https:\/\/yoast.com\/product\/yoast-seo-wordpress\/ -->\n<title>Trespass CELL RIDE - Fahrrad Handytasche | Jetzt kaufen | Schweizversand.ch<\/title>\n<meta name=\"description\" content=\"Trespass CELL RIDE - Fahrrad Handytasche g\u00fcnstig kaufen bei Schweizversand.ch. Schnelle Lieferung in der Schweiz. Gratisversand ab CHF 50.\" \/>\n<meta name=\"robots\" content=\"index, follow, max-snippet:-1, max-image-preview:large, max-video-preview:-1\" \/>\n<link rel=\"canonical\" href=\"https:\/\/schweizversand.ch\/fr\/produkt\/trespass-cell-ride-fahrrad-handytasche\/\" \/>\n<meta property=\"og:locale\" content=\"fr_FR\" \/>\n<meta property=\"og:type\" content=\"article\" \/>\n<meta property=\"og:title\" content=\"Trespass CELL RIDE - Fahrrad Handytasche | Jetzt kaufen | Schweizversand.ch\" \/>\n<meta property=\"og:description\" content=\"Trespass CELL RIDE - Fahrrad Handytasche g\u00fcnstig kaufen bei Schweizversand.ch. Schnelle Lieferung in der Schweiz. Gratisversand ab CHF 50.\" \/>\n<meta property=\"og:url\" content=\"https:\/\/schweizversand.ch\/fr\/produkt\/trespass-cell-ride-fahrrad-handytasche\/\" \/>\n<meta property=\"og:site_name\" content=\"Schweizer Shop f\u00fcr Sport, Spiel und Freizeit\" \/>\n<meta property=\"article:publisher\" content=\"https:\/\/www.facebook.com\/Schweizversand\" \/>\n<meta property=\"article:modified_time\" content=\"2026-05-01T00:04:21+00:00\" \/>\n<meta property=\"og:image\" content=\"https:\/\/schweizversand.ch\/wp-content\/uploads\/2026\/02\/5471618389.jpg\" \/>\n\t<meta property=\"og:image:width\" content=\"1024\" \/>\n\t<meta property=\"og:image:height\" content=\"1024\" \/>\n\t<meta property=\"og:image:type\" content=\"image\/jpeg\" \/>\n<meta name=\"twitter:card\" content=\"summary_large_image\" \/>\n<meta name=\"twitter:label1\" content=\"Dur\u00e9e de lecture estim\u00e9e\" \/>\n\t<meta name=\"twitter:data1\" content=\"1 minute\" \/>\n<script type=\"application\/ld+json\" class=\"yoast-schema-graph\">{\"@context\":\"https:\\\/\\\/schema.org\",\"@graph\":[{\"@type\":\"WebPage\",\"@id\":\"https:\\\/\\\/schweizversand.ch\\\/fr\\\/produkt\\\/trespass-cell-ride-fahrrad-handytasche\\\/\",\"url\":\"https:\\\/\\\/schweizversand.ch\\\/fr\\\/produkt\\\/trespass-cell-ride-fahrrad-handytasche\\\/\",\"name\":\"Trespass CELL RIDE - Fahrrad Handytasche | Jetzt kaufen | Schweizversand.ch\",\"isPartOf\":{\"@id\":\"https:\\\/\\\/schweizversand.ch\\\/fr\\\/#website\"},\"primaryImageOfPage\":{\"@id\":\"https:\\\/\\\/schweizversand.ch\\\/fr\\\/produkt\\\/trespass-cell-ride-fahrrad-handytasche\\\/#primaryimage\"},\"image\":{\"@id\":\"https:\\\/\\\/schweizversand.ch\\\/fr\\\/produkt\\\/trespass-cell-ride-fahrrad-handytasche\\\/#primaryimage\"},\"thumbnailUrl\":\"https:\\\/\\\/schweizversand.ch\\\/wp-content\\\/uploads\\\/2026\\\/02\\\/5471618389.jpg\",\"datePublished\":\"2026-03-14T23:56:14+00:00\",\"dateModified\":\"2026-05-01T00:04:21+00:00\",\"description\":\"Trespass CELL RIDE - Fahrrad Handytasche g\u00fcnstig kaufen bei Schweizversand.ch. Schnelle Lieferung in der Schweiz. Gratisversand ab CHF 50.\",\"breadcrumb\":{\"@id\":\"https:\\\/\\\/schweizversand.ch\\\/fr\\\/produkt\\\/trespass-cell-ride-fahrrad-handytasche\\\/#breadcrumb\"},\"inLanguage\":\"fr-FR\",\"potentialAction\":[{\"@type\":\"ReadAction\",\"target\":[\"https:\\\/\\\/schweizversand.ch\\\/fr\\\/produkt\\\/trespass-cell-ride-fahrrad-handytasche\\\/\"]}]},{\"@type\":\"ImageObject\",\"inLanguage\":\"fr-FR\",\"@id\":\"https:\\\/\\\/schweizversand.ch\\\/fr\\\/produkt\\\/trespass-cell-ride-fahrrad-handytasche\\\/#primaryimage\",\"url\":\"https:\\\/\\\/schweizversand.ch\\\/wp-content\\\/uploads\\\/2026\\\/02\\\/5471618389.jpg\",\"contentUrl\":\"https:\\\/\\\/schweizversand.ch\\\/wp-content\\\/uploads\\\/2026\\\/02\\\/5471618389.jpg\",\"width\":1024,\"height\":1024},{\"@type\":\"BreadcrumbList\",\"@id\":\"https:\\\/\\\/schweizversand.ch\\\/fr\\\/produkt\\\/trespass-cell-ride-fahrrad-handytasche\\\/#breadcrumb\",\"itemListElement\":[{\"@type\":\"ListItem\",\"position\":1,\"name\":\"Startseite\",\"item\":\"https:\\\/\\\/schweizversand.ch\\\/fr\\\/home\\\/\"},{\"@type\":\"ListItem\",\"position\":2,\"name\":\"Boutique\",\"item\":\"https:\\\/\\\/schweizversand.ch\\\/fr\\\/boutique\\\/\"},{\"@type\":\"ListItem\",\"position\":3,\"name\":\"Sports\",\"item\":\"https:\\\/\\\/schweizversand.ch\\\/fr\\\/produkt-kategorie\\\/sports\\\/\"},{\"@type\":\"ListItem\",\"position\":4,\"name\":\"V\u00e9lo\",\"item\":\"https:\\\/\\\/schweizversand.ch\\\/fr\\\/produkt-kategorie\\\/sports\\\/velo\\\/\"},{\"@type\":\"ListItem\",\"position\":5,\"name\":\"\u00c9quipement de cyclisme\",\"item\":\"https:\\\/\\\/schweizversand.ch\\\/fr\\\/produkt-kategorie\\\/sports\\\/velo\\\/veloausruestung\\\/\"},{\"@type\":\"ListItem\",\"position\":6,\"name\":\"Sacoche pour t\u00e9l\u00e9phone portable Trespass CELL RIDE pour v\u00e9lo\"}]},{\"@type\":\"WebSite\",\"@id\":\"https:\\\/\\\/schweizversand.ch\\\/fr\\\/#website\",\"url\":\"https:\\\/\\\/schweizversand.ch\\\/fr\\\/\",\"name\":\"Schweizer Shop f\u00fcr Sport, Spiel und Freizeit\",\"description\":\"Gratisversand ab 50.- (netto), ab eigenem schweizer Lager, Lieferung innert 48h\",\"publisher\":{\"@id\":\"https:\\\/\\\/schweizversand.ch\\\/fr\\\/#organization\"},\"alternateName\":\"Schweizversand.ch\",\"potentialAction\":[{\"@type\":\"SearchAction\",\"target\":{\"@type\":\"EntryPoint\",\"urlTemplate\":\"https:\\\/\\\/schweizversand.ch\\\/fr\\\/?s={search_term_string}\"},\"query-input\":{\"@type\":\"PropertyValueSpecification\",\"valueRequired\":true,\"valueName\":\"search_term_string\"}}],\"inLanguage\":\"fr-FR\"},{\"@type\":\"Organization\",\"@id\":\"https:\\\/\\\/schweizversand.ch\\\/fr\\\/#organization\",\"name\":\"Schweizversand.ch\",\"url\":\"https:\\\/\\\/schweizversand.ch\\\/fr\\\/\",\"logo\":{\"@type\":\"ImageObject\",\"inLanguage\":\"fr-FR\",\"@id\":\"https:\\\/\\\/schweizversand.ch\\\/fr\\\/#\\\/schema\\\/logo\\\/image\\\/\",\"url\":\"https:\\\/\\\/schweizversand.ch\\\/wp-content\\\/uploads\\\/2026\\\/03\\\/Logo_Rund_Final-1.png\",\"contentUrl\":\"https:\\\/\\\/schweizversand.ch\\\/wp-content\\\/uploads\\\/2026\\\/03\\\/Logo_Rund_Final-1.png\",\"width\":404,\"height\":404,\"caption\":\"Schweizversand.ch\"},\"image\":{\"@id\":\"https:\\\/\\\/schweizversand.ch\\\/fr\\\/#\\\/schema\\\/logo\\\/image\\\/\"},\"sameAs\":[\"https:\\\/\\\/www.facebook.com\\\/Schweizversand\",\"https:\\\/\\\/www.instagram.com\\\/schweizversand.ch\\\/\"]}]}<\/script>\n<!-- \/ Yoast SEO plugin. -->","yoast_head_json":{"title":"Trespass CELL RIDE - Fahrrad Handytasche | Jetzt kaufen | Schweizversand.ch","description":"Trespass CELL RIDE - Fahrrad Handytasche g\u00fcnstig kaufen bei Schweizversand.ch. Schnelle Lieferung in der Schweiz. Gratisversand ab CHF 50.","robots":{"index":"index","follow":"follow","max-snippet":"max-snippet:-1","max-image-preview":"max-image-preview:large","max-video-preview":"max-video-preview:-1"},"canonical":"https:\/\/schweizversand.ch\/fr\/produkt\/trespass-cell-ride-fahrrad-handytasche\/","og_locale":"fr_FR","og_type":"article","og_title":"Trespass CELL RIDE - Fahrrad Handytasche | Jetzt kaufen | Schweizversand.ch","og_description":"Trespass CELL RIDE - Fahrrad Handytasche g\u00fcnstig kaufen bei Schweizversand.ch. Schnelle Lieferung in der Schweiz. Gratisversand ab CHF 50.","og_url":"https:\/\/schweizversand.ch\/fr\/produkt\/trespass-cell-ride-fahrrad-handytasche\/","og_site_name":"Schweizer Shop f\u00fcr Sport, Spiel und Freizeit","article_publisher":"https:\/\/www.facebook.com\/Schweizversand","article_modified_time":"2026-05-01T00:04:21+00:00","og_image":[{"width":1024,"height":1024,"url":"https:\/\/schweizversand.ch\/wp-content\/uploads\/2026\/02\/5471618389.jpg","type":"image\/jpeg"}],"twitter_card":"summary_large_image","twitter_misc":{"Dur\u00e9e de lecture estim\u00e9e":"1 minute"},"schema":{"@context":"https:\/\/schema.org","@graph":[{"@type":"WebPage","@id":"https:\/\/schweizversand.ch\/fr\/produkt\/trespass-cell-ride-fahrrad-handytasche\/","url":"https:\/\/schweizversand.ch\/fr\/produkt\/trespass-cell-ride-fahrrad-handytasche\/","name":"Trespass CELL RIDE - Fahrrad Handytasche | Jetzt kaufen | Schweizversand.ch","isPartOf":{"@id":"https:\/\/schweizversand.ch\/fr\/#website"},"primaryImageOfPage":{"@id":"https:\/\/schweizversand.ch\/fr\/produkt\/trespass-cell-ride-fahrrad-handytasche\/#primaryimage"},"image":{"@id":"https:\/\/schweizversand.ch\/fr\/produkt\/trespass-cell-ride-fahrrad-handytasche\/#primaryimage"},"thumbnailUrl":"https:\/\/schweizversand.ch\/wp-content\/uploads\/2026\/02\/5471618389.jpg","datePublished":"2026-03-14T23:56:14+00:00","dateModified":"2026-05-01T00:04:21+00:00","description":"Trespass CELL RIDE - Fahrrad Handytasche g\u00fcnstig kaufen bei Schweizversand.ch. Schnelle Lieferung in der Schweiz. Gratisversand ab CHF 50.","breadcrumb":{"@id":"https:\/\/schweizversand.ch\/fr\/produkt\/trespass-cell-ride-fahrrad-handytasche\/#breadcrumb"},"inLanguage":"fr-FR","potentialAction":[{"@type":"ReadAction","target":["https:\/\/schweizversand.ch\/fr\/produkt\/trespass-cell-ride-fahrrad-handytasche\/"]}]},{"@type":"ImageObject","inLanguage":"fr-FR","@id":"https:\/\/schweizversand.ch\/fr\/produkt\/trespass-cell-ride-fahrrad-handytasche\/#primaryimage","url":"https:\/\/schweizversand.ch\/wp-content\/uploads\/2026\/02\/5471618389.jpg","contentUrl":"https:\/\/schweizversand.ch\/wp-content\/uploads\/2026\/02\/5471618389.jpg","width":1024,"height":1024},{"@type":"BreadcrumbList","@id":"https:\/\/schweizversand.ch\/fr\/produkt\/trespass-cell-ride-fahrrad-handytasche\/#breadcrumb","itemListElement":[{"@type":"ListItem","position":1,"name":"Startseite","item":"https:\/\/schweizversand.ch\/fr\/home\/"},{"@type":"ListItem","position":2,"name":"Boutique","item":"https:\/\/schweizversand.ch\/fr\/boutique\/"},{"@type":"ListItem","position":3,"name":"Sports","item":"https:\/\/schweizversand.ch\/fr\/produkt-kategorie\/sports\/"},{"@type":"ListItem","position":4,"name":"V\u00e9lo","item":"https:\/\/schweizversand.ch\/fr\/produkt-kategorie\/sports\/velo\/"},{"@type":"ListItem","position":5,"name":"\u00c9quipement de cyclisme","item":"https:\/\/schweizversand.ch\/fr\/produkt-kategorie\/sports\/velo\/veloausruestung\/"},{"@type":"ListItem","position":6,"name":"Sacoche pour t\u00e9l\u00e9phone portable Trespass CELL RIDE pour v\u00e9lo"}]},{"@type":"WebSite","@id":"https:\/\/schweizversand.ch\/fr\/#website","url":"https:\/\/schweizversand.ch\/fr\/","name":"Schweizer Shop f\u00fcr Sport, Spiel und Freizeit","description":"Gratisversand ab 50.- (netto), ab eigenem schweizer Lager, Lieferung innert 48h","publisher":{"@id":"https:\/\/schweizversand.ch\/fr\/#organization"},"alternateName":"Schweizversand.ch","potentialAction":[{"@type":"SearchAction","target":{"@type":"EntryPoint","urlTemplate":"https:\/\/schweizversand.ch\/fr\/?s={search_term_string}"},"query-input":{"@type":"PropertyValueSpecification","valueRequired":true,"valueName":"search_term_string"}}],"inLanguage":"fr-FR"},{"@type":"Organization","@id":"https:\/\/schweizversand.ch\/fr\/#organization","name":"Schweizversand.ch","url":"https:\/\/schweizversand.ch\/fr\/","logo":{"@type":"ImageObject","inLanguage":"fr-FR","@id":"https:\/\/schweizversand.ch\/fr\/#\/schema\/logo\/image\/","url":"https:\/\/schweizversand.ch\/wp-content\/uploads\/2026\/03\/Logo_Rund_Final-1.png","contentUrl":"https:\/\/schweizversand.ch\/wp-content\/uploads\/2026\/03\/Logo_Rund_Final-1.png","width":404,"height":404,"caption":"Schweizversand.ch"},"image":{"@id":"https:\/\/schweizversand.ch\/fr\/#\/schema\/logo\/image\/"},"sameAs":["https:\/\/www.facebook.com\/Schweizversand","https:\/\/www.instagram.com\/schweizversand.ch\/"]}]}},"jetpack_sharing_enabled":true,"_links":{"self":[{"href":"https:\/\/schweizversand.ch\/fr\/wp-json\/wp\/v2\/product\/253831","targetHints":{"allow":["GET"]}}],"collection":[{"href":"https:\/\/schweizversand.ch\/fr\/wp-json\/wp\/v2\/product"}],"about":[{"href":"https:\/\/schweizversand.ch\/fr\/wp-json\/wp\/v2\/types\/product"}],"replies":[{"embeddable":true,"href":"https:\/\/schweizversand.ch\/fr\/wp-json\/wp\/v2\/comments?post=253831"}],"wp:featuredmedia":[{"embeddable":true,"href":"https:\/\/schweizversand.ch\/fr\/wp-json\/wp\/v2\/media\/162153"}],"wp:attachment":[{"href":"https:\/\/schweizversand.ch\/fr\/wp-json\/wp\/v2\/media?parent=253831"}],"wp:term":[{"taxonomy":"product_brand","embeddable":true,"href":"https:\/\/schweizversand.ch\/fr\/wp-json\/wp\/v2\/product_brand?post=253831"},{"taxonomy":"product_cat","embeddable":true,"href":"https:\/\/schweizversand.ch\/fr\/wp-json\/wp\/v2\/product_cat?post=253831"},{"taxonomy":"product_tag","embeddable":true,"href":"https:\/\/schweizversand.ch\/fr\/wp-json\/wp\/v2\/product_tag?post=253831"}],"curies":[{"name":"wp","href":"https:\/\/api.w.org\/{rel}","templated":true}]}}