{"id":253833,"date":"2026-03-15T00:56:15","date_gmt":"2026-03-14T23:56:15","guid":{"rendered":"https:\/\/schweizversand.ch\/produkt\/trespass-dlx-kristoff-ii-herren-skihose-2\/"},"modified":"2026-04-14T02:03:54","modified_gmt":"2026-04-14T00:03:54","slug":"trespass-dlx-kristoff-ii-herren-skihose-2","status":"publish","type":"product","link":"https:\/\/schweizversand.ch\/fr\/produkt\/trespass-dlx-kristoff-ii-herren-skihose-2\/","title":{"rendered":"Pantalon de ski homme Trespass DLX KRISTOFF II"},"content":{"rendered":"<p>Ce pantalon outdoor techniquement avanc\u00e9 offre un confort et une protection optimaux pour toutes vos activit\u00e9s. Gr\u00e2ce \u00e0 son tissu stretch, son isolation douce et ses nombreuses fonctionnalit\u00e9s pratiques, il est id\u00e9al pour les aventuriers exigeants qui privil\u00e9gient la qualit\u00e9 et la fonctionnalit\u00e9 sans faire de compromis sur le confort et la protection, m\u00eame dans des conditions difficiles.<\/p>\n<\/p>\n<p>Avec sa conception haut de gamme et ses caract\u00e9ristiques pratiques, il est indispensable \u00e0 tous les passionn\u00e9s de plein air.<\/p>\n<\/p>\n<p>Caract\u00e9ristiques techniques :<\/p>\n<\/p>\n<p>\u2022 Tissu stretch : Pour une libert\u00e9 de mouvement et un confort maximum lors de toutes vos activit\u00e9s.<\/p>\n<\/p>\n<p>\u2022 Isolation douce : Offre chaleur et confort optimaux sans alourdir le pantalon.<\/p>\n<\/p>\n<p>\u2022 Doublure en tricot : Pour plus de confort et de douceur au contact de la peau.<\/p>\n<\/p>\n<p>\u2022 Renforts aux chevilles : Zones renforc\u00e9es au bas du pantalon pour une meilleure protection contre l&rsquo;abrasion et l&rsquo;usure.<\/p>\n<\/p>\n<p>\u2022 Bretelles r\u00e9glables et amovibles : Permettent un ajustement personnalis\u00e9 et peuvent \u00eatre facilement retir\u00e9es au besoin.<\/p>\n<\/p>\n<p>\u2022 Taille r\u00e9glable : Pour un ajustement personnalis\u00e9 et un confort accru.<\/p>\n<\/p>\n<p>\u2022 Gu\u00eatres int\u00e9gr\u00e9es aux chevilles : Emp\u00eachent la neige et le froid de p\u00e9n\u00e9trer et assurent un maintien optimal du pantalon sur les bottes.<\/p>\n<\/p>\n<p>\u2022 Fermetures \u00e9clair \u00e9tanches aux chevilles\u00a0: Offrent une protection suppl\u00e9mentaire contre l\u2019humidit\u00e9 et facilitent l\u2019enfilage et le retrait du pantalon.<\/p>\n<\/p>\n<p>\u2022 Genoux pr\u00e9form\u00e9s\u00a0: Pour une libert\u00e9 de mouvement et un confort optimaux, m\u00eame lors d\u2019activit\u00e9s intenses.<\/p>\n<\/p>\n<p>\u2022 3 poches zipp\u00e9es \u00e9tanches\u00a0: Grand espace de rangement pour les objets essentiels qui doivent rester au sec.<\/p>\n<\/p>\n<p>\u2022 Ventilation lat\u00e9rale avec fermetures \u00e9clair \u00e9tanches\u00a0: Assure une ventilation et une r\u00e9gulation thermique optimales, m\u00eame lors d\u2019activit\u00e9s intenses.<\/p>\n<\/p>\n<p>Composition\u00a0:<\/p>\n<\/p>\n<p>\u2022 Ext\u00e9rieur\u00a0: Membrane PU 100\u00a0% polyester<\/p>\n<\/p>\n<p>\u2022 Doublure\u00a0: 100\u00a0% polyamide et 100\u00a0% polyester<\/p>\n<\/p>\n<p>\u2022 Garnissage\u00a0: 100\u00a0% polyester<\/p>\n<\/p>\n<p>Propri\u00e9t\u00e9s\u00a0:<\/p>\n<\/p>\n<p>\u2022 Imperm\u00e9abilit\u00e9 20\u00a0000\u00a0mm\u00a0: Offre une protection fiable contre l\u2019humidit\u00e9, m\u00eame en cas de fortes pluies ou de neige.<\/p>\n<\/p>\n<p>\u2022 Respirabilit\u00e9 10\u00a0000\u00a0mvp\u00a0: Assure une ventilation et un confort optimaux, m\u00eame lors d\u2019activit\u00e9s physiques intenses.<\/p>\n<\/p>\n<p>\u2022 Coupe-vent\u00a0: Prot\u00e8ge efficacement contre les rafales de vent froid pour vous garder au chaud et au sec.<\/p>\n<\/p>\n<p>\u2022 Coutures soud\u00e9es : Garantissent une \u00e9tanch\u00e9it\u00e9 suppl\u00e9mentaire et augmentent la r\u00e9sistance \u00e0 l&rsquo;eau du pantalon.<\/p>\n","protected":false},"excerpt":{"rendered":"<p>Ce pantalon outdoor techniquement avanc\u00e9 offre un confort et une protection optimaux pour toutes vos activit\u00e9s. Gr\u00e2ce \u00e0 son tissu stretch, son isolation douce et ses nombreuses fonctionnalit\u00e9s pratiques, il est id\u00e9al pour les aventuriers exigeants qui privil\u00e9gient la qualit\u00e9 et la fonctionnalit\u00e9 sans faire de compromis sur le confort et la protection, m\u00eame dans des conditions difficiles. Avec sa conception haut de gamme et ses caract\u00e9ristiques pratiques, il est indispensable \u00e0 tous les passionn\u00e9s&hellip;<\/p>\n","protected":false},"featured_media":162187,"comment_status":"open","ping_status":"closed","template":"","meta":[],"product_brand":[],"product_cat":[38524],"product_tag":[],"class_list":{"0":"post-253833","1":"product","2":"type-product","3":"status-publish","4":"has-post-thumbnail","6":"product_cat-wintersportbekleidung","7":"product_shipping_class-global_methods","9":"first","10":"instock","11":"taxable","12":"shipping-taxable","13":"purchasable","14":"product-type-simple"},"yoast_head":"<!-- This site is optimized with the Yoast SEO plugin v27.4 - https:\/\/yoast.com\/product\/yoast-seo-wordpress\/ -->\n<title>Trespass DLX KRISTOFF II Herren Skihose | Jetzt kaufen | Schweizversand.ch<\/title>\n<meta name=\"description\" content=\"Trespass DLX KRISTOFF II Herren Skihose g\u00fcnstig kaufen bei Schweizversand.ch. Schnelle Lieferung in der Schweiz. Gratisversand ab CHF 50.\" \/>\n<meta name=\"robots\" content=\"index, follow, max-snippet:-1, max-image-preview:large, max-video-preview:-1\" \/>\n<link rel=\"canonical\" href=\"https:\/\/schweizversand.ch\/fr\/produkt\/trespass-dlx-kristoff-ii-herren-skihose-2\/\" \/>\n<meta property=\"og:locale\" content=\"fr_FR\" \/>\n<meta property=\"og:type\" content=\"article\" \/>\n<meta property=\"og:title\" content=\"Trespass DLX KRISTOFF II Herren Skihose | Jetzt kaufen | Schweizversand.ch\" \/>\n<meta property=\"og:description\" content=\"Trespass DLX KRISTOFF II Herren Skihose g\u00fcnstig kaufen bei Schweizversand.ch. Schnelle Lieferung in der Schweiz. Gratisversand ab CHF 50.\" \/>\n<meta property=\"og:url\" content=\"https:\/\/schweizversand.ch\/fr\/produkt\/trespass-dlx-kristoff-ii-herren-skihose-2\/\" \/>\n<meta property=\"og:site_name\" content=\"Schweizer Shop f\u00fcr Sport, Spiel und Freizeit\" \/>\n<meta property=\"article:publisher\" content=\"https:\/\/www.facebook.com\/Schweizversand\" \/>\n<meta property=\"article:modified_time\" content=\"2026-04-14T00:03:54+00:00\" \/>\n<meta property=\"og:image\" content=\"https:\/\/schweizversand.ch\/wp-content\/uploads\/2026\/02\/5471720761.jpg\" \/>\n\t<meta property=\"og:image:width\" content=\"371\" \/>\n\t<meta property=\"og:image:height\" content=\"1024\" \/>\n\t<meta property=\"og:image:type\" content=\"image\/jpeg\" \/>\n<meta name=\"twitter:card\" content=\"summary_large_image\" \/>\n<meta name=\"twitter:label1\" content=\"Dur\u00e9e de lecture estim\u00e9e\" \/>\n\t<meta name=\"twitter:data1\" content=\"2 minutes\" \/>\n<script type=\"application\/ld+json\" class=\"yoast-schema-graph\">{\"@context\":\"https:\\\/\\\/schema.org\",\"@graph\":[{\"@type\":\"WebPage\",\"@id\":\"https:\\\/\\\/schweizversand.ch\\\/fr\\\/produkt\\\/trespass-dlx-kristoff-ii-herren-skihose-2\\\/\",\"url\":\"https:\\\/\\\/schweizversand.ch\\\/fr\\\/produkt\\\/trespass-dlx-kristoff-ii-herren-skihose-2\\\/\",\"name\":\"Trespass DLX KRISTOFF II Herren Skihose | Jetzt kaufen | Schweizversand.ch\",\"isPartOf\":{\"@id\":\"https:\\\/\\\/schweizversand.ch\\\/fr\\\/#website\"},\"primaryImageOfPage\":{\"@id\":\"https:\\\/\\\/schweizversand.ch\\\/fr\\\/produkt\\\/trespass-dlx-kristoff-ii-herren-skihose-2\\\/#primaryimage\"},\"image\":{\"@id\":\"https:\\\/\\\/schweizversand.ch\\\/fr\\\/produkt\\\/trespass-dlx-kristoff-ii-herren-skihose-2\\\/#primaryimage\"},\"thumbnailUrl\":\"https:\\\/\\\/schweizversand.ch\\\/wp-content\\\/uploads\\\/2026\\\/02\\\/5471720761.jpg\",\"datePublished\":\"2026-03-14T23:56:15+00:00\",\"dateModified\":\"2026-04-14T00:03:54+00:00\",\"description\":\"Trespass DLX KRISTOFF II Herren Skihose g\u00fcnstig kaufen bei Schweizversand.ch. Schnelle Lieferung in der Schweiz. Gratisversand ab CHF 50.\",\"breadcrumb\":{\"@id\":\"https:\\\/\\\/schweizversand.ch\\\/fr\\\/produkt\\\/trespass-dlx-kristoff-ii-herren-skihose-2\\\/#breadcrumb\"},\"inLanguage\":\"fr-FR\",\"potentialAction\":[{\"@type\":\"ReadAction\",\"target\":[\"https:\\\/\\\/schweizversand.ch\\\/fr\\\/produkt\\\/trespass-dlx-kristoff-ii-herren-skihose-2\\\/\"]}]},{\"@type\":\"ImageObject\",\"inLanguage\":\"fr-FR\",\"@id\":\"https:\\\/\\\/schweizversand.ch\\\/fr\\\/produkt\\\/trespass-dlx-kristoff-ii-herren-skihose-2\\\/#primaryimage\",\"url\":\"https:\\\/\\\/schweizversand.ch\\\/wp-content\\\/uploads\\\/2026\\\/02\\\/5471720761.jpg\",\"contentUrl\":\"https:\\\/\\\/schweizversand.ch\\\/wp-content\\\/uploads\\\/2026\\\/02\\\/5471720761.jpg\",\"width\":371,\"height\":1024},{\"@type\":\"BreadcrumbList\",\"@id\":\"https:\\\/\\\/schweizversand.ch\\\/fr\\\/produkt\\\/trespass-dlx-kristoff-ii-herren-skihose-2\\\/#breadcrumb\",\"itemListElement\":[{\"@type\":\"ListItem\",\"position\":1,\"name\":\"Startseite\",\"item\":\"https:\\\/\\\/schweizversand.ch\\\/fr\\\/\"},{\"@type\":\"ListItem\",\"position\":2,\"name\":\"Boutique\",\"item\":\"https:\\\/\\\/schweizversand.ch\\\/fr\\\/boutique\\\/\"},{\"@type\":\"ListItem\",\"position\":3,\"name\":\"Sports\",\"item\":\"https:\\\/\\\/schweizversand.ch\\\/fr\\\/produkt-kategorie\\\/sports\\\/\"},{\"@type\":\"ListItem\",\"position\":4,\"name\":\"Sports d'hiver\",\"item\":\"https:\\\/\\\/schweizversand.ch\\\/fr\\\/produkt-kategorie\\\/sports\\\/sports-dhiver\\\/\"},{\"@type\":\"ListItem\",\"position\":5,\"name\":\"V\u00eatements de sports d'hiver\",\"item\":\"https:\\\/\\\/schweizversand.ch\\\/fr\\\/produkt-kategorie\\\/sports\\\/sports-dhiver\\\/wintersportbekleidung\\\/\"},{\"@type\":\"ListItem\",\"position\":6,\"name\":\"Pantalon de ski homme Trespass DLX KRISTOFF II\"}]},{\"@type\":\"WebSite\",\"@id\":\"https:\\\/\\\/schweizversand.ch\\\/fr\\\/#website\",\"url\":\"https:\\\/\\\/schweizversand.ch\\\/fr\\\/\",\"name\":\"Schweizer Shop f\u00fcr Sport, Spiel und Freizeit\",\"description\":\"Gratisversand ab 50.- (netto), ab eigenem schweizer Lager, Lieferung innert 48h\",\"publisher\":{\"@id\":\"https:\\\/\\\/schweizversand.ch\\\/fr\\\/#organization\"},\"alternateName\":\"Schweizversand.ch\",\"potentialAction\":[{\"@type\":\"SearchAction\",\"target\":{\"@type\":\"EntryPoint\",\"urlTemplate\":\"https:\\\/\\\/schweizversand.ch\\\/fr\\\/?s={search_term_string}\"},\"query-input\":{\"@type\":\"PropertyValueSpecification\",\"valueRequired\":true,\"valueName\":\"search_term_string\"}}],\"inLanguage\":\"fr-FR\"},{\"@type\":\"Organization\",\"@id\":\"https:\\\/\\\/schweizversand.ch\\\/fr\\\/#organization\",\"name\":\"Schweizversand.ch\",\"url\":\"https:\\\/\\\/schweizversand.ch\\\/fr\\\/\",\"logo\":{\"@type\":\"ImageObject\",\"inLanguage\":\"fr-FR\",\"@id\":\"https:\\\/\\\/schweizversand.ch\\\/fr\\\/#\\\/schema\\\/logo\\\/image\\\/\",\"url\":\"https:\\\/\\\/schweizversand.ch\\\/wp-content\\\/uploads\\\/2026\\\/03\\\/Logo_Rund_Final-1.png\",\"contentUrl\":\"https:\\\/\\\/schweizversand.ch\\\/wp-content\\\/uploads\\\/2026\\\/03\\\/Logo_Rund_Final-1.png\",\"width\":404,\"height\":404,\"caption\":\"Schweizversand.ch\"},\"image\":{\"@id\":\"https:\\\/\\\/schweizversand.ch\\\/fr\\\/#\\\/schema\\\/logo\\\/image\\\/\"},\"sameAs\":[\"https:\\\/\\\/www.facebook.com\\\/Schweizversand\",\"https:\\\/\\\/www.instagram.com\\\/schweizversand.ch\\\/\"]}]}<\/script>\n<!-- \/ Yoast SEO plugin. -->","yoast_head_json":{"title":"Trespass DLX KRISTOFF II Herren Skihose | Jetzt kaufen | Schweizversand.ch","description":"Trespass DLX KRISTOFF II Herren Skihose g\u00fcnstig kaufen bei Schweizversand.ch. Schnelle Lieferung in der Schweiz. Gratisversand ab CHF 50.","robots":{"index":"index","follow":"follow","max-snippet":"max-snippet:-1","max-image-preview":"max-image-preview:large","max-video-preview":"max-video-preview:-1"},"canonical":"https:\/\/schweizversand.ch\/fr\/produkt\/trespass-dlx-kristoff-ii-herren-skihose-2\/","og_locale":"fr_FR","og_type":"article","og_title":"Trespass DLX KRISTOFF II Herren Skihose | Jetzt kaufen | Schweizversand.ch","og_description":"Trespass DLX KRISTOFF II Herren Skihose g\u00fcnstig kaufen bei Schweizversand.ch. Schnelle Lieferung in der Schweiz. Gratisversand ab CHF 50.","og_url":"https:\/\/schweizversand.ch\/fr\/produkt\/trespass-dlx-kristoff-ii-herren-skihose-2\/","og_site_name":"Schweizer Shop f\u00fcr Sport, Spiel und Freizeit","article_publisher":"https:\/\/www.facebook.com\/Schweizversand","article_modified_time":"2026-04-14T00:03:54+00:00","og_image":[{"width":371,"height":1024,"url":"https:\/\/schweizversand.ch\/wp-content\/uploads\/2026\/02\/5471720761.jpg","type":"image\/jpeg"}],"twitter_card":"summary_large_image","twitter_misc":{"Dur\u00e9e de lecture estim\u00e9e":"2 minutes"},"schema":{"@context":"https:\/\/schema.org","@graph":[{"@type":"WebPage","@id":"https:\/\/schweizversand.ch\/fr\/produkt\/trespass-dlx-kristoff-ii-herren-skihose-2\/","url":"https:\/\/schweizversand.ch\/fr\/produkt\/trespass-dlx-kristoff-ii-herren-skihose-2\/","name":"Trespass DLX KRISTOFF II Herren Skihose | Jetzt kaufen | Schweizversand.ch","isPartOf":{"@id":"https:\/\/schweizversand.ch\/fr\/#website"},"primaryImageOfPage":{"@id":"https:\/\/schweizversand.ch\/fr\/produkt\/trespass-dlx-kristoff-ii-herren-skihose-2\/#primaryimage"},"image":{"@id":"https:\/\/schweizversand.ch\/fr\/produkt\/trespass-dlx-kristoff-ii-herren-skihose-2\/#primaryimage"},"thumbnailUrl":"https:\/\/schweizversand.ch\/wp-content\/uploads\/2026\/02\/5471720761.jpg","datePublished":"2026-03-14T23:56:15+00:00","dateModified":"2026-04-14T00:03:54+00:00","description":"Trespass DLX KRISTOFF II Herren Skihose g\u00fcnstig kaufen bei Schweizversand.ch. Schnelle Lieferung in der Schweiz. Gratisversand ab CHF 50.","breadcrumb":{"@id":"https:\/\/schweizversand.ch\/fr\/produkt\/trespass-dlx-kristoff-ii-herren-skihose-2\/#breadcrumb"},"inLanguage":"fr-FR","potentialAction":[{"@type":"ReadAction","target":["https:\/\/schweizversand.ch\/fr\/produkt\/trespass-dlx-kristoff-ii-herren-skihose-2\/"]}]},{"@type":"ImageObject","inLanguage":"fr-FR","@id":"https:\/\/schweizversand.ch\/fr\/produkt\/trespass-dlx-kristoff-ii-herren-skihose-2\/#primaryimage","url":"https:\/\/schweizversand.ch\/wp-content\/uploads\/2026\/02\/5471720761.jpg","contentUrl":"https:\/\/schweizversand.ch\/wp-content\/uploads\/2026\/02\/5471720761.jpg","width":371,"height":1024},{"@type":"BreadcrumbList","@id":"https:\/\/schweizversand.ch\/fr\/produkt\/trespass-dlx-kristoff-ii-herren-skihose-2\/#breadcrumb","itemListElement":[{"@type":"ListItem","position":1,"name":"Startseite","item":"https:\/\/schweizversand.ch\/fr\/"},{"@type":"ListItem","position":2,"name":"Boutique","item":"https:\/\/schweizversand.ch\/fr\/boutique\/"},{"@type":"ListItem","position":3,"name":"Sports","item":"https:\/\/schweizversand.ch\/fr\/produkt-kategorie\/sports\/"},{"@type":"ListItem","position":4,"name":"Sports d'hiver","item":"https:\/\/schweizversand.ch\/fr\/produkt-kategorie\/sports\/sports-dhiver\/"},{"@type":"ListItem","position":5,"name":"V\u00eatements de sports d'hiver","item":"https:\/\/schweizversand.ch\/fr\/produkt-kategorie\/sports\/sports-dhiver\/wintersportbekleidung\/"},{"@type":"ListItem","position":6,"name":"Pantalon de ski homme Trespass DLX KRISTOFF II"}]},{"@type":"WebSite","@id":"https:\/\/schweizversand.ch\/fr\/#website","url":"https:\/\/schweizversand.ch\/fr\/","name":"Schweizer Shop f\u00fcr Sport, Spiel und Freizeit","description":"Gratisversand ab 50.- (netto), ab eigenem schweizer Lager, Lieferung innert 48h","publisher":{"@id":"https:\/\/schweizversand.ch\/fr\/#organization"},"alternateName":"Schweizversand.ch","potentialAction":[{"@type":"SearchAction","target":{"@type":"EntryPoint","urlTemplate":"https:\/\/schweizversand.ch\/fr\/?s={search_term_string}"},"query-input":{"@type":"PropertyValueSpecification","valueRequired":true,"valueName":"search_term_string"}}],"inLanguage":"fr-FR"},{"@type":"Organization","@id":"https:\/\/schweizversand.ch\/fr\/#organization","name":"Schweizversand.ch","url":"https:\/\/schweizversand.ch\/fr\/","logo":{"@type":"ImageObject","inLanguage":"fr-FR","@id":"https:\/\/schweizversand.ch\/fr\/#\/schema\/logo\/image\/","url":"https:\/\/schweizversand.ch\/wp-content\/uploads\/2026\/03\/Logo_Rund_Final-1.png","contentUrl":"https:\/\/schweizversand.ch\/wp-content\/uploads\/2026\/03\/Logo_Rund_Final-1.png","width":404,"height":404,"caption":"Schweizversand.ch"},"image":{"@id":"https:\/\/schweizversand.ch\/fr\/#\/schema\/logo\/image\/"},"sameAs":["https:\/\/www.facebook.com\/Schweizversand","https:\/\/www.instagram.com\/schweizversand.ch\/"]}]}},"jetpack_sharing_enabled":true,"_links":{"self":[{"href":"https:\/\/schweizversand.ch\/fr\/wp-json\/wp\/v2\/product\/253833","targetHints":{"allow":["GET"]}}],"collection":[{"href":"https:\/\/schweizversand.ch\/fr\/wp-json\/wp\/v2\/product"}],"about":[{"href":"https:\/\/schweizversand.ch\/fr\/wp-json\/wp\/v2\/types\/product"}],"replies":[{"embeddable":true,"href":"https:\/\/schweizversand.ch\/fr\/wp-json\/wp\/v2\/comments?post=253833"}],"wp:featuredmedia":[{"embeddable":true,"href":"https:\/\/schweizversand.ch\/fr\/wp-json\/wp\/v2\/media\/162187"}],"wp:attachment":[{"href":"https:\/\/schweizversand.ch\/fr\/wp-json\/wp\/v2\/media?parent=253833"}],"wp:term":[{"taxonomy":"product_brand","embeddable":true,"href":"https:\/\/schweizversand.ch\/fr\/wp-json\/wp\/v2\/product_brand?post=253833"},{"taxonomy":"product_cat","embeddable":true,"href":"https:\/\/schweizversand.ch\/fr\/wp-json\/wp\/v2\/product_cat?post=253833"},{"taxonomy":"product_tag","embeddable":true,"href":"https:\/\/schweizversand.ch\/fr\/wp-json\/wp\/v2\/product_tag?post=253833"}],"curies":[{"name":"wp","href":"https:\/\/api.w.org\/{rel}","templated":true}]}}