{"id":253846,"date":"2026-03-15T00:56:19","date_gmt":"2026-03-14T23:56:19","guid":{"rendered":"https:\/\/schweizversand.ch\/produkt\/trespass-dlx-riona-damen-wanderschuhe-2\/"},"modified":"2026-05-02T15:34:05","modified_gmt":"2026-05-02T13:34:05","slug":"trespass-dlx-riona-damen-wanderschuhe-2","status":"publish","type":"product","link":"https:\/\/schweizversand.ch\/fr\/produkt\/trespass-dlx-riona-damen-wanderschuhe-2\/","title":{"rendered":"Bottes de randonn\u00e9e pour femmes Trespass DLX RIONA"},"content":{"rendered":"<p>Les chaussures de randonn\u00e9e l\u00e9g\u00e8res pour femmes DLX \u00ab\u00a0Riona\u00a0\u00bb, \u00e0 tige mi-haute, sont con\u00e7ues pour les conditions extr\u00eames et offrent des caract\u00e9ristiques remarquables. Elles sont sp\u00e9cialement con\u00e7ues pour vous offrir confort et protection lors de vos aventures en plein air. Gr\u00e2ce aux caract\u00e9ristiques suivantes et \u00e0 l&rsquo;utilisation de mat\u00e9riaux de haute qualit\u00e9, elles r\u00e9pondront aux exigences de la randonn\u00e9e et autres activit\u00e9s outdoor.<\/p>\n<\/p>\n<p>Caract\u00e9ristiques principales\u00a0:<\/p>\n<\/p>\n<p>\u2022 Tige mi-haute l\u00e9g\u00e8re DLX\u00a0: Ces chaussures sont l\u00e9g\u00e8res tout en offrant la protection et la durabilit\u00e9 n\u00e9cessaires. Elles sont \u00e0 la fois fonctionnelles et \u00e9l\u00e9gantes avec un design \u00e9pur\u00e9 en noir, gris et violet.<\/p>\n<\/p>\n<p>\u2022 Pare-boue int\u00e9gral\u00a0: Un pare-boue int\u00e9gral prot\u00e8ge vos pieds de la boue et autres \u00e9l\u00e9ments ext\u00e9rieurs, ce qui est particuli\u00e8rement utile lors de randonn\u00e9es sur terrains accident\u00e9s.<\/p>\n<\/p>\n<p>\u2022 Semelles Vibram\u00a0: La semelle ext\u00e9rieure Vibram est reconnue pour son excellente adh\u00e9rence et sa traction sur diverses surfaces, y compris les terrains humides, mouill\u00e9s ou glissants. Cela permet un meilleur contr\u00f4le, notamment en descente.<\/p>\n<\/p>\n<p>Autres caract\u00e9ristiques\u00a0:<\/p>\n<\/p>\n<p>\u2022 Tige softshell\u00a0: La tige softshell est l\u00e9g\u00e8re et r\u00e9sistante aux intemp\u00e9ries, offrant confort et protection.<\/p>\n<\/p>\n<p>\u2022 Membrane imperm\u00e9able et respirante : Cette membrane prot\u00e8ge de l&rsquo;humidit\u00e9 ext\u00e9rieure tout en permettant \u00e0 l&rsquo;humidit\u00e9 int\u00e9rieure de s&rsquo;\u00e9vacuer, pour des pieds secs et confortables.<\/p>\n<\/p>\n<p>\u2022 Languette \u00e0 soufflet : La languette \u00e0 soufflet emp\u00eache la salet\u00e9 et l&rsquo;humidit\u00e9 de p\u00e9n\u00e9trer dans la chaussure.<\/p>\n<\/p>\n<p>\u2022 Col et languette rembourr\u00e9s : Le rembourrage offre un confort accru au niveau de la cheville.<\/p>\n<\/p>\n<p>\u2022 Semelle int\u00e9rieure moul\u00e9e : La semelle int\u00e9rieure moul\u00e9e am\u00e9liore le confort et le soutien de la plante des pieds.<\/p>\n<\/p>\n<p>Entretien et composition :<\/p>\n<\/p>\n<p>\u2022 Tige : Textile \/ PU (Polyur\u00e9thane)<\/p>\n<\/p>\n<p>\u2022 Doublure : Textile<\/p>\n<\/p>\n<p>\u2022 Semelle ext\u00e9rieure : Vibram &#8211; EVA moul\u00e9 \/ Caoutchouc<\/p>\n","protected":false},"excerpt":{"rendered":"<p>Les chaussures de randonn\u00e9e l\u00e9g\u00e8res pour femmes DLX \u00ab\u00a0Riona\u00a0\u00bb, \u00e0 tige mi-haute, sont con\u00e7ues pour les conditions extr\u00eames et offrent des caract\u00e9ristiques remarquables. Elles sont sp\u00e9cialement con\u00e7ues pour vous offrir confort et protection lors de vos aventures en plein air. Gr\u00e2ce aux caract\u00e9ristiques suivantes et \u00e0 l&rsquo;utilisation de mat\u00e9riaux de haute qualit\u00e9, elles r\u00e9pondront aux exigences de la randonn\u00e9e et autres activit\u00e9s outdoor. Caract\u00e9ristiques principales\u00a0: \u2022 Tige mi-haute l\u00e9g\u00e8re DLX\u00a0: Ces chaussures sont l\u00e9g\u00e8res tout&hellip;<\/p>\n","protected":false},"featured_media":162382,"comment_status":"open","ping_status":"closed","template":"","meta":[],"product_brand":[],"product_cat":[38335],"product_tag":[],"class_list":{"0":"post-253846","1":"product","2":"type-product","3":"status-publish","4":"has-post-thumbnail","6":"product_cat-wandern","7":"product_shipping_class-global_methods","9":"first","10":"instock","11":"taxable","12":"shipping-taxable","13":"purchasable","14":"product-type-simple"},"yoast_head":"<!-- This site is optimized with the Yoast SEO plugin v27.5 - https:\/\/yoast.com\/product\/yoast-seo-wordpress\/ -->\n<title>Trespass DLX RIONA Damen Wanderschuhe | Jetzt kaufen | Schweizversand.ch<\/title>\n<meta name=\"description\" content=\"Trespass DLX RIONA Damen Wanderschuhe g\u00fcnstig kaufen bei Schweizversand.ch. Schnelle Lieferung in der Schweiz. Gratisversand ab CHF 50.\" \/>\n<meta name=\"robots\" content=\"index, follow, max-snippet:-1, max-image-preview:large, max-video-preview:-1\" \/>\n<link rel=\"canonical\" href=\"https:\/\/schweizversand.ch\/fr\/produkt\/trespass-dlx-riona-damen-wanderschuhe-2\/\" \/>\n<meta property=\"og:locale\" content=\"fr_FR\" \/>\n<meta property=\"og:type\" content=\"article\" \/>\n<meta property=\"og:title\" content=\"Trespass DLX RIONA Damen Wanderschuhe | Jetzt kaufen | Schweizversand.ch\" \/>\n<meta property=\"og:description\" content=\"Trespass DLX RIONA Damen Wanderschuhe g\u00fcnstig kaufen bei Schweizversand.ch. Schnelle Lieferung in der Schweiz. Gratisversand ab CHF 50.\" \/>\n<meta property=\"og:url\" content=\"https:\/\/schweizversand.ch\/fr\/produkt\/trespass-dlx-riona-damen-wanderschuhe-2\/\" \/>\n<meta property=\"og:site_name\" content=\"Schweizer Shop f\u00fcr Sport, Spiel und Freizeit\" \/>\n<meta property=\"article:publisher\" content=\"https:\/\/www.facebook.com\/Schweizversand\" \/>\n<meta property=\"article:modified_time\" content=\"2026-05-02T13:34:05+00:00\" \/>\n<meta property=\"og:image\" content=\"https:\/\/schweizversand.ch\/wp-content\/uploads\/2026\/02\/5471703620.jpg\" \/>\n\t<meta property=\"og:image:width\" content=\"1024\" \/>\n\t<meta property=\"og:image:height\" content=\"1024\" \/>\n\t<meta property=\"og:image:type\" content=\"image\/jpeg\" \/>\n<meta name=\"twitter:card\" content=\"summary_large_image\" \/>\n<meta name=\"twitter:label1\" content=\"Dur\u00e9e de lecture estim\u00e9e\" \/>\n\t<meta name=\"twitter:data1\" content=\"2 minutes\" \/>\n<script type=\"application\/ld+json\" class=\"yoast-schema-graph\">{\"@context\":\"https:\\\/\\\/schema.org\",\"@graph\":[{\"@type\":\"WebPage\",\"@id\":\"https:\\\/\\\/schweizversand.ch\\\/fr\\\/produkt\\\/trespass-dlx-riona-damen-wanderschuhe-2\\\/\",\"url\":\"https:\\\/\\\/schweizversand.ch\\\/fr\\\/produkt\\\/trespass-dlx-riona-damen-wanderschuhe-2\\\/\",\"name\":\"Trespass DLX RIONA Damen Wanderschuhe | Jetzt kaufen | Schweizversand.ch\",\"isPartOf\":{\"@id\":\"https:\\\/\\\/schweizversand.ch\\\/fr\\\/#website\"},\"primaryImageOfPage\":{\"@id\":\"https:\\\/\\\/schweizversand.ch\\\/fr\\\/produkt\\\/trespass-dlx-riona-damen-wanderschuhe-2\\\/#primaryimage\"},\"image\":{\"@id\":\"https:\\\/\\\/schweizversand.ch\\\/fr\\\/produkt\\\/trespass-dlx-riona-damen-wanderschuhe-2\\\/#primaryimage\"},\"thumbnailUrl\":\"https:\\\/\\\/schweizversand.ch\\\/wp-content\\\/uploads\\\/2026\\\/02\\\/5471703620.jpg\",\"datePublished\":\"2026-03-14T23:56:19+00:00\",\"dateModified\":\"2026-05-02T13:34:05+00:00\",\"description\":\"Trespass DLX RIONA Damen Wanderschuhe g\u00fcnstig kaufen bei Schweizversand.ch. Schnelle Lieferung in der Schweiz. Gratisversand ab CHF 50.\",\"breadcrumb\":{\"@id\":\"https:\\\/\\\/schweizversand.ch\\\/fr\\\/produkt\\\/trespass-dlx-riona-damen-wanderschuhe-2\\\/#breadcrumb\"},\"inLanguage\":\"fr-FR\",\"potentialAction\":[{\"@type\":\"ReadAction\",\"target\":[\"https:\\\/\\\/schweizversand.ch\\\/fr\\\/produkt\\\/trespass-dlx-riona-damen-wanderschuhe-2\\\/\"]}]},{\"@type\":\"ImageObject\",\"inLanguage\":\"fr-FR\",\"@id\":\"https:\\\/\\\/schweizversand.ch\\\/fr\\\/produkt\\\/trespass-dlx-riona-damen-wanderschuhe-2\\\/#primaryimage\",\"url\":\"https:\\\/\\\/schweizversand.ch\\\/wp-content\\\/uploads\\\/2026\\\/02\\\/5471703620.jpg\",\"contentUrl\":\"https:\\\/\\\/schweizversand.ch\\\/wp-content\\\/uploads\\\/2026\\\/02\\\/5471703620.jpg\",\"width\":1024,\"height\":1024},{\"@type\":\"BreadcrumbList\",\"@id\":\"https:\\\/\\\/schweizversand.ch\\\/fr\\\/produkt\\\/trespass-dlx-riona-damen-wanderschuhe-2\\\/#breadcrumb\",\"itemListElement\":[{\"@type\":\"ListItem\",\"position\":1,\"name\":\"Startseite\",\"item\":\"https:\\\/\\\/schweizversand.ch\\\/fr\\\/home\\\/\"},{\"@type\":\"ListItem\",\"position\":2,\"name\":\"Boutique\",\"item\":\"https:\\\/\\\/schweizversand.ch\\\/fr\\\/boutique\\\/\"},{\"@type\":\"ListItem\",\"position\":3,\"name\":\"Sports\",\"item\":\"https:\\\/\\\/schweizversand.ch\\\/fr\\\/produkt-kategorie\\\/sports\\\/\"},{\"@type\":\"ListItem\",\"position\":4,\"name\":\"Plein air\",\"item\":\"https:\\\/\\\/schweizversand.ch\\\/fr\\\/produkt-kategorie\\\/sports\\\/plein-air\\\/\"},{\"@type\":\"ListItem\",\"position\":5,\"name\":\"Randonn\u00e9e\",\"item\":\"https:\\\/\\\/schweizversand.ch\\\/fr\\\/produkt-kategorie\\\/sports\\\/plein-air\\\/wandern\\\/\"},{\"@type\":\"ListItem\",\"position\":6,\"name\":\"Bottes de randonn\u00e9e pour femmes Trespass DLX RIONA\"}]},{\"@type\":\"WebSite\",\"@id\":\"https:\\\/\\\/schweizversand.ch\\\/fr\\\/#website\",\"url\":\"https:\\\/\\\/schweizversand.ch\\\/fr\\\/\",\"name\":\"Schweizer Shop f\u00fcr Sport, Spiel und Freizeit\",\"description\":\"Gratisversand ab 50.- (netto), ab eigenem schweizer Lager, Lieferung innert 48h\",\"publisher\":{\"@id\":\"https:\\\/\\\/schweizversand.ch\\\/fr\\\/#organization\"},\"alternateName\":\"Schweizversand.ch\",\"potentialAction\":[{\"@type\":\"SearchAction\",\"target\":{\"@type\":\"EntryPoint\",\"urlTemplate\":\"https:\\\/\\\/schweizversand.ch\\\/fr\\\/?s={search_term_string}\"},\"query-input\":{\"@type\":\"PropertyValueSpecification\",\"valueRequired\":true,\"valueName\":\"search_term_string\"}}],\"inLanguage\":\"fr-FR\"},{\"@type\":\"Organization\",\"@id\":\"https:\\\/\\\/schweizversand.ch\\\/fr\\\/#organization\",\"name\":\"Schweizversand.ch\",\"url\":\"https:\\\/\\\/schweizversand.ch\\\/fr\\\/\",\"logo\":{\"@type\":\"ImageObject\",\"inLanguage\":\"fr-FR\",\"@id\":\"https:\\\/\\\/schweizversand.ch\\\/fr\\\/#\\\/schema\\\/logo\\\/image\\\/\",\"url\":\"https:\\\/\\\/schweizversand.ch\\\/wp-content\\\/uploads\\\/2026\\\/03\\\/Logo_Rund_Final-1.png\",\"contentUrl\":\"https:\\\/\\\/schweizversand.ch\\\/wp-content\\\/uploads\\\/2026\\\/03\\\/Logo_Rund_Final-1.png\",\"width\":404,\"height\":404,\"caption\":\"Schweizversand.ch\"},\"image\":{\"@id\":\"https:\\\/\\\/schweizversand.ch\\\/fr\\\/#\\\/schema\\\/logo\\\/image\\\/\"},\"sameAs\":[\"https:\\\/\\\/www.facebook.com\\\/Schweizversand\",\"https:\\\/\\\/www.instagram.com\\\/schweizversand.ch\\\/\"]}]}<\/script>\n<!-- \/ Yoast SEO plugin. -->","yoast_head_json":{"title":"Trespass DLX RIONA Damen Wanderschuhe | Jetzt kaufen | Schweizversand.ch","description":"Trespass DLX RIONA Damen Wanderschuhe g\u00fcnstig kaufen bei Schweizversand.ch. Schnelle Lieferung in der Schweiz. Gratisversand ab CHF 50.","robots":{"index":"index","follow":"follow","max-snippet":"max-snippet:-1","max-image-preview":"max-image-preview:large","max-video-preview":"max-video-preview:-1"},"canonical":"https:\/\/schweizversand.ch\/fr\/produkt\/trespass-dlx-riona-damen-wanderschuhe-2\/","og_locale":"fr_FR","og_type":"article","og_title":"Trespass DLX RIONA Damen Wanderschuhe | Jetzt kaufen | Schweizversand.ch","og_description":"Trespass DLX RIONA Damen Wanderschuhe g\u00fcnstig kaufen bei Schweizversand.ch. Schnelle Lieferung in der Schweiz. Gratisversand ab CHF 50.","og_url":"https:\/\/schweizversand.ch\/fr\/produkt\/trespass-dlx-riona-damen-wanderschuhe-2\/","og_site_name":"Schweizer Shop f\u00fcr Sport, Spiel und Freizeit","article_publisher":"https:\/\/www.facebook.com\/Schweizversand","article_modified_time":"2026-05-02T13:34:05+00:00","og_image":[{"width":1024,"height":1024,"url":"https:\/\/schweizversand.ch\/wp-content\/uploads\/2026\/02\/5471703620.jpg","type":"image\/jpeg"}],"twitter_card":"summary_large_image","twitter_misc":{"Dur\u00e9e de lecture estim\u00e9e":"2 minutes"},"schema":{"@context":"https:\/\/schema.org","@graph":[{"@type":"WebPage","@id":"https:\/\/schweizversand.ch\/fr\/produkt\/trespass-dlx-riona-damen-wanderschuhe-2\/","url":"https:\/\/schweizversand.ch\/fr\/produkt\/trespass-dlx-riona-damen-wanderschuhe-2\/","name":"Trespass DLX RIONA Damen Wanderschuhe | Jetzt kaufen | Schweizversand.ch","isPartOf":{"@id":"https:\/\/schweizversand.ch\/fr\/#website"},"primaryImageOfPage":{"@id":"https:\/\/schweizversand.ch\/fr\/produkt\/trespass-dlx-riona-damen-wanderschuhe-2\/#primaryimage"},"image":{"@id":"https:\/\/schweizversand.ch\/fr\/produkt\/trespass-dlx-riona-damen-wanderschuhe-2\/#primaryimage"},"thumbnailUrl":"https:\/\/schweizversand.ch\/wp-content\/uploads\/2026\/02\/5471703620.jpg","datePublished":"2026-03-14T23:56:19+00:00","dateModified":"2026-05-02T13:34:05+00:00","description":"Trespass DLX RIONA Damen Wanderschuhe g\u00fcnstig kaufen bei Schweizversand.ch. Schnelle Lieferung in der Schweiz. Gratisversand ab CHF 50.","breadcrumb":{"@id":"https:\/\/schweizversand.ch\/fr\/produkt\/trespass-dlx-riona-damen-wanderschuhe-2\/#breadcrumb"},"inLanguage":"fr-FR","potentialAction":[{"@type":"ReadAction","target":["https:\/\/schweizversand.ch\/fr\/produkt\/trespass-dlx-riona-damen-wanderschuhe-2\/"]}]},{"@type":"ImageObject","inLanguage":"fr-FR","@id":"https:\/\/schweizversand.ch\/fr\/produkt\/trespass-dlx-riona-damen-wanderschuhe-2\/#primaryimage","url":"https:\/\/schweizversand.ch\/wp-content\/uploads\/2026\/02\/5471703620.jpg","contentUrl":"https:\/\/schweizversand.ch\/wp-content\/uploads\/2026\/02\/5471703620.jpg","width":1024,"height":1024},{"@type":"BreadcrumbList","@id":"https:\/\/schweizversand.ch\/fr\/produkt\/trespass-dlx-riona-damen-wanderschuhe-2\/#breadcrumb","itemListElement":[{"@type":"ListItem","position":1,"name":"Startseite","item":"https:\/\/schweizversand.ch\/fr\/home\/"},{"@type":"ListItem","position":2,"name":"Boutique","item":"https:\/\/schweizversand.ch\/fr\/boutique\/"},{"@type":"ListItem","position":3,"name":"Sports","item":"https:\/\/schweizversand.ch\/fr\/produkt-kategorie\/sports\/"},{"@type":"ListItem","position":4,"name":"Plein air","item":"https:\/\/schweizversand.ch\/fr\/produkt-kategorie\/sports\/plein-air\/"},{"@type":"ListItem","position":5,"name":"Randonn\u00e9e","item":"https:\/\/schweizversand.ch\/fr\/produkt-kategorie\/sports\/plein-air\/wandern\/"},{"@type":"ListItem","position":6,"name":"Bottes de randonn\u00e9e pour femmes Trespass DLX RIONA"}]},{"@type":"WebSite","@id":"https:\/\/schweizversand.ch\/fr\/#website","url":"https:\/\/schweizversand.ch\/fr\/","name":"Schweizer Shop f\u00fcr Sport, Spiel und Freizeit","description":"Gratisversand ab 50.- (netto), ab eigenem schweizer Lager, Lieferung innert 48h","publisher":{"@id":"https:\/\/schweizversand.ch\/fr\/#organization"},"alternateName":"Schweizversand.ch","potentialAction":[{"@type":"SearchAction","target":{"@type":"EntryPoint","urlTemplate":"https:\/\/schweizversand.ch\/fr\/?s={search_term_string}"},"query-input":{"@type":"PropertyValueSpecification","valueRequired":true,"valueName":"search_term_string"}}],"inLanguage":"fr-FR"},{"@type":"Organization","@id":"https:\/\/schweizversand.ch\/fr\/#organization","name":"Schweizversand.ch","url":"https:\/\/schweizversand.ch\/fr\/","logo":{"@type":"ImageObject","inLanguage":"fr-FR","@id":"https:\/\/schweizversand.ch\/fr\/#\/schema\/logo\/image\/","url":"https:\/\/schweizversand.ch\/wp-content\/uploads\/2026\/03\/Logo_Rund_Final-1.png","contentUrl":"https:\/\/schweizversand.ch\/wp-content\/uploads\/2026\/03\/Logo_Rund_Final-1.png","width":404,"height":404,"caption":"Schweizversand.ch"},"image":{"@id":"https:\/\/schweizversand.ch\/fr\/#\/schema\/logo\/image\/"},"sameAs":["https:\/\/www.facebook.com\/Schweizversand","https:\/\/www.instagram.com\/schweizversand.ch\/"]}]}},"jetpack_sharing_enabled":true,"_links":{"self":[{"href":"https:\/\/schweizversand.ch\/fr\/wp-json\/wp\/v2\/product\/253846","targetHints":{"allow":["GET"]}}],"collection":[{"href":"https:\/\/schweizversand.ch\/fr\/wp-json\/wp\/v2\/product"}],"about":[{"href":"https:\/\/schweizversand.ch\/fr\/wp-json\/wp\/v2\/types\/product"}],"replies":[{"embeddable":true,"href":"https:\/\/schweizversand.ch\/fr\/wp-json\/wp\/v2\/comments?post=253846"}],"wp:featuredmedia":[{"embeddable":true,"href":"https:\/\/schweizversand.ch\/fr\/wp-json\/wp\/v2\/media\/162382"}],"wp:attachment":[{"href":"https:\/\/schweizversand.ch\/fr\/wp-json\/wp\/v2\/media?parent=253846"}],"wp:term":[{"taxonomy":"product_brand","embeddable":true,"href":"https:\/\/schweizversand.ch\/fr\/wp-json\/wp\/v2\/product_brand?post=253846"},{"taxonomy":"product_cat","embeddable":true,"href":"https:\/\/schweizversand.ch\/fr\/wp-json\/wp\/v2\/product_cat?post=253846"},{"taxonomy":"product_tag","embeddable":true,"href":"https:\/\/schweizversand.ch\/fr\/wp-json\/wp\/v2\/product_tag?post=253846"}],"curies":[{"name":"wp","href":"https:\/\/api.w.org\/{rel}","templated":true}]}}