{"id":253915,"date":"2026-03-14T23:21:32","date_gmt":"2026-03-14T22:21:32","guid":{"rendered":"https:\/\/schweizversand.ch\/produkt\/teamplayer-universal-fahrrad-handyhalterung\/"},"modified":"2026-04-19T15:35:57","modified_gmt":"2026-04-19T13:35:57","slug":"teamplayer-universal-fahrrad-handyhalterung","status":"publish","type":"product","link":"https:\/\/schweizversand.ch\/fr\/produkt\/teamplayer-universal-fahrrad-handyhalterung\/","title":{"rendered":"Support universel pour t\u00e9l\u00e9phone de v\u00e9lo Teamplayer"},"content":{"rendered":"<h1><strong>Support de t\u00e9l\u00e9phone pour v\u00e9lo \u00e0 360\u00b0 \u2013 Universel et sans outil<\/strong><\/h1>\n<div>Le support de t\u00e9l\u00e9phone id\u00e9al pour votre v\u00e9lo est l&rsquo;accessoire indispensable pour toutes vos sorties. Que vous planifiiez vos itin\u00e9raires, \u00e9coutiez de la musique ou utilisiez le support de navigation, votre smartphone reste en s\u00e9curit\u00e9, stable et parfaitement positionn\u00e9 pour une visualisation optimale.<\/p>\n<\/div>\n<div><strong>Flexibilit\u00e9 maximale gr\u00e2ce \u00e0 sa rotation \u00e0 360\u00b0<\/strong><br \/>Gr\u00e2ce \u00e0 ce support innovant \u00e0 360\u00b0, vous pouvez ajuster parfaitement l&rsquo;affichage selon vos besoins. Passez facilement du mode portrait au mode paysage pour une visualisation optimale de votre navigation ou de vos contenus multim\u00e9dias. Cette flexibilit\u00e9 vous offre un confort optimal \u00e0 chaque sortie.<\/p>\n<\/div>\n<div><strong>Installation facile et sans outil<\/strong><br \/>Installer ce support de t\u00e9l\u00e9phone pour v\u00e9lo est un jeu d&rsquo;enfant. Gr\u00e2ce \u00e0 son syst\u00e8me de fixation sans outil, il est pr\u00eat \u00e0 l&#8217;emploi en quelques secondes. Fixez, serrez et roulez en toute simplicit\u00e9\u00a0! <\/p>\n<\/div>\n<div><strong>Compatibilit\u00e9 universelle<\/strong><br \/>Ce support a \u00e9t\u00e9 con\u00e7u pour une polyvalence maximale et s&rsquo;adapte parfaitement \u00e0 votre \u00e9quipement\u00a0:<\/p>\n<\/div>\n<div><strong>Caract\u00e9ristiques et dimensions du produit<\/strong><br \/>&#8211; Compatible avec tous les diam\u00e8tres de guidon courants (v\u00e9lo de ville, v\u00e9lo de route, VTT)<br \/>&#8211; Compatible avec les smartphones de 4 \u00e0 6,5 pouces<br \/>&#8211; Fixation s\u00fbre et ferme, m\u00eame sur les routes accident\u00e9es<br \/>&#8211; Permet une rotation compl\u00e8te \u00e0 360\u00b0 de l&rsquo;appareil<\/p>\n<\/div>\n<div>Procurez-vous d\u00e8s maintenant ce support de t\u00e9l\u00e9phone pour v\u00e9lo pratique et profitez d&rsquo;un confort optimal et de la libert\u00e9 d&rsquo;avoir votre smartphone en toute s\u00e9curit\u00e9 avec vous en permanence.<\/p>\n","protected":false},"excerpt":{"rendered":"<p>Support de t\u00e9l\u00e9phone pour v\u00e9lo \u00e0 360\u00b0 \u2013 Universel et sans outil Le support de t\u00e9l\u00e9phone id\u00e9al pour votre v\u00e9lo est l&rsquo;accessoire indispensable pour toutes vos sorties. Que vous planifiiez vos itin\u00e9raires, \u00e9coutiez de la musique ou utilisiez le support de navigation, votre smartphone reste en s\u00e9curit\u00e9, stable et parfaitement positionn\u00e9 pour une visualisation optimale. Flexibilit\u00e9 maximale gr\u00e2ce \u00e0 sa rotation \u00e0 360\u00b0Gr\u00e2ce \u00e0 ce support innovant \u00e0 360\u00b0, vous pouvez ajuster parfaitement l&rsquo;affichage selon&hellip;<\/p>\n","protected":false},"featured_media":164915,"comment_status":"open","ping_status":"closed","template":"","meta":[],"product_brand":[],"product_cat":[38634],"product_tag":[],"class_list":{"0":"post-253915","1":"product","2":"type-product","3":"status-publish","4":"has-post-thumbnail","6":"product_cat-veloausruestung","7":"product_shipping_class-global_methods","9":"first","10":"instock","11":"taxable","12":"shipping-taxable","13":"purchasable","14":"product-type-simple"},"yoast_head":"<!-- This site is optimized with the Yoast SEO plugin v27.4 - https:\/\/yoast.com\/product\/yoast-seo-wordpress\/ -->\n<title>Teamplayer Universal Fahrrad-Handyhalterung | Jetzt kaufen | Schweizversand.ch<\/title>\n<meta name=\"description\" content=\"Teamplayer Universal Fahrrad-Handyhalterung g\u00fcnstig kaufen bei Schweizversand.ch. Schnelle Lieferung in der Schweiz. Gratisversand ab CHF 50.\" \/>\n<meta name=\"robots\" content=\"index, follow, max-snippet:-1, max-image-preview:large, max-video-preview:-1\" \/>\n<link rel=\"canonical\" href=\"https:\/\/schweizversand.ch\/fr\/produkt\/teamplayer-universal-fahrrad-handyhalterung\/\" \/>\n<meta property=\"og:locale\" content=\"fr_FR\" \/>\n<meta property=\"og:type\" content=\"article\" \/>\n<meta property=\"og:title\" content=\"Teamplayer Universal Fahrrad-Handyhalterung | Jetzt kaufen | Schweizversand.ch\" \/>\n<meta property=\"og:description\" content=\"Teamplayer Universal Fahrrad-Handyhalterung g\u00fcnstig kaufen bei Schweizversand.ch. Schnelle Lieferung in der Schweiz. Gratisversand ab CHF 50.\" \/>\n<meta property=\"og:url\" content=\"https:\/\/schweizversand.ch\/fr\/produkt\/teamplayer-universal-fahrrad-handyhalterung\/\" \/>\n<meta property=\"og:site_name\" content=\"Schweizer Shop f\u00fcr Sport, Spiel und Freizeit\" \/>\n<meta property=\"article:publisher\" content=\"https:\/\/www.facebook.com\/Schweizversand\" \/>\n<meta property=\"article:modified_time\" content=\"2026-04-19T13:35:57+00:00\" \/>\n<meta property=\"og:image\" content=\"https:\/\/schweizversand.ch\/wp-content\/uploads\/2026\/02\/5471777888.jpg\" \/>\n\t<meta property=\"og:image:width\" content=\"768\" \/>\n\t<meta property=\"og:image:height\" content=\"1024\" \/>\n\t<meta property=\"og:image:type\" content=\"image\/jpeg\" \/>\n<meta name=\"twitter:card\" content=\"summary_large_image\" \/>\n<meta name=\"twitter:label1\" content=\"Dur\u00e9e de lecture estim\u00e9e\" \/>\n\t<meta name=\"twitter:data1\" content=\"1 minute\" \/>\n<script type=\"application\/ld+json\" class=\"yoast-schema-graph\">{\"@context\":\"https:\\\/\\\/schema.org\",\"@graph\":[{\"@type\":\"WebPage\",\"@id\":\"https:\\\/\\\/schweizversand.ch\\\/fr\\\/produkt\\\/teamplayer-universal-fahrrad-handyhalterung\\\/\",\"url\":\"https:\\\/\\\/schweizversand.ch\\\/fr\\\/produkt\\\/teamplayer-universal-fahrrad-handyhalterung\\\/\",\"name\":\"Teamplayer Universal Fahrrad-Handyhalterung | Jetzt kaufen | Schweizversand.ch\",\"isPartOf\":{\"@id\":\"https:\\\/\\\/schweizversand.ch\\\/fr\\\/#website\"},\"primaryImageOfPage\":{\"@id\":\"https:\\\/\\\/schweizversand.ch\\\/fr\\\/produkt\\\/teamplayer-universal-fahrrad-handyhalterung\\\/#primaryimage\"},\"image\":{\"@id\":\"https:\\\/\\\/schweizversand.ch\\\/fr\\\/produkt\\\/teamplayer-universal-fahrrad-handyhalterung\\\/#primaryimage\"},\"thumbnailUrl\":\"https:\\\/\\\/schweizversand.ch\\\/wp-content\\\/uploads\\\/2026\\\/02\\\/5471777888.jpg\",\"datePublished\":\"2026-03-14T22:21:32+00:00\",\"dateModified\":\"2026-04-19T13:35:57+00:00\",\"description\":\"Teamplayer Universal Fahrrad-Handyhalterung g\u00fcnstig kaufen bei Schweizversand.ch. Schnelle Lieferung in der Schweiz. Gratisversand ab CHF 50.\",\"breadcrumb\":{\"@id\":\"https:\\\/\\\/schweizversand.ch\\\/fr\\\/produkt\\\/teamplayer-universal-fahrrad-handyhalterung\\\/#breadcrumb\"},\"inLanguage\":\"fr-FR\",\"potentialAction\":[{\"@type\":\"ReadAction\",\"target\":[\"https:\\\/\\\/schweizversand.ch\\\/fr\\\/produkt\\\/teamplayer-universal-fahrrad-handyhalterung\\\/\"]}]},{\"@type\":\"ImageObject\",\"inLanguage\":\"fr-FR\",\"@id\":\"https:\\\/\\\/schweizversand.ch\\\/fr\\\/produkt\\\/teamplayer-universal-fahrrad-handyhalterung\\\/#primaryimage\",\"url\":\"https:\\\/\\\/schweizversand.ch\\\/wp-content\\\/uploads\\\/2026\\\/02\\\/5471777888.jpg\",\"contentUrl\":\"https:\\\/\\\/schweizversand.ch\\\/wp-content\\\/uploads\\\/2026\\\/02\\\/5471777888.jpg\",\"width\":768,\"height\":1024},{\"@type\":\"BreadcrumbList\",\"@id\":\"https:\\\/\\\/schweizversand.ch\\\/fr\\\/produkt\\\/teamplayer-universal-fahrrad-handyhalterung\\\/#breadcrumb\",\"itemListElement\":[{\"@type\":\"ListItem\",\"position\":1,\"name\":\"Startseite\",\"item\":\"https:\\\/\\\/schweizversand.ch\\\/fr\\\/home\\\/\"},{\"@type\":\"ListItem\",\"position\":2,\"name\":\"Boutique\",\"item\":\"https:\\\/\\\/schweizversand.ch\\\/fr\\\/boutique\\\/\"},{\"@type\":\"ListItem\",\"position\":3,\"name\":\"Sports\",\"item\":\"https:\\\/\\\/schweizversand.ch\\\/fr\\\/produkt-kategorie\\\/sports\\\/\"},{\"@type\":\"ListItem\",\"position\":4,\"name\":\"V\u00e9lo\",\"item\":\"https:\\\/\\\/schweizversand.ch\\\/fr\\\/produkt-kategorie\\\/sports\\\/velo\\\/\"},{\"@type\":\"ListItem\",\"position\":5,\"name\":\"\u00c9quipement de cyclisme\",\"item\":\"https:\\\/\\\/schweizversand.ch\\\/fr\\\/produkt-kategorie\\\/sports\\\/velo\\\/veloausruestung\\\/\"},{\"@type\":\"ListItem\",\"position\":6,\"name\":\"Support universel pour t\u00e9l\u00e9phone de v\u00e9lo Teamplayer\"}]},{\"@type\":\"WebSite\",\"@id\":\"https:\\\/\\\/schweizversand.ch\\\/fr\\\/#website\",\"url\":\"https:\\\/\\\/schweizversand.ch\\\/fr\\\/\",\"name\":\"Schweizer Shop f\u00fcr Sport, Spiel und Freizeit\",\"description\":\"Gratisversand ab 50.- (netto), ab eigenem schweizer Lager, Lieferung innert 48h\",\"publisher\":{\"@id\":\"https:\\\/\\\/schweizversand.ch\\\/fr\\\/#organization\"},\"alternateName\":\"Schweizversand.ch\",\"potentialAction\":[{\"@type\":\"SearchAction\",\"target\":{\"@type\":\"EntryPoint\",\"urlTemplate\":\"https:\\\/\\\/schweizversand.ch\\\/fr\\\/?s={search_term_string}\"},\"query-input\":{\"@type\":\"PropertyValueSpecification\",\"valueRequired\":true,\"valueName\":\"search_term_string\"}}],\"inLanguage\":\"fr-FR\"},{\"@type\":\"Organization\",\"@id\":\"https:\\\/\\\/schweizversand.ch\\\/fr\\\/#organization\",\"name\":\"Schweizversand.ch\",\"url\":\"https:\\\/\\\/schweizversand.ch\\\/fr\\\/\",\"logo\":{\"@type\":\"ImageObject\",\"inLanguage\":\"fr-FR\",\"@id\":\"https:\\\/\\\/schweizversand.ch\\\/fr\\\/#\\\/schema\\\/logo\\\/image\\\/\",\"url\":\"https:\\\/\\\/schweizversand.ch\\\/wp-content\\\/uploads\\\/2026\\\/03\\\/Logo_Rund_Final-1.png\",\"contentUrl\":\"https:\\\/\\\/schweizversand.ch\\\/wp-content\\\/uploads\\\/2026\\\/03\\\/Logo_Rund_Final-1.png\",\"width\":404,\"height\":404,\"caption\":\"Schweizversand.ch\"},\"image\":{\"@id\":\"https:\\\/\\\/schweizversand.ch\\\/fr\\\/#\\\/schema\\\/logo\\\/image\\\/\"},\"sameAs\":[\"https:\\\/\\\/www.facebook.com\\\/Schweizversand\",\"https:\\\/\\\/www.instagram.com\\\/schweizversand.ch\\\/\"]}]}<\/script>\n<!-- \/ Yoast SEO plugin. -->","yoast_head_json":{"title":"Teamplayer Universal Fahrrad-Handyhalterung | Jetzt kaufen | Schweizversand.ch","description":"Teamplayer Universal Fahrrad-Handyhalterung g\u00fcnstig kaufen bei Schweizversand.ch. Schnelle Lieferung in der Schweiz. Gratisversand ab CHF 50.","robots":{"index":"index","follow":"follow","max-snippet":"max-snippet:-1","max-image-preview":"max-image-preview:large","max-video-preview":"max-video-preview:-1"},"canonical":"https:\/\/schweizversand.ch\/fr\/produkt\/teamplayer-universal-fahrrad-handyhalterung\/","og_locale":"fr_FR","og_type":"article","og_title":"Teamplayer Universal Fahrrad-Handyhalterung | Jetzt kaufen | Schweizversand.ch","og_description":"Teamplayer Universal Fahrrad-Handyhalterung g\u00fcnstig kaufen bei Schweizversand.ch. Schnelle Lieferung in der Schweiz. Gratisversand ab CHF 50.","og_url":"https:\/\/schweizversand.ch\/fr\/produkt\/teamplayer-universal-fahrrad-handyhalterung\/","og_site_name":"Schweizer Shop f\u00fcr Sport, Spiel und Freizeit","article_publisher":"https:\/\/www.facebook.com\/Schweizversand","article_modified_time":"2026-04-19T13:35:57+00:00","og_image":[{"width":768,"height":1024,"url":"https:\/\/schweizversand.ch\/wp-content\/uploads\/2026\/02\/5471777888.jpg","type":"image\/jpeg"}],"twitter_card":"summary_large_image","twitter_misc":{"Dur\u00e9e de lecture estim\u00e9e":"1 minute"},"schema":{"@context":"https:\/\/schema.org","@graph":[{"@type":"WebPage","@id":"https:\/\/schweizversand.ch\/fr\/produkt\/teamplayer-universal-fahrrad-handyhalterung\/","url":"https:\/\/schweizversand.ch\/fr\/produkt\/teamplayer-universal-fahrrad-handyhalterung\/","name":"Teamplayer Universal Fahrrad-Handyhalterung | Jetzt kaufen | Schweizversand.ch","isPartOf":{"@id":"https:\/\/schweizversand.ch\/fr\/#website"},"primaryImageOfPage":{"@id":"https:\/\/schweizversand.ch\/fr\/produkt\/teamplayer-universal-fahrrad-handyhalterung\/#primaryimage"},"image":{"@id":"https:\/\/schweizversand.ch\/fr\/produkt\/teamplayer-universal-fahrrad-handyhalterung\/#primaryimage"},"thumbnailUrl":"https:\/\/schweizversand.ch\/wp-content\/uploads\/2026\/02\/5471777888.jpg","datePublished":"2026-03-14T22:21:32+00:00","dateModified":"2026-04-19T13:35:57+00:00","description":"Teamplayer Universal Fahrrad-Handyhalterung g\u00fcnstig kaufen bei Schweizversand.ch. Schnelle Lieferung in der Schweiz. Gratisversand ab CHF 50.","breadcrumb":{"@id":"https:\/\/schweizversand.ch\/fr\/produkt\/teamplayer-universal-fahrrad-handyhalterung\/#breadcrumb"},"inLanguage":"fr-FR","potentialAction":[{"@type":"ReadAction","target":["https:\/\/schweizversand.ch\/fr\/produkt\/teamplayer-universal-fahrrad-handyhalterung\/"]}]},{"@type":"ImageObject","inLanguage":"fr-FR","@id":"https:\/\/schweizversand.ch\/fr\/produkt\/teamplayer-universal-fahrrad-handyhalterung\/#primaryimage","url":"https:\/\/schweizversand.ch\/wp-content\/uploads\/2026\/02\/5471777888.jpg","contentUrl":"https:\/\/schweizversand.ch\/wp-content\/uploads\/2026\/02\/5471777888.jpg","width":768,"height":1024},{"@type":"BreadcrumbList","@id":"https:\/\/schweizversand.ch\/fr\/produkt\/teamplayer-universal-fahrrad-handyhalterung\/#breadcrumb","itemListElement":[{"@type":"ListItem","position":1,"name":"Startseite","item":"https:\/\/schweizversand.ch\/fr\/home\/"},{"@type":"ListItem","position":2,"name":"Boutique","item":"https:\/\/schweizversand.ch\/fr\/boutique\/"},{"@type":"ListItem","position":3,"name":"Sports","item":"https:\/\/schweizversand.ch\/fr\/produkt-kategorie\/sports\/"},{"@type":"ListItem","position":4,"name":"V\u00e9lo","item":"https:\/\/schweizversand.ch\/fr\/produkt-kategorie\/sports\/velo\/"},{"@type":"ListItem","position":5,"name":"\u00c9quipement de cyclisme","item":"https:\/\/schweizversand.ch\/fr\/produkt-kategorie\/sports\/velo\/veloausruestung\/"},{"@type":"ListItem","position":6,"name":"Support universel pour t\u00e9l\u00e9phone de v\u00e9lo Teamplayer"}]},{"@type":"WebSite","@id":"https:\/\/schweizversand.ch\/fr\/#website","url":"https:\/\/schweizversand.ch\/fr\/","name":"Schweizer Shop f\u00fcr Sport, Spiel und Freizeit","description":"Gratisversand ab 50.- (netto), ab eigenem schweizer Lager, Lieferung innert 48h","publisher":{"@id":"https:\/\/schweizversand.ch\/fr\/#organization"},"alternateName":"Schweizversand.ch","potentialAction":[{"@type":"SearchAction","target":{"@type":"EntryPoint","urlTemplate":"https:\/\/schweizversand.ch\/fr\/?s={search_term_string}"},"query-input":{"@type":"PropertyValueSpecification","valueRequired":true,"valueName":"search_term_string"}}],"inLanguage":"fr-FR"},{"@type":"Organization","@id":"https:\/\/schweizversand.ch\/fr\/#organization","name":"Schweizversand.ch","url":"https:\/\/schweizversand.ch\/fr\/","logo":{"@type":"ImageObject","inLanguage":"fr-FR","@id":"https:\/\/schweizversand.ch\/fr\/#\/schema\/logo\/image\/","url":"https:\/\/schweizversand.ch\/wp-content\/uploads\/2026\/03\/Logo_Rund_Final-1.png","contentUrl":"https:\/\/schweizversand.ch\/wp-content\/uploads\/2026\/03\/Logo_Rund_Final-1.png","width":404,"height":404,"caption":"Schweizversand.ch"},"image":{"@id":"https:\/\/schweizversand.ch\/fr\/#\/schema\/logo\/image\/"},"sameAs":["https:\/\/www.facebook.com\/Schweizversand","https:\/\/www.instagram.com\/schweizversand.ch\/"]}]}},"jetpack_sharing_enabled":true,"_links":{"self":[{"href":"https:\/\/schweizversand.ch\/fr\/wp-json\/wp\/v2\/product\/253915","targetHints":{"allow":["GET"]}}],"collection":[{"href":"https:\/\/schweizversand.ch\/fr\/wp-json\/wp\/v2\/product"}],"about":[{"href":"https:\/\/schweizversand.ch\/fr\/wp-json\/wp\/v2\/types\/product"}],"replies":[{"embeddable":true,"href":"https:\/\/schweizversand.ch\/fr\/wp-json\/wp\/v2\/comments?post=253915"}],"wp:featuredmedia":[{"embeddable":true,"href":"https:\/\/schweizversand.ch\/fr\/wp-json\/wp\/v2\/media\/164915"}],"wp:attachment":[{"href":"https:\/\/schweizversand.ch\/fr\/wp-json\/wp\/v2\/media?parent=253915"}],"wp:term":[{"taxonomy":"product_brand","embeddable":true,"href":"https:\/\/schweizversand.ch\/fr\/wp-json\/wp\/v2\/product_brand?post=253915"},{"taxonomy":"product_cat","embeddable":true,"href":"https:\/\/schweizversand.ch\/fr\/wp-json\/wp\/v2\/product_cat?post=253915"},{"taxonomy":"product_tag","embeddable":true,"href":"https:\/\/schweizversand.ch\/fr\/wp-json\/wp\/v2\/product_tag?post=253915"}],"curies":[{"name":"wp","href":"https:\/\/api.w.org\/{rel}","templated":true}]}}