{"id":253918,"date":"2026-03-14T23:21:32","date_gmt":"2026-03-14T22:21:32","guid":{"rendered":"https:\/\/schweizversand.ch\/produkt\/teamplayer-tasse-mit-motiv\/"},"modified":"2026-04-19T02:05:19","modified_gmt":"2026-04-19T00:05:19","slug":"teamplayer-tasse-mit-motiv","status":"publish","type":"product","link":"https:\/\/schweizversand.ch\/fr\/produkt\/teamplayer-tasse-mit-motiv\/","title":{"rendered":"Mug de joueur d&rsquo;\u00e9quipe avec motif"},"content":{"rendered":"<p>Mug design \u2013 Le cadeau id\u00e9al pour vos coll\u00e8gues et amis\u00a0!<\/p>\n<p>Apportez une touche d&rsquo;originalit\u00e9 \u00e0 vos pauses caf\u00e9 avec ce mug \u00e9l\u00e9gant et design\u00a0! Pratique et esth\u00e9tique, il est parfait pour savourer un caf\u00e9, un th\u00e9 ou un chocolat chaud au quotidien.<\/p>\n<p>Design\u00a0: Un design unique et attrayant.<\/p>\n<p>Design\u00a0: Moderne et polyvalent, il convient aussi bien au bureau qu&rsquo;\u00e0 la maison.<\/p>\n<p>Entretien\u00a0: Compatible lave-vaisselle pour un nettoyage facile.<\/p>\n<p>Mug disponible en 2\u00a0designs.<\/p>\n<p>Que ce soit pour offrir ou pour vous faire plaisir, ce mug est la garantie d&rsquo;un moment de bonheur. Commandez le v\u00f4tre d\u00e8s maintenant et commencez chaque journ\u00e9e avec le sourire\u00a0!<\/p>\n<p>Le design ne peut \u00eatre choisi\u00a0; les designs envoy\u00e9s sont al\u00e9atoires selon les disponibilit\u00e9s.<\/p>\n<p>Prix par mug<\/p>\n","protected":false},"excerpt":{"rendered":"<p>Mug design \u2013 Le cadeau id\u00e9al pour vos coll\u00e8gues et amis\u00a0! Apportez une touche d&rsquo;originalit\u00e9 \u00e0 vos pauses caf\u00e9 avec ce mug \u00e9l\u00e9gant et design\u00a0! Pratique et esth\u00e9tique, il est parfait pour savourer un caf\u00e9, un th\u00e9 ou un chocolat chaud au quotidien. Design\u00a0: Un design unique et attrayant. Design\u00a0: Moderne et polyvalent, il convient aussi bien au bureau qu&rsquo;\u00e0 la maison. Entretien\u00a0: Compatible lave-vaisselle pour un nettoyage facile. Mug disponible en 2\u00a0designs. Que ce&hellip;<\/p>\n","protected":false},"featured_media":164923,"comment_status":"open","ping_status":"closed","template":"","meta":[],"product_brand":[],"product_cat":[38334,38333],"product_tag":[],"class_list":{"0":"post-253918","1":"product","2":"type-product","3":"status-publish","4":"has-post-thumbnail","6":"product_cat-couverts","7":"product_cat-geschirr-besteck","8":"product_shipping_class-global_methods","10":"first","11":"instock","12":"taxable","13":"shipping-taxable","14":"purchasable","15":"product-type-simple"},"yoast_head":"<!-- This site is optimized with the Yoast SEO plugin v27.4 - https:\/\/yoast.com\/product\/yoast-seo-wordpress\/ -->\n<title>Teamplayer Tasse mit Motiv | Jetzt kaufen | Schweizversand.ch<\/title>\n<meta name=\"description\" content=\"Teamplayer Tasse mit Motiv g\u00fcnstig kaufen bei Schweizversand.ch. Schnelle Lieferung in der Schweiz. Gratisversand ab CHF 50.\" \/>\n<meta name=\"robots\" content=\"index, follow, max-snippet:-1, max-image-preview:large, max-video-preview:-1\" \/>\n<link rel=\"canonical\" href=\"https:\/\/schweizversand.ch\/fr\/produkt\/teamplayer-tasse-mit-motiv\/\" \/>\n<meta property=\"og:locale\" content=\"fr_FR\" \/>\n<meta property=\"og:type\" content=\"article\" \/>\n<meta property=\"og:title\" content=\"Teamplayer Tasse mit Motiv | Jetzt kaufen | Schweizversand.ch\" \/>\n<meta property=\"og:description\" content=\"Teamplayer Tasse mit Motiv g\u00fcnstig kaufen bei Schweizversand.ch. Schnelle Lieferung in der Schweiz. Gratisversand ab CHF 50.\" \/>\n<meta property=\"og:url\" content=\"https:\/\/schweizversand.ch\/fr\/produkt\/teamplayer-tasse-mit-motiv\/\" \/>\n<meta property=\"og:site_name\" content=\"Schweizer Shop f\u00fcr Sport, Spiel und Freizeit\" \/>\n<meta property=\"article:publisher\" content=\"https:\/\/www.facebook.com\/Schweizversand\" \/>\n<meta property=\"article:modified_time\" content=\"2026-04-19T00:05:19+00:00\" \/>\n<meta property=\"og:image\" content=\"https:\/\/schweizversand.ch\/wp-content\/uploads\/2026\/02\/5471777984.jpg\" \/>\n\t<meta property=\"og:image:width\" content=\"1024\" \/>\n\t<meta property=\"og:image:height\" content=\"768\" \/>\n\t<meta property=\"og:image:type\" content=\"image\/jpeg\" \/>\n<meta name=\"twitter:card\" content=\"summary_large_image\" \/>\n<meta name=\"twitter:label1\" content=\"Dur\u00e9e de lecture estim\u00e9e\" \/>\n\t<meta name=\"twitter:data1\" content=\"1 minute\" \/>\n<script type=\"application\/ld+json\" class=\"yoast-schema-graph\">{\"@context\":\"https:\\\/\\\/schema.org\",\"@graph\":[{\"@type\":\"WebPage\",\"@id\":\"https:\\\/\\\/schweizversand.ch\\\/fr\\\/produkt\\\/teamplayer-tasse-mit-motiv\\\/\",\"url\":\"https:\\\/\\\/schweizversand.ch\\\/fr\\\/produkt\\\/teamplayer-tasse-mit-motiv\\\/\",\"name\":\"Teamplayer Tasse mit Motiv | Jetzt kaufen | Schweizversand.ch\",\"isPartOf\":{\"@id\":\"https:\\\/\\\/schweizversand.ch\\\/fr\\\/#website\"},\"primaryImageOfPage\":{\"@id\":\"https:\\\/\\\/schweizversand.ch\\\/fr\\\/produkt\\\/teamplayer-tasse-mit-motiv\\\/#primaryimage\"},\"image\":{\"@id\":\"https:\\\/\\\/schweizversand.ch\\\/fr\\\/produkt\\\/teamplayer-tasse-mit-motiv\\\/#primaryimage\"},\"thumbnailUrl\":\"https:\\\/\\\/schweizversand.ch\\\/wp-content\\\/uploads\\\/2026\\\/02\\\/5471777984.jpg\",\"datePublished\":\"2026-03-14T22:21:32+00:00\",\"dateModified\":\"2026-04-19T00:05:19+00:00\",\"description\":\"Teamplayer Tasse mit Motiv g\u00fcnstig kaufen bei Schweizversand.ch. Schnelle Lieferung in der Schweiz. Gratisversand ab CHF 50.\",\"breadcrumb\":{\"@id\":\"https:\\\/\\\/schweizversand.ch\\\/fr\\\/produkt\\\/teamplayer-tasse-mit-motiv\\\/#breadcrumb\"},\"inLanguage\":\"fr-FR\",\"potentialAction\":[{\"@type\":\"ReadAction\",\"target\":[\"https:\\\/\\\/schweizversand.ch\\\/fr\\\/produkt\\\/teamplayer-tasse-mit-motiv\\\/\"]}]},{\"@type\":\"ImageObject\",\"inLanguage\":\"fr-FR\",\"@id\":\"https:\\\/\\\/schweizversand.ch\\\/fr\\\/produkt\\\/teamplayer-tasse-mit-motiv\\\/#primaryimage\",\"url\":\"https:\\\/\\\/schweizversand.ch\\\/wp-content\\\/uploads\\\/2026\\\/02\\\/5471777984.jpg\",\"contentUrl\":\"https:\\\/\\\/schweizversand.ch\\\/wp-content\\\/uploads\\\/2026\\\/02\\\/5471777984.jpg\",\"width\":1024,\"height\":768},{\"@type\":\"BreadcrumbList\",\"@id\":\"https:\\\/\\\/schweizversand.ch\\\/fr\\\/produkt\\\/teamplayer-tasse-mit-motiv\\\/#breadcrumb\",\"itemListElement\":[{\"@type\":\"ListItem\",\"position\":1,\"name\":\"Startseite\",\"item\":\"https:\\\/\\\/schweizversand.ch\\\/fr\\\/home\\\/\"},{\"@type\":\"ListItem\",\"position\":2,\"name\":\"Boutique\",\"item\":\"https:\\\/\\\/schweizversand.ch\\\/fr\\\/boutique\\\/\"},{\"@type\":\"ListItem\",\"position\":3,\"name\":\"M\u00e9nage\",\"item\":\"https:\\\/\\\/schweizversand.ch\\\/fr\\\/produkt-kategorie\\\/menage\\\/\"},{\"@type\":\"ListItem\",\"position\":4,\"name\":\"Cuisine\",\"item\":\"https:\\\/\\\/schweizversand.ch\\\/fr\\\/produkt-kategorie\\\/menage\\\/cuisine\\\/\"},{\"@type\":\"ListItem\",\"position\":5,\"name\":\"Vaisselle\",\"item\":\"https:\\\/\\\/schweizversand.ch\\\/fr\\\/produkt-kategorie\\\/menage\\\/cuisine\\\/geschirr-besteck\\\/\"},{\"@type\":\"ListItem\",\"position\":6,\"name\":\"Couverts\",\"item\":\"https:\\\/\\\/schweizversand.ch\\\/fr\\\/produkt-kategorie\\\/menage\\\/cuisine\\\/geschirr-besteck\\\/couverts\\\/\"},{\"@type\":\"ListItem\",\"position\":7,\"name\":\"Mug de joueur d&#8217;\u00e9quipe avec motif\"}]},{\"@type\":\"WebSite\",\"@id\":\"https:\\\/\\\/schweizversand.ch\\\/fr\\\/#website\",\"url\":\"https:\\\/\\\/schweizversand.ch\\\/fr\\\/\",\"name\":\"Schweizer Shop f\u00fcr Sport, Spiel und Freizeit\",\"description\":\"Gratisversand ab 50.- (netto), ab eigenem schweizer Lager, Lieferung innert 48h\",\"publisher\":{\"@id\":\"https:\\\/\\\/schweizversand.ch\\\/fr\\\/#organization\"},\"alternateName\":\"Schweizversand.ch\",\"potentialAction\":[{\"@type\":\"SearchAction\",\"target\":{\"@type\":\"EntryPoint\",\"urlTemplate\":\"https:\\\/\\\/schweizversand.ch\\\/fr\\\/?s={search_term_string}\"},\"query-input\":{\"@type\":\"PropertyValueSpecification\",\"valueRequired\":true,\"valueName\":\"search_term_string\"}}],\"inLanguage\":\"fr-FR\"},{\"@type\":\"Organization\",\"@id\":\"https:\\\/\\\/schweizversand.ch\\\/fr\\\/#organization\",\"name\":\"Schweizversand.ch\",\"url\":\"https:\\\/\\\/schweizversand.ch\\\/fr\\\/\",\"logo\":{\"@type\":\"ImageObject\",\"inLanguage\":\"fr-FR\",\"@id\":\"https:\\\/\\\/schweizversand.ch\\\/fr\\\/#\\\/schema\\\/logo\\\/image\\\/\",\"url\":\"https:\\\/\\\/schweizversand.ch\\\/wp-content\\\/uploads\\\/2026\\\/03\\\/Logo_Rund_Final-1.png\",\"contentUrl\":\"https:\\\/\\\/schweizversand.ch\\\/wp-content\\\/uploads\\\/2026\\\/03\\\/Logo_Rund_Final-1.png\",\"width\":404,\"height\":404,\"caption\":\"Schweizversand.ch\"},\"image\":{\"@id\":\"https:\\\/\\\/schweizversand.ch\\\/fr\\\/#\\\/schema\\\/logo\\\/image\\\/\"},\"sameAs\":[\"https:\\\/\\\/www.facebook.com\\\/Schweizversand\",\"https:\\\/\\\/www.instagram.com\\\/schweizversand.ch\\\/\"]}]}<\/script>\n<!-- \/ Yoast SEO plugin. -->","yoast_head_json":{"title":"Teamplayer Tasse mit Motiv | Jetzt kaufen | Schweizversand.ch","description":"Teamplayer Tasse mit Motiv g\u00fcnstig kaufen bei Schweizversand.ch. Schnelle Lieferung in der Schweiz. Gratisversand ab CHF 50.","robots":{"index":"index","follow":"follow","max-snippet":"max-snippet:-1","max-image-preview":"max-image-preview:large","max-video-preview":"max-video-preview:-1"},"canonical":"https:\/\/schweizversand.ch\/fr\/produkt\/teamplayer-tasse-mit-motiv\/","og_locale":"fr_FR","og_type":"article","og_title":"Teamplayer Tasse mit Motiv | Jetzt kaufen | Schweizversand.ch","og_description":"Teamplayer Tasse mit Motiv g\u00fcnstig kaufen bei Schweizversand.ch. Schnelle Lieferung in der Schweiz. Gratisversand ab CHF 50.","og_url":"https:\/\/schweizversand.ch\/fr\/produkt\/teamplayer-tasse-mit-motiv\/","og_site_name":"Schweizer Shop f\u00fcr Sport, Spiel und Freizeit","article_publisher":"https:\/\/www.facebook.com\/Schweizversand","article_modified_time":"2026-04-19T00:05:19+00:00","og_image":[{"width":1024,"height":768,"url":"https:\/\/schweizversand.ch\/wp-content\/uploads\/2026\/02\/5471777984.jpg","type":"image\/jpeg"}],"twitter_card":"summary_large_image","twitter_misc":{"Dur\u00e9e de lecture estim\u00e9e":"1 minute"},"schema":{"@context":"https:\/\/schema.org","@graph":[{"@type":"WebPage","@id":"https:\/\/schweizversand.ch\/fr\/produkt\/teamplayer-tasse-mit-motiv\/","url":"https:\/\/schweizversand.ch\/fr\/produkt\/teamplayer-tasse-mit-motiv\/","name":"Teamplayer Tasse mit Motiv | Jetzt kaufen | Schweizversand.ch","isPartOf":{"@id":"https:\/\/schweizversand.ch\/fr\/#website"},"primaryImageOfPage":{"@id":"https:\/\/schweizversand.ch\/fr\/produkt\/teamplayer-tasse-mit-motiv\/#primaryimage"},"image":{"@id":"https:\/\/schweizversand.ch\/fr\/produkt\/teamplayer-tasse-mit-motiv\/#primaryimage"},"thumbnailUrl":"https:\/\/schweizversand.ch\/wp-content\/uploads\/2026\/02\/5471777984.jpg","datePublished":"2026-03-14T22:21:32+00:00","dateModified":"2026-04-19T00:05:19+00:00","description":"Teamplayer Tasse mit Motiv g\u00fcnstig kaufen bei Schweizversand.ch. Schnelle Lieferung in der Schweiz. Gratisversand ab CHF 50.","breadcrumb":{"@id":"https:\/\/schweizversand.ch\/fr\/produkt\/teamplayer-tasse-mit-motiv\/#breadcrumb"},"inLanguage":"fr-FR","potentialAction":[{"@type":"ReadAction","target":["https:\/\/schweizversand.ch\/fr\/produkt\/teamplayer-tasse-mit-motiv\/"]}]},{"@type":"ImageObject","inLanguage":"fr-FR","@id":"https:\/\/schweizversand.ch\/fr\/produkt\/teamplayer-tasse-mit-motiv\/#primaryimage","url":"https:\/\/schweizversand.ch\/wp-content\/uploads\/2026\/02\/5471777984.jpg","contentUrl":"https:\/\/schweizversand.ch\/wp-content\/uploads\/2026\/02\/5471777984.jpg","width":1024,"height":768},{"@type":"BreadcrumbList","@id":"https:\/\/schweizversand.ch\/fr\/produkt\/teamplayer-tasse-mit-motiv\/#breadcrumb","itemListElement":[{"@type":"ListItem","position":1,"name":"Startseite","item":"https:\/\/schweizversand.ch\/fr\/home\/"},{"@type":"ListItem","position":2,"name":"Boutique","item":"https:\/\/schweizversand.ch\/fr\/boutique\/"},{"@type":"ListItem","position":3,"name":"M\u00e9nage","item":"https:\/\/schweizversand.ch\/fr\/produkt-kategorie\/menage\/"},{"@type":"ListItem","position":4,"name":"Cuisine","item":"https:\/\/schweizversand.ch\/fr\/produkt-kategorie\/menage\/cuisine\/"},{"@type":"ListItem","position":5,"name":"Vaisselle","item":"https:\/\/schweizversand.ch\/fr\/produkt-kategorie\/menage\/cuisine\/geschirr-besteck\/"},{"@type":"ListItem","position":6,"name":"Couverts","item":"https:\/\/schweizversand.ch\/fr\/produkt-kategorie\/menage\/cuisine\/geschirr-besteck\/couverts\/"},{"@type":"ListItem","position":7,"name":"Mug de joueur d&#8217;\u00e9quipe avec motif"}]},{"@type":"WebSite","@id":"https:\/\/schweizversand.ch\/fr\/#website","url":"https:\/\/schweizversand.ch\/fr\/","name":"Schweizer Shop f\u00fcr Sport, Spiel und Freizeit","description":"Gratisversand ab 50.- (netto), ab eigenem schweizer Lager, Lieferung innert 48h","publisher":{"@id":"https:\/\/schweizversand.ch\/fr\/#organization"},"alternateName":"Schweizversand.ch","potentialAction":[{"@type":"SearchAction","target":{"@type":"EntryPoint","urlTemplate":"https:\/\/schweizversand.ch\/fr\/?s={search_term_string}"},"query-input":{"@type":"PropertyValueSpecification","valueRequired":true,"valueName":"search_term_string"}}],"inLanguage":"fr-FR"},{"@type":"Organization","@id":"https:\/\/schweizversand.ch\/fr\/#organization","name":"Schweizversand.ch","url":"https:\/\/schweizversand.ch\/fr\/","logo":{"@type":"ImageObject","inLanguage":"fr-FR","@id":"https:\/\/schweizversand.ch\/fr\/#\/schema\/logo\/image\/","url":"https:\/\/schweizversand.ch\/wp-content\/uploads\/2026\/03\/Logo_Rund_Final-1.png","contentUrl":"https:\/\/schweizversand.ch\/wp-content\/uploads\/2026\/03\/Logo_Rund_Final-1.png","width":404,"height":404,"caption":"Schweizversand.ch"},"image":{"@id":"https:\/\/schweizversand.ch\/fr\/#\/schema\/logo\/image\/"},"sameAs":["https:\/\/www.facebook.com\/Schweizversand","https:\/\/www.instagram.com\/schweizversand.ch\/"]}]}},"jetpack_sharing_enabled":true,"_links":{"self":[{"href":"https:\/\/schweizversand.ch\/fr\/wp-json\/wp\/v2\/product\/253918","targetHints":{"allow":["GET"]}}],"collection":[{"href":"https:\/\/schweizversand.ch\/fr\/wp-json\/wp\/v2\/product"}],"about":[{"href":"https:\/\/schweizversand.ch\/fr\/wp-json\/wp\/v2\/types\/product"}],"replies":[{"embeddable":true,"href":"https:\/\/schweizversand.ch\/fr\/wp-json\/wp\/v2\/comments?post=253918"}],"wp:featuredmedia":[{"embeddable":true,"href":"https:\/\/schweizversand.ch\/fr\/wp-json\/wp\/v2\/media\/164923"}],"wp:attachment":[{"href":"https:\/\/schweizversand.ch\/fr\/wp-json\/wp\/v2\/media?parent=253918"}],"wp:term":[{"taxonomy":"product_brand","embeddable":true,"href":"https:\/\/schweizversand.ch\/fr\/wp-json\/wp\/v2\/product_brand?post=253918"},{"taxonomy":"product_cat","embeddable":true,"href":"https:\/\/schweizversand.ch\/fr\/wp-json\/wp\/v2\/product_cat?post=253918"},{"taxonomy":"product_tag","embeddable":true,"href":"https:\/\/schweizversand.ch\/fr\/wp-json\/wp\/v2\/product_tag?post=253918"}],"curies":[{"name":"wp","href":"https:\/\/api.w.org\/{rel}","templated":true}]}}