{"id":253922,"date":"2026-03-14T23:21:33","date_gmt":"2026-03-14T22:21:33","guid":{"rendered":"https:\/\/schweizversand.ch\/produkt\/champ-pokemon-kinder-besteck-set\/"},"modified":"2026-04-19T02:05:19","modified_gmt":"2026-04-19T00:05:19","slug":"champ-pokemon-kinder-besteck-set","status":"publish","type":"product","link":"https:\/\/schweizversand.ch\/fr\/produkt\/champ-pokemon-kinder-besteck-set\/","title":{"rendered":"Ensemble de couverts pour enfants CHAMP Pok\u00e9mon"},"content":{"rendered":"<p>Ensemble de couverts Pok\u00e9mon pour enfants \u2013 Fourchette et cuill\u00e8re avec Pikachu et compagnie. Transformez chaque repas en une aventure passionnante ! Cet ensemble de couverts Pok\u00e9mon color\u00e9 rend l&rsquo;apprentissage des repas vraiment amusant pour les petits fans. Pratique et fonctionnel, cet ensemble de 2 couverts est d\u00e9cor\u00e9 avec les personnages Pok\u00e9mon les plus populaires, notamment l&#8217;embl\u00e9matique Pikachu. Parfait pour les petites mains ! L&rsquo;ensemble de couverts Pikachu a \u00e9t\u00e9 sp\u00e9cialement con\u00e7u pour les tout-petits. Sa taille adapt\u00e9e et sa l\u00e9g\u00e8ret\u00e9 favorisent l&rsquo;autonomie de l&rsquo;enfant pendant les repas. Cet ensemble rend l&rsquo;utilisation de la fourchette et de la cuill\u00e8re Pok\u00e9mon amusante et contribue au d\u00e9veloppement de la motricit\u00e9 fine de votre enfant. Conception et qualit\u00e9 des mat\u00e9riaux : Cet ensemble de couverts impressionne par sa robustesse et son design attrayant. Fabriqu\u00e9 en plastique durable, il r\u00e9siste \u00e0 une utilisation quotidienne intensive. Les d\u00e9corations color\u00e9es mettant en sc\u00e8ne les personnages Pok\u00e9mon font de cet ensemble un incontournable pour les fans de Pok\u00e9mon, qui fera le bonheur des enfants. Id\u00e9al pour un usage quotidien, \u00e0 la maison, \u00e0 la maternelle ou en voyage.<\/p>\n<\/div>\n<div><strong>Vos \u200b\u200bavantages en un coup d&rsquo;\u0153il<\/strong><br \/> &#8211; Favorise l&rsquo;autonomie : Taille et poids parfaits pour les tout-petits<br \/> &#8211; Design attrayant : D\u00e9cor\u00e9 de motifs Pok\u00e9mon populaires comme Pikachu<br \/> &#8211; Robuste et durable : Fabriqu\u00e9 dans un mat\u00e9riau r\u00e9sistant<br \/> &#8211; Utilisation polyvalente : Id\u00e9al pour tous les repas et en d\u00e9placement<br \/> &#8211; Hygi\u00e9nique et facile \u00e0 nettoyer : Pratique pour les parents<\/p>\n<\/div>\n<div><strong>D\u00e9tails du produit et contenu de la livraison<\/strong><br \/> &#8211; Contenu : 1 fourchette et 1 cuill\u00e8re (ensemble de 2 pi\u00e8ces)<br \/> &#8211; Longueur : Environ 14,5 cm \u2013 id\u00e9al pour les couverts des tout-petits<br \/> &#8211; Mati\u00e8re\u00a0: Plastique robuste de haute qualit\u00e9<br \/> &#8211; Motif\u00a0: Divers personnages Pok\u00e9mon, dont Pikachu<br \/> &#8211; \u00c2ge recommand\u00e9\u00a0: \u00c0 partir de 3\u00a0ans<\/p>\n<\/div>\n<div>Offrez \u00e0 votre petit fan de Pok\u00e9mon ces indispensables couverts pour un repas r\u00e9ussi\u00a0! Commandez d\u00e8s maintenant et amusez-vous \u00e0 table\u00a0!<\/p>\n<\/div>\n<div><\/div>\n","protected":false},"excerpt":{"rendered":"<p>Ensemble de couverts Pok\u00e9mon pour enfants \u2013 Fourchette et cuill\u00e8re avec Pikachu et compagnie. Transformez chaque repas en une aventure passionnante ! Cet ensemble de couverts Pok\u00e9mon color\u00e9 rend l&rsquo;apprentissage des repas vraiment amusant pour les petits fans. Pratique et fonctionnel, cet ensemble de 2 couverts est d\u00e9cor\u00e9 avec les personnages Pok\u00e9mon les plus populaires, notamment l&#8217;embl\u00e9matique Pikachu. Parfait pour les petites mains ! L&rsquo;ensemble de couverts Pikachu a \u00e9t\u00e9 sp\u00e9cialement con\u00e7u pour les tout-petits.&hellip;<\/p>\n","protected":false},"featured_media":257387,"comment_status":"open","ping_status":"closed","template":"","meta":[],"product_brand":[],"product_cat":[38334,38333],"product_tag":[],"class_list":{"0":"post-253922","1":"product","2":"type-product","3":"status-publish","4":"has-post-thumbnail","6":"product_cat-couverts","7":"product_cat-geschirr-besteck","8":"product_shipping_class-global_methods","10":"first","11":"instock","12":"taxable","13":"shipping-taxable","14":"purchasable","15":"product-type-simple"},"yoast_head":"<!-- This site is optimized with the Yoast SEO plugin v27.4 - https:\/\/yoast.com\/product\/yoast-seo-wordpress\/ -->\n<title>CHAMP Pok\u00e9mon Kinder-Besteck-Set | Jetzt kaufen | Schweizversand.ch<\/title>\n<meta name=\"description\" content=\"CHAMP Pok\u00e9mon Kinder-Besteck-Set g\u00fcnstig kaufen bei Schweizversand.ch. Schnelle Lieferung in der Schweiz. Gratisversand ab CHF 50.\" \/>\n<meta name=\"robots\" content=\"index, follow, max-snippet:-1, max-image-preview:large, max-video-preview:-1\" \/>\n<link rel=\"canonical\" href=\"https:\/\/schweizversand.ch\/fr\/produkt\/champ-pokemon-kinder-besteck-set\/\" \/>\n<meta property=\"og:locale\" content=\"fr_FR\" \/>\n<meta property=\"og:type\" content=\"article\" \/>\n<meta property=\"og:title\" content=\"CHAMP Pok\u00e9mon Kinder-Besteck-Set | Jetzt kaufen | Schweizversand.ch\" \/>\n<meta property=\"og:description\" content=\"CHAMP Pok\u00e9mon Kinder-Besteck-Set g\u00fcnstig kaufen bei Schweizversand.ch. Schnelle Lieferung in der Schweiz. Gratisversand ab CHF 50.\" \/>\n<meta property=\"og:url\" content=\"https:\/\/schweizversand.ch\/fr\/produkt\/champ-pokemon-kinder-besteck-set\/\" \/>\n<meta property=\"og:site_name\" content=\"Schweizer Shop f\u00fcr Sport, Spiel und Freizeit\" \/>\n<meta property=\"article:publisher\" content=\"https:\/\/www.facebook.com\/Schweizversand\" \/>\n<meta property=\"article:modified_time\" content=\"2026-04-19T00:05:19+00:00\" \/>\n<meta property=\"og:image\" content=\"https:\/\/schweizversand.ch\/wp-content\/uploads\/2026\/02\/5471908341.jpg\" \/>\n\t<meta property=\"og:image:width\" content=\"682\" \/>\n\t<meta property=\"og:image:height\" content=\"1024\" \/>\n\t<meta property=\"og:image:type\" content=\"image\/jpeg\" \/>\n<meta name=\"twitter:card\" content=\"summary_large_image\" \/>\n<meta name=\"twitter:label1\" content=\"Dur\u00e9e de lecture estim\u00e9e\" \/>\n\t<meta name=\"twitter:data1\" content=\"2 minutes\" \/>\n<script type=\"application\/ld+json\" class=\"yoast-schema-graph\">{\"@context\":\"https:\\\/\\\/schema.org\",\"@graph\":[{\"@type\":\"WebPage\",\"@id\":\"https:\\\/\\\/schweizversand.ch\\\/fr\\\/produkt\\\/champ-pokemon-kinder-besteck-set\\\/\",\"url\":\"https:\\\/\\\/schweizversand.ch\\\/fr\\\/produkt\\\/champ-pokemon-kinder-besteck-set\\\/\",\"name\":\"CHAMP Pok\u00e9mon Kinder-Besteck-Set | Jetzt kaufen | Schweizversand.ch\",\"isPartOf\":{\"@id\":\"https:\\\/\\\/schweizversand.ch\\\/fr\\\/#website\"},\"primaryImageOfPage\":{\"@id\":\"https:\\\/\\\/schweizversand.ch\\\/fr\\\/produkt\\\/champ-pokemon-kinder-besteck-set\\\/#primaryimage\"},\"image\":{\"@id\":\"https:\\\/\\\/schweizversand.ch\\\/fr\\\/produkt\\\/champ-pokemon-kinder-besteck-set\\\/#primaryimage\"},\"thumbnailUrl\":\"https:\\\/\\\/schweizversand.ch\\\/wp-content\\\/uploads\\\/2026\\\/02\\\/5471908341.jpg\",\"datePublished\":\"2026-03-14T22:21:33+00:00\",\"dateModified\":\"2026-04-19T00:05:19+00:00\",\"description\":\"CHAMP Pok\u00e9mon Kinder-Besteck-Set g\u00fcnstig kaufen bei Schweizversand.ch. Schnelle Lieferung in der Schweiz. Gratisversand ab CHF 50.\",\"breadcrumb\":{\"@id\":\"https:\\\/\\\/schweizversand.ch\\\/fr\\\/produkt\\\/champ-pokemon-kinder-besteck-set\\\/#breadcrumb\"},\"inLanguage\":\"fr-FR\",\"potentialAction\":[{\"@type\":\"ReadAction\",\"target\":[\"https:\\\/\\\/schweizversand.ch\\\/fr\\\/produkt\\\/champ-pokemon-kinder-besteck-set\\\/\"]}]},{\"@type\":\"ImageObject\",\"inLanguage\":\"fr-FR\",\"@id\":\"https:\\\/\\\/schweizversand.ch\\\/fr\\\/produkt\\\/champ-pokemon-kinder-besteck-set\\\/#primaryimage\",\"url\":\"https:\\\/\\\/schweizversand.ch\\\/wp-content\\\/uploads\\\/2026\\\/02\\\/5471908341.jpg\",\"contentUrl\":\"https:\\\/\\\/schweizversand.ch\\\/wp-content\\\/uploads\\\/2026\\\/02\\\/5471908341.jpg\",\"width\":682,\"height\":1024},{\"@type\":\"BreadcrumbList\",\"@id\":\"https:\\\/\\\/schweizversand.ch\\\/fr\\\/produkt\\\/champ-pokemon-kinder-besteck-set\\\/#breadcrumb\",\"itemListElement\":[{\"@type\":\"ListItem\",\"position\":1,\"name\":\"Startseite\",\"item\":\"https:\\\/\\\/schweizversand.ch\\\/fr\\\/home\\\/\"},{\"@type\":\"ListItem\",\"position\":2,\"name\":\"Boutique\",\"item\":\"https:\\\/\\\/schweizversand.ch\\\/fr\\\/boutique\\\/\"},{\"@type\":\"ListItem\",\"position\":3,\"name\":\"M\u00e9nage\",\"item\":\"https:\\\/\\\/schweizversand.ch\\\/fr\\\/produkt-kategorie\\\/menage\\\/\"},{\"@type\":\"ListItem\",\"position\":4,\"name\":\"Cuisine\",\"item\":\"https:\\\/\\\/schweizversand.ch\\\/fr\\\/produkt-kategorie\\\/menage\\\/cuisine\\\/\"},{\"@type\":\"ListItem\",\"position\":5,\"name\":\"Vaisselle\",\"item\":\"https:\\\/\\\/schweizversand.ch\\\/fr\\\/produkt-kategorie\\\/menage\\\/cuisine\\\/geschirr-besteck\\\/\"},{\"@type\":\"ListItem\",\"position\":6,\"name\":\"Ensemble de couverts pour enfants CHAMP Pok\u00e9mon\"}]},{\"@type\":\"WebSite\",\"@id\":\"https:\\\/\\\/schweizversand.ch\\\/fr\\\/#website\",\"url\":\"https:\\\/\\\/schweizversand.ch\\\/fr\\\/\",\"name\":\"Schweizer Shop f\u00fcr Sport, Spiel und Freizeit\",\"description\":\"Gratisversand ab 50.- (netto), ab eigenem schweizer Lager, Lieferung innert 48h\",\"publisher\":{\"@id\":\"https:\\\/\\\/schweizversand.ch\\\/fr\\\/#organization\"},\"alternateName\":\"Schweizversand.ch\",\"potentialAction\":[{\"@type\":\"SearchAction\",\"target\":{\"@type\":\"EntryPoint\",\"urlTemplate\":\"https:\\\/\\\/schweizversand.ch\\\/fr\\\/?s={search_term_string}\"},\"query-input\":{\"@type\":\"PropertyValueSpecification\",\"valueRequired\":true,\"valueName\":\"search_term_string\"}}],\"inLanguage\":\"fr-FR\"},{\"@type\":\"Organization\",\"@id\":\"https:\\\/\\\/schweizversand.ch\\\/fr\\\/#organization\",\"name\":\"Schweizversand.ch\",\"url\":\"https:\\\/\\\/schweizversand.ch\\\/fr\\\/\",\"logo\":{\"@type\":\"ImageObject\",\"inLanguage\":\"fr-FR\",\"@id\":\"https:\\\/\\\/schweizversand.ch\\\/fr\\\/#\\\/schema\\\/logo\\\/image\\\/\",\"url\":\"https:\\\/\\\/schweizversand.ch\\\/wp-content\\\/uploads\\\/2026\\\/03\\\/Logo_Rund_Final-1.png\",\"contentUrl\":\"https:\\\/\\\/schweizversand.ch\\\/wp-content\\\/uploads\\\/2026\\\/03\\\/Logo_Rund_Final-1.png\",\"width\":404,\"height\":404,\"caption\":\"Schweizversand.ch\"},\"image\":{\"@id\":\"https:\\\/\\\/schweizversand.ch\\\/fr\\\/#\\\/schema\\\/logo\\\/image\\\/\"},\"sameAs\":[\"https:\\\/\\\/www.facebook.com\\\/Schweizversand\",\"https:\\\/\\\/www.instagram.com\\\/schweizversand.ch\\\/\"]}]}<\/script>\n<!-- \/ Yoast SEO plugin. -->","yoast_head_json":{"title":"CHAMP Pok\u00e9mon Kinder-Besteck-Set | Jetzt kaufen | Schweizversand.ch","description":"CHAMP Pok\u00e9mon Kinder-Besteck-Set g\u00fcnstig kaufen bei Schweizversand.ch. Schnelle Lieferung in der Schweiz. Gratisversand ab CHF 50.","robots":{"index":"index","follow":"follow","max-snippet":"max-snippet:-1","max-image-preview":"max-image-preview:large","max-video-preview":"max-video-preview:-1"},"canonical":"https:\/\/schweizversand.ch\/fr\/produkt\/champ-pokemon-kinder-besteck-set\/","og_locale":"fr_FR","og_type":"article","og_title":"CHAMP Pok\u00e9mon Kinder-Besteck-Set | Jetzt kaufen | Schweizversand.ch","og_description":"CHAMP Pok\u00e9mon Kinder-Besteck-Set g\u00fcnstig kaufen bei Schweizversand.ch. Schnelle Lieferung in der Schweiz. Gratisversand ab CHF 50.","og_url":"https:\/\/schweizversand.ch\/fr\/produkt\/champ-pokemon-kinder-besteck-set\/","og_site_name":"Schweizer Shop f\u00fcr Sport, Spiel und Freizeit","article_publisher":"https:\/\/www.facebook.com\/Schweizversand","article_modified_time":"2026-04-19T00:05:19+00:00","og_image":[{"width":682,"height":1024,"url":"https:\/\/schweizversand.ch\/wp-content\/uploads\/2026\/02\/5471908341.jpg","type":"image\/jpeg"}],"twitter_card":"summary_large_image","twitter_misc":{"Dur\u00e9e de lecture estim\u00e9e":"2 minutes"},"schema":{"@context":"https:\/\/schema.org","@graph":[{"@type":"WebPage","@id":"https:\/\/schweizversand.ch\/fr\/produkt\/champ-pokemon-kinder-besteck-set\/","url":"https:\/\/schweizversand.ch\/fr\/produkt\/champ-pokemon-kinder-besteck-set\/","name":"CHAMP Pok\u00e9mon Kinder-Besteck-Set | Jetzt kaufen | Schweizversand.ch","isPartOf":{"@id":"https:\/\/schweizversand.ch\/fr\/#website"},"primaryImageOfPage":{"@id":"https:\/\/schweizversand.ch\/fr\/produkt\/champ-pokemon-kinder-besteck-set\/#primaryimage"},"image":{"@id":"https:\/\/schweizversand.ch\/fr\/produkt\/champ-pokemon-kinder-besteck-set\/#primaryimage"},"thumbnailUrl":"https:\/\/schweizversand.ch\/wp-content\/uploads\/2026\/02\/5471908341.jpg","datePublished":"2026-03-14T22:21:33+00:00","dateModified":"2026-04-19T00:05:19+00:00","description":"CHAMP Pok\u00e9mon Kinder-Besteck-Set g\u00fcnstig kaufen bei Schweizversand.ch. Schnelle Lieferung in der Schweiz. Gratisversand ab CHF 50.","breadcrumb":{"@id":"https:\/\/schweizversand.ch\/fr\/produkt\/champ-pokemon-kinder-besteck-set\/#breadcrumb"},"inLanguage":"fr-FR","potentialAction":[{"@type":"ReadAction","target":["https:\/\/schweizversand.ch\/fr\/produkt\/champ-pokemon-kinder-besteck-set\/"]}]},{"@type":"ImageObject","inLanguage":"fr-FR","@id":"https:\/\/schweizversand.ch\/fr\/produkt\/champ-pokemon-kinder-besteck-set\/#primaryimage","url":"https:\/\/schweizversand.ch\/wp-content\/uploads\/2026\/02\/5471908341.jpg","contentUrl":"https:\/\/schweizversand.ch\/wp-content\/uploads\/2026\/02\/5471908341.jpg","width":682,"height":1024},{"@type":"BreadcrumbList","@id":"https:\/\/schweizversand.ch\/fr\/produkt\/champ-pokemon-kinder-besteck-set\/#breadcrumb","itemListElement":[{"@type":"ListItem","position":1,"name":"Startseite","item":"https:\/\/schweizversand.ch\/fr\/home\/"},{"@type":"ListItem","position":2,"name":"Boutique","item":"https:\/\/schweizversand.ch\/fr\/boutique\/"},{"@type":"ListItem","position":3,"name":"M\u00e9nage","item":"https:\/\/schweizversand.ch\/fr\/produkt-kategorie\/menage\/"},{"@type":"ListItem","position":4,"name":"Cuisine","item":"https:\/\/schweizversand.ch\/fr\/produkt-kategorie\/menage\/cuisine\/"},{"@type":"ListItem","position":5,"name":"Vaisselle","item":"https:\/\/schweizversand.ch\/fr\/produkt-kategorie\/menage\/cuisine\/geschirr-besteck\/"},{"@type":"ListItem","position":6,"name":"Ensemble de couverts pour enfants CHAMP Pok\u00e9mon"}]},{"@type":"WebSite","@id":"https:\/\/schweizversand.ch\/fr\/#website","url":"https:\/\/schweizversand.ch\/fr\/","name":"Schweizer Shop f\u00fcr Sport, Spiel und Freizeit","description":"Gratisversand ab 50.- (netto), ab eigenem schweizer Lager, Lieferung innert 48h","publisher":{"@id":"https:\/\/schweizversand.ch\/fr\/#organization"},"alternateName":"Schweizversand.ch","potentialAction":[{"@type":"SearchAction","target":{"@type":"EntryPoint","urlTemplate":"https:\/\/schweizversand.ch\/fr\/?s={search_term_string}"},"query-input":{"@type":"PropertyValueSpecification","valueRequired":true,"valueName":"search_term_string"}}],"inLanguage":"fr-FR"},{"@type":"Organization","@id":"https:\/\/schweizversand.ch\/fr\/#organization","name":"Schweizversand.ch","url":"https:\/\/schweizversand.ch\/fr\/","logo":{"@type":"ImageObject","inLanguage":"fr-FR","@id":"https:\/\/schweizversand.ch\/fr\/#\/schema\/logo\/image\/","url":"https:\/\/schweizversand.ch\/wp-content\/uploads\/2026\/03\/Logo_Rund_Final-1.png","contentUrl":"https:\/\/schweizversand.ch\/wp-content\/uploads\/2026\/03\/Logo_Rund_Final-1.png","width":404,"height":404,"caption":"Schweizversand.ch"},"image":{"@id":"https:\/\/schweizversand.ch\/fr\/#\/schema\/logo\/image\/"},"sameAs":["https:\/\/www.facebook.com\/Schweizversand","https:\/\/www.instagram.com\/schweizversand.ch\/"]}]}},"jetpack_sharing_enabled":true,"_links":{"self":[{"href":"https:\/\/schweizversand.ch\/fr\/wp-json\/wp\/v2\/product\/253922","targetHints":{"allow":["GET"]}}],"collection":[{"href":"https:\/\/schweizversand.ch\/fr\/wp-json\/wp\/v2\/product"}],"about":[{"href":"https:\/\/schweizversand.ch\/fr\/wp-json\/wp\/v2\/types\/product"}],"replies":[{"embeddable":true,"href":"https:\/\/schweizversand.ch\/fr\/wp-json\/wp\/v2\/comments?post=253922"}],"wp:featuredmedia":[{"embeddable":true,"href":"https:\/\/schweizversand.ch\/fr\/wp-json\/wp\/v2\/media\/257387"}],"wp:attachment":[{"href":"https:\/\/schweizversand.ch\/fr\/wp-json\/wp\/v2\/media?parent=253922"}],"wp:term":[{"taxonomy":"product_brand","embeddable":true,"href":"https:\/\/schweizversand.ch\/fr\/wp-json\/wp\/v2\/product_brand?post=253922"},{"taxonomy":"product_cat","embeddable":true,"href":"https:\/\/schweizversand.ch\/fr\/wp-json\/wp\/v2\/product_cat?post=253922"},{"taxonomy":"product_tag","embeddable":true,"href":"https:\/\/schweizversand.ch\/fr\/wp-json\/wp\/v2\/product_tag?post=253922"}],"curies":[{"name":"wp","href":"https:\/\/api.w.org\/{rel}","templated":true}]}}