{"id":253942,"date":"2026-03-14T23:21:49","date_gmt":"2026-03-14T22:21:49","guid":{"rendered":"https:\/\/schweizversand.ch\/produkt\/playmobil-71189-pirat-mit-kanone\/"},"modified":"2026-04-19T02:05:23","modified_gmt":"2026-04-19T00:05:23","slug":"playmobil-71189-pirat-mit-kanone","status":"publish","type":"product","link":"https:\/\/schweizversand.ch\/fr\/produkt\/playmobil-71189-pirat-mit-kanone\/","title":{"rendered":"Playmobil 71189 Pirate avec canon"},"content":{"rendered":"<h1><strong>PLAYMOBIL Pirates Pirate avec Canon (71189)<\/strong><\/h1>\n<div>Plongez dans le monde passionnant des marins et des aventures ! Avec le <strong>PLAYMOBIL 71189 Pirate avec Canon<\/strong>, les petits explorateurs d\u00e8s 4 ans peuvent se lancer dans un jeu de r\u00f4le captivant qui stimule leur courage et leur cr\u00e9ativit\u00e9. Ce <strong>jouet de pirate<\/strong> d\u00e9taill\u00e9, adapt\u00e9 aux enfants de 4 ans et plus, est le compl\u00e9ment id\u00e9al de toute collection <strong>PLAYMOBIL Pirates<\/strong>.<\/p>\n<\/div>\n<div><strong>Points forts pour les petits aventuriers<\/strong><br \/>Ce <strong>pirate avec canon<\/strong> promet des heures d&rsquo;action et de divertissement. La figurine de pirate d\u00e9taill\u00e9e est pr\u00eate pour la chasse au tr\u00e9sor et les duels \u00e9piques en haute mer. \u00c0 noter tout particuli\u00e8rement\u00a0: le canon fonctionnel qui, gr\u00e2ce \u00e0 ses boulets tir\u00e9s, rend le jeu encore plus r\u00e9aliste.<\/p>\n<\/div>\n<div><strong>Bienfaits pour le d\u00e9veloppement et valeur ludique<\/strong><br \/>La figurine de pirate PLAYMOBIL n&rsquo;est pas seulement un excellent jouet, elle favorise \u00e9galement le d\u00e9veloppement de l&rsquo;enfant. Jouer avec le canon PLAYMOBIL et ses accessoires stimule l&rsquo;imagination et renforce les comp\u00e9tences de jeu de r\u00f4le de votre enfant. C&rsquo;est le compl\u00e9ment id\u00e9al des ensembles de pirates PLAYMOBIL existants.<\/p>\n<\/div>\n<div><strong>D\u00e9tails du produit et contenu de la livraison<\/strong><br \/>L&rsquo;ensemble PLAYMOBIL 71189 comprend 19 pi\u00e8ces et est fabriqu\u00e9 en plastique de haute qualit\u00e9 pour une durabilit\u00e9 optimale. Veuillez noter que ce jouet ne convient pas aux enfants de moins de 3 ans en raison de la pr\u00e9sence de petites pi\u00e8ces pouvant \u00eatre aval\u00e9es.<\/p>\n<\/div>\n<div><strong>Contenu du coffret<\/strong><br \/>&#8211; 1 figurine de pirate<br \/>&#8211; 1 canon fonctionnel<br \/>&#8211; Boulets de canon<br \/>&#8211; Coffre au tr\u00e9sor<br \/>&#8211; Autres accessoires<\/p>\n<\/div>\n<div>Offrez ce fantastique jouet de pirate et donnez vie aux aventures palpitantes des pirates PLAYMOBIL dans la chambre de votre enfant\u00a0!<\/p>\n<\/div>\n<div>\n<\/div>\n","protected":false},"excerpt":{"rendered":"<p>PLAYMOBIL Pirates Pirate avec Canon (71189) Plongez dans le monde passionnant des marins et des aventures ! Avec le PLAYMOBIL 71189 Pirate avec Canon, les petits explorateurs d\u00e8s 4 ans peuvent se lancer dans un jeu de r\u00f4le captivant qui stimule leur courage et leur cr\u00e9ativit\u00e9. Ce jouet de pirate d\u00e9taill\u00e9, adapt\u00e9 aux enfants de 4 ans et plus, est le compl\u00e9ment id\u00e9al de toute collection PLAYMOBIL Pirates. Points forts pour les petits aventuriersCe pirate&hellip;<\/p>\n","protected":false},"featured_media":165239,"comment_status":"open","ping_status":"closed","template":"","meta":[],"product_brand":[],"product_cat":[38098],"product_tag":[],"class_list":{"0":"post-253942","1":"product","2":"type-product","3":"status-publish","4":"has-post-thumbnail","6":"product_cat-figurines-et-poupees","7":"product_shipping_class-global_methods","9":"first","10":"instock","11":"taxable","12":"shipping-taxable","13":"purchasable","14":"product-type-simple"},"yoast_head":"<!-- This site is optimized with the Yoast SEO plugin v27.4 - https:\/\/yoast.com\/product\/yoast-seo-wordpress\/ -->\n<title>Playmobil 71189 Pirat mit Kanone | Jetzt kaufen | Schweizversand.ch<\/title>\n<meta name=\"description\" content=\"Playmobil 71189 Pirat mit Kanone g\u00fcnstig kaufen bei Schweizversand.ch. Schnelle Lieferung in der Schweiz. Gratisversand ab CHF 50.\" \/>\n<meta name=\"robots\" content=\"index, follow, max-snippet:-1, max-image-preview:large, max-video-preview:-1\" \/>\n<link rel=\"canonical\" href=\"https:\/\/schweizversand.ch\/fr\/produkt\/playmobil-71189-pirat-mit-kanone\/\" \/>\n<meta property=\"og:locale\" content=\"fr_FR\" \/>\n<meta property=\"og:type\" content=\"article\" \/>\n<meta property=\"og:title\" content=\"Playmobil 71189 Pirat mit Kanone | Jetzt kaufen | Schweizversand.ch\" \/>\n<meta property=\"og:description\" content=\"Playmobil 71189 Pirat mit Kanone g\u00fcnstig kaufen bei Schweizversand.ch. Schnelle Lieferung in der Schweiz. Gratisversand ab CHF 50.\" \/>\n<meta property=\"og:url\" content=\"https:\/\/schweizversand.ch\/fr\/produkt\/playmobil-71189-pirat-mit-kanone\/\" \/>\n<meta property=\"og:site_name\" content=\"Schweizer Shop f\u00fcr Sport, Spiel und Freizeit\" \/>\n<meta property=\"article:publisher\" content=\"https:\/\/www.facebook.com\/Schweizversand\" \/>\n<meta property=\"article:modified_time\" content=\"2026-04-19T00:05:23+00:00\" \/>\n<meta property=\"og:image\" content=\"https:\/\/schweizversand.ch\/wp-content\/uploads\/2026\/02\/5471909581.jpg\" \/>\n\t<meta property=\"og:image:width\" content=\"1024\" \/>\n\t<meta property=\"og:image:height\" content=\"857\" \/>\n\t<meta property=\"og:image:type\" content=\"image\/jpeg\" \/>\n<meta name=\"twitter:card\" content=\"summary_large_image\" \/>\n<meta name=\"twitter:label1\" content=\"Dur\u00e9e de lecture estim\u00e9e\" \/>\n\t<meta name=\"twitter:data1\" content=\"1 minute\" \/>\n<script type=\"application\/ld+json\" class=\"yoast-schema-graph\">{\"@context\":\"https:\\\/\\\/schema.org\",\"@graph\":[{\"@type\":\"WebPage\",\"@id\":\"https:\\\/\\\/schweizversand.ch\\\/fr\\\/produkt\\\/playmobil-71189-pirat-mit-kanone\\\/\",\"url\":\"https:\\\/\\\/schweizversand.ch\\\/fr\\\/produkt\\\/playmobil-71189-pirat-mit-kanone\\\/\",\"name\":\"Playmobil 71189 Pirat mit Kanone | Jetzt kaufen | Schweizversand.ch\",\"isPartOf\":{\"@id\":\"https:\\\/\\\/schweizversand.ch\\\/fr\\\/#website\"},\"primaryImageOfPage\":{\"@id\":\"https:\\\/\\\/schweizversand.ch\\\/fr\\\/produkt\\\/playmobil-71189-pirat-mit-kanone\\\/#primaryimage\"},\"image\":{\"@id\":\"https:\\\/\\\/schweizversand.ch\\\/fr\\\/produkt\\\/playmobil-71189-pirat-mit-kanone\\\/#primaryimage\"},\"thumbnailUrl\":\"https:\\\/\\\/schweizversand.ch\\\/wp-content\\\/uploads\\\/2026\\\/02\\\/5471909581.jpg\",\"datePublished\":\"2026-03-14T22:21:49+00:00\",\"dateModified\":\"2026-04-19T00:05:23+00:00\",\"description\":\"Playmobil 71189 Pirat mit Kanone g\u00fcnstig kaufen bei Schweizversand.ch. Schnelle Lieferung in der Schweiz. Gratisversand ab CHF 50.\",\"breadcrumb\":{\"@id\":\"https:\\\/\\\/schweizversand.ch\\\/fr\\\/produkt\\\/playmobil-71189-pirat-mit-kanone\\\/#breadcrumb\"},\"inLanguage\":\"fr-FR\",\"potentialAction\":[{\"@type\":\"ReadAction\",\"target\":[\"https:\\\/\\\/schweizversand.ch\\\/fr\\\/produkt\\\/playmobil-71189-pirat-mit-kanone\\\/\"]}]},{\"@type\":\"ImageObject\",\"inLanguage\":\"fr-FR\",\"@id\":\"https:\\\/\\\/schweizversand.ch\\\/fr\\\/produkt\\\/playmobil-71189-pirat-mit-kanone\\\/#primaryimage\",\"url\":\"https:\\\/\\\/schweizversand.ch\\\/wp-content\\\/uploads\\\/2026\\\/02\\\/5471909581.jpg\",\"contentUrl\":\"https:\\\/\\\/schweizversand.ch\\\/wp-content\\\/uploads\\\/2026\\\/02\\\/5471909581.jpg\",\"width\":1024,\"height\":857},{\"@type\":\"BreadcrumbList\",\"@id\":\"https:\\\/\\\/schweizversand.ch\\\/fr\\\/produkt\\\/playmobil-71189-pirat-mit-kanone\\\/#breadcrumb\",\"itemListElement\":[{\"@type\":\"ListItem\",\"position\":1,\"name\":\"Startseite\",\"item\":\"https:\\\/\\\/schweizversand.ch\\\/fr\\\/home\\\/\"},{\"@type\":\"ListItem\",\"position\":2,\"name\":\"Boutique\",\"item\":\"https:\\\/\\\/schweizversand.ch\\\/fr\\\/boutique\\\/\"},{\"@type\":\"ListItem\",\"position\":3,\"name\":\"Jouets et jeux\",\"item\":\"https:\\\/\\\/schweizversand.ch\\\/fr\\\/produkt-kategorie\\\/jouets-et-jeux\\\/\"},{\"@type\":\"ListItem\",\"position\":4,\"name\":\"Figurines et poup\u00e9es\",\"item\":\"https:\\\/\\\/schweizversand.ch\\\/fr\\\/produkt-kategorie\\\/jouets-et-jeux\\\/figurines-et-poupees\\\/\"},{\"@type\":\"ListItem\",\"position\":5,\"name\":\"Playmobil 71189 Pirate avec canon\"}]},{\"@type\":\"WebSite\",\"@id\":\"https:\\\/\\\/schweizversand.ch\\\/fr\\\/#website\",\"url\":\"https:\\\/\\\/schweizversand.ch\\\/fr\\\/\",\"name\":\"Schweizer Shop f\u00fcr Sport, Spiel und Freizeit\",\"description\":\"Gratisversand ab 50.- (netto), ab eigenem schweizer Lager, Lieferung innert 48h\",\"publisher\":{\"@id\":\"https:\\\/\\\/schweizversand.ch\\\/fr\\\/#organization\"},\"alternateName\":\"Schweizversand.ch\",\"potentialAction\":[{\"@type\":\"SearchAction\",\"target\":{\"@type\":\"EntryPoint\",\"urlTemplate\":\"https:\\\/\\\/schweizversand.ch\\\/fr\\\/?s={search_term_string}\"},\"query-input\":{\"@type\":\"PropertyValueSpecification\",\"valueRequired\":true,\"valueName\":\"search_term_string\"}}],\"inLanguage\":\"fr-FR\"},{\"@type\":\"Organization\",\"@id\":\"https:\\\/\\\/schweizversand.ch\\\/fr\\\/#organization\",\"name\":\"Schweizversand.ch\",\"url\":\"https:\\\/\\\/schweizversand.ch\\\/fr\\\/\",\"logo\":{\"@type\":\"ImageObject\",\"inLanguage\":\"fr-FR\",\"@id\":\"https:\\\/\\\/schweizversand.ch\\\/fr\\\/#\\\/schema\\\/logo\\\/image\\\/\",\"url\":\"https:\\\/\\\/schweizversand.ch\\\/wp-content\\\/uploads\\\/2026\\\/03\\\/Logo_Rund_Final-1.png\",\"contentUrl\":\"https:\\\/\\\/schweizversand.ch\\\/wp-content\\\/uploads\\\/2026\\\/03\\\/Logo_Rund_Final-1.png\",\"width\":404,\"height\":404,\"caption\":\"Schweizversand.ch\"},\"image\":{\"@id\":\"https:\\\/\\\/schweizversand.ch\\\/fr\\\/#\\\/schema\\\/logo\\\/image\\\/\"},\"sameAs\":[\"https:\\\/\\\/www.facebook.com\\\/Schweizversand\",\"https:\\\/\\\/www.instagram.com\\\/schweizversand.ch\\\/\"]}]}<\/script>\n<!-- \/ Yoast SEO plugin. -->","yoast_head_json":{"title":"Playmobil 71189 Pirat mit Kanone | Jetzt kaufen | Schweizversand.ch","description":"Playmobil 71189 Pirat mit Kanone g\u00fcnstig kaufen bei Schweizversand.ch. Schnelle Lieferung in der Schweiz. Gratisversand ab CHF 50.","robots":{"index":"index","follow":"follow","max-snippet":"max-snippet:-1","max-image-preview":"max-image-preview:large","max-video-preview":"max-video-preview:-1"},"canonical":"https:\/\/schweizversand.ch\/fr\/produkt\/playmobil-71189-pirat-mit-kanone\/","og_locale":"fr_FR","og_type":"article","og_title":"Playmobil 71189 Pirat mit Kanone | Jetzt kaufen | Schweizversand.ch","og_description":"Playmobil 71189 Pirat mit Kanone g\u00fcnstig kaufen bei Schweizversand.ch. Schnelle Lieferung in der Schweiz. Gratisversand ab CHF 50.","og_url":"https:\/\/schweizversand.ch\/fr\/produkt\/playmobil-71189-pirat-mit-kanone\/","og_site_name":"Schweizer Shop f\u00fcr Sport, Spiel und Freizeit","article_publisher":"https:\/\/www.facebook.com\/Schweizversand","article_modified_time":"2026-04-19T00:05:23+00:00","og_image":[{"width":1024,"height":857,"url":"https:\/\/schweizversand.ch\/wp-content\/uploads\/2026\/02\/5471909581.jpg","type":"image\/jpeg"}],"twitter_card":"summary_large_image","twitter_misc":{"Dur\u00e9e de lecture estim\u00e9e":"1 minute"},"schema":{"@context":"https:\/\/schema.org","@graph":[{"@type":"WebPage","@id":"https:\/\/schweizversand.ch\/fr\/produkt\/playmobil-71189-pirat-mit-kanone\/","url":"https:\/\/schweizversand.ch\/fr\/produkt\/playmobil-71189-pirat-mit-kanone\/","name":"Playmobil 71189 Pirat mit Kanone | Jetzt kaufen | Schweizversand.ch","isPartOf":{"@id":"https:\/\/schweizversand.ch\/fr\/#website"},"primaryImageOfPage":{"@id":"https:\/\/schweizversand.ch\/fr\/produkt\/playmobil-71189-pirat-mit-kanone\/#primaryimage"},"image":{"@id":"https:\/\/schweizversand.ch\/fr\/produkt\/playmobil-71189-pirat-mit-kanone\/#primaryimage"},"thumbnailUrl":"https:\/\/schweizversand.ch\/wp-content\/uploads\/2026\/02\/5471909581.jpg","datePublished":"2026-03-14T22:21:49+00:00","dateModified":"2026-04-19T00:05:23+00:00","description":"Playmobil 71189 Pirat mit Kanone g\u00fcnstig kaufen bei Schweizversand.ch. Schnelle Lieferung in der Schweiz. Gratisversand ab CHF 50.","breadcrumb":{"@id":"https:\/\/schweizversand.ch\/fr\/produkt\/playmobil-71189-pirat-mit-kanone\/#breadcrumb"},"inLanguage":"fr-FR","potentialAction":[{"@type":"ReadAction","target":["https:\/\/schweizversand.ch\/fr\/produkt\/playmobil-71189-pirat-mit-kanone\/"]}]},{"@type":"ImageObject","inLanguage":"fr-FR","@id":"https:\/\/schweizversand.ch\/fr\/produkt\/playmobil-71189-pirat-mit-kanone\/#primaryimage","url":"https:\/\/schweizversand.ch\/wp-content\/uploads\/2026\/02\/5471909581.jpg","contentUrl":"https:\/\/schweizversand.ch\/wp-content\/uploads\/2026\/02\/5471909581.jpg","width":1024,"height":857},{"@type":"BreadcrumbList","@id":"https:\/\/schweizversand.ch\/fr\/produkt\/playmobil-71189-pirat-mit-kanone\/#breadcrumb","itemListElement":[{"@type":"ListItem","position":1,"name":"Startseite","item":"https:\/\/schweizversand.ch\/fr\/home\/"},{"@type":"ListItem","position":2,"name":"Boutique","item":"https:\/\/schweizversand.ch\/fr\/boutique\/"},{"@type":"ListItem","position":3,"name":"Jouets et jeux","item":"https:\/\/schweizversand.ch\/fr\/produkt-kategorie\/jouets-et-jeux\/"},{"@type":"ListItem","position":4,"name":"Figurines et poup\u00e9es","item":"https:\/\/schweizversand.ch\/fr\/produkt-kategorie\/jouets-et-jeux\/figurines-et-poupees\/"},{"@type":"ListItem","position":5,"name":"Playmobil 71189 Pirate avec canon"}]},{"@type":"WebSite","@id":"https:\/\/schweizversand.ch\/fr\/#website","url":"https:\/\/schweizversand.ch\/fr\/","name":"Schweizer Shop f\u00fcr Sport, Spiel und Freizeit","description":"Gratisversand ab 50.- (netto), ab eigenem schweizer Lager, Lieferung innert 48h","publisher":{"@id":"https:\/\/schweizversand.ch\/fr\/#organization"},"alternateName":"Schweizversand.ch","potentialAction":[{"@type":"SearchAction","target":{"@type":"EntryPoint","urlTemplate":"https:\/\/schweizversand.ch\/fr\/?s={search_term_string}"},"query-input":{"@type":"PropertyValueSpecification","valueRequired":true,"valueName":"search_term_string"}}],"inLanguage":"fr-FR"},{"@type":"Organization","@id":"https:\/\/schweizversand.ch\/fr\/#organization","name":"Schweizversand.ch","url":"https:\/\/schweizversand.ch\/fr\/","logo":{"@type":"ImageObject","inLanguage":"fr-FR","@id":"https:\/\/schweizversand.ch\/fr\/#\/schema\/logo\/image\/","url":"https:\/\/schweizversand.ch\/wp-content\/uploads\/2026\/03\/Logo_Rund_Final-1.png","contentUrl":"https:\/\/schweizversand.ch\/wp-content\/uploads\/2026\/03\/Logo_Rund_Final-1.png","width":404,"height":404,"caption":"Schweizversand.ch"},"image":{"@id":"https:\/\/schweizversand.ch\/fr\/#\/schema\/logo\/image\/"},"sameAs":["https:\/\/www.facebook.com\/Schweizversand","https:\/\/www.instagram.com\/schweizversand.ch\/"]}]}},"jetpack_sharing_enabled":true,"_links":{"self":[{"href":"https:\/\/schweizversand.ch\/fr\/wp-json\/wp\/v2\/product\/253942","targetHints":{"allow":["GET"]}}],"collection":[{"href":"https:\/\/schweizversand.ch\/fr\/wp-json\/wp\/v2\/product"}],"about":[{"href":"https:\/\/schweizversand.ch\/fr\/wp-json\/wp\/v2\/types\/product"}],"replies":[{"embeddable":true,"href":"https:\/\/schweizversand.ch\/fr\/wp-json\/wp\/v2\/comments?post=253942"}],"wp:featuredmedia":[{"embeddable":true,"href":"https:\/\/schweizversand.ch\/fr\/wp-json\/wp\/v2\/media\/165239"}],"wp:attachment":[{"href":"https:\/\/schweizversand.ch\/fr\/wp-json\/wp\/v2\/media?parent=253942"}],"wp:term":[{"taxonomy":"product_brand","embeddable":true,"href":"https:\/\/schweizversand.ch\/fr\/wp-json\/wp\/v2\/product_brand?post=253942"},{"taxonomy":"product_cat","embeddable":true,"href":"https:\/\/schweizversand.ch\/fr\/wp-json\/wp\/v2\/product_cat?post=253942"},{"taxonomy":"product_tag","embeddable":true,"href":"https:\/\/schweizversand.ch\/fr\/wp-json\/wp\/v2\/product_tag?post=253942"}],"curies":[{"name":"wp","href":"https:\/\/api.w.org\/{rel}","templated":true}]}}