{"id":253943,"date":"2026-03-14T23:21:50","date_gmt":"2026-03-14T22:21:50","guid":{"rendered":"https:\/\/schweizversand.ch\/produkt\/playmobil-70905-starter-pack-ritterfee-mit-waschbaer\/"},"modified":"2026-04-19T02:05:23","modified_gmt":"2026-04-19T00:05:23","slug":"playmobil-70905-starter-pack-ritterfee-mit-waschbaer","status":"publish","type":"product","link":"https:\/\/schweizversand.ch\/fr\/produkt\/playmobil-70905-starter-pack-ritterfee-mit-waschbaer\/","title":{"rendered":"Coffret de d\u00e9marrage Playmobil 70905 \u2013 Chevalier F\u00e9\u00e9rique avec Raton Laveur"},"content":{"rendered":"<h1><strong>PLAYMOBIL 70905 Coffret de d\u00e9marrage \u2013 Chevalier F\u00e9\u00e9rique et Raton Laveur<\/strong><\/h1>\n<div>Plongez dans le monde magique d&rsquo;Ayuma\u00a0! Ce <strong>Coffret de d\u00e9marrage PLAYMOBIL<\/strong> est l&rsquo;introduction id\u00e9ale \u00e0 un univers fantastique o\u00f9 r\u00e8gnent la magie et le courage. Accompagnez la courageuse Chevalier F\u00e9\u00e9rique dans ses missions pour prot\u00e9ger la for\u00eat f\u00e9erique.<\/p>\n<\/div>\n<div><strong>Le monde magique d&rsquo;Ayuma<\/strong><br \/>Avec le <strong>Coffret de d\u00e9marrage PLAYMOBIL Ayuma<\/strong>, les enfants d\u00e8s 4\u00a0ans peuvent vivre des aventures passionnantes. Le Chevalier F\u00e9\u00e9rique est pr\u00eat \u00e0 maintenir l&rsquo;\u00e9quilibre de la for\u00eat, soutenu par son fid\u00e8le <strong>Raton Laveur<\/strong>, son animal totem. Ce coffret encourage l&rsquo;imagination et le jeu de r\u00f4le libre.<\/p>\n<\/div>\n<div><strong>Points forts et avantages du produit<\/strong><br \/>Ce coffret compact est parfait comme cadeau ou pour compl\u00e9ter une collection de figurines Ayuma. Le Chevalier F\u00e9\u00e9rique est parfaitement \u00e9quip\u00e9 pour relever tous les d\u00e9fis. Votre avantage\u00a0: Un d\u00e9cor pr\u00eat \u00e0 jouer avec tous les accessoires indispensables.<\/p>\n<\/div>\n<div><strong>Caract\u00e9ristiques et d\u00e9tails<\/strong><br \/>&#8211; Mod\u00e8le\u00a0: PLAYMOBIL 70905<\/strong> \u2013 Coffret de d\u00e9marrage Chevalier des f\u00e9es avec raton laveur<br \/>&#8211; Th\u00e8me\u00a0: F\u00e9es<br \/>&#8211; Figurine avec ailes de feuilles amovibles et jupe en silicone<br \/>&#8211; Comprend un raton laveur, animal totem<br \/>&#8211; \u00c9quipement complet\u00a0: lance, hache de guerre, \u00e9p\u00e9e longue, fl\u00e8ches et arc<br \/>&#8211; Poup\u00e9e d&rsquo;entra\u00eenement et autres accessoires<br \/>&#8211; Mat\u00e9riau\u00a0: Plastique de haute qualit\u00e9<br \/>&#8211; \u00c2ge recommand\u00e9\u00a0: 4\u00a0ans et plus<\/p>\n<\/div>\n<div><strong>Le point de d\u00e9part id\u00e9al pour jouer<\/strong><br \/>Vous cherchez un moyen simple de d\u00e9couvrir l&rsquo;univers fascinant de <strong>PLAYMOBIL<\/strong>\u00a0? Ce coffret de d\u00e9marrage <strong>PLAYMOBIL<\/strong> offre tout ce dont les petits fans de f\u00e9es ont besoin pour commencer \u00e0 jouer imm\u00e9diatement et inventer leurs propres histoires. D\u00e9couvrez la magie de la gamme de jouets <strong>Ayuma<\/strong>.<\/p>\n<\/div>\n<div><\/div>\n","protected":false},"excerpt":{"rendered":"<p>PLAYMOBIL 70905 Coffret de d\u00e9marrage \u2013 Chevalier F\u00e9\u00e9rique et Raton Laveur Plongez dans le monde magique d&rsquo;Ayuma\u00a0! Ce Coffret de d\u00e9marrage PLAYMOBIL est l&rsquo;introduction id\u00e9ale \u00e0 un univers fantastique o\u00f9 r\u00e8gnent la magie et le courage. Accompagnez la courageuse Chevalier F\u00e9\u00e9rique dans ses missions pour prot\u00e9ger la for\u00eat f\u00e9erique. Le monde magique d&rsquo;AyumaAvec le Coffret de d\u00e9marrage PLAYMOBIL Ayuma, les enfants d\u00e8s 4\u00a0ans peuvent vivre des aventures passionnantes. Le Chevalier F\u00e9\u00e9rique est pr\u00eat \u00e0 maintenir&hellip;<\/p>\n","protected":false},"featured_media":165242,"comment_status":"open","ping_status":"closed","template":"","meta":[],"product_brand":[],"product_cat":[38098],"product_tag":[],"class_list":{"0":"post-253943","1":"product","2":"type-product","3":"status-publish","4":"has-post-thumbnail","6":"product_cat-figurines-et-poupees","7":"product_shipping_class-global_methods","9":"first","10":"instock","11":"taxable","12":"shipping-taxable","13":"purchasable","14":"product-type-simple"},"yoast_head":"<!-- This site is optimized with the Yoast SEO plugin v27.4 - https:\/\/yoast.com\/product\/yoast-seo-wordpress\/ -->\n<title>Playmobil 70905 Starter Pack \u2013 Ritterfee mit Waschb\u00e4r | Jetzt kaufen | Schweizversand.ch<\/title>\n<meta name=\"description\" content=\"Playmobil 70905 Starter Pack \u2013 Ritterfee mit Waschb\u00e4r g\u00fcnstig kaufen bei Schweizversand.ch. Schnelle Lieferung in der Schweiz. Gratisversand ab CHF 50.\" \/>\n<meta name=\"robots\" content=\"index, follow, max-snippet:-1, max-image-preview:large, max-video-preview:-1\" \/>\n<link rel=\"canonical\" href=\"https:\/\/schweizversand.ch\/fr\/produkt\/playmobil-70905-starter-pack-ritterfee-mit-waschbaer\/\" \/>\n<meta property=\"og:locale\" content=\"fr_FR\" \/>\n<meta property=\"og:type\" content=\"article\" \/>\n<meta property=\"og:title\" content=\"Playmobil 70905 Starter Pack \u2013 Ritterfee mit Waschb\u00e4r | Jetzt kaufen | Schweizversand.ch\" \/>\n<meta property=\"og:description\" content=\"Playmobil 70905 Starter Pack \u2013 Ritterfee mit Waschb\u00e4r g\u00fcnstig kaufen bei Schweizversand.ch. Schnelle Lieferung in der Schweiz. Gratisversand ab CHF 50.\" \/>\n<meta property=\"og:url\" content=\"https:\/\/schweizversand.ch\/fr\/produkt\/playmobil-70905-starter-pack-ritterfee-mit-waschbaer\/\" \/>\n<meta property=\"og:site_name\" content=\"Schweizer Shop f\u00fcr Sport, Spiel und Freizeit\" \/>\n<meta property=\"article:publisher\" content=\"https:\/\/www.facebook.com\/Schweizversand\" \/>\n<meta property=\"article:modified_time\" content=\"2026-04-19T00:05:23+00:00\" \/>\n<meta property=\"og:image\" content=\"https:\/\/schweizversand.ch\/wp-content\/uploads\/2026\/02\/5471909508.jpg\" \/>\n\t<meta property=\"og:image:width\" content=\"1024\" \/>\n\t<meta property=\"og:image:height\" content=\"1024\" \/>\n\t<meta property=\"og:image:type\" content=\"image\/jpeg\" \/>\n<meta name=\"twitter:card\" content=\"summary_large_image\" \/>\n<meta name=\"twitter:label1\" content=\"Dur\u00e9e de lecture estim\u00e9e\" \/>\n\t<meta name=\"twitter:data1\" content=\"1 minute\" \/>\n<script type=\"application\/ld+json\" class=\"yoast-schema-graph\">{\"@context\":\"https:\\\/\\\/schema.org\",\"@graph\":[{\"@type\":\"WebPage\",\"@id\":\"https:\\\/\\\/schweizversand.ch\\\/fr\\\/produkt\\\/playmobil-70905-starter-pack-ritterfee-mit-waschbaer\\\/\",\"url\":\"https:\\\/\\\/schweizversand.ch\\\/fr\\\/produkt\\\/playmobil-70905-starter-pack-ritterfee-mit-waschbaer\\\/\",\"name\":\"Playmobil 70905 Starter Pack \u2013 Ritterfee mit Waschb\u00e4r | Jetzt kaufen | Schweizversand.ch\",\"isPartOf\":{\"@id\":\"https:\\\/\\\/schweizversand.ch\\\/fr\\\/#website\"},\"primaryImageOfPage\":{\"@id\":\"https:\\\/\\\/schweizversand.ch\\\/fr\\\/produkt\\\/playmobil-70905-starter-pack-ritterfee-mit-waschbaer\\\/#primaryimage\"},\"image\":{\"@id\":\"https:\\\/\\\/schweizversand.ch\\\/fr\\\/produkt\\\/playmobil-70905-starter-pack-ritterfee-mit-waschbaer\\\/#primaryimage\"},\"thumbnailUrl\":\"https:\\\/\\\/schweizversand.ch\\\/wp-content\\\/uploads\\\/2026\\\/02\\\/5471909508.jpg\",\"datePublished\":\"2026-03-14T22:21:50+00:00\",\"dateModified\":\"2026-04-19T00:05:23+00:00\",\"description\":\"Playmobil 70905 Starter Pack \u2013 Ritterfee mit Waschb\u00e4r g\u00fcnstig kaufen bei Schweizversand.ch. Schnelle Lieferung in der Schweiz. Gratisversand ab CHF 50.\",\"breadcrumb\":{\"@id\":\"https:\\\/\\\/schweizversand.ch\\\/fr\\\/produkt\\\/playmobil-70905-starter-pack-ritterfee-mit-waschbaer\\\/#breadcrumb\"},\"inLanguage\":\"fr-FR\",\"potentialAction\":[{\"@type\":\"ReadAction\",\"target\":[\"https:\\\/\\\/schweizversand.ch\\\/fr\\\/produkt\\\/playmobil-70905-starter-pack-ritterfee-mit-waschbaer\\\/\"]}]},{\"@type\":\"ImageObject\",\"inLanguage\":\"fr-FR\",\"@id\":\"https:\\\/\\\/schweizversand.ch\\\/fr\\\/produkt\\\/playmobil-70905-starter-pack-ritterfee-mit-waschbaer\\\/#primaryimage\",\"url\":\"https:\\\/\\\/schweizversand.ch\\\/wp-content\\\/uploads\\\/2026\\\/02\\\/5471909508.jpg\",\"contentUrl\":\"https:\\\/\\\/schweizversand.ch\\\/wp-content\\\/uploads\\\/2026\\\/02\\\/5471909508.jpg\",\"width\":1024,\"height\":1024},{\"@type\":\"BreadcrumbList\",\"@id\":\"https:\\\/\\\/schweizversand.ch\\\/fr\\\/produkt\\\/playmobil-70905-starter-pack-ritterfee-mit-waschbaer\\\/#breadcrumb\",\"itemListElement\":[{\"@type\":\"ListItem\",\"position\":1,\"name\":\"Startseite\",\"item\":\"https:\\\/\\\/schweizversand.ch\\\/fr\\\/home\\\/\"},{\"@type\":\"ListItem\",\"position\":2,\"name\":\"Boutique\",\"item\":\"https:\\\/\\\/schweizversand.ch\\\/fr\\\/boutique\\\/\"},{\"@type\":\"ListItem\",\"position\":3,\"name\":\"Jouets et jeux\",\"item\":\"https:\\\/\\\/schweizversand.ch\\\/fr\\\/produkt-kategorie\\\/jouets-et-jeux\\\/\"},{\"@type\":\"ListItem\",\"position\":4,\"name\":\"Figurines et poup\u00e9es\",\"item\":\"https:\\\/\\\/schweizversand.ch\\\/fr\\\/produkt-kategorie\\\/jouets-et-jeux\\\/figurines-et-poupees\\\/\"},{\"@type\":\"ListItem\",\"position\":5,\"name\":\"Coffret de d\u00e9marrage Playmobil 70905 \u2013 Chevalier F\u00e9\u00e9rique avec Raton Laveur\"}]},{\"@type\":\"WebSite\",\"@id\":\"https:\\\/\\\/schweizversand.ch\\\/fr\\\/#website\",\"url\":\"https:\\\/\\\/schweizversand.ch\\\/fr\\\/\",\"name\":\"Schweizer Shop f\u00fcr Sport, Spiel und Freizeit\",\"description\":\"Gratisversand ab 50.- (netto), ab eigenem schweizer Lager, Lieferung innert 48h\",\"publisher\":{\"@id\":\"https:\\\/\\\/schweizversand.ch\\\/fr\\\/#organization\"},\"alternateName\":\"Schweizversand.ch\",\"potentialAction\":[{\"@type\":\"SearchAction\",\"target\":{\"@type\":\"EntryPoint\",\"urlTemplate\":\"https:\\\/\\\/schweizversand.ch\\\/fr\\\/?s={search_term_string}\"},\"query-input\":{\"@type\":\"PropertyValueSpecification\",\"valueRequired\":true,\"valueName\":\"search_term_string\"}}],\"inLanguage\":\"fr-FR\"},{\"@type\":\"Organization\",\"@id\":\"https:\\\/\\\/schweizversand.ch\\\/fr\\\/#organization\",\"name\":\"Schweizversand.ch\",\"url\":\"https:\\\/\\\/schweizversand.ch\\\/fr\\\/\",\"logo\":{\"@type\":\"ImageObject\",\"inLanguage\":\"fr-FR\",\"@id\":\"https:\\\/\\\/schweizversand.ch\\\/fr\\\/#\\\/schema\\\/logo\\\/image\\\/\",\"url\":\"https:\\\/\\\/schweizversand.ch\\\/wp-content\\\/uploads\\\/2026\\\/03\\\/Logo_Rund_Final-1.png\",\"contentUrl\":\"https:\\\/\\\/schweizversand.ch\\\/wp-content\\\/uploads\\\/2026\\\/03\\\/Logo_Rund_Final-1.png\",\"width\":404,\"height\":404,\"caption\":\"Schweizversand.ch\"},\"image\":{\"@id\":\"https:\\\/\\\/schweizversand.ch\\\/fr\\\/#\\\/schema\\\/logo\\\/image\\\/\"},\"sameAs\":[\"https:\\\/\\\/www.facebook.com\\\/Schweizversand\",\"https:\\\/\\\/www.instagram.com\\\/schweizversand.ch\\\/\"]}]}<\/script>\n<!-- \/ Yoast SEO plugin. -->","yoast_head_json":{"title":"Playmobil 70905 Starter Pack \u2013 Ritterfee mit Waschb\u00e4r | Jetzt kaufen | Schweizversand.ch","description":"Playmobil 70905 Starter Pack \u2013 Ritterfee mit Waschb\u00e4r g\u00fcnstig kaufen bei Schweizversand.ch. Schnelle Lieferung in der Schweiz. Gratisversand ab CHF 50.","robots":{"index":"index","follow":"follow","max-snippet":"max-snippet:-1","max-image-preview":"max-image-preview:large","max-video-preview":"max-video-preview:-1"},"canonical":"https:\/\/schweizversand.ch\/fr\/produkt\/playmobil-70905-starter-pack-ritterfee-mit-waschbaer\/","og_locale":"fr_FR","og_type":"article","og_title":"Playmobil 70905 Starter Pack \u2013 Ritterfee mit Waschb\u00e4r | Jetzt kaufen | Schweizversand.ch","og_description":"Playmobil 70905 Starter Pack \u2013 Ritterfee mit Waschb\u00e4r g\u00fcnstig kaufen bei Schweizversand.ch. Schnelle Lieferung in der Schweiz. Gratisversand ab CHF 50.","og_url":"https:\/\/schweizversand.ch\/fr\/produkt\/playmobil-70905-starter-pack-ritterfee-mit-waschbaer\/","og_site_name":"Schweizer Shop f\u00fcr Sport, Spiel und Freizeit","article_publisher":"https:\/\/www.facebook.com\/Schweizversand","article_modified_time":"2026-04-19T00:05:23+00:00","og_image":[{"width":1024,"height":1024,"url":"https:\/\/schweizversand.ch\/wp-content\/uploads\/2026\/02\/5471909508.jpg","type":"image\/jpeg"}],"twitter_card":"summary_large_image","twitter_misc":{"Dur\u00e9e de lecture estim\u00e9e":"1 minute"},"schema":{"@context":"https:\/\/schema.org","@graph":[{"@type":"WebPage","@id":"https:\/\/schweizversand.ch\/fr\/produkt\/playmobil-70905-starter-pack-ritterfee-mit-waschbaer\/","url":"https:\/\/schweizversand.ch\/fr\/produkt\/playmobil-70905-starter-pack-ritterfee-mit-waschbaer\/","name":"Playmobil 70905 Starter Pack \u2013 Ritterfee mit Waschb\u00e4r | Jetzt kaufen | Schweizversand.ch","isPartOf":{"@id":"https:\/\/schweizversand.ch\/fr\/#website"},"primaryImageOfPage":{"@id":"https:\/\/schweizversand.ch\/fr\/produkt\/playmobil-70905-starter-pack-ritterfee-mit-waschbaer\/#primaryimage"},"image":{"@id":"https:\/\/schweizversand.ch\/fr\/produkt\/playmobil-70905-starter-pack-ritterfee-mit-waschbaer\/#primaryimage"},"thumbnailUrl":"https:\/\/schweizversand.ch\/wp-content\/uploads\/2026\/02\/5471909508.jpg","datePublished":"2026-03-14T22:21:50+00:00","dateModified":"2026-04-19T00:05:23+00:00","description":"Playmobil 70905 Starter Pack \u2013 Ritterfee mit Waschb\u00e4r g\u00fcnstig kaufen bei Schweizversand.ch. Schnelle Lieferung in der Schweiz. Gratisversand ab CHF 50.","breadcrumb":{"@id":"https:\/\/schweizversand.ch\/fr\/produkt\/playmobil-70905-starter-pack-ritterfee-mit-waschbaer\/#breadcrumb"},"inLanguage":"fr-FR","potentialAction":[{"@type":"ReadAction","target":["https:\/\/schweizversand.ch\/fr\/produkt\/playmobil-70905-starter-pack-ritterfee-mit-waschbaer\/"]}]},{"@type":"ImageObject","inLanguage":"fr-FR","@id":"https:\/\/schweizversand.ch\/fr\/produkt\/playmobil-70905-starter-pack-ritterfee-mit-waschbaer\/#primaryimage","url":"https:\/\/schweizversand.ch\/wp-content\/uploads\/2026\/02\/5471909508.jpg","contentUrl":"https:\/\/schweizversand.ch\/wp-content\/uploads\/2026\/02\/5471909508.jpg","width":1024,"height":1024},{"@type":"BreadcrumbList","@id":"https:\/\/schweizversand.ch\/fr\/produkt\/playmobil-70905-starter-pack-ritterfee-mit-waschbaer\/#breadcrumb","itemListElement":[{"@type":"ListItem","position":1,"name":"Startseite","item":"https:\/\/schweizversand.ch\/fr\/home\/"},{"@type":"ListItem","position":2,"name":"Boutique","item":"https:\/\/schweizversand.ch\/fr\/boutique\/"},{"@type":"ListItem","position":3,"name":"Jouets et jeux","item":"https:\/\/schweizversand.ch\/fr\/produkt-kategorie\/jouets-et-jeux\/"},{"@type":"ListItem","position":4,"name":"Figurines et poup\u00e9es","item":"https:\/\/schweizversand.ch\/fr\/produkt-kategorie\/jouets-et-jeux\/figurines-et-poupees\/"},{"@type":"ListItem","position":5,"name":"Coffret de d\u00e9marrage Playmobil 70905 \u2013 Chevalier F\u00e9\u00e9rique avec Raton Laveur"}]},{"@type":"WebSite","@id":"https:\/\/schweizversand.ch\/fr\/#website","url":"https:\/\/schweizversand.ch\/fr\/","name":"Schweizer Shop f\u00fcr Sport, Spiel und Freizeit","description":"Gratisversand ab 50.- (netto), ab eigenem schweizer Lager, Lieferung innert 48h","publisher":{"@id":"https:\/\/schweizversand.ch\/fr\/#organization"},"alternateName":"Schweizversand.ch","potentialAction":[{"@type":"SearchAction","target":{"@type":"EntryPoint","urlTemplate":"https:\/\/schweizversand.ch\/fr\/?s={search_term_string}"},"query-input":{"@type":"PropertyValueSpecification","valueRequired":true,"valueName":"search_term_string"}}],"inLanguage":"fr-FR"},{"@type":"Organization","@id":"https:\/\/schweizversand.ch\/fr\/#organization","name":"Schweizversand.ch","url":"https:\/\/schweizversand.ch\/fr\/","logo":{"@type":"ImageObject","inLanguage":"fr-FR","@id":"https:\/\/schweizversand.ch\/fr\/#\/schema\/logo\/image\/","url":"https:\/\/schweizversand.ch\/wp-content\/uploads\/2026\/03\/Logo_Rund_Final-1.png","contentUrl":"https:\/\/schweizversand.ch\/wp-content\/uploads\/2026\/03\/Logo_Rund_Final-1.png","width":404,"height":404,"caption":"Schweizversand.ch"},"image":{"@id":"https:\/\/schweizversand.ch\/fr\/#\/schema\/logo\/image\/"},"sameAs":["https:\/\/www.facebook.com\/Schweizversand","https:\/\/www.instagram.com\/schweizversand.ch\/"]}]}},"jetpack_sharing_enabled":true,"_links":{"self":[{"href":"https:\/\/schweizversand.ch\/fr\/wp-json\/wp\/v2\/product\/253943","targetHints":{"allow":["GET"]}}],"collection":[{"href":"https:\/\/schweizversand.ch\/fr\/wp-json\/wp\/v2\/product"}],"about":[{"href":"https:\/\/schweizversand.ch\/fr\/wp-json\/wp\/v2\/types\/product"}],"replies":[{"embeddable":true,"href":"https:\/\/schweizversand.ch\/fr\/wp-json\/wp\/v2\/comments?post=253943"}],"wp:featuredmedia":[{"embeddable":true,"href":"https:\/\/schweizversand.ch\/fr\/wp-json\/wp\/v2\/media\/165242"}],"wp:attachment":[{"href":"https:\/\/schweizversand.ch\/fr\/wp-json\/wp\/v2\/media?parent=253943"}],"wp:term":[{"taxonomy":"product_brand","embeddable":true,"href":"https:\/\/schweizversand.ch\/fr\/wp-json\/wp\/v2\/product_brand?post=253943"},{"taxonomy":"product_cat","embeddable":true,"href":"https:\/\/schweizversand.ch\/fr\/wp-json\/wp\/v2\/product_cat?post=253943"},{"taxonomy":"product_tag","embeddable":true,"href":"https:\/\/schweizversand.ch\/fr\/wp-json\/wp\/v2\/product_tag?post=253943"}],"curies":[{"name":"wp","href":"https:\/\/api.w.org\/{rel}","templated":true}]}}