{"id":253944,"date":"2026-03-14T23:21:50","date_gmt":"2026-03-14T22:21:50","guid":{"rendered":"https:\/\/schweizversand.ch\/produkt\/playmobil-70710-scooby-doo-abenteuer-mit-ghost-clown\/"},"modified":"2026-04-19T15:36:03","modified_gmt":"2026-04-19T13:36:03","slug":"playmobil-70710-scooby-doo-abenteuer-mit-ghost-clown","status":"publish","type":"product","link":"https:\/\/schweizversand.ch\/fr\/produkt\/playmobil-70710-scooby-doo-abenteuer-mit-ghost-clown\/","title":{"rendered":"Playmobil 70710 SCOOBY-DOO ! Aventures avec le clown fant\u00f4me"},"content":{"rendered":"<h1><strong>SCOOBY-DOO\u00a0! L&rsquo;aventure du Clown Fant\u00f4me<\/strong><\/h1>\n<div>Plongez dans l&rsquo;univers passionnant de SCOOBY-DOO\u00a0! et aidez Scooby \u00e0 percer le myst\u00e8re du <strong>Clown Fant\u00f4me<\/strong>. Ce coffret de jeu <strong>SCOOBY-DOO\u00a0!<\/strong> captivant contient tout le n\u00e9cessaire pour une aventure inoubliable au cirque et saura imm\u00e9diatement s\u00e9duire les collectionneurs et les jeunes d\u00e9tectives.<\/p>\n<\/div>\n<div><strong>L&rsquo;histoire palpitante<\/strong><br \/>Depuis qu&rsquo;il a \u00e9t\u00e9 surpris en train de voler du mat\u00e9riel de spectacle, ce fant\u00f4me malicieux hante r\u00e9guli\u00e8rement le cirque. C&rsquo;est \u00e0 Scooby-Doo, infiltr\u00e9 comme vendeur de ballons, de percer le myst\u00e8re et d&rsquo;arr\u00eater le <strong>Clown Fant\u00f4me de Scooby-Doo<\/strong>\u00a0! D\u00e9couvrez comment Scooby et ses amis r\u00e9solvent une nouvelle \u00e9nigme.<\/p>\n<\/div>\n<div><strong>Caract\u00e9ristiques sp\u00e9ciales du produit<\/strong><br \/>Le point fort de ce coffret est la <strong>figurine du Clown Fant\u00f4me<\/strong>\u00a0: pour d\u00e9couvrir la v\u00e9ritable identit\u00e9 du clown, la <strong>figurine \u00e0 masquer<\/strong> peut \u00eatre r\u00e9v\u00e9l\u00e9e. D\u00e9couvrez qui se cache r\u00e9ellement derri\u00e8re le masque du Clown Fant\u00f4me. Ce coffret <strong>SCOOBY-DOO! Cirque<\/strong> garantit des heures de divertissement.<\/p>\n<\/div>\n<div><strong>Carte Fant\u00f4me et d\u00e9codage<\/strong><br \/>La carte Fant\u00f4me incluse contient plus d&rsquo;informations sur le myst\u00e9rieux Clown Fant\u00f4me. Le contenu des cartes Fant\u00f4me peut \u00eatre lu \u00e0 l&rsquo;aide du lecteur de la Mystery Machine\u2122 SCOOBY-DOO! (vendue s\u00e9par\u00e9ment) ou du SCOOBY-DOO! D\u00e9couvrez les aventures de la Maison Hant\u00e9e\u2122 (70286 et 70361) \u2013 un bonus exceptionnel pour tous les collectionneurs.<\/p>\n<\/div>\n<div><strong>Contient (34 pi\u00e8ces)<\/strong><br \/>&#8211; Figurine Scooby-Doo (vendeur de ballons)<br \/>&#8211; Figurine du Clown Fant\u00f4me (masque d\u00e9masquable)<br \/>&#8211; Carte fant\u00f4me avec informations<br \/>&#8211; Ballons de cirque et autres accessoires<\/p>\n<\/div>\n<div>Procurez-vous d\u00e8s maintenant le coffret <strong>SCOOBY-DOO! Aventures avec le Clown Fant\u00f4me<\/strong> et mettez vos talents de d\u00e9tective \u00e0 l&rsquo;\u00e9preuve pour attraper le rus\u00e9 Clown Fant\u00f4me.<\/p>\n<\/div>\n<div>\n<\/div>\n","protected":false},"excerpt":{"rendered":"<p>SCOOBY-DOO\u00a0! L&rsquo;aventure du Clown Fant\u00f4me Plongez dans l&rsquo;univers passionnant de SCOOBY-DOO\u00a0! et aidez Scooby \u00e0 percer le myst\u00e8re du Clown Fant\u00f4me. Ce coffret de jeu SCOOBY-DOO\u00a0! captivant contient tout le n\u00e9cessaire pour une aventure inoubliable au cirque et saura imm\u00e9diatement s\u00e9duire les collectionneurs et les jeunes d\u00e9tectives. L&rsquo;histoire palpitanteDepuis qu&rsquo;il a \u00e9t\u00e9 surpris en train de voler du mat\u00e9riel de spectacle, ce fant\u00f4me malicieux hante r\u00e9guli\u00e8rement le cirque. C&rsquo;est \u00e0 Scooby-Doo, infiltr\u00e9 comme vendeur de&hellip;<\/p>\n","protected":false},"featured_media":165248,"comment_status":"open","ping_status":"closed","template":"","meta":[],"product_brand":[],"product_cat":[38364],"product_tag":[],"class_list":{"0":"post-253944","1":"product","2":"type-product","3":"status-publish","4":"has-post-thumbnail","6":"product_cat-puppe","7":"product_shipping_class-global_methods","9":"first","10":"instock","11":"taxable","12":"shipping-taxable","13":"purchasable","14":"product-type-simple"},"yoast_head":"<!-- This site is optimized with the Yoast SEO plugin v27.4 - https:\/\/yoast.com\/product\/yoast-seo-wordpress\/ -->\n<title>Playmobil 70710 SCOOBY-DOO! Abenteuer mit Ghost Clown | Jetzt kaufen | Schweizversand.ch<\/title>\n<meta name=\"description\" content=\"Playmobil 70710 SCOOBY-DOO! Abenteuer mit Ghost Clown g\u00fcnstig kaufen bei Schweizversand.ch. Schnelle Lieferung in der Schweiz. Gratisversand ab CHF 50.\" \/>\n<meta name=\"robots\" content=\"index, follow, max-snippet:-1, max-image-preview:large, max-video-preview:-1\" \/>\n<link rel=\"canonical\" href=\"https:\/\/schweizversand.ch\/fr\/produkt\/playmobil-70710-scooby-doo-abenteuer-mit-ghost-clown\/\" \/>\n<meta property=\"og:locale\" content=\"fr_FR\" \/>\n<meta property=\"og:type\" content=\"article\" \/>\n<meta property=\"og:title\" content=\"Playmobil 70710 SCOOBY-DOO! Abenteuer mit Ghost Clown | Jetzt kaufen | Schweizversand.ch\" \/>\n<meta property=\"og:description\" content=\"Playmobil 70710 SCOOBY-DOO! Abenteuer mit Ghost Clown g\u00fcnstig kaufen bei Schweizversand.ch. Schnelle Lieferung in der Schweiz. Gratisversand ab CHF 50.\" \/>\n<meta property=\"og:url\" content=\"https:\/\/schweizversand.ch\/fr\/produkt\/playmobil-70710-scooby-doo-abenteuer-mit-ghost-clown\/\" \/>\n<meta property=\"og:site_name\" content=\"Schweizer Shop f\u00fcr Sport, Spiel und Freizeit\" \/>\n<meta property=\"article:publisher\" content=\"https:\/\/www.facebook.com\/Schweizversand\" \/>\n<meta property=\"article:modified_time\" content=\"2026-04-19T13:36:03+00:00\" \/>\n<meta property=\"og:image\" content=\"https:\/\/schweizversand.ch\/wp-content\/uploads\/2026\/02\/5471773777.jpg\" \/>\n\t<meta property=\"og:image:width\" content=\"1024\" \/>\n\t<meta property=\"og:image:height\" content=\"781\" \/>\n\t<meta property=\"og:image:type\" content=\"image\/jpeg\" \/>\n<meta name=\"twitter:card\" content=\"summary_large_image\" \/>\n<meta name=\"twitter:label1\" content=\"Dur\u00e9e de lecture estim\u00e9e\" \/>\n\t<meta name=\"twitter:data1\" content=\"1 minute\" \/>\n<script type=\"application\/ld+json\" class=\"yoast-schema-graph\">{\"@context\":\"https:\\\/\\\/schema.org\",\"@graph\":[{\"@type\":\"WebPage\",\"@id\":\"https:\\\/\\\/schweizversand.ch\\\/fr\\\/produkt\\\/playmobil-70710-scooby-doo-abenteuer-mit-ghost-clown\\\/\",\"url\":\"https:\\\/\\\/schweizversand.ch\\\/fr\\\/produkt\\\/playmobil-70710-scooby-doo-abenteuer-mit-ghost-clown\\\/\",\"name\":\"Playmobil 70710 SCOOBY-DOO! Abenteuer mit Ghost Clown | Jetzt kaufen | Schweizversand.ch\",\"isPartOf\":{\"@id\":\"https:\\\/\\\/schweizversand.ch\\\/fr\\\/#website\"},\"primaryImageOfPage\":{\"@id\":\"https:\\\/\\\/schweizversand.ch\\\/fr\\\/produkt\\\/playmobil-70710-scooby-doo-abenteuer-mit-ghost-clown\\\/#primaryimage\"},\"image\":{\"@id\":\"https:\\\/\\\/schweizversand.ch\\\/fr\\\/produkt\\\/playmobil-70710-scooby-doo-abenteuer-mit-ghost-clown\\\/#primaryimage\"},\"thumbnailUrl\":\"https:\\\/\\\/schweizversand.ch\\\/wp-content\\\/uploads\\\/2026\\\/02\\\/5471773777.jpg\",\"datePublished\":\"2026-03-14T22:21:50+00:00\",\"dateModified\":\"2026-04-19T13:36:03+00:00\",\"description\":\"Playmobil 70710 SCOOBY-DOO! Abenteuer mit Ghost Clown g\u00fcnstig kaufen bei Schweizversand.ch. Schnelle Lieferung in der Schweiz. Gratisversand ab CHF 50.\",\"breadcrumb\":{\"@id\":\"https:\\\/\\\/schweizversand.ch\\\/fr\\\/produkt\\\/playmobil-70710-scooby-doo-abenteuer-mit-ghost-clown\\\/#breadcrumb\"},\"inLanguage\":\"fr-FR\",\"potentialAction\":[{\"@type\":\"ReadAction\",\"target\":[\"https:\\\/\\\/schweizversand.ch\\\/fr\\\/produkt\\\/playmobil-70710-scooby-doo-abenteuer-mit-ghost-clown\\\/\"]}]},{\"@type\":\"ImageObject\",\"inLanguage\":\"fr-FR\",\"@id\":\"https:\\\/\\\/schweizversand.ch\\\/fr\\\/produkt\\\/playmobil-70710-scooby-doo-abenteuer-mit-ghost-clown\\\/#primaryimage\",\"url\":\"https:\\\/\\\/schweizversand.ch\\\/wp-content\\\/uploads\\\/2026\\\/02\\\/5471773777.jpg\",\"contentUrl\":\"https:\\\/\\\/schweizversand.ch\\\/wp-content\\\/uploads\\\/2026\\\/02\\\/5471773777.jpg\",\"width\":1024,\"height\":781},{\"@type\":\"BreadcrumbList\",\"@id\":\"https:\\\/\\\/schweizversand.ch\\\/fr\\\/produkt\\\/playmobil-70710-scooby-doo-abenteuer-mit-ghost-clown\\\/#breadcrumb\",\"itemListElement\":[{\"@type\":\"ListItem\",\"position\":1,\"name\":\"Startseite\",\"item\":\"https:\\\/\\\/schweizversand.ch\\\/fr\\\/home\\\/\"},{\"@type\":\"ListItem\",\"position\":2,\"name\":\"Boutique\",\"item\":\"https:\\\/\\\/schweizversand.ch\\\/fr\\\/boutique\\\/\"},{\"@type\":\"ListItem\",\"position\":3,\"name\":\"Jouets et jeux\",\"item\":\"https:\\\/\\\/schweizversand.ch\\\/fr\\\/produkt-kategorie\\\/jouets-et-jeux\\\/\"},{\"@type\":\"ListItem\",\"position\":4,\"name\":\"Figurines et poup\u00e9es\",\"item\":\"https:\\\/\\\/schweizversand.ch\\\/fr\\\/produkt-kategorie\\\/jouets-et-jeux\\\/figurines-et-poupees\\\/\"},{\"@type\":\"ListItem\",\"position\":5,\"name\":\"Poup\u00e9e\",\"item\":\"https:\\\/\\\/schweizversand.ch\\\/fr\\\/produkt-kategorie\\\/puppe\\\/\"},{\"@type\":\"ListItem\",\"position\":6,\"name\":\"Playmobil 70710 SCOOBY-DOO ! Aventures avec le clown fant\u00f4me\"}]},{\"@type\":\"WebSite\",\"@id\":\"https:\\\/\\\/schweizversand.ch\\\/fr\\\/#website\",\"url\":\"https:\\\/\\\/schweizversand.ch\\\/fr\\\/\",\"name\":\"Schweizer Shop f\u00fcr Sport, Spiel und Freizeit\",\"description\":\"Gratisversand ab 50.- (netto), ab eigenem schweizer Lager, Lieferung innert 48h\",\"publisher\":{\"@id\":\"https:\\\/\\\/schweizversand.ch\\\/fr\\\/#organization\"},\"alternateName\":\"Schweizversand.ch\",\"potentialAction\":[{\"@type\":\"SearchAction\",\"target\":{\"@type\":\"EntryPoint\",\"urlTemplate\":\"https:\\\/\\\/schweizversand.ch\\\/fr\\\/?s={search_term_string}\"},\"query-input\":{\"@type\":\"PropertyValueSpecification\",\"valueRequired\":true,\"valueName\":\"search_term_string\"}}],\"inLanguage\":\"fr-FR\"},{\"@type\":\"Organization\",\"@id\":\"https:\\\/\\\/schweizversand.ch\\\/fr\\\/#organization\",\"name\":\"Schweizversand.ch\",\"url\":\"https:\\\/\\\/schweizversand.ch\\\/fr\\\/\",\"logo\":{\"@type\":\"ImageObject\",\"inLanguage\":\"fr-FR\",\"@id\":\"https:\\\/\\\/schweizversand.ch\\\/fr\\\/#\\\/schema\\\/logo\\\/image\\\/\",\"url\":\"https:\\\/\\\/schweizversand.ch\\\/wp-content\\\/uploads\\\/2026\\\/03\\\/Logo_Rund_Final-1.png\",\"contentUrl\":\"https:\\\/\\\/schweizversand.ch\\\/wp-content\\\/uploads\\\/2026\\\/03\\\/Logo_Rund_Final-1.png\",\"width\":404,\"height\":404,\"caption\":\"Schweizversand.ch\"},\"image\":{\"@id\":\"https:\\\/\\\/schweizversand.ch\\\/fr\\\/#\\\/schema\\\/logo\\\/image\\\/\"},\"sameAs\":[\"https:\\\/\\\/www.facebook.com\\\/Schweizversand\",\"https:\\\/\\\/www.instagram.com\\\/schweizversand.ch\\\/\"]}]}<\/script>\n<!-- \/ Yoast SEO plugin. -->","yoast_head_json":{"title":"Playmobil 70710 SCOOBY-DOO! Abenteuer mit Ghost Clown | Jetzt kaufen | Schweizversand.ch","description":"Playmobil 70710 SCOOBY-DOO! Abenteuer mit Ghost Clown g\u00fcnstig kaufen bei Schweizversand.ch. Schnelle Lieferung in der Schweiz. Gratisversand ab CHF 50.","robots":{"index":"index","follow":"follow","max-snippet":"max-snippet:-1","max-image-preview":"max-image-preview:large","max-video-preview":"max-video-preview:-1"},"canonical":"https:\/\/schweizversand.ch\/fr\/produkt\/playmobil-70710-scooby-doo-abenteuer-mit-ghost-clown\/","og_locale":"fr_FR","og_type":"article","og_title":"Playmobil 70710 SCOOBY-DOO! Abenteuer mit Ghost Clown | Jetzt kaufen | Schweizversand.ch","og_description":"Playmobil 70710 SCOOBY-DOO! Abenteuer mit Ghost Clown g\u00fcnstig kaufen bei Schweizversand.ch. Schnelle Lieferung in der Schweiz. Gratisversand ab CHF 50.","og_url":"https:\/\/schweizversand.ch\/fr\/produkt\/playmobil-70710-scooby-doo-abenteuer-mit-ghost-clown\/","og_site_name":"Schweizer Shop f\u00fcr Sport, Spiel und Freizeit","article_publisher":"https:\/\/www.facebook.com\/Schweizversand","article_modified_time":"2026-04-19T13:36:03+00:00","og_image":[{"width":1024,"height":781,"url":"https:\/\/schweizversand.ch\/wp-content\/uploads\/2026\/02\/5471773777.jpg","type":"image\/jpeg"}],"twitter_card":"summary_large_image","twitter_misc":{"Dur\u00e9e de lecture estim\u00e9e":"1 minute"},"schema":{"@context":"https:\/\/schema.org","@graph":[{"@type":"WebPage","@id":"https:\/\/schweizversand.ch\/fr\/produkt\/playmobil-70710-scooby-doo-abenteuer-mit-ghost-clown\/","url":"https:\/\/schweizversand.ch\/fr\/produkt\/playmobil-70710-scooby-doo-abenteuer-mit-ghost-clown\/","name":"Playmobil 70710 SCOOBY-DOO! Abenteuer mit Ghost Clown | Jetzt kaufen | Schweizversand.ch","isPartOf":{"@id":"https:\/\/schweizversand.ch\/fr\/#website"},"primaryImageOfPage":{"@id":"https:\/\/schweizversand.ch\/fr\/produkt\/playmobil-70710-scooby-doo-abenteuer-mit-ghost-clown\/#primaryimage"},"image":{"@id":"https:\/\/schweizversand.ch\/fr\/produkt\/playmobil-70710-scooby-doo-abenteuer-mit-ghost-clown\/#primaryimage"},"thumbnailUrl":"https:\/\/schweizversand.ch\/wp-content\/uploads\/2026\/02\/5471773777.jpg","datePublished":"2026-03-14T22:21:50+00:00","dateModified":"2026-04-19T13:36:03+00:00","description":"Playmobil 70710 SCOOBY-DOO! Abenteuer mit Ghost Clown g\u00fcnstig kaufen bei Schweizversand.ch. Schnelle Lieferung in der Schweiz. Gratisversand ab CHF 50.","breadcrumb":{"@id":"https:\/\/schweizversand.ch\/fr\/produkt\/playmobil-70710-scooby-doo-abenteuer-mit-ghost-clown\/#breadcrumb"},"inLanguage":"fr-FR","potentialAction":[{"@type":"ReadAction","target":["https:\/\/schweizversand.ch\/fr\/produkt\/playmobil-70710-scooby-doo-abenteuer-mit-ghost-clown\/"]}]},{"@type":"ImageObject","inLanguage":"fr-FR","@id":"https:\/\/schweizversand.ch\/fr\/produkt\/playmobil-70710-scooby-doo-abenteuer-mit-ghost-clown\/#primaryimage","url":"https:\/\/schweizversand.ch\/wp-content\/uploads\/2026\/02\/5471773777.jpg","contentUrl":"https:\/\/schweizversand.ch\/wp-content\/uploads\/2026\/02\/5471773777.jpg","width":1024,"height":781},{"@type":"BreadcrumbList","@id":"https:\/\/schweizversand.ch\/fr\/produkt\/playmobil-70710-scooby-doo-abenteuer-mit-ghost-clown\/#breadcrumb","itemListElement":[{"@type":"ListItem","position":1,"name":"Startseite","item":"https:\/\/schweizversand.ch\/fr\/home\/"},{"@type":"ListItem","position":2,"name":"Boutique","item":"https:\/\/schweizversand.ch\/fr\/boutique\/"},{"@type":"ListItem","position":3,"name":"Jouets et jeux","item":"https:\/\/schweizversand.ch\/fr\/produkt-kategorie\/jouets-et-jeux\/"},{"@type":"ListItem","position":4,"name":"Figurines et poup\u00e9es","item":"https:\/\/schweizversand.ch\/fr\/produkt-kategorie\/jouets-et-jeux\/figurines-et-poupees\/"},{"@type":"ListItem","position":5,"name":"Poup\u00e9e","item":"https:\/\/schweizversand.ch\/fr\/produkt-kategorie\/puppe\/"},{"@type":"ListItem","position":6,"name":"Playmobil 70710 SCOOBY-DOO ! Aventures avec le clown fant\u00f4me"}]},{"@type":"WebSite","@id":"https:\/\/schweizversand.ch\/fr\/#website","url":"https:\/\/schweizversand.ch\/fr\/","name":"Schweizer Shop f\u00fcr Sport, Spiel und Freizeit","description":"Gratisversand ab 50.- (netto), ab eigenem schweizer Lager, Lieferung innert 48h","publisher":{"@id":"https:\/\/schweizversand.ch\/fr\/#organization"},"alternateName":"Schweizversand.ch","potentialAction":[{"@type":"SearchAction","target":{"@type":"EntryPoint","urlTemplate":"https:\/\/schweizversand.ch\/fr\/?s={search_term_string}"},"query-input":{"@type":"PropertyValueSpecification","valueRequired":true,"valueName":"search_term_string"}}],"inLanguage":"fr-FR"},{"@type":"Organization","@id":"https:\/\/schweizversand.ch\/fr\/#organization","name":"Schweizversand.ch","url":"https:\/\/schweizversand.ch\/fr\/","logo":{"@type":"ImageObject","inLanguage":"fr-FR","@id":"https:\/\/schweizversand.ch\/fr\/#\/schema\/logo\/image\/","url":"https:\/\/schweizversand.ch\/wp-content\/uploads\/2026\/03\/Logo_Rund_Final-1.png","contentUrl":"https:\/\/schweizversand.ch\/wp-content\/uploads\/2026\/03\/Logo_Rund_Final-1.png","width":404,"height":404,"caption":"Schweizversand.ch"},"image":{"@id":"https:\/\/schweizversand.ch\/fr\/#\/schema\/logo\/image\/"},"sameAs":["https:\/\/www.facebook.com\/Schweizversand","https:\/\/www.instagram.com\/schweizversand.ch\/"]}]}},"jetpack_sharing_enabled":true,"_links":{"self":[{"href":"https:\/\/schweizversand.ch\/fr\/wp-json\/wp\/v2\/product\/253944","targetHints":{"allow":["GET"]}}],"collection":[{"href":"https:\/\/schweizversand.ch\/fr\/wp-json\/wp\/v2\/product"}],"about":[{"href":"https:\/\/schweizversand.ch\/fr\/wp-json\/wp\/v2\/types\/product"}],"replies":[{"embeddable":true,"href":"https:\/\/schweizversand.ch\/fr\/wp-json\/wp\/v2\/comments?post=253944"}],"wp:featuredmedia":[{"embeddable":true,"href":"https:\/\/schweizversand.ch\/fr\/wp-json\/wp\/v2\/media\/165248"}],"wp:attachment":[{"href":"https:\/\/schweizversand.ch\/fr\/wp-json\/wp\/v2\/media?parent=253944"}],"wp:term":[{"taxonomy":"product_brand","embeddable":true,"href":"https:\/\/schweizversand.ch\/fr\/wp-json\/wp\/v2\/product_brand?post=253944"},{"taxonomy":"product_cat","embeddable":true,"href":"https:\/\/schweizversand.ch\/fr\/wp-json\/wp\/v2\/product_cat?post=253944"},{"taxonomy":"product_tag","embeddable":true,"href":"https:\/\/schweizversand.ch\/fr\/wp-json\/wp\/v2\/product_tag?post=253944"}],"curies":[{"name":"wp","href":"https:\/\/api.w.org\/{rel}","templated":true}]}}