{"id":253945,"date":"2026-03-14T23:21:50","date_gmt":"2026-03-14T22:21:50","guid":{"rendered":"https:\/\/schweizversand.ch\/produkt\/playmobil-70709-scooby-doo-abenteuer-mit-black-knight\/"},"modified":"2026-04-19T15:36:03","modified_gmt":"2026-04-19T13:36:03","slug":"playmobil-70709-scooby-doo-abenteuer-mit-black-knight","status":"publish","type":"product","link":"https:\/\/schweizversand.ch\/fr\/produkt\/playmobil-70709-scooby-doo-abenteuer-mit-black-knight\/","title":{"rendered":"Playmobil 70709 SCOOBY-DOO ! Aventures avec le Chevalier Noir"},"content":{"rendered":"<h1><strong>PLAYMOBIL Scooby-Doo ! L&rsquo;aventure avec le Chevalier Noir<\/strong><\/h1>\n<div>Plongez dans une aventure <strong>SCOOBY-DOO<\/strong> palpitante ! Ce coffret <strong>SCOOBY-DOO<\/strong> vous permet de revivre chez vous l&rsquo;affaire classique du myst\u00e9rieux Chevalier Noir. Aidez Scooby-Doo \u00e0 d\u00e9couvrir la v\u00e9ritable identit\u00e9 du sinistre <strong>Chevalier Noir<\/strong>.<\/p>\n<\/div>\n<div><strong>L&rsquo;aventure effrayante de SCOOBY-DOO<\/strong><br \/>\u00c0 la pleine lune, le <strong>Chevalier Noir<\/strong> prend vie dans son armure terrifiante et s\u00e8me le chaos. Scooby-Doo est d\u00e9j\u00e0 \u00e0 la recherche d&rsquo;indices dans les tableaux pour d\u00e9masquer le m\u00e9chant. Gr\u00e2ce \u00e0 la figurine d\u00e9masquable, vous pourrez d\u00e9couvrir la v\u00e9ritable identit\u00e9 du chevalier \u2013 un incontournable pour tous les fans de la c\u00e9l\u00e8bre s\u00e9rie anim\u00e9e. Les secrets de la Carte Fant\u00f4me : Ce coffret inclut une Carte Fant\u00f4me sp\u00e9ciale qui r\u00e9v\u00e8le des informations suppl\u00e9mentaires sur le Chevalier Noir. Pour percer les secrets de la carte, vous aurez besoin du lecteur des ensembles SCOOBY-DOO! Mystery Machine (70286) ou SCOOBY-DOO! Aventures dans la Maison Hant\u00e9e (70361), vendus s\u00e9par\u00e9ment. Agrandissez votre collection et vivez encore plus d&rsquo;aventures <strong>SCOOBY-DOO<\/strong>\u00a0!<\/p>\n<\/div>\n<div><strong>Contenu et d\u00e9tails<\/strong><br \/>&#8211; Comprend Scooby-Doo et la figurine du <strong>Chevalier Noir<\/strong><br \/>&#8211; L&rsquo;armure effrayante du Chevalier<br \/>&#8211; Une <strong>carte fant\u00f4me<\/strong> avec des informations suppl\u00e9mentaires<br \/>&#8211; Accessoires de peinture (28 pi\u00e8ces au total)<br \/>&#8211; Le masque du Chevalier Noir est amovible<\/p>\n<\/div>\n<div>Procurez-vous cet ensemble <strong>PLAYMOBIL Scooby-Doo<\/strong> d\u00e9taill\u00e9 et aidez la bande de Scooby-Doo \u00e0 r\u00e9soudre cette \u00e9nigme classique. Un cadeau id\u00e9al pour les collectionneurs et les jeunes d\u00e9tectives \u00e0 partir de 5 ans.<\/p>\n<\/div>\n<div>\n<\/div>\n","protected":false},"excerpt":{"rendered":"<p>PLAYMOBIL Scooby-Doo ! L&rsquo;aventure avec le Chevalier Noir Plongez dans une aventure SCOOBY-DOO palpitante ! Ce coffret SCOOBY-DOO vous permet de revivre chez vous l&rsquo;affaire classique du myst\u00e9rieux Chevalier Noir. Aidez Scooby-Doo \u00e0 d\u00e9couvrir la v\u00e9ritable identit\u00e9 du sinistre Chevalier Noir. L&rsquo;aventure effrayante de SCOOBY-DOO\u00c0 la pleine lune, le Chevalier Noir prend vie dans son armure terrifiante et s\u00e8me le chaos. Scooby-Doo est d\u00e9j\u00e0 \u00e0 la recherche d&rsquo;indices dans les tableaux pour d\u00e9masquer le m\u00e9chant.&hellip;<\/p>\n","protected":false},"featured_media":165251,"comment_status":"open","ping_status":"closed","template":"","meta":[],"product_brand":[],"product_cat":[38098],"product_tag":[],"class_list":{"0":"post-253945","1":"product","2":"type-product","3":"status-publish","4":"has-post-thumbnail","6":"product_cat-figurines-et-poupees","7":"product_shipping_class-global_methods","9":"first","10":"instock","11":"taxable","12":"shipping-taxable","13":"purchasable","14":"product-type-simple"},"yoast_head":"<!-- This site is optimized with the Yoast SEO plugin v27.4 - https:\/\/yoast.com\/product\/yoast-seo-wordpress\/ -->\n<title>Playmobil 70709 SCOOBY-DOO! Abenteuer mit Black Knight | Jetzt kaufen | Schweizversand.ch<\/title>\n<meta name=\"description\" content=\"Playmobil 70709 SCOOBY-DOO! Abenteuer mit Black Knight g\u00fcnstig kaufen bei Schweizversand.ch. Schnelle Lieferung in der Schweiz. Gratisversand ab CHF 50.\" \/>\n<meta name=\"robots\" content=\"index, follow, max-snippet:-1, max-image-preview:large, max-video-preview:-1\" \/>\n<link rel=\"canonical\" href=\"https:\/\/schweizversand.ch\/fr\/produkt\/playmobil-70709-scooby-doo-abenteuer-mit-black-knight\/\" \/>\n<meta property=\"og:locale\" content=\"fr_FR\" \/>\n<meta property=\"og:type\" content=\"article\" \/>\n<meta property=\"og:title\" content=\"Playmobil 70709 SCOOBY-DOO! Abenteuer mit Black Knight | Jetzt kaufen | Schweizversand.ch\" \/>\n<meta property=\"og:description\" content=\"Playmobil 70709 SCOOBY-DOO! Abenteuer mit Black Knight g\u00fcnstig kaufen bei Schweizversand.ch. Schnelle Lieferung in der Schweiz. Gratisversand ab CHF 50.\" \/>\n<meta property=\"og:url\" content=\"https:\/\/schweizversand.ch\/fr\/produkt\/playmobil-70709-scooby-doo-abenteuer-mit-black-knight\/\" \/>\n<meta property=\"og:site_name\" content=\"Schweizer Shop f\u00fcr Sport, Spiel und Freizeit\" \/>\n<meta property=\"article:publisher\" content=\"https:\/\/www.facebook.com\/Schweizversand\" \/>\n<meta property=\"article:modified_time\" content=\"2026-04-19T13:36:03+00:00\" \/>\n<meta property=\"og:image\" content=\"https:\/\/schweizversand.ch\/wp-content\/uploads\/2026\/02\/5471773657.jpg\" \/>\n\t<meta property=\"og:image:width\" content=\"1024\" \/>\n\t<meta property=\"og:image:height\" content=\"1024\" \/>\n\t<meta property=\"og:image:type\" content=\"image\/jpeg\" \/>\n<meta name=\"twitter:card\" content=\"summary_large_image\" \/>\n<meta name=\"twitter:label1\" content=\"Dur\u00e9e de lecture estim\u00e9e\" \/>\n\t<meta name=\"twitter:data1\" content=\"1 minute\" \/>\n<script type=\"application\/ld+json\" class=\"yoast-schema-graph\">{\"@context\":\"https:\\\/\\\/schema.org\",\"@graph\":[{\"@type\":\"WebPage\",\"@id\":\"https:\\\/\\\/schweizversand.ch\\\/fr\\\/produkt\\\/playmobil-70709-scooby-doo-abenteuer-mit-black-knight\\\/\",\"url\":\"https:\\\/\\\/schweizversand.ch\\\/fr\\\/produkt\\\/playmobil-70709-scooby-doo-abenteuer-mit-black-knight\\\/\",\"name\":\"Playmobil 70709 SCOOBY-DOO! Abenteuer mit Black Knight | Jetzt kaufen | Schweizversand.ch\",\"isPartOf\":{\"@id\":\"https:\\\/\\\/schweizversand.ch\\\/fr\\\/#website\"},\"primaryImageOfPage\":{\"@id\":\"https:\\\/\\\/schweizversand.ch\\\/fr\\\/produkt\\\/playmobil-70709-scooby-doo-abenteuer-mit-black-knight\\\/#primaryimage\"},\"image\":{\"@id\":\"https:\\\/\\\/schweizversand.ch\\\/fr\\\/produkt\\\/playmobil-70709-scooby-doo-abenteuer-mit-black-knight\\\/#primaryimage\"},\"thumbnailUrl\":\"https:\\\/\\\/schweizversand.ch\\\/wp-content\\\/uploads\\\/2026\\\/02\\\/5471773657.jpg\",\"datePublished\":\"2026-03-14T22:21:50+00:00\",\"dateModified\":\"2026-04-19T13:36:03+00:00\",\"description\":\"Playmobil 70709 SCOOBY-DOO! Abenteuer mit Black Knight g\u00fcnstig kaufen bei Schweizversand.ch. Schnelle Lieferung in der Schweiz. Gratisversand ab CHF 50.\",\"breadcrumb\":{\"@id\":\"https:\\\/\\\/schweizversand.ch\\\/fr\\\/produkt\\\/playmobil-70709-scooby-doo-abenteuer-mit-black-knight\\\/#breadcrumb\"},\"inLanguage\":\"fr-FR\",\"potentialAction\":[{\"@type\":\"ReadAction\",\"target\":[\"https:\\\/\\\/schweizversand.ch\\\/fr\\\/produkt\\\/playmobil-70709-scooby-doo-abenteuer-mit-black-knight\\\/\"]}]},{\"@type\":\"ImageObject\",\"inLanguage\":\"fr-FR\",\"@id\":\"https:\\\/\\\/schweizversand.ch\\\/fr\\\/produkt\\\/playmobil-70709-scooby-doo-abenteuer-mit-black-knight\\\/#primaryimage\",\"url\":\"https:\\\/\\\/schweizversand.ch\\\/wp-content\\\/uploads\\\/2026\\\/02\\\/5471773657.jpg\",\"contentUrl\":\"https:\\\/\\\/schweizversand.ch\\\/wp-content\\\/uploads\\\/2026\\\/02\\\/5471773657.jpg\",\"width\":1024,\"height\":1024},{\"@type\":\"BreadcrumbList\",\"@id\":\"https:\\\/\\\/schweizversand.ch\\\/fr\\\/produkt\\\/playmobil-70709-scooby-doo-abenteuer-mit-black-knight\\\/#breadcrumb\",\"itemListElement\":[{\"@type\":\"ListItem\",\"position\":1,\"name\":\"Startseite\",\"item\":\"https:\\\/\\\/schweizversand.ch\\\/fr\\\/home\\\/\"},{\"@type\":\"ListItem\",\"position\":2,\"name\":\"Boutique\",\"item\":\"https:\\\/\\\/schweizversand.ch\\\/fr\\\/boutique\\\/\"},{\"@type\":\"ListItem\",\"position\":3,\"name\":\"Jouets et jeux\",\"item\":\"https:\\\/\\\/schweizversand.ch\\\/fr\\\/produkt-kategorie\\\/jouets-et-jeux\\\/\"},{\"@type\":\"ListItem\",\"position\":4,\"name\":\"Figurines et poup\u00e9es\",\"item\":\"https:\\\/\\\/schweizversand.ch\\\/fr\\\/produkt-kategorie\\\/jouets-et-jeux\\\/figurines-et-poupees\\\/\"},{\"@type\":\"ListItem\",\"position\":5,\"name\":\"Playmobil 70709 SCOOBY-DOO ! Aventures avec le Chevalier Noir\"}]},{\"@type\":\"WebSite\",\"@id\":\"https:\\\/\\\/schweizversand.ch\\\/fr\\\/#website\",\"url\":\"https:\\\/\\\/schweizversand.ch\\\/fr\\\/\",\"name\":\"Schweizer Shop f\u00fcr Sport, Spiel und Freizeit\",\"description\":\"Gratisversand ab 50.- (netto), ab eigenem schweizer Lager, Lieferung innert 48h\",\"publisher\":{\"@id\":\"https:\\\/\\\/schweizversand.ch\\\/fr\\\/#organization\"},\"alternateName\":\"Schweizversand.ch\",\"potentialAction\":[{\"@type\":\"SearchAction\",\"target\":{\"@type\":\"EntryPoint\",\"urlTemplate\":\"https:\\\/\\\/schweizversand.ch\\\/fr\\\/?s={search_term_string}\"},\"query-input\":{\"@type\":\"PropertyValueSpecification\",\"valueRequired\":true,\"valueName\":\"search_term_string\"}}],\"inLanguage\":\"fr-FR\"},{\"@type\":\"Organization\",\"@id\":\"https:\\\/\\\/schweizversand.ch\\\/fr\\\/#organization\",\"name\":\"Schweizversand.ch\",\"url\":\"https:\\\/\\\/schweizversand.ch\\\/fr\\\/\",\"logo\":{\"@type\":\"ImageObject\",\"inLanguage\":\"fr-FR\",\"@id\":\"https:\\\/\\\/schweizversand.ch\\\/fr\\\/#\\\/schema\\\/logo\\\/image\\\/\",\"url\":\"https:\\\/\\\/schweizversand.ch\\\/wp-content\\\/uploads\\\/2026\\\/03\\\/Logo_Rund_Final-1.png\",\"contentUrl\":\"https:\\\/\\\/schweizversand.ch\\\/wp-content\\\/uploads\\\/2026\\\/03\\\/Logo_Rund_Final-1.png\",\"width\":404,\"height\":404,\"caption\":\"Schweizversand.ch\"},\"image\":{\"@id\":\"https:\\\/\\\/schweizversand.ch\\\/fr\\\/#\\\/schema\\\/logo\\\/image\\\/\"},\"sameAs\":[\"https:\\\/\\\/www.facebook.com\\\/Schweizversand\",\"https:\\\/\\\/www.instagram.com\\\/schweizversand.ch\\\/\"]}]}<\/script>\n<!-- \/ Yoast SEO plugin. -->","yoast_head_json":{"title":"Playmobil 70709 SCOOBY-DOO! Abenteuer mit Black Knight | Jetzt kaufen | Schweizversand.ch","description":"Playmobil 70709 SCOOBY-DOO! Abenteuer mit Black Knight g\u00fcnstig kaufen bei Schweizversand.ch. Schnelle Lieferung in der Schweiz. Gratisversand ab CHF 50.","robots":{"index":"index","follow":"follow","max-snippet":"max-snippet:-1","max-image-preview":"max-image-preview:large","max-video-preview":"max-video-preview:-1"},"canonical":"https:\/\/schweizversand.ch\/fr\/produkt\/playmobil-70709-scooby-doo-abenteuer-mit-black-knight\/","og_locale":"fr_FR","og_type":"article","og_title":"Playmobil 70709 SCOOBY-DOO! Abenteuer mit Black Knight | Jetzt kaufen | Schweizversand.ch","og_description":"Playmobil 70709 SCOOBY-DOO! Abenteuer mit Black Knight g\u00fcnstig kaufen bei Schweizversand.ch. Schnelle Lieferung in der Schweiz. Gratisversand ab CHF 50.","og_url":"https:\/\/schweizversand.ch\/fr\/produkt\/playmobil-70709-scooby-doo-abenteuer-mit-black-knight\/","og_site_name":"Schweizer Shop f\u00fcr Sport, Spiel und Freizeit","article_publisher":"https:\/\/www.facebook.com\/Schweizversand","article_modified_time":"2026-04-19T13:36:03+00:00","og_image":[{"width":1024,"height":1024,"url":"https:\/\/schweizversand.ch\/wp-content\/uploads\/2026\/02\/5471773657.jpg","type":"image\/jpeg"}],"twitter_card":"summary_large_image","twitter_misc":{"Dur\u00e9e de lecture estim\u00e9e":"1 minute"},"schema":{"@context":"https:\/\/schema.org","@graph":[{"@type":"WebPage","@id":"https:\/\/schweizversand.ch\/fr\/produkt\/playmobil-70709-scooby-doo-abenteuer-mit-black-knight\/","url":"https:\/\/schweizversand.ch\/fr\/produkt\/playmobil-70709-scooby-doo-abenteuer-mit-black-knight\/","name":"Playmobil 70709 SCOOBY-DOO! Abenteuer mit Black Knight | Jetzt kaufen | Schweizversand.ch","isPartOf":{"@id":"https:\/\/schweizversand.ch\/fr\/#website"},"primaryImageOfPage":{"@id":"https:\/\/schweizversand.ch\/fr\/produkt\/playmobil-70709-scooby-doo-abenteuer-mit-black-knight\/#primaryimage"},"image":{"@id":"https:\/\/schweizversand.ch\/fr\/produkt\/playmobil-70709-scooby-doo-abenteuer-mit-black-knight\/#primaryimage"},"thumbnailUrl":"https:\/\/schweizversand.ch\/wp-content\/uploads\/2026\/02\/5471773657.jpg","datePublished":"2026-03-14T22:21:50+00:00","dateModified":"2026-04-19T13:36:03+00:00","description":"Playmobil 70709 SCOOBY-DOO! Abenteuer mit Black Knight g\u00fcnstig kaufen bei Schweizversand.ch. Schnelle Lieferung in der Schweiz. Gratisversand ab CHF 50.","breadcrumb":{"@id":"https:\/\/schweizversand.ch\/fr\/produkt\/playmobil-70709-scooby-doo-abenteuer-mit-black-knight\/#breadcrumb"},"inLanguage":"fr-FR","potentialAction":[{"@type":"ReadAction","target":["https:\/\/schweizversand.ch\/fr\/produkt\/playmobil-70709-scooby-doo-abenteuer-mit-black-knight\/"]}]},{"@type":"ImageObject","inLanguage":"fr-FR","@id":"https:\/\/schweizversand.ch\/fr\/produkt\/playmobil-70709-scooby-doo-abenteuer-mit-black-knight\/#primaryimage","url":"https:\/\/schweizversand.ch\/wp-content\/uploads\/2026\/02\/5471773657.jpg","contentUrl":"https:\/\/schweizversand.ch\/wp-content\/uploads\/2026\/02\/5471773657.jpg","width":1024,"height":1024},{"@type":"BreadcrumbList","@id":"https:\/\/schweizversand.ch\/fr\/produkt\/playmobil-70709-scooby-doo-abenteuer-mit-black-knight\/#breadcrumb","itemListElement":[{"@type":"ListItem","position":1,"name":"Startseite","item":"https:\/\/schweizversand.ch\/fr\/home\/"},{"@type":"ListItem","position":2,"name":"Boutique","item":"https:\/\/schweizversand.ch\/fr\/boutique\/"},{"@type":"ListItem","position":3,"name":"Jouets et jeux","item":"https:\/\/schweizversand.ch\/fr\/produkt-kategorie\/jouets-et-jeux\/"},{"@type":"ListItem","position":4,"name":"Figurines et poup\u00e9es","item":"https:\/\/schweizversand.ch\/fr\/produkt-kategorie\/jouets-et-jeux\/figurines-et-poupees\/"},{"@type":"ListItem","position":5,"name":"Playmobil 70709 SCOOBY-DOO ! Aventures avec le Chevalier Noir"}]},{"@type":"WebSite","@id":"https:\/\/schweizversand.ch\/fr\/#website","url":"https:\/\/schweizversand.ch\/fr\/","name":"Schweizer Shop f\u00fcr Sport, Spiel und Freizeit","description":"Gratisversand ab 50.- (netto), ab eigenem schweizer Lager, Lieferung innert 48h","publisher":{"@id":"https:\/\/schweizversand.ch\/fr\/#organization"},"alternateName":"Schweizversand.ch","potentialAction":[{"@type":"SearchAction","target":{"@type":"EntryPoint","urlTemplate":"https:\/\/schweizversand.ch\/fr\/?s={search_term_string}"},"query-input":{"@type":"PropertyValueSpecification","valueRequired":true,"valueName":"search_term_string"}}],"inLanguage":"fr-FR"},{"@type":"Organization","@id":"https:\/\/schweizversand.ch\/fr\/#organization","name":"Schweizversand.ch","url":"https:\/\/schweizversand.ch\/fr\/","logo":{"@type":"ImageObject","inLanguage":"fr-FR","@id":"https:\/\/schweizversand.ch\/fr\/#\/schema\/logo\/image\/","url":"https:\/\/schweizversand.ch\/wp-content\/uploads\/2026\/03\/Logo_Rund_Final-1.png","contentUrl":"https:\/\/schweizversand.ch\/wp-content\/uploads\/2026\/03\/Logo_Rund_Final-1.png","width":404,"height":404,"caption":"Schweizversand.ch"},"image":{"@id":"https:\/\/schweizversand.ch\/fr\/#\/schema\/logo\/image\/"},"sameAs":["https:\/\/www.facebook.com\/Schweizversand","https:\/\/www.instagram.com\/schweizversand.ch\/"]}]}},"jetpack_sharing_enabled":true,"_links":{"self":[{"href":"https:\/\/schweizversand.ch\/fr\/wp-json\/wp\/v2\/product\/253945","targetHints":{"allow":["GET"]}}],"collection":[{"href":"https:\/\/schweizversand.ch\/fr\/wp-json\/wp\/v2\/product"}],"about":[{"href":"https:\/\/schweizversand.ch\/fr\/wp-json\/wp\/v2\/types\/product"}],"replies":[{"embeddable":true,"href":"https:\/\/schweizversand.ch\/fr\/wp-json\/wp\/v2\/comments?post=253945"}],"wp:featuredmedia":[{"embeddable":true,"href":"https:\/\/schweizversand.ch\/fr\/wp-json\/wp\/v2\/media\/165251"}],"wp:attachment":[{"href":"https:\/\/schweizversand.ch\/fr\/wp-json\/wp\/v2\/media?parent=253945"}],"wp:term":[{"taxonomy":"product_brand","embeddable":true,"href":"https:\/\/schweizversand.ch\/fr\/wp-json\/wp\/v2\/product_brand?post=253945"},{"taxonomy":"product_cat","embeddable":true,"href":"https:\/\/schweizversand.ch\/fr\/wp-json\/wp\/v2\/product_cat?post=253945"},{"taxonomy":"product_tag","embeddable":true,"href":"https:\/\/schweizversand.ch\/fr\/wp-json\/wp\/v2\/product_tag?post=253945"}],"curies":[{"name":"wp","href":"https:\/\/api.w.org\/{rel}","templated":true}]}}